{"id":99521,"date":"2025-06-12T11:07:31","date_gmt":"2025-06-12T09:07:31","guid":{"rendered":"https:\/\/activeluxe-cosmetics.com\/sl\/?post_type=product&#038;p=99521"},"modified":"2026-04-16T16:30:44","modified_gmt":"2026-04-16T14:30:44","slug":"suho-olje-za-soncenje-jogurt-za-telo","status":"publish","type":"product","link":"https:\/\/activeluxe-cosmetics.com\/sl\/izdelek\/suho-olje-za-soncenje-jogurt-za-telo\/","title":{"rendered":"Sun Glow Affair: suho olje za son\u010denje + jogurt za telo"},"content":{"rendered":"<h2><strong><img loading=\"lazy\" decoding=\"async\" class=\" wp-image-100787 alignright\" src=\"https:\/\/cdn.activeluxe-cosmetics.com\/sl\/wp-content\/uploads\/2025\/06\/17153809\/tanning_shimmer_oil_activeluxe-460x575.png\" alt=\"\" width=\"430\" height=\"538\" srcset=\"https:\/\/cdn.activeluxe-cosmetics.com\/sl\/wp-content\/uploads\/2025\/06\/17153809\/tanning_shimmer_oil_activeluxe-460x575.png 460w, https:\/\/cdn.activeluxe-cosmetics.com\/sl\/wp-content\/uploads\/2025\/06\/17153809\/tanning_shimmer_oil_activeluxe-819x1024.png 819w, https:\/\/cdn.activeluxe-cosmetics.com\/sl\/wp-content\/uploads\/2025\/06\/17153809\/tanning_shimmer_oil_activeluxe-768x960.png 768w, https:\/\/cdn.activeluxe-cosmetics.com\/sl\/wp-content\/uploads\/2025\/06\/17153809\/tanning_shimmer_oil_activeluxe-600x750.png 600w, https:\/\/cdn.activeluxe-cosmetics.com\/sl\/wp-content\/uploads\/2025\/06\/17153809\/tanning_shimmer_oil_activeluxe.png 1080w\" sizes=\"auto, (max-width: 430px) 100vw, 430px\" \/><\/strong><\/h2>\n<h2>Poletni duo, <strong>narejen samo za tvojo ko\u017eo!<\/strong><\/h2>\n<p>Si predstavlja\u0161, da <strong>le z nekaj minutami son\u010denja<\/strong> (brez nezdravega dolgotrajnega izpostavljanja soncu) dobi\u0161<strong> \u010dudovito bronze ko\u017eo <\/strong>in da lahko <strong>poletno<\/strong> <strong>porjavelost ohranja\u0161 <\/strong>\u0161e dolgo v hladne jesenske dni?<\/p>\n<p>Vse to ti omogo\u010dajo na\u0161i Active Luxe premium izdelki za son\u010denje z <strong>omamnim vonjem po slastnem poletnem koktejlu!<\/strong><\/p>\n<p>Na\u0161<strong> summer ying &amp; yang<\/strong> paket vsebuje:<\/p>\n<ul>\n<li><strong>Tanning Shimmer Oil<\/strong> <strong>(120 ml)<\/strong> &#8211; suho olje za hitro porjavitev z ble\u0161\u010dicami ali<\/li>\n<li><strong>Anti-age Tanning Oil<\/strong> <strong>(120 ml)<\/strong> &#8211; suho olje za hitro porjavitev z anti-age u\u010dikom ter<\/li>\n<li><strong>Premium After Sun Body Yogurt<\/strong> <strong>(110 g)<\/strong> &#8211; hladilni jogurt za telo po son\u010denju.<\/li>\n<\/ul>\n<p>Izdelki se nahajajo v <strong>novem<\/strong>, <strong>premium pakiranju<\/strong> s pr\u0161ilko in pumpico, ki omogo\u010dajo extra enostaven nanos.<\/p>\n<p>\u010ce \u017eeli\u0161 <strong>intenzivno<\/strong> in <strong>dolgotrajno porjavitev<\/strong> ter <strong>negovano<\/strong>, <strong>zdravo<\/strong> in <strong>mehko ko\u017eo<\/strong>, potem je na\u0161 poletni par\u010dek <strong>prava izbira zate<\/strong>!<\/p>\n<h2><\/h2>\n<h2><\/h2>\n<p>&nbsp;<\/p>\n<h2><\/h2>\n<p>&nbsp;<\/p>\n<p>&nbsp;<\/p>\n<p>&nbsp;<\/p>\n<h2><strong><img loading=\"lazy\" decoding=\"async\" class=\" wp-image-100247 alignleft\" src=\"https:\/\/cdn.activeluxe-cosmetics.com\/sl\/wp-content\/uploads\/2025\/07\/02105018\/antiage_tanning_oil_kaja-460x575.png\" alt=\"Active Luxe anti-age suho olje za porjavitev\" width=\"430\" height=\"538\" srcset=\"https:\/\/cdn.activeluxe-cosmetics.com\/sl\/wp-content\/uploads\/2025\/07\/02105018\/antiage_tanning_oil_kaja-460x575.png 460w, https:\/\/cdn.activeluxe-cosmetics.com\/sl\/wp-content\/uploads\/2025\/07\/02105018\/antiage_tanning_oil_kaja-819x1024.png 819w, https:\/\/cdn.activeluxe-cosmetics.com\/sl\/wp-content\/uploads\/2025\/07\/02105018\/antiage_tanning_oil_kaja-768x960.png 768w, https:\/\/cdn.activeluxe-cosmetics.com\/sl\/wp-content\/uploads\/2025\/07\/02105018\/antiage_tanning_oil_kaja-600x750.png 600w, https:\/\/cdn.activeluxe-cosmetics.com\/sl\/wp-content\/uploads\/2025\/07\/02105018\/antiage_tanning_oil_kaja.png 1080w\" sizes=\"auto, (max-width: 430px) 100vw, 430px\" \/>\u010cokoladna bronze ko\u017ea<\/strong>, ki bo to poletje tvoj najlep\u0161i okras<\/h2>\n<p>S svojimi bogatimi sestavinami bo suho olje za son\u010denje extra hitro spodbudil temni pigment v tvoji ko\u017ei:<\/p>\n<ul>\n<li><strong>Koren\u010dkovo olje: <\/strong>bogato z beta karotenom, ki je eden najbolj\u0161ih naravnih aktivatorjev temne ko\u017ee<\/li>\n<li><strong>Orehovo olje: <\/strong>pospe\u0161uje sintezo pigmenta melanina v ko\u017ei<\/li>\n<li><strong>Kokosovo olje:<\/strong> skrbi za bogato hidracijo, ki \u0161\u010diti ko\u017eo pred izsu\u0161itvijo na soncu<\/li>\n<li><strong>Jojobino olje: <\/strong>ohranja vla\u017enost ko\u017ee in jo meh\u010da<\/li>\n<\/ul>\n<p><a href=\"https:\/\/activeluxe-cosmetics.com\/sl\/izdelek\/suho-olje-z-blescicami-za-hitro-porjavitev-na-soncu\/\">Suho olje z ble\u0161\u010dicami<\/a> na ko\u017ei pusti <strong>osupljiv<\/strong> in<strong> dolgotrajen glow efekt<\/strong>, <strong>izvle\u010dka kakava<\/strong>\u00a0in\u00a0<strong>pomaran\u010de<\/strong> pa na ko\u017ei pu\u0161\u010data <strong>omamen von<\/strong>j, ki se mu enostavne\u0161 ne more\u0161 upreti! \u017de ob prvem nanosu bo suho olje vidno spremenilo tvojo ko\u017eo &#8211; ta bo kar <strong>3x temnej\u0161a<\/strong>! <a href=\"https:\/\/activeluxe-cosmetics.com\/sl\/izdelek\/anti-age-suho-olje-za-soncenje\/\">Anti-age suho olje<\/a> za son\u010denje pa je obogateno z dodatnimi <strong>anti-age peptidi<\/strong>\u00a0in\u00a0<strong>antioksidanti, <\/strong>ki delujejo proti prezgodnjemu staranju ko\u017ee, gladijo njeno teksturo in izbolj\u0161ujejo njeno elasti\u010dnost.<\/p>\n<p>Z pogostim nanosom na morju, bazenu oz. kadarkoli bo\u0161 izpostavljena soncu, se bo tvoj temni pigment <strong>aktiviral do maximuma<\/strong>.<\/p>\n<h2><\/h2>\n<h2><\/h2>\n<h2><\/h2>\n<h2><\/h2>\n<p>&nbsp;<\/p>\n<h2><strong><img loading=\"lazy\" decoding=\"async\" class=\" wp-image-100775 alignright\" src=\"https:\/\/cdn.activeluxe-cosmetics.com\/sl\/wp-content\/uploads\/2025\/07\/17144733\/activeluxe_aftersun_body_jogurt-460x575.png\" alt=\"Active Luxe hladilni jogurt za telo\" width=\"430\" height=\"538\" srcset=\"https:\/\/cdn.activeluxe-cosmetics.com\/sl\/wp-content\/uploads\/2025\/07\/17144733\/activeluxe_aftersun_body_jogurt-460x575.png 460w, https:\/\/cdn.activeluxe-cosmetics.com\/sl\/wp-content\/uploads\/2025\/07\/17144733\/activeluxe_aftersun_body_jogurt-819x1024.png 819w, https:\/\/cdn.activeluxe-cosmetics.com\/sl\/wp-content\/uploads\/2025\/07\/17144733\/activeluxe_aftersun_body_jogurt-768x960.png 768w, https:\/\/cdn.activeluxe-cosmetics.com\/sl\/wp-content\/uploads\/2025\/07\/17144733\/activeluxe_aftersun_body_jogurt-600x750.png 600w, https:\/\/cdn.activeluxe-cosmetics.com\/sl\/wp-content\/uploads\/2025\/07\/17144733\/activeluxe_aftersun_body_jogurt.png 1080w\" sizes=\"auto, (max-width: 430px) 100vw, 430px\" \/>Vla\u017eenje<\/strong>, ki ko\u017ei tako prija!<\/h2>\n<p>Kot pravi jogurt, samo<strong>\u00a0\u0161e bolj\u0161i<\/strong>\u00a0in\u00a0<strong>omamno lepega vonja<\/strong>\u00a0po vaniliji, kokosu in sladkih pomaran\u010dah.<\/p>\n<p>Za ohranitev zdrave, porjavele in sijo\u010de ko\u017ee poleti je potrebno <strong>obilno vla\u017eenje<\/strong>. Sonce, morska sol in klor ko\u017eo izsu\u0161ijo, zato je izjemno pomembno, da ji po son\u010denju nudimo\u00a0<strong>kakovostno nego<\/strong>.<\/p>\n<p>Active Luxe suha olja za hitro porjavitev na soncu bosta poskrbela za popoln bronze odtenek ko\u017ee, z rednim nana\u0161anjem jogurta po tu\u0161iranju pa bo ta <strong>podalj\u0161eval porjavelost<\/strong>\u00a0ko\u017ee ter jo ohranjal <strong>mehko<\/strong> in <strong>navla\u017eeno<\/strong>.<\/p>\n<p>&nbsp;<\/p>\n<p>Premium After Sun Body Yogurt je<strong>\u00a0vse, kar potrebuje tvoja temna, zagorela ko\u017ea<\/strong>:<\/p>\n<ul>\n<li>Pomirja ko\u017eo po son\u010denju<\/li>\n<li>Hladi ko\u017eo<\/li>\n<li>Aloe vera globinsko vla\u017ei ko\u017eo<\/li>\n<li>Meh\u010da ko\u017eo<\/li>\n<\/ul>\n<p>&nbsp;<\/p>\n","protected":false},"excerpt":{"rendered":"<p>Suho olje za son\u010denje in hladilni jogurt za po son\u010denju. Izbira\u0161 lahko med oljem z ble\u0161\u010dicami ali oljem z anti-age u\u010dinkom.<\/p>\n","protected":false},"featured_media":99537,"comment_status":"open","ping_status":"closed","template":"","meta":[],"product_brand":[],"product_cat":[82],"product_tag":[],"class_list":{"0":"post-99521","1":"product","2":"type-product","3":"status-publish","4":"has-post-thumbnail","6":"product_cat-izdelki-za-soncenje","8":"first","9":"instock","10":"sale","11":"taxable","12":"shipping-taxable","13":"purchasable","14":"product-type-variable"},"bundled_by":[],"bundle_stock_status":"instock","bundle_stock_quantity":null,"bundle_virtual":false,"bundle_layout":"","bundle_add_to_cart_form_location":"","bundle_editable_in_cart":false,"bundle_sold_individually_context":"","bundle_item_grouping":"","bundle_min_size":"","bundle_max_size":"","bundle_price":[],"bundled_items":[],"bundle_sell_ids":[],"acf":[],"yoast_head":"<!-- This site is optimized with the Yoast SEO plugin v26.6 - https:\/\/yoast.com\/wordpress\/plugins\/seo\/ -->\n<title>Suho olje za son\u010denje in hladilni jogurt - Active Luxe Cosmetics<\/title>\n<meta name=\"description\" content=\"Suho olje za hitro porjavitev na soncu z ble\u0161\u010dicami, suho olje za hitro porjavitev z anti-age u\u010dikom ter hladilni jogurt za telo po son\u010denju.\" \/>\n<meta name=\"robots\" content=\"index, follow, max-snippet:-1, max-image-preview:large, max-video-preview:-1\" \/>\n<link rel=\"canonical\" href=\"https:\/\/activeluxe-cosmetics.com\/sl\/izdelek\/suho-olje-za-soncenje-jogurt-za-telo\/\" \/>\n<meta property=\"og:locale\" content=\"sl_SI\" \/>\n<meta property=\"og:type\" content=\"article\" \/>\n<meta property=\"og:title\" content=\"Suho olje za son\u010denje in hladilni jogurt - Active Luxe Cosmetics\" \/>\n<meta property=\"og:description\" content=\"Suho olje za hitro porjavitev na soncu z ble\u0161\u010dicami, suho olje za hitro porjavitev z anti-age u\u010dikom ter hladilni jogurt za telo po son\u010denju.\" \/>\n<meta property=\"og:url\" content=\"https:\/\/activeluxe-cosmetics.com\/sl\/izdelek\/suho-olje-za-soncenje-jogurt-za-telo\/\" \/>\n<meta property=\"og:site_name\" content=\"Active Luxe Cosmetics\" \/>\n<meta property=\"article:modified_time\" content=\"2026-04-16T14:30:44+00:00\" \/>\n<meta property=\"og:image\" content=\"https:\/\/cdn.activeluxe-cosmetics.com\/sl\/wp-content\/uploads\/2025\/06\/12141407\/shimmer-tanning-yogurt.jpg\" \/>\n\t<meta property=\"og:image:width\" content=\"1104\" \/>\n\t<meta property=\"og:image:height\" content=\"1326\" \/>\n\t<meta property=\"og:image:type\" content=\"image\/jpeg\" \/>\n<meta name=\"twitter:card\" content=\"summary_large_image\" \/>\n<meta name=\"twitter:label1\" content=\"Est. reading time\" \/>\n\t<meta name=\"twitter:data1\" content=\"4 minute\" \/>\n<script type=\"application\/ld+json\" class=\"yoast-schema-graph\">{\"@context\":\"https:\/\/schema.org\",\"@graph\":[{\"@type\":\"WebPage\",\"@id\":\"https:\/\/activeluxe-cosmetics.com\/sl\/izdelek\/suho-olje-za-soncenje-jogurt-za-telo\/\",\"url\":\"https:\/\/activeluxe-cosmetics.com\/sl\/izdelek\/suho-olje-za-soncenje-jogurt-za-telo\/\",\"name\":\"Suho olje za son\u010denje in hladilni jogurt - Active Luxe Cosmetics\",\"isPartOf\":{\"@id\":\"https:\/\/activeluxe-cosmetics.com\/sl\/#website\"},\"primaryImageOfPage\":{\"@id\":\"https:\/\/activeluxe-cosmetics.com\/sl\/izdelek\/suho-olje-za-soncenje-jogurt-za-telo\/#primaryimage\"},\"image\":{\"@id\":\"https:\/\/activeluxe-cosmetics.com\/sl\/izdelek\/suho-olje-za-soncenje-jogurt-za-telo\/#primaryimage\"},\"thumbnailUrl\":\"https:\/\/cdn.activeluxe-cosmetics.com\/sl\/wp-content\/uploads\/2025\/06\/12141407\/shimmer-tanning-yogurt.jpg\",\"datePublished\":\"2025-06-12T09:07:31+00:00\",\"dateModified\":\"2026-04-16T14:30:44+00:00\",\"description\":\"Suho olje za hitro porjavitev na soncu z ble\u0161\u010dicami, suho olje za hitro porjavitev z anti-age u\u010dikom ter hladilni jogurt za telo po son\u010denju.\",\"breadcrumb\":{\"@id\":\"https:\/\/activeluxe-cosmetics.com\/sl\/izdelek\/suho-olje-za-soncenje-jogurt-za-telo\/#breadcrumb\"},\"inLanguage\":\"sl-SI\",\"potentialAction\":[{\"@type\":\"ReadAction\",\"target\":[\"https:\/\/activeluxe-cosmetics.com\/sl\/izdelek\/suho-olje-za-soncenje-jogurt-za-telo\/\"]}]},{\"@type\":\"ImageObject\",\"inLanguage\":\"sl-SI\",\"@id\":\"https:\/\/activeluxe-cosmetics.com\/sl\/izdelek\/suho-olje-za-soncenje-jogurt-za-telo\/#primaryimage\",\"url\":\"https:\/\/cdn.activeluxe-cosmetics.com\/sl\/wp-content\/uploads\/2025\/06\/12141407\/shimmer-tanning-yogurt.jpg\",\"contentUrl\":\"https:\/\/cdn.activeluxe-cosmetics.com\/sl\/wp-content\/uploads\/2025\/06\/12141407\/shimmer-tanning-yogurt.jpg\",\"width\":1104,\"height\":1326,\"caption\":\"Suho olje z ble\u0161\u010dicami za son\u010denje in hladilni jogurt za po son\u010denju\"},{\"@type\":\"BreadcrumbList\",\"@id\":\"https:\/\/activeluxe-cosmetics.com\/sl\/izdelek\/suho-olje-za-soncenje-jogurt-za-telo\/#breadcrumb\",\"itemListElement\":[{\"@type\":\"ListItem\",\"position\":1,\"name\":\"Naslovnica\",\"item\":\"https:\/\/activeluxe-cosmetics.com\/sl\/\"},{\"@type\":\"ListItem\",\"position\":2,\"name\":\"Trgovina\",\"item\":\"https:\/\/activeluxe-cosmetics.com\/sl\/trgovina\/\"},{\"@type\":\"ListItem\",\"position\":3,\"name\":\"Sun Glow Affair: suho olje za son\u010denje + jogurt za telo\"}]},{\"@type\":\"WebSite\",\"@id\":\"https:\/\/activeluxe-cosmetics.com\/sl\/#website\",\"url\":\"https:\/\/activeluxe-cosmetics.com\/sl\/\",\"name\":\"Active Luxe Cosmetics\",\"description\":\"\",\"potentialAction\":[{\"@type\":\"SearchAction\",\"target\":{\"@type\":\"EntryPoint\",\"urlTemplate\":\"https:\/\/activeluxe-cosmetics.com\/sl\/?s={search_term_string}\"},\"query-input\":{\"@type\":\"PropertyValueSpecification\",\"valueRequired\":true,\"valueName\":\"search_term_string\"}}],\"inLanguage\":\"sl-SI\"}]}<\/script>\n<!-- \/ Yoast SEO plugin. -->","yoast_head_json":{"title":"Suho olje za son\u010denje in hladilni jogurt - Active Luxe Cosmetics","description":"Suho olje za hitro porjavitev na soncu z ble\u0161\u010dicami, suho olje za hitro porjavitev z anti-age u\u010dikom ter hladilni jogurt za telo po son\u010denju.","robots":{"index":"index","follow":"follow","max-snippet":"max-snippet:-1","max-image-preview":"max-image-preview:large","max-video-preview":"max-video-preview:-1"},"canonical":"https:\/\/activeluxe-cosmetics.com\/sl\/izdelek\/suho-olje-za-soncenje-jogurt-za-telo\/","og_locale":"sl_SI","og_type":"article","og_title":"Suho olje za son\u010denje in hladilni jogurt - Active Luxe Cosmetics","og_description":"Suho olje za hitro porjavitev na soncu z ble\u0161\u010dicami, suho olje za hitro porjavitev z anti-age u\u010dikom ter hladilni jogurt za telo po son\u010denju.","og_url":"https:\/\/activeluxe-cosmetics.com\/sl\/izdelek\/suho-olje-za-soncenje-jogurt-za-telo\/","og_site_name":"Active Luxe Cosmetics","article_modified_time":"2026-04-16T14:30:44+00:00","og_image":[{"width":1104,"height":1326,"url":"https:\/\/cdn.activeluxe-cosmetics.com\/sl\/wp-content\/uploads\/2025\/06\/12141407\/shimmer-tanning-yogurt.jpg","type":"image\/jpeg"}],"twitter_card":"summary_large_image","twitter_misc":{"Est. reading time":"4 minute"},"schema":{"@context":"https:\/\/schema.org","@graph":[{"@type":"WebPage","@id":"https:\/\/activeluxe-cosmetics.com\/sl\/izdelek\/suho-olje-za-soncenje-jogurt-za-telo\/","url":"https:\/\/activeluxe-cosmetics.com\/sl\/izdelek\/suho-olje-za-soncenje-jogurt-za-telo\/","name":"Suho olje za son\u010denje in hladilni jogurt - Active Luxe Cosmetics","isPartOf":{"@id":"https:\/\/activeluxe-cosmetics.com\/sl\/#website"},"primaryImageOfPage":{"@id":"https:\/\/activeluxe-cosmetics.com\/sl\/izdelek\/suho-olje-za-soncenje-jogurt-za-telo\/#primaryimage"},"image":{"@id":"https:\/\/activeluxe-cosmetics.com\/sl\/izdelek\/suho-olje-za-soncenje-jogurt-za-telo\/#primaryimage"},"thumbnailUrl":"https:\/\/cdn.activeluxe-cosmetics.com\/sl\/wp-content\/uploads\/2025\/06\/12141407\/shimmer-tanning-yogurt.jpg","datePublished":"2025-06-12T09:07:31+00:00","dateModified":"2026-04-16T14:30:44+00:00","description":"Suho olje za hitro porjavitev na soncu z ble\u0161\u010dicami, suho olje za hitro porjavitev z anti-age u\u010dikom ter hladilni jogurt za telo po son\u010denju.","breadcrumb":{"@id":"https:\/\/activeluxe-cosmetics.com\/sl\/izdelek\/suho-olje-za-soncenje-jogurt-za-telo\/#breadcrumb"},"inLanguage":"sl-SI","potentialAction":[{"@type":"ReadAction","target":["https:\/\/activeluxe-cosmetics.com\/sl\/izdelek\/suho-olje-za-soncenje-jogurt-za-telo\/"]}]},{"@type":"ImageObject","inLanguage":"sl-SI","@id":"https:\/\/activeluxe-cosmetics.com\/sl\/izdelek\/suho-olje-za-soncenje-jogurt-za-telo\/#primaryimage","url":"https:\/\/cdn.activeluxe-cosmetics.com\/sl\/wp-content\/uploads\/2025\/06\/12141407\/shimmer-tanning-yogurt.jpg","contentUrl":"https:\/\/cdn.activeluxe-cosmetics.com\/sl\/wp-content\/uploads\/2025\/06\/12141407\/shimmer-tanning-yogurt.jpg","width":1104,"height":1326,"caption":"Suho olje z ble\u0161\u010dicami za son\u010denje in hladilni jogurt za po son\u010denju"},{"@type":"BreadcrumbList","@id":"https:\/\/activeluxe-cosmetics.com\/sl\/izdelek\/suho-olje-za-soncenje-jogurt-za-telo\/#breadcrumb","itemListElement":[{"@type":"ListItem","position":1,"name":"Naslovnica","item":"https:\/\/activeluxe-cosmetics.com\/sl\/"},{"@type":"ListItem","position":2,"name":"Trgovina","item":"https:\/\/activeluxe-cosmetics.com\/sl\/trgovina\/"},{"@type":"ListItem","position":3,"name":"Sun Glow Affair: suho olje za son\u010denje + jogurt za telo"}]},{"@type":"WebSite","@id":"https:\/\/activeluxe-cosmetics.com\/sl\/#website","url":"https:\/\/activeluxe-cosmetics.com\/sl\/","name":"Active Luxe Cosmetics","description":"","potentialAction":[{"@type":"SearchAction","target":{"@type":"EntryPoint","urlTemplate":"https:\/\/activeluxe-cosmetics.com\/sl\/?s={search_term_string}"},"query-input":{"@type":"PropertyValueSpecification","valueRequired":true,"valueName":"search_term_string"}}],"inLanguage":"sl-SI"}]}},"_links":{"self":[{"href":"https:\/\/activeluxe-cosmetics.com\/sl\/wp-json\/wp\/v2\/product\/99521","targetHints":{"allow":["GET"]}}],"collection":[{"href":"https:\/\/activeluxe-cosmetics.com\/sl\/wp-json\/wp\/v2\/product"}],"about":[{"href":"https:\/\/activeluxe-cosmetics.com\/sl\/wp-json\/wp\/v2\/types\/product"}],"replies":[{"embeddable":true,"href":"https:\/\/activeluxe-cosmetics.com\/sl\/wp-json\/wp\/v2\/comments?post=99521"}],"wp:featuredmedia":[{"embeddable":true,"href":"https:\/\/activeluxe-cosmetics.com\/sl\/wp-json\/wp\/v2\/media\/99537"}],"wp:attachment":[{"href":"https:\/\/activeluxe-cosmetics.com\/sl\/wp-json\/wp\/v2\/media?parent=99521"}],"wp:term":[{"taxonomy":"product_brand","embeddable":true,"href":"https:\/\/activeluxe-cosmetics.com\/sl\/wp-json\/wp\/v2\/product_brand?post=99521"},{"taxonomy":"product_cat","embeddable":true,"href":"https:\/\/activeluxe-cosmetics.com\/sl\/wp-json\/wp\/v2\/product_cat?post=99521"},{"taxonomy":"product_tag","embeddable":true,"href":"https:\/\/activeluxe-cosmetics.com\/sl\/wp-json\/wp\/v2\/product_tag?post=99521"}],"curies":[{"name":"wp","href":"https:\/\/api.w.org\/{rel}","templated":true}]}}