{"id":99515,"date":"2025-06-12T10:38:33","date_gmt":"2025-06-12T08:38:33","guid":{"rendered":"https:\/\/activeluxe-cosmetics.com\/sl\/?post_type=product&#038;p=99515"},"modified":"2026-04-16T16:30:27","modified_gmt":"2026-04-16T14:30:27","slug":"suho-olje-z-blescicami-za-hitro-porjavitev-na-soncu","status":"publish","type":"product","link":"https:\/\/activeluxe-cosmetics.com\/sl\/izdelek\/suho-olje-z-blescicami-za-hitro-porjavitev-na-soncu\/","title":{"rendered":"Suho olje z ble\u0161\u010dicami za hitro porjavitev na soncu"},"content":{"rendered":"<h2><strong><img loading=\"lazy\" decoding=\"async\" class=\" wp-image-83752 alignright\" src=\"https:\/\/cdn.activeluxe-cosmetics.com\/sl\/wp-content\/uploads\/2024\/05\/03105641\/Izdelek-brez-naslova-7-460x575.png\" alt=\"\" width=\"453\" height=\"566\" srcset=\"https:\/\/cdn.activeluxe-cosmetics.com\/sl\/wp-content\/uploads\/2024\/05\/03105641\/Izdelek-brez-naslova-7-460x575.png 460w, https:\/\/cdn.activeluxe-cosmetics.com\/sl\/wp-content\/uploads\/2024\/05\/03105641\/Izdelek-brez-naslova-7-819x1024.png 819w, https:\/\/cdn.activeluxe-cosmetics.com\/sl\/wp-content\/uploads\/2024\/05\/03105641\/Izdelek-brez-naslova-7-768x960.png 768w, https:\/\/cdn.activeluxe-cosmetics.com\/sl\/wp-content\/uploads\/2024\/05\/03105641\/Izdelek-brez-naslova-7-600x750.png 600w, https:\/\/cdn.activeluxe-cosmetics.com\/sl\/wp-content\/uploads\/2024\/05\/03105641\/Izdelek-brez-naslova-7.png 1080w\" sizes=\"auto, (max-width: 453px) 100vw, 453px\" \/><\/strong>Suho olje &#8211; <strong>\u0161e la\u017eji na\u010din za extra hitro porjavitev<\/strong><\/h2>\n<p>Po<strong> Premium \u010dokoladni marmeladi<\/strong>, ki je s svojim izjemnim vonjem in teksturo navdu\u0161ila mnoge \u017eenske ter jim omogo\u010dila globoko porjavelo polt \u0161e pozno v jesen, smo v na\u0161em laboratoriju razvili \u0161e en odli\u010den i<span style=\"font-size: 14.4px;\">zdelek za hitrej\u0161o porjavelost:<\/span><\/p>\n<p><strong>Premium Tanning Oil<\/strong> &#8211;<strong> \u010dokoladno suho olje v novi dozirni stekleni\u010dki za \u0161e la\u017eji nanos!<\/strong><\/p>\n<p>Na\u0161e suho olje vsebuje znane zaveznike, ki <strong>prebudijo<\/strong> in <strong>okrepijo naravni pigment<\/strong>, ne glede na to, kako svetla je tvoja polt!<\/p>\n<p>S svojimi bogatimi sestavinami bo ekstremno hitro spodbudil naravni temni pigment v tvoji ko\u017ei:<\/p>\n<ul>\n<li><strong>Koren\u010dkovo olje: <\/strong>bogato z beta karotenom, ki je eden najbolj\u0161ih naravnih aktivatorjev temne polti<\/li>\n<li><strong>Orehovo olje: <\/strong>pospe\u0161uje sintezo pigmenta melanina v ko\u017ei<\/li>\n<li><strong>Kokosovo olje:<\/strong> skrbi za bogato hidracijo, ki \u0161\u010diti ko\u017eo pred izsu\u0161itvijo na soncu<\/li>\n<li><strong>Jojobino olje: <\/strong>ohranja vla\u017enost ko\u017ee in jo meh\u010da<\/li>\n<\/ul>\n<h2><\/h2>\n<h2><\/h2>\n<h2><\/h2>\n<h2><\/h2>\n<h2><strong><img loading=\"lazy\" decoding=\"async\" class=\" wp-image-83753 alignleft\" src=\"https:\/\/cdn.activeluxe-cosmetics.com\/sl\/wp-content\/uploads\/2024\/05\/03105714\/Izdelek-brez-naslova-5-460x575.png\" alt=\"\" width=\"453\" height=\"566\" srcset=\"https:\/\/cdn.activeluxe-cosmetics.com\/sl\/wp-content\/uploads\/2024\/05\/03105714\/Izdelek-brez-naslova-5-460x575.png 460w, https:\/\/cdn.activeluxe-cosmetics.com\/sl\/wp-content\/uploads\/2024\/05\/03105714\/Izdelek-brez-naslova-5-819x1024.png 819w, https:\/\/cdn.activeluxe-cosmetics.com\/sl\/wp-content\/uploads\/2024\/05\/03105714\/Izdelek-brez-naslova-5-768x960.png 768w, https:\/\/cdn.activeluxe-cosmetics.com\/sl\/wp-content\/uploads\/2024\/05\/03105714\/Izdelek-brez-naslova-5-600x750.png 600w, https:\/\/cdn.activeluxe-cosmetics.com\/sl\/wp-content\/uploads\/2024\/05\/03105714\/Izdelek-brez-naslova-5.png 1080w\" sizes=\"auto, (max-width: 453px) 100vw, 453px\" \/><\/strong><\/h2>\n<h2><\/h2>\n<h2><strong>\u010cokoladna polt<\/strong>, ki bo to poletje tvoj najlep\u0161i okras<\/h2>\n<p>Poletne barve obla\u010dil, neon nohti in svetle kopalke se odli\u010dno <span style=\"font-size: 14.4px;\">podajo porjaveli ko\u017ei. \u010cokoladna polt nam da kan\u010dek samozavesti, skrije kak\u0161no nepravilnost in da ko\u017ei zdrav, sijo\u010d videz. <\/span><\/p>\n<p><span style=\"font-size: 14.4px;\">Priznajmo, z lepo bronz ko\u017eo se vsi po\u010dutimo bolj\u0161e, vendar nikoli ne pozabi &#8211;<strong> zdravo son\u010denje je klju\u010dnega pomena<\/strong>. Pred suhim oljem je <strong>obvezna uporaba spf faktorja<\/strong>! 15 do 20 min son\u010denja z na\u0161im oljem bo \u017ee dovolj za lepo porjavelo polt.<\/span><\/p>\n<p>\u017de ob prvem nanosu bo suho olje vidno spremenilo tvojo ko\u017eo &#8211; ta bo kar <strong>3x temnej\u0161a<\/strong>!<\/p>\n<p>Z pogostim nanosom na morju, bazenu oz. kadarkoli bo\u0161 izpostavljena soncu, se bo tvoj temni pigment <strong>aktiviral do maximuma<\/strong>.<\/p>\n<p>Suho olje vsebuje tudi <strong>zlati prah<\/strong> &#8211; milijon zlatih delcev, ki na ko\u017ei pustijo <strong>osupljiv<\/strong> in <strong>dolgotrajen glow efekt<\/strong>.<\/p>\n<p>&nbsp;<\/p>\n<p>&nbsp;<\/p>\n<h2><\/h2>\n<h2><\/h2>\n<h2><\/h2>\n<h2><\/h2>\n<h2><\/h2>\n<h2><\/h2>\n<h2><img loading=\"lazy\" decoding=\"async\" class=\" wp-image-83754 alignright\" src=\"https:\/\/cdn.activeluxe-cosmetics.com\/sl\/wp-content\/uploads\/2024\/05\/03105742\/Izdelek-brez-naslova-6-460x575.png\" alt=\"\" width=\"453\" height=\"566\" srcset=\"https:\/\/cdn.activeluxe-cosmetics.com\/sl\/wp-content\/uploads\/2024\/05\/03105742\/Izdelek-brez-naslova-6-460x575.png 460w, https:\/\/cdn.activeluxe-cosmetics.com\/sl\/wp-content\/uploads\/2024\/05\/03105742\/Izdelek-brez-naslova-6-819x1024.png 819w, https:\/\/cdn.activeluxe-cosmetics.com\/sl\/wp-content\/uploads\/2024\/05\/03105742\/Izdelek-brez-naslova-6-768x960.png 768w, https:\/\/cdn.activeluxe-cosmetics.com\/sl\/wp-content\/uploads\/2024\/05\/03105742\/Izdelek-brez-naslova-6-600x750.png 600w, https:\/\/cdn.activeluxe-cosmetics.com\/sl\/wp-content\/uploads\/2024\/05\/03105742\/Izdelek-brez-naslova-6.png 1080w\" sizes=\"auto, (max-width: 453px) 100vw, 453px\" \/>Stekleni\u010dka za enostavno uporabo in <strong>tekstura, ki ne pu\u0161\u010da made\u017eev<\/strong><\/h2>\n<p>Active Luxe Premium suho olje za porjavitev\u00a0 je na voljo v prakti\u010dni <strong>120 ml stekleni\u010dki s pr\u0161ilko<\/strong> in ga lahko vzame\u0161 s seboj kamor koli gre\u0161.<\/p>\n<ul>\n<li>Nanos je popolnoma enostaven &#8211; nana\u0161a se z razpr\u0161ilcem, ki omogo\u010da ciljno in enakomerno nana\u0161anje.<\/li>\n<li>Suho olje se izredno hitro vpije in ko\u017ee ne masti, prav tako pa ne pu\u0161\u010da made\u017eev na obla\u010dilih.<\/li>\n<\/ul>\n<p><strong>Bonus to\u010dka?<\/strong> Poleg <strong>izjemnega vonja po \u010dokoladi in sladkih pomaran\u010dah<\/strong>, ki dolgo ostane na tvoji ko\u017ei, olje ko\u017eo tudi <strong>neguje<\/strong>,<strong> nahrani<\/strong> in <strong>navla\u017ei<\/strong>. Ko\u017ea kljub soncu ostaja pro\u017ena in \u017eametno mehka.<\/p>\n<p>Suho olje lahko uporabi\u0161 tudi za son\u010denje v solariju.<\/p>\n","protected":false},"excerpt":{"rendered":"<p>To poletje aktiviraj temni pigment s \u010dokoladnim suhim oljem za extra hitro porjavitev na soncu.<\/p>\n","protected":false},"featured_media":99541,"comment_status":"open","ping_status":"closed","template":"","meta":[],"product_brand":[],"product_cat":[82],"product_tag":[],"class_list":{"0":"post-99515","1":"product","2":"type-product","3":"status-publish","4":"has-post-thumbnail","6":"product_cat-izdelki-za-soncenje","8":"first","9":"instock","10":"taxable","11":"shipping-taxable","12":"purchasable","13":"product-type-simple"},"bundled_by":[],"bundle_stock_status":"instock","bundle_stock_quantity":null,"bundle_virtual":false,"bundle_layout":"","bundle_add_to_cart_form_location":"","bundle_editable_in_cart":false,"bundle_sold_individually_context":"","bundle_item_grouping":"","bundle_min_size":"","bundle_max_size":"","bundle_price":[],"bundled_items":[],"bundle_sell_ids":[],"acf":[],"yoast_head":"<!-- This site is optimized with the Yoast SEO plugin v26.6 - https:\/\/yoast.com\/wordpress\/plugins\/seo\/ -->\n<title>Suho olje za hitro porjavitev na soncu - Active Luxe Cosmetics<\/title>\n<meta name=\"description\" content=\"Suho olje za son\u010denje vsebuje znane zaveznike, ki prebudijo in okrepijo naravni pigment, ne glede na to, kako svetla je tvoja polt.\" \/>\n<meta name=\"robots\" content=\"index, follow, max-snippet:-1, max-image-preview:large, max-video-preview:-1\" \/>\n<link rel=\"canonical\" href=\"https:\/\/activeluxe-cosmetics.com\/sl\/izdelek\/suho-olje-z-blescicami-za-hitro-porjavitev-na-soncu\/\" \/>\n<meta property=\"og:locale\" content=\"sl_SI\" \/>\n<meta property=\"og:type\" content=\"article\" \/>\n<meta property=\"og:title\" content=\"Suho olje za hitro porjavitev na soncu - Active Luxe Cosmetics\" \/>\n<meta property=\"og:description\" content=\"Suho olje za son\u010denje vsebuje znane zaveznike, ki prebudijo in okrepijo naravni pigment, ne glede na to, kako svetla je tvoja polt.\" \/>\n<meta property=\"og:url\" content=\"https:\/\/activeluxe-cosmetics.com\/sl\/izdelek\/suho-olje-z-blescicami-za-hitro-porjavitev-na-soncu\/\" \/>\n<meta property=\"og:site_name\" content=\"Active Luxe Cosmetics\" \/>\n<meta property=\"article:modified_time\" content=\"2026-04-16T14:30:27+00:00\" \/>\n<meta property=\"og:image\" content=\"https:\/\/cdn.activeluxe-cosmetics.com\/sl\/wp-content\/uploads\/2025\/06\/12144255\/shimmer-tanning-olje.jpg\" \/>\n\t<meta property=\"og:image:width\" content=\"1104\" \/>\n\t<meta property=\"og:image:height\" content=\"1326\" \/>\n\t<meta property=\"og:image:type\" content=\"image\/jpeg\" \/>\n<meta name=\"twitter:card\" content=\"summary_large_image\" \/>\n<meta name=\"twitter:label1\" content=\"Est. reading time\" \/>\n\t<meta name=\"twitter:data1\" content=\"3 minute\" \/>\n<script type=\"application\/ld+json\" class=\"yoast-schema-graph\">{\"@context\":\"https:\/\/schema.org\",\"@graph\":[{\"@type\":\"WebPage\",\"@id\":\"https:\/\/activeluxe-cosmetics.com\/sl\/izdelek\/suho-olje-z-blescicami-za-hitro-porjavitev-na-soncu\/\",\"url\":\"https:\/\/activeluxe-cosmetics.com\/sl\/izdelek\/suho-olje-z-blescicami-za-hitro-porjavitev-na-soncu\/\",\"name\":\"Suho olje za hitro porjavitev na soncu - Active Luxe Cosmetics\",\"isPartOf\":{\"@id\":\"https:\/\/activeluxe-cosmetics.com\/sl\/#website\"},\"primaryImageOfPage\":{\"@id\":\"https:\/\/activeluxe-cosmetics.com\/sl\/izdelek\/suho-olje-z-blescicami-za-hitro-porjavitev-na-soncu\/#primaryimage\"},\"image\":{\"@id\":\"https:\/\/activeluxe-cosmetics.com\/sl\/izdelek\/suho-olje-z-blescicami-za-hitro-porjavitev-na-soncu\/#primaryimage\"},\"thumbnailUrl\":\"https:\/\/cdn.activeluxe-cosmetics.com\/sl\/wp-content\/uploads\/2025\/06\/12144255\/shimmer-tanning-olje.jpg\",\"datePublished\":\"2025-06-12T08:38:33+00:00\",\"dateModified\":\"2026-04-16T14:30:27+00:00\",\"description\":\"Suho olje za son\u010denje vsebuje znane zaveznike, ki prebudijo in okrepijo naravni pigment, ne glede na to, kako svetla je tvoja polt.\",\"breadcrumb\":{\"@id\":\"https:\/\/activeluxe-cosmetics.com\/sl\/izdelek\/suho-olje-z-blescicami-za-hitro-porjavitev-na-soncu\/#breadcrumb\"},\"inLanguage\":\"sl-SI\",\"potentialAction\":[{\"@type\":\"ReadAction\",\"target\":[\"https:\/\/activeluxe-cosmetics.com\/sl\/izdelek\/suho-olje-z-blescicami-za-hitro-porjavitev-na-soncu\/\"]}]},{\"@type\":\"ImageObject\",\"inLanguage\":\"sl-SI\",\"@id\":\"https:\/\/activeluxe-cosmetics.com\/sl\/izdelek\/suho-olje-z-blescicami-za-hitro-porjavitev-na-soncu\/#primaryimage\",\"url\":\"https:\/\/cdn.activeluxe-cosmetics.com\/sl\/wp-content\/uploads\/2025\/06\/12144255\/shimmer-tanning-olje.jpg\",\"contentUrl\":\"https:\/\/cdn.activeluxe-cosmetics.com\/sl\/wp-content\/uploads\/2025\/06\/12144255\/shimmer-tanning-olje.jpg\",\"width\":1104,\"height\":1326,\"caption\":\"Suho olje za porjavitev z ble\u0161\u010dicami Active Luxe\"},{\"@type\":\"BreadcrumbList\",\"@id\":\"https:\/\/activeluxe-cosmetics.com\/sl\/izdelek\/suho-olje-z-blescicami-za-hitro-porjavitev-na-soncu\/#breadcrumb\",\"itemListElement\":[{\"@type\":\"ListItem\",\"position\":1,\"name\":\"Naslovnica\",\"item\":\"https:\/\/activeluxe-cosmetics.com\/sl\/\"},{\"@type\":\"ListItem\",\"position\":2,\"name\":\"Trgovina\",\"item\":\"https:\/\/activeluxe-cosmetics.com\/sl\/trgovina\/\"},{\"@type\":\"ListItem\",\"position\":3,\"name\":\"Suho olje z ble\u0161\u010dicami za hitro porjavitev na soncu\"}]},{\"@type\":\"WebSite\",\"@id\":\"https:\/\/activeluxe-cosmetics.com\/sl\/#website\",\"url\":\"https:\/\/activeluxe-cosmetics.com\/sl\/\",\"name\":\"Active Luxe Cosmetics\",\"description\":\"\",\"potentialAction\":[{\"@type\":\"SearchAction\",\"target\":{\"@type\":\"EntryPoint\",\"urlTemplate\":\"https:\/\/activeluxe-cosmetics.com\/sl\/?s={search_term_string}\"},\"query-input\":{\"@type\":\"PropertyValueSpecification\",\"valueRequired\":true,\"valueName\":\"search_term_string\"}}],\"inLanguage\":\"sl-SI\"}]}<\/script>\n<!-- \/ Yoast SEO plugin. -->","yoast_head_json":{"title":"Suho olje za hitro porjavitev na soncu - Active Luxe Cosmetics","description":"Suho olje za son\u010denje vsebuje znane zaveznike, ki prebudijo in okrepijo naravni pigment, ne glede na to, kako svetla je tvoja polt.","robots":{"index":"index","follow":"follow","max-snippet":"max-snippet:-1","max-image-preview":"max-image-preview:large","max-video-preview":"max-video-preview:-1"},"canonical":"https:\/\/activeluxe-cosmetics.com\/sl\/izdelek\/suho-olje-z-blescicami-za-hitro-porjavitev-na-soncu\/","og_locale":"sl_SI","og_type":"article","og_title":"Suho olje za hitro porjavitev na soncu - Active Luxe Cosmetics","og_description":"Suho olje za son\u010denje vsebuje znane zaveznike, ki prebudijo in okrepijo naravni pigment, ne glede na to, kako svetla je tvoja polt.","og_url":"https:\/\/activeluxe-cosmetics.com\/sl\/izdelek\/suho-olje-z-blescicami-za-hitro-porjavitev-na-soncu\/","og_site_name":"Active Luxe Cosmetics","article_modified_time":"2026-04-16T14:30:27+00:00","og_image":[{"width":1104,"height":1326,"url":"https:\/\/cdn.activeluxe-cosmetics.com\/sl\/wp-content\/uploads\/2025\/06\/12144255\/shimmer-tanning-olje.jpg","type":"image\/jpeg"}],"twitter_card":"summary_large_image","twitter_misc":{"Est. reading time":"3 minute"},"schema":{"@context":"https:\/\/schema.org","@graph":[{"@type":"WebPage","@id":"https:\/\/activeluxe-cosmetics.com\/sl\/izdelek\/suho-olje-z-blescicami-za-hitro-porjavitev-na-soncu\/","url":"https:\/\/activeluxe-cosmetics.com\/sl\/izdelek\/suho-olje-z-blescicami-za-hitro-porjavitev-na-soncu\/","name":"Suho olje za hitro porjavitev na soncu - Active Luxe Cosmetics","isPartOf":{"@id":"https:\/\/activeluxe-cosmetics.com\/sl\/#website"},"primaryImageOfPage":{"@id":"https:\/\/activeluxe-cosmetics.com\/sl\/izdelek\/suho-olje-z-blescicami-za-hitro-porjavitev-na-soncu\/#primaryimage"},"image":{"@id":"https:\/\/activeluxe-cosmetics.com\/sl\/izdelek\/suho-olje-z-blescicami-za-hitro-porjavitev-na-soncu\/#primaryimage"},"thumbnailUrl":"https:\/\/cdn.activeluxe-cosmetics.com\/sl\/wp-content\/uploads\/2025\/06\/12144255\/shimmer-tanning-olje.jpg","datePublished":"2025-06-12T08:38:33+00:00","dateModified":"2026-04-16T14:30:27+00:00","description":"Suho olje za son\u010denje vsebuje znane zaveznike, ki prebudijo in okrepijo naravni pigment, ne glede na to, kako svetla je tvoja polt.","breadcrumb":{"@id":"https:\/\/activeluxe-cosmetics.com\/sl\/izdelek\/suho-olje-z-blescicami-za-hitro-porjavitev-na-soncu\/#breadcrumb"},"inLanguage":"sl-SI","potentialAction":[{"@type":"ReadAction","target":["https:\/\/activeluxe-cosmetics.com\/sl\/izdelek\/suho-olje-z-blescicami-za-hitro-porjavitev-na-soncu\/"]}]},{"@type":"ImageObject","inLanguage":"sl-SI","@id":"https:\/\/activeluxe-cosmetics.com\/sl\/izdelek\/suho-olje-z-blescicami-za-hitro-porjavitev-na-soncu\/#primaryimage","url":"https:\/\/cdn.activeluxe-cosmetics.com\/sl\/wp-content\/uploads\/2025\/06\/12144255\/shimmer-tanning-olje.jpg","contentUrl":"https:\/\/cdn.activeluxe-cosmetics.com\/sl\/wp-content\/uploads\/2025\/06\/12144255\/shimmer-tanning-olje.jpg","width":1104,"height":1326,"caption":"Suho olje za porjavitev z ble\u0161\u010dicami Active Luxe"},{"@type":"BreadcrumbList","@id":"https:\/\/activeluxe-cosmetics.com\/sl\/izdelek\/suho-olje-z-blescicami-za-hitro-porjavitev-na-soncu\/#breadcrumb","itemListElement":[{"@type":"ListItem","position":1,"name":"Naslovnica","item":"https:\/\/activeluxe-cosmetics.com\/sl\/"},{"@type":"ListItem","position":2,"name":"Trgovina","item":"https:\/\/activeluxe-cosmetics.com\/sl\/trgovina\/"},{"@type":"ListItem","position":3,"name":"Suho olje z ble\u0161\u010dicami za hitro porjavitev na soncu"}]},{"@type":"WebSite","@id":"https:\/\/activeluxe-cosmetics.com\/sl\/#website","url":"https:\/\/activeluxe-cosmetics.com\/sl\/","name":"Active Luxe Cosmetics","description":"","potentialAction":[{"@type":"SearchAction","target":{"@type":"EntryPoint","urlTemplate":"https:\/\/activeluxe-cosmetics.com\/sl\/?s={search_term_string}"},"query-input":{"@type":"PropertyValueSpecification","valueRequired":true,"valueName":"search_term_string"}}],"inLanguage":"sl-SI"}]}},"_links":{"self":[{"href":"https:\/\/activeluxe-cosmetics.com\/sl\/wp-json\/wp\/v2\/product\/99515","targetHints":{"allow":["GET"]}}],"collection":[{"href":"https:\/\/activeluxe-cosmetics.com\/sl\/wp-json\/wp\/v2\/product"}],"about":[{"href":"https:\/\/activeluxe-cosmetics.com\/sl\/wp-json\/wp\/v2\/types\/product"}],"replies":[{"embeddable":true,"href":"https:\/\/activeluxe-cosmetics.com\/sl\/wp-json\/wp\/v2\/comments?post=99515"}],"wp:featuredmedia":[{"embeddable":true,"href":"https:\/\/activeluxe-cosmetics.com\/sl\/wp-json\/wp\/v2\/media\/99541"}],"wp:attachment":[{"href":"https:\/\/activeluxe-cosmetics.com\/sl\/wp-json\/wp\/v2\/media?parent=99515"}],"wp:term":[{"taxonomy":"product_brand","embeddable":true,"href":"https:\/\/activeluxe-cosmetics.com\/sl\/wp-json\/wp\/v2\/product_brand?post=99515"},{"taxonomy":"product_cat","embeddable":true,"href":"https:\/\/activeluxe-cosmetics.com\/sl\/wp-json\/wp\/v2\/product_cat?post=99515"},{"taxonomy":"product_tag","embeddable":true,"href":"https:\/\/activeluxe-cosmetics.com\/sl\/wp-json\/wp\/v2\/product_tag?post=99515"}],"curies":[{"name":"wp","href":"https:\/\/api.w.org\/{rel}","templated":true}]}}