{"id":99069,"date":"2025-06-03T10:02:48","date_gmt":"2025-06-03T08:02:48","guid":{"rendered":"https:\/\/activeluxe-cosmetics.com\/sl\/?post_type=product&#038;p=99069"},"modified":"2026-04-16T16:30:36","modified_gmt":"2026-04-16T14:30:36","slug":"anti-age-suho-olje-za-soncenje","status":"publish","type":"product","link":"https:\/\/activeluxe-cosmetics.com\/sl\/izdelek\/anti-age-suho-olje-za-soncenje\/","title":{"rendered":"Anti-age suho olje za son\u010denje"},"content":{"rendered":"<h2><img loading=\"lazy\" decoding=\"async\" class=\"wp-image-100247 alignright\" src=\"https:\/\/cdn.activeluxe-cosmetics.com\/sl\/wp-content\/uploads\/2025\/07\/02105018\/antiage_tanning_oil_kaja-460x575.png\" alt=\"Active Luxe anti-age suho olje za porjavitev\" width=\"360\" height=\"450\" srcset=\"https:\/\/cdn.activeluxe-cosmetics.com\/sl\/wp-content\/uploads\/2025\/07\/02105018\/antiage_tanning_oil_kaja-460x575.png 460w, https:\/\/cdn.activeluxe-cosmetics.com\/sl\/wp-content\/uploads\/2025\/07\/02105018\/antiage_tanning_oil_kaja-819x1024.png 819w, https:\/\/cdn.activeluxe-cosmetics.com\/sl\/wp-content\/uploads\/2025\/07\/02105018\/antiage_tanning_oil_kaja-768x960.png 768w, https:\/\/cdn.activeluxe-cosmetics.com\/sl\/wp-content\/uploads\/2025\/07\/02105018\/antiage_tanning_oil_kaja-600x750.png 600w, https:\/\/cdn.activeluxe-cosmetics.com\/sl\/wp-content\/uploads\/2025\/07\/02105018\/antiage_tanning_oil_kaja.png 1080w\" sizes=\"auto, (max-width: 360px) 100vw, 360px\" \/><\/h2>\n<h2><strong>Hitro do \u010dokoladne polti<\/strong> \u2013 brez dolgotrajnega son\u010denja<\/h2>\n<p>Dovoli, da tvoja ko\u017ea na zdrav na\u010din zasije <strong>v najlep\u0161ih odtenkih bronze barve<\/strong>!<\/p>\n<p>Na\u0161e \u010disto novo<strong> suho olje za hitro porjavitev na soncu<\/strong> je ve\u010d kot le lepotni dodatek \u2013 je skrivnost tvoje <strong>sijo\u010de<\/strong>, <strong>svilnate<\/strong> in <strong>zdravo porjavele ko\u017ee<\/strong>. Z edinstveno teksturo, ki se <strong>v trenutku vpije<\/strong> in je <strong>brez mastnega ob\u010dutka<\/strong>, tvoji ko\u017ei podari <strong>\u010dudovit naravni lesk, <\/strong>hkrati pa jo <strong>\u0161\u010diti pred staranjem.<\/strong><\/p>\n<p><strong>In kar je najpomembnej\u0161e? <\/strong>Zahvaljujo\u010d <strong>podvojeni koli\u010dini naravnih aktivnih sestavin<\/strong> za pospe\u0161eno porjavitev, zadostuje \u017ee resni\u010dno kratka izpostavljenost soncu.<\/p>\n<p>Ni\u010d ve\u010d \u0161kodljivega nastavljanja soncu \u2013 <strong style=\"color: #555555;\">le nekaj son\u010dnih \u017earkov<\/strong><span style=\"color: #555555;\"> in\u00a0bo tvoja ko\u017ea za\u017earela v <\/span><strong style=\"color: #555555;\">popolni \u010dokoladni barvi<\/strong><span style=\"color: #555555;\">, medtem ko bo telo dobilo \u0161e svoj dragoceni odmerek vitamina D.<\/span><\/p>\n<h2 style=\"text-align: center; clear: both;\"><\/h2>\n<p>&nbsp;<\/p>\n<h2><span data-sheets-root=\"1\" data-sheets-value=\"{&quot;1&quot;:2,&quot;2&quot;:&quot;Bogata ulja za prekrasan bron\u010dani ten&quot;}\" data-sheets-userformat=\"{&quot;2&quot;:21377,&quot;3&quot;:{&quot;1&quot;:0},&quot;10&quot;:0,&quot;11&quot;:4,&quot;12&quot;:0,&quot;15&quot;:&quot;Arial&quot;,&quot;17&quot;:1}\"><strong><img loading=\"lazy\" decoding=\"async\" class=\" wp-image-99424 alignleft\" src=\"https:\/\/cdn.activeluxe-cosmetics.com\/sl\/wp-content\/uploads\/2025\/06\/10154916\/activeluxe_antiage_tanning_oil-460x575.png\" alt=\"\" width=\"360\" height=\"450\" srcset=\"https:\/\/cdn.activeluxe-cosmetics.com\/sl\/wp-content\/uploads\/2025\/06\/10154916\/activeluxe_antiage_tanning_oil-460x575.png 460w, https:\/\/cdn.activeluxe-cosmetics.com\/sl\/wp-content\/uploads\/2025\/06\/10154916\/activeluxe_antiage_tanning_oil-819x1024.png 819w, https:\/\/cdn.activeluxe-cosmetics.com\/sl\/wp-content\/uploads\/2025\/06\/10154916\/activeluxe_antiage_tanning_oil-768x960.png 768w, https:\/\/cdn.activeluxe-cosmetics.com\/sl\/wp-content\/uploads\/2025\/06\/10154916\/activeluxe_antiage_tanning_oil-600x750.png 600w, https:\/\/cdn.activeluxe-cosmetics.com\/sl\/wp-content\/uploads\/2025\/06\/10154916\/activeluxe_antiage_tanning_oil.png 1080w\" sizes=\"auto, (max-width: 360px) 100vw, 360px\" \/>Tropski anti-age eliksir<\/strong> za poletno razvajanje ko\u017ee<br \/>\n<\/span><\/h2>\n<p><strong>To anti-age olje za porjavitev razvaja tvoje \u010dute in tvojo ko\u017eo! <\/strong><\/p>\n<p>Kombinacija <strong>kokosovega olja<\/strong>, <strong>monoi olja<\/strong>, <strong>makadamijinega<\/strong>, <strong>jojobinega<\/strong> in <strong>malinovega olja<\/strong> ustvarja popoln <strong>koktajl za mladosten<\/strong> in <strong>sijo\u010d videz<\/strong> ko\u017ee.<\/p>\n<p>Activ Luxe anti-age olje za porjavitev je obogateno z <strong style=\"color: #555555;\">anti-age peptidi<\/strong><span style=\"color: #555555;\"> in <\/span><strong style=\"color: #555555;\">antioksidanti, <\/strong>ki aktivno <span style=\"color: #555555;\">delujejo proti prezgodnjemu staranju ko\u017ee, gladijo teksturo ko\u017ee in izbolj\u0161uje njeno elasti\u010dnost.<\/span><\/p>\n<p><strong>In vonj?<\/strong> Preprosto nepozaben \u2013 tropska kombinacija <strong>fige<\/strong>, <strong>pomaran\u010de<\/strong> in <strong>kokosa<\/strong>, ki te v hipu popelje na eksoti\u010dno pla\u017eo.<\/p>\n<p>Di\u0161ava ostane na ko\u017ei ure in ure, kot sladek opomnik tvojega najlep\u0161ega poletja.<\/p>\n<p>&nbsp;<\/p>\n<h2 style=\"text-align: center; clear: both;\"><\/h2>\n<h2><img loading=\"lazy\" decoding=\"async\" class=\" wp-image-100248 alignright\" src=\"https:\/\/cdn.activeluxe-cosmetics.com\/sl\/wp-content\/uploads\/2025\/07\/02105026\/antiage_tanning_oil_neli-460x575.png\" alt=\"Active Luxe anti-age suho olje za porjavitev\" width=\"370\" height=\"463\" srcset=\"https:\/\/cdn.activeluxe-cosmetics.com\/sl\/wp-content\/uploads\/2025\/07\/02105026\/antiage_tanning_oil_neli-460x575.png 460w, https:\/\/cdn.activeluxe-cosmetics.com\/sl\/wp-content\/uploads\/2025\/07\/02105026\/antiage_tanning_oil_neli-819x1024.png 819w, https:\/\/cdn.activeluxe-cosmetics.com\/sl\/wp-content\/uploads\/2025\/07\/02105026\/antiage_tanning_oil_neli-768x960.png 768w, https:\/\/cdn.activeluxe-cosmetics.com\/sl\/wp-content\/uploads\/2025\/07\/02105026\/antiage_tanning_oil_neli-600x750.png 600w, https:\/\/cdn.activeluxe-cosmetics.com\/sl\/wp-content\/uploads\/2025\/07\/02105026\/antiage_tanning_oil_neli.png 1080w\" sizes=\"auto, (max-width: 370px) 100vw, 370px\" \/><strong>Pametno son\u010denje<\/strong> \u2013 popolna rutina za \u010dudovit ten<\/h2>\n<p>Za najbolj\u0161i u\u010dinek vedno <strong>za\u010dni z nanosom izdelka z za\u0161\u010ditnim faktorjem<\/strong> \u2013 varnost je vedno na prvem mestu.<\/p>\n<p>Nato <strong>nanesi suho olje<\/strong> in ga z ne\u017enimi, kro\u017enimi gibi vmasiraj v ko\u017eo. \u017de ob prvem dotiku bo\u0161 ob\u010dutila, kako gladka in mehka bo postala tvoja ko\u017ea, <strong>brez mastnih sledi<\/strong>.<\/p>\n<p>Izdelek je idealen za vse, ki cenijo:<\/p>\n<ul>\n<li><strong>hitro<\/strong>,<\/li>\n<li><strong>u\u010dinkovito<\/strong> in<\/li>\n<li><strong>ko\u017ei prijazno pot do enakomerne porjavelosti<\/strong>.<\/li>\n<\/ul>\n<p>Naj bo tvoja poletna rutina <strong>lahkotna<\/strong>, <strong>u\u010dinkovita<\/strong> in predvsem <strong>razvajajo\u010da<\/strong> \u2013 z enim samim oljem, ki zdru\u017euje vse, kar tvoja ko\u017ea potrebuje.<\/p>\n<p><iframe loading=\"lazy\" title=\"Premium Chocolate  Marmalade for deepest and darkest tan\" width=\"1020\" height=\"574\" src=\"https:\/\/www.youtube.com\/embed\/6YeClnkMgXw?feature=oembed&#038;enablejsapi=1&#038;origin=https:\/\/activeluxe-cosmetics.com\" frameborder=\"0\" allow=\"accelerometer; autoplay; clipboard-write; encrypted-media; gyroscope; picture-in-picture; web-share\" referrerpolicy=\"strict-origin-when-cross-origin\" allowfullscreen><\/iframe><\/p>\n<div style=\"display: flex; align-items: center; gap: 20px; flex-wrap: wrap;\">\n<p>&nbsp;<\/p>\n<\/div>\n","protected":false},"excerpt":{"rendered":"<p>Za \u010dudovito bronasto polt \u017ee po kratki izpostavitvi soncu! Vsebuje kokosovo in monoi olje ter aktivne sestavine, ki pospe\u0161ijo porjavitev.<\/p>\n","protected":false},"featured_media":99539,"comment_status":"open","ping_status":"closed","template":"","meta":[],"product_brand":[],"product_cat":[82],"product_tag":[],"class_list":{"0":"post-99069","1":"product","2":"type-product","3":"status-publish","4":"has-post-thumbnail","6":"product_cat-izdelki-za-soncenje","8":"first","9":"instock","10":"featured","11":"taxable","12":"shipping-taxable","13":"purchasable","14":"product-type-simple"},"bundled_by":[],"bundle_stock_status":"instock","bundle_stock_quantity":null,"bundle_virtual":false,"bundle_layout":"","bundle_add_to_cart_form_location":"","bundle_editable_in_cart":false,"bundle_sold_individually_context":"","bundle_item_grouping":"","bundle_min_size":"","bundle_max_size":"","bundle_price":[],"bundled_items":[],"bundle_sell_ids":[],"acf":[],"yoast_head":"<!-- This site is optimized with the Yoast SEO plugin v26.6 - https:\/\/yoast.com\/wordpress\/plugins\/seo\/ -->\n<title>Anti-age suho olje za son\u010denje - Active Luxe Cosmetics<\/title>\n<meta name=\"description\" content=\"Anti-age suho olje za son\u010denje z monoi in kokosovim oljem, tropskim vonjem in pospe\u0161evalci porjavitve \u2013 za bronasto ko\u017eo \u017ee po kratki izpostavitvi soncu.\" \/>\n<meta name=\"robots\" content=\"noindex, follow\" \/>\n<meta property=\"og:locale\" content=\"sl_SI\" \/>\n<meta property=\"og:type\" content=\"article\" \/>\n<meta property=\"og:title\" content=\"Anti-age suho olje za son\u010denje - Active Luxe Cosmetics\" \/>\n<meta property=\"og:description\" content=\"Anti-age suho olje za son\u010denje z monoi in kokosovim oljem, tropskim vonjem in pospe\u0161evalci porjavitve \u2013 za bronasto ko\u017eo \u017ee po kratki izpostavitvi soncu.\" \/>\n<meta property=\"og:url\" content=\"https:\/\/activeluxe-cosmetics.com\/sl\/izdelek\/anti-age-suho-olje-za-soncenje\/\" \/>\n<meta property=\"og:site_name\" content=\"Active Luxe Cosmetics\" \/>\n<meta property=\"article:modified_time\" content=\"2026-04-16T14:30:36+00:00\" \/>\n<meta property=\"og:image\" content=\"https:\/\/cdn.activeluxe-cosmetics.com\/sl\/wp-content\/uploads\/2025\/06\/12142410\/antiage-tanning-olje.jpg\" \/>\n\t<meta property=\"og:image:width\" content=\"1104\" \/>\n\t<meta property=\"og:image:height\" content=\"1326\" \/>\n\t<meta property=\"og:image:type\" content=\"image\/jpeg\" \/>\n<meta name=\"twitter:card\" content=\"summary_large_image\" \/>\n<meta name=\"twitter:label1\" content=\"Est. reading time\" \/>\n\t<meta name=\"twitter:data1\" content=\"3 minute\" \/>\n<script type=\"application\/ld+json\" class=\"yoast-schema-graph\">{\"@context\":\"https:\/\/schema.org\",\"@graph\":[{\"@type\":\"WebPage\",\"@id\":\"https:\/\/activeluxe-cosmetics.com\/sl\/izdelek\/anti-age-suho-olje-za-soncenje\/\",\"url\":\"https:\/\/activeluxe-cosmetics.com\/sl\/izdelek\/anti-age-suho-olje-za-soncenje\/\",\"name\":\"Anti-age suho olje za son\u010denje - Active Luxe Cosmetics\",\"isPartOf\":{\"@id\":\"https:\/\/activeluxe-cosmetics.com\/sl\/#website\"},\"primaryImageOfPage\":{\"@id\":\"https:\/\/activeluxe-cosmetics.com\/sl\/izdelek\/anti-age-suho-olje-za-soncenje\/#primaryimage\"},\"image\":{\"@id\":\"https:\/\/activeluxe-cosmetics.com\/sl\/izdelek\/anti-age-suho-olje-za-soncenje\/#primaryimage\"},\"thumbnailUrl\":\"https:\/\/cdn.activeluxe-cosmetics.com\/sl\/wp-content\/uploads\/2025\/06\/12142410\/antiage-tanning-olje.jpg\",\"datePublished\":\"2025-06-03T08:02:48+00:00\",\"dateModified\":\"2026-04-16T14:30:36+00:00\",\"description\":\"Anti-age suho olje za son\u010denje z monoi in kokosovim oljem, tropskim vonjem in pospe\u0161evalci porjavitve \u2013 za bronasto ko\u017eo \u017ee po kratki izpostavitvi soncu.\",\"breadcrumb\":{\"@id\":\"https:\/\/activeluxe-cosmetics.com\/sl\/izdelek\/anti-age-suho-olje-za-soncenje\/#breadcrumb\"},\"inLanguage\":\"sl-SI\",\"potentialAction\":[{\"@type\":\"ReadAction\",\"target\":[\"https:\/\/activeluxe-cosmetics.com\/sl\/izdelek\/anti-age-suho-olje-za-soncenje\/\"]}]},{\"@type\":\"ImageObject\",\"inLanguage\":\"sl-SI\",\"@id\":\"https:\/\/activeluxe-cosmetics.com\/sl\/izdelek\/anti-age-suho-olje-za-soncenje\/#primaryimage\",\"url\":\"https:\/\/cdn.activeluxe-cosmetics.com\/sl\/wp-content\/uploads\/2025\/06\/12142410\/antiage-tanning-olje.jpg\",\"contentUrl\":\"https:\/\/cdn.activeluxe-cosmetics.com\/sl\/wp-content\/uploads\/2025\/06\/12142410\/antiage-tanning-olje.jpg\",\"width\":1104,\"height\":1326,\"caption\":\"Anti-age suho olje za son\u010denje\"},{\"@type\":\"BreadcrumbList\",\"@id\":\"https:\/\/activeluxe-cosmetics.com\/sl\/izdelek\/anti-age-suho-olje-za-soncenje\/#breadcrumb\",\"itemListElement\":[{\"@type\":\"ListItem\",\"position\":1,\"name\":\"Naslovnica\",\"item\":\"https:\/\/activeluxe-cosmetics.com\/sl\/\"},{\"@type\":\"ListItem\",\"position\":2,\"name\":\"Trgovina\",\"item\":\"https:\/\/activeluxe-cosmetics.com\/sl\/trgovina\/\"},{\"@type\":\"ListItem\",\"position\":3,\"name\":\"Anti-age suho olje za son\u010denje\"}]},{\"@type\":\"WebSite\",\"@id\":\"https:\/\/activeluxe-cosmetics.com\/sl\/#website\",\"url\":\"https:\/\/activeluxe-cosmetics.com\/sl\/\",\"name\":\"Active Luxe Cosmetics\",\"description\":\"\",\"potentialAction\":[{\"@type\":\"SearchAction\",\"target\":{\"@type\":\"EntryPoint\",\"urlTemplate\":\"https:\/\/activeluxe-cosmetics.com\/sl\/?s={search_term_string}\"},\"query-input\":{\"@type\":\"PropertyValueSpecification\",\"valueRequired\":true,\"valueName\":\"search_term_string\"}}],\"inLanguage\":\"sl-SI\"}]}<\/script>\n<!-- \/ Yoast SEO plugin. -->","yoast_head_json":{"title":"Anti-age suho olje za son\u010denje - Active Luxe Cosmetics","description":"Anti-age suho olje za son\u010denje z monoi in kokosovim oljem, tropskim vonjem in pospe\u0161evalci porjavitve \u2013 za bronasto ko\u017eo \u017ee po kratki izpostavitvi soncu.","robots":{"index":"noindex","follow":"follow"},"og_locale":"sl_SI","og_type":"article","og_title":"Anti-age suho olje za son\u010denje - Active Luxe Cosmetics","og_description":"Anti-age suho olje za son\u010denje z monoi in kokosovim oljem, tropskim vonjem in pospe\u0161evalci porjavitve \u2013 za bronasto ko\u017eo \u017ee po kratki izpostavitvi soncu.","og_url":"https:\/\/activeluxe-cosmetics.com\/sl\/izdelek\/anti-age-suho-olje-za-soncenje\/","og_site_name":"Active Luxe Cosmetics","article_modified_time":"2026-04-16T14:30:36+00:00","og_image":[{"width":1104,"height":1326,"url":"https:\/\/cdn.activeluxe-cosmetics.com\/sl\/wp-content\/uploads\/2025\/06\/12142410\/antiage-tanning-olje.jpg","type":"image\/jpeg"}],"twitter_card":"summary_large_image","twitter_misc":{"Est. reading time":"3 minute"},"schema":{"@context":"https:\/\/schema.org","@graph":[{"@type":"WebPage","@id":"https:\/\/activeluxe-cosmetics.com\/sl\/izdelek\/anti-age-suho-olje-za-soncenje\/","url":"https:\/\/activeluxe-cosmetics.com\/sl\/izdelek\/anti-age-suho-olje-za-soncenje\/","name":"Anti-age suho olje za son\u010denje - Active Luxe Cosmetics","isPartOf":{"@id":"https:\/\/activeluxe-cosmetics.com\/sl\/#website"},"primaryImageOfPage":{"@id":"https:\/\/activeluxe-cosmetics.com\/sl\/izdelek\/anti-age-suho-olje-za-soncenje\/#primaryimage"},"image":{"@id":"https:\/\/activeluxe-cosmetics.com\/sl\/izdelek\/anti-age-suho-olje-za-soncenje\/#primaryimage"},"thumbnailUrl":"https:\/\/cdn.activeluxe-cosmetics.com\/sl\/wp-content\/uploads\/2025\/06\/12142410\/antiage-tanning-olje.jpg","datePublished":"2025-06-03T08:02:48+00:00","dateModified":"2026-04-16T14:30:36+00:00","description":"Anti-age suho olje za son\u010denje z monoi in kokosovim oljem, tropskim vonjem in pospe\u0161evalci porjavitve \u2013 za bronasto ko\u017eo \u017ee po kratki izpostavitvi soncu.","breadcrumb":{"@id":"https:\/\/activeluxe-cosmetics.com\/sl\/izdelek\/anti-age-suho-olje-za-soncenje\/#breadcrumb"},"inLanguage":"sl-SI","potentialAction":[{"@type":"ReadAction","target":["https:\/\/activeluxe-cosmetics.com\/sl\/izdelek\/anti-age-suho-olje-za-soncenje\/"]}]},{"@type":"ImageObject","inLanguage":"sl-SI","@id":"https:\/\/activeluxe-cosmetics.com\/sl\/izdelek\/anti-age-suho-olje-za-soncenje\/#primaryimage","url":"https:\/\/cdn.activeluxe-cosmetics.com\/sl\/wp-content\/uploads\/2025\/06\/12142410\/antiage-tanning-olje.jpg","contentUrl":"https:\/\/cdn.activeluxe-cosmetics.com\/sl\/wp-content\/uploads\/2025\/06\/12142410\/antiage-tanning-olje.jpg","width":1104,"height":1326,"caption":"Anti-age suho olje za son\u010denje"},{"@type":"BreadcrumbList","@id":"https:\/\/activeluxe-cosmetics.com\/sl\/izdelek\/anti-age-suho-olje-za-soncenje\/#breadcrumb","itemListElement":[{"@type":"ListItem","position":1,"name":"Naslovnica","item":"https:\/\/activeluxe-cosmetics.com\/sl\/"},{"@type":"ListItem","position":2,"name":"Trgovina","item":"https:\/\/activeluxe-cosmetics.com\/sl\/trgovina\/"},{"@type":"ListItem","position":3,"name":"Anti-age suho olje za son\u010denje"}]},{"@type":"WebSite","@id":"https:\/\/activeluxe-cosmetics.com\/sl\/#website","url":"https:\/\/activeluxe-cosmetics.com\/sl\/","name":"Active Luxe Cosmetics","description":"","potentialAction":[{"@type":"SearchAction","target":{"@type":"EntryPoint","urlTemplate":"https:\/\/activeluxe-cosmetics.com\/sl\/?s={search_term_string}"},"query-input":{"@type":"PropertyValueSpecification","valueRequired":true,"valueName":"search_term_string"}}],"inLanguage":"sl-SI"}]}},"_links":{"self":[{"href":"https:\/\/activeluxe-cosmetics.com\/sl\/wp-json\/wp\/v2\/product\/99069","targetHints":{"allow":["GET"]}}],"collection":[{"href":"https:\/\/activeluxe-cosmetics.com\/sl\/wp-json\/wp\/v2\/product"}],"about":[{"href":"https:\/\/activeluxe-cosmetics.com\/sl\/wp-json\/wp\/v2\/types\/product"}],"replies":[{"embeddable":true,"href":"https:\/\/activeluxe-cosmetics.com\/sl\/wp-json\/wp\/v2\/comments?post=99069"}],"wp:featuredmedia":[{"embeddable":true,"href":"https:\/\/activeluxe-cosmetics.com\/sl\/wp-json\/wp\/v2\/media\/99539"}],"wp:attachment":[{"href":"https:\/\/activeluxe-cosmetics.com\/sl\/wp-json\/wp\/v2\/media?parent=99069"}],"wp:term":[{"taxonomy":"product_brand","embeddable":true,"href":"https:\/\/activeluxe-cosmetics.com\/sl\/wp-json\/wp\/v2\/product_brand?post=99069"},{"taxonomy":"product_cat","embeddable":true,"href":"https:\/\/activeluxe-cosmetics.com\/sl\/wp-json\/wp\/v2\/product_cat?post=99069"},{"taxonomy":"product_tag","embeddable":true,"href":"https:\/\/activeluxe-cosmetics.com\/sl\/wp-json\/wp\/v2\/product_tag?post=99069"}],"curies":[{"name":"wp","href":"https:\/\/api.w.org\/{rel}","templated":true}]}}