{"id":97093,"date":"2025-04-14T13:32:42","date_gmt":"2025-04-14T11:32:42","guid":{"rendered":"https:\/\/activeluxe-cosmetics.com\/sl\/?post_type=product&#038;p=97093"},"modified":"2026-01-08T09:45:57","modified_gmt":"2026-01-08T08:45:57","slug":"torba-za-na-plazo-its-tan-oclock","status":"publish","type":"product","link":"https:\/\/activeluxe-cosmetics.com\/sl\/izdelek\/torba-za-na-plazo-its-tan-oclock\/","title":{"rendered":"Torba za na pla\u017eo : It&#8217;s tan o&#8217;clock"},"content":{"rendered":"<p><img loading=\"lazy\" decoding=\"async\" class=\" wp-image-97100 alignright\" src=\"https:\/\/cdn.activeluxe-cosmetics.com\/sl\/wp-content\/uploads\/2025\/04\/14141855\/torba_za_na_plazo_stone-460x575.png\" alt=\"Torba za na pla\u017eo\" width=\"415\" height=\"519\" srcset=\"https:\/\/cdn.activeluxe-cosmetics.com\/sl\/wp-content\/uploads\/2025\/04\/14141855\/torba_za_na_plazo_stone-460x575.png 460w, https:\/\/cdn.activeluxe-cosmetics.com\/sl\/wp-content\/uploads\/2025\/04\/14141855\/torba_za_na_plazo_stone-819x1024.png 819w, https:\/\/cdn.activeluxe-cosmetics.com\/sl\/wp-content\/uploads\/2025\/04\/14141855\/torba_za_na_plazo_stone-768x960.png 768w, https:\/\/cdn.activeluxe-cosmetics.com\/sl\/wp-content\/uploads\/2025\/04\/14141855\/torba_za_na_plazo_stone-600x750.png 600w, https:\/\/cdn.activeluxe-cosmetics.com\/sl\/wp-content\/uploads\/2025\/04\/14141855\/torba_za_na_plazo_stone.png 1080w\" sizes=\"auto, (max-width: 415px) 100vw, 415px\" \/><\/p>\n<h2><strong>Torba za na pla\u017eo<\/strong>, ki tvojemu poletnemu stilu doda piko na i<\/h2>\n<p>Poletje je \u010das, ko \u017eeli\u0161 u\u017eivati brez skrbi &#8211; za to potrebuje\u0161<strong> pravo torbo! <\/strong>Torba za na pla\u017eo, ki bo zdru\u017eila stil, prakti\u010dnost in prostornost, je <strong>obvezna oprema za vsak poletni pobeg<\/strong>.<\/p>\n<p>Na\u0161a torba za na pla\u017eo ni le funkcionalna, ampak je tudi <strong>pravi modni dodatek<\/strong>. Na voljo je v dveh pre\u010dudovitih barvah, med katerima bo\u0161 zagotovo na\u0161la svojo najljub\u0161o. S svojo moderno obliko in prikupnim napisom <em><strong>It\u2019s tan o\u2019clock<\/strong><\/em> bo takoj pritegnila poglede.<\/p>\n<p>Vanjo lahko brez te\u017eav <strong>pospravi\u0161 vse<\/strong> \u2013 brisa\u010de, knjige, izdelke za son\u010denje, pija\u010do, telefon in vse ostale poletne obveznosti.<\/p>\n<p>Ne le, da izgleda odli\u010dno, ampak je tudi izjemno kakovostna. Trpe\u017een material in mo\u010dni \u0161ivi poskrbijo, da bo torba tvoja <strong>zvesta spremljevalka<\/strong> \u0161e dolgo po zadnjem son\u010dnem zahodu.<\/p>\n<h2 style=\"text-align: center; clear: both;\"><\/h2>\n<p>&nbsp;<\/p>\n<p><img loading=\"lazy\" decoding=\"async\" class=\" wp-image-97101 alignleft\" src=\"https:\/\/cdn.activeluxe-cosmetics.com\/sl\/wp-content\/uploads\/2025\/04\/14141906\/torba_za_na_plazo-1-460x575.png\" alt=\"Its tan oclock torba za na pla\u017eo\" width=\"438\" height=\"548\" srcset=\"https:\/\/cdn.activeluxe-cosmetics.com\/sl\/wp-content\/uploads\/2025\/04\/14141906\/torba_za_na_plazo-1-460x575.png 460w, https:\/\/cdn.activeluxe-cosmetics.com\/sl\/wp-content\/uploads\/2025\/04\/14141906\/torba_za_na_plazo-1-819x1024.png 819w, https:\/\/cdn.activeluxe-cosmetics.com\/sl\/wp-content\/uploads\/2025\/04\/14141906\/torba_za_na_plazo-1-768x960.png 768w, https:\/\/cdn.activeluxe-cosmetics.com\/sl\/wp-content\/uploads\/2025\/04\/14141906\/torba_za_na_plazo-1-600x750.png 600w, https:\/\/cdn.activeluxe-cosmetics.com\/sl\/wp-content\/uploads\/2025\/04\/14141906\/torba_za_na_plazo-1.png 1080w\" sizes=\"auto, (max-width: 438px) 100vw, 438px\" \/><\/p>\n<h2 class=\"p1\">Zakaj je <b>na\u0161a torba za na pla\u017eo prava izbira?<\/b><\/h2>\n<ul>\n<li>Prostorna in prakti\u010dna \u2013 brez te\u017eav vanjo spravi\u0161 vse, kar potrebuje\u0161 za popoln dan na pla\u017ei: brisa\u010de, knjige, son\u010dne kreme, osve\u017eilne napitke in osebne predmete<\/li>\n<li>\u00a0Dodaten notranji \u017eepek \u2013 za hitro dostopne malenkosti, kot so son\u010dna o\u010dala, telefon ali klju\u010di.<\/li>\n<li>Zapiranje z gumbom \u2013 preprosto in varno<\/li>\n<li>Trpe\u017een, pralni material \u2013 odporen na pesek, vlago in morsko nor\u010davost<\/li>\n<li>Moderna pe\u0161\u010dena barva z igrivim poletnim sporo\u010dilom<\/li>\n<li>Ve\u010dnamenska uporaba \u2013 kot torba za na pla\u017eo, nakupovalna torba ali spremljevalka na izletu.<\/li>\n<\/ul>\n<p>To je torba, za katero te bodo vsi spra\u0161evali: \u201cWow, kje si jo dobila?\u201d Popolna kombinacija subtilnega dizajna in prakti\u010dne dovr\u0161enosti jo naredi nepogre\u0161ljivo.<\/p>\n<p>Pripravi se na brezskrbno poletje z na\u0161o \u010dudovito torbo za na pla\u017eo in dodaj \u0161e na\u0161e izdelke za son\u010denje \u2013 za popoln u\u017eitek na vsakem koraku.<\/p>\n<p><iframe loading=\"lazy\" title=\"Premium Chocolate  Marmalade for deepest and darkest tan\" width=\"1020\" height=\"574\" src=\"https:\/\/www.youtube.com\/embed\/6YeClnkMgXw?feature=oembed&#038;enablejsapi=1&#038;origin=https:\/\/activeluxe-cosmetics.com\" frameborder=\"0\" allow=\"accelerometer; autoplay; clipboard-write; encrypted-media; gyroscope; picture-in-picture; web-share\" referrerpolicy=\"strict-origin-when-cross-origin\" allowfullscreen><\/iframe><\/p>\n<div style=\"display: flex; align-items: center; gap: 20px; flex-wrap: wrap;\">\n<p>&nbsp;<\/p>\n<\/div>\n","protected":false},"excerpt":{"rendered":"<p>Omejena zaoga: elegantna in prakti\u010dna torba za na pla\u017eo. Izjemno kvaliteten in pralen material.<\/p>\n<p>&nbsp;<\/p>\n","protected":false},"featured_media":97098,"comment_status":"open","ping_status":"closed","template":"","meta":[],"product_brand":[],"product_cat":[82],"product_tag":[],"class_list":{"0":"post-97093","1":"product","2":"type-product","3":"status-publish","4":"has-post-thumbnail","6":"product_cat-izdelki-za-soncenje","8":"first","9":"instock","10":"featured","11":"taxable","12":"shipping-taxable","13":"purchasable","14":"product-type-simple"},"bundled_by":[],"bundle_stock_status":"instock","bundle_stock_quantity":null,"bundle_virtual":false,"bundle_layout":"","bundle_add_to_cart_form_location":"","bundle_editable_in_cart":false,"bundle_sold_individually_context":"","bundle_item_grouping":"","bundle_min_size":"","bundle_max_size":"","bundle_price":[],"bundled_items":[],"bundle_sell_ids":[],"acf":[],"yoast_head":"<!-- This site is optimized with the Yoast SEO plugin v26.6 - https:\/\/yoast.com\/wordpress\/plugins\/seo\/ -->\n<title>Torba za na pla\u017eo - Active Luxe Cosmetics<\/title>\n<meta name=\"description\" content=\"Limited edition elegantna in prakti\u010dna torba za na pla\u017eo. Velika in prakti\u010dna z dodatnim \u017eepom. V pe\u0161\u010deni barvi. Izjemno kvaliteten in pralen material.\" \/>\n<meta name=\"robots\" content=\"noindex, follow\" \/>\n<meta property=\"og:locale\" content=\"sl_SI\" \/>\n<meta property=\"og:type\" content=\"article\" \/>\n<meta property=\"og:title\" content=\"Torba za na pla\u017eo - Active Luxe Cosmetics\" \/>\n<meta property=\"og:description\" content=\"Limited edition elegantna in prakti\u010dna torba za na pla\u017eo. Velika in prakti\u010dna z dodatnim \u017eepom. V pe\u0161\u010deni barvi. Izjemno kvaliteten in pralen material.\" \/>\n<meta property=\"og:url\" content=\"https:\/\/activeluxe-cosmetics.com\/sl\/izdelek\/torba-za-na-plazo-its-tan-oclock\/\" \/>\n<meta property=\"og:site_name\" content=\"Active Luxe Cosmetics\" \/>\n<meta property=\"article:modified_time\" content=\"2026-01-08T08:45:57+00:00\" \/>\n<meta property=\"og:image\" content=\"https:\/\/cdn.activeluxe-cosmetics.com\/sl\/wp-content\/uploads\/2025\/04\/14141839\/torba_za_na_plazo_active_luxe_stone.png\" \/>\n\t<meta property=\"og:image:width\" content=\"1080\" \/>\n\t<meta property=\"og:image:height\" content=\"1350\" \/>\n\t<meta property=\"og:image:type\" content=\"image\/png\" \/>\n<meta name=\"twitter:card\" content=\"summary_large_image\" \/>\n<meta name=\"twitter:label1\" content=\"Est. reading time\" \/>\n\t<meta name=\"twitter:data1\" content=\"3 minute\" \/>\n<script type=\"application\/ld+json\" class=\"yoast-schema-graph\">{\"@context\":\"https:\/\/schema.org\",\"@graph\":[{\"@type\":\"WebPage\",\"@id\":\"https:\/\/activeluxe-cosmetics.com\/sl\/izdelek\/torba-za-na-plazo-its-tan-oclock\/\",\"url\":\"https:\/\/activeluxe-cosmetics.com\/sl\/izdelek\/torba-za-na-plazo-its-tan-oclock\/\",\"name\":\"Torba za na pla\u017eo - Active Luxe Cosmetics\",\"isPartOf\":{\"@id\":\"https:\/\/activeluxe-cosmetics.com\/sl\/#website\"},\"primaryImageOfPage\":{\"@id\":\"https:\/\/activeluxe-cosmetics.com\/sl\/izdelek\/torba-za-na-plazo-its-tan-oclock\/#primaryimage\"},\"image\":{\"@id\":\"https:\/\/activeluxe-cosmetics.com\/sl\/izdelek\/torba-za-na-plazo-its-tan-oclock\/#primaryimage\"},\"thumbnailUrl\":\"https:\/\/cdn.activeluxe-cosmetics.com\/sl\/wp-content\/uploads\/2025\/04\/14141839\/torba_za_na_plazo_active_luxe_stone.png\",\"datePublished\":\"2025-04-14T11:32:42+00:00\",\"dateModified\":\"2026-01-08T08:45:57+00:00\",\"description\":\"Limited edition elegantna in prakti\u010dna torba za na pla\u017eo. Velika in prakti\u010dna z dodatnim \u017eepom. V pe\u0161\u010deni barvi. Izjemno kvaliteten in pralen material.\",\"breadcrumb\":{\"@id\":\"https:\/\/activeluxe-cosmetics.com\/sl\/izdelek\/torba-za-na-plazo-its-tan-oclock\/#breadcrumb\"},\"inLanguage\":\"sl-SI\",\"potentialAction\":[{\"@type\":\"ReadAction\",\"target\":[\"https:\/\/activeluxe-cosmetics.com\/sl\/izdelek\/torba-za-na-plazo-its-tan-oclock\/\"]}]},{\"@type\":\"ImageObject\",\"inLanguage\":\"sl-SI\",\"@id\":\"https:\/\/activeluxe-cosmetics.com\/sl\/izdelek\/torba-za-na-plazo-its-tan-oclock\/#primaryimage\",\"url\":\"https:\/\/cdn.activeluxe-cosmetics.com\/sl\/wp-content\/uploads\/2025\/04\/14141839\/torba_za_na_plazo_active_luxe_stone.png\",\"contentUrl\":\"https:\/\/cdn.activeluxe-cosmetics.com\/sl\/wp-content\/uploads\/2025\/04\/14141839\/torba_za_na_plazo_active_luxe_stone.png\",\"width\":1080,\"height\":1350,\"caption\":\"Active Luxe torba za na pla\u017eo\"},{\"@type\":\"BreadcrumbList\",\"@id\":\"https:\/\/activeluxe-cosmetics.com\/sl\/izdelek\/torba-za-na-plazo-its-tan-oclock\/#breadcrumb\",\"itemListElement\":[{\"@type\":\"ListItem\",\"position\":1,\"name\":\"Naslovnica\",\"item\":\"https:\/\/activeluxe-cosmetics.com\/sl\/\"},{\"@type\":\"ListItem\",\"position\":2,\"name\":\"Trgovina\",\"item\":\"https:\/\/activeluxe-cosmetics.com\/sl\/trgovina\/\"},{\"@type\":\"ListItem\",\"position\":3,\"name\":\"Torba za na pla\u017eo : It&#8217;s tan o&#8217;clock\"}]},{\"@type\":\"WebSite\",\"@id\":\"https:\/\/activeluxe-cosmetics.com\/sl\/#website\",\"url\":\"https:\/\/activeluxe-cosmetics.com\/sl\/\",\"name\":\"Active Luxe Cosmetics\",\"description\":\"\",\"potentialAction\":[{\"@type\":\"SearchAction\",\"target\":{\"@type\":\"EntryPoint\",\"urlTemplate\":\"https:\/\/activeluxe-cosmetics.com\/sl\/?s={search_term_string}\"},\"query-input\":{\"@type\":\"PropertyValueSpecification\",\"valueRequired\":true,\"valueName\":\"search_term_string\"}}],\"inLanguage\":\"sl-SI\"}]}<\/script>\n<!-- \/ Yoast SEO plugin. -->","yoast_head_json":{"title":"Torba za na pla\u017eo - Active Luxe Cosmetics","description":"Limited edition elegantna in prakti\u010dna torba za na pla\u017eo. Velika in prakti\u010dna z dodatnim \u017eepom. V pe\u0161\u010deni barvi. Izjemno kvaliteten in pralen material.","robots":{"index":"noindex","follow":"follow"},"og_locale":"sl_SI","og_type":"article","og_title":"Torba za na pla\u017eo - Active Luxe Cosmetics","og_description":"Limited edition elegantna in prakti\u010dna torba za na pla\u017eo. Velika in prakti\u010dna z dodatnim \u017eepom. V pe\u0161\u010deni barvi. Izjemno kvaliteten in pralen material.","og_url":"https:\/\/activeluxe-cosmetics.com\/sl\/izdelek\/torba-za-na-plazo-its-tan-oclock\/","og_site_name":"Active Luxe Cosmetics","article_modified_time":"2026-01-08T08:45:57+00:00","og_image":[{"width":1080,"height":1350,"url":"https:\/\/cdn.activeluxe-cosmetics.com\/sl\/wp-content\/uploads\/2025\/04\/14141839\/torba_za_na_plazo_active_luxe_stone.png","type":"image\/png"}],"twitter_card":"summary_large_image","twitter_misc":{"Est. reading time":"3 minute"},"schema":{"@context":"https:\/\/schema.org","@graph":[{"@type":"WebPage","@id":"https:\/\/activeluxe-cosmetics.com\/sl\/izdelek\/torba-za-na-plazo-its-tan-oclock\/","url":"https:\/\/activeluxe-cosmetics.com\/sl\/izdelek\/torba-za-na-plazo-its-tan-oclock\/","name":"Torba za na pla\u017eo - Active Luxe Cosmetics","isPartOf":{"@id":"https:\/\/activeluxe-cosmetics.com\/sl\/#website"},"primaryImageOfPage":{"@id":"https:\/\/activeluxe-cosmetics.com\/sl\/izdelek\/torba-za-na-plazo-its-tan-oclock\/#primaryimage"},"image":{"@id":"https:\/\/activeluxe-cosmetics.com\/sl\/izdelek\/torba-za-na-plazo-its-tan-oclock\/#primaryimage"},"thumbnailUrl":"https:\/\/cdn.activeluxe-cosmetics.com\/sl\/wp-content\/uploads\/2025\/04\/14141839\/torba_za_na_plazo_active_luxe_stone.png","datePublished":"2025-04-14T11:32:42+00:00","dateModified":"2026-01-08T08:45:57+00:00","description":"Limited edition elegantna in prakti\u010dna torba za na pla\u017eo. Velika in prakti\u010dna z dodatnim \u017eepom. V pe\u0161\u010deni barvi. Izjemno kvaliteten in pralen material.","breadcrumb":{"@id":"https:\/\/activeluxe-cosmetics.com\/sl\/izdelek\/torba-za-na-plazo-its-tan-oclock\/#breadcrumb"},"inLanguage":"sl-SI","potentialAction":[{"@type":"ReadAction","target":["https:\/\/activeluxe-cosmetics.com\/sl\/izdelek\/torba-za-na-plazo-its-tan-oclock\/"]}]},{"@type":"ImageObject","inLanguage":"sl-SI","@id":"https:\/\/activeluxe-cosmetics.com\/sl\/izdelek\/torba-za-na-plazo-its-tan-oclock\/#primaryimage","url":"https:\/\/cdn.activeluxe-cosmetics.com\/sl\/wp-content\/uploads\/2025\/04\/14141839\/torba_za_na_plazo_active_luxe_stone.png","contentUrl":"https:\/\/cdn.activeluxe-cosmetics.com\/sl\/wp-content\/uploads\/2025\/04\/14141839\/torba_za_na_plazo_active_luxe_stone.png","width":1080,"height":1350,"caption":"Active Luxe torba za na pla\u017eo"},{"@type":"BreadcrumbList","@id":"https:\/\/activeluxe-cosmetics.com\/sl\/izdelek\/torba-za-na-plazo-its-tan-oclock\/#breadcrumb","itemListElement":[{"@type":"ListItem","position":1,"name":"Naslovnica","item":"https:\/\/activeluxe-cosmetics.com\/sl\/"},{"@type":"ListItem","position":2,"name":"Trgovina","item":"https:\/\/activeluxe-cosmetics.com\/sl\/trgovina\/"},{"@type":"ListItem","position":3,"name":"Torba za na pla\u017eo : It&#8217;s tan o&#8217;clock"}]},{"@type":"WebSite","@id":"https:\/\/activeluxe-cosmetics.com\/sl\/#website","url":"https:\/\/activeluxe-cosmetics.com\/sl\/","name":"Active Luxe Cosmetics","description":"","potentialAction":[{"@type":"SearchAction","target":{"@type":"EntryPoint","urlTemplate":"https:\/\/activeluxe-cosmetics.com\/sl\/?s={search_term_string}"},"query-input":{"@type":"PropertyValueSpecification","valueRequired":true,"valueName":"search_term_string"}}],"inLanguage":"sl-SI"}]}},"_links":{"self":[{"href":"https:\/\/activeluxe-cosmetics.com\/sl\/wp-json\/wp\/v2\/product\/97093","targetHints":{"allow":["GET"]}}],"collection":[{"href":"https:\/\/activeluxe-cosmetics.com\/sl\/wp-json\/wp\/v2\/product"}],"about":[{"href":"https:\/\/activeluxe-cosmetics.com\/sl\/wp-json\/wp\/v2\/types\/product"}],"replies":[{"embeddable":true,"href":"https:\/\/activeluxe-cosmetics.com\/sl\/wp-json\/wp\/v2\/comments?post=97093"}],"wp:featuredmedia":[{"embeddable":true,"href":"https:\/\/activeluxe-cosmetics.com\/sl\/wp-json\/wp\/v2\/media\/97098"}],"wp:attachment":[{"href":"https:\/\/activeluxe-cosmetics.com\/sl\/wp-json\/wp\/v2\/media?parent=97093"}],"wp:term":[{"taxonomy":"product_brand","embeddable":true,"href":"https:\/\/activeluxe-cosmetics.com\/sl\/wp-json\/wp\/v2\/product_brand?post=97093"},{"taxonomy":"product_cat","embeddable":true,"href":"https:\/\/activeluxe-cosmetics.com\/sl\/wp-json\/wp\/v2\/product_cat?post=97093"},{"taxonomy":"product_tag","embeddable":true,"href":"https:\/\/activeluxe-cosmetics.com\/sl\/wp-json\/wp\/v2\/product_tag?post=97093"}],"curies":[{"name":"wp","href":"https:\/\/api.w.org\/{rel}","templated":true}]}}