{"id":97079,"date":"2025-04-14T12:27:16","date_gmt":"2025-04-14T10:27:16","guid":{"rendered":"https:\/\/activeluxe-cosmetics.com\/sl\/?post_type=product&#038;p=97079"},"modified":"2026-01-08T09:46:34","modified_gmt":"2026-01-08T08:46:34","slug":"active-luxe-torba-za-na-plazo","status":"publish","type":"product","link":"https:\/\/activeluxe-cosmetics.com\/sl\/izdelek\/active-luxe-torba-za-na-plazo\/","title":{"rendered":"Torba za na pla\u017eo : FanTANstic Summer!"},"content":{"rendered":"<p><img loading=\"lazy\" decoding=\"async\" class=\" wp-image-97089 alignright\" src=\"https:\/\/cdn.activeluxe-cosmetics.com\/sl\/wp-content\/uploads\/2025\/04\/14131034\/activeluxe_torbazanaplazo-460x575.png\" alt=\"Torba za na pla\u017eo Active Luze\" width=\"415\" height=\"519\" srcset=\"https:\/\/cdn.activeluxe-cosmetics.com\/sl\/wp-content\/uploads\/2025\/04\/14131034\/activeluxe_torbazanaplazo-460x575.png 460w, https:\/\/cdn.activeluxe-cosmetics.com\/sl\/wp-content\/uploads\/2025\/04\/14131034\/activeluxe_torbazanaplazo-819x1024.png 819w, https:\/\/cdn.activeluxe-cosmetics.com\/sl\/wp-content\/uploads\/2025\/04\/14131034\/activeluxe_torbazanaplazo-768x960.png 768w, https:\/\/cdn.activeluxe-cosmetics.com\/sl\/wp-content\/uploads\/2025\/04\/14131034\/activeluxe_torbazanaplazo-600x750.png 600w, https:\/\/cdn.activeluxe-cosmetics.com\/sl\/wp-content\/uploads\/2025\/04\/14131034\/activeluxe_torbazanaplazo.png 1080w\" sizes=\"auto, (max-width: 415px) 100vw, 415px\" \/><\/p>\n<h2><strong>Popolna torba za na pla\u017eo:<\/strong> stilska, prostorna in pripravljena na poletne avanture<\/h2>\n<p>Poletje kli\u010de in ti <strong>potrebuje\u0161 torbo<\/strong>, ki bo kos vsem tvojim poletnim podvigom!<\/p>\n<p>Na\u0161a torba za na pla\u017eo je <strong>oblikovana z mislijo na brezskrbne dni ob morju<\/strong>, hkrati pa ostaja zvesta tvojemu stilu. Naj bo tvoj modni izraz tako spro\u0161\u010den kot tvoje po\u010ditnice!<\/p>\n<p>Elegantna barva lososa in zabaven napis <em><strong>FanTANstic Summer! <\/strong><\/em>jo naredita edinstveno, njen prakti\u010den dizajn pa izjemno funkcionalno.<\/p>\n<p>Vanjo lahko brez te\u017eav <strong>pospravi\u0161 vse<\/strong> \u2013 brisa\u010de, knjige, izdelke za son\u010denje, pija\u010do, telefon in vse ostale poletne obveznosti.<\/p>\n<p>Ne le, da izgleda odli\u010dno, ampak je tudi izjemno kakovostna. Trpe\u017een material in mo\u010dni \u0161ivi poskrbijo, da bo torba tvoja <strong>zvesta spremljevalka<\/strong> \u0161e dolgo po zadnjem son\u010dnem zahodu.<\/p>\n<h2 style=\"text-align: center; clear: both;\"><\/h2>\n<p>&nbsp;<\/p>\n<p><img loading=\"lazy\" decoding=\"async\" class=\" wp-image-97086 alignleft\" src=\"https:\/\/cdn.activeluxe-cosmetics.com\/sl\/wp-content\/uploads\/2025\/04\/14131013\/torbazanaplazo_noemi-460x575.png\" alt=\"Torba za na pla\u017eo Active Luxe\" width=\"415\" height=\"519\" srcset=\"https:\/\/cdn.activeluxe-cosmetics.com\/sl\/wp-content\/uploads\/2025\/04\/14131013\/torbazanaplazo_noemi-460x575.png 460w, https:\/\/cdn.activeluxe-cosmetics.com\/sl\/wp-content\/uploads\/2025\/04\/14131013\/torbazanaplazo_noemi-819x1024.png 819w, https:\/\/cdn.activeluxe-cosmetics.com\/sl\/wp-content\/uploads\/2025\/04\/14131013\/torbazanaplazo_noemi-768x960.png 768w, https:\/\/cdn.activeluxe-cosmetics.com\/sl\/wp-content\/uploads\/2025\/04\/14131013\/torbazanaplazo_noemi-600x750.png 600w, https:\/\/cdn.activeluxe-cosmetics.com\/sl\/wp-content\/uploads\/2025\/04\/14131013\/torbazanaplazo_noemi.png 1080w\" sizes=\"auto, (max-width: 415px) 100vw, 415px\" \/><\/p>\n<h2><b>Tvoja nova najljub\u0161a torba za na pla\u017eo \u2013<\/b> kjer moda sre\u010da funkcionalnost<\/h2>\n<p>Kaj naredi to torbo za na pla\u017eo res posebno?<\/p>\n<ul>\n<li>Prostorna notranjost, kamor spravi\u0161 vse nujne stvari za pla\u017eo ali izlet<\/li>\n<li>Notranji \u017eepek za klju\u010de, telefon ali denarnico<\/li>\n<li>Zapiranje z gumbom za dodatno varnost<\/li>\n<li>Kakovosten, pralni material \u2013 odporen na pesek, vodo in poletno nor\u010davost<\/li>\n<li>\u010cudovita barva, ki se poda vsakemu outfitu<\/li>\n<li>Uporabna tudi kot torba za nakupovanje, bazen, piknik ali sprehod<\/li>\n<\/ul>\n<p>Pripravi se na poletje s torbo, ki je hkrati prakti\u010dna in noro prikupna. In verjemi \u2013 vpra\u0161anje <strong>\u201cKje si jo kupila?\u201d<\/strong> bo\u0161 sli\u0161ala ve\u010dkrat, kot si misli\u0161.<\/p>\n<p><iframe loading=\"lazy\" title=\"Premium Chocolate  Marmalade for deepest and darkest tan\" width=\"1020\" height=\"574\" src=\"https:\/\/www.youtube.com\/embed\/6YeClnkMgXw?feature=oembed&#038;enablejsapi=1&#038;origin=https:\/\/activeluxe-cosmetics.com\" frameborder=\"0\" allow=\"accelerometer; autoplay; clipboard-write; encrypted-media; gyroscope; picture-in-picture; web-share\" referrerpolicy=\"strict-origin-when-cross-origin\" allowfullscreen><\/iframe><\/p>\n<div style=\"display: flex; align-items: center; gap: 20px; flex-wrap: wrap;\">\n<p>&nbsp;<\/p>\n<\/div>\n","protected":false},"excerpt":{"rendered":"<p>Omejena zaloga: prakti\u010dna torba za na pla\u017eo iz zelo trpe\u017enega materiala. Primerna za pranje v pralnem stroju.<\/p>\n<p>&nbsp;<\/p>\n","protected":false},"featured_media":97084,"comment_status":"open","ping_status":"closed","template":"","meta":[],"product_brand":[],"product_cat":[82],"product_tag":[],"class_list":{"0":"post-97079","1":"product","2":"type-product","3":"status-publish","4":"has-post-thumbnail","6":"product_cat-izdelki-za-soncenje","8":"first","9":"instock","10":"featured","11":"taxable","12":"shipping-taxable","13":"purchasable","14":"product-type-simple"},"bundled_by":[],"bundle_stock_status":"instock","bundle_stock_quantity":null,"bundle_virtual":false,"bundle_layout":"","bundle_add_to_cart_form_location":"","bundle_editable_in_cart":false,"bundle_sold_individually_context":"","bundle_item_grouping":"","bundle_min_size":"","bundle_max_size":"","bundle_price":[],"bundled_items":[],"bundle_sell_ids":[],"acf":[],"yoast_head":"<!-- This site is optimized with the Yoast SEO plugin v26.6 - https:\/\/yoast.com\/wordpress\/plugins\/seo\/ -->\n<title>Torba za na pla\u017eo - Active Luxe Cosmetics<\/title>\n<meta name=\"description\" content=\"Limited edition elegantna in prakti\u010dna torba za na pla\u017eo. Velika in prakti\u010dna z dodatnim \u017eepom. Barva lososa. Izjemno kvaliteten in pralen material.\" \/>\n<meta name=\"robots\" content=\"noindex, follow\" \/>\n<meta property=\"og:locale\" content=\"sl_SI\" \/>\n<meta property=\"og:type\" content=\"article\" \/>\n<meta property=\"og:title\" content=\"Torba za na pla\u017eo - Active Luxe Cosmetics\" \/>\n<meta property=\"og:description\" content=\"Limited edition elegantna in prakti\u010dna torba za na pla\u017eo. Velika in prakti\u010dna z dodatnim \u017eepom. Barva lososa. Izjemno kvaliteten in pralen material.\" \/>\n<meta property=\"og:url\" content=\"https:\/\/activeluxe-cosmetics.com\/sl\/izdelek\/active-luxe-torba-za-na-plazo\/\" \/>\n<meta property=\"og:site_name\" content=\"Active Luxe Cosmetics\" \/>\n<meta property=\"article:modified_time\" content=\"2026-01-08T08:46:34+00:00\" \/>\n<meta property=\"og:image\" content=\"https:\/\/cdn.activeluxe-cosmetics.com\/sl\/wp-content\/uploads\/2025\/04\/14130953\/torba_za_na_plazo.png\" \/>\n\t<meta property=\"og:image:width\" content=\"1080\" \/>\n\t<meta property=\"og:image:height\" content=\"1350\" \/>\n\t<meta property=\"og:image:type\" content=\"image\/png\" \/>\n<meta name=\"twitter:card\" content=\"summary_large_image\" \/>\n<meta name=\"twitter:label1\" content=\"Est. reading time\" \/>\n\t<meta name=\"twitter:data1\" content=\"2 minuti\" \/>\n<script type=\"application\/ld+json\" class=\"yoast-schema-graph\">{\"@context\":\"https:\/\/schema.org\",\"@graph\":[{\"@type\":\"WebPage\",\"@id\":\"https:\/\/activeluxe-cosmetics.com\/sl\/izdelek\/active-luxe-torba-za-na-plazo\/\",\"url\":\"https:\/\/activeluxe-cosmetics.com\/sl\/izdelek\/active-luxe-torba-za-na-plazo\/\",\"name\":\"Torba za na pla\u017eo - Active Luxe Cosmetics\",\"isPartOf\":{\"@id\":\"https:\/\/activeluxe-cosmetics.com\/sl\/#website\"},\"primaryImageOfPage\":{\"@id\":\"https:\/\/activeluxe-cosmetics.com\/sl\/izdelek\/active-luxe-torba-za-na-plazo\/#primaryimage\"},\"image\":{\"@id\":\"https:\/\/activeluxe-cosmetics.com\/sl\/izdelek\/active-luxe-torba-za-na-plazo\/#primaryimage\"},\"thumbnailUrl\":\"https:\/\/cdn.activeluxe-cosmetics.com\/sl\/wp-content\/uploads\/2025\/04\/14130953\/torba_za_na_plazo.png\",\"datePublished\":\"2025-04-14T10:27:16+00:00\",\"dateModified\":\"2026-01-08T08:46:34+00:00\",\"description\":\"Limited edition elegantna in prakti\u010dna torba za na pla\u017eo. Velika in prakti\u010dna z dodatnim \u017eepom. Barva lososa. Izjemno kvaliteten in pralen material.\",\"breadcrumb\":{\"@id\":\"https:\/\/activeluxe-cosmetics.com\/sl\/izdelek\/active-luxe-torba-za-na-plazo\/#breadcrumb\"},\"inLanguage\":\"sl-SI\",\"potentialAction\":[{\"@type\":\"ReadAction\",\"target\":[\"https:\/\/activeluxe-cosmetics.com\/sl\/izdelek\/active-luxe-torba-za-na-plazo\/\"]}]},{\"@type\":\"ImageObject\",\"inLanguage\":\"sl-SI\",\"@id\":\"https:\/\/activeluxe-cosmetics.com\/sl\/izdelek\/active-luxe-torba-za-na-plazo\/#primaryimage\",\"url\":\"https:\/\/cdn.activeluxe-cosmetics.com\/sl\/wp-content\/uploads\/2025\/04\/14130953\/torba_za_na_plazo.png\",\"contentUrl\":\"https:\/\/cdn.activeluxe-cosmetics.com\/sl\/wp-content\/uploads\/2025\/04\/14130953\/torba_za_na_plazo.png\",\"width\":1080,\"height\":1350,\"caption\":\"Torba za na pla\u017eo Active Luxe\"},{\"@type\":\"BreadcrumbList\",\"@id\":\"https:\/\/activeluxe-cosmetics.com\/sl\/izdelek\/active-luxe-torba-za-na-plazo\/#breadcrumb\",\"itemListElement\":[{\"@type\":\"ListItem\",\"position\":1,\"name\":\"Naslovnica\",\"item\":\"https:\/\/activeluxe-cosmetics.com\/sl\/\"},{\"@type\":\"ListItem\",\"position\":2,\"name\":\"Trgovina\",\"item\":\"https:\/\/activeluxe-cosmetics.com\/sl\/trgovina\/\"},{\"@type\":\"ListItem\",\"position\":3,\"name\":\"Torba za na pla\u017eo : FanTANstic Summer!\"}]},{\"@type\":\"WebSite\",\"@id\":\"https:\/\/activeluxe-cosmetics.com\/sl\/#website\",\"url\":\"https:\/\/activeluxe-cosmetics.com\/sl\/\",\"name\":\"Active Luxe Cosmetics\",\"description\":\"\",\"potentialAction\":[{\"@type\":\"SearchAction\",\"target\":{\"@type\":\"EntryPoint\",\"urlTemplate\":\"https:\/\/activeluxe-cosmetics.com\/sl\/?s={search_term_string}\"},\"query-input\":{\"@type\":\"PropertyValueSpecification\",\"valueRequired\":true,\"valueName\":\"search_term_string\"}}],\"inLanguage\":\"sl-SI\"}]}<\/script>\n<!-- \/ Yoast SEO plugin. -->","yoast_head_json":{"title":"Torba za na pla\u017eo - Active Luxe Cosmetics","description":"Limited edition elegantna in prakti\u010dna torba za na pla\u017eo. Velika in prakti\u010dna z dodatnim \u017eepom. Barva lososa. Izjemno kvaliteten in pralen material.","robots":{"index":"noindex","follow":"follow"},"og_locale":"sl_SI","og_type":"article","og_title":"Torba za na pla\u017eo - Active Luxe Cosmetics","og_description":"Limited edition elegantna in prakti\u010dna torba za na pla\u017eo. Velika in prakti\u010dna z dodatnim \u017eepom. Barva lososa. Izjemno kvaliteten in pralen material.","og_url":"https:\/\/activeluxe-cosmetics.com\/sl\/izdelek\/active-luxe-torba-za-na-plazo\/","og_site_name":"Active Luxe Cosmetics","article_modified_time":"2026-01-08T08:46:34+00:00","og_image":[{"width":1080,"height":1350,"url":"https:\/\/cdn.activeluxe-cosmetics.com\/sl\/wp-content\/uploads\/2025\/04\/14130953\/torba_za_na_plazo.png","type":"image\/png"}],"twitter_card":"summary_large_image","twitter_misc":{"Est. reading time":"2 minuti"},"schema":{"@context":"https:\/\/schema.org","@graph":[{"@type":"WebPage","@id":"https:\/\/activeluxe-cosmetics.com\/sl\/izdelek\/active-luxe-torba-za-na-plazo\/","url":"https:\/\/activeluxe-cosmetics.com\/sl\/izdelek\/active-luxe-torba-za-na-plazo\/","name":"Torba za na pla\u017eo - Active Luxe Cosmetics","isPartOf":{"@id":"https:\/\/activeluxe-cosmetics.com\/sl\/#website"},"primaryImageOfPage":{"@id":"https:\/\/activeluxe-cosmetics.com\/sl\/izdelek\/active-luxe-torba-za-na-plazo\/#primaryimage"},"image":{"@id":"https:\/\/activeluxe-cosmetics.com\/sl\/izdelek\/active-luxe-torba-za-na-plazo\/#primaryimage"},"thumbnailUrl":"https:\/\/cdn.activeluxe-cosmetics.com\/sl\/wp-content\/uploads\/2025\/04\/14130953\/torba_za_na_plazo.png","datePublished":"2025-04-14T10:27:16+00:00","dateModified":"2026-01-08T08:46:34+00:00","description":"Limited edition elegantna in prakti\u010dna torba za na pla\u017eo. Velika in prakti\u010dna z dodatnim \u017eepom. Barva lososa. Izjemno kvaliteten in pralen material.","breadcrumb":{"@id":"https:\/\/activeluxe-cosmetics.com\/sl\/izdelek\/active-luxe-torba-za-na-plazo\/#breadcrumb"},"inLanguage":"sl-SI","potentialAction":[{"@type":"ReadAction","target":["https:\/\/activeluxe-cosmetics.com\/sl\/izdelek\/active-luxe-torba-za-na-plazo\/"]}]},{"@type":"ImageObject","inLanguage":"sl-SI","@id":"https:\/\/activeluxe-cosmetics.com\/sl\/izdelek\/active-luxe-torba-za-na-plazo\/#primaryimage","url":"https:\/\/cdn.activeluxe-cosmetics.com\/sl\/wp-content\/uploads\/2025\/04\/14130953\/torba_za_na_plazo.png","contentUrl":"https:\/\/cdn.activeluxe-cosmetics.com\/sl\/wp-content\/uploads\/2025\/04\/14130953\/torba_za_na_plazo.png","width":1080,"height":1350,"caption":"Torba za na pla\u017eo Active Luxe"},{"@type":"BreadcrumbList","@id":"https:\/\/activeluxe-cosmetics.com\/sl\/izdelek\/active-luxe-torba-za-na-plazo\/#breadcrumb","itemListElement":[{"@type":"ListItem","position":1,"name":"Naslovnica","item":"https:\/\/activeluxe-cosmetics.com\/sl\/"},{"@type":"ListItem","position":2,"name":"Trgovina","item":"https:\/\/activeluxe-cosmetics.com\/sl\/trgovina\/"},{"@type":"ListItem","position":3,"name":"Torba za na pla\u017eo : FanTANstic Summer!"}]},{"@type":"WebSite","@id":"https:\/\/activeluxe-cosmetics.com\/sl\/#website","url":"https:\/\/activeluxe-cosmetics.com\/sl\/","name":"Active Luxe Cosmetics","description":"","potentialAction":[{"@type":"SearchAction","target":{"@type":"EntryPoint","urlTemplate":"https:\/\/activeluxe-cosmetics.com\/sl\/?s={search_term_string}"},"query-input":{"@type":"PropertyValueSpecification","valueRequired":true,"valueName":"search_term_string"}}],"inLanguage":"sl-SI"}]}},"_links":{"self":[{"href":"https:\/\/activeluxe-cosmetics.com\/sl\/wp-json\/wp\/v2\/product\/97079","targetHints":{"allow":["GET"]}}],"collection":[{"href":"https:\/\/activeluxe-cosmetics.com\/sl\/wp-json\/wp\/v2\/product"}],"about":[{"href":"https:\/\/activeluxe-cosmetics.com\/sl\/wp-json\/wp\/v2\/types\/product"}],"replies":[{"embeddable":true,"href":"https:\/\/activeluxe-cosmetics.com\/sl\/wp-json\/wp\/v2\/comments?post=97079"}],"wp:featuredmedia":[{"embeddable":true,"href":"https:\/\/activeluxe-cosmetics.com\/sl\/wp-json\/wp\/v2\/media\/97084"}],"wp:attachment":[{"href":"https:\/\/activeluxe-cosmetics.com\/sl\/wp-json\/wp\/v2\/media?parent=97079"}],"wp:term":[{"taxonomy":"product_brand","embeddable":true,"href":"https:\/\/activeluxe-cosmetics.com\/sl\/wp-json\/wp\/v2\/product_brand?post=97079"},{"taxonomy":"product_cat","embeddable":true,"href":"https:\/\/activeluxe-cosmetics.com\/sl\/wp-json\/wp\/v2\/product_cat?post=97079"},{"taxonomy":"product_tag","embeddable":true,"href":"https:\/\/activeluxe-cosmetics.com\/sl\/wp-json\/wp\/v2\/product_tag?post=97079"}],"curies":[{"name":"wp","href":"https:\/\/api.w.org\/{rel}","templated":true}]}}