{"id":95265,"date":"2025-02-27T13:04:20","date_gmt":"2025-02-27T12:04:20","guid":{"rendered":"https:\/\/activeluxe-cosmetics.com\/sl\/?post_type=product&#038;p=95265"},"modified":"2026-04-30T09:59:44","modified_gmt":"2026-04-30T07:59:44","slug":"gratis-maskara-po-izbiri-serum-za-rast-trepalnic-celoletni-tretma","status":"publish","type":"product","link":"https:\/\/activeluxe-cosmetics.com\/sl\/izdelek\/gratis-maskara-po-izbiri-serum-za-rast-trepalnic-celoletni-tretma\/","title":{"rendered":"Serum za trepalnice, celoletni tretma + GRATIS maskara po izbiri"},"content":{"rendered":"<h2><img loading=\"lazy\" decoding=\"async\" class=\" wp-image-87882 alignright\" src=\"https:\/\/cdn.activeluxe-cosmetics.com\/sl\/wp-content\/uploads\/2024\/08\/28125736\/Izdelek-brez-naslova-34-1-460x575.png\" alt=\"\" width=\"453\" height=\"566\" srcset=\"https:\/\/cdn.activeluxe-cosmetics.com\/sl\/wp-content\/uploads\/2024\/08\/28125736\/Izdelek-brez-naslova-34-1-460x575.png 460w, https:\/\/cdn.activeluxe-cosmetics.com\/sl\/wp-content\/uploads\/2024\/08\/28125736\/Izdelek-brez-naslova-34-1-819x1024.png 819w, https:\/\/cdn.activeluxe-cosmetics.com\/sl\/wp-content\/uploads\/2024\/08\/28125736\/Izdelek-brez-naslova-34-1-768x960.png 768w, https:\/\/cdn.activeluxe-cosmetics.com\/sl\/wp-content\/uploads\/2024\/08\/28125736\/Izdelek-brez-naslova-34-1-600x750.png 600w, https:\/\/cdn.activeluxe-cosmetics.com\/sl\/wp-content\/uploads\/2024\/08\/28125736\/Izdelek-brez-naslova-34-1.png 1080w\" sizes=\"auto, (max-width: 453px) 100vw, 453px\" \/>Serum za tako<strong> dolge trepalnice, kamor se\u017ee pogled<\/strong><\/h2>\n<p>V tem setu prejme\u0161:<\/p>\n<ul>\n<li><strong>30 % ZNI\u017dAN serum za rast trepalnic za celoletno uporabo<\/strong>\u00a0(vsebuje 4,5 ml teko\u010dine) in<\/li>\n<li><strong>GRATIS maskaro po izbiri<\/strong> v vrednosti 20,95 eur.<\/li>\n<\/ul>\n<p>Ve\u010d kot <strong>400.000 zadovoljnih uporabnic<\/strong> potrjuje osupljive rezultate \u017ee po <strong>2 tednih uporabe<\/strong> seruma. Trepalnice postanejo <strong>dalj\u0161e<\/strong>,<strong> gostej\u0161e<\/strong>, <strong>temnej\u0161e<\/strong> in <strong>bolj privihane<\/strong>. Tvoj pogled bo postal \u0161e bolj prodoren in zapeljiv.<\/p>\n<ul>\n<li><strong>Do 50 % dalj\u0161e in gostej\u0161e trepalnice v 14 dneh<\/strong><\/li>\n<li><strong>Do 100 % dalj\u0161e in gostej\u0161e trepalnice po zaklju\u010denem tretmaju<\/strong><\/li>\n<li><strong>Do 100 % temnej\u0161e trepalnice<\/strong><\/li>\n<li><strong>Do 73 % bolj privihane trepalnice<\/strong><\/li>\n<\/ul>\n<p>&nbsp;<\/p>\n<h2 style=\"text-align: center; clear: both;\"><\/h2>\n<p>&nbsp;<\/p>\n<h2><img loading=\"lazy\" decoding=\"async\" class=\"size-medium wp-image-87774 alignleft\" src=\"https:\/\/cdn.activeluxe-cosmetics.com\/sl\/wp-content\/uploads\/2024\/08\/26102843\/Izdelek-brez-naslova-2-1-460x575.png\" alt=\"\" width=\"460\" height=\"575\" srcset=\"https:\/\/cdn.activeluxe-cosmetics.com\/sl\/wp-content\/uploads\/2024\/08\/26102843\/Izdelek-brez-naslova-2-1-460x575.png 460w, https:\/\/cdn.activeluxe-cosmetics.com\/sl\/wp-content\/uploads\/2024\/08\/26102843\/Izdelek-brez-naslova-2-1-819x1024.png 819w, https:\/\/cdn.activeluxe-cosmetics.com\/sl\/wp-content\/uploads\/2024\/08\/26102843\/Izdelek-brez-naslova-2-1-768x960.png 768w, https:\/\/cdn.activeluxe-cosmetics.com\/sl\/wp-content\/uploads\/2024\/08\/26102843\/Izdelek-brez-naslova-2-1-600x750.png 600w, https:\/\/cdn.activeluxe-cosmetics.com\/sl\/wp-content\/uploads\/2024\/08\/26102843\/Izdelek-brez-naslova-2-1.png 1080w\" sizes=\"auto, (max-width: 460px) 100vw, 460px\" \/>Izberi maskaro, <strong>ki ustreza tvoji obliki o\u010di<\/strong><\/h2>\n<p>V tem paketu lahko izbira\u0161 med na\u0161imi<strong> tremi najbolj priljubljenimi maskarami<\/strong>.<\/p>\n<ul>\n<li>Najnovej\u0161a <strong>Define Lash maskara<\/strong> s svojo sto\u017e\u010dasto oblikovano krta\u010dko omogo\u010da enostaven nanos in popolno definiranost tudi najkraj\u0161ih trepalnic v koti\u010dkih o\u010des. Trepalnice bodo kot iz sanj \u2013 <b>dolge, voluminozne in popolnoma definirane.<\/b><\/li>\n<li><strong>Infinity Lash maskara<\/strong> ima krta\u010dko v obliki pe\u0161\u010dene ure, ki trepalnice priviha in odpre pogled. Trepalnice na sredini o\u010desa zajame z osrednjim delom, kar ustvari enoten in naraven videz trepalnic. Trepalnicam podari <strong>dramati\u010den volumen<\/strong>.<\/li>\n<li><strong>Glamour Lash maskara<\/strong> za brez\u010dasen volumen in izjemno dol\u017eino. Prednost Glamour Lash maskare so mehke sinteti\u010dne krta\u010dke razli\u010dnih dol\u017ein, ki dose\u017eejo in poudarijo vse trepalnice, tudi tiste majhne v koti\u010dkih veke. Rezultat nanosa je <strong>glamurozen volumen<\/strong> in <strong>osupljiva dol\u017eina trepalnic<\/strong>.<\/li>\n<\/ul>\n<p>&nbsp;<\/p>\n<p>&nbsp;<\/p>\n<p>&nbsp;<\/p>\n<p>&nbsp;<\/p>\n<p>&nbsp;<\/p>\n<p>&nbsp;<\/p>\n<p style=\"text-align: left;\"><strong><a href=\"https:\/\/cdn.activeluxe-cosmetics.com\/sl\/wp-content\/uploads\/2025\/06\/14203107\/merilnik_za_trepalnice_active_luxe.pdf\">Prenesi svoj merilnik za trepalnice!<\/a><\/strong><br data-start=\"116\" data-end=\"119\" \/>Z njim lahko preprosto spremlja\u0161 dol\u017eino svojih trepalnic pred in po uporabi seruma. Natisni si ga, prisloni ob oko in zabele\u017ei napredek \u2013 ker vsak milimeter \u0161teje!<\/p>\n<h4 style=\"text-align: left;\">\u201cPotrdili smo nedvomen in jasen u\u010dinek kozmeti\u010dnega izdelka Active Luxe Lash na rast trepalnic. Razlika v pove\u010danju dol\u017eine trepalnic je statisti\u010dno zna\u010dilna \u017ee od 2. tedna uporabe seruma. Najve\u010djo rast smo dosegli pri eni od udele\u017eenk \u2013 v 2 tednih se je dol\u017eina njenih trepalnic pove\u010dala za kar 50 % in po 13 tednih kar za 100 %.\u201d<\/h4>\n<div>\n<p style=\"text-align: center;\"><img loading=\"lazy\" decoding=\"async\" class=\"size-full wp-image-72610 ls-is-cached lazyloaded\" src=\"https:\/\/cdn.activeluxe-cosmetics.com\/sl\/wp-content\/uploads\/2024\/01\/28150043\/Mask-group-1.png\" alt=\"\" width=\"83\" height=\"83\" data-src=\"https:\/\/cdn.activeluxe-cosmetics.com\/sl\/wp-content\/uploads\/2024\/01\/28150043\/Mask-group-1.png\" \/><\/p>\n<h4 style=\"text-align: center;\">Tako je v svoji neodvisni \u0161tudiji povedal slovenski oftalmolog dr. Beltram, ki dokazuje u\u010dinkovitost seruma.<\/h4>\n<\/div>\n","protected":false},"excerpt":{"rendered":"<p>Serum za rast trepalnic\u00a0za celoletno uporabo (30% ceneje) + GRATIS maskara po izbiri.<\/p>\n","protected":false},"featured_media":93507,"comment_status":"open","ping_status":"closed","template":"","meta":[],"product_brand":[],"product_cat":[48],"product_tag":[116],"class_list":{"0":"post-95265","1":"product","2":"type-product","3":"status-publish","4":"has-post-thumbnail","6":"product_cat-izdelki-za-nego-trepalnic","7":"product_tag-celoletni-tretma-maskara-po-izbiri","9":"first","10":"instock","11":"sale","12":"taxable","13":"shipping-taxable","14":"purchasable","15":"product-type-variable","16":"has-default-attributes"},"bundled_by":[],"bundle_stock_status":"instock","bundle_stock_quantity":null,"bundle_virtual":false,"bundle_layout":"","bundle_add_to_cart_form_location":"","bundle_editable_in_cart":false,"bundle_sold_individually_context":"","bundle_item_grouping":"","bundle_min_size":"","bundle_max_size":"","bundle_price":[],"bundled_items":[],"bundle_sell_ids":[],"acf":[],"yoast_head":"<!-- This site is optimized with the Yoast SEO plugin v26.6 - https:\/\/yoast.com\/wordpress\/plugins\/seo\/ -->\n<title>Serum za rast trepalnic + gratis maskara za trepalnice - Active Luxe<\/title>\n<meta name=\"description\" content=\"Prihrani ve\u010d kot 30% ob nakupu seruma za rast trepalnic in najljub\u0161e Active Luxe maskare. Serum za rast trepalnic navdu\u0161uje \u017ee ve\u010d kot 400.000 Slovenk.\" \/>\n<meta name=\"robots\" content=\"index, follow, max-snippet:-1, max-image-preview:large, max-video-preview:-1\" \/>\n<link rel=\"canonical\" href=\"https:\/\/activeluxe-cosmetics.com\/sl\/izdelek\/gratis-maskara-po-izbiri-serum-za-rast-trepalnic-celoletni-tretma\/\" \/>\n<meta property=\"og:locale\" content=\"sl_SI\" \/>\n<meta property=\"og:type\" content=\"article\" \/>\n<meta property=\"og:title\" content=\"Serum za rast trepalnic + gratis maskara za trepalnice - Active Luxe\" \/>\n<meta property=\"og:description\" content=\"Prihrani ve\u010d kot 30% ob nakupu seruma za rast trepalnic in najljub\u0161e Active Luxe maskare. Serum za rast trepalnic navdu\u0161uje \u017ee ve\u010d kot 400.000 Slovenk.\" \/>\n<meta property=\"og:url\" content=\"https:\/\/activeluxe-cosmetics.com\/sl\/izdelek\/gratis-maskara-po-izbiri-serum-za-rast-trepalnic-celoletni-tretma\/\" \/>\n<meta property=\"og:site_name\" content=\"Active Luxe Cosmetics\" \/>\n<meta property=\"article:modified_time\" content=\"2026-04-30T07:59:44+00:00\" \/>\n<meta property=\"og:image\" content=\"https:\/\/cdn.activeluxe-cosmetics.com\/sl\/wp-content\/uploads\/2024\/12\/16123105\/51_BundleLashSerumMascara_v2.jpg\" \/>\n\t<meta property=\"og:image:width\" content=\"1104\" \/>\n\t<meta property=\"og:image:height\" content=\"1326\" \/>\n\t<meta property=\"og:image:type\" content=\"image\/jpeg\" \/>\n<meta name=\"twitter:card\" content=\"summary_large_image\" \/>\n<meta name=\"twitter:label1\" content=\"Est. reading time\" \/>\n\t<meta name=\"twitter:data1\" content=\"3 minute\" \/>\n<script type=\"application\/ld+json\" class=\"yoast-schema-graph\">{\"@context\":\"https:\/\/schema.org\",\"@graph\":[{\"@type\":\"WebPage\",\"@id\":\"https:\/\/activeluxe-cosmetics.com\/sl\/izdelek\/gratis-maskara-po-izbiri-serum-za-rast-trepalnic-celoletni-tretma\/\",\"url\":\"https:\/\/activeluxe-cosmetics.com\/sl\/izdelek\/gratis-maskara-po-izbiri-serum-za-rast-trepalnic-celoletni-tretma\/\",\"name\":\"Serum za rast trepalnic + gratis maskara za trepalnice - Active Luxe\",\"isPartOf\":{\"@id\":\"https:\/\/activeluxe-cosmetics.com\/sl\/#website\"},\"primaryImageOfPage\":{\"@id\":\"https:\/\/activeluxe-cosmetics.com\/sl\/izdelek\/gratis-maskara-po-izbiri-serum-za-rast-trepalnic-celoletni-tretma\/#primaryimage\"},\"image\":{\"@id\":\"https:\/\/activeluxe-cosmetics.com\/sl\/izdelek\/gratis-maskara-po-izbiri-serum-za-rast-trepalnic-celoletni-tretma\/#primaryimage\"},\"thumbnailUrl\":\"https:\/\/cdn.activeluxe-cosmetics.com\/sl\/wp-content\/uploads\/2024\/12\/16123105\/51_BundleLashSerumMascara_v2.jpg\",\"datePublished\":\"2025-02-27T12:04:20+00:00\",\"dateModified\":\"2026-04-30T07:59:44+00:00\",\"description\":\"Prihrani ve\u010d kot 30% ob nakupu seruma za rast trepalnic in najljub\u0161e Active Luxe maskare. Serum za rast trepalnic navdu\u0161uje \u017ee ve\u010d kot 400.000 Slovenk.\",\"breadcrumb\":{\"@id\":\"https:\/\/activeluxe-cosmetics.com\/sl\/izdelek\/gratis-maskara-po-izbiri-serum-za-rast-trepalnic-celoletni-tretma\/#breadcrumb\"},\"inLanguage\":\"sl-SI\",\"potentialAction\":[{\"@type\":\"ReadAction\",\"target\":[\"https:\/\/activeluxe-cosmetics.com\/sl\/izdelek\/gratis-maskara-po-izbiri-serum-za-rast-trepalnic-celoletni-tretma\/\"]}]},{\"@type\":\"ImageObject\",\"inLanguage\":\"sl-SI\",\"@id\":\"https:\/\/activeluxe-cosmetics.com\/sl\/izdelek\/gratis-maskara-po-izbiri-serum-za-rast-trepalnic-celoletni-tretma\/#primaryimage\",\"url\":\"https:\/\/cdn.activeluxe-cosmetics.com\/sl\/wp-content\/uploads\/2024\/12\/16123105\/51_BundleLashSerumMascara_v2.jpg\",\"contentUrl\":\"https:\/\/cdn.activeluxe-cosmetics.com\/sl\/wp-content\/uploads\/2024\/12\/16123105\/51_BundleLashSerumMascara_v2.jpg\",\"width\":1104,\"height\":1326,\"caption\":\"Active Luxe set serum za rast trepalnic in gratis maskara po izbiri\"},{\"@type\":\"BreadcrumbList\",\"@id\":\"https:\/\/activeluxe-cosmetics.com\/sl\/izdelek\/gratis-maskara-po-izbiri-serum-za-rast-trepalnic-celoletni-tretma\/#breadcrumb\",\"itemListElement\":[{\"@type\":\"ListItem\",\"position\":1,\"name\":\"Naslovnica\",\"item\":\"https:\/\/activeluxe-cosmetics.com\/sl\/\"},{\"@type\":\"ListItem\",\"position\":2,\"name\":\"Trgovina\",\"item\":\"https:\/\/activeluxe-cosmetics.com\/sl\/trgovina\/\"},{\"@type\":\"ListItem\",\"position\":3,\"name\":\"Serum za trepalnice, celoletni tretma + GRATIS maskara po izbiri\"}]},{\"@type\":\"WebSite\",\"@id\":\"https:\/\/activeluxe-cosmetics.com\/sl\/#website\",\"url\":\"https:\/\/activeluxe-cosmetics.com\/sl\/\",\"name\":\"Active Luxe Cosmetics\",\"description\":\"\",\"potentialAction\":[{\"@type\":\"SearchAction\",\"target\":{\"@type\":\"EntryPoint\",\"urlTemplate\":\"https:\/\/activeluxe-cosmetics.com\/sl\/?s={search_term_string}\"},\"query-input\":{\"@type\":\"PropertyValueSpecification\",\"valueRequired\":true,\"valueName\":\"search_term_string\"}}],\"inLanguage\":\"sl-SI\"}]}<\/script>\n<!-- \/ Yoast SEO plugin. -->","yoast_head_json":{"title":"Serum za rast trepalnic + gratis maskara za trepalnice - Active Luxe","description":"Prihrani ve\u010d kot 30% ob nakupu seruma za rast trepalnic in najljub\u0161e Active Luxe maskare. Serum za rast trepalnic navdu\u0161uje \u017ee ve\u010d kot 400.000 Slovenk.","robots":{"index":"index","follow":"follow","max-snippet":"max-snippet:-1","max-image-preview":"max-image-preview:large","max-video-preview":"max-video-preview:-1"},"canonical":"https:\/\/activeluxe-cosmetics.com\/sl\/izdelek\/gratis-maskara-po-izbiri-serum-za-rast-trepalnic-celoletni-tretma\/","og_locale":"sl_SI","og_type":"article","og_title":"Serum za rast trepalnic + gratis maskara za trepalnice - Active Luxe","og_description":"Prihrani ve\u010d kot 30% ob nakupu seruma za rast trepalnic in najljub\u0161e Active Luxe maskare. Serum za rast trepalnic navdu\u0161uje \u017ee ve\u010d kot 400.000 Slovenk.","og_url":"https:\/\/activeluxe-cosmetics.com\/sl\/izdelek\/gratis-maskara-po-izbiri-serum-za-rast-trepalnic-celoletni-tretma\/","og_site_name":"Active Luxe Cosmetics","article_modified_time":"2026-04-30T07:59:44+00:00","og_image":[{"width":1104,"height":1326,"url":"https:\/\/cdn.activeluxe-cosmetics.com\/sl\/wp-content\/uploads\/2024\/12\/16123105\/51_BundleLashSerumMascara_v2.jpg","type":"image\/jpeg"}],"twitter_card":"summary_large_image","twitter_misc":{"Est. reading time":"3 minute"},"schema":{"@context":"https:\/\/schema.org","@graph":[{"@type":"WebPage","@id":"https:\/\/activeluxe-cosmetics.com\/sl\/izdelek\/gratis-maskara-po-izbiri-serum-za-rast-trepalnic-celoletni-tretma\/","url":"https:\/\/activeluxe-cosmetics.com\/sl\/izdelek\/gratis-maskara-po-izbiri-serum-za-rast-trepalnic-celoletni-tretma\/","name":"Serum za rast trepalnic + gratis maskara za trepalnice - Active Luxe","isPartOf":{"@id":"https:\/\/activeluxe-cosmetics.com\/sl\/#website"},"primaryImageOfPage":{"@id":"https:\/\/activeluxe-cosmetics.com\/sl\/izdelek\/gratis-maskara-po-izbiri-serum-za-rast-trepalnic-celoletni-tretma\/#primaryimage"},"image":{"@id":"https:\/\/activeluxe-cosmetics.com\/sl\/izdelek\/gratis-maskara-po-izbiri-serum-za-rast-trepalnic-celoletni-tretma\/#primaryimage"},"thumbnailUrl":"https:\/\/cdn.activeluxe-cosmetics.com\/sl\/wp-content\/uploads\/2024\/12\/16123105\/51_BundleLashSerumMascara_v2.jpg","datePublished":"2025-02-27T12:04:20+00:00","dateModified":"2026-04-30T07:59:44+00:00","description":"Prihrani ve\u010d kot 30% ob nakupu seruma za rast trepalnic in najljub\u0161e Active Luxe maskare. Serum za rast trepalnic navdu\u0161uje \u017ee ve\u010d kot 400.000 Slovenk.","breadcrumb":{"@id":"https:\/\/activeluxe-cosmetics.com\/sl\/izdelek\/gratis-maskara-po-izbiri-serum-za-rast-trepalnic-celoletni-tretma\/#breadcrumb"},"inLanguage":"sl-SI","potentialAction":[{"@type":"ReadAction","target":["https:\/\/activeluxe-cosmetics.com\/sl\/izdelek\/gratis-maskara-po-izbiri-serum-za-rast-trepalnic-celoletni-tretma\/"]}]},{"@type":"ImageObject","inLanguage":"sl-SI","@id":"https:\/\/activeluxe-cosmetics.com\/sl\/izdelek\/gratis-maskara-po-izbiri-serum-za-rast-trepalnic-celoletni-tretma\/#primaryimage","url":"https:\/\/cdn.activeluxe-cosmetics.com\/sl\/wp-content\/uploads\/2024\/12\/16123105\/51_BundleLashSerumMascara_v2.jpg","contentUrl":"https:\/\/cdn.activeluxe-cosmetics.com\/sl\/wp-content\/uploads\/2024\/12\/16123105\/51_BundleLashSerumMascara_v2.jpg","width":1104,"height":1326,"caption":"Active Luxe set serum za rast trepalnic in gratis maskara po izbiri"},{"@type":"BreadcrumbList","@id":"https:\/\/activeluxe-cosmetics.com\/sl\/izdelek\/gratis-maskara-po-izbiri-serum-za-rast-trepalnic-celoletni-tretma\/#breadcrumb","itemListElement":[{"@type":"ListItem","position":1,"name":"Naslovnica","item":"https:\/\/activeluxe-cosmetics.com\/sl\/"},{"@type":"ListItem","position":2,"name":"Trgovina","item":"https:\/\/activeluxe-cosmetics.com\/sl\/trgovina\/"},{"@type":"ListItem","position":3,"name":"Serum za trepalnice, celoletni tretma + GRATIS maskara po izbiri"}]},{"@type":"WebSite","@id":"https:\/\/activeluxe-cosmetics.com\/sl\/#website","url":"https:\/\/activeluxe-cosmetics.com\/sl\/","name":"Active Luxe Cosmetics","description":"","potentialAction":[{"@type":"SearchAction","target":{"@type":"EntryPoint","urlTemplate":"https:\/\/activeluxe-cosmetics.com\/sl\/?s={search_term_string}"},"query-input":{"@type":"PropertyValueSpecification","valueRequired":true,"valueName":"search_term_string"}}],"inLanguage":"sl-SI"}]}},"_links":{"self":[{"href":"https:\/\/activeluxe-cosmetics.com\/sl\/wp-json\/wp\/v2\/product\/95265","targetHints":{"allow":["GET"]}}],"collection":[{"href":"https:\/\/activeluxe-cosmetics.com\/sl\/wp-json\/wp\/v2\/product"}],"about":[{"href":"https:\/\/activeluxe-cosmetics.com\/sl\/wp-json\/wp\/v2\/types\/product"}],"replies":[{"embeddable":true,"href":"https:\/\/activeluxe-cosmetics.com\/sl\/wp-json\/wp\/v2\/comments?post=95265"}],"wp:featuredmedia":[{"embeddable":true,"href":"https:\/\/activeluxe-cosmetics.com\/sl\/wp-json\/wp\/v2\/media\/93507"}],"wp:attachment":[{"href":"https:\/\/activeluxe-cosmetics.com\/sl\/wp-json\/wp\/v2\/media?parent=95265"}],"wp:term":[{"taxonomy":"product_brand","embeddable":true,"href":"https:\/\/activeluxe-cosmetics.com\/sl\/wp-json\/wp\/v2\/product_brand?post=95265"},{"taxonomy":"product_cat","embeddable":true,"href":"https:\/\/activeluxe-cosmetics.com\/sl\/wp-json\/wp\/v2\/product_cat?post=95265"},{"taxonomy":"product_tag","embeddable":true,"href":"https:\/\/activeluxe-cosmetics.com\/sl\/wp-json\/wp\/v2\/product_tag?post=95265"}],"curies":[{"name":"wp","href":"https:\/\/api.w.org\/{rel}","templated":true}]}}