{"id":92933,"date":"2024-12-27T14:41:28","date_gmt":"2024-12-27T13:41:28","guid":{"rendered":"https:\/\/activeluxe-cosmetics.com\/sl\/?post_type=product&#038;p=92933"},"modified":"2026-04-16T10:34:29","modified_gmt":"2026-04-16T08:34:29","slug":"2x-sampon-za-rast-las-in-gratis-serum-za-rast-trepalnic-40-dnevni-tretma","status":"publish","type":"product","link":"https:\/\/activeluxe-cosmetics.com\/sl\/izdelek\/2x-sampon-za-rast-las-in-gratis-serum-za-rast-trepalnic-40-dnevni-tretma\/","title":{"rendered":"2x \u0161ampon za rast las in GRATIS serum za rast trepalnic, 40 dnevni tretma"},"content":{"rendered":"<p><img loading=\"lazy\" decoding=\"async\" class=\" wp-image-98331 alignright\" src=\"https:\/\/cdn.activeluxe-cosmetics.com\/sl\/wp-content\/uploads\/2025\/05\/14123611\/sampon_proti-izpadanju-460x575.png\" alt=\"\" width=\"448\" height=\"560\" srcset=\"https:\/\/cdn.activeluxe-cosmetics.com\/sl\/wp-content\/uploads\/2025\/05\/14123611\/sampon_proti-izpadanju-460x575.png 460w, https:\/\/cdn.activeluxe-cosmetics.com\/sl\/wp-content\/uploads\/2025\/05\/14123611\/sampon_proti-izpadanju-819x1024.png 819w, https:\/\/cdn.activeluxe-cosmetics.com\/sl\/wp-content\/uploads\/2025\/05\/14123611\/sampon_proti-izpadanju-768x960.png 768w, https:\/\/cdn.activeluxe-cosmetics.com\/sl\/wp-content\/uploads\/2025\/05\/14123611\/sampon_proti-izpadanju-600x750.png 600w, https:\/\/cdn.activeluxe-cosmetics.com\/sl\/wp-content\/uploads\/2025\/05\/14123611\/sampon_proti-izpadanju.png 1080w\" sizes=\"auto, (max-width: 448px) 100vw, 448px\" \/><\/p>\n<h2><strong>Prva pomo\u010d za lase,<\/strong> ki izpadajo in ne rastejo<\/h2>\n<p>Koncentrirani Active Luxe \u0161ampon proti izpadanju in za rast las vsebuje revolucionarno formulo, ki <strong>prepre\u010duje izpadanje las<\/strong>, <strong>krepi aktivne lasne me\u0161i\u010dke<\/strong> in <strong>spodbuja prekrvavitev lasi\u0161\u010da<\/strong>.<\/p>\n<p>Zagotavlja odli\u010dne rezultate<strong> tako za \u017eenske in mo\u0161ke<\/strong>, ki se spopadajo z izpadanjem las, red\u010denjem las in ple\u0161avostjo.<\/p>\n<ul>\n<li>deluje proti <strong>folikularni disfunkciji<\/strong> \u2013 o\u017eivlja lasne me\u0161i\u010dke \u017ee od prvega dne uporabe,<\/li>\n<li><strong>spodbuja krvni obtok<\/strong> v lasi\u0161\u010du, kar koreninam oz. lasnim me\u0161i\u010dkom prina\u0161a ve\u010d hranil, ki jih potrebujejo za rast,<\/li>\n<li><strong>upo\u010dasnjuje staranje<\/strong> in odmiranje lasnih me\u0161i\u010dkov,<\/li>\n<li><span data-sheets-root=\"1\" data-sheets-value=\"{&quot;1&quot;:2,&quot;2&quot;:&quot;Vidljivo ja\u010da korijen kose i strukturu kose.&quot;}\" data-sheets-userformat=\"{&quot;2&quot;:2817,&quot;3&quot;:{&quot;1&quot;:0},&quot;11&quot;:4,&quot;12&quot;:0,&quot;14&quot;:{&quot;1&quot;:2,&quot;2&quot;:16739585}}\">vidno <strong>krepi lasne korenine<\/strong> in strukturo lasu,<\/span><\/li>\n<li><span style=\"font-weight: 400;\">\u0161ampon je primeren za <strong>vsakodnevno uporabo za suho in normalno lasi\u0161\u010de<\/strong>,<\/span><\/li>\n<li><span style=\"font-weight: 400;\"><strong>deluje \u017ee od prve uporabe<\/strong>, najbolj\u0161i rezultati pa so vidni \u017ee <strong>po 6. tednih<\/strong>.<\/span><\/li>\n<\/ul>\n<h2 style=\"text-align: center; clear: both;\"><\/h2>\n<p><img loading=\"lazy\" decoding=\"async\" class=\" wp-image-98334 alignleft\" src=\"https:\/\/cdn.activeluxe-cosmetics.com\/sl\/wp-content\/uploads\/2025\/05\/14123630\/sampon-za-rast-las-460x575.png\" alt=\"\" width=\"410\" height=\"513\" srcset=\"https:\/\/cdn.activeluxe-cosmetics.com\/sl\/wp-content\/uploads\/2025\/05\/14123630\/sampon-za-rast-las-460x575.png 460w, https:\/\/cdn.activeluxe-cosmetics.com\/sl\/wp-content\/uploads\/2025\/05\/14123630\/sampon-za-rast-las-819x1024.png 819w, https:\/\/cdn.activeluxe-cosmetics.com\/sl\/wp-content\/uploads\/2025\/05\/14123630\/sampon-za-rast-las-768x960.png 768w, https:\/\/cdn.activeluxe-cosmetics.com\/sl\/wp-content\/uploads\/2025\/05\/14123630\/sampon-za-rast-las-600x750.png 600w, https:\/\/cdn.activeluxe-cosmetics.com\/sl\/wp-content\/uploads\/2025\/05\/14123630\/sampon-za-rast-las.png 1080w\" sizes=\"auto, (max-width: 410px) 100vw, 410px\" \/><\/p>\n<h2><strong>Zmanj\u0161ano izpadanje<\/strong> las \u017ee v 6. tednih<\/h2>\n<p>\u010ce so tvoji lasje <strong>suhi<\/strong>, <strong>po\u0161kodovani<\/strong> in <strong>brez sijaja<\/strong>, je Active Luxe \u0161ampon prav tako <strong>prava izbira<\/strong>! Pogosto barvanje las in uporaba elektri\u010dnih naprav lase po\u0161koduje in stanj\u0161a, kar povzro\u010di razcepljene konice, lomljenje in prekomerno izpadanje.<\/p>\n<p>Active Luxe \u0161ampon bo tvoje lase izdatno <strong>negoval in globinsko obnovil!<\/strong><\/p>\n<p>Redna uporaba \u0161ampona:<\/p>\n<ul>\n<li style=\"font-weight: 400;\" aria-level=\"1\"><span style=\"font-weight: 400;\">ohranja vitalnost lasi\u0161\u010da, kar <strong>povrne naravno gostoto las<\/strong>,<\/span><\/li>\n<li style=\"font-weight: 400;\" aria-level=\"1\"><span style=\"font-weight: 400;\">lasje so<strong> \u017ee po prvi uporabi<\/strong> mo\u010dnej\u0161i, polnej\u0161i in bolj zdravi,<\/span><\/li>\n<li style=\"font-weight: 400;\" aria-level=\"1\"><span style=\"font-weight: 400;\">edinstvena klini\u010dno testirana formula <strong>aktivira lasni me\u0161i\u010dek in ga okrepi<\/strong> &#8211; lasna korenina se oja\u010da in zato lasje manj izpadajo.<\/span><\/li>\n<li style=\"font-weight: 400;\" aria-level=\"1\"><span style=\"font-weight: 400;\">v rekordno kratkem \u010dasu prepre\u010di izpadanje las in povzro\u010di r<strong>ast novih, mladih las<\/strong>,<\/span><\/li>\n<li style=\"font-weight: 400;\" aria-level=\"1\"><span style=\"font-weight: 400;\">ob redni uporabi (vsaj 2x tedensko) prina\u0161a <strong>vidne rezulate \u017ee v 6. tednih<\/strong>.<\/span><\/li>\n<\/ul>\n<h2 style=\"text-align: center; clear: both;\"><\/h2>\n<p><img loading=\"lazy\" decoding=\"async\" class=\" wp-image-98337 alignright\" src=\"https:\/\/cdn.activeluxe-cosmetics.com\/sl\/wp-content\/uploads\/2025\/05\/14123651\/serum-za-rast-trepalnic-katarina-460x575.png\" alt=\"\" width=\"431\" height=\"539\" srcset=\"https:\/\/cdn.activeluxe-cosmetics.com\/sl\/wp-content\/uploads\/2025\/05\/14123651\/serum-za-rast-trepalnic-katarina-460x575.png 460w, https:\/\/cdn.activeluxe-cosmetics.com\/sl\/wp-content\/uploads\/2025\/05\/14123651\/serum-za-rast-trepalnic-katarina-819x1024.png 819w, https:\/\/cdn.activeluxe-cosmetics.com\/sl\/wp-content\/uploads\/2025\/05\/14123651\/serum-za-rast-trepalnic-katarina-768x960.png 768w, https:\/\/cdn.activeluxe-cosmetics.com\/sl\/wp-content\/uploads\/2025\/05\/14123651\/serum-za-rast-trepalnic-katarina-600x750.png 600w, https:\/\/cdn.activeluxe-cosmetics.com\/sl\/wp-content\/uploads\/2025\/05\/14123651\/serum-za-rast-trepalnic-katarina.png 1080w\" sizes=\"auto, (max-width: 431px) 100vw, 431px\" \/><\/p>\n<h2><strong>Serum za rast trepalnic, <\/strong>za 40 dni uporabe<\/h2>\n<p>Za Active Lash serumom za rast trepalnic stojimo \u010disto prave \u017eenske, tak\u0161ne kot si ti \u2013 zato ta edinstvena formula za podalj\u0161evanje naravnih trepalnic resni\u010dno vsebuje le <strong>skrbno izbrane<\/strong>, <strong>preizku\u0161ene<\/strong>, <strong>varne<\/strong> in <strong>u\u010dinkovite sestavine<\/strong>.<\/p>\n<p>Ve\u010d kot<strong> 400.000 zadovoljnih uporabnic<\/strong>\u00a0potrjuje osupljive rezultate\u00a0<strong>\u017ee po 2 tednih<\/strong>\u00a0uporabe seruma. Trepalnice postanejo <strong>dalj\u0161e<\/strong>, <strong>gostej\u0161e<\/strong>, <strong>temnej\u0161e<\/strong> in <strong>bolj privihane<\/strong>. <strong>Tvoj pogled bo postal \u0161e bolj prodoren in zapeljiv<\/strong>.<\/p>\n<ul>\n<li><strong>Do 50 % dalj\u0161e<\/strong>\u00a0in gostej\u0161e trepalnice v 14 dneh<\/li>\n<li><strong>Do 100 % dalj\u0161e<\/strong>\u00a0in gostej\u0161e trepalnice po zaklju\u010denem tretmaju<\/li>\n<li><span data-sheets-root=\"1\" data-sheets-value=\"{&quot;1&quot;:2,&quot;2&quot;:&quot;Do 100 % temnej\u0161e trepalnice&quot;}\" data-sheets-userformat=\"{&quot;2&quot;:14979,&quot;3&quot;:{&quot;1&quot;:0},&quot;4&quot;:{&quot;1&quot;:2,&quot;2&quot;:16777215},&quot;10&quot;:0,&quot;12&quot;:0,&quot;14&quot;:{&quot;1&quot;:2,&quot;2&quot;:0},&quot;15&quot;:&quot;Arial, sans-serif&quot;,&quot;16&quot;:10}\" data-sheets-textstyleruns=\"{&quot;1&quot;:0,&quot;2&quot;:{&quot;2&quot;:{&quot;1&quot;:2,&quot;2&quot;:10027263}}}\uee10{&quot;1&quot;:1}\"><strong>Do 100 % temnej\u0161e<\/strong>\u00a0trepalnice<\/span><\/li>\n<li><span data-sheets-root=\"1\" data-sheets-value=\"{&quot;1&quot;:2,&quot;2&quot;:&quot;Do 73 % bolj privihane trepalnice&quot;}\" data-sheets-userformat=\"{&quot;2&quot;:897,&quot;3&quot;:{&quot;1&quot;:0},&quot;10&quot;:0,&quot;11&quot;:4,&quot;12&quot;:0}\" data-sheets-textstyleruns=\"{&quot;1&quot;:0,&quot;2&quot;:{&quot;2&quot;:{&quot;1&quot;:2,&quot;2&quot;:10027263}}}\uee10{&quot;1&quot;:1}\"><strong>Do 73 % bolj privihane<\/strong>\u00a0trepalnice<\/span><\/li>\n<\/ul>\n<p>&nbsp;<\/p>\n<h2><\/h2>\n<h2><\/h2>\n<h2><\/h2>\n<h2><\/h2>\n<p>&nbsp;<\/p>\n<p>&nbsp;<\/p>\n<h2><\/h2>\n<p>&nbsp;<\/p>\n<h2><strong><img loading=\"lazy\" decoding=\"async\" class=\"wp-image-98336 alignleft\" src=\"https:\/\/cdn.activeluxe-cosmetics.com\/sl\/wp-content\/uploads\/2025\/05\/14123642\/serum-za-rast-trepalnic-before-after-460x575.png\" alt=\"\" width=\"433\" height=\"541\" srcset=\"https:\/\/cdn.activeluxe-cosmetics.com\/sl\/wp-content\/uploads\/2025\/05\/14123642\/serum-za-rast-trepalnic-before-after-460x575.png 460w, https:\/\/cdn.activeluxe-cosmetics.com\/sl\/wp-content\/uploads\/2025\/05\/14123642\/serum-za-rast-trepalnic-before-after-819x1024.png 819w, https:\/\/cdn.activeluxe-cosmetics.com\/sl\/wp-content\/uploads\/2025\/05\/14123642\/serum-za-rast-trepalnic-before-after-768x960.png 768w, https:\/\/cdn.activeluxe-cosmetics.com\/sl\/wp-content\/uploads\/2025\/05\/14123642\/serum-za-rast-trepalnic-before-after-600x750.png 600w, https:\/\/cdn.activeluxe-cosmetics.com\/sl\/wp-content\/uploads\/2025\/05\/14123642\/serum-za-rast-trepalnic-before-after.png 1080w\" sizes=\"auto, (max-width: 433px) 100vw, 433px\" \/><\/strong><\/h2>\n<h2><strong>Kako deluje serum<\/strong> za rast trepalnic?<\/h2>\n<p>\u200bStrokovnjaki s podro\u010dja kemije in farmacije so v na\u0161em laboratoriju razvili<strong>\u00a0edinstveno formulo<\/strong>\u00a0z u\u010dinkovino, ki deluje\u00a0<strong>neposredno na dla\u010dni me\u0161i\u010dek trepalnice<\/strong>\u00a0in\u00a0<strong>podalj\u0161uje njeno fazo rasti<\/strong>.<\/p>\n<p>Serum <strong>\u017ee po 2 tednih od za\u010detka uporabe<\/strong> spodbudi\u00a0<strong>vidno rast<\/strong>\u00a0tudi najtanj\u0161ih in redkih trepalnic ter prepre\u010di njihovo izpadanje.\u00a0Maksimalno dol\u017eino trepalnice dose\u017eejo\u00a0<strong>po mesecu dni redne uporabe<\/strong>\u00a0(nanos 1x dnevno).<\/p>\n<p>Active Lash serum je\u00a0<strong>klini\u010dno testiran<\/strong>, zato je primeren tudi za najbolj ob\u010dutljive o\u010di. Izdelek je veganski, popolnoma varen in ne povzro\u010da dra\u017eenja o\u010di.<\/p>\n<p>Klini\u010dne raziskave potrjuje neodvisni\u00a0<strong>slovenski oftalmolog<\/strong>,\u00a0<strong>dr. Beltram<\/strong>, ki je potrdil, da je serum za rast trepalnic 100% u\u010dinkovit in varen tudi za ob\u010dutljive o\u010di.<\/p>\n<p>Je\u00a0<strong>edini originalni slovenski serum za rast trepalnic<\/strong>\u00a0na na\u0161em trgu, zato je zajam\u010deno narejen iz preverjenih in varnih sestavin.<\/p>\n<h3 style=\"clear: both; max-width: 820px;\"><span data-sheets-root=\"1\" data-sheets-value=\"{&quot;1&quot;:2,&quot;2&quot;:&quot;Pogodno za \u017eene i mu\u0161karce. Klini\u010dki je ispitan i prikladan za svakodnevnu uporabu.n&quot;}\" data-sheets-userformat=\"{&quot;2&quot;:769,&quot;3&quot;:{&quot;1&quot;:0},&quot;11&quot;:4,&quot;12&quot;:0}\" data-sheets-textstyleruns=\"{&quot;1&quot;:0}\uee10{&quot;1&quot;:28,&quot;2&quot;:{&quot;2&quot;:{&quot;1&quot;:2,&quot;2&quot;:16739585}}}\">\u00a0<\/span><\/h3>\n<div style=\"display: flex; align-items: center; gap: 20px; flex-wrap: wrap;\">\n<p style=\"max-width: 360px;\">\n<\/div>\n","protected":false},"excerpt":{"rendered":"<p>V setu prejme\u0161 2x \u0161ampon proti izpadanju in za hitrej\u0161o rast las ter GRATIS serum za rast trepalnic, za 40 dni uporabe.<\/p>\n","protected":false},"featured_media":98332,"comment_status":"open","ping_status":"closed","template":"","meta":[],"product_brand":[],"product_cat":[53,54,48],"product_tag":[],"class_list":{"0":"post-92933","1":"product","2":"type-product","3":"status-publish","4":"has-post-thumbnail","6":"product_cat-izdelki-za-nego-las","7":"product_cat-samponi-za-profesionalno-nego-las","8":"product_cat-izdelki-za-nego-trepalnic","10":"first","11":"instock","12":"sale","13":"taxable","14":"shipping-taxable","15":"purchasable","16":"product-type-variable"},"bundled_by":[],"bundle_stock_status":"instock","bundle_stock_quantity":null,"bundle_virtual":false,"bundle_layout":"","bundle_add_to_cart_form_location":"","bundle_editable_in_cart":false,"bundle_sold_individually_context":"","bundle_item_grouping":"","bundle_min_size":"","bundle_max_size":"","bundle_price":[],"bundled_items":[],"bundle_sell_ids":[],"acf":[],"yoast_head":"<!-- This site is optimized with the Yoast SEO plugin v26.6 - https:\/\/yoast.com\/wordpress\/plugins\/seo\/ -->\n<title>2x \u0161ampon za rast las Active Luxe + gratis serum za rast trepalnic<\/title>\n<meta name=\"description\" content=\"Naju\u010dinkovitej\u0161i \u0161ampon proti izapdanju las . Opazno gostej\u0161i in obnovljeni lasje \u017ee v 6-ih tednih. Krepi aktivne lasne me\u0161i\u010dke.\" \/>\n<meta name=\"robots\" content=\"index, follow, max-snippet:-1, max-image-preview:large, max-video-preview:-1\" \/>\n<link rel=\"canonical\" href=\"https:\/\/activeluxe-cosmetics.com\/sl\/izdelek\/2x-sampon-za-rast-las-in-gratis-serum-za-rast-trepalnic-40-dnevni-tretma\/\" \/>\n<meta property=\"og:locale\" content=\"sl_SI\" \/>\n<meta property=\"og:type\" content=\"article\" \/>\n<meta property=\"og:title\" content=\"2x \u0161ampon za rast las Active Luxe + gratis serum za rast trepalnic\" \/>\n<meta property=\"og:description\" content=\"Naju\u010dinkovitej\u0161i \u0161ampon proti izapdanju las . Opazno gostej\u0161i in obnovljeni lasje \u017ee v 6-ih tednih. Krepi aktivne lasne me\u0161i\u010dke.\" \/>\n<meta property=\"og:url\" content=\"https:\/\/activeluxe-cosmetics.com\/sl\/izdelek\/2x-sampon-za-rast-las-in-gratis-serum-za-rast-trepalnic-40-dnevni-tretma\/\" \/>\n<meta property=\"og:site_name\" content=\"Active Luxe Cosmetics\" \/>\n<meta property=\"article:modified_time\" content=\"2026-04-16T08:34:29+00:00\" \/>\n<meta property=\"og:image\" content=\"https:\/\/cdn.activeluxe-cosmetics.com\/sl\/wp-content\/uploads\/2025\/05\/14123613\/sampon_za_rast_las_gratis_serum-1.jpg\" \/>\n\t<meta property=\"og:image:width\" content=\"1104\" \/>\n\t<meta property=\"og:image:height\" content=\"1326\" \/>\n\t<meta property=\"og:image:type\" content=\"image\/jpeg\" \/>\n<meta name=\"twitter:card\" content=\"summary_large_image\" \/>\n<meta name=\"twitter:label1\" content=\"Est. reading time\" \/>\n\t<meta name=\"twitter:data1\" content=\"4 minute\" \/>\n<script type=\"application\/ld+json\" class=\"yoast-schema-graph\">{\"@context\":\"https:\/\/schema.org\",\"@graph\":[{\"@type\":\"WebPage\",\"@id\":\"https:\/\/activeluxe-cosmetics.com\/sl\/izdelek\/2x-sampon-za-rast-las-in-gratis-serum-za-rast-trepalnic-40-dnevni-tretma\/\",\"url\":\"https:\/\/activeluxe-cosmetics.com\/sl\/izdelek\/2x-sampon-za-rast-las-in-gratis-serum-za-rast-trepalnic-40-dnevni-tretma\/\",\"name\":\"2x \u0161ampon za rast las Active Luxe + gratis serum za rast trepalnic\",\"isPartOf\":{\"@id\":\"https:\/\/activeluxe-cosmetics.com\/sl\/#website\"},\"primaryImageOfPage\":{\"@id\":\"https:\/\/activeluxe-cosmetics.com\/sl\/izdelek\/2x-sampon-za-rast-las-in-gratis-serum-za-rast-trepalnic-40-dnevni-tretma\/#primaryimage\"},\"image\":{\"@id\":\"https:\/\/activeluxe-cosmetics.com\/sl\/izdelek\/2x-sampon-za-rast-las-in-gratis-serum-za-rast-trepalnic-40-dnevni-tretma\/#primaryimage\"},\"thumbnailUrl\":\"https:\/\/cdn.activeluxe-cosmetics.com\/sl\/wp-content\/uploads\/2025\/05\/14123613\/sampon_za_rast_las_gratis_serum-1.jpg\",\"datePublished\":\"2024-12-27T13:41:28+00:00\",\"dateModified\":\"2026-04-16T08:34:29+00:00\",\"description\":\"Naju\u010dinkovitej\u0161i \u0161ampon proti izapdanju las . Opazno gostej\u0161i in obnovljeni lasje \u017ee v 6-ih tednih. Krepi aktivne lasne me\u0161i\u010dke.\",\"breadcrumb\":{\"@id\":\"https:\/\/activeluxe-cosmetics.com\/sl\/izdelek\/2x-sampon-za-rast-las-in-gratis-serum-za-rast-trepalnic-40-dnevni-tretma\/#breadcrumb\"},\"inLanguage\":\"sl-SI\",\"potentialAction\":[{\"@type\":\"ReadAction\",\"target\":[\"https:\/\/activeluxe-cosmetics.com\/sl\/izdelek\/2x-sampon-za-rast-las-in-gratis-serum-za-rast-trepalnic-40-dnevni-tretma\/\"]}]},{\"@type\":\"ImageObject\",\"inLanguage\":\"sl-SI\",\"@id\":\"https:\/\/activeluxe-cosmetics.com\/sl\/izdelek\/2x-sampon-za-rast-las-in-gratis-serum-za-rast-trepalnic-40-dnevni-tretma\/#primaryimage\",\"url\":\"https:\/\/cdn.activeluxe-cosmetics.com\/sl\/wp-content\/uploads\/2025\/05\/14123613\/sampon_za_rast_las_gratis_serum-1.jpg\",\"contentUrl\":\"https:\/\/cdn.activeluxe-cosmetics.com\/sl\/wp-content\/uploads\/2025\/05\/14123613\/sampon_za_rast_las_gratis_serum-1.jpg\",\"width\":1104,\"height\":1326,\"caption\":\"Serum za rast trepalnic Active Luxe\"},{\"@type\":\"BreadcrumbList\",\"@id\":\"https:\/\/activeluxe-cosmetics.com\/sl\/izdelek\/2x-sampon-za-rast-las-in-gratis-serum-za-rast-trepalnic-40-dnevni-tretma\/#breadcrumb\",\"itemListElement\":[{\"@type\":\"ListItem\",\"position\":1,\"name\":\"Naslovnica\",\"item\":\"https:\/\/activeluxe-cosmetics.com\/sl\/\"},{\"@type\":\"ListItem\",\"position\":2,\"name\":\"Trgovina\",\"item\":\"https:\/\/activeluxe-cosmetics.com\/sl\/trgovina\/\"},{\"@type\":\"ListItem\",\"position\":3,\"name\":\"2x \u0161ampon za rast las in GRATIS serum za rast trepalnic, 40 dnevni tretma\"}]},{\"@type\":\"WebSite\",\"@id\":\"https:\/\/activeluxe-cosmetics.com\/sl\/#website\",\"url\":\"https:\/\/activeluxe-cosmetics.com\/sl\/\",\"name\":\"Active Luxe Cosmetics\",\"description\":\"\",\"potentialAction\":[{\"@type\":\"SearchAction\",\"target\":{\"@type\":\"EntryPoint\",\"urlTemplate\":\"https:\/\/activeluxe-cosmetics.com\/sl\/?s={search_term_string}\"},\"query-input\":{\"@type\":\"PropertyValueSpecification\",\"valueRequired\":true,\"valueName\":\"search_term_string\"}}],\"inLanguage\":\"sl-SI\"}]}<\/script>\n<!-- \/ Yoast SEO plugin. -->","yoast_head_json":{"title":"2x \u0161ampon za rast las Active Luxe + gratis serum za rast trepalnic","description":"Naju\u010dinkovitej\u0161i \u0161ampon proti izapdanju las . Opazno gostej\u0161i in obnovljeni lasje \u017ee v 6-ih tednih. Krepi aktivne lasne me\u0161i\u010dke.","robots":{"index":"index","follow":"follow","max-snippet":"max-snippet:-1","max-image-preview":"max-image-preview:large","max-video-preview":"max-video-preview:-1"},"canonical":"https:\/\/activeluxe-cosmetics.com\/sl\/izdelek\/2x-sampon-za-rast-las-in-gratis-serum-za-rast-trepalnic-40-dnevni-tretma\/","og_locale":"sl_SI","og_type":"article","og_title":"2x \u0161ampon za rast las Active Luxe + gratis serum za rast trepalnic","og_description":"Naju\u010dinkovitej\u0161i \u0161ampon proti izapdanju las . Opazno gostej\u0161i in obnovljeni lasje \u017ee v 6-ih tednih. Krepi aktivne lasne me\u0161i\u010dke.","og_url":"https:\/\/activeluxe-cosmetics.com\/sl\/izdelek\/2x-sampon-za-rast-las-in-gratis-serum-za-rast-trepalnic-40-dnevni-tretma\/","og_site_name":"Active Luxe Cosmetics","article_modified_time":"2026-04-16T08:34:29+00:00","og_image":[{"width":1104,"height":1326,"url":"https:\/\/cdn.activeluxe-cosmetics.com\/sl\/wp-content\/uploads\/2025\/05\/14123613\/sampon_za_rast_las_gratis_serum-1.jpg","type":"image\/jpeg"}],"twitter_card":"summary_large_image","twitter_misc":{"Est. reading time":"4 minute"},"schema":{"@context":"https:\/\/schema.org","@graph":[{"@type":"WebPage","@id":"https:\/\/activeluxe-cosmetics.com\/sl\/izdelek\/2x-sampon-za-rast-las-in-gratis-serum-za-rast-trepalnic-40-dnevni-tretma\/","url":"https:\/\/activeluxe-cosmetics.com\/sl\/izdelek\/2x-sampon-za-rast-las-in-gratis-serum-za-rast-trepalnic-40-dnevni-tretma\/","name":"2x \u0161ampon za rast las Active Luxe + gratis serum za rast trepalnic","isPartOf":{"@id":"https:\/\/activeluxe-cosmetics.com\/sl\/#website"},"primaryImageOfPage":{"@id":"https:\/\/activeluxe-cosmetics.com\/sl\/izdelek\/2x-sampon-za-rast-las-in-gratis-serum-za-rast-trepalnic-40-dnevni-tretma\/#primaryimage"},"image":{"@id":"https:\/\/activeluxe-cosmetics.com\/sl\/izdelek\/2x-sampon-za-rast-las-in-gratis-serum-za-rast-trepalnic-40-dnevni-tretma\/#primaryimage"},"thumbnailUrl":"https:\/\/cdn.activeluxe-cosmetics.com\/sl\/wp-content\/uploads\/2025\/05\/14123613\/sampon_za_rast_las_gratis_serum-1.jpg","datePublished":"2024-12-27T13:41:28+00:00","dateModified":"2026-04-16T08:34:29+00:00","description":"Naju\u010dinkovitej\u0161i \u0161ampon proti izapdanju las . Opazno gostej\u0161i in obnovljeni lasje \u017ee v 6-ih tednih. Krepi aktivne lasne me\u0161i\u010dke.","breadcrumb":{"@id":"https:\/\/activeluxe-cosmetics.com\/sl\/izdelek\/2x-sampon-za-rast-las-in-gratis-serum-za-rast-trepalnic-40-dnevni-tretma\/#breadcrumb"},"inLanguage":"sl-SI","potentialAction":[{"@type":"ReadAction","target":["https:\/\/activeluxe-cosmetics.com\/sl\/izdelek\/2x-sampon-za-rast-las-in-gratis-serum-za-rast-trepalnic-40-dnevni-tretma\/"]}]},{"@type":"ImageObject","inLanguage":"sl-SI","@id":"https:\/\/activeluxe-cosmetics.com\/sl\/izdelek\/2x-sampon-za-rast-las-in-gratis-serum-za-rast-trepalnic-40-dnevni-tretma\/#primaryimage","url":"https:\/\/cdn.activeluxe-cosmetics.com\/sl\/wp-content\/uploads\/2025\/05\/14123613\/sampon_za_rast_las_gratis_serum-1.jpg","contentUrl":"https:\/\/cdn.activeluxe-cosmetics.com\/sl\/wp-content\/uploads\/2025\/05\/14123613\/sampon_za_rast_las_gratis_serum-1.jpg","width":1104,"height":1326,"caption":"Serum za rast trepalnic Active Luxe"},{"@type":"BreadcrumbList","@id":"https:\/\/activeluxe-cosmetics.com\/sl\/izdelek\/2x-sampon-za-rast-las-in-gratis-serum-za-rast-trepalnic-40-dnevni-tretma\/#breadcrumb","itemListElement":[{"@type":"ListItem","position":1,"name":"Naslovnica","item":"https:\/\/activeluxe-cosmetics.com\/sl\/"},{"@type":"ListItem","position":2,"name":"Trgovina","item":"https:\/\/activeluxe-cosmetics.com\/sl\/trgovina\/"},{"@type":"ListItem","position":3,"name":"2x \u0161ampon za rast las in GRATIS serum za rast trepalnic, 40 dnevni tretma"}]},{"@type":"WebSite","@id":"https:\/\/activeluxe-cosmetics.com\/sl\/#website","url":"https:\/\/activeluxe-cosmetics.com\/sl\/","name":"Active Luxe Cosmetics","description":"","potentialAction":[{"@type":"SearchAction","target":{"@type":"EntryPoint","urlTemplate":"https:\/\/activeluxe-cosmetics.com\/sl\/?s={search_term_string}"},"query-input":{"@type":"PropertyValueSpecification","valueRequired":true,"valueName":"search_term_string"}}],"inLanguage":"sl-SI"}]}},"_links":{"self":[{"href":"https:\/\/activeluxe-cosmetics.com\/sl\/wp-json\/wp\/v2\/product\/92933","targetHints":{"allow":["GET"]}}],"collection":[{"href":"https:\/\/activeluxe-cosmetics.com\/sl\/wp-json\/wp\/v2\/product"}],"about":[{"href":"https:\/\/activeluxe-cosmetics.com\/sl\/wp-json\/wp\/v2\/types\/product"}],"replies":[{"embeddable":true,"href":"https:\/\/activeluxe-cosmetics.com\/sl\/wp-json\/wp\/v2\/comments?post=92933"}],"wp:featuredmedia":[{"embeddable":true,"href":"https:\/\/activeluxe-cosmetics.com\/sl\/wp-json\/wp\/v2\/media\/98332"}],"wp:attachment":[{"href":"https:\/\/activeluxe-cosmetics.com\/sl\/wp-json\/wp\/v2\/media?parent=92933"}],"wp:term":[{"taxonomy":"product_brand","embeddable":true,"href":"https:\/\/activeluxe-cosmetics.com\/sl\/wp-json\/wp\/v2\/product_brand?post=92933"},{"taxonomy":"product_cat","embeddable":true,"href":"https:\/\/activeluxe-cosmetics.com\/sl\/wp-json\/wp\/v2\/product_cat?post=92933"},{"taxonomy":"product_tag","embeddable":true,"href":"https:\/\/activeluxe-cosmetics.com\/sl\/wp-json\/wp\/v2\/product_tag?post=92933"}],"curies":[{"name":"wp","href":"https:\/\/api.w.org\/{rel}","templated":true}]}}