{"id":92559,"date":"2024-12-13T16:09:47","date_gmt":"2024-12-13T15:09:47","guid":{"rendered":"https:\/\/activeluxe-cosmetics.com\/sl\/?post_type=product&#038;p=92559"},"modified":"2026-01-08T09:49:40","modified_gmt":"2026-01-08T08:49:40","slug":"serum-za-aktivno-rast-las-2","status":"publish","type":"product","link":"https:\/\/activeluxe-cosmetics.com\/sl\/izdelek\/serum-za-aktivno-rast-las-2\/","title":{"rendered":"Serum za aktivno rast las"},"content":{"rendered":"<h2><span data-sheets-root=\"1\" data-sheets-value=\"{&quot;1&quot;:2,&quot;2&quot;:&quot;Sprije\u010di ispadanje kose na vrijeme&quot;}\" data-sheets-userformat=\"{&quot;2&quot;:17281,&quot;3&quot;:{&quot;1&quot;:0},&quot;10&quot;:0,&quot;11&quot;:4,&quot;12&quot;:0,&quot;17&quot;:1}\"><img loading=\"lazy\" decoding=\"async\" class=\" wp-image-92558 alignright\" src=\"https:\/\/cdn.activeluxe-cosmetics.com\/sl\/wp-content\/uploads\/2024\/12\/13155818\/Izdelek-brez-naslova-1-1-460x575.png\" alt=\"\" width=\"380\" height=\"475\" srcset=\"https:\/\/cdn.activeluxe-cosmetics.com\/sl\/wp-content\/uploads\/2024\/12\/13155818\/Izdelek-brez-naslova-1-1-460x575.png 460w, https:\/\/cdn.activeluxe-cosmetics.com\/sl\/wp-content\/uploads\/2024\/12\/13155818\/Izdelek-brez-naslova-1-1-819x1024.png 819w, https:\/\/cdn.activeluxe-cosmetics.com\/sl\/wp-content\/uploads\/2024\/12\/13155818\/Izdelek-brez-naslova-1-1-768x960.png 768w, https:\/\/cdn.activeluxe-cosmetics.com\/sl\/wp-content\/uploads\/2024\/12\/13155818\/Izdelek-brez-naslova-1-1-600x750.png 600w, https:\/\/cdn.activeluxe-cosmetics.com\/sl\/wp-content\/uploads\/2024\/12\/13155818\/Izdelek-brez-naslova-1-1.png 1080w\" sizes=\"auto, (max-width: 380px) 100vw, 380px\" \/><strong>Prepre\u010di izpadanje las<\/strong> pravo\u010dasno!<\/span><\/h2>\n<p>\u010ce se bori\u0161 <strong>s prekomernim izpadanjem las<\/strong> ali <strong>ple\u0161avostjo<\/strong>, je Active Luxe serum za rast las idealna re\u0161itev, ki tako \u017eenskam kot mo\u0161kim pomaga do <strong>gostej\u0161ih<\/strong>, <strong>bolj zdravih<\/strong> in <strong>lep\u0161ih las<\/strong>. S stalno neprekinjeno uporabo bodo tvoji lasje <strong>vidno manj izpadali,<\/strong> korenine pa se bodo <strong>okrepile.<\/strong> Za\u010deli bodo rasti novi, mladi lasje.<\/p>\n<ul>\n<li>Prepre\u010duje izpadanje las in krepi lase.<\/li>\n<li>Pospe\u0161uje rast novih las. Vidna rast mladih las \u017ee po \u0161tirih mesecih.<\/li>\n<li>Skupaj s \u0161amponom stimulira aktivne lasne me\u0161i\u010dke.<\/li>\n<li>Zgosti, pove\u010da volumen in okrepi lase.<\/li>\n<li>Ima pH vrednost, ki je prilagojena lasi\u0161\u010du<\/li>\n<li>Ni lepljiv in je primern za vsakodnevno uporabo<\/li>\n<li>Ne povzro\u010da stranskih u\u010dinkov, alergij ali dra\u017eenja<\/li>\n<\/ul>\n<h2 style=\"text-align: center; clear: both;\"><\/h2>\n<p><img loading=\"lazy\" decoding=\"async\" class=\" wp-image-89729 alignleft\" src=\"https:\/\/cdn.activeluxe-cosmetics.com\/sl\/wp-content\/uploads\/2024\/10\/21133730\/39_Serum-460x553.jpg\" alt=\"\" width=\"380\" height=\"457\" srcset=\"https:\/\/cdn.activeluxe-cosmetics.com\/sl\/wp-content\/uploads\/2024\/10\/21133730\/39_Serum-460x553.jpg 460w, https:\/\/cdn.activeluxe-cosmetics.com\/sl\/wp-content\/uploads\/2024\/10\/21133730\/39_Serum-853x1024.jpg 853w, https:\/\/cdn.activeluxe-cosmetics.com\/sl\/wp-content\/uploads\/2024\/10\/21133730\/39_Serum-768x922.jpg 768w, https:\/\/cdn.activeluxe-cosmetics.com\/sl\/wp-content\/uploads\/2024\/10\/21133730\/39_Serum-600x721.jpg 600w, https:\/\/cdn.activeluxe-cosmetics.com\/sl\/wp-content\/uploads\/2024\/10\/21133730\/39_Serum.jpg 1104w\" sizes=\"auto, (max-width: 380px) 100vw, 380px\" \/><\/p>\n<h2><strong>Gosti lasje<\/strong> ne glede na starost in po\u010dutje!<\/h2>\n<p>Izpadanje las prizadene tako <strong>\u017eenske<\/strong> kot <strong>mo\u0161ke<\/strong>. S tem problemom se vsaj enkrat v \u017eivljenju soo\u010di kar <strong>70 % mo\u0161kih<\/strong> in <strong>40 % \u017eensk<\/strong>.<\/p>\n<p>Te\u017eave se lahko pojavijo \u017ee pred 30. letom, hitrost izpadanja las pa se od posameznika do posameznika razlikuje.<\/p>\n<p>Izapadnje las in za\u010detki ple\u0161avosti se navadno za\u010dnejo pri \u010delu in na vrhu lasi\u0161\u010da. Serum<strong> intenzivno pomaga<\/strong> vsem, ki so na dolo\u010denih delih lasi\u0161\u010da lase \u017ee izgubili in se \u017ee soo\u010dajo s ple\u0161avostjo.<\/p>\n<p>Active Luxe serum za rast las je pomagal \u017ee ve\u010d kot <strong>10.000 \u017eenskam in mo\u0161kim<\/strong> do bolj gostih in zdravih las.<\/p>\n<p>Ni lepljiv in je primeren za <strong>vsakodnevno uporabo<\/strong>. Je varen za uporabo, <strong>ne povzro\u010da stranskih u\u010dinkov<\/strong>, <strong>alergi\u010dnih reakcij<\/strong> in <strong>ne dra\u017ei lasi\u0161\u010da<\/strong>.<\/p>\n<h5><\/h5>\n<h2 style=\"text-align: center; clear: both;\"><\/h2>\n<p><img loading=\"lazy\" decoding=\"async\" class=\"wp-image-80721 alignright\" src=\"https:\/\/cdn.activeluxe-cosmetics.com\/sl\/wp-content\/uploads\/2024\/01\/28145928\/Group-392-16-460x584.jpg\" alt=\"\" width=\"380\" height=\"482\" srcset=\"https:\/\/cdn.activeluxe-cosmetics.com\/sl\/wp-content\/uploads\/2024\/01\/28145928\/Group-392-16-460x584.jpg 460w, https:\/\/cdn.activeluxe-cosmetics.com\/sl\/wp-content\/uploads\/2024\/01\/28145928\/Group-392-16.jpg 581w\" sizes=\"auto, (max-width: 380px) 100vw, 380px\" \/><\/p>\n<h2><span data-sheets-root=\"1\" data-sheets-value=\"{&quot;1&quot;:2,&quot;2&quot;:&quot;Za\u0161to je Active Hair Serum za rast kose tako u\u010dinkovit?&quot;}\" data-sheets-userformat=\"{&quot;2&quot;:17281,&quot;3&quot;:{&quot;1&quot;:0},&quot;10&quot;:0,&quot;11&quot;:4,&quot;12&quot;:0,&quot;17&quot;:1}\" data-sheets-textstyleruns=\"{&quot;1&quot;:0}\uee10{&quot;1&quot;:16,&quot;2&quot;:{&quot;2&quot;:{&quot;1&quot;:2,&quot;2&quot;:16739585}}}\uee10{&quot;1&quot;:22}\">Zakaj je Active Luxe serum za rast las<strong> edini serum, ki obeta rezultate<\/strong>?<\/span><\/h2>\n<p><strong>Mo\u010dno<\/strong> in <strong>varno<\/strong> delovanje neposredno na <strong>folikularno<\/strong> <strong>disfunkcijo<\/strong> zagotavlja hitrej\u0161o rast las in <strong>novo rast las<\/strong>, izjemna <strong>patentirana<\/strong> formula z antiandrogenimi lastnostmi u\u010dinkovito <strong>deluje proti izpadanju las<\/strong> ter z antioksidativnimi in hidratantnimi lastnostmi<strong> stimulira rast las<\/strong>.<\/p>\n<p>Edinstvena kombinacija molekul, stimulatorjev rasti las in aminokislin sestavlja <strong>naju\u010dinkovitej\u0161i serum, ki dokazano spodbuja rast las<\/strong>.<\/p>\n<p>Active Luxe serum za rast las vsebuje dokazano u\u010dinkovito koncentrirano formulo, ki skupaj s Active Luxe \u0161amponom proti izpadanju las uspe\u0161no spodbuja ponovno rast las.<\/p>\n<p>Za maximalni u\u010dinek priporo\u010damo \u0161e so\u010dasno uporabo <a href=\"https:\/\/activeluxe-cosmetics.com\/sl\/izdelek\/tonik-proti-mocnemu-izpadanju-las\/\">A<\/a>ctive Luxe tonika s trojnim delovanjem za mo\u010dne znake izpadanja las ter derma rollerja za masa\u017eo lasi\u0161\u010da<\/p>\n<p>&nbsp;<\/p>\n<p>&nbsp;<\/p>\n<p>&nbsp;<\/p>\n<p>&nbsp;<\/p>\n<p>&nbsp;<\/p>\n<p>&nbsp;<\/p>\n<p>&nbsp;<\/p>\n<p><span style=\"font-weight: 400;\"><img loading=\"lazy\" decoding=\"async\" class=\" wp-image-92555 alignleft\" src=\"https:\/\/cdn.activeluxe-cosmetics.com\/sl\/wp-content\/uploads\/2024\/12\/13155210\/Izdelek-brez-naslova-2-1-460x575.png\" alt=\"\" width=\"380\" height=\"475\" srcset=\"https:\/\/cdn.activeluxe-cosmetics.com\/sl\/wp-content\/uploads\/2024\/12\/13155210\/Izdelek-brez-naslova-2-1-460x575.png 460w, https:\/\/cdn.activeluxe-cosmetics.com\/sl\/wp-content\/uploads\/2024\/12\/13155210\/Izdelek-brez-naslova-2-1-819x1024.png 819w, https:\/\/cdn.activeluxe-cosmetics.com\/sl\/wp-content\/uploads\/2024\/12\/13155210\/Izdelek-brez-naslova-2-1-768x960.png 768w, https:\/\/cdn.activeluxe-cosmetics.com\/sl\/wp-content\/uploads\/2024\/12\/13155210\/Izdelek-brez-naslova-2-1-600x750.png 600w, https:\/\/cdn.activeluxe-cosmetics.com\/sl\/wp-content\/uploads\/2024\/12\/13155210\/Izdelek-brez-naslova-2-1.png 1080w\" sizes=\"auto, (max-width: 380px) 100vw, 380px\" \/><\/span><\/p>\n<h2><strong>Kako deluje<\/strong> serum za rast las?<\/h2>\n<p><span style=\"font-weight: 400;\">Vse faze rasti so pod vplivom razli\u010dnih hormonov,<strong> hormon DHT<\/strong> pa na cikel \u0161e dodatno vpliva tako, da povzro\u010di tanj\u0161e in \u0161ibkej\u0161e lase, ki se s \u010dasom ka\u017eejo kot ple\u0161avost oz. izguba las in kot kro\u017eno izpadanje las.<\/span><\/p>\n<p><span style=\"font-weight: 400;\">Las gre skozi <strong>tri faze rasti<\/strong> \u2013 cikel rasti las.<\/span><\/p>\n<ul>\n<li><span style=\"font-weight: 400;\">Anagena faza, je faza rasti las, ki traja 2 do 6 let. V tej fazi\u00a0 je las mo\u010dan in ne izpada spontano.<\/span><\/li>\n<li><span style=\"font-weight: 400;\">Katagena faza, je faza mirovanja, v kateri las preneha rasti. Traja od 1 do 3 tednov.<\/span><\/li>\n<li><span style=\"font-weight: 400;\">Telogena faza pa je faza izpadanja, v kateri lasni me\u0161i\u010dek odmre, las nima ve\u010d opore in zlahka odpade. Ta faza traja 2 do 4 mesece.<\/span><\/li>\n<\/ul>\n<p><span style=\"font-weight: 400;\">Klju\u010dne spojine v serumu vklju\u010dujejo <strong>zaviralce dihidrotestosterona<\/strong> (zaviralce DHT \u2013 povzro\u010ditelj ple\u0161avosti), ki so bistvenega pomena za rast las tako pri \u017eenskah kot mo\u0161kih. Serum za\u010dne delovati na celice las in o\u017eivlja lasne me\u0161i\u010dke \u017ee od prvega dne uporabe. Koliko \u010dasa traja, da vidimo rezulate, pa je odvisno od resnosti in trajanja ple\u0161avosti oz. kro\u017enega izpadanja las. Sinergi\u010dne aktivne u\u010dinkovine v serumu dokazano podpirajo rast novih las, oja\u010dajo \u017ee izrasle lase ter <strong>podalj\u0161ajo rastni cikel<\/strong>.<\/span><\/p>\n<div style=\"display: flex; align-items: center; gap: 20px; flex-wrap: wrap;\">\n<p style=\"max-width: 360px;\">\n<\/div>\n","protected":false},"excerpt":{"rendered":"<p><span data-sheets-root=\"1\" data-sheets-value=\"{&quot;1&quot;:2,&quot;2&quot;:&quot;Spodbuja rast novih las. Ni lepljiv in ne masti lasi\u0161\u010da. Za mo\u0161ke in \u017eenske.&quot;}\" data-sheets-userformat=\"{&quot;2&quot;:897,&quot;3&quot;:{&quot;1&quot;:0},&quot;10&quot;:0,&quot;11&quot;:4,&quot;12&quot;:0}\">Spodbuja rast novih las. Ni lepljiv in ne masti lasi\u0161\u010da. Za mo\u0161ke in \u017eenske.<\/span><\/p>\n","protected":false},"featured_media":89729,"comment_status":"open","ping_status":"closed","template":"","meta":[],"product_brand":[],"product_cat":[108,42],"product_tag":[114],"class_list":{"0":"post-92559","1":"product","2":"type-product","3":"status-publish","4":"has-post-thumbnail","6":"product_cat-izdelki-za-lase","7":"product_cat-nega-za-moske","8":"product_tag-set-moski","10":"first","11":"instock","12":"sale","13":"taxable","14":"shipping-taxable","15":"purchasable","16":"product-type-variable"},"bundled_by":[],"bundle_stock_status":"instock","bundle_stock_quantity":null,"bundle_virtual":false,"bundle_layout":"","bundle_add_to_cart_form_location":"","bundle_editable_in_cart":false,"bundle_sold_individually_context":"","bundle_item_grouping":"","bundle_min_size":"","bundle_max_size":"","bundle_price":[],"bundled_items":[],"bundle_sell_ids":[],"acf":[],"yoast_head":"<!-- This site is optimized with the Yoast SEO plugin v26.6 - https:\/\/yoast.com\/wordpress\/plugins\/seo\/ -->\n<title>Serum za aktivni rast las - Active Luxe Cosmetics<\/title>\n<meta name=\"description\" content=\"Active Luxe Hair serum za rast las in proti izpadanju las.\u26d4 Stimulira aktivne lasne me\u0161i\u010dke. Vidna rast mladih las \u017ee po \u0161tirih mesecih.\" \/>\n<meta name=\"robots\" content=\"index, follow, max-snippet:-1, max-image-preview:large, max-video-preview:-1\" \/>\n<link rel=\"canonical\" href=\"https:\/\/activeluxe-cosmetics.com\/sl\/izdelek\/serum-za-aktivno-rast-las-2\/\" \/>\n<meta property=\"og:locale\" content=\"sl_SI\" \/>\n<meta property=\"og:type\" content=\"article\" \/>\n<meta property=\"og:title\" content=\"Serum za aktivni rast las - Active Luxe Cosmetics\" \/>\n<meta property=\"og:description\" content=\"Active Luxe Hair serum za rast las in proti izpadanju las.\u26d4 Stimulira aktivne lasne me\u0161i\u010dke. Vidna rast mladih las \u017ee po \u0161tirih mesecih.\" \/>\n<meta property=\"og:url\" content=\"https:\/\/activeluxe-cosmetics.com\/sl\/izdelek\/serum-za-aktivno-rast-las-2\/\" \/>\n<meta property=\"og:site_name\" content=\"Active Luxe Cosmetics\" \/>\n<meta property=\"article:modified_time\" content=\"2026-01-08T08:49:40+00:00\" \/>\n<meta property=\"og:image\" content=\"https:\/\/cdn.activeluxe-cosmetics.com\/sl\/wp-content\/uploads\/2024\/10\/21133730\/39_Serum.jpg\" \/>\n\t<meta property=\"og:image:width\" content=\"1104\" \/>\n\t<meta property=\"og:image:height\" content=\"1326\" \/>\n\t<meta property=\"og:image:type\" content=\"image\/jpeg\" \/>\n<meta name=\"twitter:card\" content=\"summary_large_image\" \/>\n<meta name=\"twitter:label1\" content=\"Est. reading time\" \/>\n\t<meta name=\"twitter:data1\" content=\"4 minute\" \/>\n<script type=\"application\/ld+json\" class=\"yoast-schema-graph\">{\"@context\":\"https:\/\/schema.org\",\"@graph\":[{\"@type\":\"WebPage\",\"@id\":\"https:\/\/activeluxe-cosmetics.com\/sl\/izdelek\/serum-za-aktivno-rast-las-2\/\",\"url\":\"https:\/\/activeluxe-cosmetics.com\/sl\/izdelek\/serum-za-aktivno-rast-las-2\/\",\"name\":\"Serum za aktivni rast las - Active Luxe Cosmetics\",\"isPartOf\":{\"@id\":\"https:\/\/activeluxe-cosmetics.com\/sl\/#website\"},\"primaryImageOfPage\":{\"@id\":\"https:\/\/activeluxe-cosmetics.com\/sl\/izdelek\/serum-za-aktivno-rast-las-2\/#primaryimage\"},\"image\":{\"@id\":\"https:\/\/activeluxe-cosmetics.com\/sl\/izdelek\/serum-za-aktivno-rast-las-2\/#primaryimage\"},\"thumbnailUrl\":\"https:\/\/cdn.activeluxe-cosmetics.com\/sl\/wp-content\/uploads\/2024\/10\/21133730\/39_Serum.jpg\",\"datePublished\":\"2024-12-13T15:09:47+00:00\",\"dateModified\":\"2026-01-08T08:49:40+00:00\",\"description\":\"Active Luxe Hair serum za rast las in proti izpadanju las.\u26d4 Stimulira aktivne lasne me\u0161i\u010dke. Vidna rast mladih las \u017ee po \u0161tirih mesecih.\",\"breadcrumb\":{\"@id\":\"https:\/\/activeluxe-cosmetics.com\/sl\/izdelek\/serum-za-aktivno-rast-las-2\/#breadcrumb\"},\"inLanguage\":\"sl-SI\",\"potentialAction\":[{\"@type\":\"ReadAction\",\"target\":[\"https:\/\/activeluxe-cosmetics.com\/sl\/izdelek\/serum-za-aktivno-rast-las-2\/\"]}]},{\"@type\":\"ImageObject\",\"inLanguage\":\"sl-SI\",\"@id\":\"https:\/\/activeluxe-cosmetics.com\/sl\/izdelek\/serum-za-aktivno-rast-las-2\/#primaryimage\",\"url\":\"https:\/\/cdn.activeluxe-cosmetics.com\/sl\/wp-content\/uploads\/2024\/10\/21133730\/39_Serum.jpg\",\"contentUrl\":\"https:\/\/cdn.activeluxe-cosmetics.com\/sl\/wp-content\/uploads\/2024\/10\/21133730\/39_Serum.jpg\",\"width\":1104,\"height\":1326,\"caption\":\"Active Luxe serum za za rast las\"},{\"@type\":\"BreadcrumbList\",\"@id\":\"https:\/\/activeluxe-cosmetics.com\/sl\/izdelek\/serum-za-aktivno-rast-las-2\/#breadcrumb\",\"itemListElement\":[{\"@type\":\"ListItem\",\"position\":1,\"name\":\"Naslovnica\",\"item\":\"https:\/\/activeluxe-cosmetics.com\/sl\/\"},{\"@type\":\"ListItem\",\"position\":2,\"name\":\"Trgovina\",\"item\":\"https:\/\/activeluxe-cosmetics.com\/sl\/trgovina\/\"},{\"@type\":\"ListItem\",\"position\":3,\"name\":\"Serum za aktivno rast las\"}]},{\"@type\":\"WebSite\",\"@id\":\"https:\/\/activeluxe-cosmetics.com\/sl\/#website\",\"url\":\"https:\/\/activeluxe-cosmetics.com\/sl\/\",\"name\":\"Active Luxe Cosmetics\",\"description\":\"\",\"potentialAction\":[{\"@type\":\"SearchAction\",\"target\":{\"@type\":\"EntryPoint\",\"urlTemplate\":\"https:\/\/activeluxe-cosmetics.com\/sl\/?s={search_term_string}\"},\"query-input\":{\"@type\":\"PropertyValueSpecification\",\"valueRequired\":true,\"valueName\":\"search_term_string\"}}],\"inLanguage\":\"sl-SI\"}]}<\/script>\n<!-- \/ Yoast SEO plugin. -->","yoast_head_json":{"title":"Serum za aktivni rast las - Active Luxe Cosmetics","description":"Active Luxe Hair serum za rast las in proti izpadanju las.\u26d4 Stimulira aktivne lasne me\u0161i\u010dke. Vidna rast mladih las \u017ee po \u0161tirih mesecih.","robots":{"index":"index","follow":"follow","max-snippet":"max-snippet:-1","max-image-preview":"max-image-preview:large","max-video-preview":"max-video-preview:-1"},"canonical":"https:\/\/activeluxe-cosmetics.com\/sl\/izdelek\/serum-za-aktivno-rast-las-2\/","og_locale":"sl_SI","og_type":"article","og_title":"Serum za aktivni rast las - Active Luxe Cosmetics","og_description":"Active Luxe Hair serum za rast las in proti izpadanju las.\u26d4 Stimulira aktivne lasne me\u0161i\u010dke. Vidna rast mladih las \u017ee po \u0161tirih mesecih.","og_url":"https:\/\/activeluxe-cosmetics.com\/sl\/izdelek\/serum-za-aktivno-rast-las-2\/","og_site_name":"Active Luxe Cosmetics","article_modified_time":"2026-01-08T08:49:40+00:00","og_image":[{"width":1104,"height":1326,"url":"https:\/\/cdn.activeluxe-cosmetics.com\/sl\/wp-content\/uploads\/2024\/10\/21133730\/39_Serum.jpg","type":"image\/jpeg"}],"twitter_card":"summary_large_image","twitter_misc":{"Est. reading time":"4 minute"},"schema":{"@context":"https:\/\/schema.org","@graph":[{"@type":"WebPage","@id":"https:\/\/activeluxe-cosmetics.com\/sl\/izdelek\/serum-za-aktivno-rast-las-2\/","url":"https:\/\/activeluxe-cosmetics.com\/sl\/izdelek\/serum-za-aktivno-rast-las-2\/","name":"Serum za aktivni rast las - Active Luxe Cosmetics","isPartOf":{"@id":"https:\/\/activeluxe-cosmetics.com\/sl\/#website"},"primaryImageOfPage":{"@id":"https:\/\/activeluxe-cosmetics.com\/sl\/izdelek\/serum-za-aktivno-rast-las-2\/#primaryimage"},"image":{"@id":"https:\/\/activeluxe-cosmetics.com\/sl\/izdelek\/serum-za-aktivno-rast-las-2\/#primaryimage"},"thumbnailUrl":"https:\/\/cdn.activeluxe-cosmetics.com\/sl\/wp-content\/uploads\/2024\/10\/21133730\/39_Serum.jpg","datePublished":"2024-12-13T15:09:47+00:00","dateModified":"2026-01-08T08:49:40+00:00","description":"Active Luxe Hair serum za rast las in proti izpadanju las.\u26d4 Stimulira aktivne lasne me\u0161i\u010dke. Vidna rast mladih las \u017ee po \u0161tirih mesecih.","breadcrumb":{"@id":"https:\/\/activeluxe-cosmetics.com\/sl\/izdelek\/serum-za-aktivno-rast-las-2\/#breadcrumb"},"inLanguage":"sl-SI","potentialAction":[{"@type":"ReadAction","target":["https:\/\/activeluxe-cosmetics.com\/sl\/izdelek\/serum-za-aktivno-rast-las-2\/"]}]},{"@type":"ImageObject","inLanguage":"sl-SI","@id":"https:\/\/activeluxe-cosmetics.com\/sl\/izdelek\/serum-za-aktivno-rast-las-2\/#primaryimage","url":"https:\/\/cdn.activeluxe-cosmetics.com\/sl\/wp-content\/uploads\/2024\/10\/21133730\/39_Serum.jpg","contentUrl":"https:\/\/cdn.activeluxe-cosmetics.com\/sl\/wp-content\/uploads\/2024\/10\/21133730\/39_Serum.jpg","width":1104,"height":1326,"caption":"Active Luxe serum za za rast las"},{"@type":"BreadcrumbList","@id":"https:\/\/activeluxe-cosmetics.com\/sl\/izdelek\/serum-za-aktivno-rast-las-2\/#breadcrumb","itemListElement":[{"@type":"ListItem","position":1,"name":"Naslovnica","item":"https:\/\/activeluxe-cosmetics.com\/sl\/"},{"@type":"ListItem","position":2,"name":"Trgovina","item":"https:\/\/activeluxe-cosmetics.com\/sl\/trgovina\/"},{"@type":"ListItem","position":3,"name":"Serum za aktivno rast las"}]},{"@type":"WebSite","@id":"https:\/\/activeluxe-cosmetics.com\/sl\/#website","url":"https:\/\/activeluxe-cosmetics.com\/sl\/","name":"Active Luxe Cosmetics","description":"","potentialAction":[{"@type":"SearchAction","target":{"@type":"EntryPoint","urlTemplate":"https:\/\/activeluxe-cosmetics.com\/sl\/?s={search_term_string}"},"query-input":{"@type":"PropertyValueSpecification","valueRequired":true,"valueName":"search_term_string"}}],"inLanguage":"sl-SI"}]}},"_links":{"self":[{"href":"https:\/\/activeluxe-cosmetics.com\/sl\/wp-json\/wp\/v2\/product\/92559","targetHints":{"allow":["GET"]}}],"collection":[{"href":"https:\/\/activeluxe-cosmetics.com\/sl\/wp-json\/wp\/v2\/product"}],"about":[{"href":"https:\/\/activeluxe-cosmetics.com\/sl\/wp-json\/wp\/v2\/types\/product"}],"replies":[{"embeddable":true,"href":"https:\/\/activeluxe-cosmetics.com\/sl\/wp-json\/wp\/v2\/comments?post=92559"}],"wp:featuredmedia":[{"embeddable":true,"href":"https:\/\/activeluxe-cosmetics.com\/sl\/wp-json\/wp\/v2\/media\/89729"}],"wp:attachment":[{"href":"https:\/\/activeluxe-cosmetics.com\/sl\/wp-json\/wp\/v2\/media?parent=92559"}],"wp:term":[{"taxonomy":"product_brand","embeddable":true,"href":"https:\/\/activeluxe-cosmetics.com\/sl\/wp-json\/wp\/v2\/product_brand?post=92559"},{"taxonomy":"product_cat","embeddable":true,"href":"https:\/\/activeluxe-cosmetics.com\/sl\/wp-json\/wp\/v2\/product_cat?post=92559"},{"taxonomy":"product_tag","embeddable":true,"href":"https:\/\/activeluxe-cosmetics.com\/sl\/wp-json\/wp\/v2\/product_tag?post=92559"}],"curies":[{"name":"wp","href":"https:\/\/api.w.org\/{rel}","templated":true}]}}