{"id":92557,"date":"2024-12-13T15:57:05","date_gmt":"2024-12-13T14:57:05","guid":{"rendered":"https:\/\/activeluxe-cosmetics.com\/sl\/?post_type=product&#038;p=92557"},"modified":"2026-03-20T10:46:11","modified_gmt":"2026-03-20T09:46:11","slug":"tonik-za-aktivno-rast-las-in-proti-izpadanju-las-s-trojnim-delovanjem-2","status":"publish","type":"product","link":"https:\/\/activeluxe-cosmetics.com\/sl\/izdelek\/tonik-za-aktivno-rast-las-in-proti-izpadanju-las-s-trojnim-delovanjem-2\/","title":{"rendered":"Tonik za aktivno rast las in proti izpadanju las"},"content":{"rendered":"<p><img loading=\"lazy\" decoding=\"async\" class=\" wp-image-89691 alignright\" src=\"https:\/\/cdn.activeluxe-cosmetics.com\/sl\/wp-content\/uploads\/2024\/10\/21091431\/alc_hair_tonic-460x575.png\" alt=\"\" width=\"430\" height=\"538\" srcset=\"https:\/\/cdn.activeluxe-cosmetics.com\/sl\/wp-content\/uploads\/2024\/10\/21091431\/alc_hair_tonic-460x575.png 460w, https:\/\/cdn.activeluxe-cosmetics.com\/sl\/wp-content\/uploads\/2024\/10\/21091431\/alc_hair_tonic-819x1024.png 819w, https:\/\/cdn.activeluxe-cosmetics.com\/sl\/wp-content\/uploads\/2024\/10\/21091431\/alc_hair_tonic-768x960.png 768w, https:\/\/cdn.activeluxe-cosmetics.com\/sl\/wp-content\/uploads\/2024\/10\/21091431\/alc_hair_tonic-600x750.png 600w, https:\/\/cdn.activeluxe-cosmetics.com\/sl\/wp-content\/uploads\/2024\/10\/21091431\/alc_hair_tonic.png 1080w\" sizes=\"auto, (max-width: 430px) 100vw, 430px\" \/><\/p>\n<h2><strong>Izjemna u\u010dinkovitost<\/strong> dokazana s \u0161tevilkami<\/h2>\n<p><span data-sheets-root=\"1\" data-sheets-value=\"{&quot;1&quot;:2,&quot;2&quot;:&quot;Active Luxe Hair Tonik klini\u010dki dokazano smanjuje gubitak kose za 46%, a pove\u0107ava gusto\u0107u kose za 121% pomo\u0107u aktivnih patentiranih sastojaka.nn&quot;}\" data-sheets-userformat=\"{&quot;2&quot;:769,&quot;3&quot;:{&quot;1&quot;:0},&quot;11&quot;:4,&quot;12&quot;:0}\" data-sheets-textstyleruns=\"{&quot;1&quot;:0,&quot;2&quot;:{&quot;2&quot;:{&quot;1&quot;:2,&quot;2&quot;:16739585}}}\uee10{&quot;1&quot;:22}\">Tonik vsebuje aktivne patentirane sestavine, ki klini\u010dno dokazano za <strong>46% zmanj\u0161ujejo izpadanje las<\/strong> ter za <strong>121% pove\u010dajo gostoto las<\/strong>.<br \/>\n<\/span><\/p>\n<ul>\n<li>Prepre\u010duje izpadanje las in spodbuja ponovno ras las<\/li>\n<li>Pospe\u0161uje <strong>mikrocirkulacijo<\/strong> lasi\u0161\u010da<\/li>\n<li>Lase zgosti in <strong>globinsko oja\u010da<\/strong><\/li>\n<li>Skupaj s \u0161amponom stimulira <strong>aktivne lasne me\u0161i\u010dke<\/strong><\/li>\n<\/ul>\n<p>Da bi razumeli vzroke izpadanja las, moramo razumeti cikel rasti las. Las gre skozi <strong>tri faze<\/strong>: <strong>fazo rasti<\/strong>, v kateri je las mo\u010dan in ne izpada spontano, skozi<strong> fazo mirovanja<\/strong> v kateri las preneha rasti in miruje, ter <strong>fazo izpadanja<\/strong>, v kateri lasni me\u0161i\u010dek odmre, las pa izpade.<\/p>\n<p>Vse faze rasti so pod vplivom razli\u010dnih hormonov, <strong>hormon DHT<\/strong> pa na cikel \u0161e dodatno vpliva tako, da povzro\u010di tanj\u0161e in \u0161ibkej\u0161e lase, ki se s \u010dasom ka\u017eejo kot izguba las, ple\u0161avost ali kro\u017eno izpadanje las.<\/p>\n<h2 style=\"text-align: center; clear: both;\"><\/h2>\n<p><img loading=\"lazy\" decoding=\"async\" class=\" wp-image-92558 alignleft\" src=\"https:\/\/cdn.activeluxe-cosmetics.com\/sl\/wp-content\/uploads\/2024\/12\/13155818\/Izdelek-brez-naslova-1-1-460x575.png\" alt=\"\" width=\"430\" height=\"538\" srcset=\"https:\/\/cdn.activeluxe-cosmetics.com\/sl\/wp-content\/uploads\/2024\/12\/13155818\/Izdelek-brez-naslova-1-1-460x575.png 460w, https:\/\/cdn.activeluxe-cosmetics.com\/sl\/wp-content\/uploads\/2024\/12\/13155818\/Izdelek-brez-naslova-1-1-819x1024.png 819w, https:\/\/cdn.activeluxe-cosmetics.com\/sl\/wp-content\/uploads\/2024\/12\/13155818\/Izdelek-brez-naslova-1-1-768x960.png 768w, https:\/\/cdn.activeluxe-cosmetics.com\/sl\/wp-content\/uploads\/2024\/12\/13155818\/Izdelek-brez-naslova-1-1-600x750.png 600w, https:\/\/cdn.activeluxe-cosmetics.com\/sl\/wp-content\/uploads\/2024\/12\/13155818\/Izdelek-brez-naslova-1-1.png 1080w\" sizes=\"auto, (max-width: 430px) 100vw, 430px\" \/><\/p>\n<h2>Intenzivni koncentrat s <strong>trojnim mo\u010dnim delovanjem\u00a0<\/strong><\/h2>\n<p>Napredna formula je zasnovana na podlagi skrbno izbranih in klini\u010dno testiranih sestavin, ki so v boju proti izpadanju las nepremagljive.<\/p>\n<p>&#8211; <strong>Biotinoyl \u2013 GHK<\/strong>: Sestavina, ki prodira globoko v lasi\u0161\u010de, spodbuja celi\u010dno presnovo ter obnavlja oslabljene lasne me\u0161i\u010dke \u2013 deluje proti folikularni disfunkciji<\/p>\n<p>&#8211; <strong>Apigenin<\/strong>: Sestavina, ki deluje antioksidantno ter pospe\u0161uje mikrocirkulacijo oz. prekrvavitev lasi\u0161\u010da.<\/p>\n<p>&#8211; <strong>Oleanolna kislina<\/strong>: Nastopa kot mo\u010dan zaviralec encima, ki je odgovoren za pretvorbo hormona testosterona v hormon dihidrotestosteron (DHT), ki je glavni povzro\u010ditelj izpadanja las in ple\u0161avosti.<\/p>\n<ul>\n<li>Enostaven in ciljni nanos<\/li>\n<li>Primeren za vsakodnevno uporabo<\/li>\n<li>Trojno delovanjue<\/li>\n<li>Vidni rezultati \u017ee v 4 mesecih<\/li>\n<\/ul>\n<h2 style=\"text-align: center; clear: both;\"><\/h2>\n<h2><strong><img loading=\"lazy\" decoding=\"async\" class=\"size-medium wp-image-89692 alignright\" src=\"https:\/\/cdn.activeluxe-cosmetics.com\/sl\/wp-content\/uploads\/2024\/10\/21091519\/hair_linija-460x575.png\" alt=\"\" width=\"460\" height=\"575\" srcset=\"https:\/\/cdn.activeluxe-cosmetics.com\/sl\/wp-content\/uploads\/2024\/10\/21091519\/hair_linija-460x575.png 460w, https:\/\/cdn.activeluxe-cosmetics.com\/sl\/wp-content\/uploads\/2024\/10\/21091519\/hair_linija-819x1024.png 819w, https:\/\/cdn.activeluxe-cosmetics.com\/sl\/wp-content\/uploads\/2024\/10\/21091519\/hair_linija-768x960.png 768w, https:\/\/cdn.activeluxe-cosmetics.com\/sl\/wp-content\/uploads\/2024\/10\/21091519\/hair_linija-600x750.png 600w, https:\/\/cdn.activeluxe-cosmetics.com\/sl\/wp-content\/uploads\/2024\/10\/21091519\/hair_linija.png 1080w\" sizes=\"auto, (max-width: 460px) 100vw, 460px\" \/>Pravo\u010dasno ustavi <\/strong>izpadanje las!<strong><br \/>\n<\/strong><\/h2>\n<p>\u010ce se bori\u0161 s ple\u0161avostjo ali prekomernim izpadanjem las, je Active Luxe tonik proti izpadanju las idealna re\u0161itev, ki \u017eenskam in mo\u0161kim pomaga do gostej\u0161ih, bolj zdravih in lep\u0161ih las.<\/p>\n<p>Za vidne rezultate priporo\u010damo \u0161e <a href=\"https:\/\/activeluxe-cosmetics.com\/sl\/izdelek\/sampon-za-aktivno-rast-in-proti-izpadanju-las\/\">Active Luxe \u0161ampon proti izpadanju las<\/a>, <a href=\"https:\/\/activeluxe-cosmetics.com\/sl\/izdelek\/serum-za-aktivno-rast-las\/\">serum za rast las<\/a> in <a href=\"https:\/\/activeluxe-cosmetics.com\/sl\/izdelek\/derma-roller-za-rast-las\/\">derma roller<\/a> za aktivno masa\u017eo lasi\u0161\u010da. Najbolj\u0161i rezulati se poka\u017eejo okrog <strong>4. meseca uporabe<\/strong>.<\/p>\n<p>Tonik ne masti las. Za\u010dni ga uporabljati takoj, ko opazi\u0161 red\u010denje las na temenih, pri \u010delu in na vrhu lasi\u0161\u010da.<\/p>\n<p>Ob redni uporabi (vsaj 2x na teden) bo\u0161 opazil-a:<\/p>\n<ul>\n<li>zmanj\u0161ano izpadanje las,<\/li>\n<li>gostej\u0161e in polnej\u0161ie lase,<\/li>\n<li>mo\u010dnej\u0161e korenine in nahranjeni lase.<\/li>\n<\/ul>\n<div style=\"display: flex; align-items: center; gap: 20px; flex-wrap: wrap;\">\n<p>&nbsp;<\/p>\n<\/div>\n","protected":false},"excerpt":{"rendered":"<p><span style=\"font-weight: 400;\">S trojnim delovanjem proti mo\u010dnemu izpadanju las. Za 121% pove\u010da gostoto las, za 46% zmanj\u0161uje izpadanje las.<\/span><\/p>\n","protected":false},"featured_media":89726,"comment_status":"open","ping_status":"closed","template":"","meta":[],"product_brand":[],"product_cat":[42],"product_tag":[112],"class_list":{"0":"post-92557","1":"product","2":"type-product","3":"status-publish","4":"has-post-thumbnail","6":"product_cat-nega-za-moske","7":"product_tag-moski","9":"first","10":"instock","11":"taxable","12":"shipping-taxable","13":"purchasable","14":"product-type-simple"},"bundled_by":[],"bundle_stock_status":"instock","bundle_stock_quantity":null,"bundle_virtual":false,"bundle_layout":"","bundle_add_to_cart_form_location":"","bundle_editable_in_cart":false,"bundle_sold_individually_context":"","bundle_item_grouping":"","bundle_min_size":"","bundle_max_size":"","bundle_price":[],"bundled_items":[],"bundle_sell_ids":[],"acf":[],"yoast_head":"<!-- This site is optimized with the Yoast SEO plugin v26.6 - https:\/\/yoast.com\/wordpress\/plugins\/seo\/ -->\n<title>Tonik za rast in proti izpadanju las - Active Luxe Cosmetics<\/title>\n<meta name=\"description\" content=\"Napredna formula s trojnim delovanjem. Zmanj\u0161uje izpadanje las za 46%. Ve\u010dja gostota las za 121%. Klini\u010dno testirano. Dokazano deluje.\" \/>\n<meta name=\"robots\" content=\"index, follow, max-snippet:-1, max-image-preview:large, max-video-preview:-1\" \/>\n<link rel=\"canonical\" href=\"https:\/\/activeluxe-cosmetics.com\/sl\/izdelek\/tonik-za-aktivno-rast-las-in-proti-izpadanju-las-s-trojnim-delovanjem-2\/\" \/>\n<meta property=\"og:locale\" content=\"sl_SI\" \/>\n<meta property=\"og:type\" content=\"article\" \/>\n<meta property=\"og:title\" content=\"Tonik za rast in proti izpadanju las - Active Luxe Cosmetics\" \/>\n<meta property=\"og:description\" content=\"Napredna formula s trojnim delovanjem. Zmanj\u0161uje izpadanje las za 46%. Ve\u010dja gostota las za 121%. Klini\u010dno testirano. Dokazano deluje.\" \/>\n<meta property=\"og:url\" content=\"https:\/\/activeluxe-cosmetics.com\/sl\/izdelek\/tonik-za-aktivno-rast-las-in-proti-izpadanju-las-s-trojnim-delovanjem-2\/\" \/>\n<meta property=\"og:site_name\" content=\"Active Luxe Cosmetics\" \/>\n<meta property=\"article:modified_time\" content=\"2026-03-20T09:46:11+00:00\" \/>\n<meta property=\"og:image\" content=\"https:\/\/cdn.activeluxe-cosmetics.com\/sl\/wp-content\/uploads\/2024\/10\/21132544\/40_Tonic-1.jpg\" \/>\n\t<meta property=\"og:image:width\" content=\"1104\" \/>\n\t<meta property=\"og:image:height\" content=\"1326\" \/>\n\t<meta property=\"og:image:type\" content=\"image\/jpeg\" \/>\n<meta name=\"twitter:card\" content=\"summary_large_image\" \/>\n<meta name=\"twitter:label1\" content=\"Est. reading time\" \/>\n\t<meta name=\"twitter:data1\" content=\"3 minute\" \/>\n<script type=\"application\/ld+json\" class=\"yoast-schema-graph\">{\"@context\":\"https:\/\/schema.org\",\"@graph\":[{\"@type\":\"WebPage\",\"@id\":\"https:\/\/activeluxe-cosmetics.com\/sl\/izdelek\/tonik-za-aktivno-rast-las-in-proti-izpadanju-las-s-trojnim-delovanjem-2\/\",\"url\":\"https:\/\/activeluxe-cosmetics.com\/sl\/izdelek\/tonik-za-aktivno-rast-las-in-proti-izpadanju-las-s-trojnim-delovanjem-2\/\",\"name\":\"Tonik za rast in proti izpadanju las - Active Luxe Cosmetics\",\"isPartOf\":{\"@id\":\"https:\/\/activeluxe-cosmetics.com\/sl\/#website\"},\"primaryImageOfPage\":{\"@id\":\"https:\/\/activeluxe-cosmetics.com\/sl\/izdelek\/tonik-za-aktivno-rast-las-in-proti-izpadanju-las-s-trojnim-delovanjem-2\/#primaryimage\"},\"image\":{\"@id\":\"https:\/\/activeluxe-cosmetics.com\/sl\/izdelek\/tonik-za-aktivno-rast-las-in-proti-izpadanju-las-s-trojnim-delovanjem-2\/#primaryimage\"},\"thumbnailUrl\":\"https:\/\/cdn.activeluxe-cosmetics.com\/sl\/wp-content\/uploads\/2024\/10\/21132544\/40_Tonic-1.jpg\",\"datePublished\":\"2024-12-13T14:57:05+00:00\",\"dateModified\":\"2026-03-20T09:46:11+00:00\",\"description\":\"Napredna formula s trojnim delovanjem. Zmanj\u0161uje izpadanje las za 46%. Ve\u010dja gostota las za 121%. Klini\u010dno testirano. Dokazano deluje.\",\"breadcrumb\":{\"@id\":\"https:\/\/activeluxe-cosmetics.com\/sl\/izdelek\/tonik-za-aktivno-rast-las-in-proti-izpadanju-las-s-trojnim-delovanjem-2\/#breadcrumb\"},\"inLanguage\":\"sl-SI\",\"potentialAction\":[{\"@type\":\"ReadAction\",\"target\":[\"https:\/\/activeluxe-cosmetics.com\/sl\/izdelek\/tonik-za-aktivno-rast-las-in-proti-izpadanju-las-s-trojnim-delovanjem-2\/\"]}]},{\"@type\":\"ImageObject\",\"inLanguage\":\"sl-SI\",\"@id\":\"https:\/\/activeluxe-cosmetics.com\/sl\/izdelek\/tonik-za-aktivno-rast-las-in-proti-izpadanju-las-s-trojnim-delovanjem-2\/#primaryimage\",\"url\":\"https:\/\/cdn.activeluxe-cosmetics.com\/sl\/wp-content\/uploads\/2024\/10\/21132544\/40_Tonic-1.jpg\",\"contentUrl\":\"https:\/\/cdn.activeluxe-cosmetics.com\/sl\/wp-content\/uploads\/2024\/10\/21132544\/40_Tonic-1.jpg\",\"width\":1104,\"height\":1326,\"caption\":\"Tonik za aktivno rast las s trojnim delovanjem\"},{\"@type\":\"BreadcrumbList\",\"@id\":\"https:\/\/activeluxe-cosmetics.com\/sl\/izdelek\/tonik-za-aktivno-rast-las-in-proti-izpadanju-las-s-trojnim-delovanjem-2\/#breadcrumb\",\"itemListElement\":[{\"@type\":\"ListItem\",\"position\":1,\"name\":\"Naslovnica\",\"item\":\"https:\/\/activeluxe-cosmetics.com\/sl\/\"},{\"@type\":\"ListItem\",\"position\":2,\"name\":\"Trgovina\",\"item\":\"https:\/\/activeluxe-cosmetics.com\/sl\/trgovina\/\"},{\"@type\":\"ListItem\",\"position\":3,\"name\":\"Tonik za aktivno rast las in proti izpadanju las\"}]},{\"@type\":\"WebSite\",\"@id\":\"https:\/\/activeluxe-cosmetics.com\/sl\/#website\",\"url\":\"https:\/\/activeluxe-cosmetics.com\/sl\/\",\"name\":\"Active Luxe Cosmetics\",\"description\":\"\",\"potentialAction\":[{\"@type\":\"SearchAction\",\"target\":{\"@type\":\"EntryPoint\",\"urlTemplate\":\"https:\/\/activeluxe-cosmetics.com\/sl\/?s={search_term_string}\"},\"query-input\":{\"@type\":\"PropertyValueSpecification\",\"valueRequired\":true,\"valueName\":\"search_term_string\"}}],\"inLanguage\":\"sl-SI\"}]}<\/script>\n<!-- \/ Yoast SEO plugin. -->","yoast_head_json":{"title":"Tonik za rast in proti izpadanju las - Active Luxe Cosmetics","description":"Napredna formula s trojnim delovanjem. Zmanj\u0161uje izpadanje las za 46%. Ve\u010dja gostota las za 121%. Klini\u010dno testirano. Dokazano deluje.","robots":{"index":"index","follow":"follow","max-snippet":"max-snippet:-1","max-image-preview":"max-image-preview:large","max-video-preview":"max-video-preview:-1"},"canonical":"https:\/\/activeluxe-cosmetics.com\/sl\/izdelek\/tonik-za-aktivno-rast-las-in-proti-izpadanju-las-s-trojnim-delovanjem-2\/","og_locale":"sl_SI","og_type":"article","og_title":"Tonik za rast in proti izpadanju las - Active Luxe Cosmetics","og_description":"Napredna formula s trojnim delovanjem. Zmanj\u0161uje izpadanje las za 46%. Ve\u010dja gostota las za 121%. Klini\u010dno testirano. Dokazano deluje.","og_url":"https:\/\/activeluxe-cosmetics.com\/sl\/izdelek\/tonik-za-aktivno-rast-las-in-proti-izpadanju-las-s-trojnim-delovanjem-2\/","og_site_name":"Active Luxe Cosmetics","article_modified_time":"2026-03-20T09:46:11+00:00","og_image":[{"width":1104,"height":1326,"url":"https:\/\/cdn.activeluxe-cosmetics.com\/sl\/wp-content\/uploads\/2024\/10\/21132544\/40_Tonic-1.jpg","type":"image\/jpeg"}],"twitter_card":"summary_large_image","twitter_misc":{"Est. reading time":"3 minute"},"schema":{"@context":"https:\/\/schema.org","@graph":[{"@type":"WebPage","@id":"https:\/\/activeluxe-cosmetics.com\/sl\/izdelek\/tonik-za-aktivno-rast-las-in-proti-izpadanju-las-s-trojnim-delovanjem-2\/","url":"https:\/\/activeluxe-cosmetics.com\/sl\/izdelek\/tonik-za-aktivno-rast-las-in-proti-izpadanju-las-s-trojnim-delovanjem-2\/","name":"Tonik za rast in proti izpadanju las - Active Luxe Cosmetics","isPartOf":{"@id":"https:\/\/activeluxe-cosmetics.com\/sl\/#website"},"primaryImageOfPage":{"@id":"https:\/\/activeluxe-cosmetics.com\/sl\/izdelek\/tonik-za-aktivno-rast-las-in-proti-izpadanju-las-s-trojnim-delovanjem-2\/#primaryimage"},"image":{"@id":"https:\/\/activeluxe-cosmetics.com\/sl\/izdelek\/tonik-za-aktivno-rast-las-in-proti-izpadanju-las-s-trojnim-delovanjem-2\/#primaryimage"},"thumbnailUrl":"https:\/\/cdn.activeluxe-cosmetics.com\/sl\/wp-content\/uploads\/2024\/10\/21132544\/40_Tonic-1.jpg","datePublished":"2024-12-13T14:57:05+00:00","dateModified":"2026-03-20T09:46:11+00:00","description":"Napredna formula s trojnim delovanjem. Zmanj\u0161uje izpadanje las za 46%. Ve\u010dja gostota las za 121%. Klini\u010dno testirano. Dokazano deluje.","breadcrumb":{"@id":"https:\/\/activeluxe-cosmetics.com\/sl\/izdelek\/tonik-za-aktivno-rast-las-in-proti-izpadanju-las-s-trojnim-delovanjem-2\/#breadcrumb"},"inLanguage":"sl-SI","potentialAction":[{"@type":"ReadAction","target":["https:\/\/activeluxe-cosmetics.com\/sl\/izdelek\/tonik-za-aktivno-rast-las-in-proti-izpadanju-las-s-trojnim-delovanjem-2\/"]}]},{"@type":"ImageObject","inLanguage":"sl-SI","@id":"https:\/\/activeluxe-cosmetics.com\/sl\/izdelek\/tonik-za-aktivno-rast-las-in-proti-izpadanju-las-s-trojnim-delovanjem-2\/#primaryimage","url":"https:\/\/cdn.activeluxe-cosmetics.com\/sl\/wp-content\/uploads\/2024\/10\/21132544\/40_Tonic-1.jpg","contentUrl":"https:\/\/cdn.activeluxe-cosmetics.com\/sl\/wp-content\/uploads\/2024\/10\/21132544\/40_Tonic-1.jpg","width":1104,"height":1326,"caption":"Tonik za aktivno rast las s trojnim delovanjem"},{"@type":"BreadcrumbList","@id":"https:\/\/activeluxe-cosmetics.com\/sl\/izdelek\/tonik-za-aktivno-rast-las-in-proti-izpadanju-las-s-trojnim-delovanjem-2\/#breadcrumb","itemListElement":[{"@type":"ListItem","position":1,"name":"Naslovnica","item":"https:\/\/activeluxe-cosmetics.com\/sl\/"},{"@type":"ListItem","position":2,"name":"Trgovina","item":"https:\/\/activeluxe-cosmetics.com\/sl\/trgovina\/"},{"@type":"ListItem","position":3,"name":"Tonik za aktivno rast las in proti izpadanju las"}]},{"@type":"WebSite","@id":"https:\/\/activeluxe-cosmetics.com\/sl\/#website","url":"https:\/\/activeluxe-cosmetics.com\/sl\/","name":"Active Luxe Cosmetics","description":"","potentialAction":[{"@type":"SearchAction","target":{"@type":"EntryPoint","urlTemplate":"https:\/\/activeluxe-cosmetics.com\/sl\/?s={search_term_string}"},"query-input":{"@type":"PropertyValueSpecification","valueRequired":true,"valueName":"search_term_string"}}],"inLanguage":"sl-SI"}]}},"_links":{"self":[{"href":"https:\/\/activeluxe-cosmetics.com\/sl\/wp-json\/wp\/v2\/product\/92557","targetHints":{"allow":["GET"]}}],"collection":[{"href":"https:\/\/activeluxe-cosmetics.com\/sl\/wp-json\/wp\/v2\/product"}],"about":[{"href":"https:\/\/activeluxe-cosmetics.com\/sl\/wp-json\/wp\/v2\/types\/product"}],"replies":[{"embeddable":true,"href":"https:\/\/activeluxe-cosmetics.com\/sl\/wp-json\/wp\/v2\/comments?post=92557"}],"wp:featuredmedia":[{"embeddable":true,"href":"https:\/\/activeluxe-cosmetics.com\/sl\/wp-json\/wp\/v2\/media\/89726"}],"wp:attachment":[{"href":"https:\/\/activeluxe-cosmetics.com\/sl\/wp-json\/wp\/v2\/media?parent=92557"}],"wp:term":[{"taxonomy":"product_brand","embeddable":true,"href":"https:\/\/activeluxe-cosmetics.com\/sl\/wp-json\/wp\/v2\/product_brand?post=92557"},{"taxonomy":"product_cat","embeddable":true,"href":"https:\/\/activeluxe-cosmetics.com\/sl\/wp-json\/wp\/v2\/product_cat?post=92557"},{"taxonomy":"product_tag","embeddable":true,"href":"https:\/\/activeluxe-cosmetics.com\/sl\/wp-json\/wp\/v2\/product_tag?post=92557"}],"curies":[{"name":"wp","href":"https:\/\/api.w.org\/{rel}","templated":true}]}}