{"id":89963,"date":"2024-10-28T11:50:07","date_gmt":"2024-10-28T10:50:07","guid":{"rendered":"https:\/\/activeluxe-cosmetics.com\/sl\/?post_type=product&#038;p=89963"},"modified":"2026-02-03T09:17:41","modified_gmt":"2026-02-03T08:17:41","slug":"premium-maslo-za-telo","status":"publish","type":"product","link":"https:\/\/activeluxe-cosmetics.com\/sl\/izdelek\/premium-maslo-za-telo\/","title":{"rendered":"Premium maslo za telo z vonjem pomaran\u010de in vanilije"},"content":{"rendered":"<h2><img loading=\"lazy\" decoding=\"async\" class=\" wp-image-89960 alignright\" src=\"https:\/\/cdn.activeluxe-cosmetics.com\/sl\/wp-content\/uploads\/2024\/10\/28113549\/premiumbodybutter-460x575.png\" alt=\"\" width=\"380\" height=\"475\" srcset=\"https:\/\/cdn.activeluxe-cosmetics.com\/sl\/wp-content\/uploads\/2024\/10\/28113549\/premiumbodybutter-460x575.png 460w, https:\/\/cdn.activeluxe-cosmetics.com\/sl\/wp-content\/uploads\/2024\/10\/28113549\/premiumbodybutter-819x1024.png 819w, https:\/\/cdn.activeluxe-cosmetics.com\/sl\/wp-content\/uploads\/2024\/10\/28113549\/premiumbodybutter-768x960.png 768w, https:\/\/cdn.activeluxe-cosmetics.com\/sl\/wp-content\/uploads\/2024\/10\/28113549\/premiumbodybutter-600x750.png 600w, https:\/\/cdn.activeluxe-cosmetics.com\/sl\/wp-content\/uploads\/2024\/10\/28113549\/premiumbodybutter.png 1080w\" sizes=\"auto, (max-width: 380px) 100vw, 380px\" \/><\/h2>\n<h2><b>Odkrij razko\u0161no nego ko\u017ee <\/b>s premium maslom za telo<\/h2>\n<p><b>Active Luxe Premium maslo za telo<\/b><span style=\"font-weight: 400;\"> je oblikovano za <\/span><b>intenzivno vla\u017eenje<\/b><span style=\"font-weight: 400;\"> in <\/span><b>obnovo ko\u017ee<\/b><span style=\"font-weight: 400;\">, zahvaljujo\u010d bogati formulaciji s <\/span><b>kokosovim oljem<\/b><span style=\"font-weight: 400;\">, <\/span><b>karitejevim maslom<\/b><span style=\"font-weight: 400;\"> in <\/span><b>mandljevim oljem.<\/b><\/p>\n<p><span style=\"font-weight: 400;\">S sve\u017eo di\u0161avo po <strong>citrusih<\/strong> in <strong>vaniliji<\/strong><\/span><span style=\"font-weight: 400;\"><strong>\u00a0<\/strong>ta maslena nega <strong>globinsko hrani ko\u017eo<\/strong> in jo ovije v <strong>prijetno di\u0161e\u010d<\/strong> in <strong>svilnat ob\u010dutek<\/strong>, brez neprijetnega mastnega sloja. Karitejevo maslo v kombinaciji z olji prispeva k <\/span><b>elasti\u010dnosti<\/b><span style=\"font-weight: 400;\"> in <\/span><b>mehkobi ko\u017ee<\/b><span style=\"font-weight: 400;\">, kar je idealno za suho in ob\u010dutljivo ko\u017eo.<\/span><\/p>\n<p><span style=\"font-weight: 400;\">Premium maslo za telo lahko uporablja\u0161 vsak dan, \u0161e posebej pa v hladnih zimskih mesecih, ko je ko\u017ea \u0161e bolj izsu\u0161ena. Maslo je idealno je za nanos po tu\u0161iranju, saj v ko\u017ei <\/span><b>zadr\u017ei vlago<\/b><span style=\"font-weight: 400;\">, <\/span><b>obnavlja<\/b><span style=\"font-weight: 400;\"> njeno strukturo in jo naredi <\/span><b>\u017eametno mehko<\/b><span style=\"font-weight: 400;\"> na dotik.<\/span><\/p>\n<h2 style=\"text-align: center; clear: both;\"><\/h2>\n<p>&nbsp;<\/p>\n<h2><span data-sheets-root=\"1\" data-sheets-value=\"{&quot;1&quot;:2,&quot;2&quot;:&quot;Bogata ulja za prekrasan bron\u010dani ten&quot;}\" data-sheets-userformat=\"{&quot;2&quot;:21377,&quot;3&quot;:{&quot;1&quot;:0},&quot;10&quot;:0,&quot;11&quot;:4,&quot;12&quot;:0,&quot;15&quot;:&quot;Arial&quot;,&quot;17&quot;:1}\"><strong><img loading=\"lazy\" decoding=\"async\" class=\" wp-image-89961 alignleft\" src=\"https:\/\/cdn.activeluxe-cosmetics.com\/sl\/wp-content\/uploads\/2024\/10\/28114000\/active_luxe_body_butter-460x575.png\" alt=\"\" width=\"380\" height=\"475\" srcset=\"https:\/\/cdn.activeluxe-cosmetics.com\/sl\/wp-content\/uploads\/2024\/10\/28114000\/active_luxe_body_butter-460x575.png 460w, https:\/\/cdn.activeluxe-cosmetics.com\/sl\/wp-content\/uploads\/2024\/10\/28114000\/active_luxe_body_butter-819x1024.png 819w, https:\/\/cdn.activeluxe-cosmetics.com\/sl\/wp-content\/uploads\/2024\/10\/28114000\/active_luxe_body_butter-768x960.png 768w, https:\/\/cdn.activeluxe-cosmetics.com\/sl\/wp-content\/uploads\/2024\/10\/28114000\/active_luxe_body_butter-600x750.png 600w, https:\/\/cdn.activeluxe-cosmetics.com\/sl\/wp-content\/uploads\/2024\/10\/28114000\/active_luxe_body_butter.png 1080w\" sizes=\"auto, (max-width: 380px) 100vw, 380px\" \/><\/strong><\/span><\/h2>\n<h2>Bogata formula za<b> brezkompromisno hidracijo<\/b><\/h2>\n<p><span style=\"font-weight: 400;\">Skrbno izbrana formulacija <strong>kokosovega olja<\/strong>, <strong>karitejevega masla<\/strong> in <strong>mandljevega olja<\/strong> v Premium maslu za telo poskrbi za <strong>intenzivno nego<\/strong> in <strong>vla\u017eenje<\/strong>.<\/span><\/p>\n<ul>\n<li style=\"font-weight: 400;\" aria-level=\"1\"><span style=\"font-weight: 400;\">Karitejevo maslo ko\u017eo bogato hrani in obnavlja, kar je \u0161e posebej pomembno za suho in ob\u010dutljivo ko\u017eo, saj prepre\u010duje izgubo vlage in podpira naravno elasti\u010dnost.<\/span><\/li>\n<li style=\"font-weight: 400;\" aria-level=\"1\"><span style=\"font-weight: 400;\">Kokosovo olje poskrbi za dodatno pro\u017enost ko\u017ee ter pomaga pri regeneraciji.<\/span><\/li>\n<li style=\"font-weight: 400;\" aria-level=\"1\"><span style=\"font-weight: 400;\">Mandljevo olje ko\u017eo meh\u010da in ji vra\u010da naravni sijaj.<\/span><\/li>\n<\/ul>\n<p>&nbsp;<\/p>\n<h2 style=\"text-align: center; clear: both;\"><\/h2>\n<p><img loading=\"lazy\" decoding=\"async\" class=\" wp-image-89962 alignright\" src=\"https:\/\/cdn.activeluxe-cosmetics.com\/sl\/wp-content\/uploads\/2024\/10\/28114047\/albodybutter-460x575.png\" alt=\"\" width=\"380\" height=\"475\" srcset=\"https:\/\/cdn.activeluxe-cosmetics.com\/sl\/wp-content\/uploads\/2024\/10\/28114047\/albodybutter-460x575.png 460w, https:\/\/cdn.activeluxe-cosmetics.com\/sl\/wp-content\/uploads\/2024\/10\/28114047\/albodybutter-819x1024.png 819w, https:\/\/cdn.activeluxe-cosmetics.com\/sl\/wp-content\/uploads\/2024\/10\/28114047\/albodybutter-768x960.png 768w, https:\/\/cdn.activeluxe-cosmetics.com\/sl\/wp-content\/uploads\/2024\/10\/28114047\/albodybutter-600x750.png 600w, https:\/\/cdn.activeluxe-cosmetics.com\/sl\/wp-content\/uploads\/2024\/10\/28114047\/albodybutter.png 1080w\" sizes=\"auto, (max-width: 380px) 100vw, 380px\" \/><\/p>\n<h2><b>Zakaj izbrati <\/b>premium maslo za telo?<\/h2>\n<p><span style=\"font-weight: 400;\"><strong>Ker verjamemo, da tvoja ko\u017ea zaslu\u017ei samo najbolj\u0161e!<\/strong> Premium body butter je ve\u010d kot le izdelek \u2013 je luksuzna nega, ki vsakodnevno razvaja tvoje telo. <\/span><\/p>\n<ul>\n<li><span style=\"font-weight: 400;\">Odli\u010den je za vsakodnevno uporabo, posebej po tu\u0161iranju, ko bo zadr\u017eal vlago in tvojo ko\u017eo ohranjal navla\u017eeno ves dan.<\/span><\/li>\n<li><strong>Presti\u017ena puhasta tekstura,<\/strong>\u00a0ki obo\u017euje tvojo ko\u017eo in naravno podpira njeno vitalnost.<\/li>\n<\/ul>\n<p><span style=\"font-weight: 400;\">Premium Body Butter je tvoj <strong>nepogre\u0161ljivi zaveznik<\/strong> za <strong>sijo\u010do<\/strong>, <strong>zdravo<\/strong> in <strong>globinsko nahranjeno ko\u017eo<\/strong>, tudi v najhladnej\u0161ih mesecih.<\/span><\/p>\n<p>&nbsp;<\/p>\n<div style=\"display: flex; align-items: center; gap: 20px; flex-wrap: wrap;\">\n<p>&nbsp;<\/p>\n<\/div>\n","protected":false},"excerpt":{"rendered":"<p>Za vse, ki zahtevajo ve\u010d: ve\u010d mehkobe, ve\u010d navla\u017eenosti in ve\u010d razvajanja. S sve\u017eino citrusov in pridihom vanilije.<\/p>\n","protected":false},"featured_media":90035,"comment_status":"open","ping_status":"closed","template":"","meta":[],"product_brand":[],"product_cat":[81],"product_tag":[],"class_list":{"0":"post-89963","1":"product","2":"type-product","3":"status-publish","4":"has-post-thumbnail","6":"product_cat-obraz-in-telo","8":"first","9":"instock","10":"sale","11":"featured","12":"taxable","13":"shipping-taxable","14":"purchasable","15":"product-type-simple"},"bundled_by":[],"bundle_stock_status":"instock","bundle_stock_quantity":null,"bundle_virtual":false,"bundle_layout":"","bundle_add_to_cart_form_location":"","bundle_editable_in_cart":false,"bundle_sold_individually_context":"","bundle_item_grouping":"","bundle_min_size":"","bundle_max_size":"","bundle_price":[],"bundled_items":[],"bundle_sell_ids":[],"acf":[],"yoast_head":"<!-- This site is optimized with the Yoast SEO plugin v26.6 - https:\/\/yoast.com\/wordpress\/plugins\/seo\/ -->\n<title>Maslo za telo - Active Luxe Cosmetics<\/title>\n<meta name=\"description\" content=\"Oblikovano za intenzivno vla\u017eenje in obnovo ko\u017ee, zahvaljujo\u010d bogati formulaciji s kokosovim oljem, karitejevim maslom in mandljevim oljem.\" \/>\n<meta name=\"robots\" content=\"noindex, follow\" \/>\n<meta property=\"og:locale\" content=\"sl_SI\" \/>\n<meta property=\"og:type\" content=\"article\" \/>\n<meta property=\"og:title\" content=\"Maslo za telo - Active Luxe Cosmetics\" \/>\n<meta property=\"og:description\" content=\"Oblikovano za intenzivno vla\u017eenje in obnovo ko\u017ee, zahvaljujo\u010d bogati formulaciji s kokosovim oljem, karitejevim maslom in mandljevim oljem.\" \/>\n<meta property=\"og:url\" content=\"https:\/\/activeluxe-cosmetics.com\/sl\/izdelek\/premium-maslo-za-telo\/\" \/>\n<meta property=\"og:site_name\" content=\"Active Luxe Cosmetics\" \/>\n<meta property=\"article:modified_time\" content=\"2026-02-03T08:17:41+00:00\" \/>\n<meta property=\"og:image\" content=\"https:\/\/cdn.activeluxe-cosmetics.com\/sl\/wp-content\/uploads\/2024\/10\/29145003\/42_PremiumBodyButter_VanillaOrange.jpg\" \/>\n\t<meta property=\"og:image:width\" content=\"1104\" \/>\n\t<meta property=\"og:image:height\" content=\"1326\" \/>\n\t<meta property=\"og:image:type\" content=\"image\/jpeg\" \/>\n<meta name=\"twitter:card\" content=\"summary_large_image\" \/>\n<meta name=\"twitter:label1\" content=\"Est. reading time\" \/>\n\t<meta name=\"twitter:data1\" content=\"3 minute\" \/>\n<script type=\"application\/ld+json\" class=\"yoast-schema-graph\">{\"@context\":\"https:\/\/schema.org\",\"@graph\":[{\"@type\":\"WebPage\",\"@id\":\"https:\/\/activeluxe-cosmetics.com\/sl\/izdelek\/premium-maslo-za-telo\/\",\"url\":\"https:\/\/activeluxe-cosmetics.com\/sl\/izdelek\/premium-maslo-za-telo\/\",\"name\":\"Maslo za telo - Active Luxe Cosmetics\",\"isPartOf\":{\"@id\":\"https:\/\/activeluxe-cosmetics.com\/sl\/#website\"},\"primaryImageOfPage\":{\"@id\":\"https:\/\/activeluxe-cosmetics.com\/sl\/izdelek\/premium-maslo-za-telo\/#primaryimage\"},\"image\":{\"@id\":\"https:\/\/activeluxe-cosmetics.com\/sl\/izdelek\/premium-maslo-za-telo\/#primaryimage\"},\"thumbnailUrl\":\"https:\/\/cdn.activeluxe-cosmetics.com\/sl\/wp-content\/uploads\/2024\/10\/29145003\/42_PremiumBodyButter_VanillaOrange.jpg\",\"datePublished\":\"2024-10-28T10:50:07+00:00\",\"dateModified\":\"2026-02-03T08:17:41+00:00\",\"description\":\"Oblikovano za intenzivno vla\u017eenje in obnovo ko\u017ee, zahvaljujo\u010d bogati formulaciji s kokosovim oljem, karitejevim maslom in mandljevim oljem.\",\"breadcrumb\":{\"@id\":\"https:\/\/activeluxe-cosmetics.com\/sl\/izdelek\/premium-maslo-za-telo\/#breadcrumb\"},\"inLanguage\":\"sl-SI\",\"potentialAction\":[{\"@type\":\"ReadAction\",\"target\":[\"https:\/\/activeluxe-cosmetics.com\/sl\/izdelek\/premium-maslo-za-telo\/\"]}]},{\"@type\":\"ImageObject\",\"inLanguage\":\"sl-SI\",\"@id\":\"https:\/\/activeluxe-cosmetics.com\/sl\/izdelek\/premium-maslo-za-telo\/#primaryimage\",\"url\":\"https:\/\/cdn.activeluxe-cosmetics.com\/sl\/wp-content\/uploads\/2024\/10\/29145003\/42_PremiumBodyButter_VanillaOrange.jpg\",\"contentUrl\":\"https:\/\/cdn.activeluxe-cosmetics.com\/sl\/wp-content\/uploads\/2024\/10\/29145003\/42_PremiumBodyButter_VanillaOrange.jpg\",\"width\":1104,\"height\":1326,\"caption\":\"Active Luxe premium maslo za telo\"},{\"@type\":\"BreadcrumbList\",\"@id\":\"https:\/\/activeluxe-cosmetics.com\/sl\/izdelek\/premium-maslo-za-telo\/#breadcrumb\",\"itemListElement\":[{\"@type\":\"ListItem\",\"position\":1,\"name\":\"Naslovnica\",\"item\":\"https:\/\/activeluxe-cosmetics.com\/sl\/\"},{\"@type\":\"ListItem\",\"position\":2,\"name\":\"Trgovina\",\"item\":\"https:\/\/activeluxe-cosmetics.com\/sl\/trgovina\/\"},{\"@type\":\"ListItem\",\"position\":3,\"name\":\"Premium maslo za telo z vonjem pomaran\u010de in vanilije\"}]},{\"@type\":\"WebSite\",\"@id\":\"https:\/\/activeluxe-cosmetics.com\/sl\/#website\",\"url\":\"https:\/\/activeluxe-cosmetics.com\/sl\/\",\"name\":\"Active Luxe Cosmetics\",\"description\":\"\",\"potentialAction\":[{\"@type\":\"SearchAction\",\"target\":{\"@type\":\"EntryPoint\",\"urlTemplate\":\"https:\/\/activeluxe-cosmetics.com\/sl\/?s={search_term_string}\"},\"query-input\":{\"@type\":\"PropertyValueSpecification\",\"valueRequired\":true,\"valueName\":\"search_term_string\"}}],\"inLanguage\":\"sl-SI\"}]}<\/script>\n<!-- \/ Yoast SEO plugin. -->","yoast_head_json":{"title":"Maslo za telo - Active Luxe Cosmetics","description":"Oblikovano za intenzivno vla\u017eenje in obnovo ko\u017ee, zahvaljujo\u010d bogati formulaciji s kokosovim oljem, karitejevim maslom in mandljevim oljem.","robots":{"index":"noindex","follow":"follow"},"og_locale":"sl_SI","og_type":"article","og_title":"Maslo za telo - Active Luxe Cosmetics","og_description":"Oblikovano za intenzivno vla\u017eenje in obnovo ko\u017ee, zahvaljujo\u010d bogati formulaciji s kokosovim oljem, karitejevim maslom in mandljevim oljem.","og_url":"https:\/\/activeluxe-cosmetics.com\/sl\/izdelek\/premium-maslo-za-telo\/","og_site_name":"Active Luxe Cosmetics","article_modified_time":"2026-02-03T08:17:41+00:00","og_image":[{"width":1104,"height":1326,"url":"https:\/\/cdn.activeluxe-cosmetics.com\/sl\/wp-content\/uploads\/2024\/10\/29145003\/42_PremiumBodyButter_VanillaOrange.jpg","type":"image\/jpeg"}],"twitter_card":"summary_large_image","twitter_misc":{"Est. reading time":"3 minute"},"schema":{"@context":"https:\/\/schema.org","@graph":[{"@type":"WebPage","@id":"https:\/\/activeluxe-cosmetics.com\/sl\/izdelek\/premium-maslo-za-telo\/","url":"https:\/\/activeluxe-cosmetics.com\/sl\/izdelek\/premium-maslo-za-telo\/","name":"Maslo za telo - Active Luxe Cosmetics","isPartOf":{"@id":"https:\/\/activeluxe-cosmetics.com\/sl\/#website"},"primaryImageOfPage":{"@id":"https:\/\/activeluxe-cosmetics.com\/sl\/izdelek\/premium-maslo-za-telo\/#primaryimage"},"image":{"@id":"https:\/\/activeluxe-cosmetics.com\/sl\/izdelek\/premium-maslo-za-telo\/#primaryimage"},"thumbnailUrl":"https:\/\/cdn.activeluxe-cosmetics.com\/sl\/wp-content\/uploads\/2024\/10\/29145003\/42_PremiumBodyButter_VanillaOrange.jpg","datePublished":"2024-10-28T10:50:07+00:00","dateModified":"2026-02-03T08:17:41+00:00","description":"Oblikovano za intenzivno vla\u017eenje in obnovo ko\u017ee, zahvaljujo\u010d bogati formulaciji s kokosovim oljem, karitejevim maslom in mandljevim oljem.","breadcrumb":{"@id":"https:\/\/activeluxe-cosmetics.com\/sl\/izdelek\/premium-maslo-za-telo\/#breadcrumb"},"inLanguage":"sl-SI","potentialAction":[{"@type":"ReadAction","target":["https:\/\/activeluxe-cosmetics.com\/sl\/izdelek\/premium-maslo-za-telo\/"]}]},{"@type":"ImageObject","inLanguage":"sl-SI","@id":"https:\/\/activeluxe-cosmetics.com\/sl\/izdelek\/premium-maslo-za-telo\/#primaryimage","url":"https:\/\/cdn.activeluxe-cosmetics.com\/sl\/wp-content\/uploads\/2024\/10\/29145003\/42_PremiumBodyButter_VanillaOrange.jpg","contentUrl":"https:\/\/cdn.activeluxe-cosmetics.com\/sl\/wp-content\/uploads\/2024\/10\/29145003\/42_PremiumBodyButter_VanillaOrange.jpg","width":1104,"height":1326,"caption":"Active Luxe premium maslo za telo"},{"@type":"BreadcrumbList","@id":"https:\/\/activeluxe-cosmetics.com\/sl\/izdelek\/premium-maslo-za-telo\/#breadcrumb","itemListElement":[{"@type":"ListItem","position":1,"name":"Naslovnica","item":"https:\/\/activeluxe-cosmetics.com\/sl\/"},{"@type":"ListItem","position":2,"name":"Trgovina","item":"https:\/\/activeluxe-cosmetics.com\/sl\/trgovina\/"},{"@type":"ListItem","position":3,"name":"Premium maslo za telo z vonjem pomaran\u010de in vanilije"}]},{"@type":"WebSite","@id":"https:\/\/activeluxe-cosmetics.com\/sl\/#website","url":"https:\/\/activeluxe-cosmetics.com\/sl\/","name":"Active Luxe Cosmetics","description":"","potentialAction":[{"@type":"SearchAction","target":{"@type":"EntryPoint","urlTemplate":"https:\/\/activeluxe-cosmetics.com\/sl\/?s={search_term_string}"},"query-input":{"@type":"PropertyValueSpecification","valueRequired":true,"valueName":"search_term_string"}}],"inLanguage":"sl-SI"}]}},"_links":{"self":[{"href":"https:\/\/activeluxe-cosmetics.com\/sl\/wp-json\/wp\/v2\/product\/89963","targetHints":{"allow":["GET"]}}],"collection":[{"href":"https:\/\/activeluxe-cosmetics.com\/sl\/wp-json\/wp\/v2\/product"}],"about":[{"href":"https:\/\/activeluxe-cosmetics.com\/sl\/wp-json\/wp\/v2\/types\/product"}],"replies":[{"embeddable":true,"href":"https:\/\/activeluxe-cosmetics.com\/sl\/wp-json\/wp\/v2\/comments?post=89963"}],"wp:featuredmedia":[{"embeddable":true,"href":"https:\/\/activeluxe-cosmetics.com\/sl\/wp-json\/wp\/v2\/media\/90035"}],"wp:attachment":[{"href":"https:\/\/activeluxe-cosmetics.com\/sl\/wp-json\/wp\/v2\/media?parent=89963"}],"wp:term":[{"taxonomy":"product_brand","embeddable":true,"href":"https:\/\/activeluxe-cosmetics.com\/sl\/wp-json\/wp\/v2\/product_brand?post=89963"},{"taxonomy":"product_cat","embeddable":true,"href":"https:\/\/activeluxe-cosmetics.com\/sl\/wp-json\/wp\/v2\/product_cat?post=89963"},{"taxonomy":"product_tag","embeddable":true,"href":"https:\/\/activeluxe-cosmetics.com\/sl\/wp-json\/wp\/v2\/product_tag?post=89963"}],"curies":[{"name":"wp","href":"https:\/\/api.w.org\/{rel}","templated":true}]}}