{"id":89699,"date":"2024-10-21T09:40:15","date_gmt":"2024-10-21T07:40:15","guid":{"rendered":"https:\/\/activeluxe-cosmetics.com\/sl\/?post_type=product&#038;p=89699"},"modified":"2026-02-02T09:17:31","modified_gmt":"2026-02-02T08:17:31","slug":"sampon-in-balzam-za-aktivno-rast","status":"publish","type":"product","link":"https:\/\/activeluxe-cosmetics.com\/sl\/izdelek\/sampon-in-balzam-za-aktivno-rast\/","title":{"rendered":"20% POPUST: \u0160ampon in balzam za rast las"},"content":{"rendered":"<p><img loading=\"lazy\" decoding=\"async\" class=\"size-medium wp-image-89574 alignright\" src=\"https:\/\/cdn.activeluxe-cosmetics.com\/sl\/wp-content\/uploads\/2024\/10\/18160221\/balzam_za_lase-460x575.png\" alt=\"\" width=\"460\" height=\"575\" srcset=\"https:\/\/cdn.activeluxe-cosmetics.com\/sl\/wp-content\/uploads\/2024\/10\/18160221\/balzam_za_lase-460x575.png 460w, https:\/\/cdn.activeluxe-cosmetics.com\/sl\/wp-content\/uploads\/2024\/10\/18160221\/balzam_za_lase-819x1024.png 819w, https:\/\/cdn.activeluxe-cosmetics.com\/sl\/wp-content\/uploads\/2024\/10\/18160221\/balzam_za_lase-768x960.png 768w, https:\/\/cdn.activeluxe-cosmetics.com\/sl\/wp-content\/uploads\/2024\/10\/18160221\/balzam_za_lase-600x750.png 600w, https:\/\/cdn.activeluxe-cosmetics.com\/sl\/wp-content\/uploads\/2024\/10\/18160221\/balzam_za_lase.png 1080w\" sizes=\"auto, (max-width: 460px) 100vw, 460px\" \/><\/p>\n<h2><strong>Zmanj\u0161ano izpadanje las<\/strong> v 6. tednih<\/h2>\n<p><strong>Prva pomo\u010d<\/strong> za suhe, redke in slamnate lase brez sijaja, ki izpadajo in ne rastejo. <strong>Koncentrirani Active Luxe \u0161ampon za aktivno rast las in proti izpadanju las<\/strong> vsebuje revolucionarno formulo, ki prepre\u010duje izpadanje las, krepi aktivne lasne me\u0161i\u010dke in spodbuja prekrvavitev lasi\u0161\u010da ter rast las. Zagotavlja odli\u010dne rezultate tako <strong>\u017eenskam kot mo\u0161kim<\/strong>, ki se spopadajo z izpadanjem las, red\u010denjem las in ple\u0161avostjo.<\/p>\n<ul>\n<li>deluje proti <strong>folikularni disfunkciji<\/strong> \u2013 o\u017eivlja lasne me\u0161i\u010dke \u017ee od prvega dne uporabe,<\/li>\n<li><strong>spodbuja krvni obtok<\/strong> v lasi\u0161\u010du, kar koreninam oz. lasnim me\u0161i\u010dkom prina\u0161a ve\u010d hranil, ki jih potrebujejo za rast,<\/li>\n<li><strong>upo\u010dasnjuje staranje<\/strong> in odmiranje lasnih me\u0161i\u010dkov,<\/li>\n<li><span data-sheets-root=\"1\" data-sheets-value=\"{&quot;1&quot;:2,&quot;2&quot;:&quot;Vidljivo ja\u010da korijen kose i strukturu kose.&quot;}\" data-sheets-userformat=\"{&quot;2&quot;:2817,&quot;3&quot;:{&quot;1&quot;:0},&quot;11&quot;:4,&quot;12&quot;:0,&quot;14&quot;:{&quot;1&quot;:2,&quot;2&quot;:16739585}}\">vidno <strong>krepi lasne korenine<\/strong> in strukturo lasu,<\/span><\/li>\n<li>na voljo za <strong>suho\/normalno lasi\u0161\u010de<\/strong> ter <strong>mastno lasi\u0161\u010de<\/strong><\/li>\n<li><span style=\"font-weight: 400;\">deluje \u017ee od prve uporabe, najbolj\u0161i rezultati pa so vidni \u017ee <strong>po 6. tednih<\/strong>.<\/span><\/li>\n<\/ul>\n<h2 style=\"text-align: center; clear: both;\"><\/h2>\n<h2><img loading=\"lazy\" decoding=\"async\" class=\"size-medium wp-image-100827 alignleft\" src=\"https:\/\/cdn.activeluxe-cosmetics.com\/sl\/wp-content\/uploads\/2025\/07\/18135334\/sampon_za_rast_las_active_luxe-460x575.png\" alt=\"\" width=\"460\" height=\"575\" srcset=\"https:\/\/cdn.activeluxe-cosmetics.com\/sl\/wp-content\/uploads\/2025\/07\/18135334\/sampon_za_rast_las_active_luxe-460x575.png 460w, https:\/\/cdn.activeluxe-cosmetics.com\/sl\/wp-content\/uploads\/2025\/07\/18135334\/sampon_za_rast_las_active_luxe-819x1024.png 819w, https:\/\/cdn.activeluxe-cosmetics.com\/sl\/wp-content\/uploads\/2025\/07\/18135334\/sampon_za_rast_las_active_luxe-768x960.png 768w, https:\/\/cdn.activeluxe-cosmetics.com\/sl\/wp-content\/uploads\/2025\/07\/18135334\/sampon_za_rast_las_active_luxe-600x750.png 600w, https:\/\/cdn.activeluxe-cosmetics.com\/sl\/wp-content\/uploads\/2025\/07\/18135334\/sampon_za_rast_las_active_luxe.png 1080w\" sizes=\"auto, (max-width: 460px) 100vw, 460px\" \/><strong>Zakaj je Active Luxe \u0161ampon proti izpadanju las<\/strong> tako u\u010dinkovit?<\/h2>\n<p>\u010ce so tvoji lasje redki, suhi, po\u0161kodovani in brez sijaja, je Active Luxe \u0161ampon prav tako <strong>prava izbira<\/strong>! Pogosto barvanje las in uporaba elektri\u010dnih naprav lase po\u0161koduje in stanj\u0161a, kar povzro\u010di razcepljene konice, lomljenje in prekomerno izpadanje.<\/p>\n<p>Active Luxe \u0161ampon bo tvoje lase izdatno <strong>negoval in globinsko obnovil!<\/strong><\/p>\n<p>Redna uporaba \u0161ampona:<\/p>\n<ul>\n<li style=\"font-weight: 400;\" aria-level=\"1\"><span style=\"font-weight: 400;\">ohranja vitalnost lasi\u0161\u010da,kar ti <strong>povrne naravno gostoto las<\/strong>,<\/span><\/li>\n<li style=\"font-weight: 400;\" aria-level=\"1\"><span style=\"font-weight: 400;\">lasje so \u017ee po prvi uporabi <strong>mo\u010dnej\u0161i<\/strong>, <strong>polnej\u0161i<\/strong> in <strong>bolj zdravi<\/strong>,<\/span><\/li>\n<li style=\"font-weight: 400;\" aria-level=\"1\"><span style=\"font-weight: 400;\">edinstvena klini\u010dno testirana formula <strong>aktivira lasni me\u0161i\u010dek<\/strong> in ga <strong>okrepi<\/strong> &#8211; lasna korenina se oja\u010da in zato lasje manj izpadajo.<\/span><\/li>\n<li style=\"font-weight: 400;\" aria-level=\"1\"><span style=\"font-weight: 400;\">v rekordno kratkem \u010dasu <strong>prepre\u010di izpadanje las<\/strong> in <strong>povzro\u010di rast novih<\/strong>, <strong>mladih las<\/strong>,<\/span><\/li>\n<li style=\"font-weight: 400;\" aria-level=\"1\"><span style=\"font-weight: 400;\">ob redni uporabi (vsaj 2x tedensko) prina\u0161a vidne rezulate <strong>\u017ee v 6. tednih<\/strong>.<\/span><\/li>\n<\/ul>\n<h2 style=\"text-align: center; clear: both;\"><\/h2>\n<p><img loading=\"lazy\" decoding=\"async\" class=\"size-medium wp-image-100824 alignright\" src=\"https:\/\/cdn.activeluxe-cosmetics.com\/sl\/wp-content\/uploads\/2025\/07\/18135301\/activeluxe_balzam_za_lase-460x575.png\" alt=\"\" width=\"460\" height=\"575\" srcset=\"https:\/\/cdn.activeluxe-cosmetics.com\/sl\/wp-content\/uploads\/2025\/07\/18135301\/activeluxe_balzam_za_lase-460x575.png 460w, https:\/\/cdn.activeluxe-cosmetics.com\/sl\/wp-content\/uploads\/2025\/07\/18135301\/activeluxe_balzam_za_lase-819x1024.png 819w, https:\/\/cdn.activeluxe-cosmetics.com\/sl\/wp-content\/uploads\/2025\/07\/18135301\/activeluxe_balzam_za_lase-768x960.png 768w, https:\/\/cdn.activeluxe-cosmetics.com\/sl\/wp-content\/uploads\/2025\/07\/18135301\/activeluxe_balzam_za_lase-600x750.png 600w, https:\/\/cdn.activeluxe-cosmetics.com\/sl\/wp-content\/uploads\/2025\/07\/18135301\/activeluxe_balzam_za_lase.png 1080w\" sizes=\"auto, (max-width: 460px) 100vw, 460px\" \/><\/p>\n<h2><span data-sheets-root=\"1\" data-sheets-value=\"{&quot;1&quot;:2,&quot;2&quot;:&quot;Balzam koji \u010dini kosu gu\u0161\u0107om&quot;}\" data-sheets-userformat=\"{&quot;2&quot;:17153,&quot;3&quot;:{&quot;1&quot;:0},&quot;11&quot;:4,&quot;12&quot;:0,&quot;17&quot;:1}\">Balzam, <strong>ki lasem daje volumen<\/strong><\/span><\/h2>\n<p>S prekomernim pranjem, krta\u010denjem, barvanjem, likanjem in su\u0161enjem lasje izpadajo, izgubljajo elasti\u010dnost, volumen in mo\u010d. Stanje \u0161e dodatno poslab\u0161a premo\u010dno drgnjenje las z brisa\u010do, stres, slaba prehrana in nezadostna hidracija telesa. Zato je potrebno lase<strong> redno globinsko nahraniti<\/strong> in <strong>za\u0161\u010dititi<\/strong>. Nahranjeni in zdravi lasje bodo tako tudi <strong>hitreje rastli<\/strong>.<\/p>\n<p>Z <strong>redno uporabo Active Luxe \u0161ampona in balzama proti izpadanju in za rast las las<\/strong> bodo lasje <strong>vidno manj izpadali<\/strong> in <strong>hitreje rastli<\/strong>. Postali bodo <strong>mo\u010dnej\u0161i<\/strong>, <strong>globinsko nahranjeni<\/strong>, <strong>gladki<\/strong> in <strong>sijo\u010di<\/strong>.<\/p>\n<p><span data-sheets-root=\"1\" data-sheets-value=\"{&quot;1&quot;:2,&quot;2&quot;:&quot;Ob stalni, neprekinjeni uporabi (vsaj 2x na teden) bo\u0161 opazil-a:nnzmanj\u0161ano izpadanje las,ngostej\u0161e, polnej\u0161ie lasje,nmo\u010dnej\u0161e korenine in nahranjeni lasje.&quot;}\" data-sheets-userformat=\"{&quot;2&quot;:4224,&quot;10&quot;:2,&quot;15&quot;:&quot;Arial&quot;}\">Ob <strong>redni uporabi<\/strong>, vsaj 2x na teden, bo\u0161 opazil-a:<\/span><\/p>\n<ul>\n<li><span data-sheets-root=\"1\" data-sheets-value=\"{&quot;1&quot;:2,&quot;2&quot;:&quot;Ob stalni, neprekinjeni uporabi (vsaj 2x na teden) bo\u0161 opazil-a:nnzmanj\u0161ano izpadanje las,ngostej\u0161e, polnej\u0161ie lasje,nmo\u010dnej\u0161e korenine in nahranjeni lasje.&quot;}\" data-sheets-userformat=\"{&quot;2&quot;:4224,&quot;10&quot;:2,&quot;15&quot;:&quot;Arial&quot;}\"><strong>zmanj\u0161ano izpadanje las<\/strong>,<\/span><\/li>\n<li><span data-sheets-root=\"1\" data-sheets-value=\"{&quot;1&quot;:2,&quot;2&quot;:&quot;Ob stalni, neprekinjeni uporabi (vsaj 2x na teden) bo\u0161 opazil-a:nnzmanj\u0161ano izpadanje las,ngostej\u0161e, polnej\u0161ie lasje,nmo\u010dnej\u0161e korenine in nahranjeni lasje.&quot;}\" data-sheets-userformat=\"{&quot;2&quot;:4224,&quot;10&quot;:2,&quot;15&quot;:&quot;Arial&quot;}\"><strong>gostej\u0161e<\/strong> in <strong>polnej\u0161e lase<\/strong>,<\/span><\/li>\n<li><span data-sheets-root=\"1\" data-sheets-value=\"{&quot;1&quot;:2,&quot;2&quot;:&quot;Ob stalni, neprekinjeni uporabi (vsaj 2x na teden) bo\u0161 opazil-a:nnzmanj\u0161ano izpadanje las,ngostej\u0161e, polnej\u0161ie lasje,nmo\u010dnej\u0161e korenine in nahranjeni lasje.&quot;}\" data-sheets-userformat=\"{&quot;2&quot;:4224,&quot;10&quot;:2,&quot;15&quot;:&quot;Arial&quot;}\"><strong>mo\u010dnej\u0161e korenine<\/strong> in <strong>nahranjene lase<\/strong>.<\/span><\/li>\n<\/ul>\n<h3 style=\"clear: both; max-width: 820px;\"><span data-sheets-root=\"1\" data-sheets-value=\"{&quot;1&quot;:2,&quot;2&quot;:&quot;Pogodno za \u017eene i mu\u0161karce. Klini\u010dki je ispitan i prikladan za svakodnevnu uporabu.n&quot;}\" data-sheets-userformat=\"{&quot;2&quot;:769,&quot;3&quot;:{&quot;1&quot;:0},&quot;11&quot;:4,&quot;12&quot;:0}\" data-sheets-textstyleruns=\"{&quot;1&quot;:0}\uee10{&quot;1&quot;:28,&quot;2&quot;:{&quot;2&quot;:{&quot;1&quot;:2,&quot;2&quot;:16739585}}}\">\u00a0<\/span><\/h3>\n<div style=\"display: flex; align-items: center; gap: 20px; flex-wrap: wrap;\">\n<p style=\"max-width: 360px;\">\n<\/div>\n","protected":false},"excerpt":{"rendered":"<p>\u0160ampon in balzam za hitrej\u0161o rast las. Za \u017eenske in mo\u0161ke. Vidni rezultati \u017ee v 6 tednih.<\/p>\n","protected":false},"featured_media":100825,"comment_status":"open","ping_status":"closed","template":"","meta":[],"product_brand":[],"product_cat":[53,54],"product_tag":[],"class_list":{"0":"post-89699","1":"product","2":"type-product","3":"status-publish","4":"has-post-thumbnail","6":"product_cat-izdelki-za-nego-las","7":"product_cat-samponi-za-profesionalno-nego-las","9":"first","10":"instock","11":"sale","12":"taxable","13":"shipping-taxable","14":"purchasable","15":"product-type-variable"},"bundled_by":[],"bundle_stock_status":"instock","bundle_stock_quantity":null,"bundle_virtual":false,"bundle_layout":"","bundle_add_to_cart_form_location":"","bundle_editable_in_cart":false,"bundle_sold_individually_context":"","bundle_item_grouping":"","bundle_min_size":"","bundle_max_size":"","bundle_price":[],"bundled_items":[],"bundle_sell_ids":[],"acf":[],"yoast_head":"<!-- This site is optimized with the Yoast SEO plugin v26.6 - https:\/\/yoast.com\/wordpress\/plugins\/seo\/ -->\n<title>\u0160ampon in balzam za rast las - Active Luxe Cosmetics<\/title>\n<meta name=\"description\" content=\"Naju\u010dinkovitej\u0161i \u0161ampon za aktivno rast las in proti izapdanju las Active Luxe. Opazno gostej\u0161i lasje \u017ee v 6-ih tednih. Krepi aktivne lasne me\u0161i\u010dke.\" \/>\n<meta name=\"robots\" content=\"index, follow, max-snippet:-1, max-image-preview:large, max-video-preview:-1\" \/>\n<link rel=\"canonical\" href=\"https:\/\/activeluxe-cosmetics.com\/sl\/izdelek\/sampon-in-balzam-za-aktivno-rast\/\" \/>\n<meta property=\"og:locale\" content=\"sl_SI\" \/>\n<meta property=\"og:type\" content=\"article\" \/>\n<meta property=\"og:title\" content=\"\u0160ampon in balzam za rast las - Active Luxe Cosmetics\" \/>\n<meta property=\"og:description\" content=\"Naju\u010dinkovitej\u0161i \u0161ampon za aktivno rast las in proti izapdanju las Active Luxe. Opazno gostej\u0161i lasje \u017ee v 6-ih tednih. Krepi aktivne lasne me\u0161i\u010dke.\" \/>\n<meta property=\"og:url\" content=\"https:\/\/activeluxe-cosmetics.com\/sl\/izdelek\/sampon-in-balzam-za-aktivno-rast\/\" \/>\n<meta property=\"og:site_name\" content=\"Active Luxe Cosmetics\" \/>\n<meta property=\"article:modified_time\" content=\"2026-02-02T08:17:31+00:00\" \/>\n<meta property=\"og:image\" content=\"https:\/\/cdn.activeluxe-cosmetics.com\/sl\/wp-content\/uploads\/2025\/07\/18135310\/balzam_in_sampon_za_lase.png\" \/>\n\t<meta property=\"og:image:width\" content=\"1080\" \/>\n\t<meta property=\"og:image:height\" content=\"1350\" \/>\n\t<meta property=\"og:image:type\" content=\"image\/png\" \/>\n<meta name=\"twitter:card\" content=\"summary_large_image\" \/>\n<meta name=\"twitter:label1\" content=\"Est. reading time\" \/>\n\t<meta name=\"twitter:data1\" content=\"3 minute\" \/>\n<script type=\"application\/ld+json\" class=\"yoast-schema-graph\">{\"@context\":\"https:\/\/schema.org\",\"@graph\":[{\"@type\":\"WebPage\",\"@id\":\"https:\/\/activeluxe-cosmetics.com\/sl\/izdelek\/sampon-in-balzam-za-aktivno-rast\/\",\"url\":\"https:\/\/activeluxe-cosmetics.com\/sl\/izdelek\/sampon-in-balzam-za-aktivno-rast\/\",\"name\":\"\u0160ampon in balzam za rast las - Active Luxe Cosmetics\",\"isPartOf\":{\"@id\":\"https:\/\/activeluxe-cosmetics.com\/sl\/#website\"},\"primaryImageOfPage\":{\"@id\":\"https:\/\/activeluxe-cosmetics.com\/sl\/izdelek\/sampon-in-balzam-za-aktivno-rast\/#primaryimage\"},\"image\":{\"@id\":\"https:\/\/activeluxe-cosmetics.com\/sl\/izdelek\/sampon-in-balzam-za-aktivno-rast\/#primaryimage\"},\"thumbnailUrl\":\"https:\/\/cdn.activeluxe-cosmetics.com\/sl\/wp-content\/uploads\/2025\/07\/18135310\/balzam_in_sampon_za_lase.png\",\"datePublished\":\"2024-10-21T07:40:15+00:00\",\"dateModified\":\"2026-02-02T08:17:31+00:00\",\"description\":\"Naju\u010dinkovitej\u0161i \u0161ampon za aktivno rast las in proti izapdanju las Active Luxe. Opazno gostej\u0161i lasje \u017ee v 6-ih tednih. Krepi aktivne lasne me\u0161i\u010dke.\",\"breadcrumb\":{\"@id\":\"https:\/\/activeluxe-cosmetics.com\/sl\/izdelek\/sampon-in-balzam-za-aktivno-rast\/#breadcrumb\"},\"inLanguage\":\"sl-SI\",\"potentialAction\":[{\"@type\":\"ReadAction\",\"target\":[\"https:\/\/activeluxe-cosmetics.com\/sl\/izdelek\/sampon-in-balzam-za-aktivno-rast\/\"]}]},{\"@type\":\"ImageObject\",\"inLanguage\":\"sl-SI\",\"@id\":\"https:\/\/activeluxe-cosmetics.com\/sl\/izdelek\/sampon-in-balzam-za-aktivno-rast\/#primaryimage\",\"url\":\"https:\/\/cdn.activeluxe-cosmetics.com\/sl\/wp-content\/uploads\/2025\/07\/18135310\/balzam_in_sampon_za_lase.png\",\"contentUrl\":\"https:\/\/cdn.activeluxe-cosmetics.com\/sl\/wp-content\/uploads\/2025\/07\/18135310\/balzam_in_sampon_za_lase.png\",\"width\":1080,\"height\":1350,\"caption\":\"\u0160ampon za rast las Active Luxe\"},{\"@type\":\"BreadcrumbList\",\"@id\":\"https:\/\/activeluxe-cosmetics.com\/sl\/izdelek\/sampon-in-balzam-za-aktivno-rast\/#breadcrumb\",\"itemListElement\":[{\"@type\":\"ListItem\",\"position\":1,\"name\":\"Naslovnica\",\"item\":\"https:\/\/activeluxe-cosmetics.com\/sl\/\"},{\"@type\":\"ListItem\",\"position\":2,\"name\":\"Trgovina\",\"item\":\"https:\/\/activeluxe-cosmetics.com\/sl\/trgovina\/\"},{\"@type\":\"ListItem\",\"position\":3,\"name\":\"20% POPUST: \u0160ampon in balzam za rast las\"}]},{\"@type\":\"WebSite\",\"@id\":\"https:\/\/activeluxe-cosmetics.com\/sl\/#website\",\"url\":\"https:\/\/activeluxe-cosmetics.com\/sl\/\",\"name\":\"Active Luxe Cosmetics\",\"description\":\"\",\"potentialAction\":[{\"@type\":\"SearchAction\",\"target\":{\"@type\":\"EntryPoint\",\"urlTemplate\":\"https:\/\/activeluxe-cosmetics.com\/sl\/?s={search_term_string}\"},\"query-input\":{\"@type\":\"PropertyValueSpecification\",\"valueRequired\":true,\"valueName\":\"search_term_string\"}}],\"inLanguage\":\"sl-SI\"}]}<\/script>\n<!-- \/ Yoast SEO plugin. -->","yoast_head_json":{"title":"\u0160ampon in balzam za rast las - Active Luxe Cosmetics","description":"Naju\u010dinkovitej\u0161i \u0161ampon za aktivno rast las in proti izapdanju las Active Luxe. Opazno gostej\u0161i lasje \u017ee v 6-ih tednih. Krepi aktivne lasne me\u0161i\u010dke.","robots":{"index":"index","follow":"follow","max-snippet":"max-snippet:-1","max-image-preview":"max-image-preview:large","max-video-preview":"max-video-preview:-1"},"canonical":"https:\/\/activeluxe-cosmetics.com\/sl\/izdelek\/sampon-in-balzam-za-aktivno-rast\/","og_locale":"sl_SI","og_type":"article","og_title":"\u0160ampon in balzam za rast las - Active Luxe Cosmetics","og_description":"Naju\u010dinkovitej\u0161i \u0161ampon za aktivno rast las in proti izapdanju las Active Luxe. Opazno gostej\u0161i lasje \u017ee v 6-ih tednih. Krepi aktivne lasne me\u0161i\u010dke.","og_url":"https:\/\/activeluxe-cosmetics.com\/sl\/izdelek\/sampon-in-balzam-za-aktivno-rast\/","og_site_name":"Active Luxe Cosmetics","article_modified_time":"2026-02-02T08:17:31+00:00","og_image":[{"width":1080,"height":1350,"url":"https:\/\/cdn.activeluxe-cosmetics.com\/sl\/wp-content\/uploads\/2025\/07\/18135310\/balzam_in_sampon_za_lase.png","type":"image\/png"}],"twitter_card":"summary_large_image","twitter_misc":{"Est. reading time":"3 minute"},"schema":{"@context":"https:\/\/schema.org","@graph":[{"@type":"WebPage","@id":"https:\/\/activeluxe-cosmetics.com\/sl\/izdelek\/sampon-in-balzam-za-aktivno-rast\/","url":"https:\/\/activeluxe-cosmetics.com\/sl\/izdelek\/sampon-in-balzam-za-aktivno-rast\/","name":"\u0160ampon in balzam za rast las - Active Luxe Cosmetics","isPartOf":{"@id":"https:\/\/activeluxe-cosmetics.com\/sl\/#website"},"primaryImageOfPage":{"@id":"https:\/\/activeluxe-cosmetics.com\/sl\/izdelek\/sampon-in-balzam-za-aktivno-rast\/#primaryimage"},"image":{"@id":"https:\/\/activeluxe-cosmetics.com\/sl\/izdelek\/sampon-in-balzam-za-aktivno-rast\/#primaryimage"},"thumbnailUrl":"https:\/\/cdn.activeluxe-cosmetics.com\/sl\/wp-content\/uploads\/2025\/07\/18135310\/balzam_in_sampon_za_lase.png","datePublished":"2024-10-21T07:40:15+00:00","dateModified":"2026-02-02T08:17:31+00:00","description":"Naju\u010dinkovitej\u0161i \u0161ampon za aktivno rast las in proti izapdanju las Active Luxe. Opazno gostej\u0161i lasje \u017ee v 6-ih tednih. Krepi aktivne lasne me\u0161i\u010dke.","breadcrumb":{"@id":"https:\/\/activeluxe-cosmetics.com\/sl\/izdelek\/sampon-in-balzam-za-aktivno-rast\/#breadcrumb"},"inLanguage":"sl-SI","potentialAction":[{"@type":"ReadAction","target":["https:\/\/activeluxe-cosmetics.com\/sl\/izdelek\/sampon-in-balzam-za-aktivno-rast\/"]}]},{"@type":"ImageObject","inLanguage":"sl-SI","@id":"https:\/\/activeluxe-cosmetics.com\/sl\/izdelek\/sampon-in-balzam-za-aktivno-rast\/#primaryimage","url":"https:\/\/cdn.activeluxe-cosmetics.com\/sl\/wp-content\/uploads\/2025\/07\/18135310\/balzam_in_sampon_za_lase.png","contentUrl":"https:\/\/cdn.activeluxe-cosmetics.com\/sl\/wp-content\/uploads\/2025\/07\/18135310\/balzam_in_sampon_za_lase.png","width":1080,"height":1350,"caption":"\u0160ampon za rast las Active Luxe"},{"@type":"BreadcrumbList","@id":"https:\/\/activeluxe-cosmetics.com\/sl\/izdelek\/sampon-in-balzam-za-aktivno-rast\/#breadcrumb","itemListElement":[{"@type":"ListItem","position":1,"name":"Naslovnica","item":"https:\/\/activeluxe-cosmetics.com\/sl\/"},{"@type":"ListItem","position":2,"name":"Trgovina","item":"https:\/\/activeluxe-cosmetics.com\/sl\/trgovina\/"},{"@type":"ListItem","position":3,"name":"20% POPUST: \u0160ampon in balzam za rast las"}]},{"@type":"WebSite","@id":"https:\/\/activeluxe-cosmetics.com\/sl\/#website","url":"https:\/\/activeluxe-cosmetics.com\/sl\/","name":"Active Luxe Cosmetics","description":"","potentialAction":[{"@type":"SearchAction","target":{"@type":"EntryPoint","urlTemplate":"https:\/\/activeluxe-cosmetics.com\/sl\/?s={search_term_string}"},"query-input":{"@type":"PropertyValueSpecification","valueRequired":true,"valueName":"search_term_string"}}],"inLanguage":"sl-SI"}]}},"_links":{"self":[{"href":"https:\/\/activeluxe-cosmetics.com\/sl\/wp-json\/wp\/v2\/product\/89699","targetHints":{"allow":["GET"]}}],"collection":[{"href":"https:\/\/activeluxe-cosmetics.com\/sl\/wp-json\/wp\/v2\/product"}],"about":[{"href":"https:\/\/activeluxe-cosmetics.com\/sl\/wp-json\/wp\/v2\/types\/product"}],"replies":[{"embeddable":true,"href":"https:\/\/activeluxe-cosmetics.com\/sl\/wp-json\/wp\/v2\/comments?post=89699"}],"wp:featuredmedia":[{"embeddable":true,"href":"https:\/\/activeluxe-cosmetics.com\/sl\/wp-json\/wp\/v2\/media\/100825"}],"wp:attachment":[{"href":"https:\/\/activeluxe-cosmetics.com\/sl\/wp-json\/wp\/v2\/media?parent=89699"}],"wp:term":[{"taxonomy":"product_brand","embeddable":true,"href":"https:\/\/activeluxe-cosmetics.com\/sl\/wp-json\/wp\/v2\/product_brand?post=89699"},{"taxonomy":"product_cat","embeddable":true,"href":"https:\/\/activeluxe-cosmetics.com\/sl\/wp-json\/wp\/v2\/product_cat?post=89699"},{"taxonomy":"product_tag","embeddable":true,"href":"https:\/\/activeluxe-cosmetics.com\/sl\/wp-json\/wp\/v2\/product_tag?post=89699"}],"curies":[{"name":"wp","href":"https:\/\/api.w.org\/{rel}","templated":true}]}}