{"id":89679,"date":"2024-10-21T08:33:33","date_gmt":"2024-10-21T06:33:33","guid":{"rendered":"https:\/\/activeluxe-cosmetics.com\/sl\/?post_type=product&#038;p=89679"},"modified":"2026-02-01T13:56:06","modified_gmt":"2026-02-01T12:56:06","slug":"sampon-za-aktivno-rast-in-proti-izpadanju-las","status":"publish","type":"product","link":"https:\/\/activeluxe-cosmetics.com\/sl\/izdelek\/sampon-za-aktivno-rast-in-proti-izpadanju-las\/","title":{"rendered":"\u0160ampon za aktivno rast las"},"content":{"rendered":"<p><img loading=\"lazy\" decoding=\"async\" class=\"size-medium wp-image-100833 alignright\" src=\"https:\/\/cdn.activeluxe-cosmetics.com\/sl\/wp-content\/uploads\/2024\/10\/18140917\/sampon_za_rast_las_alc-460x575.png\" alt=\"\" width=\"460\" height=\"575\" srcset=\"https:\/\/cdn.activeluxe-cosmetics.com\/sl\/wp-content\/uploads\/2024\/10\/18140917\/sampon_za_rast_las_alc-460x575.png 460w, https:\/\/cdn.activeluxe-cosmetics.com\/sl\/wp-content\/uploads\/2024\/10\/18140917\/sampon_za_rast_las_alc-819x1024.png 819w, https:\/\/cdn.activeluxe-cosmetics.com\/sl\/wp-content\/uploads\/2024\/10\/18140917\/sampon_za_rast_las_alc-768x960.png 768w, https:\/\/cdn.activeluxe-cosmetics.com\/sl\/wp-content\/uploads\/2024\/10\/18140917\/sampon_za_rast_las_alc-600x750.png 600w, https:\/\/cdn.activeluxe-cosmetics.com\/sl\/wp-content\/uploads\/2024\/10\/18140917\/sampon_za_rast_las_alc.png 1080w\" sizes=\"auto, (max-width: 460px) 100vw, 460px\" \/><\/p>\n<h2><strong>Zmanj\u0161ano izpadanje<\/strong> las v 6. tednih<\/h2>\n<p><strong>Prva pomo\u010d<\/strong> za suhe, redke in slamnate lase brez sijaja, ki izpadajo in ne rastejo. Koncentrirani Active Luxe \u0161ampon za aktivno rast las in proti izpadanju las vsebuje revolucionarno formulo, ki prepre\u010duje izpadanje las, krepi aktivne lasne me\u0161i\u010dke in spodbuja prekrvavitev lasi\u0161\u010da. Zagotavlja odli\u010dne rezultate tako za \u017eenske in mo\u0161ke, ki se spopadajo z izpadanjem las, red\u010denjem las in ple\u0161avostjo.<\/p>\n<ul>\n<li>deluje proti <strong>folikularni disfunkciji<\/strong> \u2013 o\u017eivlja lasne me\u0161i\u010dke \u017ee od prvega dne uporabe,<\/li>\n<li><strong>spodbuja krvni obtok<\/strong> v lasi\u0161\u010du, kar koreninam oz. lasnim me\u0161i\u010dkom prina\u0161a ve\u010d hranil, ki jih potrebujejo za rast,<\/li>\n<li><strong>upo\u010dasnjuje staranje<\/strong> in odmiranje lasnih me\u0161i\u010dkov,<\/li>\n<li><span data-sheets-root=\"1\" data-sheets-value=\"{&quot;1&quot;:2,&quot;2&quot;:&quot;Vidljivo ja\u010da korijen kose i strukturu kose.&quot;}\" data-sheets-userformat=\"{&quot;2&quot;:2817,&quot;3&quot;:{&quot;1&quot;:0},&quot;11&quot;:4,&quot;12&quot;:0,&quot;14&quot;:{&quot;1&quot;:2,&quot;2&quot;:16739585}}\">vidno <strong>krepi lasne korenine<\/strong> in strukturo lasu,<\/span><\/li>\n<li>na voljo za <strong>suho\/normalno lasi\u0161\u010de<\/strong> ter <strong>mastno lasi\u0161\u010de<\/strong><\/li>\n<li><span style=\"font-weight: 400;\">deluje \u017ee od prve uporabe, najbolj\u0161i rezultati pa so vidni \u017ee <strong>po 6. tednih<\/strong>.<\/span><\/li>\n<\/ul>\n<h2 style=\"text-align: center; clear: both;\"><\/h2>\n<h2><img loading=\"lazy\" decoding=\"async\" class=\"size-medium wp-image-100827 alignleft\" src=\"https:\/\/cdn.activeluxe-cosmetics.com\/sl\/wp-content\/uploads\/2025\/07\/18135334\/sampon_za_rast_las_active_luxe-460x575.png\" alt=\"\" width=\"460\" height=\"575\" srcset=\"https:\/\/cdn.activeluxe-cosmetics.com\/sl\/wp-content\/uploads\/2025\/07\/18135334\/sampon_za_rast_las_active_luxe-460x575.png 460w, https:\/\/cdn.activeluxe-cosmetics.com\/sl\/wp-content\/uploads\/2025\/07\/18135334\/sampon_za_rast_las_active_luxe-819x1024.png 819w, https:\/\/cdn.activeluxe-cosmetics.com\/sl\/wp-content\/uploads\/2025\/07\/18135334\/sampon_za_rast_las_active_luxe-768x960.png 768w, https:\/\/cdn.activeluxe-cosmetics.com\/sl\/wp-content\/uploads\/2025\/07\/18135334\/sampon_za_rast_las_active_luxe-600x750.png 600w, https:\/\/cdn.activeluxe-cosmetics.com\/sl\/wp-content\/uploads\/2025\/07\/18135334\/sampon_za_rast_las_active_luxe.png 1080w\" sizes=\"auto, (max-width: 460px) 100vw, 460px\" \/><strong>Zakaj je Active Luxe \u0161ampon<\/strong> proti izpadanju las tako u\u010dinkovit?<\/h2>\n<p>\u010ce so tvoji lasje suhi, po\u0161kodovani in brez sijaja, je Active Luxe \u0161ampon prav tako <strong>prava izbira<\/strong>! Pogosto barvanje las in uporaba elektri\u010dnih naprav lase po\u0161koduje in stanj\u0161a, kar povzro\u010di razcepljene konice, lomljenje in prekomerno izpadanje.<\/p>\n<p>Active Luxe \u0161ampon bo tvoje lase izdatno <strong>negoval in globinsko obnovil!<\/strong><\/p>\n<p>Redna uporaba \u0161ampona:<\/p>\n<ul>\n<li style=\"font-weight: 400;\" aria-level=\"1\"><span style=\"font-weight: 400;\">ohranja vitalnost lasi\u0161\u010da,kar ti povrne naravno gostoto las,<\/span><\/li>\n<li style=\"font-weight: 400;\" aria-level=\"1\"><span style=\"font-weight: 400;\">lasje so \u017ee po prvi uporabi mo\u010dnej\u0161i, polnej\u0161i in bolj zdravi,<\/span><\/li>\n<li style=\"font-weight: 400;\" aria-level=\"1\"><span style=\"font-weight: 400;\">edinstvena klini\u010dno testirana formula aktivira lasni me\u0161i\u010dek in ga okrepi &#8211; lasna korenina se oja\u010da in zato lasje manj izpadajo.<\/span><\/li>\n<li style=\"font-weight: 400;\" aria-level=\"1\"><span style=\"font-weight: 400;\">v rekordno kratkem \u010dasu prepre\u010di izpadanje las in povzro\u010di rast novih, mladih las,<\/span><\/li>\n<li style=\"font-weight: 400;\" aria-level=\"1\"><span style=\"font-weight: 400;\">ob redni uporabi (vsaj 2x tedensko) prina\u0161a vidne rezulate \u017ee v 6. tednih.<\/span><\/li>\n<\/ul>\n<h2 style=\"text-align: center; clear: both;\"><\/h2>\n<p><img loading=\"lazy\" decoding=\"async\" class=\"size-full wp-image-100834 alignright\" src=\"https:\/\/cdn.activeluxe-cosmetics.com\/sl\/wp-content\/uploads\/2024\/10\/18140944\/sampon_za_lase_active_luxe.jpg\" alt=\"\" width=\"460\" height=\"589\" \/><\/p>\n<h2><strong>Pravo\u010dasno<\/strong> <strong>ustavi<\/strong> izpadanje las!<\/h2>\n<p><strong>Se ti zdi, da tvoji res mo\u010dno izpadajo in se vidijo znaki ple\u0161avosti? Uporabi \u0161e <a href=\"https:\/\/activeluxe-cosmetics.com\/sl\/izdelek\/serum-za-aktivno-rast-las\/\">koncentrirani aktivni serum za rast las<\/a>!<\/strong><\/p>\n<p>\u010ce je izpadanje las \u017ee mo\u010dno poslab\u0161alo stanje tvojeg lasi\u0161\u010da, ti svetujemo, da poleg \u0161ampona uporabi\u0161 tudi serum za rast las. Serum zaradi svoje koncentrirane vsebnosti <strong>okrepi delovanje \u0161ampona<\/strong> \u2013 stimulira \u0161ibkej\u0161e lasne me\u0161i\u010dke in <strong>spodbuja ponovno rast las<\/strong>. Z redno uporabo \u0161ampona in seruma bodo za\u010deli rasti novi, mladi lasje.<\/p>\n<p>Odli\u010den tako za \u017eenske kot mo\u0161ke. Je klini\u010dno testiran in primeren za vsakodnevno uporabo.<\/p>\n<p>Ob stalni, neprekinjeni uporabi (<strong>vsaj 2x na teden<\/strong>) bo\u0161 opazil-a:<\/p>\n<ul>\n<li>zmanj\u0161ano izpadanje las,<\/li>\n<li>gostej\u0161e, polnej\u0161ie lasje,<\/li>\n<li>mo\u010dnej\u0161e korenine in nahranjeni lasje.<\/li>\n<\/ul>\n<h3 style=\"clear: both; max-width: 820px;\"><span data-sheets-root=\"1\" data-sheets-value=\"{&quot;1&quot;:2,&quot;2&quot;:&quot;Pogodno za \u017eene i mu\u0161karce. Klini\u010dki je ispitan i prikladan za svakodnevnu uporabu.n&quot;}\" data-sheets-userformat=\"{&quot;2&quot;:769,&quot;3&quot;:{&quot;1&quot;:0},&quot;11&quot;:4,&quot;12&quot;:0}\" data-sheets-textstyleruns=\"{&quot;1&quot;:0}\uee10{&quot;1&quot;:28,&quot;2&quot;:{&quot;2&quot;:{&quot;1&quot;:2,&quot;2&quot;:16739585}}}\">\u00a0<\/span><\/h3>\n<div style=\"display: flex; align-items: center; gap: 20px; flex-wrap: wrap;\">\n<p style=\"max-width: 360px;\">\n<\/div>\n","protected":false},"excerpt":{"rendered":"<p>\u0160ampon proti izpadanju las in za hitrej\u0161o rast las. Vidni rezultati \u017ee v 6 tednih.<\/p>\n","protected":false},"featured_media":100831,"comment_status":"open","ping_status":"closed","template":"","meta":[],"product_brand":[],"product_cat":[53,54],"product_tag":[113],"class_list":{"0":"post-89679","1":"product","2":"type-product","3":"status-publish","4":"has-post-thumbnail","6":"product_cat-izdelki-za-nego-las","7":"product_cat-samponi-za-profesionalno-nego-las","8":"product_tag-zenske","10":"first","11":"instock","12":"taxable","13":"shipping-taxable","14":"purchasable","15":"product-type-variable"},"bundled_by":[],"bundle_stock_status":"instock","bundle_stock_quantity":null,"bundle_virtual":false,"bundle_layout":"","bundle_add_to_cart_form_location":"","bundle_editable_in_cart":false,"bundle_sold_individually_context":"","bundle_item_grouping":"","bundle_min_size":"","bundle_max_size":"","bundle_price":[],"bundled_items":[],"bundle_sell_ids":[],"acf":[],"yoast_head":"<!-- This site is optimized with the Yoast SEO plugin v26.6 - https:\/\/yoast.com\/wordpress\/plugins\/seo\/ -->\n<title>\u0160ampon za rast las - Active Luxe Cosmetics<\/title>\n<meta name=\"description\" content=\"Naju\u010dinkovitej\u0161i \u0161ampon za aktivno rast las in proti izapdanju las Active Luxe. Opazno gostej\u0161i lasje \u017ee v 6-ih tednih. Krepi aktivne lasne me\u0161i\u010dke.\" \/>\n<meta name=\"robots\" content=\"index, follow, max-snippet:-1, max-image-preview:large, max-video-preview:-1\" \/>\n<link rel=\"canonical\" href=\"https:\/\/activeluxe-cosmetics.com\/sl\/izdelek\/sampon-za-aktivno-rast-in-proti-izpadanju-las\/\" \/>\n<meta property=\"og:locale\" content=\"sl_SI\" \/>\n<meta property=\"og:type\" content=\"article\" \/>\n<meta property=\"og:title\" content=\"\u0160ampon za rast las - Active Luxe Cosmetics\" \/>\n<meta property=\"og:description\" content=\"Naju\u010dinkovitej\u0161i \u0161ampon za aktivno rast las in proti izapdanju las Active Luxe. Opazno gostej\u0161i lasje \u017ee v 6-ih tednih. Krepi aktivne lasne me\u0161i\u010dke.\" \/>\n<meta property=\"og:url\" content=\"https:\/\/activeluxe-cosmetics.com\/sl\/izdelek\/sampon-za-aktivno-rast-in-proti-izpadanju-las\/\" \/>\n<meta property=\"og:site_name\" content=\"Active Luxe Cosmetics\" \/>\n<meta property=\"article:modified_time\" content=\"2026-02-01T12:56:06+00:00\" \/>\n<meta property=\"og:image\" content=\"https:\/\/cdn.activeluxe-cosmetics.com\/sl\/wp-content\/uploads\/2024\/10\/18140754\/sampon_za_rast_las_normalno_lasisce.jpg\" \/>\n\t<meta property=\"og:image:width\" content=\"1104\" \/>\n\t<meta property=\"og:image:height\" content=\"1326\" \/>\n\t<meta property=\"og:image:type\" content=\"image\/jpeg\" \/>\n<meta name=\"twitter:card\" content=\"summary_large_image\" \/>\n<meta name=\"twitter:label1\" content=\"Est. reading time\" \/>\n\t<meta name=\"twitter:data1\" content=\"3 minute\" \/>\n<script type=\"application\/ld+json\" class=\"yoast-schema-graph\">{\"@context\":\"https:\/\/schema.org\",\"@graph\":[{\"@type\":\"WebPage\",\"@id\":\"https:\/\/activeluxe-cosmetics.com\/sl\/izdelek\/sampon-za-aktivno-rast-in-proti-izpadanju-las\/\",\"url\":\"https:\/\/activeluxe-cosmetics.com\/sl\/izdelek\/sampon-za-aktivno-rast-in-proti-izpadanju-las\/\",\"name\":\"\u0160ampon za rast las - Active Luxe Cosmetics\",\"isPartOf\":{\"@id\":\"https:\/\/activeluxe-cosmetics.com\/sl\/#website\"},\"primaryImageOfPage\":{\"@id\":\"https:\/\/activeluxe-cosmetics.com\/sl\/izdelek\/sampon-za-aktivno-rast-in-proti-izpadanju-las\/#primaryimage\"},\"image\":{\"@id\":\"https:\/\/activeluxe-cosmetics.com\/sl\/izdelek\/sampon-za-aktivno-rast-in-proti-izpadanju-las\/#primaryimage\"},\"thumbnailUrl\":\"https:\/\/cdn.activeluxe-cosmetics.com\/sl\/wp-content\/uploads\/2024\/10\/18140754\/sampon_za_rast_las_normalno_lasisce.jpg\",\"datePublished\":\"2024-10-21T06:33:33+00:00\",\"dateModified\":\"2026-02-01T12:56:06+00:00\",\"description\":\"Naju\u010dinkovitej\u0161i \u0161ampon za aktivno rast las in proti izapdanju las Active Luxe. Opazno gostej\u0161i lasje \u017ee v 6-ih tednih. Krepi aktivne lasne me\u0161i\u010dke.\",\"breadcrumb\":{\"@id\":\"https:\/\/activeluxe-cosmetics.com\/sl\/izdelek\/sampon-za-aktivno-rast-in-proti-izpadanju-las\/#breadcrumb\"},\"inLanguage\":\"sl-SI\",\"potentialAction\":[{\"@type\":\"ReadAction\",\"target\":[\"https:\/\/activeluxe-cosmetics.com\/sl\/izdelek\/sampon-za-aktivno-rast-in-proti-izpadanju-las\/\"]}]},{\"@type\":\"ImageObject\",\"inLanguage\":\"sl-SI\",\"@id\":\"https:\/\/activeluxe-cosmetics.com\/sl\/izdelek\/sampon-za-aktivno-rast-in-proti-izpadanju-las\/#primaryimage\",\"url\":\"https:\/\/cdn.activeluxe-cosmetics.com\/sl\/wp-content\/uploads\/2024\/10\/18140754\/sampon_za_rast_las_normalno_lasisce.jpg\",\"contentUrl\":\"https:\/\/cdn.activeluxe-cosmetics.com\/sl\/wp-content\/uploads\/2024\/10\/18140754\/sampon_za_rast_las_normalno_lasisce.jpg\",\"width\":1104,\"height\":1326,\"caption\":\"\u0160ampon za rast las Active Luxe\"},{\"@type\":\"BreadcrumbList\",\"@id\":\"https:\/\/activeluxe-cosmetics.com\/sl\/izdelek\/sampon-za-aktivno-rast-in-proti-izpadanju-las\/#breadcrumb\",\"itemListElement\":[{\"@type\":\"ListItem\",\"position\":1,\"name\":\"Naslovnica\",\"item\":\"https:\/\/activeluxe-cosmetics.com\/sl\/\"},{\"@type\":\"ListItem\",\"position\":2,\"name\":\"Trgovina\",\"item\":\"https:\/\/activeluxe-cosmetics.com\/sl\/trgovina\/\"},{\"@type\":\"ListItem\",\"position\":3,\"name\":\"\u0160ampon za aktivno rast las\"}]},{\"@type\":\"WebSite\",\"@id\":\"https:\/\/activeluxe-cosmetics.com\/sl\/#website\",\"url\":\"https:\/\/activeluxe-cosmetics.com\/sl\/\",\"name\":\"Active Luxe Cosmetics\",\"description\":\"\",\"potentialAction\":[{\"@type\":\"SearchAction\",\"target\":{\"@type\":\"EntryPoint\",\"urlTemplate\":\"https:\/\/activeluxe-cosmetics.com\/sl\/?s={search_term_string}\"},\"query-input\":{\"@type\":\"PropertyValueSpecification\",\"valueRequired\":true,\"valueName\":\"search_term_string\"}}],\"inLanguage\":\"sl-SI\"}]}<\/script>\n<!-- \/ Yoast SEO plugin. -->","yoast_head_json":{"title":"\u0160ampon za rast las - Active Luxe Cosmetics","description":"Naju\u010dinkovitej\u0161i \u0161ampon za aktivno rast las in proti izapdanju las Active Luxe. Opazno gostej\u0161i lasje \u017ee v 6-ih tednih. Krepi aktivne lasne me\u0161i\u010dke.","robots":{"index":"index","follow":"follow","max-snippet":"max-snippet:-1","max-image-preview":"max-image-preview:large","max-video-preview":"max-video-preview:-1"},"canonical":"https:\/\/activeluxe-cosmetics.com\/sl\/izdelek\/sampon-za-aktivno-rast-in-proti-izpadanju-las\/","og_locale":"sl_SI","og_type":"article","og_title":"\u0160ampon za rast las - Active Luxe Cosmetics","og_description":"Naju\u010dinkovitej\u0161i \u0161ampon za aktivno rast las in proti izapdanju las Active Luxe. Opazno gostej\u0161i lasje \u017ee v 6-ih tednih. Krepi aktivne lasne me\u0161i\u010dke.","og_url":"https:\/\/activeluxe-cosmetics.com\/sl\/izdelek\/sampon-za-aktivno-rast-in-proti-izpadanju-las\/","og_site_name":"Active Luxe Cosmetics","article_modified_time":"2026-02-01T12:56:06+00:00","og_image":[{"width":1104,"height":1326,"url":"https:\/\/cdn.activeluxe-cosmetics.com\/sl\/wp-content\/uploads\/2024\/10\/18140754\/sampon_za_rast_las_normalno_lasisce.jpg","type":"image\/jpeg"}],"twitter_card":"summary_large_image","twitter_misc":{"Est. reading time":"3 minute"},"schema":{"@context":"https:\/\/schema.org","@graph":[{"@type":"WebPage","@id":"https:\/\/activeluxe-cosmetics.com\/sl\/izdelek\/sampon-za-aktivno-rast-in-proti-izpadanju-las\/","url":"https:\/\/activeluxe-cosmetics.com\/sl\/izdelek\/sampon-za-aktivno-rast-in-proti-izpadanju-las\/","name":"\u0160ampon za rast las - Active Luxe Cosmetics","isPartOf":{"@id":"https:\/\/activeluxe-cosmetics.com\/sl\/#website"},"primaryImageOfPage":{"@id":"https:\/\/activeluxe-cosmetics.com\/sl\/izdelek\/sampon-za-aktivno-rast-in-proti-izpadanju-las\/#primaryimage"},"image":{"@id":"https:\/\/activeluxe-cosmetics.com\/sl\/izdelek\/sampon-za-aktivno-rast-in-proti-izpadanju-las\/#primaryimage"},"thumbnailUrl":"https:\/\/cdn.activeluxe-cosmetics.com\/sl\/wp-content\/uploads\/2024\/10\/18140754\/sampon_za_rast_las_normalno_lasisce.jpg","datePublished":"2024-10-21T06:33:33+00:00","dateModified":"2026-02-01T12:56:06+00:00","description":"Naju\u010dinkovitej\u0161i \u0161ampon za aktivno rast las in proti izapdanju las Active Luxe. Opazno gostej\u0161i lasje \u017ee v 6-ih tednih. Krepi aktivne lasne me\u0161i\u010dke.","breadcrumb":{"@id":"https:\/\/activeluxe-cosmetics.com\/sl\/izdelek\/sampon-za-aktivno-rast-in-proti-izpadanju-las\/#breadcrumb"},"inLanguage":"sl-SI","potentialAction":[{"@type":"ReadAction","target":["https:\/\/activeluxe-cosmetics.com\/sl\/izdelek\/sampon-za-aktivno-rast-in-proti-izpadanju-las\/"]}]},{"@type":"ImageObject","inLanguage":"sl-SI","@id":"https:\/\/activeluxe-cosmetics.com\/sl\/izdelek\/sampon-za-aktivno-rast-in-proti-izpadanju-las\/#primaryimage","url":"https:\/\/cdn.activeluxe-cosmetics.com\/sl\/wp-content\/uploads\/2024\/10\/18140754\/sampon_za_rast_las_normalno_lasisce.jpg","contentUrl":"https:\/\/cdn.activeluxe-cosmetics.com\/sl\/wp-content\/uploads\/2024\/10\/18140754\/sampon_za_rast_las_normalno_lasisce.jpg","width":1104,"height":1326,"caption":"\u0160ampon za rast las Active Luxe"},{"@type":"BreadcrumbList","@id":"https:\/\/activeluxe-cosmetics.com\/sl\/izdelek\/sampon-za-aktivno-rast-in-proti-izpadanju-las\/#breadcrumb","itemListElement":[{"@type":"ListItem","position":1,"name":"Naslovnica","item":"https:\/\/activeluxe-cosmetics.com\/sl\/"},{"@type":"ListItem","position":2,"name":"Trgovina","item":"https:\/\/activeluxe-cosmetics.com\/sl\/trgovina\/"},{"@type":"ListItem","position":3,"name":"\u0160ampon za aktivno rast las"}]},{"@type":"WebSite","@id":"https:\/\/activeluxe-cosmetics.com\/sl\/#website","url":"https:\/\/activeluxe-cosmetics.com\/sl\/","name":"Active Luxe Cosmetics","description":"","potentialAction":[{"@type":"SearchAction","target":{"@type":"EntryPoint","urlTemplate":"https:\/\/activeluxe-cosmetics.com\/sl\/?s={search_term_string}"},"query-input":{"@type":"PropertyValueSpecification","valueRequired":true,"valueName":"search_term_string"}}],"inLanguage":"sl-SI"}]}},"_links":{"self":[{"href":"https:\/\/activeluxe-cosmetics.com\/sl\/wp-json\/wp\/v2\/product\/89679","targetHints":{"allow":["GET"]}}],"collection":[{"href":"https:\/\/activeluxe-cosmetics.com\/sl\/wp-json\/wp\/v2\/product"}],"about":[{"href":"https:\/\/activeluxe-cosmetics.com\/sl\/wp-json\/wp\/v2\/types\/product"}],"replies":[{"embeddable":true,"href":"https:\/\/activeluxe-cosmetics.com\/sl\/wp-json\/wp\/v2\/comments?post=89679"}],"wp:featuredmedia":[{"embeddable":true,"href":"https:\/\/activeluxe-cosmetics.com\/sl\/wp-json\/wp\/v2\/media\/100831"}],"wp:attachment":[{"href":"https:\/\/activeluxe-cosmetics.com\/sl\/wp-json\/wp\/v2\/media?parent=89679"}],"wp:term":[{"taxonomy":"product_brand","embeddable":true,"href":"https:\/\/activeluxe-cosmetics.com\/sl\/wp-json\/wp\/v2\/product_brand?post=89679"},{"taxonomy":"product_cat","embeddable":true,"href":"https:\/\/activeluxe-cosmetics.com\/sl\/wp-json\/wp\/v2\/product_cat?post=89679"},{"taxonomy":"product_tag","embeddable":true,"href":"https:\/\/activeluxe-cosmetics.com\/sl\/wp-json\/wp\/v2\/product_tag?post=89679"}],"curies":[{"name":"wp","href":"https:\/\/api.w.org\/{rel}","templated":true}]}}