{"id":89561,"date":"2024-10-18T15:50:18","date_gmt":"2024-10-18T13:50:18","guid":{"rendered":"https:\/\/activeluxe-cosmetics.com\/sl\/?post_type=product&#038;p=89561"},"modified":"2026-01-08T10:20:37","modified_gmt":"2026-01-08T09:20:37","slug":"balzam-za-krepitev-in-rast-las","status":"publish","type":"product","link":"https:\/\/activeluxe-cosmetics.com\/sl\/izdelek\/balzam-za-krepitev-in-rast-las\/","title":{"rendered":"Balzam za krepitev in rast las"},"content":{"rendered":"<p><img loading=\"lazy\" decoding=\"async\" class=\" wp-image-100838 alignright\" src=\"https:\/\/cdn.activeluxe-cosmetics.com\/sl\/wp-content\/uploads\/2024\/10\/18144224\/active_luxe_balzam_za_rast_las-460x575.png\" alt=\"\" width=\"440\" height=\"550\" srcset=\"https:\/\/cdn.activeluxe-cosmetics.com\/sl\/wp-content\/uploads\/2024\/10\/18144224\/active_luxe_balzam_za_rast_las-460x575.png 460w, https:\/\/cdn.activeluxe-cosmetics.com\/sl\/wp-content\/uploads\/2024\/10\/18144224\/active_luxe_balzam_za_rast_las-819x1024.png 819w, https:\/\/cdn.activeluxe-cosmetics.com\/sl\/wp-content\/uploads\/2024\/10\/18144224\/active_luxe_balzam_za_rast_las-768x960.png 768w, https:\/\/cdn.activeluxe-cosmetics.com\/sl\/wp-content\/uploads\/2024\/10\/18144224\/active_luxe_balzam_za_rast_las-600x750.png 600w, https:\/\/cdn.activeluxe-cosmetics.com\/sl\/wp-content\/uploads\/2024\/10\/18144224\/active_luxe_balzam_za_rast_las.png 1080w\" sizes=\"auto, (max-width: 440px) 100vw, 440px\" \/><\/p>\n<h2><span data-sheets-root=\"1\" data-sheets-value=\"{&quot;1&quot;:2,&quot;2&quot;:&quot;Balzam koji \u010dini kosu gu\u0161\u0107om&quot;}\" data-sheets-userformat=\"{&quot;2&quot;:17153,&quot;3&quot;:{&quot;1&quot;:0},&quot;11&quot;:4,&quot;12&quot;:0,&quot;17&quot;:1}\">Balzam, <strong>ki lasem daje volumen<\/strong><\/span><\/h2>\n<p><span data-sheets-root=\"1\" data-sheets-value=\"{&quot;1&quot;:2,&quot;2&quot;:&quot;Ovaj u\u010dinkoviti balzam ima dvije va\u017ene funkcije:&quot;}\" data-sheets-userformat=\"{&quot;2&quot;:769,&quot;3&quot;:{&quot;1&quot;:0},&quot;11&quot;:4,&quot;12&quot;:0}\">Ta u\u010dinkovit balzam ima dve pomembni funkciji:<\/span><\/p>\n<ul>\n<li><span data-sheets-root=\"1\" data-sheets-value=\"{&quot;1&quot;:2,&quot;2&quot;:&quot;1. Njeguje kosu, obnavlja je, zagla\u0111uje i \u0161titinnActive Luxe Hair balzam pru\u017eiti \u0107e kosi prijeko potrebnu hidrataciju te \u0107e joj dati gu\u0161\u0107i, ve\u0107i volumen ve\u0107 od prvog kori\u0161tenja. Posljedi\u010dno \u0107e ona biti mek\u0161a, lak\u0161a i otpornija na svakodnevno tretiranje kao \u0161to je su\u0161enje su\u0161ilom za kosu, rotiraju\u0107im \u010detkama ili peglom za kosu. Odmah \u0107ete pod rukama primijetiti kako je kosa podatnija, mek\u0161a, lak\u0161e se ra\u0161\u010de\u0161ljava, te je naizgled sjajnija i zdravija.&quot;}\" data-sheets-userformat=\"{&quot;2&quot;:769,&quot;3&quot;:{&quot;1&quot;:0},&quot;11&quot;:4,&quot;12&quot;:0}\" data-sheets-textstyleruns=\"{&quot;1&quot;:0}\uee10{&quot;1&quot;:49,&quot;2&quot;:{&quot;2&quot;:{&quot;1&quot;:2,&quot;2&quot;:16739585}}}\uee10{&quot;1&quot;:72}\uee10{&quot;1&quot;:261,&quot;2&quot;:{&quot;2&quot;:{&quot;1&quot;:2,&quot;2&quot;:16739585}}}\uee10{&quot;1&quot;:264}\"><strong>Lase neguje, jih globinsko obnavlja in za\u0161\u010diti<br \/>\n<\/strong><\/span>Active Luxe balzam proti izpadanju las suhim lasem nudi popolno <strong>hidracijo<\/strong> in jih <strong>zgladi<\/strong>. Po uporabi so lasje ob\u010dutno <strong>mehkej\u0161i<\/strong>, <strong>pro\u017enej\u0161i<\/strong> in <strong>odpornej\u0161i<\/strong> na vsakodnevno krta\u010denje ter likanje las. Lasje se la\u017eje raz\u010de\u0161ejo, se ne lomijo in imajo krasen sijaj.<\/li>\n<li><span data-sheets-root=\"1\" data-sheets-value=\"{&quot;1&quot;:2,&quot;2&quot;:&quot; 2.Uz Active Luxe Hair \u0161ampon sprje\u010dava ispadanje kosennUz Active Luxe Hair \u0161ampon i inovativnu formulu s trojnim djelovanjem koju sadr\u017ei, kosa \u0107e manje ispadati te \u0107e se oja\u010dati folikuli kose. Glavna funkcija formule jest da oja\u010dava folikule kose i usporava njihovo starenje. Djeluje protiv osnovnih uzroka zbog kojih kosa ispada \u2013 slabe mikrocirkulacije vlasi\u0161ta, starenja folikula te propadanja folikula.&quot;}\" data-sheets-userformat=\"{&quot;2&quot;:769,&quot;3&quot;:{&quot;1&quot;:0},&quot;11&quot;:4,&quot;12&quot;:0}\" data-sheets-textstyleruns=\"{&quot;1&quot;:0}\uee10{&quot;1&quot;:13,&quot;2&quot;:{&quot;2&quot;:{&quot;1&quot;:2,&quot;2&quot;:16739585}}}\uee10{&quot;1&quot;:22}\uee10{&quot;1&quot;:59,&quot;2&quot;:{&quot;2&quot;:{&quot;1&quot;:2,&quot;2&quot;:16739585}}}\uee10{&quot;1&quot;:75}\uee10{&quot;1&quot;:277,&quot;2&quot;:{&quot;2&quot;:{&quot;1&quot;:2,&quot;2&quot;:16739585}}}\uee10{&quot;1&quot;:291}\uee10{&quot;1&quot;:292,&quot;2&quot;:{&quot;2&quot;:{&quot;1&quot;:2,&quot;2&quot;:16739585}}}\uee10{&quot;1&quot;:307}\"><strong>Skupaj z Active Luxe \u0161amponom prepre\u010duje izpadanje in pospe\u0161uje rast las<br \/>\n<\/strong><\/span><a href=\"https:\/\/activeluxe-cosmetics.com\/sl\/izdelek\/sampon-za-aktivno-rast-in-proti-izpadanju-las\/\">Active Luxe \u0161ampon<\/a> in balzam tvorita <strong>popoln duo<\/strong> proti izpadanju in za rast las. \u0160ampon vsebuje inovativno formulo, ki krepi lasne me\u0161i\u010dke, prepre\u010duje njihovo prezgodnje staranje, ja\u010da korenine in prepre\u010duje izpadanje las.<\/li>\n<li><strong>Balzam<\/strong> prav tako <strong>aktivira<\/strong> in <strong>spodbuja mikrocirkulacijo lasi\u0161\u010da<\/strong>, ki poskrbi, da lasje iz krvi dobijo vse potrebne hranilne snovi za hitrej\u0161o rast in zdrave, mo\u010dne korenine.<\/li>\n<\/ul>\n<h2 style=\"text-align: center; clear: both;\"><\/h2>\n<h2><strong><img loading=\"lazy\" decoding=\"async\" class=\" wp-image-100825 alignleft\" src=\"https:\/\/cdn.activeluxe-cosmetics.com\/sl\/wp-content\/uploads\/2025\/07\/18135310\/balzam_in_sampon_za_lase-460x575.png\" alt=\"\" width=\"440\" height=\"550\" srcset=\"https:\/\/cdn.activeluxe-cosmetics.com\/sl\/wp-content\/uploads\/2025\/07\/18135310\/balzam_in_sampon_za_lase-460x575.png 460w, https:\/\/cdn.activeluxe-cosmetics.com\/sl\/wp-content\/uploads\/2025\/07\/18135310\/balzam_in_sampon_za_lase-819x1024.png 819w, https:\/\/cdn.activeluxe-cosmetics.com\/sl\/wp-content\/uploads\/2025\/07\/18135310\/balzam_in_sampon_za_lase-768x960.png 768w, https:\/\/cdn.activeluxe-cosmetics.com\/sl\/wp-content\/uploads\/2025\/07\/18135310\/balzam_in_sampon_za_lase-600x750.png 600w, https:\/\/cdn.activeluxe-cosmetics.com\/sl\/wp-content\/uploads\/2025\/07\/18135310\/balzam_in_sampon_za_lase.png 1080w\" sizes=\"auto, (max-width: 440px) 100vw, 440px\" \/>Zakaj je Active Luxe balzam<\/strong> za rast las tako u\u010dinkovit?<\/h2>\n<p>S prekomernim pranjem, krta\u010denjem, barvanjem, likanjem in su\u0161enjem lasje izpadajo, izgubljajo elasti\u010dnost, volumen in mo\u010d. Stanje \u0161e dodatno poslab\u0161a premo\u010dno drgnjenje las z brisa\u010do, stres, slaba prehrana in nezadostna hidracija telesa. Zato je potrebno lase<strong> redno globinsko nahraniti<\/strong> in <strong>za\u0161\u010dititi<\/strong>. Nahranjeni in zdravi lasje bodo tako tudi <strong>hitreje rastli<\/strong>.<\/p>\n<p>Z <strong>redno uporabo Active Luxe \u0161ampona in balzama proti izpadanju in za rast las las<\/strong> bodo lasje vidno manj izpadali in hitreje rastli. Postali bodo <strong>mo\u010dnej\u0161i<\/strong>, <strong>globinsko nahranjeni<\/strong>, <strong>gladki<\/strong> in <strong>sijo\u010di<\/strong>.<\/p>\n<p><span data-sheets-root=\"1\" data-sheets-value=\"{&quot;1&quot;:2,&quot;2&quot;:&quot;Ob stalni, neprekinjeni uporabi (vsaj 2x na teden) bo\u0161 opazil-a:nnzmanj\u0161ano izpadanje las,ngostej\u0161e, polnej\u0161ie lasje,nmo\u010dnej\u0161e korenine in nahranjeni lasje.&quot;}\" data-sheets-userformat=\"{&quot;2&quot;:4224,&quot;10&quot;:2,&quot;15&quot;:&quot;Arial&quot;}\">Ob <strong>redni uporabi<\/strong>, vsaj 2x na teden, bo\u0161 opazil-a:<\/span><\/p>\n<ul>\n<li><span data-sheets-root=\"1\" data-sheets-value=\"{&quot;1&quot;:2,&quot;2&quot;:&quot;Ob stalni, neprekinjeni uporabi (vsaj 2x na teden) bo\u0161 opazil-a:nnzmanj\u0161ano izpadanje las,ngostej\u0161e, polnej\u0161ie lasje,nmo\u010dnej\u0161e korenine in nahranjeni lasje.&quot;}\" data-sheets-userformat=\"{&quot;2&quot;:4224,&quot;10&quot;:2,&quot;15&quot;:&quot;Arial&quot;}\">zmanj\u0161ano izpadanje las,<\/span><\/li>\n<li><span data-sheets-root=\"1\" data-sheets-value=\"{&quot;1&quot;:2,&quot;2&quot;:&quot;Ob stalni, neprekinjeni uporabi (vsaj 2x na teden) bo\u0161 opazil-a:nnzmanj\u0161ano izpadanje las,ngostej\u0161e, polnej\u0161ie lasje,nmo\u010dnej\u0161e korenine in nahranjeni lasje.&quot;}\" data-sheets-userformat=\"{&quot;2&quot;:4224,&quot;10&quot;:2,&quot;15&quot;:&quot;Arial&quot;}\">gostej\u0161e in polnej\u0161ie lase,<\/span><\/li>\n<li><span data-sheets-root=\"1\" data-sheets-value=\"{&quot;1&quot;:2,&quot;2&quot;:&quot;Ob stalni, neprekinjeni uporabi (vsaj 2x na teden) bo\u0161 opazil-a:nnzmanj\u0161ano izpadanje las,ngostej\u0161e, polnej\u0161ie lasje,nmo\u010dnej\u0161e korenine in nahranjeni lasje.&quot;}\" data-sheets-userformat=\"{&quot;2&quot;:4224,&quot;10&quot;:2,&quot;15&quot;:&quot;Arial&quot;}\">mo\u010dnej\u0161e korenine in nahranjene lase.<\/span><\/li>\n<\/ul>\n<h2 style=\"text-align: center; clear: both;\"><\/h2>\n<p><img loading=\"lazy\" decoding=\"async\" class=\" wp-image-100824 alignright\" src=\"https:\/\/cdn.activeluxe-cosmetics.com\/sl\/wp-content\/uploads\/2025\/07\/18135301\/activeluxe_balzam_za_lase-460x575.png\" alt=\"\" width=\"440\" height=\"550\" srcset=\"https:\/\/cdn.activeluxe-cosmetics.com\/sl\/wp-content\/uploads\/2025\/07\/18135301\/activeluxe_balzam_za_lase-460x575.png 460w, https:\/\/cdn.activeluxe-cosmetics.com\/sl\/wp-content\/uploads\/2025\/07\/18135301\/activeluxe_balzam_za_lase-819x1024.png 819w, https:\/\/cdn.activeluxe-cosmetics.com\/sl\/wp-content\/uploads\/2025\/07\/18135301\/activeluxe_balzam_za_lase-768x960.png 768w, https:\/\/cdn.activeluxe-cosmetics.com\/sl\/wp-content\/uploads\/2025\/07\/18135301\/activeluxe_balzam_za_lase-600x750.png 600w, https:\/\/cdn.activeluxe-cosmetics.com\/sl\/wp-content\/uploads\/2025\/07\/18135301\/activeluxe_balzam_za_lase.png 1080w\" sizes=\"auto, (max-width: 440px) 100vw, 440px\" \/><\/p>\n<h2><span data-sheets-root=\"1\" data-sheets-value=\"{&quot;1&quot;:2,&quot;2&quot;:&quot;Sprije\u010di ispadanje kose na vrijeme!&quot;}\" data-sheets-userformat=\"{&quot;2&quot;:17153,&quot;3&quot;:{&quot;1&quot;:0},&quot;11&quot;:4,&quot;12&quot;:0,&quot;17&quot;:1}\"><strong>Pravo\u010dasno ustavi <\/strong>izpadanje las!<\/span><\/h2>\n<p>\u010ce se bori\u0161 s ple\u0161avostjo ali prekomernim izpadanjem las, je Active Luxe balzam v kombinaciji z <a href=\"https:\/\/activeluxe-cosmetics.com\/sl\/izdelek\/sampon-za-aktivno-rast-in-proti-izpadanju-las\/\">Active Luxe \u0161amponom proti izpadanju in za rast las<\/a> idealna re\u0161itev, ki tako \u017eenskam kot mo\u0161kim pomaga do gostej\u0161ih, bolj zdravih in mo\u010dnej\u0161ih las.<\/p>\n<ul>\n<li>Gostej\u0161i lasje na dotik<\/li>\n<li>Naravni proteini za mo\u010dnej\u0161e lase<\/li>\n<li>Odebeli lasje in jim daje gostoto<\/li>\n<li>Prepre\u010duje naelektrenost<\/li>\n<li>Primeren za vse tipe las<\/li>\n<\/ul>\n<p>Za optimalne rezultate Active Luxe balzam uporabljaj skupaj z Active Luxe \u0161amponom za suho\/normalno ali mastno lasi\u0161\u010de.<\/p>\n<p>Odli\u010den <strong>tako za \u017eenske kot mo\u0161ke<\/strong>. Je<strong> klini\u010dno testiran<\/strong> in <strong>primeren za vsakodnevno uporabo<\/strong>.<\/p>\n<p>&nbsp;<\/p>\n<h3 style=\"clear: both; max-width: 820px;\"><\/h3>\n","protected":false},"excerpt":{"rendered":"<p>Z aktivno formulo podpira delovanje Active Luxe \u0161ampona za rast las. Obnavlja lase ter ohranja njihovo pro\u017enost.<\/p>\n","protected":false},"featured_media":89724,"comment_status":"open","ping_status":"closed","template":"","meta":[],"product_brand":[],"product_cat":[53,59],"product_tag":[113],"class_list":{"0":"post-89561","1":"product","2":"type-product","3":"status-publish","4":"has-post-thumbnail","6":"product_cat-izdelki-za-nego-las","7":"product_cat-balzami-maske","8":"product_tag-zenske","10":"first","11":"instock","12":"taxable","13":"shipping-taxable","14":"purchasable","15":"product-type-simple"},"bundled_by":[],"bundle_stock_status":"instock","bundle_stock_quantity":null,"bundle_virtual":false,"bundle_layout":"","bundle_add_to_cart_form_location":"","bundle_editable_in_cart":false,"bundle_sold_individually_context":"","bundle_item_grouping":"","bundle_min_size":"","bundle_max_size":"","bundle_price":[],"bundled_items":[],"bundle_sell_ids":[],"acf":[],"yoast_head":"<!-- This site is optimized with the Yoast SEO plugin v26.6 - https:\/\/yoast.com\/wordpress\/plugins\/seo\/ -->\n<title>Balzam za rast las - Active Luxe Cosmetics<\/title>\n<meta name=\"description\" content=\"Balzam proti izpadanju las suhim lasem nudi popolno hidracijo in jih zgladi. Lasje so ob\u010dutno mehkej\u0161i in odpornej\u0161i na krta\u010denje ter likanje las.\" \/>\n<meta name=\"robots\" content=\"index, follow, max-snippet:-1, max-image-preview:large, max-video-preview:-1\" \/>\n<link rel=\"canonical\" href=\"https:\/\/activeluxe-cosmetics.com\/sl\/izdelek\/balzam-za-krepitev-in-rast-las\/\" \/>\n<meta property=\"og:locale\" content=\"sl_SI\" \/>\n<meta property=\"og:type\" content=\"article\" \/>\n<meta property=\"og:title\" content=\"Balzam za rast las - Active Luxe Cosmetics\" \/>\n<meta property=\"og:description\" content=\"Balzam proti izpadanju las suhim lasem nudi popolno hidracijo in jih zgladi. Lasje so ob\u010dutno mehkej\u0161i in odpornej\u0161i na krta\u010denje ter likanje las.\" \/>\n<meta property=\"og:url\" content=\"https:\/\/activeluxe-cosmetics.com\/sl\/izdelek\/balzam-za-krepitev-in-rast-las\/\" \/>\n<meta property=\"og:site_name\" content=\"Active Luxe Cosmetics\" \/>\n<meta property=\"article:modified_time\" content=\"2026-01-08T09:20:37+00:00\" \/>\n<meta property=\"og:image\" content=\"https:\/\/cdn.activeluxe-cosmetics.com\/sl\/wp-content\/uploads\/2024\/10\/21132130\/38_Conditioner.jpg\" \/>\n\t<meta property=\"og:image:width\" content=\"1104\" \/>\n\t<meta property=\"og:image:height\" content=\"1326\" \/>\n\t<meta property=\"og:image:type\" content=\"image\/jpeg\" \/>\n<meta name=\"twitter:card\" content=\"summary_large_image\" \/>\n<meta name=\"twitter:label1\" content=\"Est. reading time\" \/>\n\t<meta name=\"twitter:data1\" content=\"3 minute\" \/>\n<script type=\"application\/ld+json\" class=\"yoast-schema-graph\">{\"@context\":\"https:\/\/schema.org\",\"@graph\":[{\"@type\":\"WebPage\",\"@id\":\"https:\/\/activeluxe-cosmetics.com\/sl\/izdelek\/balzam-za-krepitev-in-rast-las\/\",\"url\":\"https:\/\/activeluxe-cosmetics.com\/sl\/izdelek\/balzam-za-krepitev-in-rast-las\/\",\"name\":\"Balzam za rast las - Active Luxe Cosmetics\",\"isPartOf\":{\"@id\":\"https:\/\/activeluxe-cosmetics.com\/sl\/#website\"},\"primaryImageOfPage\":{\"@id\":\"https:\/\/activeluxe-cosmetics.com\/sl\/izdelek\/balzam-za-krepitev-in-rast-las\/#primaryimage\"},\"image\":{\"@id\":\"https:\/\/activeluxe-cosmetics.com\/sl\/izdelek\/balzam-za-krepitev-in-rast-las\/#primaryimage\"},\"thumbnailUrl\":\"https:\/\/cdn.activeluxe-cosmetics.com\/sl\/wp-content\/uploads\/2024\/10\/21132130\/38_Conditioner.jpg\",\"datePublished\":\"2024-10-18T13:50:18+00:00\",\"dateModified\":\"2026-01-08T09:20:37+00:00\",\"description\":\"Balzam proti izpadanju las suhim lasem nudi popolno hidracijo in jih zgladi. Lasje so ob\u010dutno mehkej\u0161i in odpornej\u0161i na krta\u010denje ter likanje las.\",\"breadcrumb\":{\"@id\":\"https:\/\/activeluxe-cosmetics.com\/sl\/izdelek\/balzam-za-krepitev-in-rast-las\/#breadcrumb\"},\"inLanguage\":\"sl-SI\",\"potentialAction\":[{\"@type\":\"ReadAction\",\"target\":[\"https:\/\/activeluxe-cosmetics.com\/sl\/izdelek\/balzam-za-krepitev-in-rast-las\/\"]}]},{\"@type\":\"ImageObject\",\"inLanguage\":\"sl-SI\",\"@id\":\"https:\/\/activeluxe-cosmetics.com\/sl\/izdelek\/balzam-za-krepitev-in-rast-las\/#primaryimage\",\"url\":\"https:\/\/cdn.activeluxe-cosmetics.com\/sl\/wp-content\/uploads\/2024\/10\/21132130\/38_Conditioner.jpg\",\"contentUrl\":\"https:\/\/cdn.activeluxe-cosmetics.com\/sl\/wp-content\/uploads\/2024\/10\/21132130\/38_Conditioner.jpg\",\"width\":1104,\"height\":1326,\"caption\":\"Active Luxe balzam za krepitev in rast las\"},{\"@type\":\"BreadcrumbList\",\"@id\":\"https:\/\/activeluxe-cosmetics.com\/sl\/izdelek\/balzam-za-krepitev-in-rast-las\/#breadcrumb\",\"itemListElement\":[{\"@type\":\"ListItem\",\"position\":1,\"name\":\"Naslovnica\",\"item\":\"https:\/\/activeluxe-cosmetics.com\/sl\/\"},{\"@type\":\"ListItem\",\"position\":2,\"name\":\"Trgovina\",\"item\":\"https:\/\/activeluxe-cosmetics.com\/sl\/trgovina\/\"},{\"@type\":\"ListItem\",\"position\":3,\"name\":\"Balzam za krepitev in rast las\"}]},{\"@type\":\"WebSite\",\"@id\":\"https:\/\/activeluxe-cosmetics.com\/sl\/#website\",\"url\":\"https:\/\/activeluxe-cosmetics.com\/sl\/\",\"name\":\"Active Luxe Cosmetics\",\"description\":\"\",\"potentialAction\":[{\"@type\":\"SearchAction\",\"target\":{\"@type\":\"EntryPoint\",\"urlTemplate\":\"https:\/\/activeluxe-cosmetics.com\/sl\/?s={search_term_string}\"},\"query-input\":{\"@type\":\"PropertyValueSpecification\",\"valueRequired\":true,\"valueName\":\"search_term_string\"}}],\"inLanguage\":\"sl-SI\"}]}<\/script>\n<!-- \/ Yoast SEO plugin. -->","yoast_head_json":{"title":"Balzam za rast las - Active Luxe Cosmetics","description":"Balzam proti izpadanju las suhim lasem nudi popolno hidracijo in jih zgladi. Lasje so ob\u010dutno mehkej\u0161i in odpornej\u0161i na krta\u010denje ter likanje las.","robots":{"index":"index","follow":"follow","max-snippet":"max-snippet:-1","max-image-preview":"max-image-preview:large","max-video-preview":"max-video-preview:-1"},"canonical":"https:\/\/activeluxe-cosmetics.com\/sl\/izdelek\/balzam-za-krepitev-in-rast-las\/","og_locale":"sl_SI","og_type":"article","og_title":"Balzam za rast las - Active Luxe Cosmetics","og_description":"Balzam proti izpadanju las suhim lasem nudi popolno hidracijo in jih zgladi. Lasje so ob\u010dutno mehkej\u0161i in odpornej\u0161i na krta\u010denje ter likanje las.","og_url":"https:\/\/activeluxe-cosmetics.com\/sl\/izdelek\/balzam-za-krepitev-in-rast-las\/","og_site_name":"Active Luxe Cosmetics","article_modified_time":"2026-01-08T09:20:37+00:00","og_image":[{"width":1104,"height":1326,"url":"https:\/\/cdn.activeluxe-cosmetics.com\/sl\/wp-content\/uploads\/2024\/10\/21132130\/38_Conditioner.jpg","type":"image\/jpeg"}],"twitter_card":"summary_large_image","twitter_misc":{"Est. reading time":"3 minute"},"schema":{"@context":"https:\/\/schema.org","@graph":[{"@type":"WebPage","@id":"https:\/\/activeluxe-cosmetics.com\/sl\/izdelek\/balzam-za-krepitev-in-rast-las\/","url":"https:\/\/activeluxe-cosmetics.com\/sl\/izdelek\/balzam-za-krepitev-in-rast-las\/","name":"Balzam za rast las - Active Luxe Cosmetics","isPartOf":{"@id":"https:\/\/activeluxe-cosmetics.com\/sl\/#website"},"primaryImageOfPage":{"@id":"https:\/\/activeluxe-cosmetics.com\/sl\/izdelek\/balzam-za-krepitev-in-rast-las\/#primaryimage"},"image":{"@id":"https:\/\/activeluxe-cosmetics.com\/sl\/izdelek\/balzam-za-krepitev-in-rast-las\/#primaryimage"},"thumbnailUrl":"https:\/\/cdn.activeluxe-cosmetics.com\/sl\/wp-content\/uploads\/2024\/10\/21132130\/38_Conditioner.jpg","datePublished":"2024-10-18T13:50:18+00:00","dateModified":"2026-01-08T09:20:37+00:00","description":"Balzam proti izpadanju las suhim lasem nudi popolno hidracijo in jih zgladi. Lasje so ob\u010dutno mehkej\u0161i in odpornej\u0161i na krta\u010denje ter likanje las.","breadcrumb":{"@id":"https:\/\/activeluxe-cosmetics.com\/sl\/izdelek\/balzam-za-krepitev-in-rast-las\/#breadcrumb"},"inLanguage":"sl-SI","potentialAction":[{"@type":"ReadAction","target":["https:\/\/activeluxe-cosmetics.com\/sl\/izdelek\/balzam-za-krepitev-in-rast-las\/"]}]},{"@type":"ImageObject","inLanguage":"sl-SI","@id":"https:\/\/activeluxe-cosmetics.com\/sl\/izdelek\/balzam-za-krepitev-in-rast-las\/#primaryimage","url":"https:\/\/cdn.activeluxe-cosmetics.com\/sl\/wp-content\/uploads\/2024\/10\/21132130\/38_Conditioner.jpg","contentUrl":"https:\/\/cdn.activeluxe-cosmetics.com\/sl\/wp-content\/uploads\/2024\/10\/21132130\/38_Conditioner.jpg","width":1104,"height":1326,"caption":"Active Luxe balzam za krepitev in rast las"},{"@type":"BreadcrumbList","@id":"https:\/\/activeluxe-cosmetics.com\/sl\/izdelek\/balzam-za-krepitev-in-rast-las\/#breadcrumb","itemListElement":[{"@type":"ListItem","position":1,"name":"Naslovnica","item":"https:\/\/activeluxe-cosmetics.com\/sl\/"},{"@type":"ListItem","position":2,"name":"Trgovina","item":"https:\/\/activeluxe-cosmetics.com\/sl\/trgovina\/"},{"@type":"ListItem","position":3,"name":"Balzam za krepitev in rast las"}]},{"@type":"WebSite","@id":"https:\/\/activeluxe-cosmetics.com\/sl\/#website","url":"https:\/\/activeluxe-cosmetics.com\/sl\/","name":"Active Luxe Cosmetics","description":"","potentialAction":[{"@type":"SearchAction","target":{"@type":"EntryPoint","urlTemplate":"https:\/\/activeluxe-cosmetics.com\/sl\/?s={search_term_string}"},"query-input":{"@type":"PropertyValueSpecification","valueRequired":true,"valueName":"search_term_string"}}],"inLanguage":"sl-SI"}]}},"_links":{"self":[{"href":"https:\/\/activeluxe-cosmetics.com\/sl\/wp-json\/wp\/v2\/product\/89561","targetHints":{"allow":["GET"]}}],"collection":[{"href":"https:\/\/activeluxe-cosmetics.com\/sl\/wp-json\/wp\/v2\/product"}],"about":[{"href":"https:\/\/activeluxe-cosmetics.com\/sl\/wp-json\/wp\/v2\/types\/product"}],"replies":[{"embeddable":true,"href":"https:\/\/activeluxe-cosmetics.com\/sl\/wp-json\/wp\/v2\/comments?post=89561"}],"wp:featuredmedia":[{"embeddable":true,"href":"https:\/\/activeluxe-cosmetics.com\/sl\/wp-json\/wp\/v2\/media\/89724"}],"wp:attachment":[{"href":"https:\/\/activeluxe-cosmetics.com\/sl\/wp-json\/wp\/v2\/media?parent=89561"}],"wp:term":[{"taxonomy":"product_brand","embeddable":true,"href":"https:\/\/activeluxe-cosmetics.com\/sl\/wp-json\/wp\/v2\/product_brand?post=89561"},{"taxonomy":"product_cat","embeddable":true,"href":"https:\/\/activeluxe-cosmetics.com\/sl\/wp-json\/wp\/v2\/product_cat?post=89561"},{"taxonomy":"product_tag","embeddable":true,"href":"https:\/\/activeluxe-cosmetics.com\/sl\/wp-json\/wp\/v2\/product_tag?post=89561"}],"curies":[{"name":"wp","href":"https:\/\/api.w.org\/{rel}","templated":true}]}}