{"id":87521,"date":"2024-08-20T08:28:24","date_gmt":"2024-08-20T06:28:24","guid":{"rendered":"https:\/\/activeluxe-cosmetics.com\/sl\/?post_type=product&#038;p=87521"},"modified":"2026-01-08T10:22:12","modified_gmt":"2026-01-08T09:22:12","slug":"define-lash-maskara","status":"publish","type":"product","link":"https:\/\/activeluxe-cosmetics.com\/sl\/izdelek\/define-lash-maskara\/","title":{"rendered":"Define Lash maskara"},"content":{"rendered":"<p><img loading=\"lazy\" decoding=\"async\" class=\"size-full wp-image-105821 alignright\" src=\"https:\/\/cdn.activeluxe-cosmetics.com\/sl\/wp-content\/uploads\/2024\/08\/15022135\/define-lash-macara.png\" alt=\"\" width=\"460\" height=\"575\" \/><\/p>\n<h2><b>Popolnoma definirane <\/b><strong>trepalnice<\/strong> <span style=\"font-weight: 400;\">za<\/span> neustavljivo privla\u010den pogled<\/h2>\n<p><span style=\"font-weight: 400;\">Define Lash Maskara je tvoja nova skrivnost do popolno <\/span><b>definiranih<\/b><span style=\"font-weight: 400;\"> in <\/span><b>zapeljivih<\/b><span style=\"font-weight: 400;\"> trepalnic. Z <strong>inovativno krta\u010dko v obliki sto\u017eca<\/strong> in <strong>napredno formulo<\/strong> bo maskara poskrbela, da bodo tvoje trepalnice <\/span><b>dalj\u0161e<\/b><span style=\"font-weight: 400;\">, bolj <\/span><b>definirane<\/b><span style=\"font-weight: 400;\"> in neverjetno <\/span><b>voluminozne<\/b><span style=\"font-weight: 400;\">. <\/span><\/p>\n<p><span style=\"font-weight: 400;\">Ko bo\u0161 enkrat preizkusila Define Lash Maskaro,<\/span><b> ne bo\u0161 \u017eelela uporabljati nobene druge!<\/b><\/p>\n<ul>\n<li style=\"font-weight: 400;\" aria-checked=\"true\" aria-level=\"1\"><span style=\"font-weight: 400;\">Izjemen volumen in dol\u017eina: vsaka trepalnica bo izstopala s popolno definicijo in dramati\u010dnim volumnom.\u00a0<\/span><\/li>\n<li style=\"font-weight: 400;\" aria-checked=\"true\" aria-level=\"1\"><span style=\"font-weight: 400;\">Dolgotrajna obstojnost: Define Lash maskara zagotavlja celodnevno obstojnost brez kompromisov. Ne glede na to, kaj te \u010daka \u010dez dan, bo tvoj pogled ostal sve\u017e in intenziven.<\/span><\/li>\n<li style=\"font-weight: 400;\" aria-checked=\"true\" aria-level=\"1\"><span style=\"font-weight: 400;\">Negovalna mo\u010d: Define Lash maskara ni le li\u010dilo, ampak tudi nega za tvoje trepalnice. Njena formula, obogatena z naravnimi olji in vitamini, krepi trepalnice, jih neguje in \u0161\u010diti pred lomljenjem. Tvoje trepalnice bodo videti ne le lep\u0161e, ampak tudi bolj zdrave.<\/span><\/li>\n<li style=\"font-weight: 400;\" aria-checked=\"true\" aria-level=\"1\"><span style=\"font-weight: 400;\">Popolna natan\u010dnost: posebno zasnovana \u0161\u010detka omogo\u010da natan\u010den nanos, ki dose\u017ee tudi najkraj\u0161e trepalnice. Z Define Lash maskaro ne bo\u0161 nikoli ve\u010d zamudila prilo\u017enosti, da bi poudarila svojo naravno lepoto.<\/span><\/li>\n<\/ul>\n<h2><\/h2>\n<div style=\"display: flex; align-items: center; gap: 20px; flex-wrap: wrap;\">\n<p style=\"max-width: 360px;\">\n<\/div>\n<h2 style=\"text-align: center; clear: both;\"><\/h2>\n<h2><span data-sheets-root=\"1\" data-sheets-value=\"{&quot;1&quot;:2,&quot;2&quot;:&quot;Fina struktura na tvojim trepavicama koja ih produ\u017euje i otvara&quot;}\" data-sheets-userformat=\"{&quot;2&quot;:20864,&quot;10&quot;:2,&quot;11&quot;:4,&quot;15&quot;:&quot;Arial&quot;,&quot;17&quot;:1}\"><img loading=\"lazy\" decoding=\"async\" class=\"size-medium wp-image-105818 alignleft\" src=\"https:\/\/cdn.activeluxe-cosmetics.com\/sl\/wp-content\/uploads\/2024\/08\/15021528\/active_luxe_define_mascara_product-460x575.png\" alt=\"\" width=\"460\" height=\"575\" srcset=\"https:\/\/cdn.activeluxe-cosmetics.com\/sl\/wp-content\/uploads\/2024\/08\/15021528\/active_luxe_define_mascara_product-460x575.png 460w, https:\/\/cdn.activeluxe-cosmetics.com\/sl\/wp-content\/uploads\/2024\/08\/15021528\/active_luxe_define_mascara_product-600x750.png 600w, https:\/\/cdn.activeluxe-cosmetics.com\/sl\/wp-content\/uploads\/2024\/08\/15021528\/active_luxe_define_mascara_product.png 768w\" sizes=\"auto, (max-width: 460px) 100vw, 460px\" \/><\/span><\/h2>\n<h2>Kako bo Define Lash maskara<b> spremenila tvoj vsakdan?<\/b><\/h2>\n<p><span style=\"font-weight: 400;\">Z <\/span><b>Define Lash maskaro<\/b><span style=\"font-weight: 400;\"> bo\u0161 vsako jutro z veseljem stopila pred ogledalo, saj bo\u0161 vedela, da bo\u0161 s samo nekaj potezami dosegla <\/span><b>popoln videz<\/b><span style=\"font-weight: 400;\">. <\/span><span style=\"font-weight: 400;\">Trepalnice, ki jih bo\u0161 dobila, bodo videti kot iz sanj &#8211; <\/span><b>dolge, voluminozne in popolnoma definirane.<\/b><\/p>\n<p>Sto\u017e\u010dasta krta\u010dka omogo\u010da enostaven nanos maskare na manj\u0161e trepalnice v koti\u010dkih o\u010des, kar zagotavlja enakomerno prekritost in bolj definirane trepalnice.<\/p>\n<p>Ta krta\u010dka tudi dvigne in priviha trepalnice, kar odpira pogled in ustvarja u\u010dinek bolj odprtih, ve\u010djih o\u010di. Zaradi ultra mehke formule lahko enostavno nanesete ve\u010d slojev maskare, brez strahu, da bi se zlepile.<\/p>\n<p><b>Defina Lash maskara je hipoalergena in primerna za ob\u010dutljive o\u010di. <\/b><span style=\"font-weight: 400;\">Ta maskara je skrbno razvita z mislijo na uporabnice z ob\u010dutljivimi o\u010dmi.\u00a0 <\/span><span style=\"font-weight: 400;\">Ne vsebuje dra\u017eilnih sestavin, kar jo naredi popolnoma varno za vsakodnevno uporabo, tudi ob no\u0161enju kontaktnih le\u010d.<\/span><\/p>\n<h2 style=\"text-align: center; clear: both;\"><\/h2>\n<h2><img loading=\"lazy\" decoding=\"async\" class=\"size-full wp-image-105822 alignright\" src=\"https:\/\/cdn.activeluxe-cosmetics.com\/sl\/wp-content\/uploads\/2024\/08\/15022157\/active-luxe-define-lash-mascara.png\" alt=\"\" width=\"460\" height=\"575\" \/><\/h2>\n<h2><b>Zaupaj svojemu pogledu <\/b>s popolno definiranimi trepalnicami<\/h2>\n<p><b>Define Lash maskara<\/b><span style=\"font-weight: 400;\"> je vrhunski izdelek, zasnovan za \u017eenske, ki si \u017eelijo natan\u010dno definirane, podalj\u0161ane in polne trepalnice. Z najnovej\u0161o tehnologijo krta\u010dke in inovativno formulo bo\u0161 \u017ee z enim nanosom popolno definirala vsako trepalnico posebej, brez grudic in odtisov na veke.<\/span><\/p>\n<h4><b>Opis:<\/b><\/h4>\n<ul>\n<li style=\"font-weight: 400;\" aria-level=\"1\"><b>Precizna \u0161\u010detka za popolno definicijo:<\/b><span style=\"font-weight: 400;\"> Zahvaljujo\u010d posebej zasnovani \u0161\u010detki bo\u0161 dosegla popolno razporeditev maskare po vsaki trepalnici, tudi na najbolj nedostopnih mestih. Tvoje trepalnice bodo izgledale dalj\u0161e, bolj definirane in \u010dudovito voluminozne.<\/span><\/li>\n<li style=\"font-weight: 400;\" aria-level=\"1\"><b>Dolgotrajna obstojnost:<\/b><span style=\"font-weight: 400;\"> Define Lash maskara zagotavlja celodnevno obstojnost, brez skrbi glede razmazovanja ali bledenja. Tvoj pogled bo ostal sve\u017e in intenziven skozi ves dan.<\/span><\/li>\n<li style=\"font-weight: 400;\" aria-level=\"1\"><b>Negovalna formula:<\/b><span style=\"font-weight: 400;\"> Obogatena s hranilnimi sestavinami, ki negujejo trepalnice. Tvoje trepalnice bodo ostale zdrave in mo\u010dne, tudi ob redni uporabi.<\/span><\/li>\n<\/ul>\n<div style=\"display: flex; align-items: center; gap: 20px; flex-wrap: wrap;\">\n<p style=\"max-width: 360px;\">\n<\/div>\n","protected":false},"excerpt":{"rendered":"<p>Spektakularen volumen in dol\u017eina ter neverjetno mehke in pro\u017ene trepalnice.<\/p>\n","protected":false},"featured_media":105816,"comment_status":"open","ping_status":"closed","template":"","meta":[],"product_brand":[],"product_cat":[48,77],"product_tag":[],"class_list":{"0":"post-87521","1":"product","2":"type-product","3":"status-publish","4":"has-post-thumbnail","6":"product_cat-izdelki-za-nego-trepalnic","7":"product_cat-activeluxe-makeup","9":"first","10":"instock","11":"taxable","12":"shipping-taxable","13":"purchasable","14":"product-type-simple"},"bundled_by":[],"bundle_stock_status":"instock","bundle_stock_quantity":null,"bundle_virtual":false,"bundle_layout":"","bundle_add_to_cart_form_location":"","bundle_editable_in_cart":false,"bundle_sold_individually_context":"","bundle_item_grouping":"","bundle_min_size":"","bundle_max_size":"","bundle_price":[],"bundled_items":[],"bundle_sell_ids":[],"acf":[],"yoast_head":"<!-- This site is optimized with the Yoast SEO plugin v26.6 - https:\/\/yoast.com\/wordpress\/plugins\/seo\/ -->\n<title>Maskara za volumen Define Lash - Active Luxe Cosmetics<\/title>\n<meta name=\"description\" content=\"Popolno definirane in zapeljive trepalnice. Izjemen volumen in dol\u017eina: vsaka trepalnica bo izstopala s popolno definicijo in dramati\u010dnim volumnom.\u00a0\" \/>\n<meta name=\"robots\" content=\"index, follow, max-snippet:-1, max-image-preview:large, max-video-preview:-1\" \/>\n<link rel=\"canonical\" href=\"https:\/\/activeluxe-cosmetics.com\/sl\/izdelek\/define-lash-maskara\/\" \/>\n<meta property=\"og:locale\" content=\"sl_SI\" \/>\n<meta property=\"og:type\" content=\"article\" \/>\n<meta property=\"og:title\" content=\"Maskara za volumen Define Lash - Active Luxe Cosmetics\" \/>\n<meta property=\"og:description\" content=\"Popolno definirane in zapeljive trepalnice. Izjemen volumen in dol\u017eina: vsaka trepalnica bo izstopala s popolno definicijo in dramati\u010dnim volumnom.\u00a0\" \/>\n<meta property=\"og:url\" content=\"https:\/\/activeluxe-cosmetics.com\/sl\/izdelek\/define-lash-maskara\/\" \/>\n<meta property=\"og:site_name\" content=\"Active Luxe Cosmetics\" \/>\n<meta property=\"article:modified_time\" content=\"2026-01-08T09:22:12+00:00\" \/>\n<meta property=\"og:image\" content=\"https:\/\/cdn.activeluxe-cosmetics.com\/sl\/wp-content\/uploads\/2024\/08\/15021500\/active_luxe_define_mascara.jpg\" \/>\n\t<meta property=\"og:image:width\" content=\"1104\" \/>\n\t<meta property=\"og:image:height\" content=\"1326\" \/>\n\t<meta property=\"og:image:type\" content=\"image\/jpeg\" \/>\n<meta name=\"twitter:card\" content=\"summary_large_image\" \/>\n<meta name=\"twitter:label1\" content=\"Est. reading time\" \/>\n\t<meta name=\"twitter:data1\" content=\"4 minute\" \/>\n<script type=\"application\/ld+json\" class=\"yoast-schema-graph\">{\"@context\":\"https:\/\/schema.org\",\"@graph\":[{\"@type\":\"WebPage\",\"@id\":\"https:\/\/activeluxe-cosmetics.com\/sl\/izdelek\/define-lash-maskara\/\",\"url\":\"https:\/\/activeluxe-cosmetics.com\/sl\/izdelek\/define-lash-maskara\/\",\"name\":\"Maskara za volumen Define Lash - Active Luxe Cosmetics\",\"isPartOf\":{\"@id\":\"https:\/\/activeluxe-cosmetics.com\/sl\/#website\"},\"primaryImageOfPage\":{\"@id\":\"https:\/\/activeluxe-cosmetics.com\/sl\/izdelek\/define-lash-maskara\/#primaryimage\"},\"image\":{\"@id\":\"https:\/\/activeluxe-cosmetics.com\/sl\/izdelek\/define-lash-maskara\/#primaryimage\"},\"thumbnailUrl\":\"https:\/\/cdn.activeluxe-cosmetics.com\/sl\/wp-content\/uploads\/2024\/08\/15021500\/active_luxe_define_mascara.jpg\",\"datePublished\":\"2024-08-20T06:28:24+00:00\",\"dateModified\":\"2026-01-08T09:22:12+00:00\",\"description\":\"Popolno definirane in zapeljive trepalnice. Izjemen volumen in dol\u017eina: vsaka trepalnica bo izstopala s popolno definicijo in dramati\u010dnim volumnom.\u00a0\",\"breadcrumb\":{\"@id\":\"https:\/\/activeluxe-cosmetics.com\/sl\/izdelek\/define-lash-maskara\/#breadcrumb\"},\"inLanguage\":\"sl-SI\",\"potentialAction\":[{\"@type\":\"ReadAction\",\"target\":[\"https:\/\/activeluxe-cosmetics.com\/sl\/izdelek\/define-lash-maskara\/\"]}]},{\"@type\":\"ImageObject\",\"inLanguage\":\"sl-SI\",\"@id\":\"https:\/\/activeluxe-cosmetics.com\/sl\/izdelek\/define-lash-maskara\/#primaryimage\",\"url\":\"https:\/\/cdn.activeluxe-cosmetics.com\/sl\/wp-content\/uploads\/2024\/08\/15021500\/active_luxe_define_mascara.jpg\",\"contentUrl\":\"https:\/\/cdn.activeluxe-cosmetics.com\/sl\/wp-content\/uploads\/2024\/08\/15021500\/active_luxe_define_mascara.jpg\",\"width\":1104,\"height\":1326},{\"@type\":\"BreadcrumbList\",\"@id\":\"https:\/\/activeluxe-cosmetics.com\/sl\/izdelek\/define-lash-maskara\/#breadcrumb\",\"itemListElement\":[{\"@type\":\"ListItem\",\"position\":1,\"name\":\"Naslovnica\",\"item\":\"https:\/\/activeluxe-cosmetics.com\/sl\/\"},{\"@type\":\"ListItem\",\"position\":2,\"name\":\"Trgovina\",\"item\":\"https:\/\/activeluxe-cosmetics.com\/sl\/trgovina\/\"},{\"@type\":\"ListItem\",\"position\":3,\"name\":\"Define Lash maskara\"}]},{\"@type\":\"WebSite\",\"@id\":\"https:\/\/activeluxe-cosmetics.com\/sl\/#website\",\"url\":\"https:\/\/activeluxe-cosmetics.com\/sl\/\",\"name\":\"Active Luxe Cosmetics\",\"description\":\"\",\"potentialAction\":[{\"@type\":\"SearchAction\",\"target\":{\"@type\":\"EntryPoint\",\"urlTemplate\":\"https:\/\/activeluxe-cosmetics.com\/sl\/?s={search_term_string}\"},\"query-input\":{\"@type\":\"PropertyValueSpecification\",\"valueRequired\":true,\"valueName\":\"search_term_string\"}}],\"inLanguage\":\"sl-SI\"}]}<\/script>\n<!-- \/ Yoast SEO plugin. -->","yoast_head_json":{"title":"Maskara za volumen Define Lash - Active Luxe Cosmetics","description":"Popolno definirane in zapeljive trepalnice. Izjemen volumen in dol\u017eina: vsaka trepalnica bo izstopala s popolno definicijo in dramati\u010dnim volumnom.\u00a0","robots":{"index":"index","follow":"follow","max-snippet":"max-snippet:-1","max-image-preview":"max-image-preview:large","max-video-preview":"max-video-preview:-1"},"canonical":"https:\/\/activeluxe-cosmetics.com\/sl\/izdelek\/define-lash-maskara\/","og_locale":"sl_SI","og_type":"article","og_title":"Maskara za volumen Define Lash - Active Luxe Cosmetics","og_description":"Popolno definirane in zapeljive trepalnice. Izjemen volumen in dol\u017eina: vsaka trepalnica bo izstopala s popolno definicijo in dramati\u010dnim volumnom.\u00a0","og_url":"https:\/\/activeluxe-cosmetics.com\/sl\/izdelek\/define-lash-maskara\/","og_site_name":"Active Luxe Cosmetics","article_modified_time":"2026-01-08T09:22:12+00:00","og_image":[{"width":1104,"height":1326,"url":"https:\/\/cdn.activeluxe-cosmetics.com\/sl\/wp-content\/uploads\/2024\/08\/15021500\/active_luxe_define_mascara.jpg","type":"image\/jpeg"}],"twitter_card":"summary_large_image","twitter_misc":{"Est. reading time":"4 minute"},"schema":{"@context":"https:\/\/schema.org","@graph":[{"@type":"WebPage","@id":"https:\/\/activeluxe-cosmetics.com\/sl\/izdelek\/define-lash-maskara\/","url":"https:\/\/activeluxe-cosmetics.com\/sl\/izdelek\/define-lash-maskara\/","name":"Maskara za volumen Define Lash - Active Luxe Cosmetics","isPartOf":{"@id":"https:\/\/activeluxe-cosmetics.com\/sl\/#website"},"primaryImageOfPage":{"@id":"https:\/\/activeluxe-cosmetics.com\/sl\/izdelek\/define-lash-maskara\/#primaryimage"},"image":{"@id":"https:\/\/activeluxe-cosmetics.com\/sl\/izdelek\/define-lash-maskara\/#primaryimage"},"thumbnailUrl":"https:\/\/cdn.activeluxe-cosmetics.com\/sl\/wp-content\/uploads\/2024\/08\/15021500\/active_luxe_define_mascara.jpg","datePublished":"2024-08-20T06:28:24+00:00","dateModified":"2026-01-08T09:22:12+00:00","description":"Popolno definirane in zapeljive trepalnice. Izjemen volumen in dol\u017eina: vsaka trepalnica bo izstopala s popolno definicijo in dramati\u010dnim volumnom.\u00a0","breadcrumb":{"@id":"https:\/\/activeluxe-cosmetics.com\/sl\/izdelek\/define-lash-maskara\/#breadcrumb"},"inLanguage":"sl-SI","potentialAction":[{"@type":"ReadAction","target":["https:\/\/activeluxe-cosmetics.com\/sl\/izdelek\/define-lash-maskara\/"]}]},{"@type":"ImageObject","inLanguage":"sl-SI","@id":"https:\/\/activeluxe-cosmetics.com\/sl\/izdelek\/define-lash-maskara\/#primaryimage","url":"https:\/\/cdn.activeluxe-cosmetics.com\/sl\/wp-content\/uploads\/2024\/08\/15021500\/active_luxe_define_mascara.jpg","contentUrl":"https:\/\/cdn.activeluxe-cosmetics.com\/sl\/wp-content\/uploads\/2024\/08\/15021500\/active_luxe_define_mascara.jpg","width":1104,"height":1326},{"@type":"BreadcrumbList","@id":"https:\/\/activeluxe-cosmetics.com\/sl\/izdelek\/define-lash-maskara\/#breadcrumb","itemListElement":[{"@type":"ListItem","position":1,"name":"Naslovnica","item":"https:\/\/activeluxe-cosmetics.com\/sl\/"},{"@type":"ListItem","position":2,"name":"Trgovina","item":"https:\/\/activeluxe-cosmetics.com\/sl\/trgovina\/"},{"@type":"ListItem","position":3,"name":"Define Lash maskara"}]},{"@type":"WebSite","@id":"https:\/\/activeluxe-cosmetics.com\/sl\/#website","url":"https:\/\/activeluxe-cosmetics.com\/sl\/","name":"Active Luxe Cosmetics","description":"","potentialAction":[{"@type":"SearchAction","target":{"@type":"EntryPoint","urlTemplate":"https:\/\/activeluxe-cosmetics.com\/sl\/?s={search_term_string}"},"query-input":{"@type":"PropertyValueSpecification","valueRequired":true,"valueName":"search_term_string"}}],"inLanguage":"sl-SI"}]}},"_links":{"self":[{"href":"https:\/\/activeluxe-cosmetics.com\/sl\/wp-json\/wp\/v2\/product\/87521","targetHints":{"allow":["GET"]}}],"collection":[{"href":"https:\/\/activeluxe-cosmetics.com\/sl\/wp-json\/wp\/v2\/product"}],"about":[{"href":"https:\/\/activeluxe-cosmetics.com\/sl\/wp-json\/wp\/v2\/types\/product"}],"replies":[{"embeddable":true,"href":"https:\/\/activeluxe-cosmetics.com\/sl\/wp-json\/wp\/v2\/comments?post=87521"}],"wp:featuredmedia":[{"embeddable":true,"href":"https:\/\/activeluxe-cosmetics.com\/sl\/wp-json\/wp\/v2\/media\/105816"}],"wp:attachment":[{"href":"https:\/\/activeluxe-cosmetics.com\/sl\/wp-json\/wp\/v2\/media?parent=87521"}],"wp:term":[{"taxonomy":"product_brand","embeddable":true,"href":"https:\/\/activeluxe-cosmetics.com\/sl\/wp-json\/wp\/v2\/product_brand?post=87521"},{"taxonomy":"product_cat","embeddable":true,"href":"https:\/\/activeluxe-cosmetics.com\/sl\/wp-json\/wp\/v2\/product_cat?post=87521"},{"taxonomy":"product_tag","embeddable":true,"href":"https:\/\/activeluxe-cosmetics.com\/sl\/wp-json\/wp\/v2\/product_tag?post=87521"}],"curies":[{"name":"wp","href":"https:\/\/api.w.org\/{rel}","templated":true}]}}