{"id":83748,"date":"2024-05-03T10:12:52","date_gmt":"2024-05-03T08:12:52","guid":{"rendered":"https:\/\/activeluxe-cosmetics.com\/sl\/?post_type=product&#038;p=83748"},"modified":"2026-04-16T16:30:29","modified_gmt":"2026-04-16T14:30:29","slug":"hladilni-jogurt-za-telo","status":"publish","type":"product","link":"https:\/\/activeluxe-cosmetics.com\/sl\/izdelek\/hladilni-jogurt-za-telo\/","title":{"rendered":"Premium hladilni jogurt za telo, 110 g"},"content":{"rendered":"<h2><strong><img loading=\"lazy\" decoding=\"async\" class=\" wp-image-100775 alignright\" src=\"https:\/\/cdn.activeluxe-cosmetics.com\/sl\/wp-content\/uploads\/2025\/07\/17144733\/activeluxe_aftersun_body_jogurt-460x575.png\" alt=\"Active Luxe hladilni jogurt za telo\" width=\"450\" height=\"563\" srcset=\"https:\/\/cdn.activeluxe-cosmetics.com\/sl\/wp-content\/uploads\/2025\/07\/17144733\/activeluxe_aftersun_body_jogurt-460x575.png 460w, https:\/\/cdn.activeluxe-cosmetics.com\/sl\/wp-content\/uploads\/2025\/07\/17144733\/activeluxe_aftersun_body_jogurt-819x1024.png 819w, https:\/\/cdn.activeluxe-cosmetics.com\/sl\/wp-content\/uploads\/2025\/07\/17144733\/activeluxe_aftersun_body_jogurt-768x960.png 768w, https:\/\/cdn.activeluxe-cosmetics.com\/sl\/wp-content\/uploads\/2025\/07\/17144733\/activeluxe_aftersun_body_jogurt-600x750.png 600w, https:\/\/cdn.activeluxe-cosmetics.com\/sl\/wp-content\/uploads\/2025\/07\/17144733\/activeluxe_aftersun_body_jogurt.png 1080w\" sizes=\"auto, (max-width: 450px) 100vw, 450px\" \/>Vla\u017eenje, ki ko\u017ei tako prija<\/strong> &#8211; v novem pakiranju<\/h2>\n<p><span style=\"font-weight: 400;\">Kot pravi jogurt, samo<strong> \u0161e bolj\u0161i<\/strong> in <strong>omamno lepega vonja<\/strong> po vaniliji, kokosu in sladkih pomaran\u010dah. <\/span>Za ohranitev zdrave, porjavele in sijo\u010de ko\u017ee poleti je potrebno <strong>obilno vla\u017eenje<\/strong>.<\/p>\n<p><span style=\"font-weight: 400;\">Sonce, morska sol in klor ko\u017eo izsu\u0161ijo, zato je izjemno pomembno, da ji po son\u010denju nudimo <strong>kakovostno nego<\/strong>. <\/span><\/p>\n<p><span style=\"font-weight: 400;\">Na\u0161a Premium \u010dokoladna marmelada<\/span><span style=\"font-weight: 400;\"> ali suho olje za hitro porjavitev na soncu poskrbita za popoln bronze odtenek ko\u017ee, z rednim nana\u0161anjem jogurta pa bo ta <strong>podalj\u0161eval porjavelost<\/strong> <strong>ko\u017ee<\/strong> ter jo ohranjal <strong>mehko<\/strong> in <strong>navla\u017eeno<\/strong>.<\/span><\/p>\n<p>Premium After Sun Body Yogurt je<strong> vse, kar potrebuje tvoja porjavela ko\u017ea<\/strong>:<\/p>\n<ul>\n<li>Pomirja ko\u017eo po son\u010denju<\/li>\n<li>Hladi ko\u017eo<\/li>\n<li>Aloe vera globinsko vla\u017ei ko\u017eo<\/li>\n<li>Meh\u010da ko\u017eo<\/li>\n<\/ul>\n<p>&nbsp;<\/p>\n<p>&nbsp;<\/p>\n<p>&nbsp;<\/p>\n<h2><strong><img loading=\"lazy\" decoding=\"async\" class=\" wp-image-100777 alignleft\" src=\"https:\/\/cdn.activeluxe-cosmetics.com\/sl\/wp-content\/uploads\/2025\/07\/17144737\/after_sun_body_jogurt-460x589.png\" alt=\"Active Luxe hladilni jogurt za telo\" width=\"450\" height=\"576\" srcset=\"https:\/\/cdn.activeluxe-cosmetics.com\/sl\/wp-content\/uploads\/2025\/07\/17144737\/after_sun_body_jogurt-460x589.png 460w, https:\/\/cdn.activeluxe-cosmetics.com\/sl\/wp-content\/uploads\/2025\/07\/17144737\/after_sun_body_jogurt.png 581w\" sizes=\"auto, (max-width: 450px) 100vw, 450px\" \/><\/strong><\/h2>\n<h2><\/h2>\n<h2><strong>Vonj po sladki vaniliji, kokosu in pomaran\u010dah,<\/strong>\u00a0ki bo \u0161e dolgo ostal na tvoji ko\u017ei<\/h2>\n<p>Premium After Sun Body Yogurt je <strong>najbolj\u0161a izbira<\/strong> za negovano in temno ko\u017eo poleti.<\/p>\n<p><span style=\"font-weight: 400;\">Izjemno lahka, <strong>puhasta tekstura hladilnega jogurta<\/strong> se hitro vpija v ko\u017eo in na ko\u017ei <strong>ne pu\u0161\u010da mastnega filtra<\/strong>. Takoj po nanosu jogurta si lahko nadane\u0161 obla\u010dila, tvoja ko\u017ea pa bo \u0161e dolgo di\u0161ala po<strong> \u010disto pravem poletju.<\/strong>\u00a0<\/span><span style=\"font-weight: 400;\">Vonj, ki bo o\u010daral in naredil poletne ve\u010dere nepozabne in romanti\u010dne.<\/span><\/p>\n<p><span style=\"font-weight: 400;\">Premium After Sun Body Yogurt vsebuje:<\/span><\/p>\n<ul>\n<li><span style=\"font-weight: 400;\"> najbolj\u0161e izvle\u010dke aloe vere, ki dokazano hladi in pomirja ko\u017eo ter <\/span><\/li>\n<li><span style=\"font-weight: 400;\">kokosovo olje, ki ko\u017eo vla\u017ei ter jo ohranja mehko in navla\u017eeno.<\/span><\/li>\n<\/ul>\n<p><span style=\"font-weight: 400;\">Po tu\u0161iranju hladilni jogurt <strong>ne\u017eno vmasiraj v ko\u017eo<\/strong>. Jogurt <strong>se izjemno hitro vpije<\/strong>. Obla\u010dila lahko nanese\u0161 takoj, brez da bi te skrbelo da bo na njih pustil made\u017ee.<\/span><\/p>\n<p><span style=\"font-weight: 400;\">Za \u0161e ve\u010dji hladilni u\u010dinek lahko jogurt hrani\u0161 v hladilniku. Nanese\u0161 ga lahko <strong>tudi na obraz<\/strong>.<\/span><\/p>\n<div style=\"display: flex; align-items: center; gap: 20px; flex-wrap: wrap;\">\n<p>&nbsp;<\/p>\n<\/div>\n","protected":false},"excerpt":{"rendered":"<p>\u010cistimo zaloge \u2013 prihaja nov, osve\u017een dizajn embala\u017ee. Hladilni jogurt za telo. Ko\u017eo pomiri, ohladi, navla\u017ei ter podalj\u0161uje njeno porjavelost.<\/p>\n<p>&nbsp;<\/p>\n","protected":false},"featured_media":100776,"comment_status":"open","ping_status":"closed","template":"","meta":[],"product_brand":[],"product_cat":[82],"product_tag":[],"class_list":{"0":"post-83748","1":"product","2":"type-product","3":"status-publish","4":"has-post-thumbnail","6":"product_cat-izdelki-za-soncenje","8":"first","9":"instock","10":"sale","11":"featured","12":"taxable","13":"shipping-taxable","14":"purchasable","15":"product-type-simple"},"bundled_by":[],"bundle_stock_status":"instock","bundle_stock_quantity":null,"bundle_virtual":false,"bundle_layout":"","bundle_add_to_cart_form_location":"","bundle_editable_in_cart":false,"bundle_sold_individually_context":"","bundle_item_grouping":"","bundle_min_size":"","bundle_max_size":"","bundle_price":[],"bundled_items":[],"bundle_sell_ids":[],"acf":[],"yoast_head":"<!-- This site is optimized with the Yoast SEO plugin v26.6 - https:\/\/yoast.com\/wordpress\/plugins\/seo\/ -->\n<title>Hladilni jogurt za telo po son\u010denju - Active Luxe Cosmetics<\/title>\n<meta name=\"description\" content=\"Hladilni jogurt za telo po son\u010denju. Ko\u017eo pomiri, ohladi, navla\u017ei ter podalj\u0161uje njeno porjavelost. Pomirja ko\u017eo po son\u010denju. Aloe vera globinsko vla\u017ei ko\u017eo\" \/>\n<meta name=\"robots\" content=\"noindex, follow\" \/>\n<meta property=\"og:locale\" content=\"sl_SI\" \/>\n<meta property=\"og:type\" content=\"article\" \/>\n<meta property=\"og:title\" content=\"Hladilni jogurt za telo po son\u010denju - Active Luxe Cosmetics\" \/>\n<meta property=\"og:description\" content=\"Hladilni jogurt za telo po son\u010denju. Ko\u017eo pomiri, ohladi, navla\u017ei ter podalj\u0161uje njeno porjavelost. Pomirja ko\u017eo po son\u010denju. Aloe vera globinsko vla\u017ei ko\u017eo\" \/>\n<meta property=\"og:url\" content=\"https:\/\/activeluxe-cosmetics.com\/sl\/izdelek\/hladilni-jogurt-za-telo\/\" \/>\n<meta property=\"og:site_name\" content=\"Active Luxe Cosmetics\" \/>\n<meta property=\"article:modified_time\" content=\"2026-04-16T14:30:29+00:00\" \/>\n<meta property=\"og:image\" content=\"https:\/\/cdn.activeluxe-cosmetics.com\/sl\/wp-content\/uploads\/2025\/07\/17144735\/activeluxe_hladilni_jogurt_110g.jpg\" \/>\n\t<meta property=\"og:image:width\" content=\"1104\" \/>\n\t<meta property=\"og:image:height\" content=\"1326\" \/>\n\t<meta property=\"og:image:type\" content=\"image\/jpeg\" \/>\n<meta name=\"twitter:card\" content=\"summary_large_image\" \/>\n<meta name=\"twitter:label1\" content=\"Est. reading time\" \/>\n\t<meta name=\"twitter:data1\" content=\"3 minute\" \/>\n<script type=\"application\/ld+json\" class=\"yoast-schema-graph\">{\"@context\":\"https:\/\/schema.org\",\"@graph\":[{\"@type\":\"WebPage\",\"@id\":\"https:\/\/activeluxe-cosmetics.com\/sl\/izdelek\/hladilni-jogurt-za-telo\/\",\"url\":\"https:\/\/activeluxe-cosmetics.com\/sl\/izdelek\/hladilni-jogurt-za-telo\/\",\"name\":\"Hladilni jogurt za telo po son\u010denju - Active Luxe Cosmetics\",\"isPartOf\":{\"@id\":\"https:\/\/activeluxe-cosmetics.com\/sl\/#website\"},\"primaryImageOfPage\":{\"@id\":\"https:\/\/activeluxe-cosmetics.com\/sl\/izdelek\/hladilni-jogurt-za-telo\/#primaryimage\"},\"image\":{\"@id\":\"https:\/\/activeluxe-cosmetics.com\/sl\/izdelek\/hladilni-jogurt-za-telo\/#primaryimage\"},\"thumbnailUrl\":\"https:\/\/cdn.activeluxe-cosmetics.com\/sl\/wp-content\/uploads\/2025\/07\/17144735\/activeluxe_hladilni_jogurt_110g.jpg\",\"datePublished\":\"2024-05-03T08:12:52+00:00\",\"dateModified\":\"2026-04-16T14:30:29+00:00\",\"description\":\"Hladilni jogurt za telo po son\u010denju. Ko\u017eo pomiri, ohladi, navla\u017ei ter podalj\u0161uje njeno porjavelost. Pomirja ko\u017eo po son\u010denju. Aloe vera globinsko vla\u017ei ko\u017eo\",\"breadcrumb\":{\"@id\":\"https:\/\/activeluxe-cosmetics.com\/sl\/izdelek\/hladilni-jogurt-za-telo\/#breadcrumb\"},\"inLanguage\":\"sl-SI\",\"potentialAction\":[{\"@type\":\"ReadAction\",\"target\":[\"https:\/\/activeluxe-cosmetics.com\/sl\/izdelek\/hladilni-jogurt-za-telo\/\"]}]},{\"@type\":\"ImageObject\",\"inLanguage\":\"sl-SI\",\"@id\":\"https:\/\/activeluxe-cosmetics.com\/sl\/izdelek\/hladilni-jogurt-za-telo\/#primaryimage\",\"url\":\"https:\/\/cdn.activeluxe-cosmetics.com\/sl\/wp-content\/uploads\/2025\/07\/17144735\/activeluxe_hladilni_jogurt_110g.jpg\",\"contentUrl\":\"https:\/\/cdn.activeluxe-cosmetics.com\/sl\/wp-content\/uploads\/2025\/07\/17144735\/activeluxe_hladilni_jogurt_110g.jpg\",\"width\":1104,\"height\":1326,\"caption\":\"Active Luxe hladilni jogurt za telo\"},{\"@type\":\"BreadcrumbList\",\"@id\":\"https:\/\/activeluxe-cosmetics.com\/sl\/izdelek\/hladilni-jogurt-za-telo\/#breadcrumb\",\"itemListElement\":[{\"@type\":\"ListItem\",\"position\":1,\"name\":\"Naslovnica\",\"item\":\"https:\/\/activeluxe-cosmetics.com\/sl\/\"},{\"@type\":\"ListItem\",\"position\":2,\"name\":\"Trgovina\",\"item\":\"https:\/\/activeluxe-cosmetics.com\/sl\/trgovina\/\"},{\"@type\":\"ListItem\",\"position\":3,\"name\":\"Premium hladilni jogurt za telo, 110 g\"}]},{\"@type\":\"WebSite\",\"@id\":\"https:\/\/activeluxe-cosmetics.com\/sl\/#website\",\"url\":\"https:\/\/activeluxe-cosmetics.com\/sl\/\",\"name\":\"Active Luxe Cosmetics\",\"description\":\"\",\"potentialAction\":[{\"@type\":\"SearchAction\",\"target\":{\"@type\":\"EntryPoint\",\"urlTemplate\":\"https:\/\/activeluxe-cosmetics.com\/sl\/?s={search_term_string}\"},\"query-input\":{\"@type\":\"PropertyValueSpecification\",\"valueRequired\":true,\"valueName\":\"search_term_string\"}}],\"inLanguage\":\"sl-SI\"}]}<\/script>\n<!-- \/ Yoast SEO plugin. -->","yoast_head_json":{"title":"Hladilni jogurt za telo po son\u010denju - Active Luxe Cosmetics","description":"Hladilni jogurt za telo po son\u010denju. Ko\u017eo pomiri, ohladi, navla\u017ei ter podalj\u0161uje njeno porjavelost. Pomirja ko\u017eo po son\u010denju. Aloe vera globinsko vla\u017ei ko\u017eo","robots":{"index":"noindex","follow":"follow"},"og_locale":"sl_SI","og_type":"article","og_title":"Hladilni jogurt za telo po son\u010denju - Active Luxe Cosmetics","og_description":"Hladilni jogurt za telo po son\u010denju. Ko\u017eo pomiri, ohladi, navla\u017ei ter podalj\u0161uje njeno porjavelost. Pomirja ko\u017eo po son\u010denju. Aloe vera globinsko vla\u017ei ko\u017eo","og_url":"https:\/\/activeluxe-cosmetics.com\/sl\/izdelek\/hladilni-jogurt-za-telo\/","og_site_name":"Active Luxe Cosmetics","article_modified_time":"2026-04-16T14:30:29+00:00","og_image":[{"width":1104,"height":1326,"url":"https:\/\/cdn.activeluxe-cosmetics.com\/sl\/wp-content\/uploads\/2025\/07\/17144735\/activeluxe_hladilni_jogurt_110g.jpg","type":"image\/jpeg"}],"twitter_card":"summary_large_image","twitter_misc":{"Est. reading time":"3 minute"},"schema":{"@context":"https:\/\/schema.org","@graph":[{"@type":"WebPage","@id":"https:\/\/activeluxe-cosmetics.com\/sl\/izdelek\/hladilni-jogurt-za-telo\/","url":"https:\/\/activeluxe-cosmetics.com\/sl\/izdelek\/hladilni-jogurt-za-telo\/","name":"Hladilni jogurt za telo po son\u010denju - Active Luxe Cosmetics","isPartOf":{"@id":"https:\/\/activeluxe-cosmetics.com\/sl\/#website"},"primaryImageOfPage":{"@id":"https:\/\/activeluxe-cosmetics.com\/sl\/izdelek\/hladilni-jogurt-za-telo\/#primaryimage"},"image":{"@id":"https:\/\/activeluxe-cosmetics.com\/sl\/izdelek\/hladilni-jogurt-za-telo\/#primaryimage"},"thumbnailUrl":"https:\/\/cdn.activeluxe-cosmetics.com\/sl\/wp-content\/uploads\/2025\/07\/17144735\/activeluxe_hladilni_jogurt_110g.jpg","datePublished":"2024-05-03T08:12:52+00:00","dateModified":"2026-04-16T14:30:29+00:00","description":"Hladilni jogurt za telo po son\u010denju. Ko\u017eo pomiri, ohladi, navla\u017ei ter podalj\u0161uje njeno porjavelost. Pomirja ko\u017eo po son\u010denju. Aloe vera globinsko vla\u017ei ko\u017eo","breadcrumb":{"@id":"https:\/\/activeluxe-cosmetics.com\/sl\/izdelek\/hladilni-jogurt-za-telo\/#breadcrumb"},"inLanguage":"sl-SI","potentialAction":[{"@type":"ReadAction","target":["https:\/\/activeluxe-cosmetics.com\/sl\/izdelek\/hladilni-jogurt-za-telo\/"]}]},{"@type":"ImageObject","inLanguage":"sl-SI","@id":"https:\/\/activeluxe-cosmetics.com\/sl\/izdelek\/hladilni-jogurt-za-telo\/#primaryimage","url":"https:\/\/cdn.activeluxe-cosmetics.com\/sl\/wp-content\/uploads\/2025\/07\/17144735\/activeluxe_hladilni_jogurt_110g.jpg","contentUrl":"https:\/\/cdn.activeluxe-cosmetics.com\/sl\/wp-content\/uploads\/2025\/07\/17144735\/activeluxe_hladilni_jogurt_110g.jpg","width":1104,"height":1326,"caption":"Active Luxe hladilni jogurt za telo"},{"@type":"BreadcrumbList","@id":"https:\/\/activeluxe-cosmetics.com\/sl\/izdelek\/hladilni-jogurt-za-telo\/#breadcrumb","itemListElement":[{"@type":"ListItem","position":1,"name":"Naslovnica","item":"https:\/\/activeluxe-cosmetics.com\/sl\/"},{"@type":"ListItem","position":2,"name":"Trgovina","item":"https:\/\/activeluxe-cosmetics.com\/sl\/trgovina\/"},{"@type":"ListItem","position":3,"name":"Premium hladilni jogurt za telo, 110 g"}]},{"@type":"WebSite","@id":"https:\/\/activeluxe-cosmetics.com\/sl\/#website","url":"https:\/\/activeluxe-cosmetics.com\/sl\/","name":"Active Luxe Cosmetics","description":"","potentialAction":[{"@type":"SearchAction","target":{"@type":"EntryPoint","urlTemplate":"https:\/\/activeluxe-cosmetics.com\/sl\/?s={search_term_string}"},"query-input":{"@type":"PropertyValueSpecification","valueRequired":true,"valueName":"search_term_string"}}],"inLanguage":"sl-SI"}]}},"_links":{"self":[{"href":"https:\/\/activeluxe-cosmetics.com\/sl\/wp-json\/wp\/v2\/product\/83748","targetHints":{"allow":["GET"]}}],"collection":[{"href":"https:\/\/activeluxe-cosmetics.com\/sl\/wp-json\/wp\/v2\/product"}],"about":[{"href":"https:\/\/activeluxe-cosmetics.com\/sl\/wp-json\/wp\/v2\/types\/product"}],"replies":[{"embeddable":true,"href":"https:\/\/activeluxe-cosmetics.com\/sl\/wp-json\/wp\/v2\/comments?post=83748"}],"wp:featuredmedia":[{"embeddable":true,"href":"https:\/\/activeluxe-cosmetics.com\/sl\/wp-json\/wp\/v2\/media\/100776"}],"wp:attachment":[{"href":"https:\/\/activeluxe-cosmetics.com\/sl\/wp-json\/wp\/v2\/media?parent=83748"}],"wp:term":[{"taxonomy":"product_brand","embeddable":true,"href":"https:\/\/activeluxe-cosmetics.com\/sl\/wp-json\/wp\/v2\/product_brand?post=83748"},{"taxonomy":"product_cat","embeddable":true,"href":"https:\/\/activeluxe-cosmetics.com\/sl\/wp-json\/wp\/v2\/product_cat?post=83748"},{"taxonomy":"product_tag","embeddable":true,"href":"https:\/\/activeluxe-cosmetics.com\/sl\/wp-json\/wp\/v2\/product_tag?post=83748"}],"curies":[{"name":"wp","href":"https:\/\/api.w.org\/{rel}","templated":true}]}}