{"id":82707,"date":"2024-03-14T08:43:35","date_gmt":"2024-03-14T08:43:35","guid":{"rendered":"https:\/\/activeluxe-cosmetics.com\/sl\/?post_type=product&#038;p=82707"},"modified":"2026-03-20T12:41:20","modified_gmt":"2026-03-20T11:41:20","slug":"set-za-gosto-brado","status":"publish","type":"product","link":"https:\/\/activeluxe-cosmetics.com\/sl\/izdelek\/set-za-gosto-brado\/","title":{"rendered":"Set za mo\u010dno in gosto brado, brez kompromisov"},"content":{"rendered":"<p><img loading=\"lazy\" decoding=\"async\" class=\"size-medium wp-image-105798 alignright\" src=\"https:\/\/cdn.activeluxe-cosmetics.com\/sl\/wp-content\/uploads\/2025\/11\/15013422\/beard_growth_set-460x597.jpg\" alt=\"Serum za rast brade Active Luxe\" width=\"460\" height=\"597\" srcset=\"https:\/\/cdn.activeluxe-cosmetics.com\/sl\/wp-content\/uploads\/2025\/11\/15013422\/beard_growth_set-460x597.jpg 460w, https:\/\/cdn.activeluxe-cosmetics.com\/sl\/wp-content\/uploads\/2025\/11\/15013422\/beard_growth_set.jpg 564w\" sizes=\"auto, (max-width: 460px) 100vw, 460px\" \/><\/p>\n<h2>Vse, kar potrebuje\u0161 <strong>za popolno oblikovano brado<\/strong><\/h2>\n<p><span data-sheets-root=\"1\" data-sheets-value=\"{&quot;1&quot;:2,&quot;2&quot;:&quot;Gosta, dolga brada je od nekdaj simbol mo\u010dnega in neodvisnega mo\u0161kega. Kaj pa, \u010de ti mati narava pri bradi ni bila naklonjena, raste neenakomerno ali zelo po\u010dasi?&quot;}\" data-sheets-userformat=\"{&quot;2&quot;:769,&quot;3&quot;:{&quot;1&quot;:0},&quot;11&quot;:4,&quot;12&quot;:0}\">Gosta brada je od nekdaj simbol mo\u010dnega in neodvisnega mo\u0161kega. Kaj pa, \u010de ti mati narava pri bradi ni bila naklonjena, raste neenakomerno ali zelo po\u010dasi?<\/span><\/p>\n<p><span data-sheets-root=\"1\" data-sheets-value=\"{&quot;1&quot;:2,&quot;2&quot;:&quot;Vse kar potrebuje\u0161 za aktivno rast brade:&quot;}\" data-sheets-userformat=\"{&quot;2&quot;:513,&quot;3&quot;:{&quot;1&quot;:0},&quot;12&quot;:0}\">V set smo zdru\u017eili vse izdelke, ki jih potrebuje\u0161 za rast brade, izbira\u0161 pa lahko med tremi razli\u010dnimi pakiranji:<\/span><\/p>\n<ul>\n<li style=\"font-weight: 400;\" aria-level=\"1\"><span style=\"font-weight: 400;\"><strong>Za 50 dni uporabe<\/strong> ( prejme\u0161 1x serum za rast las brade &#8211; 30 ml, derma roller in \u010distilo za roller)<\/span><\/li>\n<li style=\"font-weight: 400;\" aria-level=\"1\"><span style=\"font-weight: 400;\"><strong>Za 150 dni uporabe<\/strong> (prejme\u0161 3x serum za rast brade &#8211; 3x po 30 ml, derma roller, \u010distilo za roller )<\/span><\/li>\n<li style=\"font-weight: 400;\" aria-level=\"1\"><span style=\"font-weight: 400;\"><strong>Za 250 dni uporabe<\/strong> (prejme\u0161 5x serum za rast brade &#8211; 5x po 30 ml, derma roller, \u010distilo za roller)<\/span><\/li>\n<\/ul>\n<p><span style=\"font-weight: 400;\"><strong>Priporo\u010damo<\/strong> ti, da za vidne rezultate rezulate uporabi\u0161 set za 150 dni uporabe, v katerem bo\u0161 prejel 3 serume za rast brade, derma roller ter antibakterijsko \u010distilo za derma roller.<\/span><\/p>\n<h2 style=\"text-align: center; clear: both;\"><\/h2>\n<p>&nbsp;<\/p>\n<p><img loading=\"lazy\" decoding=\"async\" class=\"size-medium wp-image-105794 alignleft\" src=\"https:\/\/cdn.activeluxe-cosmetics.com\/sl\/wp-content\/uploads\/2025\/11\/15013415\/beard-_growth_set-460x575.png\" alt=\"\" width=\"460\" height=\"575\" srcset=\"https:\/\/cdn.activeluxe-cosmetics.com\/sl\/wp-content\/uploads\/2025\/11\/15013415\/beard-_growth_set-460x575.png 460w, https:\/\/cdn.activeluxe-cosmetics.com\/sl\/wp-content\/uploads\/2025\/11\/15013415\/beard-_growth_set-819x1024.png 819w, https:\/\/cdn.activeluxe-cosmetics.com\/sl\/wp-content\/uploads\/2025\/11\/15013415\/beard-_growth_set-768x960.png 768w, https:\/\/cdn.activeluxe-cosmetics.com\/sl\/wp-content\/uploads\/2025\/11\/15013415\/beard-_growth_set-600x750.png 600w, https:\/\/cdn.activeluxe-cosmetics.com\/sl\/wp-content\/uploads\/2025\/11\/15013415\/beard-_growth_set.png 1080w\" sizes=\"auto, (max-width: 460px) 100vw, 460px\" \/><\/p>\n<h2><strong>Naredi prvi korak<\/strong> k urejenemu videzu brade<\/h2>\n<div class=\"ebT7ne sMVRZe\">\n<ul>\n<li class=\"F0pQVc\"><span class=\"HwtZe\" lang=\"sl\" style=\"color: #555555;\"><span class=\"HwtZe\" lang=\"sl\" style=\"color: #555555;\"><span class=\"HwtZe\" lang=\"sl\"><span class=\"jCAhz ChMk0b\"><span class=\"ryNqvb\"><strong>Najprej predel brade ne\u017eno zmasiraj z derma rollerjem:<\/strong> <\/span><\/span><\/span><\/span><\/span>Mikro iglice iz nerjave\u010dega jekla mehansko stimulirajo povr\u0161ino ko\u017ee in jo pripravijo na nadaljnjo kozmeti\u010dno nego. Uporaba derma rollerja omogo\u010da bolj\u0161i stik seruma za nego brade s ko\u017eo in njegovo enakomerno razporeditev v okviru rutine nege. Pred in po vsaki uporabi derma roller obvezno razku\u017ei s prilo\u017eenim antibakterijskim \u010distilom.<\/li>\n<\/ul>\n<\/div>\n<div class=\"QcsUad BDJ8fb sMVRZe wneUed\">\n<div class=\"usGWQd\">\n<div class=\"KkbLmb\">\n<ul>\n<li dir=\"ltr\"><strong>Nadaljuj z nanosom Active Luxe seruma za rast brade: <\/strong>Serum dokazano zagotavlja bolj polno brado tako, da posamezne dlake okrepi od znotraj navzven in pove\u010da debelino brade. D<span style=\"font-weight: 400;\">eluje neposredno na folikularno disfunkcijo (o\u017eivlja dla\u010dne me\u0161i\u010dke) in s tem zagotavlja hitrej\u0161o rast dlak in novo rast dlak. Z redno uporabo bo tvoja brada <\/span><span style=\"font-weight: 400;\">vidno gostej\u0161a, polnej\u0161a in enakomerno pora\u0161\u010dena. <\/span><span style=\"font-weight: 400;\">Napredna formula deluje kot naravni stimulator rasti, kot hranilo za dlako in gradnik bolj\u0161e strukture dlake. <\/span><span style=\"font-weight: 400;\">Kombinacija aktivnih sestavin brado ter ko\u017eo pod njo vla\u017ei, jo neguje in prepre\u010duje neprijetno srbe\u010dico.<\/span><\/li>\n<\/ul>\n<h4><em>Derma roller je kozmeti\u010dni pripomo\u010dek, namenjen izklju\u010dno zunanji uporabi za nego ko\u017ee. Ni namenjen zdravljenju, prepre\u010devanju ali vplivanju na fiziolo\u0161ke funkcije ko\u017ee.<\/em><\/h4>\n<\/div>\n<\/div>\n<\/div>\n<p>&nbsp;<\/p>\n<h3 style=\"clear: both; max-width: 820px;\"><\/h3>\n<div style=\"display: flex; align-items: center; gap: 20px; flex-wrap: wrap;\">\n<p style=\"max-width: 360px;\">\n<\/div>\n","protected":false},"excerpt":{"rendered":"<p>Set vklju\u010duje serum za nego brade, derma roller za mehansko stimulacijo predela brade ter antibakterijsko \u010distilo za higieni\u010dno uporabo pripomo\u010dka.<\/p>\n","protected":false},"featured_media":105794,"comment_status":"open","ping_status":"closed","template":"","meta":[],"product_brand":[],"product_cat":[107,110,42],"product_tag":[],"class_list":{"0":"post-82707","1":"product","2":"type-product","3":"status-publish","4":"has-post-thumbnail","6":"product_cat-nega-brade","7":"product_cat-seti-za-moske","8":"product_cat-nega-za-moske","10":"first","11":"instock","12":"sale","13":"taxable","14":"shipping-taxable","15":"purchasable","16":"product-type-variable"},"bundled_by":[],"bundle_stock_status":"instock","bundle_stock_quantity":null,"bundle_virtual":false,"bundle_layout":"","bundle_add_to_cart_form_location":"","bundle_editable_in_cart":false,"bundle_sold_individually_context":"","bundle_item_grouping":"","bundle_min_size":"","bundle_max_size":"","bundle_price":[],"bundled_items":[],"bundle_sell_ids":[],"acf":[],"yoast_head":"<!-- This site is optimized with the Yoast SEO plugin v26.6 - https:\/\/yoast.com\/wordpress\/plugins\/seo\/ -->\n<title>Set za gosto brado - Active Luxe Cosmetics<\/title>\n<meta name=\"description\" content=\"Set za aktivno nego ter hitrej\u0161o in enakomerno rast mo\u0161ke brade. Set vsebuje: serum za rast brad, derma roller za masa\u017eo brade ter antibakterijsko \u010distilo.\" \/>\n<meta name=\"robots\" content=\"index, follow, max-snippet:-1, max-image-preview:large, max-video-preview:-1\" \/>\n<link rel=\"canonical\" href=\"https:\/\/activeluxe-cosmetics.com\/sl\/izdelek\/set-za-gosto-brado\/\" \/>\n<meta property=\"og:locale\" content=\"sl_SI\" \/>\n<meta property=\"og:type\" content=\"article\" \/>\n<meta property=\"og:title\" content=\"Set za gosto brado - Active Luxe Cosmetics\" \/>\n<meta property=\"og:description\" content=\"Set za aktivno nego ter hitrej\u0161o in enakomerno rast mo\u0161ke brade. Set vsebuje: serum za rast brad, derma roller za masa\u017eo brade ter antibakterijsko \u010distilo.\" \/>\n<meta property=\"og:url\" content=\"https:\/\/activeluxe-cosmetics.com\/sl\/izdelek\/set-za-gosto-brado\/\" \/>\n<meta property=\"og:site_name\" content=\"Active Luxe Cosmetics\" \/>\n<meta property=\"article:modified_time\" content=\"2026-03-20T11:41:20+00:00\" \/>\n<meta property=\"og:image\" content=\"https:\/\/cdn.activeluxe-cosmetics.com\/sl\/wp-content\/uploads\/2025\/11\/15013415\/beard-_growth_set.png\" \/>\n\t<meta property=\"og:image:width\" content=\"1080\" \/>\n\t<meta property=\"og:image:height\" content=\"1350\" \/>\n\t<meta property=\"og:image:type\" content=\"image\/png\" \/>\n<meta name=\"twitter:card\" content=\"summary_large_image\" \/>\n<meta name=\"twitter:label1\" content=\"Est. reading time\" \/>\n\t<meta name=\"twitter:data1\" content=\"3 minute\" \/>\n<script type=\"application\/ld+json\" class=\"yoast-schema-graph\">{\"@context\":\"https:\/\/schema.org\",\"@graph\":[{\"@type\":\"WebPage\",\"@id\":\"https:\/\/activeluxe-cosmetics.com\/sl\/izdelek\/set-za-gosto-brado\/\",\"url\":\"https:\/\/activeluxe-cosmetics.com\/sl\/izdelek\/set-za-gosto-brado\/\",\"name\":\"Set za gosto brado - Active Luxe Cosmetics\",\"isPartOf\":{\"@id\":\"https:\/\/activeluxe-cosmetics.com\/sl\/#website\"},\"primaryImageOfPage\":{\"@id\":\"https:\/\/activeluxe-cosmetics.com\/sl\/izdelek\/set-za-gosto-brado\/#primaryimage\"},\"image\":{\"@id\":\"https:\/\/activeluxe-cosmetics.com\/sl\/izdelek\/set-za-gosto-brado\/#primaryimage\"},\"thumbnailUrl\":\"https:\/\/cdn.activeluxe-cosmetics.com\/sl\/wp-content\/uploads\/2025\/11\/15013415\/beard-_growth_set.png\",\"datePublished\":\"2024-03-14T08:43:35+00:00\",\"dateModified\":\"2026-03-20T11:41:20+00:00\",\"description\":\"Set za aktivno nego ter hitrej\u0161o in enakomerno rast mo\u0161ke brade. Set vsebuje: serum za rast brad, derma roller za masa\u017eo brade ter antibakterijsko \u010distilo.\",\"breadcrumb\":{\"@id\":\"https:\/\/activeluxe-cosmetics.com\/sl\/izdelek\/set-za-gosto-brado\/#breadcrumb\"},\"inLanguage\":\"sl-SI\",\"potentialAction\":[{\"@type\":\"ReadAction\",\"target\":[\"https:\/\/activeluxe-cosmetics.com\/sl\/izdelek\/set-za-gosto-brado\/\"]}]},{\"@type\":\"ImageObject\",\"inLanguage\":\"sl-SI\",\"@id\":\"https:\/\/activeluxe-cosmetics.com\/sl\/izdelek\/set-za-gosto-brado\/#primaryimage\",\"url\":\"https:\/\/cdn.activeluxe-cosmetics.com\/sl\/wp-content\/uploads\/2025\/11\/15013415\/beard-_growth_set.png\",\"contentUrl\":\"https:\/\/cdn.activeluxe-cosmetics.com\/sl\/wp-content\/uploads\/2025\/11\/15013415\/beard-_growth_set.png\",\"width\":1080,\"height\":1350},{\"@type\":\"BreadcrumbList\",\"@id\":\"https:\/\/activeluxe-cosmetics.com\/sl\/izdelek\/set-za-gosto-brado\/#breadcrumb\",\"itemListElement\":[{\"@type\":\"ListItem\",\"position\":1,\"name\":\"Naslovnica\",\"item\":\"https:\/\/activeluxe-cosmetics.com\/sl\/\"},{\"@type\":\"ListItem\",\"position\":2,\"name\":\"Trgovina\",\"item\":\"https:\/\/activeluxe-cosmetics.com\/sl\/trgovina\/\"},{\"@type\":\"ListItem\",\"position\":3,\"name\":\"Set za mo\u010dno in gosto brado, brez kompromisov\"}]},{\"@type\":\"WebSite\",\"@id\":\"https:\/\/activeluxe-cosmetics.com\/sl\/#website\",\"url\":\"https:\/\/activeluxe-cosmetics.com\/sl\/\",\"name\":\"Active Luxe Cosmetics\",\"description\":\"\",\"potentialAction\":[{\"@type\":\"SearchAction\",\"target\":{\"@type\":\"EntryPoint\",\"urlTemplate\":\"https:\/\/activeluxe-cosmetics.com\/sl\/?s={search_term_string}\"},\"query-input\":{\"@type\":\"PropertyValueSpecification\",\"valueRequired\":true,\"valueName\":\"search_term_string\"}}],\"inLanguage\":\"sl-SI\"}]}<\/script>\n<!-- \/ Yoast SEO plugin. -->","yoast_head_json":{"title":"Set za gosto brado - Active Luxe Cosmetics","description":"Set za aktivno nego ter hitrej\u0161o in enakomerno rast mo\u0161ke brade. Set vsebuje: serum za rast brad, derma roller za masa\u017eo brade ter antibakterijsko \u010distilo.","robots":{"index":"index","follow":"follow","max-snippet":"max-snippet:-1","max-image-preview":"max-image-preview:large","max-video-preview":"max-video-preview:-1"},"canonical":"https:\/\/activeluxe-cosmetics.com\/sl\/izdelek\/set-za-gosto-brado\/","og_locale":"sl_SI","og_type":"article","og_title":"Set za gosto brado - Active Luxe Cosmetics","og_description":"Set za aktivno nego ter hitrej\u0161o in enakomerno rast mo\u0161ke brade. Set vsebuje: serum za rast brad, derma roller za masa\u017eo brade ter antibakterijsko \u010distilo.","og_url":"https:\/\/activeluxe-cosmetics.com\/sl\/izdelek\/set-za-gosto-brado\/","og_site_name":"Active Luxe Cosmetics","article_modified_time":"2026-03-20T11:41:20+00:00","og_image":[{"width":1080,"height":1350,"url":"https:\/\/cdn.activeluxe-cosmetics.com\/sl\/wp-content\/uploads\/2025\/11\/15013415\/beard-_growth_set.png","type":"image\/png"}],"twitter_card":"summary_large_image","twitter_misc":{"Est. reading time":"3 minute"},"schema":{"@context":"https:\/\/schema.org","@graph":[{"@type":"WebPage","@id":"https:\/\/activeluxe-cosmetics.com\/sl\/izdelek\/set-za-gosto-brado\/","url":"https:\/\/activeluxe-cosmetics.com\/sl\/izdelek\/set-za-gosto-brado\/","name":"Set za gosto brado - Active Luxe Cosmetics","isPartOf":{"@id":"https:\/\/activeluxe-cosmetics.com\/sl\/#website"},"primaryImageOfPage":{"@id":"https:\/\/activeluxe-cosmetics.com\/sl\/izdelek\/set-za-gosto-brado\/#primaryimage"},"image":{"@id":"https:\/\/activeluxe-cosmetics.com\/sl\/izdelek\/set-za-gosto-brado\/#primaryimage"},"thumbnailUrl":"https:\/\/cdn.activeluxe-cosmetics.com\/sl\/wp-content\/uploads\/2025\/11\/15013415\/beard-_growth_set.png","datePublished":"2024-03-14T08:43:35+00:00","dateModified":"2026-03-20T11:41:20+00:00","description":"Set za aktivno nego ter hitrej\u0161o in enakomerno rast mo\u0161ke brade. Set vsebuje: serum za rast brad, derma roller za masa\u017eo brade ter antibakterijsko \u010distilo.","breadcrumb":{"@id":"https:\/\/activeluxe-cosmetics.com\/sl\/izdelek\/set-za-gosto-brado\/#breadcrumb"},"inLanguage":"sl-SI","potentialAction":[{"@type":"ReadAction","target":["https:\/\/activeluxe-cosmetics.com\/sl\/izdelek\/set-za-gosto-brado\/"]}]},{"@type":"ImageObject","inLanguage":"sl-SI","@id":"https:\/\/activeluxe-cosmetics.com\/sl\/izdelek\/set-za-gosto-brado\/#primaryimage","url":"https:\/\/cdn.activeluxe-cosmetics.com\/sl\/wp-content\/uploads\/2025\/11\/15013415\/beard-_growth_set.png","contentUrl":"https:\/\/cdn.activeluxe-cosmetics.com\/sl\/wp-content\/uploads\/2025\/11\/15013415\/beard-_growth_set.png","width":1080,"height":1350},{"@type":"BreadcrumbList","@id":"https:\/\/activeluxe-cosmetics.com\/sl\/izdelek\/set-za-gosto-brado\/#breadcrumb","itemListElement":[{"@type":"ListItem","position":1,"name":"Naslovnica","item":"https:\/\/activeluxe-cosmetics.com\/sl\/"},{"@type":"ListItem","position":2,"name":"Trgovina","item":"https:\/\/activeluxe-cosmetics.com\/sl\/trgovina\/"},{"@type":"ListItem","position":3,"name":"Set za mo\u010dno in gosto brado, brez kompromisov"}]},{"@type":"WebSite","@id":"https:\/\/activeluxe-cosmetics.com\/sl\/#website","url":"https:\/\/activeluxe-cosmetics.com\/sl\/","name":"Active Luxe Cosmetics","description":"","potentialAction":[{"@type":"SearchAction","target":{"@type":"EntryPoint","urlTemplate":"https:\/\/activeluxe-cosmetics.com\/sl\/?s={search_term_string}"},"query-input":{"@type":"PropertyValueSpecification","valueRequired":true,"valueName":"search_term_string"}}],"inLanguage":"sl-SI"}]}},"_links":{"self":[{"href":"https:\/\/activeluxe-cosmetics.com\/sl\/wp-json\/wp\/v2\/product\/82707","targetHints":{"allow":["GET"]}}],"collection":[{"href":"https:\/\/activeluxe-cosmetics.com\/sl\/wp-json\/wp\/v2\/product"}],"about":[{"href":"https:\/\/activeluxe-cosmetics.com\/sl\/wp-json\/wp\/v2\/types\/product"}],"replies":[{"embeddable":true,"href":"https:\/\/activeluxe-cosmetics.com\/sl\/wp-json\/wp\/v2\/comments?post=82707"}],"wp:featuredmedia":[{"embeddable":true,"href":"https:\/\/activeluxe-cosmetics.com\/sl\/wp-json\/wp\/v2\/media\/105794"}],"wp:attachment":[{"href":"https:\/\/activeluxe-cosmetics.com\/sl\/wp-json\/wp\/v2\/media?parent=82707"}],"wp:term":[{"taxonomy":"product_brand","embeddable":true,"href":"https:\/\/activeluxe-cosmetics.com\/sl\/wp-json\/wp\/v2\/product_brand?post=82707"},{"taxonomy":"product_cat","embeddable":true,"href":"https:\/\/activeluxe-cosmetics.com\/sl\/wp-json\/wp\/v2\/product_cat?post=82707"},{"taxonomy":"product_tag","embeddable":true,"href":"https:\/\/activeluxe-cosmetics.com\/sl\/wp-json\/wp\/v2\/product_tag?post=82707"}],"curies":[{"name":"wp","href":"https:\/\/api.w.org\/{rel}","templated":true}]}}