{"id":82327,"date":"2024-02-28T14:58:45","date_gmt":"2024-02-28T14:58:45","guid":{"rendered":"https:\/\/activeluxe-cosmetics.com\/sl\/?post_type=product&#038;p=82327"},"modified":"2026-02-02T09:21:33","modified_gmt":"2026-02-02T08:21:33","slug":"derma-roller-za-nego-in-urejen-videz-brade","status":"publish","type":"product","link":"https:\/\/activeluxe-cosmetics.com\/sl\/izdelek\/derma-roller-za-nego-in-urejen-videz-brade\/","title":{"rendered":"Derma roller za nego in urejen videz brade"},"content":{"rendered":"<h2><img loading=\"lazy\" decoding=\"async\" class=\"size-full wp-image-82473 alignright\" src=\"https:\/\/cdn.activeluxe-cosmetics.com\/sl\/wp-content\/uploads\/2024\/02\/28145718\/Group-392-15-460x589-1.jpg\" alt=\"\" width=\"460\" height=\"589\" \/><strong>Nega in urejen videz<\/strong> brade<\/h2>\n<p>Urejen in negovan videz brade je rezultat <strong>redne in premi\u0161ljene nege ko\u017ee pod brado<\/strong>. Z ustrezno rutino lahko izbolj\u0161amo ob\u010dutek ko\u017ee ter prispevamo k <strong>bolj enakomernemu<\/strong> in <strong>urejenemu videzu brade<\/strong>.<\/p>\n<p><span style=\"font-weight: 400;\">Prav to lahko naredi\u0161 z <\/span><b>Active Luxe derma rollerjem.<\/b><\/p>\n<p>Gre za visokokakovosten kozmeti\u010dni pripomo\u010dek, ki vsebuje <strong>540 ultra tankih iglic iz nerjave\u010dega jekla<\/strong>, dol\u017eine 0,50 mm, in je zasnovan <strong>za ne\u017eno mehansko stimulacijo povr\u0161ine ko\u017ee<\/strong> ter <strong>prijeten masa\u017eni u\u010dinek<\/strong>.<\/p>\n<p>Active Luxe derma roller:<\/p>\n<ul>\n<li>Pomaga odstranjevati odmrle ko\u017ene celice s povr\u0161ine ko\u017ee<\/li>\n<li>Prispeva k bolj gladkemu in urejenemu videzu ko\u017ee pod brado<\/li>\n<li>Uporablja se kot del redne kozmeti\u010dne nege brade<\/li>\n<li>Omogo\u010da enakomeren nanos kozmeti\u010dnih izdelkov za nego brade<\/li>\n<li>Dopolnjuje uporabo serumov in drugih kozmeti\u010dnih izdelkov za nego brade<\/li>\n<\/ul>\n<h4><em><b> Izdelek je namenjen izklju\u010dno zunanji kozmeti\u010dni uporabi.<\/b><\/em><\/h4>\n<h2><\/h2>\n<h2><\/h2>\n<h2><\/h2>\n<p>&nbsp;<\/p>\n<h2><img loading=\"lazy\" decoding=\"async\" class=\"size-medium wp-image-82476 alignleft\" src=\"https:\/\/cdn.activeluxe-cosmetics.com\/sl\/wp-content\/uploads\/2024\/02\/28145716\/Izdelek-brez-naslova-66-1-460x575.png\" alt=\"\" width=\"460\" height=\"575\" srcset=\"https:\/\/cdn.activeluxe-cosmetics.com\/sl\/wp-content\/uploads\/2024\/02\/28145716\/Izdelek-brez-naslova-66-1-460x575.png 460w, https:\/\/cdn.activeluxe-cosmetics.com\/sl\/wp-content\/uploads\/2024\/02\/28145716\/Izdelek-brez-naslova-66-1-819x1024.png 819w, https:\/\/cdn.activeluxe-cosmetics.com\/sl\/wp-content\/uploads\/2024\/02\/28145716\/Izdelek-brez-naslova-66-1-768x960.png 768w, https:\/\/cdn.activeluxe-cosmetics.com\/sl\/wp-content\/uploads\/2024\/02\/28145716\/Izdelek-brez-naslova-66-1-600x750.png 600w, https:\/\/cdn.activeluxe-cosmetics.com\/sl\/wp-content\/uploads\/2024\/02\/28145716\/Izdelek-brez-naslova-66-1.png 1080w\" sizes=\"auto, (max-width: 460px) 100vw, 460px\" \/><\/h2>\n<h2><strong>Klju\u010dne prednosti<\/strong> tega izdelka<\/h2>\n<ul>\n<li style=\"font-weight: 400;\" aria-level=\"1\"><strong>Microneedling tehnologija<\/strong>: Derma roller je zasnovan za ne\u017eno mehansko stimulacijo povr\u0161ine ko\u017ee in uporabo v okviru redne kozmeti\u010dne nege obraza, brade in lasi\u0161\u010da.<\/li>\n<li style=\"font-weight: 400;\" aria-level=\"1\"><b>Visokokakovostne iglice iz nerjave\u010dega jekla:<\/b><span style=\"font-weight: 400;\"> 540 finih iglic iz nerjave\u010dega jekla, dol\u017eine 0,50 mm, je namenjenih povr\u0161inskemu masa\u017enemu u\u010dinku ter podpori kozmeti\u010dni negi ko\u017ee. Pripomo\u010dek je zasnovan za udobno in varno uporabo v skladu z navodili.<\/span><\/li>\n<li style=\"font-weight: 400;\" aria-level=\"1\"><b>Ergonomska oblika<\/b><span style=\"font-weight: 400;\">: Ergonomski ro\u010daj omogo\u010da enostavno in udobno uporabo ter dober nadzor med kozmeti\u010dno nego. Izdelek je prilo\u017een v za\u0161\u010ditni \u0161katlici, ki omogo\u010da higiensko shranjevanje in priro\u010dno uporabo tudi na poti.<\/span><\/li>\n<li style=\"font-weight: 400;\" aria-level=\"1\"><b>Vsestranska uporaba:<\/b><span style=\"font-weight: 400;\"> Derma roller z iglicami dol\u017eine 0,50 mm je primeren za kozmeti\u010dno nego obraza, brade in lasi\u0161\u010da. Uporablja se kot del redne kozmeti\u010dne rutine in kot dopolnilo uporabi serumov ter drugih kozmeti\u010dnih izdelkov za nego ko\u017ee in brade.<\/span><\/li>\n<li style=\"font-weight: 400;\" aria-level=\"1\"><b>Dokazani rezultati:<\/b><span style=\"font-weight: 400;\"> Priporo\u010dena je redna uporaba v skladu z navodili (1\u2013 2-krat tedensko), kot del ustaljene kozmeti\u010dne rutine.<\/span><\/li>\n<\/ul>\n<h2><b>\u00a0<\/b><\/h2>\n<h2><\/h2>\n<h2><\/h2>\n<h2><\/h2>\n<h2><\/h2>\n<h2><\/h2>\n<h2><\/h2>\n<h2><img loading=\"lazy\" decoding=\"async\" class=\" wp-image-82477 alignright\" src=\"https:\/\/cdn.activeluxe-cosmetics.com\/sl\/wp-content\/uploads\/2024\/02\/28145714\/Izdelek-brez-naslova-65-1-460x575.png\" alt=\"\" width=\"471\" height=\"589\" srcset=\"https:\/\/cdn.activeluxe-cosmetics.com\/sl\/wp-content\/uploads\/2024\/02\/28145714\/Izdelek-brez-naslova-65-1-460x575.png 460w, https:\/\/cdn.activeluxe-cosmetics.com\/sl\/wp-content\/uploads\/2024\/02\/28145714\/Izdelek-brez-naslova-65-1-819x1024.png 819w, https:\/\/cdn.activeluxe-cosmetics.com\/sl\/wp-content\/uploads\/2024\/02\/28145714\/Izdelek-brez-naslova-65-1-768x960.png 768w, https:\/\/cdn.activeluxe-cosmetics.com\/sl\/wp-content\/uploads\/2024\/02\/28145714\/Izdelek-brez-naslova-65-1-600x750.png 600w, https:\/\/cdn.activeluxe-cosmetics.com\/sl\/wp-content\/uploads\/2024\/02\/28145714\/Izdelek-brez-naslova-65-1.png 1080w\" sizes=\"auto, (max-width: 471px) 100vw, 471px\" \/><\/h2>\n<h2><strong>Investiraj v svojo brado<\/strong> in preizkusi derma roller<\/h2>\n<p><span style=\"font-weight: 400;\">Nikar ne dovoli, da bi se zaradi redke brade, ki raste neenakomerno, po\u010dutil manj drznega.<\/span><\/p>\n<p>Uporabi derma roller za mehansko stimulacijo ko\u017ee in pripravo predela brade na nadaljnjo nego. Nato nanesi Active Luxe serum za nego brade, ki <strong>dopolnjuje rutino<\/strong> in <strong>poskrbi za urejen videz brade<\/strong>.<\/p>\n<ul>\n<li style=\"font-weight: 400;\" aria-level=\"1\"><span style=\"font-weight: 400;\">Pritisk derma rollerja na ko\u017eo naj bo blag, ne sme povzro\u010dati bole\u010din.<\/span><\/li>\n<li style=\"font-weight: 400;\" aria-level=\"1\"><span style=\"font-weight: 400;\">Z derma rollerjem masiraj predel brade v vse tri smeri (navpi\u010dno, vodoravno in diagonalno), celoten postopek <\/span><b>naj ne traja ve\u010d kot 3-5 minut<\/b><span style=\"font-weight: 400;\">.<\/span><\/li>\n<li style=\"font-weight: 400;\" aria-level=\"1\"><span style=\"font-weight: 400;\">Priporo\u010dena uporaba derma rollerja za masa\u017eo brade je <\/span><b>1x do 2x tedensko.<\/b><\/li>\n<\/ul>\n<p><span style=\"font-weight: 400;\">Derma rollerja iz higienskih razlogov <\/span><b>nikoli ne deli<\/b><span style=\"font-weight: 400;\"> z drugo osebo.<\/span><\/p>\n<h4><em>Izdelek je kozmeti\u010dni pripomo\u010dek, namenjen izklju\u010dno zunanji uporabi za nego ko\u017ee. Ni namenjen zdravljenju, prepre\u010devanju ali vplivanju na fiziolo\u0161ke funkcije ko\u017ee.<\/em><\/h4>\n","protected":false},"excerpt":{"rendered":"<p>Mehansko deluje na povr\u0161ino ko\u017ee ter podpira celostno nego predela brade.<\/p>\n","protected":false},"featured_media":81399,"comment_status":"open","ping_status":"closed","template":"","meta":[],"product_brand":[],"product_cat":[107,109,42],"product_tag":[],"class_list":{"0":"post-82327","1":"product","2":"type-product","3":"status-publish","4":"has-post-thumbnail","6":"product_cat-nega-brade","7":"product_cat-dodatki-moski","8":"product_cat-nega-za-moske","10":"first","11":"instock","12":"sale","13":"taxable","14":"shipping-taxable","15":"purchasable","16":"product-type-simple"},"bundled_by":[],"bundle_stock_status":"instock","bundle_stock_quantity":null,"bundle_virtual":false,"bundle_layout":"","bundle_add_to_cart_form_location":"","bundle_editable_in_cart":false,"bundle_sold_individually_context":"","bundle_item_grouping":"","bundle_min_size":"","bundle_max_size":"","bundle_price":[],"bundled_items":[],"bundle_sell_ids":[],"acf":[],"yoast_head":"<!-- This site is optimized with the Yoast SEO plugin v26.6 - https:\/\/yoast.com\/wordpress\/plugins\/seo\/ -->\n<title>Derma roller za nego in urejen videz brade - Active Luxe Cosmetics<\/title>\n<meta name=\"description\" content=\"Mehansko stimulira ko\u017eo in pripravi povr\u0161ino za nadaljnjo nego. Omogo\u010da enakomeren nanos izdelkov in je del u\u010dinkovite rutine nege brade.\" \/>\n<meta name=\"robots\" content=\"index, follow, max-snippet:-1, max-image-preview:large, max-video-preview:-1\" \/>\n<link rel=\"canonical\" href=\"https:\/\/activeluxe-cosmetics.com\/sl\/izdelek\/derma-roller-za-nego-in-urejen-videz-brade\/\" \/>\n<meta property=\"og:locale\" content=\"sl_SI\" \/>\n<meta property=\"og:type\" content=\"article\" \/>\n<meta property=\"og:title\" content=\"Derma roller za nego in urejen videz brade - Active Luxe Cosmetics\" \/>\n<meta property=\"og:description\" content=\"Mehansko stimulira ko\u017eo in pripravi povr\u0161ino za nadaljnjo nego. Omogo\u010da enakomeren nanos izdelkov in je del u\u010dinkovite rutine nege brade.\" \/>\n<meta property=\"og:url\" content=\"https:\/\/activeluxe-cosmetics.com\/sl\/izdelek\/derma-roller-za-nego-in-urejen-videz-brade\/\" \/>\n<meta property=\"og:site_name\" content=\"Active Luxe Cosmetics\" \/>\n<meta property=\"article:modified_time\" content=\"2026-02-02T08:21:33+00:00\" \/>\n<meta property=\"og:image\" content=\"https:\/\/cdn.activeluxe-cosmetics.com\/sl\/wp-content\/uploads\/2024\/01\/28145747\/Derma_roller.jpg\" \/>\n\t<meta property=\"og:image:width\" content=\"783\" \/>\n\t<meta property=\"og:image:height\" content=\"995\" \/>\n\t<meta property=\"og:image:type\" content=\"image\/jpeg\" \/>\n<meta name=\"twitter:card\" content=\"summary_large_image\" \/>\n<meta name=\"twitter:label1\" content=\"Est. reading time\" \/>\n\t<meta name=\"twitter:data1\" content=\"4 minute\" \/>\n<script type=\"application\/ld+json\" class=\"yoast-schema-graph\">{\"@context\":\"https:\/\/schema.org\",\"@graph\":[{\"@type\":\"WebPage\",\"@id\":\"https:\/\/activeluxe-cosmetics.com\/sl\/izdelek\/derma-roller-za-nego-in-urejen-videz-brade\/\",\"url\":\"https:\/\/activeluxe-cosmetics.com\/sl\/izdelek\/derma-roller-za-nego-in-urejen-videz-brade\/\",\"name\":\"Derma roller za nego in urejen videz brade - Active Luxe Cosmetics\",\"isPartOf\":{\"@id\":\"https:\/\/activeluxe-cosmetics.com\/sl\/#website\"},\"primaryImageOfPage\":{\"@id\":\"https:\/\/activeluxe-cosmetics.com\/sl\/izdelek\/derma-roller-za-nego-in-urejen-videz-brade\/#primaryimage\"},\"image\":{\"@id\":\"https:\/\/activeluxe-cosmetics.com\/sl\/izdelek\/derma-roller-za-nego-in-urejen-videz-brade\/#primaryimage\"},\"thumbnailUrl\":\"https:\/\/cdn.activeluxe-cosmetics.com\/sl\/wp-content\/uploads\/2024\/01\/28145747\/Derma_roller.jpg\",\"datePublished\":\"2024-02-28T14:58:45+00:00\",\"dateModified\":\"2026-02-02T08:21:33+00:00\",\"description\":\"Mehansko stimulira ko\u017eo in pripravi povr\u0161ino za nadaljnjo nego. Omogo\u010da enakomeren nanos izdelkov in je del u\u010dinkovite rutine nege brade.\",\"breadcrumb\":{\"@id\":\"https:\/\/activeluxe-cosmetics.com\/sl\/izdelek\/derma-roller-za-nego-in-urejen-videz-brade\/#breadcrumb\"},\"inLanguage\":\"sl-SI\",\"potentialAction\":[{\"@type\":\"ReadAction\",\"target\":[\"https:\/\/activeluxe-cosmetics.com\/sl\/izdelek\/derma-roller-za-nego-in-urejen-videz-brade\/\"]}]},{\"@type\":\"ImageObject\",\"inLanguage\":\"sl-SI\",\"@id\":\"https:\/\/activeluxe-cosmetics.com\/sl\/izdelek\/derma-roller-za-nego-in-urejen-videz-brade\/#primaryimage\",\"url\":\"https:\/\/cdn.activeluxe-cosmetics.com\/sl\/wp-content\/uploads\/2024\/01\/28145747\/Derma_roller.jpg\",\"contentUrl\":\"https:\/\/cdn.activeluxe-cosmetics.com\/sl\/wp-content\/uploads\/2024\/01\/28145747\/Derma_roller.jpg\",\"width\":783,\"height\":995},{\"@type\":\"BreadcrumbList\",\"@id\":\"https:\/\/activeluxe-cosmetics.com\/sl\/izdelek\/derma-roller-za-nego-in-urejen-videz-brade\/#breadcrumb\",\"itemListElement\":[{\"@type\":\"ListItem\",\"position\":1,\"name\":\"Naslovnica\",\"item\":\"https:\/\/activeluxe-cosmetics.com\/sl\/\"},{\"@type\":\"ListItem\",\"position\":2,\"name\":\"Trgovina\",\"item\":\"https:\/\/activeluxe-cosmetics.com\/sl\/trgovina\/\"},{\"@type\":\"ListItem\",\"position\":3,\"name\":\"Derma roller za nego in urejen videz brade\"}]},{\"@type\":\"WebSite\",\"@id\":\"https:\/\/activeluxe-cosmetics.com\/sl\/#website\",\"url\":\"https:\/\/activeluxe-cosmetics.com\/sl\/\",\"name\":\"Active Luxe Cosmetics\",\"description\":\"\",\"potentialAction\":[{\"@type\":\"SearchAction\",\"target\":{\"@type\":\"EntryPoint\",\"urlTemplate\":\"https:\/\/activeluxe-cosmetics.com\/sl\/?s={search_term_string}\"},\"query-input\":{\"@type\":\"PropertyValueSpecification\",\"valueRequired\":true,\"valueName\":\"search_term_string\"}}],\"inLanguage\":\"sl-SI\"}]}<\/script>\n<!-- \/ Yoast SEO plugin. -->","yoast_head_json":{"title":"Derma roller za nego in urejen videz brade - Active Luxe Cosmetics","description":"Mehansko stimulira ko\u017eo in pripravi povr\u0161ino za nadaljnjo nego. Omogo\u010da enakomeren nanos izdelkov in je del u\u010dinkovite rutine nege brade.","robots":{"index":"index","follow":"follow","max-snippet":"max-snippet:-1","max-image-preview":"max-image-preview:large","max-video-preview":"max-video-preview:-1"},"canonical":"https:\/\/activeluxe-cosmetics.com\/sl\/izdelek\/derma-roller-za-nego-in-urejen-videz-brade\/","og_locale":"sl_SI","og_type":"article","og_title":"Derma roller za nego in urejen videz brade - Active Luxe Cosmetics","og_description":"Mehansko stimulira ko\u017eo in pripravi povr\u0161ino za nadaljnjo nego. Omogo\u010da enakomeren nanos izdelkov in je del u\u010dinkovite rutine nege brade.","og_url":"https:\/\/activeluxe-cosmetics.com\/sl\/izdelek\/derma-roller-za-nego-in-urejen-videz-brade\/","og_site_name":"Active Luxe Cosmetics","article_modified_time":"2026-02-02T08:21:33+00:00","og_image":[{"width":783,"height":995,"url":"https:\/\/cdn.activeluxe-cosmetics.com\/sl\/wp-content\/uploads\/2024\/01\/28145747\/Derma_roller.jpg","type":"image\/jpeg"}],"twitter_card":"summary_large_image","twitter_misc":{"Est. reading time":"4 minute"},"schema":{"@context":"https:\/\/schema.org","@graph":[{"@type":"WebPage","@id":"https:\/\/activeluxe-cosmetics.com\/sl\/izdelek\/derma-roller-za-nego-in-urejen-videz-brade\/","url":"https:\/\/activeluxe-cosmetics.com\/sl\/izdelek\/derma-roller-za-nego-in-urejen-videz-brade\/","name":"Derma roller za nego in urejen videz brade - Active Luxe Cosmetics","isPartOf":{"@id":"https:\/\/activeluxe-cosmetics.com\/sl\/#website"},"primaryImageOfPage":{"@id":"https:\/\/activeluxe-cosmetics.com\/sl\/izdelek\/derma-roller-za-nego-in-urejen-videz-brade\/#primaryimage"},"image":{"@id":"https:\/\/activeluxe-cosmetics.com\/sl\/izdelek\/derma-roller-za-nego-in-urejen-videz-brade\/#primaryimage"},"thumbnailUrl":"https:\/\/cdn.activeluxe-cosmetics.com\/sl\/wp-content\/uploads\/2024\/01\/28145747\/Derma_roller.jpg","datePublished":"2024-02-28T14:58:45+00:00","dateModified":"2026-02-02T08:21:33+00:00","description":"Mehansko stimulira ko\u017eo in pripravi povr\u0161ino za nadaljnjo nego. Omogo\u010da enakomeren nanos izdelkov in je del u\u010dinkovite rutine nege brade.","breadcrumb":{"@id":"https:\/\/activeluxe-cosmetics.com\/sl\/izdelek\/derma-roller-za-nego-in-urejen-videz-brade\/#breadcrumb"},"inLanguage":"sl-SI","potentialAction":[{"@type":"ReadAction","target":["https:\/\/activeluxe-cosmetics.com\/sl\/izdelek\/derma-roller-za-nego-in-urejen-videz-brade\/"]}]},{"@type":"ImageObject","inLanguage":"sl-SI","@id":"https:\/\/activeluxe-cosmetics.com\/sl\/izdelek\/derma-roller-za-nego-in-urejen-videz-brade\/#primaryimage","url":"https:\/\/cdn.activeluxe-cosmetics.com\/sl\/wp-content\/uploads\/2024\/01\/28145747\/Derma_roller.jpg","contentUrl":"https:\/\/cdn.activeluxe-cosmetics.com\/sl\/wp-content\/uploads\/2024\/01\/28145747\/Derma_roller.jpg","width":783,"height":995},{"@type":"BreadcrumbList","@id":"https:\/\/activeluxe-cosmetics.com\/sl\/izdelek\/derma-roller-za-nego-in-urejen-videz-brade\/#breadcrumb","itemListElement":[{"@type":"ListItem","position":1,"name":"Naslovnica","item":"https:\/\/activeluxe-cosmetics.com\/sl\/"},{"@type":"ListItem","position":2,"name":"Trgovina","item":"https:\/\/activeluxe-cosmetics.com\/sl\/trgovina\/"},{"@type":"ListItem","position":3,"name":"Derma roller za nego in urejen videz brade"}]},{"@type":"WebSite","@id":"https:\/\/activeluxe-cosmetics.com\/sl\/#website","url":"https:\/\/activeluxe-cosmetics.com\/sl\/","name":"Active Luxe Cosmetics","description":"","potentialAction":[{"@type":"SearchAction","target":{"@type":"EntryPoint","urlTemplate":"https:\/\/activeluxe-cosmetics.com\/sl\/?s={search_term_string}"},"query-input":{"@type":"PropertyValueSpecification","valueRequired":true,"valueName":"search_term_string"}}],"inLanguage":"sl-SI"}]}},"_links":{"self":[{"href":"https:\/\/activeluxe-cosmetics.com\/sl\/wp-json\/wp\/v2\/product\/82327","targetHints":{"allow":["GET"]}}],"collection":[{"href":"https:\/\/activeluxe-cosmetics.com\/sl\/wp-json\/wp\/v2\/product"}],"about":[{"href":"https:\/\/activeluxe-cosmetics.com\/sl\/wp-json\/wp\/v2\/types\/product"}],"replies":[{"embeddable":true,"href":"https:\/\/activeluxe-cosmetics.com\/sl\/wp-json\/wp\/v2\/comments?post=82327"}],"wp:featuredmedia":[{"embeddable":true,"href":"https:\/\/activeluxe-cosmetics.com\/sl\/wp-json\/wp\/v2\/media\/81399"}],"wp:attachment":[{"href":"https:\/\/activeluxe-cosmetics.com\/sl\/wp-json\/wp\/v2\/media?parent=82327"}],"wp:term":[{"taxonomy":"product_brand","embeddable":true,"href":"https:\/\/activeluxe-cosmetics.com\/sl\/wp-json\/wp\/v2\/product_brand?post=82327"},{"taxonomy":"product_cat","embeddable":true,"href":"https:\/\/activeluxe-cosmetics.com\/sl\/wp-json\/wp\/v2\/product_cat?post=82327"},{"taxonomy":"product_tag","embeddable":true,"href":"https:\/\/activeluxe-cosmetics.com\/sl\/wp-json\/wp\/v2\/product_tag?post=82327"}],"curies":[{"name":"wp","href":"https:\/\/api.w.org\/{rel}","templated":true}]}}