{"id":81760,"date":"2024-02-07T11:48:27","date_gmt":"2024-02-07T11:48:27","guid":{"rendered":"https:\/\/activeluxe-cosmetics.com\/sl\/?post_type=product&#038;p=81760"},"modified":"2026-04-15T11:51:22","modified_gmt":"2026-04-15T09:51:22","slug":"serum-za-rast-trepalnic-40-dnevni-tretma","status":"publish","type":"product","link":"https:\/\/activeluxe-cosmetics.com\/sl\/izdelek\/serum-za-rast-trepalnic-40-dnevni-tretma\/","title":{"rendered":"Serum za rast trepalnic, 40 dnevni tretma (1 ml)"},"content":{"rendered":"<p><img loading=\"lazy\" decoding=\"async\" class=\" wp-image-98337 alignright\" src=\"https:\/\/cdn.activeluxe-cosmetics.com\/sl\/wp-content\/uploads\/2025\/05\/14123651\/serum-za-rast-trepalnic-katarina-460x575.png\" alt=\"\" width=\"387\" height=\"484\" srcset=\"https:\/\/cdn.activeluxe-cosmetics.com\/sl\/wp-content\/uploads\/2025\/05\/14123651\/serum-za-rast-trepalnic-katarina-460x575.png 460w, https:\/\/cdn.activeluxe-cosmetics.com\/sl\/wp-content\/uploads\/2025\/05\/14123651\/serum-za-rast-trepalnic-katarina-819x1024.png 819w, https:\/\/cdn.activeluxe-cosmetics.com\/sl\/wp-content\/uploads\/2025\/05\/14123651\/serum-za-rast-trepalnic-katarina-768x960.png 768w, https:\/\/cdn.activeluxe-cosmetics.com\/sl\/wp-content\/uploads\/2025\/05\/14123651\/serum-za-rast-trepalnic-katarina-600x750.png 600w, https:\/\/cdn.activeluxe-cosmetics.com\/sl\/wp-content\/uploads\/2025\/05\/14123651\/serum-za-rast-trepalnic-katarina.png 1080w\" sizes=\"auto, (max-width: 387px) 100vw, 387px\" \/><\/p>\n<h2><strong>Serum za tako dolge trepalnice<\/strong> kamor se\u017ee pogled<\/h2>\n<p>Za Active Lash serumom za rast trepalnic stojimo \u017eenske, ki vemo, kaj \u017eelimo od izdelka, ki ga vsak dan nana\u0161amo blizu o\u010di. Prav zato je formula zasnovana <strong>premi\u0161ljeno<\/strong> in <strong>odgovorno &#8211;<\/strong>vsebuje le <strong>skrbno izbrane<\/strong>, <strong>preverjene<\/strong> ter varne sestavine, ki so dokazano u\u010dinkovite in hkrati ne\u017ene do naravnih trepalnic.<\/p>\n<p>Ve\u010d kot<strong> 400.000 zadovoljnih uporabnic<\/strong> potrjuje osupljive rezultate <strong>\u017ee po 2 tednih<\/strong> uporabe seruma. Trepalnice postanejo dalj\u0161e, gostej\u0161e, temnej\u0161e in bolj privihane. Tvoj pogled bo postal \u0161e bolj prodoren in zapeljiv.<\/p>\n<ul>\n<li><strong>Do 50 % dalj\u0161e<\/strong> in gostej\u0161e trepalnice v 14 dneh<\/li>\n<li><strong>Do 100 % dalj\u0161e<\/strong> in gostej\u0161e trepalnice po zaklju\u010denem tretmaju<\/li>\n<li><span data-sheets-root=\"1\" data-sheets-value=\"{&quot;1&quot;:2,&quot;2&quot;:&quot;Do 100 % temnej\u0161e trepalnice&quot;}\" data-sheets-userformat=\"{&quot;2&quot;:14979,&quot;3&quot;:{&quot;1&quot;:0},&quot;4&quot;:{&quot;1&quot;:2,&quot;2&quot;:16777215},&quot;10&quot;:0,&quot;12&quot;:0,&quot;14&quot;:{&quot;1&quot;:2,&quot;2&quot;:0},&quot;15&quot;:&quot;Arial, sans-serif&quot;,&quot;16&quot;:10}\" data-sheets-textstyleruns=\"{&quot;1&quot;:0,&quot;2&quot;:{&quot;2&quot;:{&quot;1&quot;:2,&quot;2&quot;:10027263}}}\uee10{&quot;1&quot;:1}\"><strong>Do 100 % temnej\u0161e<\/strong> trepalnice<\/span><\/li>\n<li><span data-sheets-root=\"1\" data-sheets-value=\"{&quot;1&quot;:2,&quot;2&quot;:&quot;Do 73 % bolj privihane trepalnice&quot;}\" data-sheets-userformat=\"{&quot;2&quot;:897,&quot;3&quot;:{&quot;1&quot;:0},&quot;10&quot;:0,&quot;11&quot;:4,&quot;12&quot;:0}\" data-sheets-textstyleruns=\"{&quot;1&quot;:0,&quot;2&quot;:{&quot;2&quot;:{&quot;1&quot;:2,&quot;2&quot;:10027263}}}\uee10{&quot;1&quot;:1}\"><strong>Do 73 % bolj privihane<\/strong> trepalnice<\/span><\/li>\n<\/ul>\n<p>&nbsp;<\/p>\n<p><a href=\"https:\/\/cdn.activeluxe-cosmetics.com\/sl\/wp-content\/uploads\/2025\/06\/14203107\/merilnik_za_trepalnice_active_luxe.pdf\"><strong>Prenesi svoj merilnik za trepalnice!<\/strong><\/a><\/p>\n<p>Z njim lahko preprosto spremlja\u0161 dol\u017eino svojih trepalnic pred in po uporabi seruma. Natisni si ga, prisloni ob oko in zabele\u017ei napredek \u2013 ker vsak milimeter \u0161teje!<\/p>\n<p>&nbsp;<\/p>\n<p>&nbsp;<\/p>\n<p>&nbsp;<\/p>\n<p>&nbsp;<\/p>\n<h2><img loading=\"lazy\" decoding=\"async\" class=\" wp-image-98341 alignleft\" src=\"https:\/\/cdn.activeluxe-cosmetics.com\/sl\/wp-content\/uploads\/2025\/05\/14124827\/active_luxe_serum_prej_potem-460x575.png\" alt=\"\" width=\"375\" height=\"469\" srcset=\"https:\/\/cdn.activeluxe-cosmetics.com\/sl\/wp-content\/uploads\/2025\/05\/14124827\/active_luxe_serum_prej_potem-460x575.png 460w, https:\/\/cdn.activeluxe-cosmetics.com\/sl\/wp-content\/uploads\/2025\/05\/14124827\/active_luxe_serum_prej_potem-819x1024.png 819w, https:\/\/cdn.activeluxe-cosmetics.com\/sl\/wp-content\/uploads\/2025\/05\/14124827\/active_luxe_serum_prej_potem-768x960.png 768w, https:\/\/cdn.activeluxe-cosmetics.com\/sl\/wp-content\/uploads\/2025\/05\/14124827\/active_luxe_serum_prej_potem-600x750.png 600w, https:\/\/cdn.activeluxe-cosmetics.com\/sl\/wp-content\/uploads\/2025\/05\/14124827\/active_luxe_serum_prej_potem.png 1080w\" sizes=\"auto, (max-width: 375px) 100vw, 375px\" \/><strong>Zakaj je Active Luxe Lash serum<\/strong> za rast trepalnic tako u\u010dinkovit?<\/h2>\n<p>\u200bStrokovnjaki s podro\u010dja kemije in farmacije so v na\u0161em laboratoriju razvili<strong>\u00a0edinstveno formulo<\/strong>\u00a0z u\u010dinkovino, ki deluje\u00a0<strong>neposredno na dla\u010dni me\u0161i\u010dek trepalnice<\/strong>\u00a0in\u00a0<strong>podalj\u0161uje njeno fazo rasti<\/strong>.<\/p>\n<p>Serum \u017ee po 2 tednih od za\u010detka uporabe spodbudi\u00a0<strong>vidno rast<\/strong>\u00a0tudi najtanj\u0161ih in redkih trepalnic ter prepre\u010di njihovo izpadanje.\u00a0Maksimalno dol\u017eino trepalnice dose\u017eejo\u00a0<strong>po mesecu dni redne uporabe<\/strong>\u00a0(nanos 1x dnevno).<\/p>\n<p>Active Lash serum je\u00a0<strong>klini\u010dno testiran<\/strong>, zato je primeren tudi za najbolj ob\u010dutljive o\u010di. Izdelek je veganski, popolnoma varen in ne povzro\u010da dra\u017eenja o\u010di. Klini\u010dne raziskave potrjuje neodvisni\u00a0<strong>slovenski oftalmolog<\/strong>,\u00a0<strong>dr. Beltram<\/strong>, ki je potrdil, da je serum za rast trepalnic 100% u\u010dinkovit in varen tudi za ob\u010dutljive o\u010di.<\/p>\n<p>Je\u00a0<strong>edini originalni slovenski serum za rast trepalnic<\/strong>\u00a0na na\u0161em trgu, zato je zajam\u010deno narejen iz preverjenih in varnih sestavin.<\/p>\n<h3 style=\"clear: both;\"><\/h3>\n<p><img loading=\"lazy\" decoding=\"async\" class=\" wp-image-98343 alignright\" src=\"https:\/\/cdn.activeluxe-cosmetics.com\/sl\/wp-content\/uploads\/2024\/01\/14125217\/serum_za_rast_trepalnic-tjasa-460x575.png\" alt=\"\" width=\"416\" height=\"520\" srcset=\"https:\/\/cdn.activeluxe-cosmetics.com\/sl\/wp-content\/uploads\/2024\/01\/14125217\/serum_za_rast_trepalnic-tjasa-460x575.png 460w, https:\/\/cdn.activeluxe-cosmetics.com\/sl\/wp-content\/uploads\/2024\/01\/14125217\/serum_za_rast_trepalnic-tjasa-819x1024.png 819w, https:\/\/cdn.activeluxe-cosmetics.com\/sl\/wp-content\/uploads\/2024\/01\/14125217\/serum_za_rast_trepalnic-tjasa-768x960.png 768w, https:\/\/cdn.activeluxe-cosmetics.com\/sl\/wp-content\/uploads\/2024\/01\/14125217\/serum_za_rast_trepalnic-tjasa-600x750.png 600w, https:\/\/cdn.activeluxe-cosmetics.com\/sl\/wp-content\/uploads\/2024\/01\/14125217\/serum_za_rast_trepalnic-tjasa.png 1080w\" sizes=\"auto, (max-width: 416px) 100vw, 416px\" \/><\/p>\n<h2><strong>Prepre\u010di izpadanje<\/strong> svojih trepalnic!<\/h2>\n<p>Vsaka trepalnica na veki ima svoj naravni \u017eivljenjski cikel, ki odlo\u010da o dol\u017eini in gostoti trepalnic. Sestavljen je iz 3 faz:\u00a0<strong>anagene, katagene in telogene faze.<\/strong><\/p>\n<ul>\n<li><strong>Anagena faza ali faza rasti<\/strong> je najpomembnej\u0161i del ciklusa, saj v njej trepalnica raste, folikel izlo\u010da melanin, trepalnica je mo\u010dna in \u010dvrsta. Pri trepalnicah ta faza traja 2-5 mesecev (v nasprotju z lasmi, kjer traja 2-5 let).<\/li>\n<li><strong>Katagena faza ali faza mirovanja<\/strong> ozna\u010duje konec rasti trepalnic.Dla\u010dni me\u0161i\u010dek za\u010dne propadati, z njim pa tudi trepalnica. Faza mirovanja je zelo kratka in traja pribli\u017eno 2 tedna.<\/li>\n<li><strong>Telogena faza ali faza izpadanja<\/strong> predstavlja \u010das, v katerem trepalnice izpadajo. Ta faza traja od 4 do 9 mesecev. Ve\u010d kot polovica trepalnic je v danem trenutku v tej fazi.<\/li>\n<\/ul>\n<p>Active Luxe Lash deluje na trepalnice <strong>v fazi rasti<\/strong>. Okrepi dla\u010dne me\u0161i\u010dke ter podalj\u0161a fazo rasti. Trepalnice zato zrastejo mo\u010dnej\u0161e in dalj\u0161e.<\/p>\n<p>&nbsp;<\/p>\n<h4 style=\"clear: both; max-width: 820px;\">\u201cPotrdili smo nedvomen in jasen u\u010dinek kozmeti\u010dnega izdelka Active Luxe Lash na rast trepalnic. Razlika v pove\u010danju dol\u017eine trepalnic je statisti\u010dno zna\u010dilna \u017ee od 2. tedna uporabe seruma. Najve\u010djo rast smo dosegli pri eni od udele\u017eenk &#8211; v 2 tednih se je dol\u017eina njenih trepalnic pove\u010dala za kar 50 % in po 13 tednih kar za 100 %.&#8221;<\/h4>\n<div style=\"display: flex; align-items: center; gap: 20px; flex-wrap: wrap;\">\n<p><img loading=\"lazy\" decoding=\"async\" class=\"size-full wp-image-72610\" src=\"https:\/\/cdn.activeluxe-cosmetics.com\/sl\/wp-content\/uploads\/2024\/01\/28150043\/Mask-group-1.png\" alt=\"\" width=\"83\" height=\"83\" \/><\/p>\n<p style=\"max-width: 360px;\">Tako je v svoji neodvisni \u0161tudiji povedal slovenski oftalmolog dr. Beltram, ki dokazuje u\u010dinkovitost seruma.<\/p>\n<\/div>\n","protected":false},"excerpt":{"rendered":"<p><strong>Za dalj\u0161e naravne trepalnice v nekaj tednih. Za 40 dni uporabe.<\/strong><\/p>\n","protected":false},"featured_media":112546,"comment_status":"open","ping_status":"closed","template":"","meta":[],"product_brand":[],"product_cat":[48,76],"product_tag":[],"class_list":{"0":"post-81760","1":"product","2":"type-product","3":"status-publish","4":"has-post-thumbnail","6":"product_cat-izdelki-za-nego-trepalnic","7":"product_cat-serumi","9":"first","10":"instock","11":"featured","12":"taxable","13":"shipping-taxable","14":"purchasable","15":"product-type-simple"},"bundled_by":[],"bundle_stock_status":"instock","bundle_stock_quantity":null,"bundle_virtual":false,"bundle_layout":"","bundle_add_to_cart_form_location":"","bundle_editable_in_cart":false,"bundle_sold_individually_context":"","bundle_item_grouping":"","bundle_min_size":"","bundle_max_size":"","bundle_price":[],"bundled_items":[],"bundle_sell_ids":[],"acf":[],"yoast_head":"<!-- This site is optimized with the Yoast SEO plugin v26.6 - https:\/\/yoast.com\/wordpress\/plugins\/seo\/ -->\n<title>Serum za rast trepalnic, za 40 dni - Active Luxe Cosmetics<\/title>\n<meta name=\"description\" content=\"Active Luxe Lash serum za rast trepalnic navdu\u0161uje \u017ee ve\u010d kot 400.000 uporabnic v Sloveniji.\ud83d\udc97 Podalj\u0161ane naravne trepalnice \u017ee v 2 tednih.\" \/>\n<meta name=\"robots\" content=\"index, follow, max-snippet:-1, max-image-preview:large, max-video-preview:-1\" \/>\n<link rel=\"canonical\" href=\"https:\/\/activeluxe-cosmetics.com\/sl\/izdelek\/serum-za-rast-trepalnic-40-dnevni-tretma\/\" \/>\n<meta property=\"og:locale\" content=\"sl_SI\" \/>\n<meta property=\"og:type\" content=\"article\" \/>\n<meta property=\"og:title\" content=\"Serum za rast trepalnic, za 40 dni - Active Luxe Cosmetics\" \/>\n<meta property=\"og:description\" content=\"Active Luxe Lash serum za rast trepalnic navdu\u0161uje \u017ee ve\u010d kot 400.000 uporabnic v Sloveniji.\ud83d\udc97 Podalj\u0161ane naravne trepalnice \u017ee v 2 tednih.\" \/>\n<meta property=\"og:url\" content=\"https:\/\/activeluxe-cosmetics.com\/sl\/izdelek\/serum-za-rast-trepalnic-40-dnevni-tretma\/\" \/>\n<meta property=\"og:site_name\" content=\"Active Luxe Cosmetics\" \/>\n<meta property=\"article:modified_time\" content=\"2026-04-15T09:51:22+00:00\" \/>\n<meta property=\"og:image\" content=\"https:\/\/cdn.activeluxe-cosmetics.com\/sl\/wp-content\/uploads\/2024\/01\/15114649\/ELLE_nominacija_Serum_za_rast_trepalnic.jpg\" \/>\n\t<meta property=\"og:image:width\" content=\"1104\" \/>\n\t<meta property=\"og:image:height\" content=\"1326\" \/>\n\t<meta property=\"og:image:type\" content=\"image\/jpeg\" \/>\n<meta name=\"twitter:card\" content=\"summary_large_image\" \/>\n<meta name=\"twitter:label1\" content=\"Est. reading time\" \/>\n\t<meta name=\"twitter:data1\" content=\"4 minute\" \/>\n<script type=\"application\/ld+json\" class=\"yoast-schema-graph\">{\"@context\":\"https:\/\/schema.org\",\"@graph\":[{\"@type\":\"WebPage\",\"@id\":\"https:\/\/activeluxe-cosmetics.com\/sl\/izdelek\/serum-za-rast-trepalnic-40-dnevni-tretma\/\",\"url\":\"https:\/\/activeluxe-cosmetics.com\/sl\/izdelek\/serum-za-rast-trepalnic-40-dnevni-tretma\/\",\"name\":\"Serum za rast trepalnic, za 40 dni - Active Luxe Cosmetics\",\"isPartOf\":{\"@id\":\"https:\/\/activeluxe-cosmetics.com\/sl\/#website\"},\"primaryImageOfPage\":{\"@id\":\"https:\/\/activeluxe-cosmetics.com\/sl\/izdelek\/serum-za-rast-trepalnic-40-dnevni-tretma\/#primaryimage\"},\"image\":{\"@id\":\"https:\/\/activeluxe-cosmetics.com\/sl\/izdelek\/serum-za-rast-trepalnic-40-dnevni-tretma\/#primaryimage\"},\"thumbnailUrl\":\"https:\/\/cdn.activeluxe-cosmetics.com\/sl\/wp-content\/uploads\/2024\/01\/15114649\/ELLE_nominacija_Serum_za_rast_trepalnic.jpg\",\"datePublished\":\"2024-02-07T11:48:27+00:00\",\"dateModified\":\"2026-04-15T09:51:22+00:00\",\"description\":\"Active Luxe Lash serum za rast trepalnic navdu\u0161uje \u017ee ve\u010d kot 400.000 uporabnic v Sloveniji.\ud83d\udc97 Podalj\u0161ane naravne trepalnice \u017ee v 2 tednih.\",\"breadcrumb\":{\"@id\":\"https:\/\/activeluxe-cosmetics.com\/sl\/izdelek\/serum-za-rast-trepalnic-40-dnevni-tretma\/#breadcrumb\"},\"inLanguage\":\"sl-SI\",\"potentialAction\":[{\"@type\":\"ReadAction\",\"target\":[\"https:\/\/activeluxe-cosmetics.com\/sl\/izdelek\/serum-za-rast-trepalnic-40-dnevni-tretma\/\"]}]},{\"@type\":\"ImageObject\",\"inLanguage\":\"sl-SI\",\"@id\":\"https:\/\/activeluxe-cosmetics.com\/sl\/izdelek\/serum-za-rast-trepalnic-40-dnevni-tretma\/#primaryimage\",\"url\":\"https:\/\/cdn.activeluxe-cosmetics.com\/sl\/wp-content\/uploads\/2024\/01\/15114649\/ELLE_nominacija_Serum_za_rast_trepalnic.jpg\",\"contentUrl\":\"https:\/\/cdn.activeluxe-cosmetics.com\/sl\/wp-content\/uploads\/2024\/01\/15114649\/ELLE_nominacija_Serum_za_rast_trepalnic.jpg\",\"width\":1104,\"height\":1326},{\"@type\":\"BreadcrumbList\",\"@id\":\"https:\/\/activeluxe-cosmetics.com\/sl\/izdelek\/serum-za-rast-trepalnic-40-dnevni-tretma\/#breadcrumb\",\"itemListElement\":[{\"@type\":\"ListItem\",\"position\":1,\"name\":\"Naslovnica\",\"item\":\"https:\/\/activeluxe-cosmetics.com\/sl\/\"},{\"@type\":\"ListItem\",\"position\":2,\"name\":\"Trgovina\",\"item\":\"https:\/\/activeluxe-cosmetics.com\/sl\/trgovina\/\"},{\"@type\":\"ListItem\",\"position\":3,\"name\":\"Serum za rast trepalnic, 40 dnevni tretma (1 ml)\"}]},{\"@type\":\"WebSite\",\"@id\":\"https:\/\/activeluxe-cosmetics.com\/sl\/#website\",\"url\":\"https:\/\/activeluxe-cosmetics.com\/sl\/\",\"name\":\"Active Luxe Cosmetics\",\"description\":\"\",\"potentialAction\":[{\"@type\":\"SearchAction\",\"target\":{\"@type\":\"EntryPoint\",\"urlTemplate\":\"https:\/\/activeluxe-cosmetics.com\/sl\/?s={search_term_string}\"},\"query-input\":{\"@type\":\"PropertyValueSpecification\",\"valueRequired\":true,\"valueName\":\"search_term_string\"}}],\"inLanguage\":\"sl-SI\"}]}<\/script>\n<!-- \/ Yoast SEO plugin. -->","yoast_head_json":{"title":"Serum za rast trepalnic, za 40 dni - Active Luxe Cosmetics","description":"Active Luxe Lash serum za rast trepalnic navdu\u0161uje \u017ee ve\u010d kot 400.000 uporabnic v Sloveniji.\ud83d\udc97 Podalj\u0161ane naravne trepalnice \u017ee v 2 tednih.","robots":{"index":"index","follow":"follow","max-snippet":"max-snippet:-1","max-image-preview":"max-image-preview:large","max-video-preview":"max-video-preview:-1"},"canonical":"https:\/\/activeluxe-cosmetics.com\/sl\/izdelek\/serum-za-rast-trepalnic-40-dnevni-tretma\/","og_locale":"sl_SI","og_type":"article","og_title":"Serum za rast trepalnic, za 40 dni - Active Luxe Cosmetics","og_description":"Active Luxe Lash serum za rast trepalnic navdu\u0161uje \u017ee ve\u010d kot 400.000 uporabnic v Sloveniji.\ud83d\udc97 Podalj\u0161ane naravne trepalnice \u017ee v 2 tednih.","og_url":"https:\/\/activeluxe-cosmetics.com\/sl\/izdelek\/serum-za-rast-trepalnic-40-dnevni-tretma\/","og_site_name":"Active Luxe Cosmetics","article_modified_time":"2026-04-15T09:51:22+00:00","og_image":[{"width":1104,"height":1326,"url":"https:\/\/cdn.activeluxe-cosmetics.com\/sl\/wp-content\/uploads\/2024\/01\/15114649\/ELLE_nominacija_Serum_za_rast_trepalnic.jpg","type":"image\/jpeg"}],"twitter_card":"summary_large_image","twitter_misc":{"Est. reading time":"4 minute"},"schema":{"@context":"https:\/\/schema.org","@graph":[{"@type":"WebPage","@id":"https:\/\/activeluxe-cosmetics.com\/sl\/izdelek\/serum-za-rast-trepalnic-40-dnevni-tretma\/","url":"https:\/\/activeluxe-cosmetics.com\/sl\/izdelek\/serum-za-rast-trepalnic-40-dnevni-tretma\/","name":"Serum za rast trepalnic, za 40 dni - Active Luxe Cosmetics","isPartOf":{"@id":"https:\/\/activeluxe-cosmetics.com\/sl\/#website"},"primaryImageOfPage":{"@id":"https:\/\/activeluxe-cosmetics.com\/sl\/izdelek\/serum-za-rast-trepalnic-40-dnevni-tretma\/#primaryimage"},"image":{"@id":"https:\/\/activeluxe-cosmetics.com\/sl\/izdelek\/serum-za-rast-trepalnic-40-dnevni-tretma\/#primaryimage"},"thumbnailUrl":"https:\/\/cdn.activeluxe-cosmetics.com\/sl\/wp-content\/uploads\/2024\/01\/15114649\/ELLE_nominacija_Serum_za_rast_trepalnic.jpg","datePublished":"2024-02-07T11:48:27+00:00","dateModified":"2026-04-15T09:51:22+00:00","description":"Active Luxe Lash serum za rast trepalnic navdu\u0161uje \u017ee ve\u010d kot 400.000 uporabnic v Sloveniji.\ud83d\udc97 Podalj\u0161ane naravne trepalnice \u017ee v 2 tednih.","breadcrumb":{"@id":"https:\/\/activeluxe-cosmetics.com\/sl\/izdelek\/serum-za-rast-trepalnic-40-dnevni-tretma\/#breadcrumb"},"inLanguage":"sl-SI","potentialAction":[{"@type":"ReadAction","target":["https:\/\/activeluxe-cosmetics.com\/sl\/izdelek\/serum-za-rast-trepalnic-40-dnevni-tretma\/"]}]},{"@type":"ImageObject","inLanguage":"sl-SI","@id":"https:\/\/activeluxe-cosmetics.com\/sl\/izdelek\/serum-za-rast-trepalnic-40-dnevni-tretma\/#primaryimage","url":"https:\/\/cdn.activeluxe-cosmetics.com\/sl\/wp-content\/uploads\/2024\/01\/15114649\/ELLE_nominacija_Serum_za_rast_trepalnic.jpg","contentUrl":"https:\/\/cdn.activeluxe-cosmetics.com\/sl\/wp-content\/uploads\/2024\/01\/15114649\/ELLE_nominacija_Serum_za_rast_trepalnic.jpg","width":1104,"height":1326},{"@type":"BreadcrumbList","@id":"https:\/\/activeluxe-cosmetics.com\/sl\/izdelek\/serum-za-rast-trepalnic-40-dnevni-tretma\/#breadcrumb","itemListElement":[{"@type":"ListItem","position":1,"name":"Naslovnica","item":"https:\/\/activeluxe-cosmetics.com\/sl\/"},{"@type":"ListItem","position":2,"name":"Trgovina","item":"https:\/\/activeluxe-cosmetics.com\/sl\/trgovina\/"},{"@type":"ListItem","position":3,"name":"Serum za rast trepalnic, 40 dnevni tretma (1 ml)"}]},{"@type":"WebSite","@id":"https:\/\/activeluxe-cosmetics.com\/sl\/#website","url":"https:\/\/activeluxe-cosmetics.com\/sl\/","name":"Active Luxe Cosmetics","description":"","potentialAction":[{"@type":"SearchAction","target":{"@type":"EntryPoint","urlTemplate":"https:\/\/activeluxe-cosmetics.com\/sl\/?s={search_term_string}"},"query-input":{"@type":"PropertyValueSpecification","valueRequired":true,"valueName":"search_term_string"}}],"inLanguage":"sl-SI"}]}},"_links":{"self":[{"href":"https:\/\/activeluxe-cosmetics.com\/sl\/wp-json\/wp\/v2\/product\/81760","targetHints":{"allow":["GET"]}}],"collection":[{"href":"https:\/\/activeluxe-cosmetics.com\/sl\/wp-json\/wp\/v2\/product"}],"about":[{"href":"https:\/\/activeluxe-cosmetics.com\/sl\/wp-json\/wp\/v2\/types\/product"}],"replies":[{"embeddable":true,"href":"https:\/\/activeluxe-cosmetics.com\/sl\/wp-json\/wp\/v2\/comments?post=81760"}],"wp:featuredmedia":[{"embeddable":true,"href":"https:\/\/activeluxe-cosmetics.com\/sl\/wp-json\/wp\/v2\/media\/112546"}],"wp:attachment":[{"href":"https:\/\/activeluxe-cosmetics.com\/sl\/wp-json\/wp\/v2\/media?parent=81760"}],"wp:term":[{"taxonomy":"product_brand","embeddable":true,"href":"https:\/\/activeluxe-cosmetics.com\/sl\/wp-json\/wp\/v2\/product_brand?post=81760"},{"taxonomy":"product_cat","embeddable":true,"href":"https:\/\/activeluxe-cosmetics.com\/sl\/wp-json\/wp\/v2\/product_cat?post=81760"},{"taxonomy":"product_tag","embeddable":true,"href":"https:\/\/activeluxe-cosmetics.com\/sl\/wp-json\/wp\/v2\/product_tag?post=81760"}],"curies":[{"name":"wp","href":"https:\/\/api.w.org\/{rel}","templated":true}]}}