{"id":81226,"date":"2024-02-01T13:58:36","date_gmt":"2024-02-01T13:58:36","guid":{"rendered":"https:\/\/activeluxe-cosmetics.com\/sl\/?post_type=product&#038;p=81226"},"modified":"2026-01-08T10:32:39","modified_gmt":"2026-01-08T09:32:39","slug":"antibakterijski-sprej-za-ciscenje","status":"publish","type":"product","link":"https:\/\/activeluxe-cosmetics.com\/sl\/izdelek\/antibakterijski-sprej-za-ciscenje\/","title":{"rendered":"Antibakterijski sprej za \u010di\u0161\u010denje"},"content":{"rendered":"<p><img loading=\"lazy\" decoding=\"async\" class=\" wp-image-101029 alignright\" src=\"https:\/\/cdn.activeluxe-cosmetics.com\/sl\/wp-content\/uploads\/2024\/02\/23160043\/antibakterijsko_cistilo_active_luxe-460x575.png\" alt=\"\" width=\"345\" height=\"431\" srcset=\"https:\/\/cdn.activeluxe-cosmetics.com\/sl\/wp-content\/uploads\/2024\/02\/23160043\/antibakterijsko_cistilo_active_luxe-460x575.png 460w, https:\/\/cdn.activeluxe-cosmetics.com\/sl\/wp-content\/uploads\/2024\/02\/23160043\/antibakterijsko_cistilo_active_luxe-819x1024.png 819w, https:\/\/cdn.activeluxe-cosmetics.com\/sl\/wp-content\/uploads\/2024\/02\/23160043\/antibakterijsko_cistilo_active_luxe-768x960.png 768w, https:\/\/cdn.activeluxe-cosmetics.com\/sl\/wp-content\/uploads\/2024\/02\/23160043\/antibakterijsko_cistilo_active_luxe-600x750.png 600w, https:\/\/cdn.activeluxe-cosmetics.com\/sl\/wp-content\/uploads\/2024\/02\/23160043\/antibakterijsko_cistilo_active_luxe.png 1080w\" sizes=\"auto, (max-width: 345px) 100vw, 345px\" \/><\/p>\n<h2><strong>Antibakterijsko \u010distilo<\/strong>, ki skrbi za tvojo ko\u017eo in pripomo\u010dke<\/h2>\n<p>Antibakterijsko \u010distilo Active Luxe Cleanser je zasnovano za u\u010dinkovito \u010di\u0161\u010denje Active Luxe<strong> derma rollerja<\/strong>\u00a0in\u00a0<strong>drugih kozmeti\u010dnih pripomo\u010dkov<\/strong>\u00a0(pinceta, uvijalec za trepalnice ipd.).<\/p>\n<div style=\"display: flex; align-items: center; gap: 20px; flex-wrap: wrap;\">\n<p>Antibakterijsko \u010distilo je izredno\u00a0<strong>enostavno za uporabo<\/strong>. Predmet, ki ga \u017eeli\u0161 razku\u017eiti, popr\u0161i ter po\u010dakaj 10 do 15 sekund, da se posu\u0161i.<\/p>\n<\/div>\n<p>Redna uporaba antibakterijskega \u010distila <strong>podalj\u0161uje \u017eivljenjsko dobo tvojih kozmeti\u010dnih pripomo\u010dkov<\/strong> in <strong>zmanj\u0161uje tveganje<\/strong> za nepravilnosti na ko\u017ei.<\/p>\n<p>Zaradi priro\u010dne embala\u017ee je popoln spremljevalec tudi <strong>na potovanjih<\/strong> ali <strong>v tvoji torbici<\/strong>.<\/p>\n<div style=\"display: flex; align-items: center; gap: 20px; flex-wrap: wrap;\">\n<p>&nbsp;<\/p>\n<p>&nbsp;<\/p>\n<p>&nbsp;<\/p>\n<p>&nbsp;<\/p>\n<p>&nbsp;<\/p>\n<\/div>\n<div id=\"gtx-trans\" style=\"position: absolute; left: 221px; top: 222px;\">\n<div class=\"gtx-trans-icon\"><\/div>\n<\/div>\n","protected":false},"excerpt":{"rendered":"<div class=\"c-product__short-description\">\n<p>Za u\u010dinkovito \u010di\u0161\u010denje Active Luxe derma rollerja in drugih kozmeti\u010dnih pripomo\u010dkov.<\/p>\n<\/div>\n","protected":false},"featured_media":101030,"comment_status":"open","ping_status":"closed","template":"","meta":[],"product_brand":[],"product_cat":[107,99,108,53,42],"product_tag":[],"class_list":{"0":"post-81226","1":"product","2":"type-product","3":"status-publish","4":"has-post-thumbnail","6":"product_cat-nega-brade","7":"product_cat-dodatki-lasje","8":"product_cat-izdelki-za-lase","9":"product_cat-izdelki-za-nego-las","10":"product_cat-nega-za-moske","12":"first","13":"instock","14":"taxable","15":"shipping-taxable","16":"purchasable","17":"product-type-simple"},"bundled_by":[],"bundle_stock_status":"instock","bundle_stock_quantity":null,"bundle_virtual":false,"bundle_layout":"","bundle_add_to_cart_form_location":"","bundle_editable_in_cart":false,"bundle_sold_individually_context":"","bundle_item_grouping":"","bundle_min_size":"","bundle_max_size":"","bundle_price":[],"bundled_items":[],"bundle_sell_ids":[],"acf":[],"yoast_head":"<!-- This site is optimized with the Yoast SEO plugin v26.6 - https:\/\/yoast.com\/wordpress\/plugins\/seo\/ -->\n<title>Antibakterijski sprej za kozmeti\u010dne izdelke - Active Luxe Cosmetics<\/title>\n<meta name=\"description\" content=\"Primerno za u\u010dinkovito \u010di\u0161\u010denje Active Luxe derma rollerja\u00a0in\u00a0drugih kozmeti\u010dnih pripomo\u010dkov\u00a0(pinceta, uvijalec za trepalnice ipd.).\" \/>\n<meta name=\"robots\" content=\"index, follow, max-snippet:-1, max-image-preview:large, max-video-preview:-1\" \/>\n<link rel=\"canonical\" href=\"https:\/\/activeluxe-cosmetics.com\/sl\/izdelek\/antibakterijski-sprej-za-ciscenje\/\" \/>\n<meta property=\"og:locale\" content=\"sl_SI\" \/>\n<meta property=\"og:type\" content=\"article\" \/>\n<meta property=\"og:title\" content=\"Antibakterijski sprej za kozmeti\u010dne izdelke - Active Luxe Cosmetics\" \/>\n<meta property=\"og:description\" content=\"Primerno za u\u010dinkovito \u010di\u0161\u010denje Active Luxe derma rollerja\u00a0in\u00a0drugih kozmeti\u010dnih pripomo\u010dkov\u00a0(pinceta, uvijalec za trepalnice ipd.).\" \/>\n<meta property=\"og:url\" content=\"https:\/\/activeluxe-cosmetics.com\/sl\/izdelek\/antibakterijski-sprej-za-ciscenje\/\" \/>\n<meta property=\"og:site_name\" content=\"Active Luxe Cosmetics\" \/>\n<meta property=\"article:modified_time\" content=\"2026-01-08T09:32:39+00:00\" \/>\n<meta property=\"og:image\" content=\"https:\/\/cdn.activeluxe-cosmetics.com\/sl\/wp-content\/uploads\/2024\/02\/23160105\/antibakterijsko_cistilo.jpg\" \/>\n\t<meta property=\"og:image:width\" content=\"1104\" \/>\n\t<meta property=\"og:image:height\" content=\"1326\" \/>\n\t<meta property=\"og:image:type\" content=\"image\/jpeg\" \/>\n<meta name=\"twitter:card\" content=\"summary_large_image\" \/>\n<meta name=\"twitter:label1\" content=\"Est. reading time\" \/>\n\t<meta name=\"twitter:data1\" content=\"1 minuta\" \/>\n<script type=\"application\/ld+json\" class=\"yoast-schema-graph\">{\"@context\":\"https:\/\/schema.org\",\"@graph\":[{\"@type\":\"WebPage\",\"@id\":\"https:\/\/activeluxe-cosmetics.com\/sl\/izdelek\/antibakterijski-sprej-za-ciscenje\/\",\"url\":\"https:\/\/activeluxe-cosmetics.com\/sl\/izdelek\/antibakterijski-sprej-za-ciscenje\/\",\"name\":\"Antibakterijski sprej za kozmeti\u010dne izdelke - Active Luxe Cosmetics\",\"isPartOf\":{\"@id\":\"https:\/\/activeluxe-cosmetics.com\/sl\/#website\"},\"primaryImageOfPage\":{\"@id\":\"https:\/\/activeluxe-cosmetics.com\/sl\/izdelek\/antibakterijski-sprej-za-ciscenje\/#primaryimage\"},\"image\":{\"@id\":\"https:\/\/activeluxe-cosmetics.com\/sl\/izdelek\/antibakterijski-sprej-za-ciscenje\/#primaryimage\"},\"thumbnailUrl\":\"https:\/\/cdn.activeluxe-cosmetics.com\/sl\/wp-content\/uploads\/2024\/02\/23160105\/antibakterijsko_cistilo.jpg\",\"datePublished\":\"2024-02-01T13:58:36+00:00\",\"dateModified\":\"2026-01-08T09:32:39+00:00\",\"description\":\"Primerno za u\u010dinkovito \u010di\u0161\u010denje Active Luxe derma rollerja\u00a0in\u00a0drugih kozmeti\u010dnih pripomo\u010dkov\u00a0(pinceta, uvijalec za trepalnice ipd.).\",\"breadcrumb\":{\"@id\":\"https:\/\/activeluxe-cosmetics.com\/sl\/izdelek\/antibakterijski-sprej-za-ciscenje\/#breadcrumb\"},\"inLanguage\":\"sl-SI\",\"potentialAction\":[{\"@type\":\"ReadAction\",\"target\":[\"https:\/\/activeluxe-cosmetics.com\/sl\/izdelek\/antibakterijski-sprej-za-ciscenje\/\"]}]},{\"@type\":\"ImageObject\",\"inLanguage\":\"sl-SI\",\"@id\":\"https:\/\/activeluxe-cosmetics.com\/sl\/izdelek\/antibakterijski-sprej-za-ciscenje\/#primaryimage\",\"url\":\"https:\/\/cdn.activeluxe-cosmetics.com\/sl\/wp-content\/uploads\/2024\/02\/23160105\/antibakterijsko_cistilo.jpg\",\"contentUrl\":\"https:\/\/cdn.activeluxe-cosmetics.com\/sl\/wp-content\/uploads\/2024\/02\/23160105\/antibakterijsko_cistilo.jpg\",\"width\":1104,\"height\":1326,\"caption\":\"Razku\u017eilo Active Luxe\"},{\"@type\":\"BreadcrumbList\",\"@id\":\"https:\/\/activeluxe-cosmetics.com\/sl\/izdelek\/antibakterijski-sprej-za-ciscenje\/#breadcrumb\",\"itemListElement\":[{\"@type\":\"ListItem\",\"position\":1,\"name\":\"Naslovnica\",\"item\":\"https:\/\/activeluxe-cosmetics.com\/sl\/\"},{\"@type\":\"ListItem\",\"position\":2,\"name\":\"Trgovina\",\"item\":\"https:\/\/activeluxe-cosmetics.com\/sl\/trgovina\/\"},{\"@type\":\"ListItem\",\"position\":3,\"name\":\"Antibakterijski sprej za \u010di\u0161\u010denje\"}]},{\"@type\":\"WebSite\",\"@id\":\"https:\/\/activeluxe-cosmetics.com\/sl\/#website\",\"url\":\"https:\/\/activeluxe-cosmetics.com\/sl\/\",\"name\":\"Active Luxe Cosmetics\",\"description\":\"\",\"potentialAction\":[{\"@type\":\"SearchAction\",\"target\":{\"@type\":\"EntryPoint\",\"urlTemplate\":\"https:\/\/activeluxe-cosmetics.com\/sl\/?s={search_term_string}\"},\"query-input\":{\"@type\":\"PropertyValueSpecification\",\"valueRequired\":true,\"valueName\":\"search_term_string\"}}],\"inLanguage\":\"sl-SI\"}]}<\/script>\n<!-- \/ Yoast SEO plugin. -->","yoast_head_json":{"title":"Antibakterijski sprej za kozmeti\u010dne izdelke - Active Luxe Cosmetics","description":"Primerno za u\u010dinkovito \u010di\u0161\u010denje Active Luxe derma rollerja\u00a0in\u00a0drugih kozmeti\u010dnih pripomo\u010dkov\u00a0(pinceta, uvijalec za trepalnice ipd.).","robots":{"index":"index","follow":"follow","max-snippet":"max-snippet:-1","max-image-preview":"max-image-preview:large","max-video-preview":"max-video-preview:-1"},"canonical":"https:\/\/activeluxe-cosmetics.com\/sl\/izdelek\/antibakterijski-sprej-za-ciscenje\/","og_locale":"sl_SI","og_type":"article","og_title":"Antibakterijski sprej za kozmeti\u010dne izdelke - Active Luxe Cosmetics","og_description":"Primerno za u\u010dinkovito \u010di\u0161\u010denje Active Luxe derma rollerja\u00a0in\u00a0drugih kozmeti\u010dnih pripomo\u010dkov\u00a0(pinceta, uvijalec za trepalnice ipd.).","og_url":"https:\/\/activeluxe-cosmetics.com\/sl\/izdelek\/antibakterijski-sprej-za-ciscenje\/","og_site_name":"Active Luxe Cosmetics","article_modified_time":"2026-01-08T09:32:39+00:00","og_image":[{"width":1104,"height":1326,"url":"https:\/\/cdn.activeluxe-cosmetics.com\/sl\/wp-content\/uploads\/2024\/02\/23160105\/antibakterijsko_cistilo.jpg","type":"image\/jpeg"}],"twitter_card":"summary_large_image","twitter_misc":{"Est. reading time":"1 minuta"},"schema":{"@context":"https:\/\/schema.org","@graph":[{"@type":"WebPage","@id":"https:\/\/activeluxe-cosmetics.com\/sl\/izdelek\/antibakterijski-sprej-za-ciscenje\/","url":"https:\/\/activeluxe-cosmetics.com\/sl\/izdelek\/antibakterijski-sprej-za-ciscenje\/","name":"Antibakterijski sprej za kozmeti\u010dne izdelke - Active Luxe Cosmetics","isPartOf":{"@id":"https:\/\/activeluxe-cosmetics.com\/sl\/#website"},"primaryImageOfPage":{"@id":"https:\/\/activeluxe-cosmetics.com\/sl\/izdelek\/antibakterijski-sprej-za-ciscenje\/#primaryimage"},"image":{"@id":"https:\/\/activeluxe-cosmetics.com\/sl\/izdelek\/antibakterijski-sprej-za-ciscenje\/#primaryimage"},"thumbnailUrl":"https:\/\/cdn.activeluxe-cosmetics.com\/sl\/wp-content\/uploads\/2024\/02\/23160105\/antibakterijsko_cistilo.jpg","datePublished":"2024-02-01T13:58:36+00:00","dateModified":"2026-01-08T09:32:39+00:00","description":"Primerno za u\u010dinkovito \u010di\u0161\u010denje Active Luxe derma rollerja\u00a0in\u00a0drugih kozmeti\u010dnih pripomo\u010dkov\u00a0(pinceta, uvijalec za trepalnice ipd.).","breadcrumb":{"@id":"https:\/\/activeluxe-cosmetics.com\/sl\/izdelek\/antibakterijski-sprej-za-ciscenje\/#breadcrumb"},"inLanguage":"sl-SI","potentialAction":[{"@type":"ReadAction","target":["https:\/\/activeluxe-cosmetics.com\/sl\/izdelek\/antibakterijski-sprej-za-ciscenje\/"]}]},{"@type":"ImageObject","inLanguage":"sl-SI","@id":"https:\/\/activeluxe-cosmetics.com\/sl\/izdelek\/antibakterijski-sprej-za-ciscenje\/#primaryimage","url":"https:\/\/cdn.activeluxe-cosmetics.com\/sl\/wp-content\/uploads\/2024\/02\/23160105\/antibakterijsko_cistilo.jpg","contentUrl":"https:\/\/cdn.activeluxe-cosmetics.com\/sl\/wp-content\/uploads\/2024\/02\/23160105\/antibakterijsko_cistilo.jpg","width":1104,"height":1326,"caption":"Razku\u017eilo Active Luxe"},{"@type":"BreadcrumbList","@id":"https:\/\/activeluxe-cosmetics.com\/sl\/izdelek\/antibakterijski-sprej-za-ciscenje\/#breadcrumb","itemListElement":[{"@type":"ListItem","position":1,"name":"Naslovnica","item":"https:\/\/activeluxe-cosmetics.com\/sl\/"},{"@type":"ListItem","position":2,"name":"Trgovina","item":"https:\/\/activeluxe-cosmetics.com\/sl\/trgovina\/"},{"@type":"ListItem","position":3,"name":"Antibakterijski sprej za \u010di\u0161\u010denje"}]},{"@type":"WebSite","@id":"https:\/\/activeluxe-cosmetics.com\/sl\/#website","url":"https:\/\/activeluxe-cosmetics.com\/sl\/","name":"Active Luxe Cosmetics","description":"","potentialAction":[{"@type":"SearchAction","target":{"@type":"EntryPoint","urlTemplate":"https:\/\/activeluxe-cosmetics.com\/sl\/?s={search_term_string}"},"query-input":{"@type":"PropertyValueSpecification","valueRequired":true,"valueName":"search_term_string"}}],"inLanguage":"sl-SI"}]}},"_links":{"self":[{"href":"https:\/\/activeluxe-cosmetics.com\/sl\/wp-json\/wp\/v2\/product\/81226","targetHints":{"allow":["GET"]}}],"collection":[{"href":"https:\/\/activeluxe-cosmetics.com\/sl\/wp-json\/wp\/v2\/product"}],"about":[{"href":"https:\/\/activeluxe-cosmetics.com\/sl\/wp-json\/wp\/v2\/types\/product"}],"replies":[{"embeddable":true,"href":"https:\/\/activeluxe-cosmetics.com\/sl\/wp-json\/wp\/v2\/comments?post=81226"}],"wp:featuredmedia":[{"embeddable":true,"href":"https:\/\/activeluxe-cosmetics.com\/sl\/wp-json\/wp\/v2\/media\/101030"}],"wp:attachment":[{"href":"https:\/\/activeluxe-cosmetics.com\/sl\/wp-json\/wp\/v2\/media?parent=81226"}],"wp:term":[{"taxonomy":"product_brand","embeddable":true,"href":"https:\/\/activeluxe-cosmetics.com\/sl\/wp-json\/wp\/v2\/product_brand?post=81226"},{"taxonomy":"product_cat","embeddable":true,"href":"https:\/\/activeluxe-cosmetics.com\/sl\/wp-json\/wp\/v2\/product_cat?post=81226"},{"taxonomy":"product_tag","embeddable":true,"href":"https:\/\/activeluxe-cosmetics.com\/sl\/wp-json\/wp\/v2\/product_tag?post=81226"}],"curies":[{"name":"wp","href":"https:\/\/api.w.org\/{rel}","templated":true}]}}