{"id":80898,"date":"2024-01-29T11:01:46","date_gmt":"2024-01-29T11:01:46","guid":{"rendered":"https:\/\/activeluxe-cosmetics.com\/sl\/?post_type=product&#038;p=80898"},"modified":"2026-04-29T15:29:40","modified_gmt":"2026-04-29T13:29:40","slug":"premium-after-sun-body-yogurt","status":"publish","type":"product","link":"https:\/\/activeluxe-cosmetics.com\/sl\/izdelek\/premium-after-sun-body-yogurt\/","title":{"rendered":"Premium hladilni jogurt za telo"},"content":{"rendered":"<p><img loading=\"lazy\" decoding=\"async\" class=\"size-medium wp-image-100772 alignright\" src=\"https:\/\/cdn.activeluxe-cosmetics.com\/sl\/wp-content\/uploads\/2025\/07\/17141040\/active_luxe_hladilni_jogurt-460x575.png\" alt=\"Active Luxe hladilni jogurt za telo\" width=\"460\" height=\"575\" srcset=\"https:\/\/cdn.activeluxe-cosmetics.com\/sl\/wp-content\/uploads\/2025\/07\/17141040\/active_luxe_hladilni_jogurt-460x575.png 460w, https:\/\/cdn.activeluxe-cosmetics.com\/sl\/wp-content\/uploads\/2025\/07\/17141040\/active_luxe_hladilni_jogurt-819x1024.png 819w, https:\/\/cdn.activeluxe-cosmetics.com\/sl\/wp-content\/uploads\/2025\/07\/17141040\/active_luxe_hladilni_jogurt-768x960.png 768w, https:\/\/cdn.activeluxe-cosmetics.com\/sl\/wp-content\/uploads\/2025\/07\/17141040\/active_luxe_hladilni_jogurt-600x750.png 600w, https:\/\/cdn.activeluxe-cosmetics.com\/sl\/wp-content\/uploads\/2025\/07\/17141040\/active_luxe_hladilni_jogurt.png 1080w\" sizes=\"auto, (max-width: 460px) 100vw, 460px\" \/><\/p>\n<h2><strong>Intenzivno vla\u017eenje,<\/strong> ki podalj\u0161a in ohrani tvojo porjavelost<\/h2>\n<p><span style=\"font-weight: 400;\">Kot pravi jogurt, samo<strong> \u0161e bolj\u0161i<\/strong> in <strong>omamno lepega vonja po vaniliji, kokosu in sladkih pomaran\u010dah<\/strong>. <\/span>Za ohranitev zdrave, porjavele in sijo\u010de ko\u017ee poleti je potrebno obilno vla\u017eenje.<\/p>\n<p><span style=\"font-weight: 400;\">Sonce, morska sol in klor ko\u017eo izsu\u0161ijo, zato je izjemno pomembno, da ji po son\u010denju nudimo <strong>kakovostno nego<\/strong>. <\/span><\/p>\n<p><span style=\"font-weight: 400;\">Active Luxe Premium \u010dokoladna marmelada<\/span><span style=\"font-weight: 400;\"> za hitro porjavitev na soncu bo poskrbela za popoln bronze odtenek ko\u017ee, z rednim nana\u0161anjem jogurta po tu\u0161iranju pa bo ta <strong>podalj\u0161eval porjavelost<\/strong> ko\u017ee ter jo ohranjal <strong>mehko<\/strong> in <strong>navla\u017eeno<\/strong>.<\/span><\/p>\n<p>Premium After Sun Body Yogurt je<strong> vse, kar potrebuje tvoja temna, zagorela ko\u017ea<\/strong>:<\/p>\n<ul>\n<li>Pomirja ko\u017eo po son\u010denju<\/li>\n<li>Hladi ko\u017eo<\/li>\n<li>Aloe vera globinsko vla\u017ei ko\u017eo<\/li>\n<li>Meh\u010da ko\u017eo<\/li>\n<\/ul>\n<h2 style=\"text-align: center; clear: both;\"><\/h2>\n<p>&nbsp;<\/p>\n<p><img loading=\"lazy\" decoding=\"async\" class=\"size-medium wp-image-100773 alignleft\" src=\"https:\/\/cdn.activeluxe-cosmetics.com\/sl\/wp-content\/uploads\/2025\/07\/17141047\/hladilni_jogurt_active_luxe-460x575.png\" alt=\"Active Luxe hladilni jogurt za telo\" width=\"460\" height=\"575\" srcset=\"https:\/\/cdn.activeluxe-cosmetics.com\/sl\/wp-content\/uploads\/2025\/07\/17141047\/hladilni_jogurt_active_luxe-460x575.png 460w, https:\/\/cdn.activeluxe-cosmetics.com\/sl\/wp-content\/uploads\/2025\/07\/17141047\/hladilni_jogurt_active_luxe-819x1024.png 819w, https:\/\/cdn.activeluxe-cosmetics.com\/sl\/wp-content\/uploads\/2025\/07\/17141047\/hladilni_jogurt_active_luxe-768x960.png 768w, https:\/\/cdn.activeluxe-cosmetics.com\/sl\/wp-content\/uploads\/2025\/07\/17141047\/hladilni_jogurt_active_luxe-600x750.png 600w, https:\/\/cdn.activeluxe-cosmetics.com\/sl\/wp-content\/uploads\/2025\/07\/17141047\/hladilni_jogurt_active_luxe.png 1080w\" sizes=\"auto, (max-width: 460px) 100vw, 460px\" \/><\/p>\n<h2><strong>Najlep\u0161i poletni vonj<\/strong>, ki bo \u0161e dolgo ostal na tvoji ko\u017ei<\/h2>\n<p>Premium After Sun Body Yogurt je <strong>najbolj\u0161a izbira<\/strong> za negovano in temno ko\u017eo poleti.<\/p>\n<p><span style=\"font-weight: 400;\">Izjemno lahka, puhasta tekstura hladilnega jogurta se hitro vpija v ko\u017eo in na ko\u017ei <strong>ne pu\u0161\u010da mastnega filtra<\/strong>. Takoj po nanosu jogurta si lahko nadane\u0161 obla\u010dila, tvoja ko\u017ea pa bo \u0161e dolgo di\u0161ala po<strong> sladki vaniliji<\/strong>, <strong>kokosu<\/strong> in <strong>pomaran\u010dah<\/strong>. <\/span><span style=\"font-weight: 400;\">Vonj, ki bo o\u010daral in naredil poletne ve\u010dere nepozabne in romanti\u010dne.<\/span><\/p>\n<p><span style=\"font-weight: 400;\">Premium After Sun Body Yogurt vsebuje:<\/span><\/p>\n<ul>\n<li><span style=\"font-weight: 400;\"> najbolj\u0161e izvle\u010dke <strong>aloe vere<\/strong>, ki dokazano hladi in pomirja ko\u017eo ter <\/span><\/li>\n<li><span style=\"font-weight: 400;\"><strong>kokosovo olje<\/strong>, ki ko\u017eo vla\u017ei ter jo ohranja mehko in navla\u017eeno.<\/span><\/li>\n<\/ul>\n<p><span style=\"font-weight: 400;\">Po tu\u0161iranju hladilni jogurt ne\u017eno vmasiraj v ko\u017eo. Jogurt <strong>se izjemno hitro vpije<\/strong>. Obla\u010dila lahko nanese\u0161 takoj, brez da bi te skrbelo da bo na njih pustil made\u017ee.<\/span><\/p>\n<p><span style=\"font-weight: 400;\">Za \u0161e ve\u010dji hladilni u\u010dinek lahko jogurt hrani\u0161 v hladilniku. Nanese\u0161 ga lahko tudi na obraz.<\/span><\/p>\n<p><iframe loading=\"lazy\" title=\"Premium Chocolate  Marmalade for deepest and darkest tan\" width=\"1020\" height=\"574\" src=\"https:\/\/www.youtube.com\/embed\/6YeClnkMgXw?feature=oembed&#038;enablejsapi=1&#038;origin=https:\/\/activeluxe-cosmetics.com\" frameborder=\"0\" allow=\"accelerometer; autoplay; clipboard-write; encrypted-media; gyroscope; picture-in-picture; web-share\" referrerpolicy=\"strict-origin-when-cross-origin\" allowfullscreen><\/iframe><\/p>\n<div style=\"display: flex; align-items: center; gap: 20px; flex-wrap: wrap;\">\n<p>&nbsp;<\/p>\n<\/div>\n","protected":false},"excerpt":{"rendered":"<p>Hladilni jogurt za telo po son\u010denju. Ko\u017eo pomiri, ohladi, navla\u017ei ter podalj\u0161uje njeno porjavelost.<\/p>\n<p>&nbsp;<\/p>\n","protected":false},"featured_media":112969,"comment_status":"open","ping_status":"closed","template":"","meta":[],"product_brand":[],"product_cat":[82],"product_tag":[],"class_list":{"0":"post-80898","1":"product","2":"type-product","3":"status-publish","4":"has-post-thumbnail","6":"product_cat-izdelki-za-soncenje","8":"first","9":"instock","10":"featured","11":"taxable","12":"shipping-taxable","13":"purchasable","14":"product-type-simple"},"bundled_by":[],"bundle_stock_status":"instock","bundle_stock_quantity":null,"bundle_virtual":false,"bundle_layout":"","bundle_add_to_cart_form_location":"","bundle_editable_in_cart":false,"bundle_sold_individually_context":"","bundle_item_grouping":"","bundle_min_size":"","bundle_max_size":"","bundle_price":[],"bundled_items":[],"bundle_sell_ids":[],"acf":[],"yoast_head":"<!-- This site is optimized with the Yoast SEO plugin v26.6 - https:\/\/yoast.com\/wordpress\/plugins\/seo\/ -->\n<title>Hladilni jogurt za telo po son\u010denju - Active Luxe Cosmetics<\/title>\n<meta name=\"description\" content=\"Hladilni jogurt za telo po son\u010denju. Ko\u017eo pomiri, ohladi, navla\u017ei ter podalj\u0161uje njeno porjavelost. Aloe vera globinsko vla\u017ei ko\u017eo.\" \/>\n<meta name=\"robots\" content=\"noindex, follow\" \/>\n<meta property=\"og:locale\" content=\"sl_SI\" \/>\n<meta property=\"og:type\" content=\"article\" \/>\n<meta property=\"og:title\" content=\"Hladilni jogurt za telo po son\u010denju - Active Luxe Cosmetics\" \/>\n<meta property=\"og:description\" content=\"Hladilni jogurt za telo po son\u010denju. Ko\u017eo pomiri, ohladi, navla\u017ei ter podalj\u0161uje njeno porjavelost. Aloe vera globinsko vla\u017ei ko\u017eo.\" \/>\n<meta property=\"og:url\" content=\"https:\/\/activeluxe-cosmetics.com\/sl\/izdelek\/premium-after-sun-body-yogurt\/\" \/>\n<meta property=\"og:site_name\" content=\"Active Luxe Cosmetics\" \/>\n<meta property=\"article:modified_time\" content=\"2026-04-29T13:29:40+00:00\" \/>\n<meta property=\"og:image\" content=\"https:\/\/cdn.activeluxe-cosmetics.com\/sl\/wp-content\/uploads\/2024\/01\/29111657\/Premium-After-Sun-Body-Jogurt.jpg\" \/>\n\t<meta property=\"og:image:width\" content=\"1104\" \/>\n\t<meta property=\"og:image:height\" content=\"1326\" \/>\n\t<meta property=\"og:image:type\" content=\"image\/jpeg\" \/>\n<meta name=\"twitter:card\" content=\"summary_large_image\" \/>\n<meta name=\"twitter:label1\" content=\"Est. reading time\" \/>\n\t<meta name=\"twitter:data1\" content=\"3 minute\" \/>\n<script type=\"application\/ld+json\" class=\"yoast-schema-graph\">{\"@context\":\"https:\/\/schema.org\",\"@graph\":[{\"@type\":\"WebPage\",\"@id\":\"https:\/\/activeluxe-cosmetics.com\/sl\/izdelek\/premium-after-sun-body-yogurt\/\",\"url\":\"https:\/\/activeluxe-cosmetics.com\/sl\/izdelek\/premium-after-sun-body-yogurt\/\",\"name\":\"Hladilni jogurt za telo po son\u010denju - Active Luxe Cosmetics\",\"isPartOf\":{\"@id\":\"https:\/\/activeluxe-cosmetics.com\/sl\/#website\"},\"primaryImageOfPage\":{\"@id\":\"https:\/\/activeluxe-cosmetics.com\/sl\/izdelek\/premium-after-sun-body-yogurt\/#primaryimage\"},\"image\":{\"@id\":\"https:\/\/activeluxe-cosmetics.com\/sl\/izdelek\/premium-after-sun-body-yogurt\/#primaryimage\"},\"thumbnailUrl\":\"https:\/\/cdn.activeluxe-cosmetics.com\/sl\/wp-content\/uploads\/2024\/01\/29111657\/Premium-After-Sun-Body-Jogurt.jpg\",\"datePublished\":\"2024-01-29T11:01:46+00:00\",\"dateModified\":\"2026-04-29T13:29:40+00:00\",\"description\":\"Hladilni jogurt za telo po son\u010denju. Ko\u017eo pomiri, ohladi, navla\u017ei ter podalj\u0161uje njeno porjavelost. Aloe vera globinsko vla\u017ei ko\u017eo.\",\"breadcrumb\":{\"@id\":\"https:\/\/activeluxe-cosmetics.com\/sl\/izdelek\/premium-after-sun-body-yogurt\/#breadcrumb\"},\"inLanguage\":\"sl-SI\",\"potentialAction\":[{\"@type\":\"ReadAction\",\"target\":[\"https:\/\/activeluxe-cosmetics.com\/sl\/izdelek\/premium-after-sun-body-yogurt\/\"]}]},{\"@type\":\"ImageObject\",\"inLanguage\":\"sl-SI\",\"@id\":\"https:\/\/activeluxe-cosmetics.com\/sl\/izdelek\/premium-after-sun-body-yogurt\/#primaryimage\",\"url\":\"https:\/\/cdn.activeluxe-cosmetics.com\/sl\/wp-content\/uploads\/2024\/01\/29111657\/Premium-After-Sun-Body-Jogurt.jpg\",\"contentUrl\":\"https:\/\/cdn.activeluxe-cosmetics.com\/sl\/wp-content\/uploads\/2024\/01\/29111657\/Premium-After-Sun-Body-Jogurt.jpg\",\"width\":1104,\"height\":1326},{\"@type\":\"BreadcrumbList\",\"@id\":\"https:\/\/activeluxe-cosmetics.com\/sl\/izdelek\/premium-after-sun-body-yogurt\/#breadcrumb\",\"itemListElement\":[{\"@type\":\"ListItem\",\"position\":1,\"name\":\"Naslovnica\",\"item\":\"https:\/\/activeluxe-cosmetics.com\/sl\/\"},{\"@type\":\"ListItem\",\"position\":2,\"name\":\"Trgovina\",\"item\":\"https:\/\/activeluxe-cosmetics.com\/sl\/trgovina\/\"},{\"@type\":\"ListItem\",\"position\":3,\"name\":\"Premium hladilni jogurt za telo\"}]},{\"@type\":\"WebSite\",\"@id\":\"https:\/\/activeluxe-cosmetics.com\/sl\/#website\",\"url\":\"https:\/\/activeluxe-cosmetics.com\/sl\/\",\"name\":\"Active Luxe Cosmetics\",\"description\":\"\",\"potentialAction\":[{\"@type\":\"SearchAction\",\"target\":{\"@type\":\"EntryPoint\",\"urlTemplate\":\"https:\/\/activeluxe-cosmetics.com\/sl\/?s={search_term_string}\"},\"query-input\":{\"@type\":\"PropertyValueSpecification\",\"valueRequired\":true,\"valueName\":\"search_term_string\"}}],\"inLanguage\":\"sl-SI\"}]}<\/script>\n<!-- \/ Yoast SEO plugin. -->","yoast_head_json":{"title":"Hladilni jogurt za telo po son\u010denju - Active Luxe Cosmetics","description":"Hladilni jogurt za telo po son\u010denju. Ko\u017eo pomiri, ohladi, navla\u017ei ter podalj\u0161uje njeno porjavelost. Aloe vera globinsko vla\u017ei ko\u017eo.","robots":{"index":"noindex","follow":"follow"},"og_locale":"sl_SI","og_type":"article","og_title":"Hladilni jogurt za telo po son\u010denju - Active Luxe Cosmetics","og_description":"Hladilni jogurt za telo po son\u010denju. Ko\u017eo pomiri, ohladi, navla\u017ei ter podalj\u0161uje njeno porjavelost. Aloe vera globinsko vla\u017ei ko\u017eo.","og_url":"https:\/\/activeluxe-cosmetics.com\/sl\/izdelek\/premium-after-sun-body-yogurt\/","og_site_name":"Active Luxe Cosmetics","article_modified_time":"2026-04-29T13:29:40+00:00","og_image":[{"width":1104,"height":1326,"url":"https:\/\/cdn.activeluxe-cosmetics.com\/sl\/wp-content\/uploads\/2024\/01\/29111657\/Premium-After-Sun-Body-Jogurt.jpg","type":"image\/jpeg"}],"twitter_card":"summary_large_image","twitter_misc":{"Est. reading time":"3 minute"},"schema":{"@context":"https:\/\/schema.org","@graph":[{"@type":"WebPage","@id":"https:\/\/activeluxe-cosmetics.com\/sl\/izdelek\/premium-after-sun-body-yogurt\/","url":"https:\/\/activeluxe-cosmetics.com\/sl\/izdelek\/premium-after-sun-body-yogurt\/","name":"Hladilni jogurt za telo po son\u010denju - Active Luxe Cosmetics","isPartOf":{"@id":"https:\/\/activeluxe-cosmetics.com\/sl\/#website"},"primaryImageOfPage":{"@id":"https:\/\/activeluxe-cosmetics.com\/sl\/izdelek\/premium-after-sun-body-yogurt\/#primaryimage"},"image":{"@id":"https:\/\/activeluxe-cosmetics.com\/sl\/izdelek\/premium-after-sun-body-yogurt\/#primaryimage"},"thumbnailUrl":"https:\/\/cdn.activeluxe-cosmetics.com\/sl\/wp-content\/uploads\/2024\/01\/29111657\/Premium-After-Sun-Body-Jogurt.jpg","datePublished":"2024-01-29T11:01:46+00:00","dateModified":"2026-04-29T13:29:40+00:00","description":"Hladilni jogurt za telo po son\u010denju. Ko\u017eo pomiri, ohladi, navla\u017ei ter podalj\u0161uje njeno porjavelost. Aloe vera globinsko vla\u017ei ko\u017eo.","breadcrumb":{"@id":"https:\/\/activeluxe-cosmetics.com\/sl\/izdelek\/premium-after-sun-body-yogurt\/#breadcrumb"},"inLanguage":"sl-SI","potentialAction":[{"@type":"ReadAction","target":["https:\/\/activeluxe-cosmetics.com\/sl\/izdelek\/premium-after-sun-body-yogurt\/"]}]},{"@type":"ImageObject","inLanguage":"sl-SI","@id":"https:\/\/activeluxe-cosmetics.com\/sl\/izdelek\/premium-after-sun-body-yogurt\/#primaryimage","url":"https:\/\/cdn.activeluxe-cosmetics.com\/sl\/wp-content\/uploads\/2024\/01\/29111657\/Premium-After-Sun-Body-Jogurt.jpg","contentUrl":"https:\/\/cdn.activeluxe-cosmetics.com\/sl\/wp-content\/uploads\/2024\/01\/29111657\/Premium-After-Sun-Body-Jogurt.jpg","width":1104,"height":1326},{"@type":"BreadcrumbList","@id":"https:\/\/activeluxe-cosmetics.com\/sl\/izdelek\/premium-after-sun-body-yogurt\/#breadcrumb","itemListElement":[{"@type":"ListItem","position":1,"name":"Naslovnica","item":"https:\/\/activeluxe-cosmetics.com\/sl\/"},{"@type":"ListItem","position":2,"name":"Trgovina","item":"https:\/\/activeluxe-cosmetics.com\/sl\/trgovina\/"},{"@type":"ListItem","position":3,"name":"Premium hladilni jogurt za telo"}]},{"@type":"WebSite","@id":"https:\/\/activeluxe-cosmetics.com\/sl\/#website","url":"https:\/\/activeluxe-cosmetics.com\/sl\/","name":"Active Luxe Cosmetics","description":"","potentialAction":[{"@type":"SearchAction","target":{"@type":"EntryPoint","urlTemplate":"https:\/\/activeluxe-cosmetics.com\/sl\/?s={search_term_string}"},"query-input":{"@type":"PropertyValueSpecification","valueRequired":true,"valueName":"search_term_string"}}],"inLanguage":"sl-SI"}]}},"_links":{"self":[{"href":"https:\/\/activeluxe-cosmetics.com\/sl\/wp-json\/wp\/v2\/product\/80898","targetHints":{"allow":["GET"]}}],"collection":[{"href":"https:\/\/activeluxe-cosmetics.com\/sl\/wp-json\/wp\/v2\/product"}],"about":[{"href":"https:\/\/activeluxe-cosmetics.com\/sl\/wp-json\/wp\/v2\/types\/product"}],"replies":[{"embeddable":true,"href":"https:\/\/activeluxe-cosmetics.com\/sl\/wp-json\/wp\/v2\/comments?post=80898"}],"wp:featuredmedia":[{"embeddable":true,"href":"https:\/\/activeluxe-cosmetics.com\/sl\/wp-json\/wp\/v2\/media\/112969"}],"wp:attachment":[{"href":"https:\/\/activeluxe-cosmetics.com\/sl\/wp-json\/wp\/v2\/media?parent=80898"}],"wp:term":[{"taxonomy":"product_brand","embeddable":true,"href":"https:\/\/activeluxe-cosmetics.com\/sl\/wp-json\/wp\/v2\/product_brand?post=80898"},{"taxonomy":"product_cat","embeddable":true,"href":"https:\/\/activeluxe-cosmetics.com\/sl\/wp-json\/wp\/v2\/product_cat?post=80898"},{"taxonomy":"product_tag","embeddable":true,"href":"https:\/\/activeluxe-cosmetics.com\/sl\/wp-json\/wp\/v2\/product_tag?post=80898"}],"curies":[{"name":"wp","href":"https:\/\/api.w.org\/{rel}","templated":true}]}}