{"id":72444,"date":"2024-01-10T15:21:29","date_gmt":"2024-01-10T14:21:29","guid":{"rendered":"https:\/\/activeluxe-cosmetics.com\/sl\/?post_type=product&#038;p=72444"},"modified":"2026-04-16T10:35:38","modified_gmt":"2026-04-16T08:35:38","slug":"infinity-lash-maskara","status":"publish","type":"product","link":"https:\/\/activeluxe-cosmetics.com\/sl\/izdelek\/infinity-lash-maskara\/","title":{"rendered":"Infinity Lash maskara"},"content":{"rendered":"<p><img loading=\"lazy\" decoding=\"async\" class=\"size-medium wp-image-105825 alignright\" src=\"https:\/\/cdn.activeluxe-cosmetics.com\/sl\/wp-content\/uploads\/2024\/01\/15022611\/infinity-mascara-460x594.jpg\" alt=\"\" width=\"460\" height=\"594\" srcset=\"https:\/\/cdn.activeluxe-cosmetics.com\/sl\/wp-content\/uploads\/2024\/01\/15022611\/infinity-mascara-460x594.jpg 460w, https:\/\/cdn.activeluxe-cosmetics.com\/sl\/wp-content\/uploads\/2024\/01\/15022611\/infinity-mascara.jpg 576w\" sizes=\"auto, (max-width: 460px) 100vw, 460px\" \/><\/p>\n<h2>Tvoje o\u010di si <strong>zaslu\u017eijo neskon\u010dno dobro maskaro!<\/strong><\/h2>\n<p><span style=\"font-weight: 400;\">Active Luxe <strong>Infitnity Lash maskara<\/strong> prina\u0161a <strong>pravo osve\u017eitev<\/strong> na na\u0161e spletne poli\u010dke \u2013 tako s svojim izgledom kot formulo!<\/span><\/p>\n<p><span style=\"font-weight: 400;\">Edinstvena hranilna formula tvojih trepalnic ne bo samo dramati\u010dno poudarila, ampak jih tudi globinsko negovala.<\/span><\/p>\n<p><span style=\"font-weight: 400;\">Maskara je bogata s <strong>peptidi<\/strong> in <strong>aminokislinami<\/strong>, ki zagotavljajo<strong> popolno nego trepalnic<\/strong>.<\/span><\/p>\n<p>Infinity Lash maskara <strong>bo ostala na tvojih trepalnicah ves dan<\/strong>, <strong>brez lepljenja<\/strong> in <strong>odslikavanja<\/strong> na ko\u017eo okoli o\u010di. Izjemno <strong>mehka<\/strong> in <strong>kremasta tekstura<\/strong> se na tvojih trepalnicah ne bo strdila niti po 24 urah!<\/p>\n<ul>\n<li>Dramati\u010den volumen in dol\u017eina<\/li>\n<li>Dolgoobstojna formula, ki traja 24 ur<\/li>\n<li>Kremasta tekstura prepre\u010duje, da bi se maskara strdila, izsu\u0161ila in odtisnila na veke.<\/li>\n<\/ul>\n<p>Inovativna tekstura in popolna krta\u010dka sta vse, kar bo\u0161 potrebovala za videz <strong>sve\u017eih<\/strong>, <strong>spo\u010ditih<\/strong> in <strong>odprtih o\u010di<\/strong>.<\/p>\n<div style=\"display: flex; align-items: center; gap: 20px; flex-wrap: wrap;\">\n<p style=\"max-width: 360px;\">\n<\/div>\n<h2 style=\"text-align: center; clear: both;\"><\/h2>\n<h2><span data-sheets-root=\"1\" data-sheets-value=\"{&quot;1&quot;:2,&quot;2&quot;:&quot;Fina struktura na tvojim trepavicama koja ih produ\u017euje i otvara&quot;}\" data-sheets-userformat=\"{&quot;2&quot;:20864,&quot;10&quot;:2,&quot;11&quot;:4,&quot;15&quot;:&quot;Arial&quot;,&quot;17&quot;:1}\"><img loading=\"lazy\" decoding=\"async\" class=\"size-medium wp-image-105824 alignleft\" src=\"https:\/\/cdn.activeluxe-cosmetics.com\/sl\/wp-content\/uploads\/2024\/01\/15022610\/infinity-mascara-active-luxe-460x589.jpg\" alt=\"\" width=\"460\" height=\"589\" srcset=\"https:\/\/cdn.activeluxe-cosmetics.com\/sl\/wp-content\/uploads\/2024\/01\/15022610\/infinity-mascara-active-luxe-460x589.jpg 460w, https:\/\/cdn.activeluxe-cosmetics.com\/sl\/wp-content\/uploads\/2024\/01\/15022610\/infinity-mascara-active-luxe.jpg 581w\" sizes=\"auto, (max-width: 460px) 100vw, 460px\" \/><\/span><span data-sheets-root=\"1\" data-sheets-value=\"{&quot;1&quot;:2,&quot;2&quot;:&quot;Fina struktura na tvojim trepavicama koja ih produ\u017euje i otvara&quot;}\" data-sheets-userformat=\"{&quot;2&quot;:20864,&quot;10&quot;:2,&quot;11&quot;:4,&quot;15&quot;:&quot;Arial&quot;,&quot;17&quot;:1}\">Si pripravljena na <strong>popolno preobrazbo svojih trepalnic?<\/strong><\/span><\/h2>\n<p><strong>Mehkoba<\/strong>, <strong>pro\u017enost<\/strong> ter <strong>ne\u017enost<\/strong> na o\u010deh \u2013 to smo ti \u017eeleli zagotoviti pri ustvarjanju te edinstvene formule. In uspelo nam je! Dobili smo<strong> izjemno lahko formulo<\/strong> &#8211; tudi nekaj plasti maskare trepalnic ne bo naredilo te\u017ekih. <strong>Ultra kremasta formula<\/strong> bo zdr\u017eala vse aktivnosti, emocije in napore.<\/p>\n<ul>\n<li style=\"font-weight: 400;\" aria-level=\"1\"><span style=\"font-weight: 400;\">Dramati\u010den volumen in dol\u017eina<\/span><\/li>\n<li style=\"font-weight: 400;\" aria-level=\"1\"><span style=\"font-weight: 400;\">Neverjetno mehke in pro\u017ene trepalnice, ki se ne zlepijo<\/span><\/li>\n<li style=\"font-weight: 400;\" aria-level=\"1\"><span style=\"font-weight: 400;\">Dolgoobstojna formula, ki zdr\u017ei 24 ur<\/span><\/li>\n<li style=\"font-weight: 400;\" aria-level=\"1\"><span style=\"font-weight: 400;\">Kremasta tekstura, ki ohranja trepalnice elasti\u010dne, se ne strdi in ne povzro\u010da grudic<\/span><\/li>\n<li style=\"font-weight: 400;\" aria-level=\"1\"><span style=\"font-weight: 400;\">Krta\u010dka v obliki pe\u0161\u010dene ure, ki odpira pogled<\/span><\/li>\n<li style=\"font-weight: 400;\" aria-level=\"1\"><span style=\"font-weight: 400;\">Formula, ki se ne odslika na veke in na podro\u010dje podo\u010dnjakov<\/span><\/li>\n<\/ul>\n<p><span style=\"font-weight: 400;\">Krta\u010dka <strong>v obliki pe\u0161\u010dene ure<\/strong> dose\u017ee tudi trepalnice v zunanjem in notranjem koti\u010dku o\u010desa, ki so navadno te\u017eje dostopne ter jih priviha in odpre. Krta\u010dka zaobjame<\/span><span style=\"font-weight: 400;\"> vse trepalnice, tudi tiste najkraj\u0161e in jim podari volumen.<\/span><\/p>\n<h2 style=\"text-align: center; clear: both;\"><\/h2>\n<h2><img loading=\"lazy\" decoding=\"async\" class=\"size-medium wp-image-83283 alignright\" src=\"https:\/\/cdn.activeluxe-cosmetics.com\/sl\/wp-content\/uploads\/2024\/01\/10122706\/infinty_lash_2-460x575.png\" alt=\"\" width=\"460\" height=\"575\" srcset=\"https:\/\/cdn.activeluxe-cosmetics.com\/sl\/wp-content\/uploads\/2024\/01\/10122706\/infinty_lash_2-460x575.png 460w, https:\/\/cdn.activeluxe-cosmetics.com\/sl\/wp-content\/uploads\/2024\/01\/10122706\/infinty_lash_2-819x1024.png 819w, https:\/\/cdn.activeluxe-cosmetics.com\/sl\/wp-content\/uploads\/2024\/01\/10122706\/infinty_lash_2-768x960.png 768w, https:\/\/cdn.activeluxe-cosmetics.com\/sl\/wp-content\/uploads\/2024\/01\/10122706\/infinty_lash_2-600x750.png 600w, https:\/\/cdn.activeluxe-cosmetics.com\/sl\/wp-content\/uploads\/2024\/01\/10122706\/infinty_lash_2.png 1080w\" sizes=\"auto, (max-width: 460px) 100vw, 460px\" \/><strong>3 v 1:<\/strong> <strong>privihanost<\/strong>, brezte\u017een <strong>volumen<\/strong> in neskon\u010dna <strong>dol\u017eina<\/strong><\/h2>\n<p><span style=\"font-weight: 400;\">Da, Infinity Lash maskara bo tvoje trepalnice:<\/span><\/p>\n<ul>\n<li style=\"font-weight: 400;\" aria-level=\"1\"><span style=\"font-weight: 400;\">privihala,<\/span><\/li>\n<li style=\"font-weight: 400;\" aria-level=\"1\"><span style=\"font-weight: 400;\">podalj\u0161ala ter\u00a0<\/span><\/li>\n<li style=\"font-weight: 400;\" aria-level=\"1\"><span style=\"font-weight: 400;\">zgostila!\u00a0<\/span><\/li>\n<\/ul>\n<p><span style=\"font-weight: 400;\">\u010ce prisega\u0161 na ne\u017eno poudarjene o\u010di, bo zadostoval <strong>en sloj maskare<\/strong>, \u010de pa \u017eeli\u0161 dose\u010di dramati\u010den videz o\u010di in bolj <strong>edgy look<\/strong>, nanesi <strong>dva ali tri sloje<\/strong>, saj formula omogo\u010da enostavno nadgraditev.<\/span><\/p>\n<p><span style=\"font-weight: 400;\"> En sloj, dva ali trije \u2013 z Infintiy Lash maskaro tvoje trepalnice zagotovo ne bodo ostale neopazne!<\/span><\/p>\n<p>Najnovej\u0161a Active Luxe Infitnity Lash maskara je prava osve\u017eitev v svetu kozmetike. Inovativna tekstura in popolna krta\u010dka sta vse, kar bo\u0161 potrebovala za <strong>videz sve\u017eih<\/strong>, <strong>spo\u010ditih<\/strong> in <strong>odprtih o\u010di<\/strong>.<\/p>\n<div style=\"display: flex; align-items: center; gap: 20px; flex-wrap: wrap;\">\n<p style=\"max-width: 360px;\">\n<\/div>\n","protected":false},"excerpt":{"rendered":"<p><span style=\"font-weight: 400;\">Za dramati\u010den volumen in dol\u017eino ter pro\u017ene trepalnice, ki se ne zlepijo.<\/span><\/p>\n","protected":false},"featured_media":105823,"comment_status":"open","ping_status":"closed","template":"","meta":[],"product_brand":[],"product_cat":[48,77],"product_tag":[],"class_list":{"0":"post-72444","1":"product","2":"type-product","3":"status-publish","4":"has-post-thumbnail","6":"product_cat-izdelki-za-nego-trepalnic","7":"product_cat-activeluxe-makeup","9":"first","10":"instock","11":"taxable","12":"shipping-taxable","13":"purchasable","14":"product-type-simple"},"bundled_by":[],"bundle_stock_status":"instock","bundle_stock_quantity":null,"bundle_virtual":false,"bundle_layout":"","bundle_add_to_cart_form_location":"","bundle_editable_in_cart":false,"bundle_sold_individually_context":"","bundle_item_grouping":"","bundle_min_size":"","bundle_max_size":"","bundle_price":[],"bundled_items":[],"bundle_sell_ids":[],"acf":[],"yoast_head":"<!-- This site is optimized with the Yoast SEO plugin v26.6 - https:\/\/yoast.com\/wordpress\/plugins\/seo\/ -->\n<title>Maskara za dol\u017eino trepalnic Infinity Lash - Active Luxe Cosmetics<\/title>\n<meta name=\"description\" content=\"Maskara za o\u010darljiv volumen in dol\u017eino trepalnic Infinity Lash. Vidno gostej\u0161e trepalnice \u017ee po prvem nanosu. Ne pu\u0161\u010da made\u017eev okoli o\u010di.\" \/>\n<meta name=\"robots\" content=\"index, follow, max-snippet:-1, max-image-preview:large, max-video-preview:-1\" \/>\n<link rel=\"canonical\" href=\"https:\/\/activeluxe-cosmetics.com\/sl\/izdelek\/infinity-lash-maskara\/\" \/>\n<meta property=\"og:locale\" content=\"sl_SI\" \/>\n<meta property=\"og:type\" content=\"article\" \/>\n<meta property=\"og:title\" content=\"Maskara za dol\u017eino trepalnic Infinity Lash - Active Luxe Cosmetics\" \/>\n<meta property=\"og:description\" content=\"Maskara za o\u010darljiv volumen in dol\u017eino trepalnic Infinity Lash. Vidno gostej\u0161e trepalnice \u017ee po prvem nanosu. Ne pu\u0161\u010da made\u017eev okoli o\u010di.\" \/>\n<meta property=\"og:url\" content=\"https:\/\/activeluxe-cosmetics.com\/sl\/izdelek\/infinity-lash-maskara\/\" \/>\n<meta property=\"og:site_name\" content=\"Active Luxe Cosmetics\" \/>\n<meta property=\"article:modified_time\" content=\"2026-04-16T08:35:38+00:00\" \/>\n<meta property=\"og:image\" content=\"https:\/\/cdn.activeluxe-cosmetics.com\/sl\/wp-content\/uploads\/2024\/01\/15022540\/Infinity-Lash-mascara_active_luxe.jpg\" \/>\n\t<meta property=\"og:image:width\" content=\"522\" \/>\n\t<meta property=\"og:image:height\" content=\"663\" \/>\n\t<meta property=\"og:image:type\" content=\"image\/jpeg\" \/>\n<meta name=\"twitter:card\" content=\"summary_large_image\" \/>\n<meta name=\"twitter:label1\" content=\"Est. reading time\" \/>\n\t<meta name=\"twitter:data1\" content=\"3 minute\" \/>\n<script type=\"application\/ld+json\" class=\"yoast-schema-graph\">{\"@context\":\"https:\/\/schema.org\",\"@graph\":[{\"@type\":\"WebPage\",\"@id\":\"https:\/\/activeluxe-cosmetics.com\/sl\/izdelek\/infinity-lash-maskara\/\",\"url\":\"https:\/\/activeluxe-cosmetics.com\/sl\/izdelek\/infinity-lash-maskara\/\",\"name\":\"Maskara za dol\u017eino trepalnic Infinity Lash - Active Luxe Cosmetics\",\"isPartOf\":{\"@id\":\"https:\/\/activeluxe-cosmetics.com\/sl\/#website\"},\"primaryImageOfPage\":{\"@id\":\"https:\/\/activeluxe-cosmetics.com\/sl\/izdelek\/infinity-lash-maskara\/#primaryimage\"},\"image\":{\"@id\":\"https:\/\/activeluxe-cosmetics.com\/sl\/izdelek\/infinity-lash-maskara\/#primaryimage\"},\"thumbnailUrl\":\"https:\/\/cdn.activeluxe-cosmetics.com\/sl\/wp-content\/uploads\/2024\/01\/15022540\/Infinity-Lash-mascara_active_luxe.jpg\",\"datePublished\":\"2024-01-10T14:21:29+00:00\",\"dateModified\":\"2026-04-16T08:35:38+00:00\",\"description\":\"Maskara za o\u010darljiv volumen in dol\u017eino trepalnic Infinity Lash. Vidno gostej\u0161e trepalnice \u017ee po prvem nanosu. Ne pu\u0161\u010da made\u017eev okoli o\u010di.\",\"breadcrumb\":{\"@id\":\"https:\/\/activeluxe-cosmetics.com\/sl\/izdelek\/infinity-lash-maskara\/#breadcrumb\"},\"inLanguage\":\"sl-SI\",\"potentialAction\":[{\"@type\":\"ReadAction\",\"target\":[\"https:\/\/activeluxe-cosmetics.com\/sl\/izdelek\/infinity-lash-maskara\/\"]}]},{\"@type\":\"ImageObject\",\"inLanguage\":\"sl-SI\",\"@id\":\"https:\/\/activeluxe-cosmetics.com\/sl\/izdelek\/infinity-lash-maskara\/#primaryimage\",\"url\":\"https:\/\/cdn.activeluxe-cosmetics.com\/sl\/wp-content\/uploads\/2024\/01\/15022540\/Infinity-Lash-mascara_active_luxe.jpg\",\"contentUrl\":\"https:\/\/cdn.activeluxe-cosmetics.com\/sl\/wp-content\/uploads\/2024\/01\/15022540\/Infinity-Lash-mascara_active_luxe.jpg\",\"width\":522,\"height\":663},{\"@type\":\"BreadcrumbList\",\"@id\":\"https:\/\/activeluxe-cosmetics.com\/sl\/izdelek\/infinity-lash-maskara\/#breadcrumb\",\"itemListElement\":[{\"@type\":\"ListItem\",\"position\":1,\"name\":\"Naslovnica\",\"item\":\"https:\/\/activeluxe-cosmetics.com\/sl\/\"},{\"@type\":\"ListItem\",\"position\":2,\"name\":\"Trgovina\",\"item\":\"https:\/\/activeluxe-cosmetics.com\/sl\/trgovina\/\"},{\"@type\":\"ListItem\",\"position\":3,\"name\":\"Infinity Lash maskara\"}]},{\"@type\":\"WebSite\",\"@id\":\"https:\/\/activeluxe-cosmetics.com\/sl\/#website\",\"url\":\"https:\/\/activeluxe-cosmetics.com\/sl\/\",\"name\":\"Active Luxe Cosmetics\",\"description\":\"\",\"potentialAction\":[{\"@type\":\"SearchAction\",\"target\":{\"@type\":\"EntryPoint\",\"urlTemplate\":\"https:\/\/activeluxe-cosmetics.com\/sl\/?s={search_term_string}\"},\"query-input\":{\"@type\":\"PropertyValueSpecification\",\"valueRequired\":true,\"valueName\":\"search_term_string\"}}],\"inLanguage\":\"sl-SI\"}]}<\/script>\n<!-- \/ Yoast SEO plugin. -->","yoast_head_json":{"title":"Maskara za dol\u017eino trepalnic Infinity Lash - Active Luxe Cosmetics","description":"Maskara za o\u010darljiv volumen in dol\u017eino trepalnic Infinity Lash. Vidno gostej\u0161e trepalnice \u017ee po prvem nanosu. Ne pu\u0161\u010da made\u017eev okoli o\u010di.","robots":{"index":"index","follow":"follow","max-snippet":"max-snippet:-1","max-image-preview":"max-image-preview:large","max-video-preview":"max-video-preview:-1"},"canonical":"https:\/\/activeluxe-cosmetics.com\/sl\/izdelek\/infinity-lash-maskara\/","og_locale":"sl_SI","og_type":"article","og_title":"Maskara za dol\u017eino trepalnic Infinity Lash - Active Luxe Cosmetics","og_description":"Maskara za o\u010darljiv volumen in dol\u017eino trepalnic Infinity Lash. Vidno gostej\u0161e trepalnice \u017ee po prvem nanosu. Ne pu\u0161\u010da made\u017eev okoli o\u010di.","og_url":"https:\/\/activeluxe-cosmetics.com\/sl\/izdelek\/infinity-lash-maskara\/","og_site_name":"Active Luxe Cosmetics","article_modified_time":"2026-04-16T08:35:38+00:00","og_image":[{"width":522,"height":663,"url":"https:\/\/cdn.activeluxe-cosmetics.com\/sl\/wp-content\/uploads\/2024\/01\/15022540\/Infinity-Lash-mascara_active_luxe.jpg","type":"image\/jpeg"}],"twitter_card":"summary_large_image","twitter_misc":{"Est. reading time":"3 minute"},"schema":{"@context":"https:\/\/schema.org","@graph":[{"@type":"WebPage","@id":"https:\/\/activeluxe-cosmetics.com\/sl\/izdelek\/infinity-lash-maskara\/","url":"https:\/\/activeluxe-cosmetics.com\/sl\/izdelek\/infinity-lash-maskara\/","name":"Maskara za dol\u017eino trepalnic Infinity Lash - Active Luxe Cosmetics","isPartOf":{"@id":"https:\/\/activeluxe-cosmetics.com\/sl\/#website"},"primaryImageOfPage":{"@id":"https:\/\/activeluxe-cosmetics.com\/sl\/izdelek\/infinity-lash-maskara\/#primaryimage"},"image":{"@id":"https:\/\/activeluxe-cosmetics.com\/sl\/izdelek\/infinity-lash-maskara\/#primaryimage"},"thumbnailUrl":"https:\/\/cdn.activeluxe-cosmetics.com\/sl\/wp-content\/uploads\/2024\/01\/15022540\/Infinity-Lash-mascara_active_luxe.jpg","datePublished":"2024-01-10T14:21:29+00:00","dateModified":"2026-04-16T08:35:38+00:00","description":"Maskara za o\u010darljiv volumen in dol\u017eino trepalnic Infinity Lash. Vidno gostej\u0161e trepalnice \u017ee po prvem nanosu. Ne pu\u0161\u010da made\u017eev okoli o\u010di.","breadcrumb":{"@id":"https:\/\/activeluxe-cosmetics.com\/sl\/izdelek\/infinity-lash-maskara\/#breadcrumb"},"inLanguage":"sl-SI","potentialAction":[{"@type":"ReadAction","target":["https:\/\/activeluxe-cosmetics.com\/sl\/izdelek\/infinity-lash-maskara\/"]}]},{"@type":"ImageObject","inLanguage":"sl-SI","@id":"https:\/\/activeluxe-cosmetics.com\/sl\/izdelek\/infinity-lash-maskara\/#primaryimage","url":"https:\/\/cdn.activeluxe-cosmetics.com\/sl\/wp-content\/uploads\/2024\/01\/15022540\/Infinity-Lash-mascara_active_luxe.jpg","contentUrl":"https:\/\/cdn.activeluxe-cosmetics.com\/sl\/wp-content\/uploads\/2024\/01\/15022540\/Infinity-Lash-mascara_active_luxe.jpg","width":522,"height":663},{"@type":"BreadcrumbList","@id":"https:\/\/activeluxe-cosmetics.com\/sl\/izdelek\/infinity-lash-maskara\/#breadcrumb","itemListElement":[{"@type":"ListItem","position":1,"name":"Naslovnica","item":"https:\/\/activeluxe-cosmetics.com\/sl\/"},{"@type":"ListItem","position":2,"name":"Trgovina","item":"https:\/\/activeluxe-cosmetics.com\/sl\/trgovina\/"},{"@type":"ListItem","position":3,"name":"Infinity Lash maskara"}]},{"@type":"WebSite","@id":"https:\/\/activeluxe-cosmetics.com\/sl\/#website","url":"https:\/\/activeluxe-cosmetics.com\/sl\/","name":"Active Luxe Cosmetics","description":"","potentialAction":[{"@type":"SearchAction","target":{"@type":"EntryPoint","urlTemplate":"https:\/\/activeluxe-cosmetics.com\/sl\/?s={search_term_string}"},"query-input":{"@type":"PropertyValueSpecification","valueRequired":true,"valueName":"search_term_string"}}],"inLanguage":"sl-SI"}]}},"_links":{"self":[{"href":"https:\/\/activeluxe-cosmetics.com\/sl\/wp-json\/wp\/v2\/product\/72444","targetHints":{"allow":["GET"]}}],"collection":[{"href":"https:\/\/activeluxe-cosmetics.com\/sl\/wp-json\/wp\/v2\/product"}],"about":[{"href":"https:\/\/activeluxe-cosmetics.com\/sl\/wp-json\/wp\/v2\/types\/product"}],"replies":[{"embeddable":true,"href":"https:\/\/activeluxe-cosmetics.com\/sl\/wp-json\/wp\/v2\/comments?post=72444"}],"wp:featuredmedia":[{"embeddable":true,"href":"https:\/\/activeluxe-cosmetics.com\/sl\/wp-json\/wp\/v2\/media\/105823"}],"wp:attachment":[{"href":"https:\/\/activeluxe-cosmetics.com\/sl\/wp-json\/wp\/v2\/media?parent=72444"}],"wp:term":[{"taxonomy":"product_brand","embeddable":true,"href":"https:\/\/activeluxe-cosmetics.com\/sl\/wp-json\/wp\/v2\/product_brand?post=72444"},{"taxonomy":"product_cat","embeddable":true,"href":"https:\/\/activeluxe-cosmetics.com\/sl\/wp-json\/wp\/v2\/product_cat?post=72444"},{"taxonomy":"product_tag","embeddable":true,"href":"https:\/\/activeluxe-cosmetics.com\/sl\/wp-json\/wp\/v2\/product_tag?post=72444"}],"curies":[{"name":"wp","href":"https:\/\/api.w.org\/{rel}","templated":true}]}}