{"id":72437,"date":"2024-01-10T15:21:29","date_gmt":"2024-01-10T14:21:29","guid":{"rendered":"https:\/\/activeluxe-cosmetics.com\/sl\/?post_type=product&#038;p=72437"},"modified":"2026-04-29T11:13:01","modified_gmt":"2026-04-29T09:13:01","slug":"set-za-hitrejso-rast-las","status":"publish","type":"product","link":"https:\/\/activeluxe-cosmetics.com\/sl\/izdelek\/set-za-hitrejso-rast-las\/","title":{"rendered":"Set za hitrej\u0161o rast las"},"content":{"rendered":"<p><img loading=\"lazy\" decoding=\"async\" class=\"size-medium wp-image-101019 alignright\" src=\"https:\/\/cdn.activeluxe-cosmetics.com\/sl\/wp-content\/uploads\/2024\/01\/23135922\/hitrejsa_rast_las-460x584.jpg\" alt=\"\" width=\"460\" height=\"584\" srcset=\"https:\/\/cdn.activeluxe-cosmetics.com\/sl\/wp-content\/uploads\/2024\/01\/23135922\/hitrejsa_rast_las-460x584.jpg 460w, https:\/\/cdn.activeluxe-cosmetics.com\/sl\/wp-content\/uploads\/2024\/01\/23135922\/hitrejsa_rast_las.jpg 581w\" sizes=\"auto, (max-width: 460px) 100vw, 460px\" \/><\/p>\n<h2><strong>Aktiviraj lase<\/strong>, ki rastejo po\u010dasi<\/h2>\n<p>Ni naklju\u010dje, da je Active Luxe Cosmetics <strong>sinonim za rast<\/strong>. Na\u0161e stranke danes prav zaradi teh izdelkov u\u017eivajo v dolgih, gostih in bujnih laseh.<\/p>\n<p>V dolo\u010denih obdobjih se vsi soo\u010damo s pove\u010danim izpadanjem las, nekateri pa celo s popolno ple\u0161avostjo.<\/p>\n<p>S posluhom za potrebe smo oblikovali izdelke in jih zdru\u017eili v komplet, ki bo va\u0161e lase prebudil iz zimskega spanja in <strong>aktiviral njihovo rast<\/strong>.<\/p>\n<p><strong>Komplet vsebuje 4 izdelke:<\/strong><\/p>\n<ul>\n<li>\u0160ampon proti izpadanju in za rast las, 250 ml (za normalno ali mastno lasi\u0161\u010de)<\/li>\n<li>Tonik\u00a0<span style=\"font-weight: 400;\">s trojnim delovanjem proti mo\u010dnemu izpadanju las, 120 ml<\/span><\/li>\n<li>Derma roller za masa\u017eo lasi\u0161\u010da<\/li>\n<li>Antibakterijski sprej za \u010di\u0161\u010denje derma rollerja<\/li>\n<\/ul>\n<h2 style=\"text-align: center; clear: both;\"><\/h2>\n<p>&nbsp;<\/p>\n<p>&nbsp;<\/p>\n<p><img loading=\"lazy\" decoding=\"async\" class=\"size-medium wp-image-101020 alignleft\" src=\"https:\/\/cdn.activeluxe-cosmetics.com\/sl\/wp-content\/uploads\/2024\/01\/23135944\/set_za_rast_las-460x584.jpg\" alt=\"\" width=\"460\" height=\"584\" srcset=\"https:\/\/cdn.activeluxe-cosmetics.com\/sl\/wp-content\/uploads\/2024\/01\/23135944\/set_za_rast_las-460x584.jpg 460w, https:\/\/cdn.activeluxe-cosmetics.com\/sl\/wp-content\/uploads\/2024\/01\/23135944\/set_za_rast_las.jpg 581w\" sizes=\"auto, (max-width: 460px) 100vw, 460px\" \/><\/p>\n<h2><strong>Spodbudi rast<\/strong> novih las!<\/h2>\n<p><strong>Najprej uporabi Active Luxe \u0161ampon:<\/strong><\/p>\n<ul>\n<li>vsebuje znanstveno dokazano <b>u\u010dinkovito sestavino proti izpadanju<\/b> las, ki <span style=\"color: #333333; font-size: 14.4px;\">deluje proti folikularni disfunkciji \u2013\u00a0<\/span><strong style=\"color: #333333; font-size: 14.4px;\">o\u017eivlja lasne me\u0161i\u010dke<\/strong><span style=\"color: #333333; font-size: 14.4px;\">\u00a0\u017ee od prvega dne uporabe,<\/span><\/li>\n<li style=\"font-weight: 400;\" aria-level=\"1\"><span style=\"font-weight: 400;\">spodbuja krvni obtok v lasi\u0161\u010du, kar koreninam oz. lasnim me\u0161i\u010dkom prina\u0161a ve\u010d hranil,<\/span><\/li>\n<li style=\"font-weight: 400;\" aria-level=\"1\"><span style=\"font-weight: 400;\">upo\u010dasnjuje staranje in odmiranje lasnih me\u0161i\u010dkov,<\/span><\/li>\n<li style=\"font-weight: 400;\" aria-level=\"1\"><span style=\"font-weight: 400;\">vidno krepi lasne korenine in strukturo lasu,<\/span><\/li>\n<li style=\"font-weight: 400;\" aria-level=\"1\"><span style=\"font-weight: 400;\">skupaj z Active Luxe tonikom<\/span><a href=\"https:\/\/derma-luxecosmetics.com\/sl\/izdelek\/tonik-proti-mocnemu-izpadanju-las\/\"><span style=\"font-weight: 400;\">\u00a0<\/span><\/a><span style=\"font-weight: 400;\">intenzivno spodbuja rast novih las pri prvih vidnih znakih ple\u0161avosti.\u00a0<\/span><\/li>\n<\/ul>\n<p><strong>Nadaljuj z uporabo Active Luxe derma rollerja, ki:<\/strong><\/p>\n<ul>\n<li>omogo\u010da ne\u017eno povr\u0161insko mehansko masa\u017eo lasi\u0161\u010da,<\/li>\n<li>dopolnjuje rutino nege lasi\u0161\u010da kot del redne uporabe,<\/li>\n<li>prispeva k ob\u010dutku sve\u017eega in negovanega lasi\u0161\u010da.<\/li>\n<\/ul>\n<h3 style=\"clear: both; max-width: 820px;\"><\/h3>\n<p><img loading=\"lazy\" decoding=\"async\" class=\"size-medium wp-image-100837 alignright\" src=\"https:\/\/cdn.activeluxe-cosmetics.com\/sl\/wp-content\/uploads\/2024\/10\/18141055\/sampon_in_tonik_za_rast_las_active_luxe-460x553.jpg\" alt=\"\" width=\"460\" height=\"553\" srcset=\"https:\/\/cdn.activeluxe-cosmetics.com\/sl\/wp-content\/uploads\/2024\/10\/18141055\/sampon_in_tonik_za_rast_las_active_luxe-460x553.jpg 460w, https:\/\/cdn.activeluxe-cosmetics.com\/sl\/wp-content\/uploads\/2024\/10\/18141055\/sampon_in_tonik_za_rast_las_active_luxe-853x1024.jpg 853w, https:\/\/cdn.activeluxe-cosmetics.com\/sl\/wp-content\/uploads\/2024\/10\/18141055\/sampon_in_tonik_za_rast_las_active_luxe-768x922.jpg 768w, https:\/\/cdn.activeluxe-cosmetics.com\/sl\/wp-content\/uploads\/2024\/10\/18141055\/sampon_in_tonik_za_rast_las_active_luxe-600x721.jpg 600w, https:\/\/cdn.activeluxe-cosmetics.com\/sl\/wp-content\/uploads\/2024\/10\/18141055\/sampon_in_tonik_za_rast_las_active_luxe.jpg 1104w\" sizes=\"auto, (max-width: 460px) 100vw, 460px\" \/><\/p>\n<h2><strong>Zaklju\u010di z nanosom <\/strong>intenzivnega tonika proti izpadanju las<\/h2>\n<p><span style=\"font-weight: 400;\">Active Luxe Tonic proti izpadanju las u\u010dinkovito<strong> deluje proti mo\u010dnemu in stalnemu izpadanju las<\/strong>, ki na lasi\u0161\u010du \u017ee pu\u0161\u010da vidne posledice ter <strong>podpira rast novih las<\/strong>. <\/span><\/p>\n<p><span style=\"font-weight: 400;\">J<\/span><span style=\"font-weight: 400;\">e <strong>intenzivni koncentrat 3 mo\u010dnih u\u010dinkovin<\/strong> in dokazano deluje.<\/span><\/p>\n<ul>\n<li><span style=\"font-weight: 400;\">S trojnim delovanjem proti mo\u010dnemu izpadanju las. Za 121% pove\u010da gostoto las, za 46% zmanj\u0161uje izpadanje las<\/span><\/li>\n<li>Enostaven in ciljni nanos<\/li>\n<li>Primeren za vsakodnevno uporabo<\/li>\n<li>Trojno delovanje<\/li>\n<li>Vidni rezultati \u017ee v 4 mesecih<\/li>\n<\/ul>\n<h4><em>Derma roller je kozmeti\u010dni pripomo\u010dek, namenjen izklju\u010dno zunanji uporabi za nego ko\u017ee. Ni namenjen zdravljenju, prepre\u010devanju ali vplivanju na fiziolo\u0161ke funkcije ko\u017ee.<\/em><\/h4>\n<div style=\"display: flex; align-items: center; gap: 20px; flex-wrap: wrap;\">\n<p style=\"max-width: 360px;\">\n<\/div>\n","protected":false},"excerpt":{"rendered":"<p>Set za nego lasi\u0161\u010da in las vklju\u010duje \u0161ampon, tonik, derma roller in \u010distilo. Primeren za \u017eenske in mo\u0161ke.<\/p>\n","protected":false},"featured_media":101018,"comment_status":"open","ping_status":"closed","template":"","meta":[],"product_brand":[],"product_cat":[100,110,53,42],"product_tag":[],"class_list":{"0":"post-72437","1":"product","2":"type-product","3":"status-publish","4":"has-post-thumbnail","6":"product_cat-seti-lasje","7":"product_cat-seti-za-moske","8":"product_cat-izdelki-za-nego-las","9":"product_cat-nega-za-moske","11":"first","12":"instock","13":"sale","14":"taxable","15":"shipping-taxable","16":"purchasable","17":"product-type-variable"},"bundled_by":[],"bundle_stock_status":"instock","bundle_stock_quantity":null,"bundle_virtual":false,"bundle_layout":"","bundle_add_to_cart_form_location":"","bundle_editable_in_cart":false,"bundle_sold_individually_context":"","bundle_item_grouping":"","bundle_min_size":"","bundle_max_size":"","bundle_price":[],"bundled_items":[],"bundle_sell_ids":[],"acf":[],"yoast_head":"<!-- This site is optimized with the Yoast SEO plugin v26.6 - https:\/\/yoast.com\/wordpress\/plugins\/seo\/ -->\n<title>Izdelki za hitrej\u0161o rast las - Active Luxe Cosmetics<\/title>\n<meta name=\"description\" content=\"Pospe\u0161i rast svojih las s setom, v katerem dobi\u0161 \u0161ampon za rast las, derma roller, \u010distilo za derma roller ter tonik proti izpadanju las.\" \/>\n<meta name=\"robots\" content=\"index, follow, max-snippet:-1, max-image-preview:large, max-video-preview:-1\" \/>\n<link rel=\"canonical\" href=\"https:\/\/activeluxe-cosmetics.com\/sl\/izdelek\/set-za-hitrejso-rast-las\/\" \/>\n<meta property=\"og:locale\" content=\"sl_SI\" \/>\n<meta property=\"og:type\" content=\"article\" \/>\n<meta property=\"og:title\" content=\"Izdelki za hitrej\u0161o rast las - Active Luxe Cosmetics\" \/>\n<meta property=\"og:description\" content=\"Pospe\u0161i rast svojih las s setom, v katerem dobi\u0161 \u0161ampon za rast las, derma roller, \u010distilo za derma roller ter tonik proti izpadanju las.\" \/>\n<meta property=\"og:url\" content=\"https:\/\/activeluxe-cosmetics.com\/sl\/izdelek\/set-za-hitrejso-rast-las\/\" \/>\n<meta property=\"og:site_name\" content=\"Active Luxe Cosmetics\" \/>\n<meta property=\"article:modified_time\" content=\"2026-04-29T09:13:01+00:00\" \/>\n<meta property=\"og:image\" content=\"https:\/\/cdn.activeluxe-cosmetics.com\/sl\/wp-content\/uploads\/2024\/01\/23134305\/set_za_rast_las_active_luxe.jpg\" \/>\n\t<meta property=\"og:image:width\" content=\"1104\" \/>\n\t<meta property=\"og:image:height\" content=\"1326\" \/>\n\t<meta property=\"og:image:type\" content=\"image\/jpeg\" \/>\n<meta name=\"twitter:card\" content=\"summary_large_image\" \/>\n<meta name=\"twitter:label1\" content=\"Est. reading time\" \/>\n\t<meta name=\"twitter:data1\" content=\"3 minute\" \/>\n<script type=\"application\/ld+json\" class=\"yoast-schema-graph\">{\"@context\":\"https:\/\/schema.org\",\"@graph\":[{\"@type\":\"WebPage\",\"@id\":\"https:\/\/activeluxe-cosmetics.com\/sl\/izdelek\/set-za-hitrejso-rast-las\/\",\"url\":\"https:\/\/activeluxe-cosmetics.com\/sl\/izdelek\/set-za-hitrejso-rast-las\/\",\"name\":\"Izdelki za hitrej\u0161o rast las - Active Luxe Cosmetics\",\"isPartOf\":{\"@id\":\"https:\/\/activeluxe-cosmetics.com\/sl\/#website\"},\"primaryImageOfPage\":{\"@id\":\"https:\/\/activeluxe-cosmetics.com\/sl\/izdelek\/set-za-hitrejso-rast-las\/#primaryimage\"},\"image\":{\"@id\":\"https:\/\/activeluxe-cosmetics.com\/sl\/izdelek\/set-za-hitrejso-rast-las\/#primaryimage\"},\"thumbnailUrl\":\"https:\/\/cdn.activeluxe-cosmetics.com\/sl\/wp-content\/uploads\/2024\/01\/23134305\/set_za_rast_las_active_luxe.jpg\",\"datePublished\":\"2024-01-10T14:21:29+00:00\",\"dateModified\":\"2026-04-29T09:13:01+00:00\",\"description\":\"Pospe\u0161i rast svojih las s setom, v katerem dobi\u0161 \u0161ampon za rast las, derma roller, \u010distilo za derma roller ter tonik proti izpadanju las.\",\"breadcrumb\":{\"@id\":\"https:\/\/activeluxe-cosmetics.com\/sl\/izdelek\/set-za-hitrejso-rast-las\/#breadcrumb\"},\"inLanguage\":\"sl-SI\",\"potentialAction\":[{\"@type\":\"ReadAction\",\"target\":[\"https:\/\/activeluxe-cosmetics.com\/sl\/izdelek\/set-za-hitrejso-rast-las\/\"]}]},{\"@type\":\"ImageObject\",\"inLanguage\":\"sl-SI\",\"@id\":\"https:\/\/activeluxe-cosmetics.com\/sl\/izdelek\/set-za-hitrejso-rast-las\/#primaryimage\",\"url\":\"https:\/\/cdn.activeluxe-cosmetics.com\/sl\/wp-content\/uploads\/2024\/01\/23134305\/set_za_rast_las_active_luxe.jpg\",\"contentUrl\":\"https:\/\/cdn.activeluxe-cosmetics.com\/sl\/wp-content\/uploads\/2024\/01\/23134305\/set_za_rast_las_active_luxe.jpg\",\"width\":1104,\"height\":1326,\"caption\":\"Set za hitrej\u0161o rast las Active Luxe\"},{\"@type\":\"BreadcrumbList\",\"@id\":\"https:\/\/activeluxe-cosmetics.com\/sl\/izdelek\/set-za-hitrejso-rast-las\/#breadcrumb\",\"itemListElement\":[{\"@type\":\"ListItem\",\"position\":1,\"name\":\"Naslovnica\",\"item\":\"https:\/\/activeluxe-cosmetics.com\/sl\/\"},{\"@type\":\"ListItem\",\"position\":2,\"name\":\"Trgovina\",\"item\":\"https:\/\/activeluxe-cosmetics.com\/sl\/trgovina\/\"},{\"@type\":\"ListItem\",\"position\":3,\"name\":\"Set za hitrej\u0161o rast las\"}]},{\"@type\":\"WebSite\",\"@id\":\"https:\/\/activeluxe-cosmetics.com\/sl\/#website\",\"url\":\"https:\/\/activeluxe-cosmetics.com\/sl\/\",\"name\":\"Active Luxe Cosmetics\",\"description\":\"\",\"potentialAction\":[{\"@type\":\"SearchAction\",\"target\":{\"@type\":\"EntryPoint\",\"urlTemplate\":\"https:\/\/activeluxe-cosmetics.com\/sl\/?s={search_term_string}\"},\"query-input\":{\"@type\":\"PropertyValueSpecification\",\"valueRequired\":true,\"valueName\":\"search_term_string\"}}],\"inLanguage\":\"sl-SI\"}]}<\/script>\n<!-- \/ Yoast SEO plugin. -->","yoast_head_json":{"title":"Izdelki za hitrej\u0161o rast las - Active Luxe Cosmetics","description":"Pospe\u0161i rast svojih las s setom, v katerem dobi\u0161 \u0161ampon za rast las, derma roller, \u010distilo za derma roller ter tonik proti izpadanju las.","robots":{"index":"index","follow":"follow","max-snippet":"max-snippet:-1","max-image-preview":"max-image-preview:large","max-video-preview":"max-video-preview:-1"},"canonical":"https:\/\/activeluxe-cosmetics.com\/sl\/izdelek\/set-za-hitrejso-rast-las\/","og_locale":"sl_SI","og_type":"article","og_title":"Izdelki za hitrej\u0161o rast las - Active Luxe Cosmetics","og_description":"Pospe\u0161i rast svojih las s setom, v katerem dobi\u0161 \u0161ampon za rast las, derma roller, \u010distilo za derma roller ter tonik proti izpadanju las.","og_url":"https:\/\/activeluxe-cosmetics.com\/sl\/izdelek\/set-za-hitrejso-rast-las\/","og_site_name":"Active Luxe Cosmetics","article_modified_time":"2026-04-29T09:13:01+00:00","og_image":[{"width":1104,"height":1326,"url":"https:\/\/cdn.activeluxe-cosmetics.com\/sl\/wp-content\/uploads\/2024\/01\/23134305\/set_za_rast_las_active_luxe.jpg","type":"image\/jpeg"}],"twitter_card":"summary_large_image","twitter_misc":{"Est. reading time":"3 minute"},"schema":{"@context":"https:\/\/schema.org","@graph":[{"@type":"WebPage","@id":"https:\/\/activeluxe-cosmetics.com\/sl\/izdelek\/set-za-hitrejso-rast-las\/","url":"https:\/\/activeluxe-cosmetics.com\/sl\/izdelek\/set-za-hitrejso-rast-las\/","name":"Izdelki za hitrej\u0161o rast las - Active Luxe Cosmetics","isPartOf":{"@id":"https:\/\/activeluxe-cosmetics.com\/sl\/#website"},"primaryImageOfPage":{"@id":"https:\/\/activeluxe-cosmetics.com\/sl\/izdelek\/set-za-hitrejso-rast-las\/#primaryimage"},"image":{"@id":"https:\/\/activeluxe-cosmetics.com\/sl\/izdelek\/set-za-hitrejso-rast-las\/#primaryimage"},"thumbnailUrl":"https:\/\/cdn.activeluxe-cosmetics.com\/sl\/wp-content\/uploads\/2024\/01\/23134305\/set_za_rast_las_active_luxe.jpg","datePublished":"2024-01-10T14:21:29+00:00","dateModified":"2026-04-29T09:13:01+00:00","description":"Pospe\u0161i rast svojih las s setom, v katerem dobi\u0161 \u0161ampon za rast las, derma roller, \u010distilo za derma roller ter tonik proti izpadanju las.","breadcrumb":{"@id":"https:\/\/activeluxe-cosmetics.com\/sl\/izdelek\/set-za-hitrejso-rast-las\/#breadcrumb"},"inLanguage":"sl-SI","potentialAction":[{"@type":"ReadAction","target":["https:\/\/activeluxe-cosmetics.com\/sl\/izdelek\/set-za-hitrejso-rast-las\/"]}]},{"@type":"ImageObject","inLanguage":"sl-SI","@id":"https:\/\/activeluxe-cosmetics.com\/sl\/izdelek\/set-za-hitrejso-rast-las\/#primaryimage","url":"https:\/\/cdn.activeluxe-cosmetics.com\/sl\/wp-content\/uploads\/2024\/01\/23134305\/set_za_rast_las_active_luxe.jpg","contentUrl":"https:\/\/cdn.activeluxe-cosmetics.com\/sl\/wp-content\/uploads\/2024\/01\/23134305\/set_za_rast_las_active_luxe.jpg","width":1104,"height":1326,"caption":"Set za hitrej\u0161o rast las Active Luxe"},{"@type":"BreadcrumbList","@id":"https:\/\/activeluxe-cosmetics.com\/sl\/izdelek\/set-za-hitrejso-rast-las\/#breadcrumb","itemListElement":[{"@type":"ListItem","position":1,"name":"Naslovnica","item":"https:\/\/activeluxe-cosmetics.com\/sl\/"},{"@type":"ListItem","position":2,"name":"Trgovina","item":"https:\/\/activeluxe-cosmetics.com\/sl\/trgovina\/"},{"@type":"ListItem","position":3,"name":"Set za hitrej\u0161o rast las"}]},{"@type":"WebSite","@id":"https:\/\/activeluxe-cosmetics.com\/sl\/#website","url":"https:\/\/activeluxe-cosmetics.com\/sl\/","name":"Active Luxe Cosmetics","description":"","potentialAction":[{"@type":"SearchAction","target":{"@type":"EntryPoint","urlTemplate":"https:\/\/activeluxe-cosmetics.com\/sl\/?s={search_term_string}"},"query-input":{"@type":"PropertyValueSpecification","valueRequired":true,"valueName":"search_term_string"}}],"inLanguage":"sl-SI"}]}},"_links":{"self":[{"href":"https:\/\/activeluxe-cosmetics.com\/sl\/wp-json\/wp\/v2\/product\/72437","targetHints":{"allow":["GET"]}}],"collection":[{"href":"https:\/\/activeluxe-cosmetics.com\/sl\/wp-json\/wp\/v2\/product"}],"about":[{"href":"https:\/\/activeluxe-cosmetics.com\/sl\/wp-json\/wp\/v2\/types\/product"}],"replies":[{"embeddable":true,"href":"https:\/\/activeluxe-cosmetics.com\/sl\/wp-json\/wp\/v2\/comments?post=72437"}],"wp:featuredmedia":[{"embeddable":true,"href":"https:\/\/activeluxe-cosmetics.com\/sl\/wp-json\/wp\/v2\/media\/101018"}],"wp:attachment":[{"href":"https:\/\/activeluxe-cosmetics.com\/sl\/wp-json\/wp\/v2\/media?parent=72437"}],"wp:term":[{"taxonomy":"product_brand","embeddable":true,"href":"https:\/\/activeluxe-cosmetics.com\/sl\/wp-json\/wp\/v2\/product_brand?post=72437"},{"taxonomy":"product_cat","embeddable":true,"href":"https:\/\/activeluxe-cosmetics.com\/sl\/wp-json\/wp\/v2\/product_cat?post=72437"},{"taxonomy":"product_tag","embeddable":true,"href":"https:\/\/activeluxe-cosmetics.com\/sl\/wp-json\/wp\/v2\/product_tag?post=72437"}],"curies":[{"name":"wp","href":"https:\/\/api.w.org\/{rel}","templated":true}]}}