{"id":72424,"date":"2024-01-10T15:21:18","date_gmt":"2024-01-10T14:21:18","guid":{"rendered":"https:\/\/activeluxe-cosmetics.com\/sl\/?post_type=product&#038;p=72424"},"modified":"2026-01-27T09:42:51","modified_gmt":"2026-01-27T08:42:51","slug":"set-proti-intenzivnemu-izpadanju-las","status":"publish","type":"product","link":"https:\/\/activeluxe-cosmetics.com\/sl\/izdelek\/set-proti-intenzivnemu-izpadanju-las\/","title":{"rendered":"Set proti intenzivnemu izpadanju las"},"content":{"rendered":"<p><img loading=\"lazy\" decoding=\"async\" class=\"size-medium wp-image-82544 alignright\" src=\"https:\/\/cdn.activeluxe-cosmetics.com\/sl\/wp-content\/uploads\/2024\/01\/28145703\/Izdelek-brez-naslova-81-1-460x575.png\" alt=\"\" width=\"460\" height=\"575\" srcset=\"https:\/\/cdn.activeluxe-cosmetics.com\/sl\/wp-content\/uploads\/2024\/01\/28145703\/Izdelek-brez-naslova-81-1-460x575.png 460w, https:\/\/cdn.activeluxe-cosmetics.com\/sl\/wp-content\/uploads\/2024\/01\/28145703\/Izdelek-brez-naslova-81-1-819x1024.png 819w, https:\/\/cdn.activeluxe-cosmetics.com\/sl\/wp-content\/uploads\/2024\/01\/28145703\/Izdelek-brez-naslova-81-1-768x960.png 768w, https:\/\/cdn.activeluxe-cosmetics.com\/sl\/wp-content\/uploads\/2024\/01\/28145703\/Izdelek-brez-naslova-81-1-600x750.png 600w, https:\/\/cdn.activeluxe-cosmetics.com\/sl\/wp-content\/uploads\/2024\/01\/28145703\/Izdelek-brez-naslova-81-1.png 1080w\" sizes=\"auto, (max-width: 460px) 100vw, 460px\" \/><\/p>\n<h2>Set, ki aktivira <b>ponovno rast las<\/b><\/h2>\n<p><span style=\"font-weight: 400;\">\u010ce si ob vsakem umivanju \u0161okiran-a nad koli\u010dino las, ki izpadejo, obstaja re\u0161itev! Najde\u0161 jo v setu, ki aktivno ohranja tvoje lase v korenini lasnega me\u0161i\u010dka ter spodbuja rast novih las.<\/span><\/p>\n<p><span style=\"font-weight: 400;\">Izbere\u0161 lahko med tremi razli\u010dnimi pakiranji:\u00a0 za <\/span><b>40 dni uporabe<\/b><span style=\"font-weight: 400;\">,<\/span><b> 4 mesece (120 dni)<\/b><span style=\"font-weight: 400;\">\u00a0ali<strong> 6,5 mesecev (200 dni) uporabe:<\/strong><\/span><\/p>\n<ul>\n<li style=\"font-weight: 400;\" aria-level=\"1\"><b>Set za 40 dni uporabe <\/b><span style=\"font-weight: 400;\">\u00a0vsebuje \u0161ampon proti izpadanju las (250 ml), serum za rast las (15 ml), derma roller in \u010distilo za derma roller.<\/span><\/li>\n<li style=\"font-weight: 400;\" aria-level=\"1\"><b>Set za 120 dni uporabe <\/b><span style=\"font-weight: 400;\">vsebuje \u0161ampon proti izpadanju las (250 ml), serum za rast las (15 ml), derma roller, \u010distilo za derma roller + \u0161e 2 dodatna 15 ml seruma za rast las .<\/span><\/li>\n<li style=\"font-weight: 400;\" aria-level=\"1\"><b>Set za 200 dni uporabe <\/b><span style=\"font-weight: 400;\">vsebuje \u0161ampon proti izpadanju las (250 ml), serum za rast las (15 ml), derma roller, \u010distilo za derma roller + \u0161e 4 dodatne 15 ml serume za rast las<\/span><\/li>\n<\/ul>\n<div style=\"clear: both;\"><img loading=\"lazy\" decoding=\"async\" class=\"size-medium wp-image-82489 alignleft\" src=\"https:\/\/cdn.activeluxe-cosmetics.com\/sl\/wp-content\/uploads\/2024\/01\/28145712\/Izdelek-brez-naslova-68-2-460x575.png\" alt=\"\" width=\"460\" height=\"575\" srcset=\"https:\/\/cdn.activeluxe-cosmetics.com\/sl\/wp-content\/uploads\/2024\/01\/28145712\/Izdelek-brez-naslova-68-2-460x575.png 460w, https:\/\/cdn.activeluxe-cosmetics.com\/sl\/wp-content\/uploads\/2024\/01\/28145712\/Izdelek-brez-naslova-68-2-819x1024.png 819w, https:\/\/cdn.activeluxe-cosmetics.com\/sl\/wp-content\/uploads\/2024\/01\/28145712\/Izdelek-brez-naslova-68-2-768x960.png 768w, https:\/\/cdn.activeluxe-cosmetics.com\/sl\/wp-content\/uploads\/2024\/01\/28145712\/Izdelek-brez-naslova-68-2-600x750.png 600w, https:\/\/cdn.activeluxe-cosmetics.com\/sl\/wp-content\/uploads\/2024\/01\/28145712\/Izdelek-brez-naslova-68-2.png 1080w\" sizes=\"auto, (max-width: 460px) 100vw, 460px\" \/><\/div>\n<h2>Na\u0161e<strong> priporo\u010dilo<\/strong><\/h2>\n<p><span style=\"font-weight: 400;\">V primeru intenzivnega izpadanja las ti priporo\u010damo set <\/span><b>za najmanj 120 dni uporabe<\/b><span style=\"font-weight: 400;\">, v katerem bo\u0161 prejel\/a \u0161ampon proti izpadanju las, derma roller in 3 serume za rast las.<\/span><\/p>\n<ul>\n<li style=\"font-weight: 400;\" aria-level=\"1\"><span style=\"font-weight: 400;\">Serum za rast las nanesi vsak ve\u010der (najmanj 120 dni). Ne\u017eno ga vmasiraj v lasi\u0161\u010de, brez drgnjenja in ne izpiraj. Lahko nana\u0161a\u0161 na suhe ali mokre lase. Po kon\u010danem 120 dnevnem tretmaju ga za vzdr\u017eevanje rezultatov nana\u0161aj vsak 2 ali 3 dan.<\/span><\/li>\n<li style=\"font-weight: 400;\" aria-level=\"1\"><span style=\"font-weight: 400;\">\u0160ampon uporabljaj 2x do 3x na teden. Manj\u0161o koli\u010dino \u0161ampona nanesi na mokre lase, speni in ne\u017eno vmasiraj, brez drgnjenja. Pusti na laseh 1 do 2 minuti in speri z mla\u010dno vodo.<\/span><\/li>\n<li style=\"font-weight: 400;\" aria-level=\"1\">Za celovito nego lasi\u0161\u010da priporo\u010damo uporabo derma rollerja za masa\u017eo lasi\u0161\u010da, ki se uporablja kot dopolnilo nanosu seruma in \u0161ampona v okviru redne negovalne rutine<\/li>\n<\/ul>\n<div style=\"clear: both;\"><img loading=\"lazy\" decoding=\"async\" class=\"size-medium wp-image-80728 alignright\" src=\"https:\/\/cdn.activeluxe-cosmetics.com\/sl\/wp-content\/uploads\/2024\/01\/28145925\/Group-344-2-460x584.jpg\" alt=\"\" width=\"460\" height=\"584\" srcset=\"https:\/\/cdn.activeluxe-cosmetics.com\/sl\/wp-content\/uploads\/2024\/01\/28145925\/Group-344-2-460x584.jpg 460w, https:\/\/cdn.activeluxe-cosmetics.com\/sl\/wp-content\/uploads\/2024\/01\/28145925\/Group-344-2.jpg 581w\" sizes=\"auto, (max-width: 460px) 100vw, 460px\" \/><\/div>\n<h2><b>Tri faze <\/b>rasti las<\/h2>\n<p><span style=\"font-weight: 400;\">Da bi razumeli vzroke izpadanja las, moramo razumeti cikel rasti las. Las gre skozi <\/span><b>tri faze rasti<\/b><span style=\"font-weight: 400;\">:<\/span><\/p>\n<ul>\n<li style=\"font-weight: 400;\" aria-level=\"1\"><b>Anagena faza<\/b><span style=\"font-weight: 400;\">, je faza rasti las, ki traja 2 do 6 let. V tej fazi\u00a0 je las mo\u010dan in ne izpada spontano.<\/span><\/li>\n<li style=\"font-weight: 400;\" aria-level=\"1\"><b>Katagena faza<\/b><span style=\"font-weight: 400;\">, je faza mirovanja, v kateri las preneha rasti. Traja od 1 do 3 tednov.<\/span><\/li>\n<li style=\"font-weight: 400;\" aria-level=\"1\"><b>Telogena faza<\/b><span style=\"font-weight: 400;\"> pa je faza izpadanja, v kateri lasni me\u0161i\u010dek odmre, las nima ve\u010d opore in zlahka odpade. Ta faza traja 2 do 4 mesece.<\/span><\/li>\n<\/ul>\n<p><span style=\"font-weight: 400;\">V fazi izpadanja za\u010dne serum za rast las aktivirati delujo\u010de in spe\u010de lasne me\u0161i\u010dke, tako da \u010dim hitreje preidejo v fazo rasti in jo podalj\u0161ajo.<\/span><\/p>\n<p><span style=\"font-weight: 400;\">Zato je za prve vidne razultate rasti las potreben vsakodnevni nanos seruma najmanj 120 dni oz. 4 mesece (v tem \u010dasu gredo lasje skozi fazo izpadanja).<\/span><\/p>\n<div style=\"clear: both;\"><\/div>\n<h2><b><img loading=\"lazy\" decoding=\"async\" class=\"size-medium wp-image-89684 alignleft\" src=\"https:\/\/cdn.activeluxe-cosmetics.com\/sl\/wp-content\/uploads\/2024\/10\/21084247\/alc_hairgrowthshampoo-460x575.png\" alt=\"\" width=\"460\" height=\"575\" srcset=\"https:\/\/cdn.activeluxe-cosmetics.com\/sl\/wp-content\/uploads\/2024\/10\/21084247\/alc_hairgrowthshampoo-460x575.png 460w, https:\/\/cdn.activeluxe-cosmetics.com\/sl\/wp-content\/uploads\/2024\/10\/21084247\/alc_hairgrowthshampoo-819x1024.png 819w, https:\/\/cdn.activeluxe-cosmetics.com\/sl\/wp-content\/uploads\/2024\/10\/21084247\/alc_hairgrowthshampoo-768x960.png 768w, https:\/\/cdn.activeluxe-cosmetics.com\/sl\/wp-content\/uploads\/2024\/10\/21084247\/alc_hairgrowthshampoo-600x750.png 600w, https:\/\/cdn.activeluxe-cosmetics.com\/sl\/wp-content\/uploads\/2024\/10\/21084247\/alc_hairgrowthshampoo.png 1080w\" sizes=\"auto, (max-width: 460px) 100vw, 460px\" \/>Pravilno zaporedje <\/b>uporabe<\/h2>\n<ul>\n<li><span style=\"font-weight: 400;\">Najprej uporabi <\/span><b>Active Luxe \u0161ampon<\/b><span style=\"font-weight: 400;\">, ki o\u017eivlja lasne me\u0161i\u010dke \u017ee od prvega dne uporabe ter spodbuja krvni obtok v lasi\u0161\u010du, kar koreninam oz. lasnim me\u0161i\u010dkom prina\u0161a ve\u010d hranil. Upo\u010dasnjuje staranje in odmiranje lasnih me\u0161i\u010dkov ter vidno krepi lasne korenine in strukturo lasu.<\/span><\/li>\n<li>Nadaljuj z uporabo <strong>Active Luxe derma rollerja<\/strong> za ne\u017eno povr\u0161insko masa\u017eo lasi\u0161\u010da. Derma roller se uporablja kot del rutine nege lasi\u0161\u010da ter dopolnjuje nanos lasnih kozmeti\u010dnih izdelkov v okviru redne uporabe.<\/li>\n<li><span style=\"font-weight: 400;\">Naslednji korak je <\/span><b>Active Luxe serum za rast las<\/b><span style=\"font-weight: 400;\">. Odli\u010den je tudi za vse, ki se \u017ee spopadajo s ple\u0161avostjo ali kro\u017enim izpadanjem las. Serum deluje neposredno na folikularno disfunkcijo. S sinergijo visoko u\u010dinkovitih sestavin in kar dvema naprednima formulama intenzivno deluje na novo rast las na celi\u010dni ravni brez stranskih u\u010dinkov. Obnavlja lasne celice, o\u017eivlja lasni me\u0161i\u010dek ter spodbuja rast las. Z antioksidativnimi in hidratantnimi u\u010dinkovinami krepi strukturo lasne korenine, s \u010dimer naredi korenino mo\u010dnej\u0161o, prepre\u010duje izpadnje las, lomljenje in red\u010denje las.<\/span><\/li>\n<\/ul>\n<h4><em>Derma roller je kozmeti\u010dni pripomo\u010dek, namenjen izklju\u010dno zunanji uporabi za nego ko\u017ee. Ni namenjen zdravljenju, prepre\u010devanju ali vplivanju na fiziolo\u0161ke funkcije ko\u017ee.<\/em><\/h4>\n","protected":false},"excerpt":{"rendered":"<p>Set za nego las in lasi\u0161\u010da s \u0161amponom, serumom, derma rollerjem in \u010distilom. Na voljo za 40, 120 ali 200 dni. Za \u017eenske in mo\u0161ke.<\/p>\n","protected":false},"featured_media":90792,"comment_status":"open","ping_status":"closed","template":"","meta":[],"product_brand":[],"product_cat":[100,110,53,42],"product_tag":[],"class_list":{"0":"post-72424","1":"product","2":"type-product","3":"status-publish","4":"has-post-thumbnail","6":"product_cat-seti-lasje","7":"product_cat-seti-za-moske","8":"product_cat-izdelki-za-nego-las","9":"product_cat-nega-za-moske","11":"first","12":"instock","13":"sale","14":"taxable","15":"shipping-taxable","16":"purchasable","17":"product-type-variable","18":"has-default-attributes"},"bundled_by":[],"bundle_stock_status":"instock","bundle_stock_quantity":null,"bundle_virtual":false,"bundle_layout":"","bundle_add_to_cart_form_location":"","bundle_editable_in_cart":false,"bundle_sold_individually_context":"","bundle_item_grouping":"","bundle_min_size":"","bundle_max_size":"","bundle_price":[],"bundled_items":[],"bundle_sell_ids":[],"acf":[],"yoast_head":"<!-- This site is optimized with the Yoast SEO plugin v26.6 - https:\/\/yoast.com\/wordpress\/plugins\/seo\/ -->\n<title>Set proti intenzivnemu izpadanju las - Active Luxe Cosmetics<\/title>\n<meta name=\"description\" content=\"Set za 40 dni uporabe, za 4 mesece uporabe in za 6 mesecev in pol uporabe: \u0161ampon proti izpadanju las, serum za rast las, derma roller.\" \/>\n<meta name=\"robots\" content=\"index, follow, max-snippet:-1, max-image-preview:large, max-video-preview:-1\" \/>\n<link rel=\"canonical\" href=\"https:\/\/activeluxe-cosmetics.com\/sl\/izdelek\/set-proti-intenzivnemu-izpadanju-las\/\" \/>\n<meta property=\"og:locale\" content=\"sl_SI\" \/>\n<meta property=\"og:type\" content=\"article\" \/>\n<meta property=\"og:title\" content=\"Set proti intenzivnemu izpadanju las - Active Luxe Cosmetics\" \/>\n<meta property=\"og:description\" content=\"Set za 40 dni uporabe, za 4 mesece uporabe in za 6 mesecev in pol uporabe: \u0161ampon proti izpadanju las, serum za rast las, derma roller.\" \/>\n<meta property=\"og:url\" content=\"https:\/\/activeluxe-cosmetics.com\/sl\/izdelek\/set-proti-intenzivnemu-izpadanju-las\/\" \/>\n<meta property=\"og:site_name\" content=\"Active Luxe Cosmetics\" \/>\n<meta property=\"article:modified_time\" content=\"2026-01-27T08:42:51+00:00\" \/>\n<meta property=\"og:image\" content=\"https:\/\/cdn.activeluxe-cosmetics.com\/sl\/wp-content\/uploads\/2024\/01\/13083546\/44_Bundle_ShampooSerumCleanserRoller-1.jpg\" \/>\n\t<meta property=\"og:image:width\" content=\"1104\" \/>\n\t<meta property=\"og:image:height\" content=\"1326\" \/>\n\t<meta property=\"og:image:type\" content=\"image\/jpeg\" \/>\n<meta name=\"twitter:card\" content=\"summary_large_image\" \/>\n<meta name=\"twitter:label1\" content=\"Est. reading time\" \/>\n\t<meta name=\"twitter:data1\" content=\"5 minut\" \/>\n<script type=\"application\/ld+json\" class=\"yoast-schema-graph\">{\"@context\":\"https:\/\/schema.org\",\"@graph\":[{\"@type\":\"WebPage\",\"@id\":\"https:\/\/activeluxe-cosmetics.com\/sl\/izdelek\/set-proti-intenzivnemu-izpadanju-las\/\",\"url\":\"https:\/\/activeluxe-cosmetics.com\/sl\/izdelek\/set-proti-intenzivnemu-izpadanju-las\/\",\"name\":\"Set proti intenzivnemu izpadanju las - Active Luxe Cosmetics\",\"isPartOf\":{\"@id\":\"https:\/\/activeluxe-cosmetics.com\/sl\/#website\"},\"primaryImageOfPage\":{\"@id\":\"https:\/\/activeluxe-cosmetics.com\/sl\/izdelek\/set-proti-intenzivnemu-izpadanju-las\/#primaryimage\"},\"image\":{\"@id\":\"https:\/\/activeluxe-cosmetics.com\/sl\/izdelek\/set-proti-intenzivnemu-izpadanju-las\/#primaryimage\"},\"thumbnailUrl\":\"https:\/\/cdn.activeluxe-cosmetics.com\/sl\/wp-content\/uploads\/2024\/01\/13083546\/44_Bundle_ShampooSerumCleanserRoller-1.jpg\",\"datePublished\":\"2024-01-10T14:21:18+00:00\",\"dateModified\":\"2026-01-27T08:42:51+00:00\",\"description\":\"Set za 40 dni uporabe, za 4 mesece uporabe in za 6 mesecev in pol uporabe: \u0161ampon proti izpadanju las, serum za rast las, derma roller.\",\"breadcrumb\":{\"@id\":\"https:\/\/activeluxe-cosmetics.com\/sl\/izdelek\/set-proti-intenzivnemu-izpadanju-las\/#breadcrumb\"},\"inLanguage\":\"sl-SI\",\"potentialAction\":[{\"@type\":\"ReadAction\",\"target\":[\"https:\/\/activeluxe-cosmetics.com\/sl\/izdelek\/set-proti-intenzivnemu-izpadanju-las\/\"]}]},{\"@type\":\"ImageObject\",\"inLanguage\":\"sl-SI\",\"@id\":\"https:\/\/activeluxe-cosmetics.com\/sl\/izdelek\/set-proti-intenzivnemu-izpadanju-las\/#primaryimage\",\"url\":\"https:\/\/cdn.activeluxe-cosmetics.com\/sl\/wp-content\/uploads\/2024\/01\/13083546\/44_Bundle_ShampooSerumCleanserRoller-1.jpg\",\"contentUrl\":\"https:\/\/cdn.activeluxe-cosmetics.com\/sl\/wp-content\/uploads\/2024\/01\/13083546\/44_Bundle_ShampooSerumCleanserRoller-1.jpg\",\"width\":1104,\"height\":1326,\"caption\":\"Set proti intenzivnemu izpadanju las Active Luxe\"},{\"@type\":\"BreadcrumbList\",\"@id\":\"https:\/\/activeluxe-cosmetics.com\/sl\/izdelek\/set-proti-intenzivnemu-izpadanju-las\/#breadcrumb\",\"itemListElement\":[{\"@type\":\"ListItem\",\"position\":1,\"name\":\"Naslovnica\",\"item\":\"https:\/\/activeluxe-cosmetics.com\/sl\/\"},{\"@type\":\"ListItem\",\"position\":2,\"name\":\"Trgovina\",\"item\":\"https:\/\/activeluxe-cosmetics.com\/sl\/trgovina\/\"},{\"@type\":\"ListItem\",\"position\":3,\"name\":\"Set proti intenzivnemu izpadanju las\"}]},{\"@type\":\"WebSite\",\"@id\":\"https:\/\/activeluxe-cosmetics.com\/sl\/#website\",\"url\":\"https:\/\/activeluxe-cosmetics.com\/sl\/\",\"name\":\"Active Luxe Cosmetics\",\"description\":\"\",\"potentialAction\":[{\"@type\":\"SearchAction\",\"target\":{\"@type\":\"EntryPoint\",\"urlTemplate\":\"https:\/\/activeluxe-cosmetics.com\/sl\/?s={search_term_string}\"},\"query-input\":{\"@type\":\"PropertyValueSpecification\",\"valueRequired\":true,\"valueName\":\"search_term_string\"}}],\"inLanguage\":\"sl-SI\"}]}<\/script>\n<!-- \/ Yoast SEO plugin. -->","yoast_head_json":{"title":"Set proti intenzivnemu izpadanju las - Active Luxe Cosmetics","description":"Set za 40 dni uporabe, za 4 mesece uporabe in za 6 mesecev in pol uporabe: \u0161ampon proti izpadanju las, serum za rast las, derma roller.","robots":{"index":"index","follow":"follow","max-snippet":"max-snippet:-1","max-image-preview":"max-image-preview:large","max-video-preview":"max-video-preview:-1"},"canonical":"https:\/\/activeluxe-cosmetics.com\/sl\/izdelek\/set-proti-intenzivnemu-izpadanju-las\/","og_locale":"sl_SI","og_type":"article","og_title":"Set proti intenzivnemu izpadanju las - Active Luxe Cosmetics","og_description":"Set za 40 dni uporabe, za 4 mesece uporabe in za 6 mesecev in pol uporabe: \u0161ampon proti izpadanju las, serum za rast las, derma roller.","og_url":"https:\/\/activeluxe-cosmetics.com\/sl\/izdelek\/set-proti-intenzivnemu-izpadanju-las\/","og_site_name":"Active Luxe Cosmetics","article_modified_time":"2026-01-27T08:42:51+00:00","og_image":[{"width":1104,"height":1326,"url":"https:\/\/cdn.activeluxe-cosmetics.com\/sl\/wp-content\/uploads\/2024\/01\/13083546\/44_Bundle_ShampooSerumCleanserRoller-1.jpg","type":"image\/jpeg"}],"twitter_card":"summary_large_image","twitter_misc":{"Est. reading time":"5 minut"},"schema":{"@context":"https:\/\/schema.org","@graph":[{"@type":"WebPage","@id":"https:\/\/activeluxe-cosmetics.com\/sl\/izdelek\/set-proti-intenzivnemu-izpadanju-las\/","url":"https:\/\/activeluxe-cosmetics.com\/sl\/izdelek\/set-proti-intenzivnemu-izpadanju-las\/","name":"Set proti intenzivnemu izpadanju las - Active Luxe Cosmetics","isPartOf":{"@id":"https:\/\/activeluxe-cosmetics.com\/sl\/#website"},"primaryImageOfPage":{"@id":"https:\/\/activeluxe-cosmetics.com\/sl\/izdelek\/set-proti-intenzivnemu-izpadanju-las\/#primaryimage"},"image":{"@id":"https:\/\/activeluxe-cosmetics.com\/sl\/izdelek\/set-proti-intenzivnemu-izpadanju-las\/#primaryimage"},"thumbnailUrl":"https:\/\/cdn.activeluxe-cosmetics.com\/sl\/wp-content\/uploads\/2024\/01\/13083546\/44_Bundle_ShampooSerumCleanserRoller-1.jpg","datePublished":"2024-01-10T14:21:18+00:00","dateModified":"2026-01-27T08:42:51+00:00","description":"Set za 40 dni uporabe, za 4 mesece uporabe in za 6 mesecev in pol uporabe: \u0161ampon proti izpadanju las, serum za rast las, derma roller.","breadcrumb":{"@id":"https:\/\/activeluxe-cosmetics.com\/sl\/izdelek\/set-proti-intenzivnemu-izpadanju-las\/#breadcrumb"},"inLanguage":"sl-SI","potentialAction":[{"@type":"ReadAction","target":["https:\/\/activeluxe-cosmetics.com\/sl\/izdelek\/set-proti-intenzivnemu-izpadanju-las\/"]}]},{"@type":"ImageObject","inLanguage":"sl-SI","@id":"https:\/\/activeluxe-cosmetics.com\/sl\/izdelek\/set-proti-intenzivnemu-izpadanju-las\/#primaryimage","url":"https:\/\/cdn.activeluxe-cosmetics.com\/sl\/wp-content\/uploads\/2024\/01\/13083546\/44_Bundle_ShampooSerumCleanserRoller-1.jpg","contentUrl":"https:\/\/cdn.activeluxe-cosmetics.com\/sl\/wp-content\/uploads\/2024\/01\/13083546\/44_Bundle_ShampooSerumCleanserRoller-1.jpg","width":1104,"height":1326,"caption":"Set proti intenzivnemu izpadanju las Active Luxe"},{"@type":"BreadcrumbList","@id":"https:\/\/activeluxe-cosmetics.com\/sl\/izdelek\/set-proti-intenzivnemu-izpadanju-las\/#breadcrumb","itemListElement":[{"@type":"ListItem","position":1,"name":"Naslovnica","item":"https:\/\/activeluxe-cosmetics.com\/sl\/"},{"@type":"ListItem","position":2,"name":"Trgovina","item":"https:\/\/activeluxe-cosmetics.com\/sl\/trgovina\/"},{"@type":"ListItem","position":3,"name":"Set proti intenzivnemu izpadanju las"}]},{"@type":"WebSite","@id":"https:\/\/activeluxe-cosmetics.com\/sl\/#website","url":"https:\/\/activeluxe-cosmetics.com\/sl\/","name":"Active Luxe Cosmetics","description":"","potentialAction":[{"@type":"SearchAction","target":{"@type":"EntryPoint","urlTemplate":"https:\/\/activeluxe-cosmetics.com\/sl\/?s={search_term_string}"},"query-input":{"@type":"PropertyValueSpecification","valueRequired":true,"valueName":"search_term_string"}}],"inLanguage":"sl-SI"}]}},"_links":{"self":[{"href":"https:\/\/activeluxe-cosmetics.com\/sl\/wp-json\/wp\/v2\/product\/72424","targetHints":{"allow":["GET"]}}],"collection":[{"href":"https:\/\/activeluxe-cosmetics.com\/sl\/wp-json\/wp\/v2\/product"}],"about":[{"href":"https:\/\/activeluxe-cosmetics.com\/sl\/wp-json\/wp\/v2\/types\/product"}],"replies":[{"embeddable":true,"href":"https:\/\/activeluxe-cosmetics.com\/sl\/wp-json\/wp\/v2\/comments?post=72424"}],"wp:featuredmedia":[{"embeddable":true,"href":"https:\/\/activeluxe-cosmetics.com\/sl\/wp-json\/wp\/v2\/media\/90792"}],"wp:attachment":[{"href":"https:\/\/activeluxe-cosmetics.com\/sl\/wp-json\/wp\/v2\/media?parent=72424"}],"wp:term":[{"taxonomy":"product_brand","embeddable":true,"href":"https:\/\/activeluxe-cosmetics.com\/sl\/wp-json\/wp\/v2\/product_brand?post=72424"},{"taxonomy":"product_cat","embeddable":true,"href":"https:\/\/activeluxe-cosmetics.com\/sl\/wp-json\/wp\/v2\/product_cat?post=72424"},{"taxonomy":"product_tag","embeddable":true,"href":"https:\/\/activeluxe-cosmetics.com\/sl\/wp-json\/wp\/v2\/product_tag?post=72424"}],"curies":[{"name":"wp","href":"https:\/\/api.w.org\/{rel}","templated":true}]}}