{"id":72365,"date":"2024-01-10T15:20:30","date_gmt":"2024-01-10T14:20:30","guid":{"rendered":"https:\/\/activeluxe-cosmetics.com\/sl\/?post_type=product&#038;p=72365"},"modified":"2026-04-29T15:32:26","modified_gmt":"2026-04-29T13:32:26","slug":"premium-sladkorni-piling-za-telo","status":"publish","type":"product","link":"https:\/\/activeluxe-cosmetics.com\/sl\/izdelek\/premium-sladkorni-piling-za-telo\/","title":{"rendered":"Premium sladkorni piling za telo"},"content":{"rendered":"<h2><span data-sheets-root=\"1\" data-sheets-value=\"{&quot;1&quot;:2,&quot;2&quot;:&quot;Nevjerojatno mekana i nahranjena ko\u017ea ve\u0107 od prvog kori\u0161tenja&quot;}\" data-sheets-userformat=\"{&quot;2&quot;:19201,&quot;3&quot;:{&quot;1&quot;:0},&quot;11&quot;:4,&quot;12&quot;:0,&quot;14&quot;:{&quot;1&quot;:2,&quot;2&quot;:16739585},&quot;17&quot;:1}\"><strong><img loading=\"lazy\" decoding=\"async\" class=\" wp-image-100783 alignright\" src=\"https:\/\/cdn.activeluxe-cosmetics.com\/sl\/wp-content\/uploads\/2024\/01\/17151707\/piling_za_telo_active_luxe-460x584.jpg\" alt=\"\" width=\"420\" height=\"533\" srcset=\"https:\/\/cdn.activeluxe-cosmetics.com\/sl\/wp-content\/uploads\/2024\/01\/17151707\/piling_za_telo_active_luxe-460x584.jpg 460w, https:\/\/cdn.activeluxe-cosmetics.com\/sl\/wp-content\/uploads\/2024\/01\/17151707\/piling_za_telo_active_luxe.jpg 581w\" sizes=\"auto, (max-width: 420px) 100vw, 420px\" \/>Mehka in nahranjena<\/strong> <strong>ko\u017ea<\/strong> \u017ee po prvi uporabi<br \/>\n<\/span><\/h2>\n<p>Rjavi sladkor in 100% naravna, bogata olja za temeljiti piling telesa, ki bo s ko\u017ee odstranil vse ne\u010disto\u010de in odmrle celice, hkrati pa ko\u017eo globinsko navla\u017eil in nahranil:<\/p>\n<ul>\n<li><strong>100%<\/strong> naravne sestavine<\/li>\n<li><span style=\"font-weight: 400;\"><strong>Rjavi sladkor<\/strong> za ne\u017eno a popolno odstranitev odmrlih ko\u017enih celic<\/span><\/li>\n<li><strong>Karitejevo<\/strong> <strong>maslo<\/strong> in <strong>jojobino<\/strong> <strong>olje<\/strong> za globinsko <strong>navla\u017eeno<\/strong> ko\u017eo<\/li>\n<li>Omamen <strong>vonj<\/strong> po <strong>\u010dokoladi<\/strong> in <strong>pomaran\u010di<\/strong>, ki \u0161e dolgo ostane na ko\u017ei<\/li>\n<li>Primeren za <strong>vse tipe ko\u017ee<\/strong><\/li>\n<li><strong>Luksuzno<\/strong> Active Luxe pakiranje<\/li>\n<li>Neverjetno <strong>mehka ko\u017ea<\/strong><\/li>\n<\/ul>\n<h2 style=\"text-align: center; clear: both;\"><\/h2>\n<h2><span data-sheets-root=\"1\" data-sheets-value=\"{&quot;1&quot;:2,&quot;2&quot;:&quot;Za\u0161to je Active Luxe peeling ono \u0161to treba tvojoj ko\u017ei?&quot;}\" data-sheets-userformat=\"{&quot;2&quot;:19201,&quot;3&quot;:{&quot;1&quot;:0},&quot;11&quot;:4,&quot;12&quot;:0,&quot;14&quot;:{&quot;1&quot;:2,&quot;2&quot;:16739585},&quot;17&quot;:1}\"><img loading=\"lazy\" decoding=\"async\" class=\" wp-image-100782 alignleft\" src=\"https:\/\/cdn.activeluxe-cosmetics.com\/sl\/wp-content\/uploads\/2024\/01\/17151654\/piling_za_telo-460x575.png\" alt=\"\" width=\"420\" height=\"525\" srcset=\"https:\/\/cdn.activeluxe-cosmetics.com\/sl\/wp-content\/uploads\/2024\/01\/17151654\/piling_za_telo-460x575.png 460w, https:\/\/cdn.activeluxe-cosmetics.com\/sl\/wp-content\/uploads\/2024\/01\/17151654\/piling_za_telo-819x1024.png 819w, https:\/\/cdn.activeluxe-cosmetics.com\/sl\/wp-content\/uploads\/2024\/01\/17151654\/piling_za_telo-768x960.png 768w, https:\/\/cdn.activeluxe-cosmetics.com\/sl\/wp-content\/uploads\/2024\/01\/17151654\/piling_za_telo-600x750.png 600w, https:\/\/cdn.activeluxe-cosmetics.com\/sl\/wp-content\/uploads\/2024\/01\/17151654\/piling_za_telo.png 1080w\" sizes=\"auto, (max-width: 420px) 100vw, 420px\" \/><strong>Zakaj tvoja ko\u017ea potrebuje <\/strong>redni piling?<\/span><\/h2>\n<p>Kakovosten piling telesa na telo in um deluje <strong>zelo spro\u0161\u010dujo\u010de<\/strong>. Ni\u010d ni bolj\u0161ega od <strong>doma\u010dega spa tretmaja<\/strong>, ki ga svoji ko\u017ei privo\u0161\u010dimo pred spanjem. Obnovljena, mehka in \u010dista ko\u017ea te bo zazibala v miren spanec.<\/p>\n<p>Piling telesa je obvezni del nege telesa, na katerega \u017eal skoraj vedno pozabimo ali pa se nam enostavno zdi zamuden in nepomemben. <strong>A je \u0161e kako pomemben!<\/strong><\/p>\n<p>Zakaj? Odmrla povrhnjica, ne\u010disto\u010de in zadebeljena, suha ko\u017ea za ko\u017eo predstavljajo veliko breme, ker ne more dihati in se obnavljati.<\/p>\n<p>Ko\u017ea potrebuje <strong>temeljit<\/strong> in <strong>ne\u017een piling<\/strong>, da lahko proizvede <strong>nove<\/strong>, <strong>zdrave celice<\/strong>! Zrnca rjavega sladkorja bodo ne\u017eno a vendar temeljito s ko\u017ee odstranila <strong>odmrlo povrhnjico<\/strong> in <strong>ne\u010disto\u010de<\/strong>.<\/p>\n<p>Redni piling bo prepre\u010dil tudi nastanek celulita, vra\u0161\u010danje dlak ter ubla\u017eil brazgotine in razdra\u017eenost, ki nastanejo po depilaciji.<\/p>\n<p>&nbsp;<\/p>\n<h2 style=\"text-align: center; clear: both;\"><\/h2>\n<h2><img loading=\"lazy\" decoding=\"async\" class=\" wp-image-100781 alignright\" src=\"https:\/\/cdn.activeluxe-cosmetics.com\/sl\/wp-content\/uploads\/2024\/01\/17151635\/sladkorni_piling_za_telo--460x589.jpg\" alt=\"\" width=\"420\" height=\"538\" srcset=\"https:\/\/cdn.activeluxe-cosmetics.com\/sl\/wp-content\/uploads\/2024\/01\/17151635\/sladkorni_piling_za_telo--460x589.jpg 460w, https:\/\/cdn.activeluxe-cosmetics.com\/sl\/wp-content\/uploads\/2024\/01\/17151635\/sladkorni_piling_za_telo-.jpg 581w\" sizes=\"auto, (max-width: 420px) 100vw, 420px\" \/><strong>Naj tvoja ko\u017ea<\/strong> spet zadiha<\/h2>\n<p>Zaradi izjemne kombinacije jojobinega olja, karitejevega masla in kokosovega olja bo tvoja ko\u017ea neverjetno mehka, gladka in pro\u017ena. Olja se bodo med pilingom vpila v mokro ko\u017eo, tako da po pilingu oz. tu\u0161iranju ne bo\u0161 potreboval\/a niti masla ali mleka za telo.<\/p>\n<ul>\n<li><span data-sheets-root=\"1\" data-sheets-value=\"{&quot;1&quot;:2,&quot;2&quot;:&quot;Nje\u017enu i mekanu ko\u017eu koja ne zate\u017ee\\nRedovitim kori\u0161tenjem \u0161e\u0107ernog peelinga 2 puta tjedno ko\u017ea tijela \u0107e biti ujedna\u010dena, bez iritacija i o\u0161te\u0107enja nastalih vanjskim utjecajem kao \u0161to su depilacija, hladno\u0107a i suho\u0107a zraka.&quot;}\" data-sheets-userformat=\"{&quot;2&quot;:897,&quot;3&quot;:{&quot;1&quot;:0},&quot;10&quot;:0,&quot;11&quot;:4,&quot;12&quot;:0}\"><strong>Piling bo prepre\u010dil zategovanje ko\u017ee: <\/strong>z redno uporabo, 2x tedensko, bo ko\u017ea gladka, nahranjena in obnovljena. Veliko manj bo ob\u010dutljiva na zunanje dejavnike in vremenske razmere.<br \/>\n<\/span><\/li>\n<li><span data-sheets-root=\"1\" data-sheets-value=\"{&quot;1&quot;:2,&quot;2&quot;:&quot;Bolja cirkulacija krvi\\nSme\u0111i \u0161e\u0107er u ovom peelingu, uz nano\u0161enje kru\u017enim pokretima, pobolj\u0161at \u0107e cirkulaciju krvi pa \u0107e do tvoje ko\u017ee pristizati vi\u0161e hranjivih tvari, \u0161to \u0107e je \u010diniti zdravijom i ljep\u0161om iznutra, ne samo izvana.&quot;}\" data-sheets-userformat=\"{&quot;2&quot;:897,&quot;3&quot;:{&quot;1&quot;:0},&quot;10&quot;:0,&quot;11&quot;:4,&quot;12&quot;:0}\"><strong>Piling bo spodbudil prekrvavitev ko\u017ee: <\/strong>ravno prav grob rjavi sladkor bo z ne\u017enim vtrjenjem v ko\u017eo izbolj\u0161al prekrvavitev ko\u017ee. Ko\u017ene celice bodo tako prejele ve\u010d hranilnih snovi, ki so nujno potrebne, da je ko\u017ea lepa, zdrava in sijo\u010da. Dobra prekrvavitev ko\u017ee pomaga pri odpravljanju celulita.<br \/>\n<\/span><\/li>\n<li><span data-sheets-root=\"1\" data-sheets-value=\"{&quot;1&quot;:2,&quot;2&quot;:&quot;Dubinska hidratacija ko\u017ee \\nInovativna peeling &amp; caring formula pomo\u0107u ulja jojobe, kokosovog ulje i karite maslaca poma\u017ee da ko\u017eu u isto vrijeme \u010disti\u0161 i hidratizira\u0161. Zato \u0107e\u0161 ve\u0107 tijekom samog peelinga osjetiti meko\u0107u, glatkost i podatnost svoje ko\u017ee. Nakon tretmana, ostat \u0107e ti divna ko\u017ea i jo\u0161 divniji miris!&quot;}\" data-sheets-userformat=\"{&quot;2&quot;:897,&quot;3&quot;:{&quot;1&quot;:0},&quot;10&quot;:0,&quot;11&quot;:4,&quot;12&quot;:0}\" data-sheets-textstyleruns=\"{&quot;1&quot;:0,&quot;2&quot;:{&quot;2&quot;:{&quot;1&quot;:2,&quot;2&quot;:16739585}}}\uee10{&quot;1&quot;:26}\"><strong>Piling bo globinsko nahranil ko\u017eo: <\/strong>inovativna peeling &amp; caring formula s pomo\u010djo jojobinega olja, kokosovega olja in karitejevega masla bo ko\u017eo globinsko nahranila z vitamini. Po uporabi pilinga bo ko\u017ea mehka, pro\u017ena ter lepo odi\u0161avljena.<br \/>\n<\/span><\/li>\n<\/ul>\n<p><iframe loading=\"lazy\" title=\"Zakaj tvoja ko\u017ea potrebuje redni piling? | Active Luxe piling za telo\" width=\"563\" height=\"1000\" src=\"https:\/\/www.youtube.com\/embed\/_r1a4u0yzLE?feature=oembed&#038;enablejsapi=1&#038;origin=https:\/\/activeluxe-cosmetics.com\" frameborder=\"0\" allow=\"accelerometer; autoplay; clipboard-write; encrypted-media; gyroscope; picture-in-picture; web-share\" referrerpolicy=\"strict-origin-when-cross-origin\" allowfullscreen><\/iframe><\/p>\n<h3 style=\"clear: both; max-width: 820px;\"><\/h3>\n<div style=\"display: flex; align-items: center; gap: 20px; flex-wrap: wrap;\">\n<p style=\"max-width: 360px;\">\n<\/div>\n","protected":false},"excerpt":{"rendered":"<p>100% naravne sestavine s ko\u017ee odstranijo vse ne\u010disto\u010de, odmrle celice in ma\u0161\u010dobe. Za mehko in nahranjeno ko\u017eo.<\/p>\n","protected":false},"featured_media":112968,"comment_status":"open","ping_status":"closed","template":"","meta":[],"product_brand":[],"product_cat":[81,82],"product_tag":[],"class_list":{"0":"post-72365","1":"product","2":"type-product","3":"status-publish","4":"has-post-thumbnail","6":"product_cat-obraz-in-telo","7":"product_cat-izdelki-za-soncenje","9":"first","10":"instock","11":"sale","12":"taxable","13":"shipping-taxable","14":"purchasable","15":"product-type-simple"},"bundled_by":[],"bundle_stock_status":"instock","bundle_stock_quantity":null,"bundle_virtual":false,"bundle_layout":"","bundle_add_to_cart_form_location":"","bundle_editable_in_cart":false,"bundle_sold_individually_context":"","bundle_item_grouping":"","bundle_min_size":"","bundle_max_size":"","bundle_price":[],"bundled_items":[],"bundle_sell_ids":[],"acf":[],"yoast_head":"<!-- This site is optimized with the Yoast SEO plugin v26.6 - https:\/\/yoast.com\/wordpress\/plugins\/seo\/ -->\n<title>Sladkorni piling za telo - Active Luxe Cosmetics<\/title>\n<meta name=\"description\" content=\"100% naravne sestavine s ko\u017ee odstranijo vse ne\u010disto\u010de, odmrle celice in ma\u0161\u010dobe. Omamen vonj po \u010dokoladi in pomaran\u010di, ki \u0161e dolgo ostane na ko\u017ei.\" \/>\n<meta name=\"robots\" content=\"index, follow, max-snippet:-1, max-image-preview:large, max-video-preview:-1\" \/>\n<link rel=\"canonical\" href=\"https:\/\/activeluxe-cosmetics.com\/sl\/izdelek\/premium-sladkorni-piling-za-telo\/\" \/>\n<meta property=\"og:locale\" content=\"sl_SI\" \/>\n<meta property=\"og:type\" content=\"article\" \/>\n<meta property=\"og:title\" content=\"Sladkorni piling za telo - Active Luxe Cosmetics\" \/>\n<meta property=\"og:description\" content=\"100% naravne sestavine s ko\u017ee odstranijo vse ne\u010disto\u010de, odmrle celice in ma\u0161\u010dobe. Omamen vonj po \u010dokoladi in pomaran\u010di, ki \u0161e dolgo ostane na ko\u017ei.\" \/>\n<meta property=\"og:url\" content=\"https:\/\/activeluxe-cosmetics.com\/sl\/izdelek\/premium-sladkorni-piling-za-telo\/\" \/>\n<meta property=\"og:site_name\" content=\"Active Luxe Cosmetics\" \/>\n<meta property=\"article:modified_time\" content=\"2026-04-29T13:32:26+00:00\" \/>\n<meta property=\"og:image\" content=\"https:\/\/cdn.activeluxe-cosmetics.com\/sl\/wp-content\/uploads\/2024\/01\/29111537\/Premium-Sugar-Body-Scrub.jpg\" \/>\n\t<meta property=\"og:image:width\" content=\"1104\" \/>\n\t<meta property=\"og:image:height\" content=\"1326\" \/>\n\t<meta property=\"og:image:type\" content=\"image\/jpeg\" \/>\n<meta name=\"twitter:card\" content=\"summary_large_image\" \/>\n<meta name=\"twitter:label1\" content=\"Est. reading time\" \/>\n\t<meta name=\"twitter:data1\" content=\"3 minute\" \/>\n<script type=\"application\/ld+json\" class=\"yoast-schema-graph\">{\"@context\":\"https:\/\/schema.org\",\"@graph\":[{\"@type\":\"WebPage\",\"@id\":\"https:\/\/activeluxe-cosmetics.com\/sl\/izdelek\/premium-sladkorni-piling-za-telo\/\",\"url\":\"https:\/\/activeluxe-cosmetics.com\/sl\/izdelek\/premium-sladkorni-piling-za-telo\/\",\"name\":\"Sladkorni piling za telo - Active Luxe Cosmetics\",\"isPartOf\":{\"@id\":\"https:\/\/activeluxe-cosmetics.com\/sl\/#website\"},\"primaryImageOfPage\":{\"@id\":\"https:\/\/activeluxe-cosmetics.com\/sl\/izdelek\/premium-sladkorni-piling-za-telo\/#primaryimage\"},\"image\":{\"@id\":\"https:\/\/activeluxe-cosmetics.com\/sl\/izdelek\/premium-sladkorni-piling-za-telo\/#primaryimage\"},\"thumbnailUrl\":\"https:\/\/cdn.activeluxe-cosmetics.com\/sl\/wp-content\/uploads\/2024\/01\/29111537\/Premium-Sugar-Body-Scrub.jpg\",\"datePublished\":\"2024-01-10T14:20:30+00:00\",\"dateModified\":\"2026-04-29T13:32:26+00:00\",\"description\":\"100% naravne sestavine s ko\u017ee odstranijo vse ne\u010disto\u010de, odmrle celice in ma\u0161\u010dobe. Omamen vonj po \u010dokoladi in pomaran\u010di, ki \u0161e dolgo ostane na ko\u017ei.\",\"breadcrumb\":{\"@id\":\"https:\/\/activeluxe-cosmetics.com\/sl\/izdelek\/premium-sladkorni-piling-za-telo\/#breadcrumb\"},\"inLanguage\":\"sl-SI\",\"potentialAction\":[{\"@type\":\"ReadAction\",\"target\":[\"https:\/\/activeluxe-cosmetics.com\/sl\/izdelek\/premium-sladkorni-piling-za-telo\/\"]}]},{\"@type\":\"ImageObject\",\"inLanguage\":\"sl-SI\",\"@id\":\"https:\/\/activeluxe-cosmetics.com\/sl\/izdelek\/premium-sladkorni-piling-za-telo\/#primaryimage\",\"url\":\"https:\/\/cdn.activeluxe-cosmetics.com\/sl\/wp-content\/uploads\/2024\/01\/29111537\/Premium-Sugar-Body-Scrub.jpg\",\"contentUrl\":\"https:\/\/cdn.activeluxe-cosmetics.com\/sl\/wp-content\/uploads\/2024\/01\/29111537\/Premium-Sugar-Body-Scrub.jpg\",\"width\":1104,\"height\":1326},{\"@type\":\"BreadcrumbList\",\"@id\":\"https:\/\/activeluxe-cosmetics.com\/sl\/izdelek\/premium-sladkorni-piling-za-telo\/#breadcrumb\",\"itemListElement\":[{\"@type\":\"ListItem\",\"position\":1,\"name\":\"Naslovnica\",\"item\":\"https:\/\/activeluxe-cosmetics.com\/sl\/\"},{\"@type\":\"ListItem\",\"position\":2,\"name\":\"Trgovina\",\"item\":\"https:\/\/activeluxe-cosmetics.com\/sl\/trgovina\/\"},{\"@type\":\"ListItem\",\"position\":3,\"name\":\"Premium sladkorni piling za telo\"}]},{\"@type\":\"WebSite\",\"@id\":\"https:\/\/activeluxe-cosmetics.com\/sl\/#website\",\"url\":\"https:\/\/activeluxe-cosmetics.com\/sl\/\",\"name\":\"Active Luxe Cosmetics\",\"description\":\"\",\"potentialAction\":[{\"@type\":\"SearchAction\",\"target\":{\"@type\":\"EntryPoint\",\"urlTemplate\":\"https:\/\/activeluxe-cosmetics.com\/sl\/?s={search_term_string}\"},\"query-input\":{\"@type\":\"PropertyValueSpecification\",\"valueRequired\":true,\"valueName\":\"search_term_string\"}}],\"inLanguage\":\"sl-SI\"}]}<\/script>\n<!-- \/ Yoast SEO plugin. -->","yoast_head_json":{"title":"Sladkorni piling za telo - Active Luxe Cosmetics","description":"100% naravne sestavine s ko\u017ee odstranijo vse ne\u010disto\u010de, odmrle celice in ma\u0161\u010dobe. Omamen vonj po \u010dokoladi in pomaran\u010di, ki \u0161e dolgo ostane na ko\u017ei.","robots":{"index":"index","follow":"follow","max-snippet":"max-snippet:-1","max-image-preview":"max-image-preview:large","max-video-preview":"max-video-preview:-1"},"canonical":"https:\/\/activeluxe-cosmetics.com\/sl\/izdelek\/premium-sladkorni-piling-za-telo\/","og_locale":"sl_SI","og_type":"article","og_title":"Sladkorni piling za telo - Active Luxe Cosmetics","og_description":"100% naravne sestavine s ko\u017ee odstranijo vse ne\u010disto\u010de, odmrle celice in ma\u0161\u010dobe. Omamen vonj po \u010dokoladi in pomaran\u010di, ki \u0161e dolgo ostane na ko\u017ei.","og_url":"https:\/\/activeluxe-cosmetics.com\/sl\/izdelek\/premium-sladkorni-piling-za-telo\/","og_site_name":"Active Luxe Cosmetics","article_modified_time":"2026-04-29T13:32:26+00:00","og_image":[{"width":1104,"height":1326,"url":"https:\/\/cdn.activeluxe-cosmetics.com\/sl\/wp-content\/uploads\/2024\/01\/29111537\/Premium-Sugar-Body-Scrub.jpg","type":"image\/jpeg"}],"twitter_card":"summary_large_image","twitter_misc":{"Est. reading time":"3 minute"},"schema":{"@context":"https:\/\/schema.org","@graph":[{"@type":"WebPage","@id":"https:\/\/activeluxe-cosmetics.com\/sl\/izdelek\/premium-sladkorni-piling-za-telo\/","url":"https:\/\/activeluxe-cosmetics.com\/sl\/izdelek\/premium-sladkorni-piling-za-telo\/","name":"Sladkorni piling za telo - Active Luxe Cosmetics","isPartOf":{"@id":"https:\/\/activeluxe-cosmetics.com\/sl\/#website"},"primaryImageOfPage":{"@id":"https:\/\/activeluxe-cosmetics.com\/sl\/izdelek\/premium-sladkorni-piling-za-telo\/#primaryimage"},"image":{"@id":"https:\/\/activeluxe-cosmetics.com\/sl\/izdelek\/premium-sladkorni-piling-za-telo\/#primaryimage"},"thumbnailUrl":"https:\/\/cdn.activeluxe-cosmetics.com\/sl\/wp-content\/uploads\/2024\/01\/29111537\/Premium-Sugar-Body-Scrub.jpg","datePublished":"2024-01-10T14:20:30+00:00","dateModified":"2026-04-29T13:32:26+00:00","description":"100% naravne sestavine s ko\u017ee odstranijo vse ne\u010disto\u010de, odmrle celice in ma\u0161\u010dobe. Omamen vonj po \u010dokoladi in pomaran\u010di, ki \u0161e dolgo ostane na ko\u017ei.","breadcrumb":{"@id":"https:\/\/activeluxe-cosmetics.com\/sl\/izdelek\/premium-sladkorni-piling-za-telo\/#breadcrumb"},"inLanguage":"sl-SI","potentialAction":[{"@type":"ReadAction","target":["https:\/\/activeluxe-cosmetics.com\/sl\/izdelek\/premium-sladkorni-piling-za-telo\/"]}]},{"@type":"ImageObject","inLanguage":"sl-SI","@id":"https:\/\/activeluxe-cosmetics.com\/sl\/izdelek\/premium-sladkorni-piling-za-telo\/#primaryimage","url":"https:\/\/cdn.activeluxe-cosmetics.com\/sl\/wp-content\/uploads\/2024\/01\/29111537\/Premium-Sugar-Body-Scrub.jpg","contentUrl":"https:\/\/cdn.activeluxe-cosmetics.com\/sl\/wp-content\/uploads\/2024\/01\/29111537\/Premium-Sugar-Body-Scrub.jpg","width":1104,"height":1326},{"@type":"BreadcrumbList","@id":"https:\/\/activeluxe-cosmetics.com\/sl\/izdelek\/premium-sladkorni-piling-za-telo\/#breadcrumb","itemListElement":[{"@type":"ListItem","position":1,"name":"Naslovnica","item":"https:\/\/activeluxe-cosmetics.com\/sl\/"},{"@type":"ListItem","position":2,"name":"Trgovina","item":"https:\/\/activeluxe-cosmetics.com\/sl\/trgovina\/"},{"@type":"ListItem","position":3,"name":"Premium sladkorni piling za telo"}]},{"@type":"WebSite","@id":"https:\/\/activeluxe-cosmetics.com\/sl\/#website","url":"https:\/\/activeluxe-cosmetics.com\/sl\/","name":"Active Luxe Cosmetics","description":"","potentialAction":[{"@type":"SearchAction","target":{"@type":"EntryPoint","urlTemplate":"https:\/\/activeluxe-cosmetics.com\/sl\/?s={search_term_string}"},"query-input":{"@type":"PropertyValueSpecification","valueRequired":true,"valueName":"search_term_string"}}],"inLanguage":"sl-SI"}]}},"_links":{"self":[{"href":"https:\/\/activeluxe-cosmetics.com\/sl\/wp-json\/wp\/v2\/product\/72365","targetHints":{"allow":["GET"]}}],"collection":[{"href":"https:\/\/activeluxe-cosmetics.com\/sl\/wp-json\/wp\/v2\/product"}],"about":[{"href":"https:\/\/activeluxe-cosmetics.com\/sl\/wp-json\/wp\/v2\/types\/product"}],"replies":[{"embeddable":true,"href":"https:\/\/activeluxe-cosmetics.com\/sl\/wp-json\/wp\/v2\/comments?post=72365"}],"wp:featuredmedia":[{"embeddable":true,"href":"https:\/\/activeluxe-cosmetics.com\/sl\/wp-json\/wp\/v2\/media\/112968"}],"wp:attachment":[{"href":"https:\/\/activeluxe-cosmetics.com\/sl\/wp-json\/wp\/v2\/media?parent=72365"}],"wp:term":[{"taxonomy":"product_brand","embeddable":true,"href":"https:\/\/activeluxe-cosmetics.com\/sl\/wp-json\/wp\/v2\/product_brand?post=72365"},{"taxonomy":"product_cat","embeddable":true,"href":"https:\/\/activeluxe-cosmetics.com\/sl\/wp-json\/wp\/v2\/product_cat?post=72365"},{"taxonomy":"product_tag","embeddable":true,"href":"https:\/\/activeluxe-cosmetics.com\/sl\/wp-json\/wp\/v2\/product_tag?post=72365"}],"curies":[{"name":"wp","href":"https:\/\/api.w.org\/{rel}","templated":true}]}}