{"id":72300,"date":"2024-01-10T15:19:25","date_gmt":"2024-01-10T14:19:25","guid":{"rendered":"https:\/\/activeluxe-cosmetics.com\/sl\/?post_type=product&#038;p=72300"},"modified":"2026-02-02T13:59:37","modified_gmt":"2026-02-02T12:59:37","slug":"derma-roller-za-nego-lasisca","status":"publish","type":"product","link":"https:\/\/activeluxe-cosmetics.com\/sl\/izdelek\/derma-roller-za-nego-lasisca\/","title":{"rendered":"Derma roller za nego lasi\u0161\u010da"},"content":{"rendered":"<h2><img loading=\"lazy\" decoding=\"async\" class=\"size-medium wp-image-101010 alignright\" src=\"https:\/\/cdn.activeluxe-cosmetics.com\/sl\/wp-content\/uploads\/2024\/01\/23115736\/derma_roller_domen-460x575.png\" alt=\"\" width=\"460\" height=\"575\" srcset=\"https:\/\/cdn.activeluxe-cosmetics.com\/sl\/wp-content\/uploads\/2024\/01\/23115736\/derma_roller_domen-460x575.png 460w, https:\/\/cdn.activeluxe-cosmetics.com\/sl\/wp-content\/uploads\/2024\/01\/23115736\/derma_roller_domen-819x1024.png 819w, https:\/\/cdn.activeluxe-cosmetics.com\/sl\/wp-content\/uploads\/2024\/01\/23115736\/derma_roller_domen-768x960.png 768w, https:\/\/cdn.activeluxe-cosmetics.com\/sl\/wp-content\/uploads\/2024\/01\/23115736\/derma_roller_domen-600x750.png 600w, https:\/\/cdn.activeluxe-cosmetics.com\/sl\/wp-content\/uploads\/2024\/01\/23115736\/derma_roller_domen.png 1080w\" sizes=\"auto, (max-width: 460px) 100vw, 460px\" \/><\/h2>\n<h2><strong>Spodbuja ob\u010dutek<\/strong> revitaliziranega lasi\u0161\u010da<\/h2>\n<p>Redna masa\u017ea lasi\u0161\u010da predstavlja pomemben del vsakodnevne kozmeti\u010dne nege. Z mehansko stimulacijo povr\u0161ine ko\u017ee prispeva k prijetnemu ob\u010dutku, sprostitvi in sve\u017eemu videzu lasi\u0161\u010da ter ga pripravi na nadaljnjo nego.<\/p>\n<p>Prav to lahko naredi\u0161 z\u00a0<b>Active Luxe derma rollerjem.<\/b><\/p>\n<p>Gre za <strong>visokokakovosten kozmeti\u010dni pripomo\u010dek<\/strong>, opremljen s 540 ultra tankimi iglicami dol\u017eine 0,50 mm iz nerjave\u010dega jekla, namenjenimi ne\u017eni, povr\u0161inski masa\u017ei lasi\u0161\u010da kot del vsakodnevne ali tedenske negovalne rutine.<\/p>\n<ul>\n<li>pomaga odstraniti povr\u0161inske ne\u010disto\u010de in odmrle ko\u017ene celice z lasi\u0161\u010da,<\/li>\n<li>prispeva k osve\u017eenemu in gladkemu videzu ko\u017ee lasi\u0161\u010da,<\/li>\n<li>izbolj\u0161uje ob\u010dutek prekrvavljenosti in vitalnosti ko\u017ee brez poseganja v telesne funkcije,<\/li>\n<li>dopolnjuje nanos kozmeti\u010dnih serumov in drugih negovalnih izdelkov za lase, saj se le-ti la\u017eje enakomerno porazdelijo po lasi\u0161\u010du,<\/li>\n<li>je zasnovan kot del redne kozmeti\u010dne nege las in<br \/>\nlasi\u0161\u010da.<\/li>\n<\/ul>\n<p>&nbsp;<\/p>\n<h2><\/h2>\n<h2><\/h2>\n<h2><\/h2>\n<h2><\/h2>\n<h2><img loading=\"lazy\" decoding=\"async\" class=\"size-medium wp-image-101009 alignleft\" src=\"https:\/\/cdn.activeluxe-cosmetics.com\/sl\/wp-content\/uploads\/2024\/01\/23115729\/derma_roller_active_luxe-460x575.png\" alt=\"\" width=\"460\" height=\"575\" srcset=\"https:\/\/cdn.activeluxe-cosmetics.com\/sl\/wp-content\/uploads\/2024\/01\/23115729\/derma_roller_active_luxe-460x575.png 460w, https:\/\/cdn.activeluxe-cosmetics.com\/sl\/wp-content\/uploads\/2024\/01\/23115729\/derma_roller_active_luxe-819x1024.png 819w, https:\/\/cdn.activeluxe-cosmetics.com\/sl\/wp-content\/uploads\/2024\/01\/23115729\/derma_roller_active_luxe-768x960.png 768w, https:\/\/cdn.activeluxe-cosmetics.com\/sl\/wp-content\/uploads\/2024\/01\/23115729\/derma_roller_active_luxe-600x750.png 600w, https:\/\/cdn.activeluxe-cosmetics.com\/sl\/wp-content\/uploads\/2024\/01\/23115729\/derma_roller_active_luxe.png 1080w\" sizes=\"auto, (max-width: 460px) 100vw, 460px\" \/><\/h2>\n<h2><strong>Klju\u010dne prednosti<\/strong> tega izdelka<\/h2>\n<ul>\n<li aria-level=\"1\"><strong>Kozmeti\u010dna masa\u017ena zasnova: <\/strong>Derma roller je zasnovan kot kozmeti\u010dni pripomo\u010dek za mehansko masa\u017eo ko\u017ee, namenjen dopolnitvi rutine nege lasi\u0161\u010da, obraza ali brade. Povr\u0161inska stimulacija prispeva k bolj\u0161emu ob\u010dutku ko\u017ee in urejenemu videzu.<\/li>\n<li aria-level=\"1\"><b>Visokokakovostne iglice iz nerjave\u010dega jekla:<\/b> Izjemno fine iglice iz nerjave\u010dega jekla so namenjene ne\u017eni, kontrolirani masa\u017ei zgornje plasti ko\u017ee, kar prispeva k gladkemu in sve\u017eemu videzu lasi\u0161\u010da ali ko\u017ee.<\/li>\n<li aria-level=\"1\"><b>Ergonomska oblika<\/b>: zasnovan je z ergonomskim ro\u010dajem za udoben nadzor pritiskov po lasi\u0161\u010du. Prejme\u0161 ga v \u0161katlici, v kateri ga hrani\u0161 iz higienskih razlogov in ga lahko s sabo vzame\u0161 tudi na potovanja, saj bo vedno za\u0161\u010diten.<\/li>\n<li aria-level=\"1\"><b>Vsestranska kozmeti\u010dna uporaba:<\/b> Derma roller z dol\u017eino iglic 0,50 mm je primeren za nego lasi\u0161\u010da, obraza in brade. Redna uporaba lahko dopolni nanos kozmeti\u010dnih izdelkov in prispeva k bolj\u0161emu ob\u010dutku u\u010dinkovitosti negovalne rutine.<\/li>\n<li aria-level=\"1\"><strong>Primeren za redno uporabo: <\/strong>Za optimalen kozmeti\u010dni u\u010dinek je priporo\u010dena uporaba 1x do 2x tedensko kot del redne lasne nege. U\u010dinki so povezani z dosledno in pravilno uporabo v kombinaciji z ustreznimi kozmeti\u010dnimi izdelki.<\/li>\n<\/ul>\n<h2><\/h2>\n<h2><\/h2>\n<h2><\/h2>\n<h2><\/h2>\n<h2><\/h2>\n<h2><img loading=\"lazy\" decoding=\"async\" class=\" wp-image-101012 alignright\" src=\"https:\/\/cdn.activeluxe-cosmetics.com\/sl\/wp-content\/uploads\/2024\/01\/23115825\/derma_roller_za_lasisce-460x575.png\" alt=\"\" width=\"439\" height=\"549\" srcset=\"https:\/\/cdn.activeluxe-cosmetics.com\/sl\/wp-content\/uploads\/2024\/01\/23115825\/derma_roller_za_lasisce-460x575.png 460w, https:\/\/cdn.activeluxe-cosmetics.com\/sl\/wp-content\/uploads\/2024\/01\/23115825\/derma_roller_za_lasisce-819x1024.png 819w, https:\/\/cdn.activeluxe-cosmetics.com\/sl\/wp-content\/uploads\/2024\/01\/23115825\/derma_roller_za_lasisce-768x960.png 768w, https:\/\/cdn.activeluxe-cosmetics.com\/sl\/wp-content\/uploads\/2024\/01\/23115825\/derma_roller_za_lasisce-600x750.png 600w, https:\/\/cdn.activeluxe-cosmetics.com\/sl\/wp-content\/uploads\/2024\/01\/23115825\/derma_roller_za_lasisce.png 1080w\" sizes=\"auto, (max-width: 439px) 100vw, 439px\" \/><strong data-start=\"1008\" data-end=\"1059\">Uporabi derma roller <\/strong>kot del redne nege lasi\u0161\u010da<\/h2>\n<p>Derma roller je kozmeti\u010dni pripomo\u010dek za <strong>ne\u017eno mehansko masa\u017eo lasi\u0161\u010da<\/strong>, ki dopolnjuje vsakodnevno nego. Povr\u0161inska stimulacija lasi\u0161\u010da prispeva k <strong>bolj\u0161emu ob\u010dutku sve\u017eine<\/strong> in <strong>urejenemu videzu lasi\u0161\u010da<\/strong> ter podpira u\u010dinek kozmeti\u010dnih izdelkov za nego las.<\/p>\n<p>Derma roller je prava izbira za vse, ki:<\/p>\n<ul>\n<li>\u017eelijo izbolj\u0161ati videz in ob\u010dutek lasi\u0161\u010da,<\/li>\n<li>opa\u017eajo tanj\u0161e ali manj polne lase in \u017eelijo okrepiti rutino nege,<\/li>\n<li>i\u0161\u010dejo kozmeti\u010dni pripomo\u010dek za podporo negi las,<\/li>\n<li>\u017eelijo ohraniti urejen in negovan videz las.<\/li>\n<\/ul>\n<p>&nbsp;<\/p>\n<h4><em>Izdelek je kozmeti\u010dni pripomo\u010dek, namenjen izklju\u010dno zunanji uporabi za nego ko\u017ee. Ni namenjen zdravljenju, prepre\u010devanju ali vplivanju na fiziolo\u0161ke funkcije ko\u017ee.<\/em><\/h4>\n","protected":false},"excerpt":{"rendered":"<p>Kozmeti\u010dni pripomo\u010dek za ne\u017eno povr\u0161insko masa\u017eo lasi\u0161\u010da kot del redne rutine nege las.<\/p>\n","protected":false},"featured_media":81399,"comment_status":"open","ping_status":"closed","template":"","meta":[],"product_brand":[],"product_cat":[99,53],"product_tag":[],"class_list":{"0":"post-72300","1":"product","2":"type-product","3":"status-publish","4":"has-post-thumbnail","6":"product_cat-dodatki-lasje","7":"product_cat-izdelki-za-nego-las","9":"first","10":"instock","11":"sale","12":"taxable","13":"shipping-taxable","14":"purchasable","15":"product-type-simple"},"bundled_by":[],"bundle_stock_status":"instock","bundle_stock_quantity":null,"bundle_virtual":false,"bundle_layout":"","bundle_add_to_cart_form_location":"","bundle_editable_in_cart":false,"bundle_sold_individually_context":"","bundle_item_grouping":"","bundle_min_size":"","bundle_max_size":"","bundle_price":[],"bundled_items":[],"bundle_sell_ids":[],"acf":[],"yoast_head":"<!-- This site is optimized with the Yoast SEO plugin v26.6 - https:\/\/yoast.com\/wordpress\/plugins\/seo\/ -->\n<title>Derma roller za nego lasi\u0161\u010da - Active Luxe<\/title>\n<meta name=\"description\" content=\"Active Luxe derma roller za masa\u017eo lasi\u0161\u010da kot del rutine nege las. Ne\u017ena povr\u0161inska masa\u017ea za urejen videz in ob\u010dutek sve\u017eega lasi\u0161\u010da.\" \/>\n<meta name=\"robots\" content=\"index, follow, max-snippet:-1, max-image-preview:large, max-video-preview:-1\" \/>\n<link rel=\"canonical\" href=\"https:\/\/activeluxe-cosmetics.com\/sl\/izdelek\/derma-roller-za-nego-lasisca\/\" \/>\n<meta property=\"og:locale\" content=\"sl_SI\" \/>\n<meta property=\"og:type\" content=\"article\" \/>\n<meta property=\"og:title\" content=\"Derma roller za nego lasi\u0161\u010da - Active Luxe\" \/>\n<meta property=\"og:description\" content=\"Active Luxe derma roller za masa\u017eo lasi\u0161\u010da kot del rutine nege las. Ne\u017ena povr\u0161inska masa\u017ea za urejen videz in ob\u010dutek sve\u017eega lasi\u0161\u010da.\" \/>\n<meta property=\"og:url\" content=\"https:\/\/activeluxe-cosmetics.com\/sl\/izdelek\/derma-roller-za-nego-lasisca\/\" \/>\n<meta property=\"og:site_name\" content=\"Active Luxe Cosmetics\" \/>\n<meta property=\"article:modified_time\" content=\"2026-02-02T12:59:37+00:00\" \/>\n<meta property=\"og:image\" content=\"https:\/\/cdn.activeluxe-cosmetics.com\/sl\/wp-content\/uploads\/2024\/01\/28145747\/Derma_roller.jpg\" \/>\n\t<meta property=\"og:image:width\" content=\"783\" \/>\n\t<meta property=\"og:image:height\" content=\"995\" \/>\n\t<meta property=\"og:image:type\" content=\"image\/jpeg\" \/>\n<meta name=\"twitter:card\" content=\"summary_large_image\" \/>\n<meta name=\"twitter:label1\" content=\"Est. reading time\" \/>\n\t<meta name=\"twitter:data1\" content=\"4 minute\" \/>\n<script type=\"application\/ld+json\" class=\"yoast-schema-graph\">{\"@context\":\"https:\/\/schema.org\",\"@graph\":[{\"@type\":\"WebPage\",\"@id\":\"https:\/\/activeluxe-cosmetics.com\/sl\/izdelek\/derma-roller-za-nego-lasisca\/\",\"url\":\"https:\/\/activeluxe-cosmetics.com\/sl\/izdelek\/derma-roller-za-nego-lasisca\/\",\"name\":\"Derma roller za nego lasi\u0161\u010da - Active Luxe\",\"isPartOf\":{\"@id\":\"https:\/\/activeluxe-cosmetics.com\/sl\/#website\"},\"primaryImageOfPage\":{\"@id\":\"https:\/\/activeluxe-cosmetics.com\/sl\/izdelek\/derma-roller-za-nego-lasisca\/#primaryimage\"},\"image\":{\"@id\":\"https:\/\/activeluxe-cosmetics.com\/sl\/izdelek\/derma-roller-za-nego-lasisca\/#primaryimage\"},\"thumbnailUrl\":\"https:\/\/cdn.activeluxe-cosmetics.com\/sl\/wp-content\/uploads\/2024\/01\/28145747\/Derma_roller.jpg\",\"datePublished\":\"2024-01-10T14:19:25+00:00\",\"dateModified\":\"2026-02-02T12:59:37+00:00\",\"description\":\"Active Luxe derma roller za masa\u017eo lasi\u0161\u010da kot del rutine nege las. Ne\u017ena povr\u0161inska masa\u017ea za urejen videz in ob\u010dutek sve\u017eega lasi\u0161\u010da.\",\"breadcrumb\":{\"@id\":\"https:\/\/activeluxe-cosmetics.com\/sl\/izdelek\/derma-roller-za-nego-lasisca\/#breadcrumb\"},\"inLanguage\":\"sl-SI\",\"potentialAction\":[{\"@type\":\"ReadAction\",\"target\":[\"https:\/\/activeluxe-cosmetics.com\/sl\/izdelek\/derma-roller-za-nego-lasisca\/\"]}]},{\"@type\":\"ImageObject\",\"inLanguage\":\"sl-SI\",\"@id\":\"https:\/\/activeluxe-cosmetics.com\/sl\/izdelek\/derma-roller-za-nego-lasisca\/#primaryimage\",\"url\":\"https:\/\/cdn.activeluxe-cosmetics.com\/sl\/wp-content\/uploads\/2024\/01\/28145747\/Derma_roller.jpg\",\"contentUrl\":\"https:\/\/cdn.activeluxe-cosmetics.com\/sl\/wp-content\/uploads\/2024\/01\/28145747\/Derma_roller.jpg\",\"width\":783,\"height\":995},{\"@type\":\"BreadcrumbList\",\"@id\":\"https:\/\/activeluxe-cosmetics.com\/sl\/izdelek\/derma-roller-za-nego-lasisca\/#breadcrumb\",\"itemListElement\":[{\"@type\":\"ListItem\",\"position\":1,\"name\":\"Naslovnica\",\"item\":\"https:\/\/activeluxe-cosmetics.com\/sl\/\"},{\"@type\":\"ListItem\",\"position\":2,\"name\":\"Trgovina\",\"item\":\"https:\/\/activeluxe-cosmetics.com\/sl\/trgovina\/\"},{\"@type\":\"ListItem\",\"position\":3,\"name\":\"Derma roller za nego lasi\u0161\u010da\"}]},{\"@type\":\"WebSite\",\"@id\":\"https:\/\/activeluxe-cosmetics.com\/sl\/#website\",\"url\":\"https:\/\/activeluxe-cosmetics.com\/sl\/\",\"name\":\"Active Luxe Cosmetics\",\"description\":\"\",\"potentialAction\":[{\"@type\":\"SearchAction\",\"target\":{\"@type\":\"EntryPoint\",\"urlTemplate\":\"https:\/\/activeluxe-cosmetics.com\/sl\/?s={search_term_string}\"},\"query-input\":{\"@type\":\"PropertyValueSpecification\",\"valueRequired\":true,\"valueName\":\"search_term_string\"}}],\"inLanguage\":\"sl-SI\"}]}<\/script>\n<!-- \/ Yoast SEO plugin. -->","yoast_head_json":{"title":"Derma roller za nego lasi\u0161\u010da - Active Luxe","description":"Active Luxe derma roller za masa\u017eo lasi\u0161\u010da kot del rutine nege las. Ne\u017ena povr\u0161inska masa\u017ea za urejen videz in ob\u010dutek sve\u017eega lasi\u0161\u010da.","robots":{"index":"index","follow":"follow","max-snippet":"max-snippet:-1","max-image-preview":"max-image-preview:large","max-video-preview":"max-video-preview:-1"},"canonical":"https:\/\/activeluxe-cosmetics.com\/sl\/izdelek\/derma-roller-za-nego-lasisca\/","og_locale":"sl_SI","og_type":"article","og_title":"Derma roller za nego lasi\u0161\u010da - Active Luxe","og_description":"Active Luxe derma roller za masa\u017eo lasi\u0161\u010da kot del rutine nege las. Ne\u017ena povr\u0161inska masa\u017ea za urejen videz in ob\u010dutek sve\u017eega lasi\u0161\u010da.","og_url":"https:\/\/activeluxe-cosmetics.com\/sl\/izdelek\/derma-roller-za-nego-lasisca\/","og_site_name":"Active Luxe Cosmetics","article_modified_time":"2026-02-02T12:59:37+00:00","og_image":[{"width":783,"height":995,"url":"https:\/\/cdn.activeluxe-cosmetics.com\/sl\/wp-content\/uploads\/2024\/01\/28145747\/Derma_roller.jpg","type":"image\/jpeg"}],"twitter_card":"summary_large_image","twitter_misc":{"Est. reading time":"4 minute"},"schema":{"@context":"https:\/\/schema.org","@graph":[{"@type":"WebPage","@id":"https:\/\/activeluxe-cosmetics.com\/sl\/izdelek\/derma-roller-za-nego-lasisca\/","url":"https:\/\/activeluxe-cosmetics.com\/sl\/izdelek\/derma-roller-za-nego-lasisca\/","name":"Derma roller za nego lasi\u0161\u010da - Active Luxe","isPartOf":{"@id":"https:\/\/activeluxe-cosmetics.com\/sl\/#website"},"primaryImageOfPage":{"@id":"https:\/\/activeluxe-cosmetics.com\/sl\/izdelek\/derma-roller-za-nego-lasisca\/#primaryimage"},"image":{"@id":"https:\/\/activeluxe-cosmetics.com\/sl\/izdelek\/derma-roller-za-nego-lasisca\/#primaryimage"},"thumbnailUrl":"https:\/\/cdn.activeluxe-cosmetics.com\/sl\/wp-content\/uploads\/2024\/01\/28145747\/Derma_roller.jpg","datePublished":"2024-01-10T14:19:25+00:00","dateModified":"2026-02-02T12:59:37+00:00","description":"Active Luxe derma roller za masa\u017eo lasi\u0161\u010da kot del rutine nege las. Ne\u017ena povr\u0161inska masa\u017ea za urejen videz in ob\u010dutek sve\u017eega lasi\u0161\u010da.","breadcrumb":{"@id":"https:\/\/activeluxe-cosmetics.com\/sl\/izdelek\/derma-roller-za-nego-lasisca\/#breadcrumb"},"inLanguage":"sl-SI","potentialAction":[{"@type":"ReadAction","target":["https:\/\/activeluxe-cosmetics.com\/sl\/izdelek\/derma-roller-za-nego-lasisca\/"]}]},{"@type":"ImageObject","inLanguage":"sl-SI","@id":"https:\/\/activeluxe-cosmetics.com\/sl\/izdelek\/derma-roller-za-nego-lasisca\/#primaryimage","url":"https:\/\/cdn.activeluxe-cosmetics.com\/sl\/wp-content\/uploads\/2024\/01\/28145747\/Derma_roller.jpg","contentUrl":"https:\/\/cdn.activeluxe-cosmetics.com\/sl\/wp-content\/uploads\/2024\/01\/28145747\/Derma_roller.jpg","width":783,"height":995},{"@type":"BreadcrumbList","@id":"https:\/\/activeluxe-cosmetics.com\/sl\/izdelek\/derma-roller-za-nego-lasisca\/#breadcrumb","itemListElement":[{"@type":"ListItem","position":1,"name":"Naslovnica","item":"https:\/\/activeluxe-cosmetics.com\/sl\/"},{"@type":"ListItem","position":2,"name":"Trgovina","item":"https:\/\/activeluxe-cosmetics.com\/sl\/trgovina\/"},{"@type":"ListItem","position":3,"name":"Derma roller za nego lasi\u0161\u010da"}]},{"@type":"WebSite","@id":"https:\/\/activeluxe-cosmetics.com\/sl\/#website","url":"https:\/\/activeluxe-cosmetics.com\/sl\/","name":"Active Luxe Cosmetics","description":"","potentialAction":[{"@type":"SearchAction","target":{"@type":"EntryPoint","urlTemplate":"https:\/\/activeluxe-cosmetics.com\/sl\/?s={search_term_string}"},"query-input":{"@type":"PropertyValueSpecification","valueRequired":true,"valueName":"search_term_string"}}],"inLanguage":"sl-SI"}]}},"_links":{"self":[{"href":"https:\/\/activeluxe-cosmetics.com\/sl\/wp-json\/wp\/v2\/product\/72300","targetHints":{"allow":["GET"]}}],"collection":[{"href":"https:\/\/activeluxe-cosmetics.com\/sl\/wp-json\/wp\/v2\/product"}],"about":[{"href":"https:\/\/activeluxe-cosmetics.com\/sl\/wp-json\/wp\/v2\/types\/product"}],"replies":[{"embeddable":true,"href":"https:\/\/activeluxe-cosmetics.com\/sl\/wp-json\/wp\/v2\/comments?post=72300"}],"wp:featuredmedia":[{"embeddable":true,"href":"https:\/\/activeluxe-cosmetics.com\/sl\/wp-json\/wp\/v2\/media\/81399"}],"wp:attachment":[{"href":"https:\/\/activeluxe-cosmetics.com\/sl\/wp-json\/wp\/v2\/media?parent=72300"}],"wp:term":[{"taxonomy":"product_brand","embeddable":true,"href":"https:\/\/activeluxe-cosmetics.com\/sl\/wp-json\/wp\/v2\/product_brand?post=72300"},{"taxonomy":"product_cat","embeddable":true,"href":"https:\/\/activeluxe-cosmetics.com\/sl\/wp-json\/wp\/v2\/product_cat?post=72300"},{"taxonomy":"product_tag","embeddable":true,"href":"https:\/\/activeluxe-cosmetics.com\/sl\/wp-json\/wp\/v2\/product_tag?post=72300"}],"curies":[{"name":"wp","href":"https:\/\/api.w.org\/{rel}","templated":true}]}}