{"id":72188,"date":"2024-01-10T15:17:54","date_gmt":"2024-01-10T14:17:54","guid":{"rendered":"https:\/\/activeluxe-cosmetics.com\/sl\/?post_type=product&#038;p=72188"},"modified":"2026-04-20T09:31:36","modified_gmt":"2026-04-20T07:31:36","slug":"serum-za-rast-obrvi","status":"publish","type":"product","link":"https:\/\/activeluxe-cosmetics.com\/sl\/izdelek\/serum-za-rast-obrvi\/","title":{"rendered":"Serum za rast obrvi"},"content":{"rendered":"<h2><img loading=\"lazy\" decoding=\"async\" class=\"alignright wp-image-83218\" src=\"https:\/\/cdn.activeluxe-cosmetics.com\/sl\/wp-content\/uploads\/2024\/01\/05115024\/Izdelek-brez-naslova-2024-04-05T112435.876-1-460x575.png\" alt=\"\" width=\"438\" height=\"547\" srcset=\"https:\/\/cdn.activeluxe-cosmetics.com\/sl\/wp-content\/uploads\/2024\/01\/05115024\/Izdelek-brez-naslova-2024-04-05T112435.876-1-460x575.png 460w, https:\/\/cdn.activeluxe-cosmetics.com\/sl\/wp-content\/uploads\/2024\/01\/05115024\/Izdelek-brez-naslova-2024-04-05T112435.876-1-819x1024.png 819w, https:\/\/cdn.activeluxe-cosmetics.com\/sl\/wp-content\/uploads\/2024\/01\/05115024\/Izdelek-brez-naslova-2024-04-05T112435.876-1-768x960.png 768w, https:\/\/cdn.activeluxe-cosmetics.com\/sl\/wp-content\/uploads\/2024\/01\/05115024\/Izdelek-brez-naslova-2024-04-05T112435.876-1-600x750.png 600w, https:\/\/cdn.activeluxe-cosmetics.com\/sl\/wp-content\/uploads\/2024\/01\/05115024\/Izdelek-brez-naslova-2024-04-05T112435.876-1.png 1080w\" sizes=\"auto, (max-width: 438px) 100vw, 438px\" \/><strong>Serum za rast obrvi<\/strong>, ki so okvir na\u0161ega obraza<\/h2>\n<p>Si nezadovoljna z obliko svojih obrvi? Ima\u0161 tanke, svetle, preve\u010d populjene ali premalo vidne obrvi? <strong>Poslovi se od zamudnega vsakodnevnega zarisovanja obrvi<\/strong> in \u200b\u200buporabi Active Luxe Brow serum <strong>za naravno rast<\/strong> in <strong>nego obrvi<\/strong>.<\/p>\n<p>Struktura obrvi se razlikuje od strukture trepalnic, zato je zelo pomembno, da izbere\u0161 serum, kjer so u\u010dinkovine posebej izbrane za krepitev tvojih obrvi, ki se za\u010dne \u017ee v globini dla\u010dnega me\u0161i\u010dka. Active Luxe Brow serum za rast obrvi je prvi serum na na\u0161em trgu, ki je namenjen <strong>izklju\u010dno negi<\/strong> in <strong>rasti obrvi<\/strong> in je dokazano u\u010dinkovit.<\/p>\n<ul>\n<li><strong>Spodbudi<\/strong> <strong>naravno rast<\/strong> obrvi<\/li>\n<li><strong>Krepi<\/strong> krhke obrvi<\/li>\n<li><strong>Prepre\u010duje lomljenje<\/strong> in <strong>izpadanje<\/strong> obrvi<\/li>\n<li><strong>Ohranja<\/strong> <strong>pro\u017enost<\/strong> obrvi<\/li>\n<\/ul>\n<h2><\/h2>\n<p>&nbsp;<\/p>\n<p>&nbsp;<\/p>\n<p>&nbsp;<\/p>\n<p>&nbsp;<\/p>\n<p>&nbsp;<\/p>\n<p><img loading=\"lazy\" decoding=\"async\" class=\" wp-image-96710 alignleft\" src=\"https:\/\/cdn.activeluxe-cosmetics.com\/sl\/wp-content\/uploads\/2024\/01\/04102316\/brow-serum-iva-460x575.png\" alt=\"\" width=\"470\" height=\"587\" srcset=\"https:\/\/cdn.activeluxe-cosmetics.com\/sl\/wp-content\/uploads\/2024\/01\/04102316\/brow-serum-iva-460x575.png 460w, https:\/\/cdn.activeluxe-cosmetics.com\/sl\/wp-content\/uploads\/2024\/01\/04102316\/brow-serum-iva-819x1024.png 819w, https:\/\/cdn.activeluxe-cosmetics.com\/sl\/wp-content\/uploads\/2024\/01\/04102316\/brow-serum-iva-768x960.png 768w, https:\/\/cdn.activeluxe-cosmetics.com\/sl\/wp-content\/uploads\/2024\/01\/04102316\/brow-serum-iva-600x750.png 600w, https:\/\/cdn.activeluxe-cosmetics.com\/sl\/wp-content\/uploads\/2024\/01\/04102316\/brow-serum-iva.png 1080w\" sizes=\"auto, (max-width: 470px) 100vw, 470px\" \/><\/p>\n<h2><strong>Zakaj je Active Luxe serum<\/strong> za rast obrvi tako u\u010dinkovit?<\/h2>\n<p>V na\u0161em laboratoriju so strokovnjaki s podro\u010dja kemije in farmacije naredili <strong>edinstveno formulo<\/strong> <span style=\"font-weight: 400;\">iz kompleksa aminokislin, hranljivih snovi, vitaminov skupine B, vitamina E in antioksidantov, <\/span>ki intenzivno deluje <strong>neposredno na dla\u010dni me\u0161i\u010dek<\/strong> oz. korenino obrvi. \u017de v nekaj tednih od za\u010detka uporabe, serum spodbudi <strong>vidno rast obrvi<\/strong> na mestih, kjer te ne rastejo ve\u010d.<\/p>\n<p>Active Brow serum za rast obrvi je <strong>varen<\/strong> in <strong>primeren za vsakodnevno uporabo.<\/strong> Njegova 100% u\u010dinkovitost je potrjena s klini\u010dno \u0161tudijo.<\/p>\n<ul>\n<li style=\"font-weight: 400;\" aria-level=\"1\"><span style=\"font-weight: 400;\">V klini\u010dnih testih je uporaba Active Brow seruma vplivala na izbolj\u0161anje videza gostote obrvi, zaradi \u010desar so bile obrvi videti polnej\u0161e, gostej\u0161e in temnej\u0161e.<\/span><\/li>\n<li style=\"font-weight: 400;\" aria-level=\"1\"><span style=\"font-weight: 400;\">Active Brow serum s svojo inovativno formulo ne le zgosti tvoje obrvi temve\u010d tudi prepre\u010duje izpadanje obrvi in njihovo lomljenje.<\/span><\/li>\n<li style=\"font-weight: 400;\" aria-level=\"1\"><span style=\"font-weight: 400;\">Active Brow serum za rast obrvi\u00a0 je varen tudi za tiste z ob\u010dutljivo ko\u017eo.<\/span><\/li>\n<\/ul>\n<h2><\/h2>\n<h2><\/h2>\n<h2><\/h2>\n<h2><img loading=\"lazy\" decoding=\"async\" class=\" wp-image-105847 alignright\" src=\"https:\/\/cdn.activeluxe-cosmetics.com\/sl\/wp-content\/uploads\/2024\/01\/15032402\/brow_growth_serum.png\" alt=\"\" width=\"433\" height=\"542\" \/><\/h2>\n<h2>Prepuljene obrvi? <b>Obstaja re\u0161itev!<\/b><\/h2>\n<p>To je <strong>konec zamudega zarisovanja obrvi<\/strong> doma ali dragega vrisovanja v kozmeti\u010dnih salonih!<\/p>\n<p>\u010ce si si preve\u010d populila obrvi in te preprosto ne rastejo ve\u010d, bodo u\u010dinkovine Active Luxe Brow seruma spodbudile njihovo rast in kon\u010dno odpravile asimetri\u010dne ter redke in tanke obrvi.<\/p>\n<p>Aktivne u\u010dinkovine Active Brow seruma <strong>negujejo<\/strong> tvoje obrvi, jih krepijo, spodbujajo rast tudi na mestih, kjer si si jih prepulila in tako pomagajo pri odpravljanju nepravilnosti preteklega <strong>asimetri\u010dnega<\/strong> <strong>oblikovanja<\/strong> obrvi.<\/p>\n<ul>\n<li>Koncentrirana formula, ki klini\u010dno <strong>dokazano<\/strong> <strong>spodbuja<\/strong> rast obrvi<\/li>\n<li>Obrvi <strong>za\u010dno<\/strong> <strong>rasti<\/strong> tudi na mestih, kjer zaradi prepuljenosti ne rastejo ve\u010d<\/li>\n<li>Spodbuja rast obrvi, <strong>jih okrepi, zgosti in nahrani<\/strong> v samo nekaj tednih<\/li>\n<li>Prvi rezultati so vidni nekje po petih tednih, zadostuje pa le en nanos pred spanjem.<\/li>\n<\/ul>\n<p>&nbsp;<\/p>\n<p><iframe loading=\"lazy\" title=\"Pravilen nanos seruma za rast obrvi | Active Luxe Cosmetics\" width=\"1020\" height=\"574\" src=\"https:\/\/www.youtube.com\/embed\/GpFRS4UYRGQ?feature=oembed&#038;enablejsapi=1&#038;origin=https:\/\/activeluxe-cosmetics.com\" frameborder=\"0\" allow=\"accelerometer; autoplay; clipboard-write; encrypted-media; gyroscope; picture-in-picture; web-share\" referrerpolicy=\"strict-origin-when-cross-origin\" allowfullscreen><\/iframe><\/p>\n<div style=\"display: flex; align-items: center; gap: 20px; flex-wrap: wrap;\">\n<p style=\"max-width: 360px;\">\n<\/div>\n","protected":false},"excerpt":{"rendered":"<p>Za naravno gosteje\u0161e obrvi \u017ee v nekaj tednih. Klini\u010dno testirano.<\/p>\n","protected":false},"featured_media":112547,"comment_status":"open","ping_status":"closed","template":"","meta":[],"product_brand":[],"product_cat":[52,95],"product_tag":[],"class_list":{"0":"post-72188","1":"product","2":"type-product","3":"status-publish","4":"has-post-thumbnail","6":"product_cat-izdelki-za-nego-in-rast-obrvi","7":"product_cat-serum-za-obrvi","9":"first","10":"instock","11":"sale","12":"taxable","13":"shipping-taxable","14":"purchasable","15":"product-type-variable"},"bundled_by":[],"bundle_stock_status":"instock","bundle_stock_quantity":null,"bundle_virtual":false,"bundle_layout":"","bundle_add_to_cart_form_location":"","bundle_editable_in_cart":false,"bundle_sold_individually_context":"","bundle_item_grouping":"","bundle_min_size":"","bundle_max_size":"","bundle_price":[],"bundled_items":[],"bundle_sell_ids":[],"acf":[],"yoast_head":"<!-- This site is optimized with the Yoast SEO plugin v26.6 - https:\/\/yoast.com\/wordpress\/plugins\/seo\/ -->\n<title>Serum za rast obrvi - Active Luxe Cosmetics<\/title>\n<meta name=\"description\" content=\"Serum za rast obrvi Active Luxe Brow. \u2714 Ponovno goste naravne obrvi. \u2714 Re\u0161itev proti preve\u010d populjenim obrvem. \u2714 Viden rezultat \u017ee v nekaj tednih.\" \/>\n<meta name=\"robots\" content=\"index, follow, max-snippet:-1, max-image-preview:large, max-video-preview:-1\" \/>\n<link rel=\"canonical\" href=\"https:\/\/activeluxe-cosmetics.com\/sl\/izdelek\/serum-za-rast-obrvi\/\" \/>\n<meta property=\"og:locale\" content=\"sl_SI\" \/>\n<meta property=\"og:type\" content=\"article\" \/>\n<meta property=\"og:title\" content=\"Serum za rast obrvi - Active Luxe Cosmetics\" \/>\n<meta property=\"og:description\" content=\"Serum za rast obrvi Active Luxe Brow. \u2714 Ponovno goste naravne obrvi. \u2714 Re\u0161itev proti preve\u010d populjenim obrvem. \u2714 Viden rezultat \u017ee v nekaj tednih.\" \/>\n<meta property=\"og:url\" content=\"https:\/\/activeluxe-cosmetics.com\/sl\/izdelek\/serum-za-rast-obrvi\/\" \/>\n<meta property=\"og:site_name\" content=\"Active Luxe Cosmetics\" \/>\n<meta property=\"article:modified_time\" content=\"2026-04-20T07:31:36+00:00\" \/>\n<meta property=\"og:image\" content=\"https:\/\/cdn.activeluxe-cosmetics.com\/sl\/wp-content\/uploads\/2024\/01\/15114748\/ELLE_nominacija_Serum_za_rast_obrvi.jpg\" \/>\n\t<meta property=\"og:image:width\" content=\"1104\" \/>\n\t<meta property=\"og:image:height\" content=\"1326\" \/>\n\t<meta property=\"og:image:type\" content=\"image\/jpeg\" \/>\n<meta name=\"twitter:card\" content=\"summary_large_image\" \/>\n<meta name=\"twitter:label1\" content=\"Est. reading time\" \/>\n\t<meta name=\"twitter:data1\" content=\"3 minute\" \/>\n<script type=\"application\/ld+json\" class=\"yoast-schema-graph\">{\"@context\":\"https:\/\/schema.org\",\"@graph\":[{\"@type\":\"WebPage\",\"@id\":\"https:\/\/activeluxe-cosmetics.com\/sl\/izdelek\/serum-za-rast-obrvi\/\",\"url\":\"https:\/\/activeluxe-cosmetics.com\/sl\/izdelek\/serum-za-rast-obrvi\/\",\"name\":\"Serum za rast obrvi - Active Luxe Cosmetics\",\"isPartOf\":{\"@id\":\"https:\/\/activeluxe-cosmetics.com\/sl\/#website\"},\"primaryImageOfPage\":{\"@id\":\"https:\/\/activeluxe-cosmetics.com\/sl\/izdelek\/serum-za-rast-obrvi\/#primaryimage\"},\"image\":{\"@id\":\"https:\/\/activeluxe-cosmetics.com\/sl\/izdelek\/serum-za-rast-obrvi\/#primaryimage\"},\"thumbnailUrl\":\"https:\/\/cdn.activeluxe-cosmetics.com\/sl\/wp-content\/uploads\/2024\/01\/15114748\/ELLE_nominacija_Serum_za_rast_obrvi.jpg\",\"datePublished\":\"2024-01-10T14:17:54+00:00\",\"dateModified\":\"2026-04-20T07:31:36+00:00\",\"description\":\"Serum za rast obrvi Active Luxe Brow. \u2714 Ponovno goste naravne obrvi. \u2714 Re\u0161itev proti preve\u010d populjenim obrvem. \u2714 Viden rezultat \u017ee v nekaj tednih.\",\"breadcrumb\":{\"@id\":\"https:\/\/activeluxe-cosmetics.com\/sl\/izdelek\/serum-za-rast-obrvi\/#breadcrumb\"},\"inLanguage\":\"sl-SI\",\"potentialAction\":[{\"@type\":\"ReadAction\",\"target\":[\"https:\/\/activeluxe-cosmetics.com\/sl\/izdelek\/serum-za-rast-obrvi\/\"]}]},{\"@type\":\"ImageObject\",\"inLanguage\":\"sl-SI\",\"@id\":\"https:\/\/activeluxe-cosmetics.com\/sl\/izdelek\/serum-za-rast-obrvi\/#primaryimage\",\"url\":\"https:\/\/cdn.activeluxe-cosmetics.com\/sl\/wp-content\/uploads\/2024\/01\/15114748\/ELLE_nominacija_Serum_za_rast_obrvi.jpg\",\"contentUrl\":\"https:\/\/cdn.activeluxe-cosmetics.com\/sl\/wp-content\/uploads\/2024\/01\/15114748\/ELLE_nominacija_Serum_za_rast_obrvi.jpg\",\"width\":1104,\"height\":1326},{\"@type\":\"BreadcrumbList\",\"@id\":\"https:\/\/activeluxe-cosmetics.com\/sl\/izdelek\/serum-za-rast-obrvi\/#breadcrumb\",\"itemListElement\":[{\"@type\":\"ListItem\",\"position\":1,\"name\":\"Naslovnica\",\"item\":\"https:\/\/activeluxe-cosmetics.com\/sl\/\"},{\"@type\":\"ListItem\",\"position\":2,\"name\":\"Trgovina\",\"item\":\"https:\/\/activeluxe-cosmetics.com\/sl\/trgovina\/\"},{\"@type\":\"ListItem\",\"position\":3,\"name\":\"Serum za rast obrvi\"}]},{\"@type\":\"WebSite\",\"@id\":\"https:\/\/activeluxe-cosmetics.com\/sl\/#website\",\"url\":\"https:\/\/activeluxe-cosmetics.com\/sl\/\",\"name\":\"Active Luxe Cosmetics\",\"description\":\"\",\"potentialAction\":[{\"@type\":\"SearchAction\",\"target\":{\"@type\":\"EntryPoint\",\"urlTemplate\":\"https:\/\/activeluxe-cosmetics.com\/sl\/?s={search_term_string}\"},\"query-input\":{\"@type\":\"PropertyValueSpecification\",\"valueRequired\":true,\"valueName\":\"search_term_string\"}}],\"inLanguage\":\"sl-SI\"}]}<\/script>\n<!-- \/ Yoast SEO plugin. -->","yoast_head_json":{"title":"Serum za rast obrvi - Active Luxe Cosmetics","description":"Serum za rast obrvi Active Luxe Brow. \u2714 Ponovno goste naravne obrvi. \u2714 Re\u0161itev proti preve\u010d populjenim obrvem. \u2714 Viden rezultat \u017ee v nekaj tednih.","robots":{"index":"index","follow":"follow","max-snippet":"max-snippet:-1","max-image-preview":"max-image-preview:large","max-video-preview":"max-video-preview:-1"},"canonical":"https:\/\/activeluxe-cosmetics.com\/sl\/izdelek\/serum-za-rast-obrvi\/","og_locale":"sl_SI","og_type":"article","og_title":"Serum za rast obrvi - Active Luxe Cosmetics","og_description":"Serum za rast obrvi Active Luxe Brow. \u2714 Ponovno goste naravne obrvi. \u2714 Re\u0161itev proti preve\u010d populjenim obrvem. \u2714 Viden rezultat \u017ee v nekaj tednih.","og_url":"https:\/\/activeluxe-cosmetics.com\/sl\/izdelek\/serum-za-rast-obrvi\/","og_site_name":"Active Luxe Cosmetics","article_modified_time":"2026-04-20T07:31:36+00:00","og_image":[{"width":1104,"height":1326,"url":"https:\/\/cdn.activeluxe-cosmetics.com\/sl\/wp-content\/uploads\/2024\/01\/15114748\/ELLE_nominacija_Serum_za_rast_obrvi.jpg","type":"image\/jpeg"}],"twitter_card":"summary_large_image","twitter_misc":{"Est. reading time":"3 minute"},"schema":{"@context":"https:\/\/schema.org","@graph":[{"@type":"WebPage","@id":"https:\/\/activeluxe-cosmetics.com\/sl\/izdelek\/serum-za-rast-obrvi\/","url":"https:\/\/activeluxe-cosmetics.com\/sl\/izdelek\/serum-za-rast-obrvi\/","name":"Serum za rast obrvi - Active Luxe Cosmetics","isPartOf":{"@id":"https:\/\/activeluxe-cosmetics.com\/sl\/#website"},"primaryImageOfPage":{"@id":"https:\/\/activeluxe-cosmetics.com\/sl\/izdelek\/serum-za-rast-obrvi\/#primaryimage"},"image":{"@id":"https:\/\/activeluxe-cosmetics.com\/sl\/izdelek\/serum-za-rast-obrvi\/#primaryimage"},"thumbnailUrl":"https:\/\/cdn.activeluxe-cosmetics.com\/sl\/wp-content\/uploads\/2024\/01\/15114748\/ELLE_nominacija_Serum_za_rast_obrvi.jpg","datePublished":"2024-01-10T14:17:54+00:00","dateModified":"2026-04-20T07:31:36+00:00","description":"Serum za rast obrvi Active Luxe Brow. \u2714 Ponovno goste naravne obrvi. \u2714 Re\u0161itev proti preve\u010d populjenim obrvem. \u2714 Viden rezultat \u017ee v nekaj tednih.","breadcrumb":{"@id":"https:\/\/activeluxe-cosmetics.com\/sl\/izdelek\/serum-za-rast-obrvi\/#breadcrumb"},"inLanguage":"sl-SI","potentialAction":[{"@type":"ReadAction","target":["https:\/\/activeluxe-cosmetics.com\/sl\/izdelek\/serum-za-rast-obrvi\/"]}]},{"@type":"ImageObject","inLanguage":"sl-SI","@id":"https:\/\/activeluxe-cosmetics.com\/sl\/izdelek\/serum-za-rast-obrvi\/#primaryimage","url":"https:\/\/cdn.activeluxe-cosmetics.com\/sl\/wp-content\/uploads\/2024\/01\/15114748\/ELLE_nominacija_Serum_za_rast_obrvi.jpg","contentUrl":"https:\/\/cdn.activeluxe-cosmetics.com\/sl\/wp-content\/uploads\/2024\/01\/15114748\/ELLE_nominacija_Serum_za_rast_obrvi.jpg","width":1104,"height":1326},{"@type":"BreadcrumbList","@id":"https:\/\/activeluxe-cosmetics.com\/sl\/izdelek\/serum-za-rast-obrvi\/#breadcrumb","itemListElement":[{"@type":"ListItem","position":1,"name":"Naslovnica","item":"https:\/\/activeluxe-cosmetics.com\/sl\/"},{"@type":"ListItem","position":2,"name":"Trgovina","item":"https:\/\/activeluxe-cosmetics.com\/sl\/trgovina\/"},{"@type":"ListItem","position":3,"name":"Serum za rast obrvi"}]},{"@type":"WebSite","@id":"https:\/\/activeluxe-cosmetics.com\/sl\/#website","url":"https:\/\/activeluxe-cosmetics.com\/sl\/","name":"Active Luxe Cosmetics","description":"","potentialAction":[{"@type":"SearchAction","target":{"@type":"EntryPoint","urlTemplate":"https:\/\/activeluxe-cosmetics.com\/sl\/?s={search_term_string}"},"query-input":{"@type":"PropertyValueSpecification","valueRequired":true,"valueName":"search_term_string"}}],"inLanguage":"sl-SI"}]}},"_links":{"self":[{"href":"https:\/\/activeluxe-cosmetics.com\/sl\/wp-json\/wp\/v2\/product\/72188","targetHints":{"allow":["GET"]}}],"collection":[{"href":"https:\/\/activeluxe-cosmetics.com\/sl\/wp-json\/wp\/v2\/product"}],"about":[{"href":"https:\/\/activeluxe-cosmetics.com\/sl\/wp-json\/wp\/v2\/types\/product"}],"replies":[{"embeddable":true,"href":"https:\/\/activeluxe-cosmetics.com\/sl\/wp-json\/wp\/v2\/comments?post=72188"}],"wp:featuredmedia":[{"embeddable":true,"href":"https:\/\/activeluxe-cosmetics.com\/sl\/wp-json\/wp\/v2\/media\/112547"}],"wp:attachment":[{"href":"https:\/\/activeluxe-cosmetics.com\/sl\/wp-json\/wp\/v2\/media?parent=72188"}],"wp:term":[{"taxonomy":"product_brand","embeddable":true,"href":"https:\/\/activeluxe-cosmetics.com\/sl\/wp-json\/wp\/v2\/product_brand?post=72188"},{"taxonomy":"product_cat","embeddable":true,"href":"https:\/\/activeluxe-cosmetics.com\/sl\/wp-json\/wp\/v2\/product_cat?post=72188"},{"taxonomy":"product_tag","embeddable":true,"href":"https:\/\/activeluxe-cosmetics.com\/sl\/wp-json\/wp\/v2\/product_tag?post=72188"}],"curies":[{"name":"wp","href":"https:\/\/api.w.org\/{rel}","templated":true}]}}