{"id":72185,"date":"2024-01-10T15:17:54","date_gmt":"2024-01-10T14:17:54","guid":{"rendered":"https:\/\/activeluxe-cosmetics.com\/sl\/?post_type=product&#038;p=72185"},"modified":"2026-03-17T13:32:23","modified_gmt":"2026-03-17T12:32:23","slug":"wild-lash-primer","status":"publish","type":"product","link":"https:\/\/activeluxe-cosmetics.com\/sl\/izdelek\/wild-lash-primer\/","title":{"rendered":"Wild Lash podlaga za maskaro"},"content":{"rendered":"<h2><img loading=\"lazy\" decoding=\"async\" class=\"size-medium wp-image-72266 alignright\" src=\"https:\/\/cdn.activeluxe-cosmetics.com\/sl\/wp-content\/uploads\/2024\/01\/28150228\/kristina-1-460x460.png\" alt=\"\" width=\"460\" height=\"460\" srcset=\"https:\/\/cdn.activeluxe-cosmetics.com\/sl\/wp-content\/uploads\/2024\/01\/28150228\/kristina-1-460x460.png 460w, https:\/\/cdn.activeluxe-cosmetics.com\/sl\/wp-content\/uploads\/2024\/01\/28150228\/kristina-1-100x100.png 100w, https:\/\/cdn.activeluxe-cosmetics.com\/sl\/wp-content\/uploads\/2024\/01\/28150228\/kristina-1-600x600.png 600w, https:\/\/cdn.activeluxe-cosmetics.com\/sl\/wp-content\/uploads\/2024\/01\/28150228\/kristina-1-150x150.png 150w, https:\/\/cdn.activeluxe-cosmetics.com\/sl\/wp-content\/uploads\/2024\/01\/28150228\/kristina-1-768x768.png 768w, https:\/\/cdn.activeluxe-cosmetics.com\/sl\/wp-content\/uploads\/2024\/01\/28150228\/kristina-1-1024x1024.png 1024w, https:\/\/cdn.activeluxe-cosmetics.com\/sl\/wp-content\/uploads\/2024\/01\/28150228\/kristina-1-300x300.png 300w, https:\/\/cdn.activeluxe-cosmetics.com\/sl\/wp-content\/uploads\/2024\/01\/28150228\/kristina-1.png 1080w\" sizes=\"auto, (max-width: 460px) 100vw, 460px\" \/><span data-sheets-root=\"1\" data-sheets-value=\"{&quot;1&quot;:2,&quot;2&quot;:&quot;Ako jo\u0161 nisi prona\u0161la \u017eeljeni efekt maskare \u2013 ovo je faktor koji nedostaje!&quot;}\" data-sheets-userformat=\"{&quot;2&quot;:21377,&quot;3&quot;:{&quot;1&quot;:0},&quot;10&quot;:0,&quot;11&quot;:4,&quot;12&quot;:0,&quot;15&quot;:&quot;Arial&quot;,&quot;17&quot;:1}\" data-sheets-textstyleruns=\"{&quot;1&quot;:0,&quot;2&quot;:{&quot;2&quot;:{&quot;1&quot;:2,&quot;2&quot;:16739585}}}\uee10{&quot;1&quot;:21}\">Ti maskara ne da \u017eeljenega u\u010dinka? <strong>To je manjkajo\u010di faktor, ki si ga iskala!\u00a0<\/strong><\/span><\/h2>\n<p>Ti nanos maskare <strong>vzame veliko \u010dasa<\/strong>? Maskara se zatika, popacka\u0161 se okoli o\u010di, uni\u010di\u0161 si cel make up, tebi pa se tako ali tako \u017ee zelo mudi? Se sli\u0161i znano, kajne?<\/p>\n<p><span style=\"font-weight: 400;\">Predstavljamo ti re\u0161itev: <strong>Wild Lash podlago<\/strong> za nanos maskare in nego trepalnic.<\/span><\/p>\n<p><span style=\"font-weight: 400;\"> Olaj\u0161a nanos maskare, saj trepalnice raz\u010de\u0161e in lo\u010di, njena negovalna formula pa vsako trepalnico zaobjame, nahrani in podalj\u0161a.<\/span><\/p>\n<ul>\n<li>Trepalnice <strong>raz\u010de\u0161e<\/strong>, definira, priviha in pripravi na nanos maskare<\/li>\n<li><strong>Krepi<\/strong> in<strong> ja\u010da<\/strong> korenino trepalnice<\/li>\n<li><strong>Izbolj\u0161uje<\/strong> <strong>strukturo<\/strong> trepalnic, jih za\u0161\u010diti in nahrani<\/li>\n<li>Lahko se uporablja tudi samostojno kot <strong>negovalni balzam<\/strong> za trepalnice pred spanjem<\/li>\n<\/ul>\n<h2 style=\"text-align: center; clear: both;\"><\/h2>\n<p>&nbsp;<\/p>\n<p><img loading=\"lazy\" decoding=\"async\" class=\"wp-image-72267 size-medium alignleft\" src=\"https:\/\/cdn.activeluxe-cosmetics.com\/sl\/wp-content\/uploads\/2024\/01\/28150227\/katarina_trepke-1-1-460x460.png\" alt=\"\" width=\"460\" height=\"460\" srcset=\"https:\/\/cdn.activeluxe-cosmetics.com\/sl\/wp-content\/uploads\/2024\/01\/28150227\/katarina_trepke-1-1-460x460.png 460w, https:\/\/cdn.activeluxe-cosmetics.com\/sl\/wp-content\/uploads\/2024\/01\/28150227\/katarina_trepke-1-1-100x100.png 100w, https:\/\/cdn.activeluxe-cosmetics.com\/sl\/wp-content\/uploads\/2024\/01\/28150227\/katarina_trepke-1-1-600x600.png 600w, https:\/\/cdn.activeluxe-cosmetics.com\/sl\/wp-content\/uploads\/2024\/01\/28150227\/katarina_trepke-1-1-150x150.png 150w, https:\/\/cdn.activeluxe-cosmetics.com\/sl\/wp-content\/uploads\/2024\/01\/28150227\/katarina_trepke-1-1-768x768.png 768w, https:\/\/cdn.activeluxe-cosmetics.com\/sl\/wp-content\/uploads\/2024\/01\/28150227\/katarina_trepke-1-1-1024x1024.png 1024w, https:\/\/cdn.activeluxe-cosmetics.com\/sl\/wp-content\/uploads\/2024\/01\/28150227\/katarina_trepke-1-1-300x300.png 300w, https:\/\/cdn.activeluxe-cosmetics.com\/sl\/wp-content\/uploads\/2024\/01\/28150227\/katarina_trepke-1-1.png 1080w\" sizes=\"auto, (max-width: 460px) 100vw, 460px\" \/><\/p>\n<h2>Edina podlaga za nanos maskare, ki <strong>deluje tudi na rast trepalnic<\/strong><\/h2>\n<p>Wild Lash je edina podlaga za maskaro, ki <strong>deluje tudi na rast naravnih trepalnic<\/strong>, hkrati pa jih neguje in \u0161\u010diti pred izpadanjem!<\/p>\n<p>Ta podlaga vsebuje inovativno formulo ki deluje stimulativno na dla\u010dni me\u0161i\u010dek trepalnic in ga krepi. Klini\u010dne \u0161tudije so pokazale, da z redno uporabo trepalnice rastejo <strong>2,6x hitreje kot obi\u010dajno<\/strong>!<\/p>\n<p><strong>Dodaten bonus<\/strong>\u00a0je njen <strong>negovalni u\u010dinek<\/strong> \u2013 trepalnice globinsko <strong>nahrani<\/strong> in <b>obnovi. <\/b>Vsebuje sestavine, ki <strong>krepijo dla\u010dni me\u0161i\u010dek trepalnice<\/strong>. Kombinacija <strong>jojobinega olja<\/strong>, <strong>son\u010dni\u010dnega olja<\/strong> in<strong> karitejevega masla<\/strong> trepalnice globinsko neguje, jih ohranja pro\u017ene in mo\u010dne.<\/p>\n<p>&nbsp;<\/p>\n<h2 style=\"text-align: center; clear: both;\"><\/h2>\n<p><img loading=\"lazy\" decoding=\"async\" class=\" wp-image-96564 alignright\" src=\"https:\/\/cdn.activeluxe-cosmetics.com\/sl\/wp-content\/uploads\/2024\/01\/01095247\/wildlashprimer-2-460x575.png\" alt=\"\" width=\"409\" height=\"511\" srcset=\"https:\/\/cdn.activeluxe-cosmetics.com\/sl\/wp-content\/uploads\/2024\/01\/01095247\/wildlashprimer-2-460x575.png 460w, https:\/\/cdn.activeluxe-cosmetics.com\/sl\/wp-content\/uploads\/2024\/01\/01095247\/wildlashprimer-2-819x1024.png 819w, https:\/\/cdn.activeluxe-cosmetics.com\/sl\/wp-content\/uploads\/2024\/01\/01095247\/wildlashprimer-2-768x960.png 768w, https:\/\/cdn.activeluxe-cosmetics.com\/sl\/wp-content\/uploads\/2024\/01\/01095247\/wildlashprimer-2-600x750.png 600w, https:\/\/cdn.activeluxe-cosmetics.com\/sl\/wp-content\/uploads\/2024\/01\/01095247\/wildlashprimer-2.png 1080w\" sizes=\"auto, (max-width: 409px) 100vw, 409px\" \/><\/p>\n<h2><span data-sheets-root=\"1\" data-sheets-value=\"{&quot;1&quot;:2,&quot;2&quot;:&quot;Savr\u0161eni izgled trepavica, uz dubinsku njegu&quot;}\" data-sheets-userformat=\"{&quot;2&quot;:23425,&quot;3&quot;:{&quot;1&quot;:0},&quot;10&quot;:0,&quot;11&quot;:4,&quot;12&quot;:0,&quot;14&quot;:{&quot;1&quot;:2,&quot;2&quot;:16739585},&quot;15&quot;:&quot;Arial&quot;,&quot;17&quot;:1}\"><strong>Skrbno izbrane sestavine<\/strong> tvojim trepalnicam zagotavljajo popolno nego<\/span><\/h2>\n<p><span data-sheets-root=\"1\" data-sheets-value=\"{&quot;1&quot;:2,&quot;2&quot;:&quot;Ova kremasta formula sadr\u017ei sve \u0161to treba tvojim trepavicama:&quot;}\" data-sheets-userformat=\"{&quot;2&quot;:4480,&quot;10&quot;:0,&quot;11&quot;:4,&quot;15&quot;:&quot;Arial&quot;}\">Bogata kremasta formula vsebuje vse, kar potrebujejo tvoje trepalnice:<\/span><\/p>\n<ul>\n<li style=\"font-weight: 400;\" aria-level=\"1\"><span style=\"font-weight: 400;\">trepalnice <strong>raz\u010de\u0161e<\/strong>, <strong>definira<\/strong>, <strong>priviha<\/strong> in pripravi na nanos maskare<\/span><\/li>\n<li><strong>v trenutku podalj\u0161a<\/strong> trepalnice pred nanosom maskare,<\/li>\n<li><strong>deluje<\/strong> na rast trepalnic &#8211; z redno uporabo te rastejo 2.6x hitreje kot obi\u010dajno,<\/li>\n<li>nega, ki bo tvojim trepalnicam povrnila <strong>mo\u010d<\/strong> in <strong>pro\u017enost<\/strong>,<\/li>\n<li><span style=\"font-weight: 400;\">poskrbi za <strong>intenzivnej\u0161i u\u010dinek<\/strong> maskare<\/span><\/li>\n<li><strong>nahrani<\/strong> in<strong> \u0161\u010diti<\/strong> trepalnice, da se med odstranjevajem li\u010dil ne po\u0161kodujejo,<\/li>\n<li>za bolj izrazite trepalnice nanesi <strong>dve plasti<\/strong> podlage.<\/li>\n<\/ul>\n<p>&nbsp;<\/p>\n<p>&nbsp;<\/p>\n<h3 style=\"clear: both; max-width: 820px;\"><\/h3>\n<div style=\"display: flex; align-items: center; gap: 20px; flex-wrap: wrap;\">\n<p style=\"max-width: 360px;\">\n<\/div>\n","protected":false},"excerpt":{"rendered":"<p>Podlaga za nanos maskare, ki deluje tudi na rast &#8211; trepalnice rastejo 2,6 x hitreje kot obi\u010dajno. Nahrani in obnovi trepalnice.<\/p>\n","protected":false},"featured_media":105810,"comment_status":"open","ping_status":"closed","template":"","meta":[],"product_brand":[],"product_cat":[48,77],"product_tag":[],"class_list":{"0":"post-72185","1":"product","2":"type-product","3":"status-publish","4":"has-post-thumbnail","6":"product_cat-izdelki-za-nego-trepalnic","7":"product_cat-activeluxe-makeup","9":"first","10":"instock","11":"taxable","12":"shipping-taxable","13":"purchasable","14":"product-type-simple"},"bundled_by":[],"bundle_stock_status":"instock","bundle_stock_quantity":null,"bundle_virtual":false,"bundle_layout":"","bundle_add_to_cart_form_location":"","bundle_editable_in_cart":false,"bundle_sold_individually_context":"","bundle_item_grouping":"","bundle_min_size":"","bundle_max_size":"","bundle_price":[],"bundled_items":[],"bundle_sell_ids":[],"acf":[],"yoast_head":"<!-- This site is optimized with the Yoast SEO plugin v26.6 - https:\/\/yoast.com\/wordpress\/plugins\/seo\/ -->\n<title>Podlaga za nanos maskare - Active Luxe Cosmetics<\/title>\n<meta name=\"description\" content=\"Wild Lash podlaga za intenzivnej\u0161i u\u010dinek maskare. Lo\u010di in podalj\u0161a trepalnice \u2194\ufe0f Vpliva na rast trepalnic. Trepalnice rastejo 2,6x hitreje kot obi\u010dajno!\" \/>\n<meta name=\"robots\" content=\"index, follow, max-snippet:-1, max-image-preview:large, max-video-preview:-1\" \/>\n<link rel=\"canonical\" href=\"https:\/\/activeluxe-cosmetics.com\/sl\/izdelek\/wild-lash-primer\/\" \/>\n<meta property=\"og:locale\" content=\"sl_SI\" \/>\n<meta property=\"og:type\" content=\"article\" \/>\n<meta property=\"og:title\" content=\"Podlaga za nanos maskare - Active Luxe Cosmetics\" \/>\n<meta property=\"og:description\" content=\"Wild Lash podlaga za intenzivnej\u0161i u\u010dinek maskare. Lo\u010di in podalj\u0161a trepalnice \u2194\ufe0f Vpliva na rast trepalnic. Trepalnice rastejo 2,6x hitreje kot obi\u010dajno!\" \/>\n<meta property=\"og:url\" content=\"https:\/\/activeluxe-cosmetics.com\/sl\/izdelek\/wild-lash-primer\/\" \/>\n<meta property=\"og:site_name\" content=\"Active Luxe Cosmetics\" \/>\n<meta property=\"article:modified_time\" content=\"2026-03-17T12:32:23+00:00\" \/>\n<meta property=\"og:image\" content=\"https:\/\/cdn.activeluxe-cosmetics.com\/sl\/wp-content\/uploads\/2024\/01\/15021131\/active_luxe_wild_lash_primer_product.jpg\" \/>\n\t<meta property=\"og:image:width\" content=\"522\" \/>\n\t<meta property=\"og:image:height\" content=\"663\" \/>\n\t<meta property=\"og:image:type\" content=\"image\/jpeg\" \/>\n<meta name=\"twitter:card\" content=\"summary_large_image\" \/>\n<meta name=\"twitter:label1\" content=\"Est. reading time\" \/>\n\t<meta name=\"twitter:data1\" content=\"3 minute\" \/>\n<script type=\"application\/ld+json\" class=\"yoast-schema-graph\">{\"@context\":\"https:\/\/schema.org\",\"@graph\":[{\"@type\":\"WebPage\",\"@id\":\"https:\/\/activeluxe-cosmetics.com\/sl\/izdelek\/wild-lash-primer\/\",\"url\":\"https:\/\/activeluxe-cosmetics.com\/sl\/izdelek\/wild-lash-primer\/\",\"name\":\"Podlaga za nanos maskare - Active Luxe Cosmetics\",\"isPartOf\":{\"@id\":\"https:\/\/activeluxe-cosmetics.com\/sl\/#website\"},\"primaryImageOfPage\":{\"@id\":\"https:\/\/activeluxe-cosmetics.com\/sl\/izdelek\/wild-lash-primer\/#primaryimage\"},\"image\":{\"@id\":\"https:\/\/activeluxe-cosmetics.com\/sl\/izdelek\/wild-lash-primer\/#primaryimage\"},\"thumbnailUrl\":\"https:\/\/cdn.activeluxe-cosmetics.com\/sl\/wp-content\/uploads\/2024\/01\/15021131\/active_luxe_wild_lash_primer_product.jpg\",\"datePublished\":\"2024-01-10T14:17:54+00:00\",\"dateModified\":\"2026-03-17T12:32:23+00:00\",\"description\":\"Wild Lash podlaga za intenzivnej\u0161i u\u010dinek maskare. Lo\u010di in podalj\u0161a trepalnice \u2194\ufe0f Vpliva na rast trepalnic. Trepalnice rastejo 2,6x hitreje kot obi\u010dajno!\",\"breadcrumb\":{\"@id\":\"https:\/\/activeluxe-cosmetics.com\/sl\/izdelek\/wild-lash-primer\/#breadcrumb\"},\"inLanguage\":\"sl-SI\",\"potentialAction\":[{\"@type\":\"ReadAction\",\"target\":[\"https:\/\/activeluxe-cosmetics.com\/sl\/izdelek\/wild-lash-primer\/\"]}]},{\"@type\":\"ImageObject\",\"inLanguage\":\"sl-SI\",\"@id\":\"https:\/\/activeluxe-cosmetics.com\/sl\/izdelek\/wild-lash-primer\/#primaryimage\",\"url\":\"https:\/\/cdn.activeluxe-cosmetics.com\/sl\/wp-content\/uploads\/2024\/01\/15021131\/active_luxe_wild_lash_primer_product.jpg\",\"contentUrl\":\"https:\/\/cdn.activeluxe-cosmetics.com\/sl\/wp-content\/uploads\/2024\/01\/15021131\/active_luxe_wild_lash_primer_product.jpg\",\"width\":522,\"height\":663},{\"@type\":\"BreadcrumbList\",\"@id\":\"https:\/\/activeluxe-cosmetics.com\/sl\/izdelek\/wild-lash-primer\/#breadcrumb\",\"itemListElement\":[{\"@type\":\"ListItem\",\"position\":1,\"name\":\"Naslovnica\",\"item\":\"https:\/\/activeluxe-cosmetics.com\/sl\/\"},{\"@type\":\"ListItem\",\"position\":2,\"name\":\"Trgovina\",\"item\":\"https:\/\/activeluxe-cosmetics.com\/sl\/trgovina\/\"},{\"@type\":\"ListItem\",\"position\":3,\"name\":\"Wild Lash podlaga za maskaro\"}]},{\"@type\":\"WebSite\",\"@id\":\"https:\/\/activeluxe-cosmetics.com\/sl\/#website\",\"url\":\"https:\/\/activeluxe-cosmetics.com\/sl\/\",\"name\":\"Active Luxe Cosmetics\",\"description\":\"\",\"potentialAction\":[{\"@type\":\"SearchAction\",\"target\":{\"@type\":\"EntryPoint\",\"urlTemplate\":\"https:\/\/activeluxe-cosmetics.com\/sl\/?s={search_term_string}\"},\"query-input\":{\"@type\":\"PropertyValueSpecification\",\"valueRequired\":true,\"valueName\":\"search_term_string\"}}],\"inLanguage\":\"sl-SI\"}]}<\/script>\n<!-- \/ Yoast SEO plugin. -->","yoast_head_json":{"title":"Podlaga za nanos maskare - Active Luxe Cosmetics","description":"Wild Lash podlaga za intenzivnej\u0161i u\u010dinek maskare. Lo\u010di in podalj\u0161a trepalnice \u2194\ufe0f Vpliva na rast trepalnic. Trepalnice rastejo 2,6x hitreje kot obi\u010dajno!","robots":{"index":"index","follow":"follow","max-snippet":"max-snippet:-1","max-image-preview":"max-image-preview:large","max-video-preview":"max-video-preview:-1"},"canonical":"https:\/\/activeluxe-cosmetics.com\/sl\/izdelek\/wild-lash-primer\/","og_locale":"sl_SI","og_type":"article","og_title":"Podlaga za nanos maskare - Active Luxe Cosmetics","og_description":"Wild Lash podlaga za intenzivnej\u0161i u\u010dinek maskare. Lo\u010di in podalj\u0161a trepalnice \u2194\ufe0f Vpliva na rast trepalnic. Trepalnice rastejo 2,6x hitreje kot obi\u010dajno!","og_url":"https:\/\/activeluxe-cosmetics.com\/sl\/izdelek\/wild-lash-primer\/","og_site_name":"Active Luxe Cosmetics","article_modified_time":"2026-03-17T12:32:23+00:00","og_image":[{"width":522,"height":663,"url":"https:\/\/cdn.activeluxe-cosmetics.com\/sl\/wp-content\/uploads\/2024\/01\/15021131\/active_luxe_wild_lash_primer_product.jpg","type":"image\/jpeg"}],"twitter_card":"summary_large_image","twitter_misc":{"Est. reading time":"3 minute"},"schema":{"@context":"https:\/\/schema.org","@graph":[{"@type":"WebPage","@id":"https:\/\/activeluxe-cosmetics.com\/sl\/izdelek\/wild-lash-primer\/","url":"https:\/\/activeluxe-cosmetics.com\/sl\/izdelek\/wild-lash-primer\/","name":"Podlaga za nanos maskare - Active Luxe Cosmetics","isPartOf":{"@id":"https:\/\/activeluxe-cosmetics.com\/sl\/#website"},"primaryImageOfPage":{"@id":"https:\/\/activeluxe-cosmetics.com\/sl\/izdelek\/wild-lash-primer\/#primaryimage"},"image":{"@id":"https:\/\/activeluxe-cosmetics.com\/sl\/izdelek\/wild-lash-primer\/#primaryimage"},"thumbnailUrl":"https:\/\/cdn.activeluxe-cosmetics.com\/sl\/wp-content\/uploads\/2024\/01\/15021131\/active_luxe_wild_lash_primer_product.jpg","datePublished":"2024-01-10T14:17:54+00:00","dateModified":"2026-03-17T12:32:23+00:00","description":"Wild Lash podlaga za intenzivnej\u0161i u\u010dinek maskare. Lo\u010di in podalj\u0161a trepalnice \u2194\ufe0f Vpliva na rast trepalnic. Trepalnice rastejo 2,6x hitreje kot obi\u010dajno!","breadcrumb":{"@id":"https:\/\/activeluxe-cosmetics.com\/sl\/izdelek\/wild-lash-primer\/#breadcrumb"},"inLanguage":"sl-SI","potentialAction":[{"@type":"ReadAction","target":["https:\/\/activeluxe-cosmetics.com\/sl\/izdelek\/wild-lash-primer\/"]}]},{"@type":"ImageObject","inLanguage":"sl-SI","@id":"https:\/\/activeluxe-cosmetics.com\/sl\/izdelek\/wild-lash-primer\/#primaryimage","url":"https:\/\/cdn.activeluxe-cosmetics.com\/sl\/wp-content\/uploads\/2024\/01\/15021131\/active_luxe_wild_lash_primer_product.jpg","contentUrl":"https:\/\/cdn.activeluxe-cosmetics.com\/sl\/wp-content\/uploads\/2024\/01\/15021131\/active_luxe_wild_lash_primer_product.jpg","width":522,"height":663},{"@type":"BreadcrumbList","@id":"https:\/\/activeluxe-cosmetics.com\/sl\/izdelek\/wild-lash-primer\/#breadcrumb","itemListElement":[{"@type":"ListItem","position":1,"name":"Naslovnica","item":"https:\/\/activeluxe-cosmetics.com\/sl\/"},{"@type":"ListItem","position":2,"name":"Trgovina","item":"https:\/\/activeluxe-cosmetics.com\/sl\/trgovina\/"},{"@type":"ListItem","position":3,"name":"Wild Lash podlaga za maskaro"}]},{"@type":"WebSite","@id":"https:\/\/activeluxe-cosmetics.com\/sl\/#website","url":"https:\/\/activeluxe-cosmetics.com\/sl\/","name":"Active Luxe Cosmetics","description":"","potentialAction":[{"@type":"SearchAction","target":{"@type":"EntryPoint","urlTemplate":"https:\/\/activeluxe-cosmetics.com\/sl\/?s={search_term_string}"},"query-input":{"@type":"PropertyValueSpecification","valueRequired":true,"valueName":"search_term_string"}}],"inLanguage":"sl-SI"}]}},"_links":{"self":[{"href":"https:\/\/activeluxe-cosmetics.com\/sl\/wp-json\/wp\/v2\/product\/72185","targetHints":{"allow":["GET"]}}],"collection":[{"href":"https:\/\/activeluxe-cosmetics.com\/sl\/wp-json\/wp\/v2\/product"}],"about":[{"href":"https:\/\/activeluxe-cosmetics.com\/sl\/wp-json\/wp\/v2\/types\/product"}],"replies":[{"embeddable":true,"href":"https:\/\/activeluxe-cosmetics.com\/sl\/wp-json\/wp\/v2\/comments?post=72185"}],"wp:featuredmedia":[{"embeddable":true,"href":"https:\/\/activeluxe-cosmetics.com\/sl\/wp-json\/wp\/v2\/media\/105810"}],"wp:attachment":[{"href":"https:\/\/activeluxe-cosmetics.com\/sl\/wp-json\/wp\/v2\/media?parent=72185"}],"wp:term":[{"taxonomy":"product_brand","embeddable":true,"href":"https:\/\/activeluxe-cosmetics.com\/sl\/wp-json\/wp\/v2\/product_brand?post=72185"},{"taxonomy":"product_cat","embeddable":true,"href":"https:\/\/activeluxe-cosmetics.com\/sl\/wp-json\/wp\/v2\/product_cat?post=72185"},{"taxonomy":"product_tag","embeddable":true,"href":"https:\/\/activeluxe-cosmetics.com\/sl\/wp-json\/wp\/v2\/product_tag?post=72185"}],"curies":[{"name":"wp","href":"https:\/\/api.w.org\/{rel}","templated":true}]}}