{"id":72179,"date":"2024-01-10T15:17:54","date_gmt":"2024-01-10T14:17:54","guid":{"rendered":"https:\/\/activeluxe-cosmetics.com\/sl\/?post_type=product&#038;p=72179"},"modified":"2026-04-01T08:57:17","modified_gmt":"2026-04-01T06:57:17","slug":"glamour-lash-maskara","status":"publish","type":"product","link":"https:\/\/activeluxe-cosmetics.com\/sl\/izdelek\/glamour-lash-maskara\/","title":{"rendered":"Glamour Lash maskara"},"content":{"rendered":"<p><img loading=\"lazy\" decoding=\"async\" class=\" wp-image-106463 alignright\" src=\"https:\/\/cdn.activeluxe-cosmetics.com\/sl\/wp-content\/uploads\/2024\/01\/21112233\/glamour_lash_mascara-460x575.png\" alt=\"\" width=\"350\" height=\"438\" srcset=\"https:\/\/cdn.activeluxe-cosmetics.com\/sl\/wp-content\/uploads\/2024\/01\/21112233\/glamour_lash_mascara-460x575.png 460w, https:\/\/cdn.activeluxe-cosmetics.com\/sl\/wp-content\/uploads\/2024\/01\/21112233\/glamour_lash_mascara-819x1024.png 819w, https:\/\/cdn.activeluxe-cosmetics.com\/sl\/wp-content\/uploads\/2024\/01\/21112233\/glamour_lash_mascara-768x960.png 768w, https:\/\/cdn.activeluxe-cosmetics.com\/sl\/wp-content\/uploads\/2024\/01\/21112233\/glamour_lash_mascara-600x750.png 600w, https:\/\/cdn.activeluxe-cosmetics.com\/sl\/wp-content\/uploads\/2024\/01\/21112233\/glamour_lash_mascara.png 1080w\" sizes=\"auto, (max-width: 350px) 100vw, 350px\" \/><\/p>\n<h2><strong>Dolge in goste <\/strong>trepalnice v hipu<\/h2>\n<p><span style=\"font-weight: 400;\">Glamour Lash maskara s svojo posebno krta\u010dko trepalnicam zagotavlja <strong>brez\u010dasen volumen<\/strong> in <strong>izjemno dol\u017eino<\/strong>. D<\/span><strong>ose\u017ee<\/strong> in <strong>lo\u010di vsako trepalnico<\/strong>, tudi tiste te\u017eko dosegljive v o\u010desnih koti\u010dkih.<\/p>\n<p>Skrivnost Glamour Lash maskare so <strong>mehke sinteti\u010dne \u0161\u010detine<\/strong> razli\u010dnih dol\u017ein, ki omogo\u010dajo ve\u010d slojni nanos brez grudic.<\/p>\n<p>Glamour Lash maskara je<strong> popolna izbira<\/strong> za vse, ki se odlo\u010date med maskaro za volumen ali dol\u017eino trepalnic. Glamour Lash maskara <strong>naredi oboje<\/strong>!<\/p>\n<ul>\n<li>Z enim nanosom bodo trepalnice dobile izjemeno dol\u017eino in volumen<\/li>\n<li>Bogata kremasta formula bo ohranila pro\u017enost trepalnic, ne da bi jih obte\u017eila<\/li>\n<li>Maskara se hitro su\u0161i<\/li>\n<li>Ne pu\u0161\u010da grudic<\/li>\n<\/ul>\n<h2 style=\"text-align: center; clear: both;\"><\/h2>\n<p>&nbsp;<\/p>\n<h2><img loading=\"lazy\" decoding=\"async\" class=\" wp-image-106465 alignleft\" src=\"https:\/\/cdn.activeluxe-cosmetics.com\/sl\/wp-content\/uploads\/2024\/01\/21112258\/glamourlash_mascara-460x575.png\" alt=\"\" width=\"350\" height=\"438\" srcset=\"https:\/\/cdn.activeluxe-cosmetics.com\/sl\/wp-content\/uploads\/2024\/01\/21112258\/glamourlash_mascara-460x575.png 460w, https:\/\/cdn.activeluxe-cosmetics.com\/sl\/wp-content\/uploads\/2024\/01\/21112258\/glamourlash_mascara-819x1024.png 819w, https:\/\/cdn.activeluxe-cosmetics.com\/sl\/wp-content\/uploads\/2024\/01\/21112258\/glamourlash_mascara-768x960.png 768w, https:\/\/cdn.activeluxe-cosmetics.com\/sl\/wp-content\/uploads\/2024\/01\/21112258\/glamourlash_mascara-600x750.png 600w, https:\/\/cdn.activeluxe-cosmetics.com\/sl\/wp-content\/uploads\/2024\/01\/21112258\/glamourlash_mascara.png 1080w\" sizes=\"auto, (max-width: 350px) 100vw, 350px\" \/><strong>Mehka sinteti\u010dna krta\u010dka s \u0161\u010detinami razli\u010dnih<\/strong> dol\u017ein dela \u010dude\u017ee!<\/h2>\n<p>Glamour Lash maskara ima posebno oblikovano krta\u010dko, s sinteti\u010dnimi \u0161\u010detinami, ki dose\u017eejo vsako trepalnico, tudi <strong>tiste najbolj kratke<\/strong> in <strong>svetle<\/strong> v koti\u010dkih o\u010di.<\/p>\n<p>\u010cudovito jih<strong> poudari<\/strong> in <strong>zgosti<\/strong>.<\/p>\n<ul>\n<li style=\"font-weight: 400;\" aria-level=\"1\"><span style=\"font-weight: 400;\">Maskaro na trepalnice nanesi z ne\u017enimi cik-cak gibi, da zajame\u0161 vse, tudi tiste najkraj\u0161e trepalnice<\/span><\/li>\n<li style=\"font-weight: 400;\" aria-level=\"1\"><span style=\"font-weight: 400;\">Za intenzivno goste trepalnice ti priporo\u010damo dva nanosa maskare<\/span><\/li>\n<li style=\"font-weight: 400;\" aria-level=\"1\"><span style=\"font-weight: 400;\">Po\u010dakaj, da se prvi sloj posu\u0161i in nato nanesi \u0161e eno plast<\/span><\/li>\n<\/ul>\n<h2 style=\"text-align: center; clear: both;\"><\/h2>\n<p><img loading=\"lazy\" decoding=\"async\" class=\" wp-image-106459 alignright\" src=\"https:\/\/cdn.activeluxe-cosmetics.com\/sl\/wp-content\/uploads\/2024\/01\/21112123\/activeluxe_glamour_lash_mascara-460x575.png\" alt=\"\" width=\"350\" height=\"438\" srcset=\"https:\/\/cdn.activeluxe-cosmetics.com\/sl\/wp-content\/uploads\/2024\/01\/21112123\/activeluxe_glamour_lash_mascara-460x575.png 460w, https:\/\/cdn.activeluxe-cosmetics.com\/sl\/wp-content\/uploads\/2024\/01\/21112123\/activeluxe_glamour_lash_mascara-819x1024.png 819w, https:\/\/cdn.activeluxe-cosmetics.com\/sl\/wp-content\/uploads\/2024\/01\/21112123\/activeluxe_glamour_lash_mascara-768x960.png 768w, https:\/\/cdn.activeluxe-cosmetics.com\/sl\/wp-content\/uploads\/2024\/01\/21112123\/activeluxe_glamour_lash_mascara-600x750.png 600w, https:\/\/cdn.activeluxe-cosmetics.com\/sl\/wp-content\/uploads\/2024\/01\/21112123\/activeluxe_glamour_lash_mascara.png 1080w\" sizes=\"auto, (max-width: 350px) 100vw, 350px\" \/><\/p>\n<h2>Ti zjutraj vedno <strong>primanjkuje \u010dasa za li\u010denje<\/strong>?<\/h2>\n<p>\u010ce si zjutraj vedno v bitki s \u010dasom, ti bo ta maskara jutranjo rutino zelo olaj\u0161ala. Dovolj je samo <strong>en nanos<\/strong> za extra poudarjene trepalnice.<\/p>\n<p>Za intenzivnej\u0161i u\u010dinek pred uporabo maskare priporo\u010damo nanos <strong>Wild Lash podlage za nanos maskare<\/strong>, ki deluje tudi na rast in gostoto trepalnic.<\/p>\n<p>Glamour Lash maskara bo na tvojih trepalnicah obstala cel dan, brez grudic in made\u017eev okoli o\u010di.<\/p>\n<ul>\n<li><strong>Dramati\u010den<\/strong> volumen in dol\u017eina<\/li>\n<li><strong>Dolgoobstojna<\/strong> <strong>formula<\/strong>, ki traja 24 ur<\/li>\n<li><strong>Kremasta tekstura<\/strong> prepre\u010duje, da bi se maskara strdila, izsu\u0161ila in odtisnila na veke.<\/li>\n<\/ul>\n<h3 style=\"clear: both; max-width: 820px;\"><\/h3>\n<div style=\"display: flex; align-items: center; gap: 20px; flex-wrap: wrap;\">\n<p style=\"max-width: 360px;\">\n<\/div>\n","protected":false},"excerpt":{"rendered":"<p>Maskara za volumen in intenzivno dol\u017eino trepalnic.<\/p>\n","protected":false},"featured_media":84288,"comment_status":"open","ping_status":"closed","template":"","meta":[],"product_brand":[],"product_cat":[48,77],"product_tag":[],"class_list":{"0":"post-72179","1":"product","2":"type-product","3":"status-publish","4":"has-post-thumbnail","6":"product_cat-izdelki-za-nego-trepalnic","7":"product_cat-activeluxe-makeup","9":"first","10":"instock","11":"taxable","12":"shipping-taxable","13":"purchasable","14":"product-type-simple"},"bundled_by":[],"bundle_stock_status":"instock","bundle_stock_quantity":null,"bundle_virtual":false,"bundle_layout":"","bundle_add_to_cart_form_location":"","bundle_editable_in_cart":false,"bundle_sold_individually_context":"","bundle_item_grouping":"","bundle_min_size":"","bundle_max_size":"","bundle_price":[],"bundled_items":[],"bundle_sell_ids":[],"acf":[],"yoast_head":"<!-- This site is optimized with the Yoast SEO plugin v26.6 - https:\/\/yoast.com\/wordpress\/plugins\/seo\/ -->\n<title>Maskara za volumen in dol\u017eino Glamour Lash - Active Luxe<\/title>\n<meta name=\"description\" content=\"Maskara za glamurozne trepalnice Glamour Lash. Hiter in enostaven nanos. Poudari vsako trepalnico posebaj in jim daje brez\u010dasen volumen in dol\u017eino.\" \/>\n<meta name=\"robots\" content=\"index, follow, max-snippet:-1, max-image-preview:large, max-video-preview:-1\" \/>\n<link rel=\"canonical\" href=\"https:\/\/activeluxe-cosmetics.com\/sl\/izdelek\/glamour-lash-maskara\/\" \/>\n<meta property=\"og:locale\" content=\"sl_SI\" \/>\n<meta property=\"og:type\" content=\"article\" \/>\n<meta property=\"og:title\" content=\"Maskara za volumen in dol\u017eino Glamour Lash - Active Luxe\" \/>\n<meta property=\"og:description\" content=\"Maskara za glamurozne trepalnice Glamour Lash. Hiter in enostaven nanos. Poudari vsako trepalnico posebaj in jim daje brez\u010dasen volumen in dol\u017eino.\" \/>\n<meta property=\"og:url\" content=\"https:\/\/activeluxe-cosmetics.com\/sl\/izdelek\/glamour-lash-maskara\/\" \/>\n<meta property=\"og:site_name\" content=\"Active Luxe Cosmetics\" \/>\n<meta property=\"article:modified_time\" content=\"2026-04-01T06:57:17+00:00\" \/>\n<meta property=\"og:image\" content=\"https:\/\/cdn.activeluxe-cosmetics.com\/sl\/wp-content\/uploads\/2024\/01\/22151228\/Glamour_Lash-600x775-1.jpg\" \/>\n\t<meta property=\"og:image:width\" content=\"600\" \/>\n\t<meta property=\"og:image:height\" content=\"775\" \/>\n\t<meta property=\"og:image:type\" content=\"image\/jpeg\" \/>\n<meta name=\"twitter:card\" content=\"summary_large_image\" \/>\n<meta name=\"twitter:label1\" content=\"Est. reading time\" \/>\n\t<meta name=\"twitter:data1\" content=\"3 minute\" \/>\n<script type=\"application\/ld+json\" class=\"yoast-schema-graph\">{\"@context\":\"https:\/\/schema.org\",\"@graph\":[{\"@type\":\"WebPage\",\"@id\":\"https:\/\/activeluxe-cosmetics.com\/sl\/izdelek\/glamour-lash-maskara\/\",\"url\":\"https:\/\/activeluxe-cosmetics.com\/sl\/izdelek\/glamour-lash-maskara\/\",\"name\":\"Maskara za volumen in dol\u017eino Glamour Lash - Active Luxe\",\"isPartOf\":{\"@id\":\"https:\/\/activeluxe-cosmetics.com\/sl\/#website\"},\"primaryImageOfPage\":{\"@id\":\"https:\/\/activeluxe-cosmetics.com\/sl\/izdelek\/glamour-lash-maskara\/#primaryimage\"},\"image\":{\"@id\":\"https:\/\/activeluxe-cosmetics.com\/sl\/izdelek\/glamour-lash-maskara\/#primaryimage\"},\"thumbnailUrl\":\"https:\/\/cdn.activeluxe-cosmetics.com\/sl\/wp-content\/uploads\/2024\/01\/22151228\/Glamour_Lash-600x775-1.jpg\",\"datePublished\":\"2024-01-10T14:17:54+00:00\",\"dateModified\":\"2026-04-01T06:57:17+00:00\",\"description\":\"Maskara za glamurozne trepalnice Glamour Lash. Hiter in enostaven nanos. Poudari vsako trepalnico posebaj in jim daje brez\u010dasen volumen in dol\u017eino.\",\"breadcrumb\":{\"@id\":\"https:\/\/activeluxe-cosmetics.com\/sl\/izdelek\/glamour-lash-maskara\/#breadcrumb\"},\"inLanguage\":\"sl-SI\",\"potentialAction\":[{\"@type\":\"ReadAction\",\"target\":[\"https:\/\/activeluxe-cosmetics.com\/sl\/izdelek\/glamour-lash-maskara\/\"]}]},{\"@type\":\"ImageObject\",\"inLanguage\":\"sl-SI\",\"@id\":\"https:\/\/activeluxe-cosmetics.com\/sl\/izdelek\/glamour-lash-maskara\/#primaryimage\",\"url\":\"https:\/\/cdn.activeluxe-cosmetics.com\/sl\/wp-content\/uploads\/2024\/01\/22151228\/Glamour_Lash-600x775-1.jpg\",\"contentUrl\":\"https:\/\/cdn.activeluxe-cosmetics.com\/sl\/wp-content\/uploads\/2024\/01\/22151228\/Glamour_Lash-600x775-1.jpg\",\"width\":600,\"height\":775},{\"@type\":\"BreadcrumbList\",\"@id\":\"https:\/\/activeluxe-cosmetics.com\/sl\/izdelek\/glamour-lash-maskara\/#breadcrumb\",\"itemListElement\":[{\"@type\":\"ListItem\",\"position\":1,\"name\":\"Naslovnica\",\"item\":\"https:\/\/activeluxe-cosmetics.com\/sl\/\"},{\"@type\":\"ListItem\",\"position\":2,\"name\":\"Trgovina\",\"item\":\"https:\/\/activeluxe-cosmetics.com\/sl\/trgovina\/\"},{\"@type\":\"ListItem\",\"position\":3,\"name\":\"Glamour Lash maskara\"}]},{\"@type\":\"WebSite\",\"@id\":\"https:\/\/activeluxe-cosmetics.com\/sl\/#website\",\"url\":\"https:\/\/activeluxe-cosmetics.com\/sl\/\",\"name\":\"Active Luxe Cosmetics\",\"description\":\"\",\"potentialAction\":[{\"@type\":\"SearchAction\",\"target\":{\"@type\":\"EntryPoint\",\"urlTemplate\":\"https:\/\/activeluxe-cosmetics.com\/sl\/?s={search_term_string}\"},\"query-input\":{\"@type\":\"PropertyValueSpecification\",\"valueRequired\":true,\"valueName\":\"search_term_string\"}}],\"inLanguage\":\"sl-SI\"}]}<\/script>\n<!-- \/ Yoast SEO plugin. -->","yoast_head_json":{"title":"Maskara za volumen in dol\u017eino Glamour Lash - Active Luxe","description":"Maskara za glamurozne trepalnice Glamour Lash. Hiter in enostaven nanos. Poudari vsako trepalnico posebaj in jim daje brez\u010dasen volumen in dol\u017eino.","robots":{"index":"index","follow":"follow","max-snippet":"max-snippet:-1","max-image-preview":"max-image-preview:large","max-video-preview":"max-video-preview:-1"},"canonical":"https:\/\/activeluxe-cosmetics.com\/sl\/izdelek\/glamour-lash-maskara\/","og_locale":"sl_SI","og_type":"article","og_title":"Maskara za volumen in dol\u017eino Glamour Lash - Active Luxe","og_description":"Maskara za glamurozne trepalnice Glamour Lash. Hiter in enostaven nanos. Poudari vsako trepalnico posebaj in jim daje brez\u010dasen volumen in dol\u017eino.","og_url":"https:\/\/activeluxe-cosmetics.com\/sl\/izdelek\/glamour-lash-maskara\/","og_site_name":"Active Luxe Cosmetics","article_modified_time":"2026-04-01T06:57:17+00:00","og_image":[{"width":600,"height":775,"url":"https:\/\/cdn.activeluxe-cosmetics.com\/sl\/wp-content\/uploads\/2024\/01\/22151228\/Glamour_Lash-600x775-1.jpg","type":"image\/jpeg"}],"twitter_card":"summary_large_image","twitter_misc":{"Est. reading time":"3 minute"},"schema":{"@context":"https:\/\/schema.org","@graph":[{"@type":"WebPage","@id":"https:\/\/activeluxe-cosmetics.com\/sl\/izdelek\/glamour-lash-maskara\/","url":"https:\/\/activeluxe-cosmetics.com\/sl\/izdelek\/glamour-lash-maskara\/","name":"Maskara za volumen in dol\u017eino Glamour Lash - Active Luxe","isPartOf":{"@id":"https:\/\/activeluxe-cosmetics.com\/sl\/#website"},"primaryImageOfPage":{"@id":"https:\/\/activeluxe-cosmetics.com\/sl\/izdelek\/glamour-lash-maskara\/#primaryimage"},"image":{"@id":"https:\/\/activeluxe-cosmetics.com\/sl\/izdelek\/glamour-lash-maskara\/#primaryimage"},"thumbnailUrl":"https:\/\/cdn.activeluxe-cosmetics.com\/sl\/wp-content\/uploads\/2024\/01\/22151228\/Glamour_Lash-600x775-1.jpg","datePublished":"2024-01-10T14:17:54+00:00","dateModified":"2026-04-01T06:57:17+00:00","description":"Maskara za glamurozne trepalnice Glamour Lash. Hiter in enostaven nanos. Poudari vsako trepalnico posebaj in jim daje brez\u010dasen volumen in dol\u017eino.","breadcrumb":{"@id":"https:\/\/activeluxe-cosmetics.com\/sl\/izdelek\/glamour-lash-maskara\/#breadcrumb"},"inLanguage":"sl-SI","potentialAction":[{"@type":"ReadAction","target":["https:\/\/activeluxe-cosmetics.com\/sl\/izdelek\/glamour-lash-maskara\/"]}]},{"@type":"ImageObject","inLanguage":"sl-SI","@id":"https:\/\/activeluxe-cosmetics.com\/sl\/izdelek\/glamour-lash-maskara\/#primaryimage","url":"https:\/\/cdn.activeluxe-cosmetics.com\/sl\/wp-content\/uploads\/2024\/01\/22151228\/Glamour_Lash-600x775-1.jpg","contentUrl":"https:\/\/cdn.activeluxe-cosmetics.com\/sl\/wp-content\/uploads\/2024\/01\/22151228\/Glamour_Lash-600x775-1.jpg","width":600,"height":775},{"@type":"BreadcrumbList","@id":"https:\/\/activeluxe-cosmetics.com\/sl\/izdelek\/glamour-lash-maskara\/#breadcrumb","itemListElement":[{"@type":"ListItem","position":1,"name":"Naslovnica","item":"https:\/\/activeluxe-cosmetics.com\/sl\/"},{"@type":"ListItem","position":2,"name":"Trgovina","item":"https:\/\/activeluxe-cosmetics.com\/sl\/trgovina\/"},{"@type":"ListItem","position":3,"name":"Glamour Lash maskara"}]},{"@type":"WebSite","@id":"https:\/\/activeluxe-cosmetics.com\/sl\/#website","url":"https:\/\/activeluxe-cosmetics.com\/sl\/","name":"Active Luxe Cosmetics","description":"","potentialAction":[{"@type":"SearchAction","target":{"@type":"EntryPoint","urlTemplate":"https:\/\/activeluxe-cosmetics.com\/sl\/?s={search_term_string}"},"query-input":{"@type":"PropertyValueSpecification","valueRequired":true,"valueName":"search_term_string"}}],"inLanguage":"sl-SI"}]}},"_links":{"self":[{"href":"https:\/\/activeluxe-cosmetics.com\/sl\/wp-json\/wp\/v2\/product\/72179","targetHints":{"allow":["GET"]}}],"collection":[{"href":"https:\/\/activeluxe-cosmetics.com\/sl\/wp-json\/wp\/v2\/product"}],"about":[{"href":"https:\/\/activeluxe-cosmetics.com\/sl\/wp-json\/wp\/v2\/types\/product"}],"replies":[{"embeddable":true,"href":"https:\/\/activeluxe-cosmetics.com\/sl\/wp-json\/wp\/v2\/comments?post=72179"}],"wp:featuredmedia":[{"embeddable":true,"href":"https:\/\/activeluxe-cosmetics.com\/sl\/wp-json\/wp\/v2\/media\/84288"}],"wp:attachment":[{"href":"https:\/\/activeluxe-cosmetics.com\/sl\/wp-json\/wp\/v2\/media?parent=72179"}],"wp:term":[{"taxonomy":"product_brand","embeddable":true,"href":"https:\/\/activeluxe-cosmetics.com\/sl\/wp-json\/wp\/v2\/product_brand?post=72179"},{"taxonomy":"product_cat","embeddable":true,"href":"https:\/\/activeluxe-cosmetics.com\/sl\/wp-json\/wp\/v2\/product_cat?post=72179"},{"taxonomy":"product_tag","embeddable":true,"href":"https:\/\/activeluxe-cosmetics.com\/sl\/wp-json\/wp\/v2\/product_tag?post=72179"}],"curies":[{"name":"wp","href":"https:\/\/api.w.org\/{rel}","templated":true}]}}