{"id":72175,"date":"2024-01-10T15:17:53","date_gmt":"2024-01-10T14:17:53","guid":{"rendered":"https:\/\/activeluxe-cosmetics.com\/sl\/?post_type=product&#038;p=72175"},"modified":"2026-01-23T08:23:25","modified_gmt":"2026-01-23T07:23:25","slug":"odstranjevalec-licil","status":"publish","type":"product","link":"https:\/\/activeluxe-cosmetics.com\/sl\/izdelek\/odstranjevalec-licil\/","title":{"rendered":"Micelarni odstranjevalec li\u010dil z aloe vero"},"content":{"rendered":"<p><img loading=\"lazy\" decoding=\"async\" class=\" wp-image-105842 alignright\" src=\"https:\/\/cdn.activeluxe-cosmetics.com\/sl\/wp-content\/uploads\/2024\/01\/15031549\/micellar-water-460x589.jpg\" alt=\"\" width=\"361\" height=\"462\" srcset=\"https:\/\/cdn.activeluxe-cosmetics.com\/sl\/wp-content\/uploads\/2024\/01\/15031549\/micellar-water-460x589.jpg 460w, https:\/\/cdn.activeluxe-cosmetics.com\/sl\/wp-content\/uploads\/2024\/01\/15031549\/micellar-water.jpg 581w\" sizes=\"auto, (max-width: 361px) 100vw, 361px\" \/><\/p>\n<h2>Tako ne\u017een, da ga<b>\u00a0ni potrebno izpirati<\/b><\/h2>\n<p><b>Z organskim izvle\u010dkom aloe vere in ne\u017enim naravnim odstranjevalcem li\u010dil iz arganovega olja <\/b>globinsko o\u010disti ko\u017eo, odstrani ne\u010disto\u010de in tudi vodoodporna li\u010dila ter pripravi ko\u017eo na nadaljnjo nego.<br \/>\nRezultat je\u00a0<b>\u010dista<\/b>,\u00a0<b>mehka<\/b>\u00a0in\u00a0<b>pro\u017ena<\/b> ko\u017ea. Privo\u0161\u010di svoji ko\u017ei naravno nego in po\u010ditek od vsakodnevnega li\u010denja.<\/p>\n<ul>\n<li>U\u010dinkovita \u010distilna in vla\u017eilna formula deluje kot\u00a0<b>magnet za umazanijo\u00a0<\/b>saj s ko\u017ee temeljito odstranjuje li\u010dila, sebum in druge ne\u010disto\u010de.<\/li>\n<li>Napredna formula z\u00a0<b>organskim izvle\u010dkom aloe vere<\/b>\u00a0ko\u017eo ohranja ne\u017eno, mehko in pro\u017eno ter je ne izsu\u0161i.<\/li>\n<li>Popolnoma naravna aktivna \u010distilna snov<b>\u00a0<\/b>iz<b>\u00a0arganovega olja<\/b>\u00a0deluje blagodejno, zato je primerna tudi za \u010di\u0161\u010denje vnete ter po\u0161kodovane ko\u017ee.<\/li>\n<li>U\u010dinkovito odstranjuje tudi vodoodporne maskare in ostala trdovratna li\u010dila ter pri tem\u00a0<b>ne dra\u017ei ko\u017ee<\/b>.<\/li>\n<li>Pu\u0161\u010da osve\u017eujo\u010d ob\u010dutek z\u00a0<b>vla\u017eilnim u\u010dinkom<\/b>.<\/li>\n<\/ul>\n<p>&nbsp;<\/p>\n<p>&nbsp;<\/p>\n<p>&nbsp;<\/p>\n<h2><img loading=\"lazy\" decoding=\"async\" class=\" wp-image-105840 alignleft\" src=\"https:\/\/cdn.activeluxe-cosmetics.com\/sl\/wp-content\/uploads\/2024\/01\/15031545\/makeup_remover_activeluxe-460x589.jpg\" alt=\"\" width=\"360\" height=\"461\" srcset=\"https:\/\/cdn.activeluxe-cosmetics.com\/sl\/wp-content\/uploads\/2024\/01\/15031545\/makeup_remover_activeluxe-460x589.jpg 460w, https:\/\/cdn.activeluxe-cosmetics.com\/sl\/wp-content\/uploads\/2024\/01\/15031545\/makeup_remover_activeluxe.jpg 581w\" sizes=\"auto, (max-width: 360px) 100vw, 360px\" \/><\/h2>\n<h2><strong>Temeljito pripravi<\/strong> ko\u017eo na nadaljno nego<\/h2>\n<ul>\n<li><b>Organski izvle\u010dek Aloe vere\u00a0<\/b>(Aloe Barbadensis Leaf Juice Powder) na ko\u017ei deluje<b>\u00a0kot vla\u017eilec<\/b>, spodbuja\u00a0<b>sintezo kolagena<\/b>\u00a0in\u00a0<b>elastina<\/b>\u00a0in<b>\u00a0pospe\u0161uje obnovo ko\u017ee<\/b>. Pomirja ob\u010dutljivo in od sonca razdra\u017eeno ko\u017eo ter zagotavlja ob\u010dutek hlajenja. Zmanj\u0161uje ob\u010dutek srbe\u010dice in vnete ko\u017ee.<\/li>\n<li><b>Ne\u017eni naravni odstranjevalec li\u010dil iz arganovega olja\u00a0<\/b>ko\u017eo odli\u010dno<b>\u00a0neguje in uravnava izlo\u010danje sebuma<\/b>\u00a0(ma\u0161\u010dobe). Meh\u010dalne in hranilne lastnosti arganovega olja\u00a0<b>spodbujajo obogatitveni u\u010dinek<\/b>\u00a0in\u00a0<b>zmanj\u0161ujejo dra\u017eanje ko\u017ee<\/b>. Deluje kot <b>\u010distilo, <\/b>ki ga\u00a0ko\u017ea ga zelo dobro prena\u0161a, zato je primeren za vse tipe ko\u017ee, tudi ob\u010dutljivo in nagnjeno k rde\u010dici.<\/li>\n<li>Idealen <b>za vse tipe ko\u017ee<\/b>.<\/li>\n<li><b>Ne vsebuje parabenov<\/b>,<b>\u00a0barvil in alkohola<\/b>.<\/li>\n<\/ul>\n<h3 style=\"clear: both; max-width: 820px;\"><\/h3>\n","protected":false},"excerpt":{"rendered":"<p>Z aloe vero in naravnim odstranjevalcem li\u010dil iz arganovega olja, primeren tudi za ob\u010dutljivo ko\u017eo.<\/p>\n","protected":false},"featured_media":105837,"comment_status":"open","ping_status":"closed","template":"","meta":[],"product_brand":[],"product_cat":[81,48,77],"product_tag":[],"class_list":{"0":"post-72175","1":"product","2":"type-product","3":"status-publish","4":"has-post-thumbnail","6":"product_cat-obraz-in-telo","7":"product_cat-izdelki-za-nego-trepalnic","8":"product_cat-activeluxe-makeup","10":"first","11":"instock","12":"taxable","13":"shipping-taxable","14":"purchasable","15":"product-type-simple"},"bundled_by":[],"bundle_stock_status":"instock","bundle_stock_quantity":null,"bundle_virtual":false,"bundle_layout":"","bundle_add_to_cart_form_location":"","bundle_editable_in_cart":false,"bundle_sold_individually_context":"","bundle_item_grouping":"","bundle_min_size":"","bundle_max_size":"","bundle_price":[],"bundled_items":[],"bundle_sell_ids":[],"acf":[],"yoast_head":"<!-- This site is optimized with the Yoast SEO plugin v26.6 - https:\/\/yoast.com\/wordpress\/plugins\/seo\/ -->\n<title>Micelarna voda za \u010di\u0161\u010denje obraza - Active Luxe Cosmetics<\/title>\n<meta name=\"description\" content=\"Z aloe vero in naravnim odstranjevalcem li\u010dil iz arganovega olja, primeren tudi za ob\u010dutljivo ko\u017eo. Tako ne\u017een, da ga ni potrebno izpirati.\" \/>\n<meta name=\"robots\" content=\"index, follow, max-snippet:-1, max-image-preview:large, max-video-preview:-1\" \/>\n<link rel=\"canonical\" href=\"https:\/\/activeluxe-cosmetics.com\/sl\/izdelek\/odstranjevalec-licil\/\" \/>\n<meta property=\"og:locale\" content=\"sl_SI\" \/>\n<meta property=\"og:type\" content=\"article\" \/>\n<meta property=\"og:title\" content=\"Micelarna voda za \u010di\u0161\u010denje obraza - Active Luxe Cosmetics\" \/>\n<meta property=\"og:description\" content=\"Z aloe vero in naravnim odstranjevalcem li\u010dil iz arganovega olja, primeren tudi za ob\u010dutljivo ko\u017eo. Tako ne\u017een, da ga ni potrebno izpirati.\" \/>\n<meta property=\"og:url\" content=\"https:\/\/activeluxe-cosmetics.com\/sl\/izdelek\/odstranjevalec-licil\/\" \/>\n<meta property=\"og:site_name\" content=\"Active Luxe Cosmetics\" \/>\n<meta property=\"article:modified_time\" content=\"2026-01-23T07:23:25+00:00\" \/>\n<meta property=\"og:image\" content=\"https:\/\/cdn.activeluxe-cosmetics.com\/sl\/wp-content\/uploads\/2024\/01\/15031454\/makeup_remover.jpg\" \/>\n\t<meta property=\"og:image:width\" content=\"1656\" \/>\n\t<meta property=\"og:image:height\" content=\"1989\" \/>\n\t<meta property=\"og:image:type\" content=\"image\/jpeg\" \/>\n<meta name=\"twitter:card\" content=\"summary_large_image\" \/>\n<meta name=\"twitter:label1\" content=\"Est. reading time\" \/>\n\t<meta name=\"twitter:data1\" content=\"2 minuti\" \/>\n<script type=\"application\/ld+json\" class=\"yoast-schema-graph\">{\"@context\":\"https:\/\/schema.org\",\"@graph\":[{\"@type\":\"WebPage\",\"@id\":\"https:\/\/activeluxe-cosmetics.com\/sl\/izdelek\/odstranjevalec-licil\/\",\"url\":\"https:\/\/activeluxe-cosmetics.com\/sl\/izdelek\/odstranjevalec-licil\/\",\"name\":\"Micelarna voda za \u010di\u0161\u010denje obraza - Active Luxe Cosmetics\",\"isPartOf\":{\"@id\":\"https:\/\/activeluxe-cosmetics.com\/sl\/#website\"},\"primaryImageOfPage\":{\"@id\":\"https:\/\/activeluxe-cosmetics.com\/sl\/izdelek\/odstranjevalec-licil\/#primaryimage\"},\"image\":{\"@id\":\"https:\/\/activeluxe-cosmetics.com\/sl\/izdelek\/odstranjevalec-licil\/#primaryimage\"},\"thumbnailUrl\":\"https:\/\/cdn.activeluxe-cosmetics.com\/sl\/wp-content\/uploads\/2024\/01\/15031454\/makeup_remover.jpg\",\"datePublished\":\"2024-01-10T14:17:53+00:00\",\"dateModified\":\"2026-01-23T07:23:25+00:00\",\"description\":\"Z aloe vero in naravnim odstranjevalcem li\u010dil iz arganovega olja, primeren tudi za ob\u010dutljivo ko\u017eo. Tako ne\u017een, da ga ni potrebno izpirati.\",\"breadcrumb\":{\"@id\":\"https:\/\/activeluxe-cosmetics.com\/sl\/izdelek\/odstranjevalec-licil\/#breadcrumb\"},\"inLanguage\":\"sl-SI\",\"potentialAction\":[{\"@type\":\"ReadAction\",\"target\":[\"https:\/\/activeluxe-cosmetics.com\/sl\/izdelek\/odstranjevalec-licil\/\"]}]},{\"@type\":\"ImageObject\",\"inLanguage\":\"sl-SI\",\"@id\":\"https:\/\/activeluxe-cosmetics.com\/sl\/izdelek\/odstranjevalec-licil\/#primaryimage\",\"url\":\"https:\/\/cdn.activeluxe-cosmetics.com\/sl\/wp-content\/uploads\/2024\/01\/15031454\/makeup_remover.jpg\",\"contentUrl\":\"https:\/\/cdn.activeluxe-cosmetics.com\/sl\/wp-content\/uploads\/2024\/01\/15031454\/makeup_remover.jpg\",\"width\":1656,\"height\":1989},{\"@type\":\"BreadcrumbList\",\"@id\":\"https:\/\/activeluxe-cosmetics.com\/sl\/izdelek\/odstranjevalec-licil\/#breadcrumb\",\"itemListElement\":[{\"@type\":\"ListItem\",\"position\":1,\"name\":\"Naslovnica\",\"item\":\"https:\/\/activeluxe-cosmetics.com\/sl\/\"},{\"@type\":\"ListItem\",\"position\":2,\"name\":\"Trgovina\",\"item\":\"https:\/\/activeluxe-cosmetics.com\/sl\/trgovina\/\"},{\"@type\":\"ListItem\",\"position\":3,\"name\":\"Micelarni odstranjevalec li\u010dil z aloe vero\"}]},{\"@type\":\"WebSite\",\"@id\":\"https:\/\/activeluxe-cosmetics.com\/sl\/#website\",\"url\":\"https:\/\/activeluxe-cosmetics.com\/sl\/\",\"name\":\"Active Luxe Cosmetics\",\"description\":\"\",\"potentialAction\":[{\"@type\":\"SearchAction\",\"target\":{\"@type\":\"EntryPoint\",\"urlTemplate\":\"https:\/\/activeluxe-cosmetics.com\/sl\/?s={search_term_string}\"},\"query-input\":{\"@type\":\"PropertyValueSpecification\",\"valueRequired\":true,\"valueName\":\"search_term_string\"}}],\"inLanguage\":\"sl-SI\"}]}<\/script>\n<!-- \/ Yoast SEO plugin. -->","yoast_head_json":{"title":"Micelarna voda za \u010di\u0161\u010denje obraza - Active Luxe Cosmetics","description":"Z aloe vero in naravnim odstranjevalcem li\u010dil iz arganovega olja, primeren tudi za ob\u010dutljivo ko\u017eo. Tako ne\u017een, da ga ni potrebno izpirati.","robots":{"index":"index","follow":"follow","max-snippet":"max-snippet:-1","max-image-preview":"max-image-preview:large","max-video-preview":"max-video-preview:-1"},"canonical":"https:\/\/activeluxe-cosmetics.com\/sl\/izdelek\/odstranjevalec-licil\/","og_locale":"sl_SI","og_type":"article","og_title":"Micelarna voda za \u010di\u0161\u010denje obraza - Active Luxe Cosmetics","og_description":"Z aloe vero in naravnim odstranjevalcem li\u010dil iz arganovega olja, primeren tudi za ob\u010dutljivo ko\u017eo. Tako ne\u017een, da ga ni potrebno izpirati.","og_url":"https:\/\/activeluxe-cosmetics.com\/sl\/izdelek\/odstranjevalec-licil\/","og_site_name":"Active Luxe Cosmetics","article_modified_time":"2026-01-23T07:23:25+00:00","og_image":[{"width":1656,"height":1989,"url":"https:\/\/cdn.activeluxe-cosmetics.com\/sl\/wp-content\/uploads\/2024\/01\/15031454\/makeup_remover.jpg","type":"image\/jpeg"}],"twitter_card":"summary_large_image","twitter_misc":{"Est. reading time":"2 minuti"},"schema":{"@context":"https:\/\/schema.org","@graph":[{"@type":"WebPage","@id":"https:\/\/activeluxe-cosmetics.com\/sl\/izdelek\/odstranjevalec-licil\/","url":"https:\/\/activeluxe-cosmetics.com\/sl\/izdelek\/odstranjevalec-licil\/","name":"Micelarna voda za \u010di\u0161\u010denje obraza - Active Luxe Cosmetics","isPartOf":{"@id":"https:\/\/activeluxe-cosmetics.com\/sl\/#website"},"primaryImageOfPage":{"@id":"https:\/\/activeluxe-cosmetics.com\/sl\/izdelek\/odstranjevalec-licil\/#primaryimage"},"image":{"@id":"https:\/\/activeluxe-cosmetics.com\/sl\/izdelek\/odstranjevalec-licil\/#primaryimage"},"thumbnailUrl":"https:\/\/cdn.activeluxe-cosmetics.com\/sl\/wp-content\/uploads\/2024\/01\/15031454\/makeup_remover.jpg","datePublished":"2024-01-10T14:17:53+00:00","dateModified":"2026-01-23T07:23:25+00:00","description":"Z aloe vero in naravnim odstranjevalcem li\u010dil iz arganovega olja, primeren tudi za ob\u010dutljivo ko\u017eo. Tako ne\u017een, da ga ni potrebno izpirati.","breadcrumb":{"@id":"https:\/\/activeluxe-cosmetics.com\/sl\/izdelek\/odstranjevalec-licil\/#breadcrumb"},"inLanguage":"sl-SI","potentialAction":[{"@type":"ReadAction","target":["https:\/\/activeluxe-cosmetics.com\/sl\/izdelek\/odstranjevalec-licil\/"]}]},{"@type":"ImageObject","inLanguage":"sl-SI","@id":"https:\/\/activeluxe-cosmetics.com\/sl\/izdelek\/odstranjevalec-licil\/#primaryimage","url":"https:\/\/cdn.activeluxe-cosmetics.com\/sl\/wp-content\/uploads\/2024\/01\/15031454\/makeup_remover.jpg","contentUrl":"https:\/\/cdn.activeluxe-cosmetics.com\/sl\/wp-content\/uploads\/2024\/01\/15031454\/makeup_remover.jpg","width":1656,"height":1989},{"@type":"BreadcrumbList","@id":"https:\/\/activeluxe-cosmetics.com\/sl\/izdelek\/odstranjevalec-licil\/#breadcrumb","itemListElement":[{"@type":"ListItem","position":1,"name":"Naslovnica","item":"https:\/\/activeluxe-cosmetics.com\/sl\/"},{"@type":"ListItem","position":2,"name":"Trgovina","item":"https:\/\/activeluxe-cosmetics.com\/sl\/trgovina\/"},{"@type":"ListItem","position":3,"name":"Micelarni odstranjevalec li\u010dil z aloe vero"}]},{"@type":"WebSite","@id":"https:\/\/activeluxe-cosmetics.com\/sl\/#website","url":"https:\/\/activeluxe-cosmetics.com\/sl\/","name":"Active Luxe Cosmetics","description":"","potentialAction":[{"@type":"SearchAction","target":{"@type":"EntryPoint","urlTemplate":"https:\/\/activeluxe-cosmetics.com\/sl\/?s={search_term_string}"},"query-input":{"@type":"PropertyValueSpecification","valueRequired":true,"valueName":"search_term_string"}}],"inLanguage":"sl-SI"}]}},"_links":{"self":[{"href":"https:\/\/activeluxe-cosmetics.com\/sl\/wp-json\/wp\/v2\/product\/72175","targetHints":{"allow":["GET"]}}],"collection":[{"href":"https:\/\/activeluxe-cosmetics.com\/sl\/wp-json\/wp\/v2\/product"}],"about":[{"href":"https:\/\/activeluxe-cosmetics.com\/sl\/wp-json\/wp\/v2\/types\/product"}],"replies":[{"embeddable":true,"href":"https:\/\/activeluxe-cosmetics.com\/sl\/wp-json\/wp\/v2\/comments?post=72175"}],"wp:featuredmedia":[{"embeddable":true,"href":"https:\/\/activeluxe-cosmetics.com\/sl\/wp-json\/wp\/v2\/media\/105837"}],"wp:attachment":[{"href":"https:\/\/activeluxe-cosmetics.com\/sl\/wp-json\/wp\/v2\/media?parent=72175"}],"wp:term":[{"taxonomy":"product_brand","embeddable":true,"href":"https:\/\/activeluxe-cosmetics.com\/sl\/wp-json\/wp\/v2\/product_brand?post=72175"},{"taxonomy":"product_cat","embeddable":true,"href":"https:\/\/activeluxe-cosmetics.com\/sl\/wp-json\/wp\/v2\/product_cat?post=72175"},{"taxonomy":"product_tag","embeddable":true,"href":"https:\/\/activeluxe-cosmetics.com\/sl\/wp-json\/wp\/v2\/product_tag?post=72175"}],"curies":[{"name":"wp","href":"https:\/\/api.w.org\/{rel}","templated":true}]}}