{"id":112750,"date":"2026-04-21T09:50:03","date_gmt":"2026-04-21T07:50:03","guid":{"rendered":"https:\/\/activeluxe-cosmetics.com\/sl\/?post_type=product&#038;p=112750"},"modified":"2026-04-21T10:34:52","modified_gmt":"2026-04-21T08:34:52","slug":"lash-care-routine-peptidni-serum-glamour-lash-maskara-micelarna-voda","status":"publish","type":"product","link":"https:\/\/activeluxe-cosmetics.com\/sl\/izdelek\/lash-care-routine-peptidni-serum-glamour-lash-maskara-micelarna-voda\/","title":{"rendered":"Lash Care Routine: negovalni peptidni serum, Glamour Lash maskara &#038; micelarna voda"},"content":{"rendered":"<h2><span data-sheets-root=\"1\" data-sheets-value=\"{&quot;1&quot;:2,&quot;2&quot;:&quot;Sprije\u010di ispadanje kose na vrijeme&quot;}\" data-sheets-userformat=\"{&quot;2&quot;:17281,&quot;3&quot;:{&quot;1&quot;:0},&quot;10&quot;:0,&quot;11&quot;:4,&quot;12&quot;:0,&quot;17&quot;:1}\"><img loading=\"lazy\" decoding=\"async\" class=\" wp-image-101619 alignright\" src=\"https:\/\/activeluxe-cosmetics.com\/hr\/wp-content\/uploads\/2026\/03\/sos_repair_lash-460x575.png\" alt=\"Repair Lash serum Active Luxe\" width=\"398\" height=\"498\" \/><strong>Obnova in za\u0161\u010dita<\/strong> naravnih trepalnic<br \/>\n<\/span><\/h2>\n<p>Repair Lash serum je namenjen trepalnicam, ki so <strong>redno izpostavljene vsakodnevnim obremenitvam<\/strong>, kot so maskara, odstranjevanje li\u010dil, vihanje trepalnic, lash lift ali umetne trepalnice. Tak\u0161ni postopki lahko s\u010dasoma oslabijo naravno strukturo trepalnic, zaradi \u010desar postanejo bolj suhe, krhke in nagnjene k lomljenju.<\/p>\n<p>Za razliko od serumov, ki spodbujajo intenzivno rast, se Repair Lash osredoto\u010da na <strong>nego<\/strong>, <strong>za\u0161\u010dito<\/strong> in <strong>obnovo<\/strong> naravne kakovosti trepalnic.<\/p>\n<p>Njegova formulacija je zasnovana tako, da <strong>podpira naravno strukturo dla\u010dice<\/strong>, i<strong>zbolj\u0161uje njihovo pro\u017enost<\/strong> in pomaga trepalnicam ohranjati <strong>zdrav<\/strong> in <strong>negovan<\/strong> videz.<\/p>\n<p>Z redno uporabo postanejo trepalnice bolj <strong>negovane<\/strong>, <strong>pro\u017ene<\/strong>, <strong>mo\u010dnej\u0161e<\/strong> in <strong>odpornej\u0161e<\/strong> na vsakodnevne po\u0161kodbe ter na izpadanje, povezano s staranjem.<\/p>\n<p>Serum deluje kot <strong>vsakodnevna obnovitvena nega<\/strong>, ki pomaga ohranjati <strong>naravno lepoto<\/strong> in <strong>vitalnost trepalnic<\/strong> tudi ob redni uporabi li\u010dil in kozmeti\u010dnih tretmajev.<\/p>\n<h2 style=\"text-align: center; clear: both;\"><\/h2>\n<p><img loading=\"lazy\" decoding=\"async\" class=\" wp-image-101617 alignleft\" src=\"https:\/\/activeluxe-cosmetics.com\/hr\/wp-content\/uploads\/2026\/03\/Active-Luxe-Repair-Lash-Serum-second-photo-460x553.jpg\" alt=\"Repair Lash serum Active Luxe\" width=\"398\" height=\"479\" \/><\/p>\n<h2><strong>Peptidna formula<\/strong> s ciljnim delovanjem<\/h2>\n<p>Formula Repair Lash seruma temelji na <strong>peptidih<\/strong> ter skrbno izbranih <strong>aktivnih sestavinah<\/strong>, <strong>vitaminih<\/strong> in <strong>vla\u017eilnih komponentah<\/strong>, ki so znane po svoji vlogi pri negi in krepitvi dla\u010dic.<\/p>\n<p>Peptidi prispevajo h<strong> krepitvi strukture trepalnic<\/strong> in <strong>podpirajo njihovo odpornost<\/strong>, medtem ko <strong>vla\u017eilne sestavine<\/strong> pomagajo <strong>ohranjati pro\u017enost<\/strong> in <strong>prepre\u010dujejo krhkost<\/strong>. Kombinacija teh sestavin omogo\u010da <strong>ciljno delovanje<\/strong> na <strong>kakovost trepalnic<\/strong> po celotni dol\u017eini.<\/p>\n<p>Ciljno delovanje seruma:<\/p>\n<ul>\n<li>neguje trepalnice po celotni dol\u017eini,<\/li>\n<li>krepi njihov koren, ki s\u010dasoma naravno oslabi,<\/li>\n<li>izbolj\u0161uje pro\u017enost in elasti\u010dnost trepalnic<\/li>\n<li>podpira stabilnost in odpornost na vsakodnevne obremenitve.<\/li>\n<\/ul>\n<p>Ob redni uporabi postanejo trepalnice <strong>mo\u010dnej\u0161e<\/strong>, <strong>odpornej\u0161e<\/strong> in <strong>vidno bolj vitalne<\/strong>, njihova struktura pa <strong>stabilnej\u0161a<\/strong> in <strong>bolj zdrava<\/strong>.<\/p>\n<p>&nbsp;<\/p>\n<p>&nbsp;<\/p>\n<h5><\/h5>\n<h2 style=\"text-align: center; clear: both;\"><\/h2>\n<p><img loading=\"lazy\" decoding=\"async\" class=\" wp-image-106462 alignright\" src=\"https:\/\/cdn.activeluxe-cosmetics.com\/sl\/wp-content\/uploads\/2024\/01\/21112226\/glamour_lash_mascara_active_luxe-460x575.png\" alt=\"\" width=\"389\" height=\"486\" srcset=\"https:\/\/cdn.activeluxe-cosmetics.com\/sl\/wp-content\/uploads\/2024\/01\/21112226\/glamour_lash_mascara_active_luxe-460x575.png 460w, https:\/\/cdn.activeluxe-cosmetics.com\/sl\/wp-content\/uploads\/2024\/01\/21112226\/glamour_lash_mascara_active_luxe-819x1024.png 819w, https:\/\/cdn.activeluxe-cosmetics.com\/sl\/wp-content\/uploads\/2024\/01\/21112226\/glamour_lash_mascara_active_luxe-768x960.png 768w, https:\/\/cdn.activeluxe-cosmetics.com\/sl\/wp-content\/uploads\/2024\/01\/21112226\/glamour_lash_mascara_active_luxe-600x750.png 600w, https:\/\/cdn.activeluxe-cosmetics.com\/sl\/wp-content\/uploads\/2024\/01\/21112226\/glamour_lash_mascara_active_luxe.png 1080w\" sizes=\"auto, (max-width: 389px) 100vw, 389px\" \/><\/p>\n<h2><strong>Glamurozen volumen<\/strong> v hipu<\/h2>\n<p>Glamour Lash maskara s svojo posebno krta\u010dko trepalnicam zagotavlja <strong>brez\u010dasen volumen<\/strong> in <strong>izjemno dol\u017eino.<\/strong> Dose\u017ee in lo\u010di vsako trepalnico, tudi tiste te\u017eko dosegljive v o\u010desnih koti\u010dkih.<\/p>\n<p>Skrivnost Glamour Lash maskare so <strong>mehke sinteti\u010dne \u0161\u010detine razli\u010dnih dol\u017ein<\/strong>, ki omogo\u010dajo <strong>ve\u010d slojni nanos brez grudic<\/strong>.<\/p>\n<p>Glamour Lash maskara je popolna izbira za vse, ki se odlo\u010date med maskaro za volumen ali dol\u017eino trepalnic. <strong>Glamour Lash maskara naredi oboje!<\/strong><\/p>\n<ul>\n<li>Z enim nanosom bodo trepalnice dobile izjemeno dol\u017eino in volumen.<\/li>\n<li>Bogata kremasta formula bo ohranila pro\u017enost trepalnic, ne da bi jih obte\u017eila.<\/li>\n<li>Maskara se hitro su\u0161i.<\/li>\n<li>Ne pu\u0161\u010da grudic.<\/li>\n<\/ul>\n<p>&nbsp;<\/p>\n<p>&nbsp;<\/p>\n<p>&nbsp;<\/p>\n<p>&nbsp;<\/p>\n<p><span style=\"font-weight: 400;\"><img loading=\"lazy\" decoding=\"async\" class=\" wp-image-105837 alignleft\" src=\"https:\/\/cdn.activeluxe-cosmetics.com\/sl\/wp-content\/uploads\/2024\/01\/15031454\/makeup_remover-460x553.jpg\" alt=\"\" width=\"378\" height=\"455\" srcset=\"https:\/\/cdn.activeluxe-cosmetics.com\/sl\/wp-content\/uploads\/2024\/01\/15031454\/makeup_remover-460x553.jpg 460w, https:\/\/cdn.activeluxe-cosmetics.com\/sl\/wp-content\/uploads\/2024\/01\/15031454\/makeup_remover-853x1024.jpg 853w, https:\/\/cdn.activeluxe-cosmetics.com\/sl\/wp-content\/uploads\/2024\/01\/15031454\/makeup_remover-768x922.jpg 768w, https:\/\/cdn.activeluxe-cosmetics.com\/sl\/wp-content\/uploads\/2024\/01\/15031454\/makeup_remover-1279x1536.jpg 1279w, https:\/\/cdn.activeluxe-cosmetics.com\/sl\/wp-content\/uploads\/2024\/01\/15031454\/makeup_remover-600x721.jpg 600w, https:\/\/cdn.activeluxe-cosmetics.com\/sl\/wp-content\/uploads\/2024\/01\/15031454\/makeup_remover.jpg 1656w\" sizes=\"auto, (max-width: 378px) 100vw, 378px\" \/><\/span><\/p>\n<h2><strong>Ne\u017ena micelarna voda<\/strong> z aloe vero<\/h2>\n<p>Z<strong> organskim izvle\u010dkom aloe vere<\/strong> in <strong>ne\u017enim naravnim odstranjevalcem li\u010dil iz arganovega olja<\/strong> globinsko o\u010disti ko\u017eo, odstrani ne\u010disto\u010de, vodoodporna li\u010dila ter pripravi ko\u017eo na nadaljnjo nego. Rezultat je <strong>\u010dista<\/strong>, <strong>mehka<\/strong> in <strong>pro\u017ena<\/strong> ko\u017ea.<\/p>\n<ul>\n<li>U\u010dinkovita \u010distilna in vla\u017eilna formula deluje kot magnet za umazanijo saj s ko\u017ee temeljito odstranjuje li\u010dila, sebum in druge ne\u010disto\u010de.<\/li>\n<li>Napredna formula z organskim izvle\u010dkom aloe vere ko\u017eo ohranja ne\u017eno, mehko in pro\u017eno ter je ne izsu\u0161i.<\/li>\n<li>Popolnoma naravna aktivna \u010distilna snov iz arganovega olja deluje blagodejno, zato je primerna tudi za \u010di\u0161\u010denje vnete ter po\u0161kodovane ko\u017ee.<\/li>\n<li>U\u010dinkovito odstranjuje tudi vodoodporne maskare in ostala trdovratna li\u010dila ter pri tem ne dra\u017ei ko\u017ee.<\/li>\n<li>Pu\u0161\u010da osve\u017eujo\u010d ob\u010dutek z vla\u017eilnim u\u010dinkom.<\/li>\n<\/ul>\n<div style=\"display: flex; align-items: center; gap: 20px; flex-wrap: wrap;\">\n<p style=\"max-width: 360px;\">\n<\/div>\n","protected":false},"excerpt":{"rendered":"<p>Za mo\u010dnej\u0161e trepalnice. Repair Lash peptidni serum, ki globinsko obnavlja + Glamour Lash maskara za volumen + micelarna voda z aloe vero.<\/p>\n","protected":false},"featured_media":112752,"comment_status":"open","ping_status":"closed","template":"","meta":[],"product_brand":[],"product_cat":[48],"product_tag":[],"class_list":{"0":"post-112750","1":"product","2":"type-product","3":"status-publish","4":"has-post-thumbnail","6":"product_cat-izdelki-za-nego-trepalnic","8":"first","9":"instock","10":"sale","11":"taxable","12":"shipping-taxable","13":"purchasable","14":"product-type-simple"},"bundled_by":[],"bundle_stock_status":"instock","bundle_stock_quantity":null,"bundle_virtual":false,"bundle_layout":"","bundle_add_to_cart_form_location":"","bundle_editable_in_cart":false,"bundle_sold_individually_context":"","bundle_item_grouping":"","bundle_min_size":"","bundle_max_size":"","bundle_price":[],"bundled_items":[],"bundle_sell_ids":[],"acf":[],"yoast_head":"<!-- This site is optimized with the Yoast SEO plugin v26.6 - https:\/\/yoast.com\/wordpress\/plugins\/seo\/ -->\n<title>Peptidni serum + Glamour Lash maskara + micelarna voda<\/title>\n<meta name=\"description\" content=\"Z negovalno peptidno formulo podpira kakovost, vitalnost in odpornost trepalnic ter ohranja njihov zdrav in urejen videz.\" \/>\n<meta name=\"robots\" content=\"index, follow, max-snippet:-1, max-image-preview:large, max-video-preview:-1\" \/>\n<link rel=\"canonical\" href=\"https:\/\/activeluxe-cosmetics.com\/sl\/izdelek\/lash-care-routine-peptidni-serum-glamour-lash-maskara-micelarna-voda\/\" \/>\n<meta property=\"og:locale\" content=\"sl_SI\" \/>\n<meta property=\"og:type\" content=\"article\" \/>\n<meta property=\"og:title\" content=\"Peptidni serum + Glamour Lash maskara + micelarna voda\" \/>\n<meta property=\"og:description\" content=\"Z negovalno peptidno formulo podpira kakovost, vitalnost in odpornost trepalnic ter ohranja njihov zdrav in urejen videz.\" \/>\n<meta property=\"og:url\" content=\"https:\/\/activeluxe-cosmetics.com\/sl\/izdelek\/lash-care-routine-peptidni-serum-glamour-lash-maskara-micelarna-voda\/\" \/>\n<meta property=\"og:site_name\" content=\"Active Luxe Cosmetics\" \/>\n<meta property=\"article:modified_time\" content=\"2026-04-21T08:34:52+00:00\" \/>\n<meta property=\"og:image\" content=\"https:\/\/cdn.activeluxe-cosmetics.com\/sl\/wp-content\/uploads\/2026\/04\/21100546\/RepairLash__Glamour_maskara__Micelarna_GRATIS.jpg\" \/>\n\t<meta property=\"og:image:width\" content=\"1104\" \/>\n\t<meta property=\"og:image:height\" content=\"1326\" \/>\n\t<meta property=\"og:image:type\" content=\"image\/jpeg\" \/>\n<meta name=\"twitter:card\" content=\"summary_large_image\" \/>\n<meta name=\"twitter:label1\" content=\"Est. reading time\" \/>\n\t<meta name=\"twitter:data1\" content=\"4 minute\" \/>\n<script type=\"application\/ld+json\" class=\"yoast-schema-graph\">{\"@context\":\"https:\/\/schema.org\",\"@graph\":[{\"@type\":\"WebPage\",\"@id\":\"https:\/\/activeluxe-cosmetics.com\/sl\/izdelek\/lash-care-routine-peptidni-serum-glamour-lash-maskara-micelarna-voda\/\",\"url\":\"https:\/\/activeluxe-cosmetics.com\/sl\/izdelek\/lash-care-routine-peptidni-serum-glamour-lash-maskara-micelarna-voda\/\",\"name\":\"Peptidni serum + Glamour Lash maskara + micelarna voda\",\"isPartOf\":{\"@id\":\"https:\/\/activeluxe-cosmetics.com\/sl\/#website\"},\"primaryImageOfPage\":{\"@id\":\"https:\/\/activeluxe-cosmetics.com\/sl\/izdelek\/lash-care-routine-peptidni-serum-glamour-lash-maskara-micelarna-voda\/#primaryimage\"},\"image\":{\"@id\":\"https:\/\/activeluxe-cosmetics.com\/sl\/izdelek\/lash-care-routine-peptidni-serum-glamour-lash-maskara-micelarna-voda\/#primaryimage\"},\"thumbnailUrl\":\"https:\/\/cdn.activeluxe-cosmetics.com\/sl\/wp-content\/uploads\/2026\/04\/21100546\/RepairLash__Glamour_maskara__Micelarna_GRATIS.jpg\",\"datePublished\":\"2026-04-21T07:50:03+00:00\",\"dateModified\":\"2026-04-21T08:34:52+00:00\",\"description\":\"Z negovalno peptidno formulo podpira kakovost, vitalnost in odpornost trepalnic ter ohranja njihov zdrav in urejen videz.\",\"breadcrumb\":{\"@id\":\"https:\/\/activeluxe-cosmetics.com\/sl\/izdelek\/lash-care-routine-peptidni-serum-glamour-lash-maskara-micelarna-voda\/#breadcrumb\"},\"inLanguage\":\"sl-SI\",\"potentialAction\":[{\"@type\":\"ReadAction\",\"target\":[\"https:\/\/activeluxe-cosmetics.com\/sl\/izdelek\/lash-care-routine-peptidni-serum-glamour-lash-maskara-micelarna-voda\/\"]}]},{\"@type\":\"ImageObject\",\"inLanguage\":\"sl-SI\",\"@id\":\"https:\/\/activeluxe-cosmetics.com\/sl\/izdelek\/lash-care-routine-peptidni-serum-glamour-lash-maskara-micelarna-voda\/#primaryimage\",\"url\":\"https:\/\/cdn.activeluxe-cosmetics.com\/sl\/wp-content\/uploads\/2026\/04\/21100546\/RepairLash__Glamour_maskara__Micelarna_GRATIS.jpg\",\"contentUrl\":\"https:\/\/cdn.activeluxe-cosmetics.com\/sl\/wp-content\/uploads\/2026\/04\/21100546\/RepairLash__Glamour_maskara__Micelarna_GRATIS.jpg\",\"width\":1104,\"height\":1326},{\"@type\":\"BreadcrumbList\",\"@id\":\"https:\/\/activeluxe-cosmetics.com\/sl\/izdelek\/lash-care-routine-peptidni-serum-glamour-lash-maskara-micelarna-voda\/#breadcrumb\",\"itemListElement\":[{\"@type\":\"ListItem\",\"position\":1,\"name\":\"Naslovnica\",\"item\":\"https:\/\/activeluxe-cosmetics.com\/sl\/\"},{\"@type\":\"ListItem\",\"position\":2,\"name\":\"Trgovina\",\"item\":\"https:\/\/activeluxe-cosmetics.com\/sl\/trgovina\/\"},{\"@type\":\"ListItem\",\"position\":3,\"name\":\"Lash Care Routine: negovalni peptidni serum, Glamour Lash maskara &#038; micelarna voda\"}]},{\"@type\":\"WebSite\",\"@id\":\"https:\/\/activeluxe-cosmetics.com\/sl\/#website\",\"url\":\"https:\/\/activeluxe-cosmetics.com\/sl\/\",\"name\":\"Active Luxe Cosmetics\",\"description\":\"\",\"potentialAction\":[{\"@type\":\"SearchAction\",\"target\":{\"@type\":\"EntryPoint\",\"urlTemplate\":\"https:\/\/activeluxe-cosmetics.com\/sl\/?s={search_term_string}\"},\"query-input\":{\"@type\":\"PropertyValueSpecification\",\"valueRequired\":true,\"valueName\":\"search_term_string\"}}],\"inLanguage\":\"sl-SI\"}]}<\/script>\n<!-- \/ Yoast SEO plugin. -->","yoast_head_json":{"title":"Peptidni serum + Glamour Lash maskara + micelarna voda","description":"Z negovalno peptidno formulo podpira kakovost, vitalnost in odpornost trepalnic ter ohranja njihov zdrav in urejen videz.","robots":{"index":"index","follow":"follow","max-snippet":"max-snippet:-1","max-image-preview":"max-image-preview:large","max-video-preview":"max-video-preview:-1"},"canonical":"https:\/\/activeluxe-cosmetics.com\/sl\/izdelek\/lash-care-routine-peptidni-serum-glamour-lash-maskara-micelarna-voda\/","og_locale":"sl_SI","og_type":"article","og_title":"Peptidni serum + Glamour Lash maskara + micelarna voda","og_description":"Z negovalno peptidno formulo podpira kakovost, vitalnost in odpornost trepalnic ter ohranja njihov zdrav in urejen videz.","og_url":"https:\/\/activeluxe-cosmetics.com\/sl\/izdelek\/lash-care-routine-peptidni-serum-glamour-lash-maskara-micelarna-voda\/","og_site_name":"Active Luxe Cosmetics","article_modified_time":"2026-04-21T08:34:52+00:00","og_image":[{"width":1104,"height":1326,"url":"https:\/\/cdn.activeluxe-cosmetics.com\/sl\/wp-content\/uploads\/2026\/04\/21100546\/RepairLash__Glamour_maskara__Micelarna_GRATIS.jpg","type":"image\/jpeg"}],"twitter_card":"summary_large_image","twitter_misc":{"Est. reading time":"4 minute"},"schema":{"@context":"https:\/\/schema.org","@graph":[{"@type":"WebPage","@id":"https:\/\/activeluxe-cosmetics.com\/sl\/izdelek\/lash-care-routine-peptidni-serum-glamour-lash-maskara-micelarna-voda\/","url":"https:\/\/activeluxe-cosmetics.com\/sl\/izdelek\/lash-care-routine-peptidni-serum-glamour-lash-maskara-micelarna-voda\/","name":"Peptidni serum + Glamour Lash maskara + micelarna voda","isPartOf":{"@id":"https:\/\/activeluxe-cosmetics.com\/sl\/#website"},"primaryImageOfPage":{"@id":"https:\/\/activeluxe-cosmetics.com\/sl\/izdelek\/lash-care-routine-peptidni-serum-glamour-lash-maskara-micelarna-voda\/#primaryimage"},"image":{"@id":"https:\/\/activeluxe-cosmetics.com\/sl\/izdelek\/lash-care-routine-peptidni-serum-glamour-lash-maskara-micelarna-voda\/#primaryimage"},"thumbnailUrl":"https:\/\/cdn.activeluxe-cosmetics.com\/sl\/wp-content\/uploads\/2026\/04\/21100546\/RepairLash__Glamour_maskara__Micelarna_GRATIS.jpg","datePublished":"2026-04-21T07:50:03+00:00","dateModified":"2026-04-21T08:34:52+00:00","description":"Z negovalno peptidno formulo podpira kakovost, vitalnost in odpornost trepalnic ter ohranja njihov zdrav in urejen videz.","breadcrumb":{"@id":"https:\/\/activeluxe-cosmetics.com\/sl\/izdelek\/lash-care-routine-peptidni-serum-glamour-lash-maskara-micelarna-voda\/#breadcrumb"},"inLanguage":"sl-SI","potentialAction":[{"@type":"ReadAction","target":["https:\/\/activeluxe-cosmetics.com\/sl\/izdelek\/lash-care-routine-peptidni-serum-glamour-lash-maskara-micelarna-voda\/"]}]},{"@type":"ImageObject","inLanguage":"sl-SI","@id":"https:\/\/activeluxe-cosmetics.com\/sl\/izdelek\/lash-care-routine-peptidni-serum-glamour-lash-maskara-micelarna-voda\/#primaryimage","url":"https:\/\/cdn.activeluxe-cosmetics.com\/sl\/wp-content\/uploads\/2026\/04\/21100546\/RepairLash__Glamour_maskara__Micelarna_GRATIS.jpg","contentUrl":"https:\/\/cdn.activeluxe-cosmetics.com\/sl\/wp-content\/uploads\/2026\/04\/21100546\/RepairLash__Glamour_maskara__Micelarna_GRATIS.jpg","width":1104,"height":1326},{"@type":"BreadcrumbList","@id":"https:\/\/activeluxe-cosmetics.com\/sl\/izdelek\/lash-care-routine-peptidni-serum-glamour-lash-maskara-micelarna-voda\/#breadcrumb","itemListElement":[{"@type":"ListItem","position":1,"name":"Naslovnica","item":"https:\/\/activeluxe-cosmetics.com\/sl\/"},{"@type":"ListItem","position":2,"name":"Trgovina","item":"https:\/\/activeluxe-cosmetics.com\/sl\/trgovina\/"},{"@type":"ListItem","position":3,"name":"Lash Care Routine: negovalni peptidni serum, Glamour Lash maskara &#038; micelarna voda"}]},{"@type":"WebSite","@id":"https:\/\/activeluxe-cosmetics.com\/sl\/#website","url":"https:\/\/activeluxe-cosmetics.com\/sl\/","name":"Active Luxe Cosmetics","description":"","potentialAction":[{"@type":"SearchAction","target":{"@type":"EntryPoint","urlTemplate":"https:\/\/activeluxe-cosmetics.com\/sl\/?s={search_term_string}"},"query-input":{"@type":"PropertyValueSpecification","valueRequired":true,"valueName":"search_term_string"}}],"inLanguage":"sl-SI"}]}},"_links":{"self":[{"href":"https:\/\/activeluxe-cosmetics.com\/sl\/wp-json\/wp\/v2\/product\/112750","targetHints":{"allow":["GET"]}}],"collection":[{"href":"https:\/\/activeluxe-cosmetics.com\/sl\/wp-json\/wp\/v2\/product"}],"about":[{"href":"https:\/\/activeluxe-cosmetics.com\/sl\/wp-json\/wp\/v2\/types\/product"}],"replies":[{"embeddable":true,"href":"https:\/\/activeluxe-cosmetics.com\/sl\/wp-json\/wp\/v2\/comments?post=112750"}],"wp:featuredmedia":[{"embeddable":true,"href":"https:\/\/activeluxe-cosmetics.com\/sl\/wp-json\/wp\/v2\/media\/112752"}],"wp:attachment":[{"href":"https:\/\/activeluxe-cosmetics.com\/sl\/wp-json\/wp\/v2\/media?parent=112750"}],"wp:term":[{"taxonomy":"product_brand","embeddable":true,"href":"https:\/\/activeluxe-cosmetics.com\/sl\/wp-json\/wp\/v2\/product_brand?post=112750"},{"taxonomy":"product_cat","embeddable":true,"href":"https:\/\/activeluxe-cosmetics.com\/sl\/wp-json\/wp\/v2\/product_cat?post=112750"},{"taxonomy":"product_tag","embeddable":true,"href":"https:\/\/activeluxe-cosmetics.com\/sl\/wp-json\/wp\/v2\/product_tag?post=112750"}],"curies":[{"name":"wp","href":"https:\/\/api.w.org\/{rel}","templated":true}]}}