{"id":111720,"date":"2026-03-20T12:32:01","date_gmt":"2026-03-20T11:32:01","guid":{"rendered":"https:\/\/activeluxe-cosmetics.com\/sl\/?post_type=product&#038;p=111720"},"modified":"2026-03-20T14:28:02","modified_gmt":"2026-03-20T13:28:02","slug":"brisacka-za-lase-iz-100-mikrovlaken-kopija","status":"publish","type":"product","link":"https:\/\/activeluxe-cosmetics.com\/sl\/izdelek\/brisacka-za-lase-iz-100-mikrovlaken-kopija\/","title":{"rendered":"1+1 GRATIS: Brisa\u010dka za lase iz 100 % mikrovlaken"},"content":{"rendered":"<p><img loading=\"lazy\" decoding=\"async\" class=\" wp-image-98312 alignright\" src=\"https:\/\/cdn.activeluxe-cosmetics.com\/sl\/wp-content\/uploads\/2025\/04\/14120621\/brisacka_za_las-460x552.jpg\" alt=\"\" width=\"371\" height=\"445\" srcset=\"https:\/\/cdn.activeluxe-cosmetics.com\/sl\/wp-content\/uploads\/2025\/04\/14120621\/brisacka_za_las-460x552.jpg 460w, https:\/\/cdn.activeluxe-cosmetics.com\/sl\/wp-content\/uploads\/2025\/04\/14120621\/brisacka_za_las-768x922.jpg 768w, https:\/\/cdn.activeluxe-cosmetics.com\/sl\/wp-content\/uploads\/2025\/04\/14120621\/brisacka_za_las-600x720.jpg 600w, https:\/\/cdn.activeluxe-cosmetics.com\/sl\/wp-content\/uploads\/2025\/04\/14120621\/brisacka_za_las.jpg 853w\" sizes=\"auto, (max-width: 371px) 100vw, 371px\" \/><\/p>\n<h2><span style=\"font-weight: 400;\"><strong>Hitrej\u0161e su\u0161enje, <\/strong>ki tvojih las ne po\u0161koduje<\/span><\/h2>\n<p><span style=\"font-weight: 400;\"><br \/>\nSi tudi ti naveli\u010dana dolgega su\u0161enja in razmr\u0161enih las po uporabi navadne brisa\u010de? <\/span><\/p>\n<p><span style=\"font-weight: 400;\">Predstavljamo ti brisa\u010dko za lase iz <strong>100 % mikrovlaken<\/strong> \u2013 <strong>mehko<\/strong>, <strong>lahko<\/strong> in <strong>izjemno vpojno<\/strong>. Zasnovana je tako, da ne\u017eno objame tvoje lase, hitro vpije odve\u010dno vlago in poskrbi, da so tvoji lasje <strong>suhi hitreje kot kdajkoli prej<\/strong> \u2013 brez grobega drgnjenja in brez nepotrebnega\u00a0 trganja las.<\/span><\/p>\n<p><span style=\"font-weight: 400;\"><strong>Mikrovlakna (kombinacija poliestra in poliamida)<\/strong> omogo\u010dajo, da se lasje su\u0161ijo <strong>naravno<\/strong> in <strong>ne\u017eno<\/strong>, hkrati pa prepre\u010dujejo lomljenje, cepljenje konic in naelektrenost. <\/span><\/p>\n<p><span style=\"font-weight: 400;\">Popolna re\u0161itev za vse, ki skrbimo za zdravje svojih las, a si vseeno \u017eelimo <strong>hitre rutine po tu\u0161iranju<\/strong>.<\/span><\/p>\n<p>&nbsp;<\/p>\n<h2 style=\"text-align: center; clear: both;\"><\/h2>\n<h2><img loading=\"lazy\" decoding=\"async\" class=\" wp-image-96910 alignleft\" src=\"https:\/\/cdn.activeluxe-cosmetics.com\/sl\/wp-content\/uploads\/2025\/04\/09110550\/activeluxe_brisackezalase_bez-460x553.jpg\" alt=\"Active Luxe brisa\u010dka za lase v be\u017e barvi\" width=\"371\" height=\"446\" srcset=\"https:\/\/cdn.activeluxe-cosmetics.com\/sl\/wp-content\/uploads\/2025\/04\/09110550\/activeluxe_brisackezalase_bez-460x553.jpg 460w, https:\/\/cdn.activeluxe-cosmetics.com\/sl\/wp-content\/uploads\/2025\/04\/09110550\/activeluxe_brisackezalase_bez-853x1024.jpg 853w, https:\/\/cdn.activeluxe-cosmetics.com\/sl\/wp-content\/uploads\/2025\/04\/09110550\/activeluxe_brisackezalase_bez-768x922.jpg 768w, https:\/\/cdn.activeluxe-cosmetics.com\/sl\/wp-content\/uploads\/2025\/04\/09110550\/activeluxe_brisackezalase_bez-600x721.jpg 600w, https:\/\/cdn.activeluxe-cosmetics.com\/sl\/wp-content\/uploads\/2025\/04\/09110550\/activeluxe_brisackezalase_bez.jpg 1104w\" sizes=\"auto, (max-width: 371px) 100vw, 371px\" \/>Tvoj novi <strong>najljub\u0161i lepotni pripomo\u010dek<\/strong><\/h2>\n<p>Brisa\u010dko lahko uporabi\u0161 takoj po umivanju las \u2013 skloni\u0161 glavo naprej, ovije\u0161 lase v brisa\u010do, zavije\u0161 in pritrdi\u0161 z elastiko ter gumbkom.<\/p>\n<p><strong>Brez zapletanja, brez zdrsavanja, samo popolno prileganje in maksimalno udobje.<\/strong><\/p>\n<p>Je nepogre\u0161ljiva tudi med lepotnimi rituali \u2013 ko na lase nanese\u0161 masko, olja ali druge negovalne pripravke, jih enostavno zavije\u0161 v brisa\u010dko in nadaljuje\u0161 z razvajanjem.<\/p>\n<p>Lasje ostanejo na mestu, toplota pa pomaga, da u\u010dinkovine \u0161e bolje prodrejo v strukturo las.<\/p>\n<p>Primerna je <strong>za vse dol\u017eine<\/strong> in <strong>tipe las<\/strong> \u2013 od kratkih, kodrastih do dolgih in gostih. Primerna je<strong> tudi za otroke, <\/strong>saj ima 2 gumba, s katerima se lahko nastavi velikost.<\/p>\n<h2 style=\"text-align: center; clear: both;\"><\/h2>\n<p>&nbsp;<\/p>\n<h3 style=\"clear: both; max-width: 820px;\"><span data-sheets-root=\"1\" data-sheets-value=\"{&quot;1&quot;:2,&quot;2&quot;:&quot;Pogodno za \u017eene i mu\u0161karce. Klini\u010dki je ispitan i prikladan za svakodnevnu uporabu.n&quot;}\" data-sheets-userformat=\"{&quot;2&quot;:769,&quot;3&quot;:{&quot;1&quot;:0},&quot;11&quot;:4,&quot;12&quot;:0}\" data-sheets-textstyleruns=\"{&quot;1&quot;:0}\uee10{&quot;1&quot;:28,&quot;2&quot;:{&quot;2&quot;:{&quot;1&quot;:2,&quot;2&quot;:16739585}}}\">\u00a0<\/span><\/h3>\n<div style=\"display: flex; align-items: center; gap: 20px; flex-wrap: wrap;\">\n<p style=\"max-width: 360px;\">\n<\/div>\n","protected":false},"excerpt":{"rendered":"<p><span style=\"font-weight: 400;\">Brisa\u010dka za lase vpija odve\u010dno vlago, pospe\u0161i su\u0161enje las brez drgnjenja ter ne po\u0161koduje las kot obi\u010dajna brisa\u010da.<\/span><\/p>\n","protected":false},"featured_media":111723,"comment_status":"open","ping_status":"closed","template":"","meta":[],"product_brand":[],"product_cat":[53,56],"product_tag":[],"class_list":{"0":"post-111720","1":"product","2":"type-product","3":"status-publish","4":"has-post-thumbnail","6":"product_cat-izdelki-za-nego-las","7":"product_cat-posebna-ponudba","9":"first","10":"instock","11":"sale","12":"taxable","13":"shipping-taxable","14":"purchasable","15":"product-type-simple"},"bundled_by":[],"bundle_stock_status":"instock","bundle_stock_quantity":null,"bundle_virtual":false,"bundle_layout":"","bundle_add_to_cart_form_location":"","bundle_editable_in_cart":false,"bundle_sold_individually_context":"","bundle_item_grouping":"","bundle_min_size":"","bundle_max_size":"","bundle_price":[],"bundled_items":[],"bundle_sell_ids":[],"acf":[],"yoast_head":"<!-- This site is optimized with the Yoast SEO plugin v26.6 - https:\/\/yoast.com\/wordpress\/plugins\/seo\/ -->\n<title>Active Luxe brisa\u010dka za lase iz 100 % mikrovlaken<\/title>\n<meta name=\"description\" content=\"Tvoj novi zaveznik za ne\u017eno in u\u010dinkovito su\u0161enje las. Mehka in super vpojna brisa\u010da, ki popolnoma vpije odve\u010dno vlago ter skraj\u0161a \u010das su\u0161enja.\" \/>\n<meta name=\"robots\" content=\"index, follow, max-snippet:-1, max-image-preview:large, max-video-preview:-1\" \/>\n<link rel=\"canonical\" href=\"https:\/\/activeluxe-cosmetics.com\/sl\/izdelek\/brisacka-za-lase-iz-100-mikrovlaken-kopija\/\" \/>\n<meta property=\"og:locale\" content=\"sl_SI\" \/>\n<meta property=\"og:type\" content=\"article\" \/>\n<meta property=\"og:title\" content=\"Active Luxe brisa\u010dka za lase iz 100 % mikrovlaken\" \/>\n<meta property=\"og:description\" content=\"Tvoj novi zaveznik za ne\u017eno in u\u010dinkovito su\u0161enje las. Mehka in super vpojna brisa\u010da, ki popolnoma vpije odve\u010dno vlago ter skraj\u0161a \u010das su\u0161enja.\" \/>\n<meta property=\"og:url\" content=\"https:\/\/activeluxe-cosmetics.com\/sl\/izdelek\/brisacka-za-lase-iz-100-mikrovlaken-kopija\/\" \/>\n<meta property=\"og:site_name\" content=\"Active Luxe Cosmetics\" \/>\n<meta property=\"article:modified_time\" content=\"2026-03-20T13:28:02+00:00\" \/>\n<meta property=\"og:image\" content=\"https:\/\/cdn.activeluxe-cosmetics.com\/sl\/wp-content\/uploads\/2026\/03\/20140503\/brisacka-11.jpg\" \/>\n\t<meta property=\"og:image:width\" content=\"1104\" \/>\n\t<meta property=\"og:image:height\" content=\"1326\" \/>\n\t<meta property=\"og:image:type\" content=\"image\/jpeg\" \/>\n<meta name=\"twitter:card\" content=\"summary_large_image\" \/>\n<meta name=\"twitter:label1\" content=\"Est. reading time\" \/>\n\t<meta name=\"twitter:data1\" content=\"2 minuti\" \/>\n<script type=\"application\/ld+json\" class=\"yoast-schema-graph\">{\"@context\":\"https:\/\/schema.org\",\"@graph\":[{\"@type\":\"WebPage\",\"@id\":\"https:\/\/activeluxe-cosmetics.com\/sl\/izdelek\/brisacka-za-lase-iz-100-mikrovlaken-kopija\/\",\"url\":\"https:\/\/activeluxe-cosmetics.com\/sl\/izdelek\/brisacka-za-lase-iz-100-mikrovlaken-kopija\/\",\"name\":\"Active Luxe brisa\u010dka za lase iz 100 % mikrovlaken\",\"isPartOf\":{\"@id\":\"https:\/\/activeluxe-cosmetics.com\/sl\/#website\"},\"primaryImageOfPage\":{\"@id\":\"https:\/\/activeluxe-cosmetics.com\/sl\/izdelek\/brisacka-za-lase-iz-100-mikrovlaken-kopija\/#primaryimage\"},\"image\":{\"@id\":\"https:\/\/activeluxe-cosmetics.com\/sl\/izdelek\/brisacka-za-lase-iz-100-mikrovlaken-kopija\/#primaryimage\"},\"thumbnailUrl\":\"https:\/\/cdn.activeluxe-cosmetics.com\/sl\/wp-content\/uploads\/2026\/03\/20140503\/brisacka-11.jpg\",\"datePublished\":\"2026-03-20T11:32:01+00:00\",\"dateModified\":\"2026-03-20T13:28:02+00:00\",\"description\":\"Tvoj novi zaveznik za ne\u017eno in u\u010dinkovito su\u0161enje las. Mehka in super vpojna brisa\u010da, ki popolnoma vpije odve\u010dno vlago ter skraj\u0161a \u010das su\u0161enja.\",\"breadcrumb\":{\"@id\":\"https:\/\/activeluxe-cosmetics.com\/sl\/izdelek\/brisacka-za-lase-iz-100-mikrovlaken-kopija\/#breadcrumb\"},\"inLanguage\":\"sl-SI\",\"potentialAction\":[{\"@type\":\"ReadAction\",\"target\":[\"https:\/\/activeluxe-cosmetics.com\/sl\/izdelek\/brisacka-za-lase-iz-100-mikrovlaken-kopija\/\"]}]},{\"@type\":\"ImageObject\",\"inLanguage\":\"sl-SI\",\"@id\":\"https:\/\/activeluxe-cosmetics.com\/sl\/izdelek\/brisacka-za-lase-iz-100-mikrovlaken-kopija\/#primaryimage\",\"url\":\"https:\/\/cdn.activeluxe-cosmetics.com\/sl\/wp-content\/uploads\/2026\/03\/20140503\/brisacka-11.jpg\",\"contentUrl\":\"https:\/\/cdn.activeluxe-cosmetics.com\/sl\/wp-content\/uploads\/2026\/03\/20140503\/brisacka-11.jpg\",\"width\":1104,\"height\":1326,\"caption\":\"Active Luxe brisa\u010dka za lase\"},{\"@type\":\"BreadcrumbList\",\"@id\":\"https:\/\/activeluxe-cosmetics.com\/sl\/izdelek\/brisacka-za-lase-iz-100-mikrovlaken-kopija\/#breadcrumb\",\"itemListElement\":[{\"@type\":\"ListItem\",\"position\":1,\"name\":\"Naslovnica\",\"item\":\"https:\/\/activeluxe-cosmetics.com\/sl\/\"},{\"@type\":\"ListItem\",\"position\":2,\"name\":\"Trgovina\",\"item\":\"https:\/\/activeluxe-cosmetics.com\/sl\/trgovina\/\"},{\"@type\":\"ListItem\",\"position\":3,\"name\":\"1+1 GRATIS: Brisa\u010dka za lase iz 100 % mikrovlaken\"}]},{\"@type\":\"WebSite\",\"@id\":\"https:\/\/activeluxe-cosmetics.com\/sl\/#website\",\"url\":\"https:\/\/activeluxe-cosmetics.com\/sl\/\",\"name\":\"Active Luxe Cosmetics\",\"description\":\"\",\"potentialAction\":[{\"@type\":\"SearchAction\",\"target\":{\"@type\":\"EntryPoint\",\"urlTemplate\":\"https:\/\/activeluxe-cosmetics.com\/sl\/?s={search_term_string}\"},\"query-input\":{\"@type\":\"PropertyValueSpecification\",\"valueRequired\":true,\"valueName\":\"search_term_string\"}}],\"inLanguage\":\"sl-SI\"}]}<\/script>\n<!-- \/ Yoast SEO plugin. -->","yoast_head_json":{"title":"Active Luxe brisa\u010dka za lase iz 100 % mikrovlaken","description":"Tvoj novi zaveznik za ne\u017eno in u\u010dinkovito su\u0161enje las. Mehka in super vpojna brisa\u010da, ki popolnoma vpije odve\u010dno vlago ter skraj\u0161a \u010das su\u0161enja.","robots":{"index":"index","follow":"follow","max-snippet":"max-snippet:-1","max-image-preview":"max-image-preview:large","max-video-preview":"max-video-preview:-1"},"canonical":"https:\/\/activeluxe-cosmetics.com\/sl\/izdelek\/brisacka-za-lase-iz-100-mikrovlaken-kopija\/","og_locale":"sl_SI","og_type":"article","og_title":"Active Luxe brisa\u010dka za lase iz 100 % mikrovlaken","og_description":"Tvoj novi zaveznik za ne\u017eno in u\u010dinkovito su\u0161enje las. Mehka in super vpojna brisa\u010da, ki popolnoma vpije odve\u010dno vlago ter skraj\u0161a \u010das su\u0161enja.","og_url":"https:\/\/activeluxe-cosmetics.com\/sl\/izdelek\/brisacka-za-lase-iz-100-mikrovlaken-kopija\/","og_site_name":"Active Luxe Cosmetics","article_modified_time":"2026-03-20T13:28:02+00:00","og_image":[{"width":1104,"height":1326,"url":"https:\/\/cdn.activeluxe-cosmetics.com\/sl\/wp-content\/uploads\/2026\/03\/20140503\/brisacka-11.jpg","type":"image\/jpeg"}],"twitter_card":"summary_large_image","twitter_misc":{"Est. reading time":"2 minuti"},"schema":{"@context":"https:\/\/schema.org","@graph":[{"@type":"WebPage","@id":"https:\/\/activeluxe-cosmetics.com\/sl\/izdelek\/brisacka-za-lase-iz-100-mikrovlaken-kopija\/","url":"https:\/\/activeluxe-cosmetics.com\/sl\/izdelek\/brisacka-za-lase-iz-100-mikrovlaken-kopija\/","name":"Active Luxe brisa\u010dka za lase iz 100 % mikrovlaken","isPartOf":{"@id":"https:\/\/activeluxe-cosmetics.com\/sl\/#website"},"primaryImageOfPage":{"@id":"https:\/\/activeluxe-cosmetics.com\/sl\/izdelek\/brisacka-za-lase-iz-100-mikrovlaken-kopija\/#primaryimage"},"image":{"@id":"https:\/\/activeluxe-cosmetics.com\/sl\/izdelek\/brisacka-za-lase-iz-100-mikrovlaken-kopija\/#primaryimage"},"thumbnailUrl":"https:\/\/cdn.activeluxe-cosmetics.com\/sl\/wp-content\/uploads\/2026\/03\/20140503\/brisacka-11.jpg","datePublished":"2026-03-20T11:32:01+00:00","dateModified":"2026-03-20T13:28:02+00:00","description":"Tvoj novi zaveznik za ne\u017eno in u\u010dinkovito su\u0161enje las. Mehka in super vpojna brisa\u010da, ki popolnoma vpije odve\u010dno vlago ter skraj\u0161a \u010das su\u0161enja.","breadcrumb":{"@id":"https:\/\/activeluxe-cosmetics.com\/sl\/izdelek\/brisacka-za-lase-iz-100-mikrovlaken-kopija\/#breadcrumb"},"inLanguage":"sl-SI","potentialAction":[{"@type":"ReadAction","target":["https:\/\/activeluxe-cosmetics.com\/sl\/izdelek\/brisacka-za-lase-iz-100-mikrovlaken-kopija\/"]}]},{"@type":"ImageObject","inLanguage":"sl-SI","@id":"https:\/\/activeluxe-cosmetics.com\/sl\/izdelek\/brisacka-za-lase-iz-100-mikrovlaken-kopija\/#primaryimage","url":"https:\/\/cdn.activeluxe-cosmetics.com\/sl\/wp-content\/uploads\/2026\/03\/20140503\/brisacka-11.jpg","contentUrl":"https:\/\/cdn.activeluxe-cosmetics.com\/sl\/wp-content\/uploads\/2026\/03\/20140503\/brisacka-11.jpg","width":1104,"height":1326,"caption":"Active Luxe brisa\u010dka za lase"},{"@type":"BreadcrumbList","@id":"https:\/\/activeluxe-cosmetics.com\/sl\/izdelek\/brisacka-za-lase-iz-100-mikrovlaken-kopija\/#breadcrumb","itemListElement":[{"@type":"ListItem","position":1,"name":"Naslovnica","item":"https:\/\/activeluxe-cosmetics.com\/sl\/"},{"@type":"ListItem","position":2,"name":"Trgovina","item":"https:\/\/activeluxe-cosmetics.com\/sl\/trgovina\/"},{"@type":"ListItem","position":3,"name":"1+1 GRATIS: Brisa\u010dka za lase iz 100 % mikrovlaken"}]},{"@type":"WebSite","@id":"https:\/\/activeluxe-cosmetics.com\/sl\/#website","url":"https:\/\/activeluxe-cosmetics.com\/sl\/","name":"Active Luxe Cosmetics","description":"","potentialAction":[{"@type":"SearchAction","target":{"@type":"EntryPoint","urlTemplate":"https:\/\/activeluxe-cosmetics.com\/sl\/?s={search_term_string}"},"query-input":{"@type":"PropertyValueSpecification","valueRequired":true,"valueName":"search_term_string"}}],"inLanguage":"sl-SI"}]}},"_links":{"self":[{"href":"https:\/\/activeluxe-cosmetics.com\/sl\/wp-json\/wp\/v2\/product\/111720","targetHints":{"allow":["GET"]}}],"collection":[{"href":"https:\/\/activeluxe-cosmetics.com\/sl\/wp-json\/wp\/v2\/product"}],"about":[{"href":"https:\/\/activeluxe-cosmetics.com\/sl\/wp-json\/wp\/v2\/types\/product"}],"replies":[{"embeddable":true,"href":"https:\/\/activeluxe-cosmetics.com\/sl\/wp-json\/wp\/v2\/comments?post=111720"}],"wp:featuredmedia":[{"embeddable":true,"href":"https:\/\/activeluxe-cosmetics.com\/sl\/wp-json\/wp\/v2\/media\/111723"}],"wp:attachment":[{"href":"https:\/\/activeluxe-cosmetics.com\/sl\/wp-json\/wp\/v2\/media?parent=111720"}],"wp:term":[{"taxonomy":"product_brand","embeddable":true,"href":"https:\/\/activeluxe-cosmetics.com\/sl\/wp-json\/wp\/v2\/product_brand?post=111720"},{"taxonomy":"product_cat","embeddable":true,"href":"https:\/\/activeluxe-cosmetics.com\/sl\/wp-json\/wp\/v2\/product_cat?post=111720"},{"taxonomy":"product_tag","embeddable":true,"href":"https:\/\/activeluxe-cosmetics.com\/sl\/wp-json\/wp\/v2\/product_tag?post=111720"}],"curies":[{"name":"wp","href":"https:\/\/api.w.org\/{rel}","templated":true}]}}