{"id":111712,"date":"2026-03-20T09:27:19","date_gmt":"2026-03-20T08:27:19","guid":{"rendered":"https:\/\/activeluxe-cosmetics.com\/sl\/?post_type=product&#038;p=111712"},"modified":"2026-04-14T08:40:58","modified_gmt":"2026-04-14T06:40:58","slug":"vlazilni-anti-age-serum-za-obraz","status":"publish","type":"product","link":"https:\/\/activeluxe-cosmetics.com\/sl\/izdelek\/vlazilni-anti-age-serum-za-obraz\/","title":{"rendered":"1+1 GRATIS: Vla\u017eilni anti age serum za obraz"},"content":{"rendered":"<h2><strong><img loading=\"lazy\" decoding=\"async\" class=\" wp-image-94056 alignright\" src=\"https:\/\/cdn.activeluxe-cosmetics.com\/sl\/wp-content\/uploads\/2024\/07\/31105907\/serum-za-obraz-460x575.png\" alt=\"\" width=\"430\" height=\"538\" srcset=\"https:\/\/cdn.activeluxe-cosmetics.com\/sl\/wp-content\/uploads\/2024\/07\/31105907\/serum-za-obraz-460x575.png 460w, https:\/\/cdn.activeluxe-cosmetics.com\/sl\/wp-content\/uploads\/2024\/07\/31105907\/serum-za-obraz-819x1024.png 819w, https:\/\/cdn.activeluxe-cosmetics.com\/sl\/wp-content\/uploads\/2024\/07\/31105907\/serum-za-obraz-768x960.png 768w, https:\/\/cdn.activeluxe-cosmetics.com\/sl\/wp-content\/uploads\/2024\/07\/31105907\/serum-za-obraz-600x750.png 600w, https:\/\/cdn.activeluxe-cosmetics.com\/sl\/wp-content\/uploads\/2024\/07\/31105907\/serum-za-obraz.png 1080w\" sizes=\"auto, (max-width: 430px) 100vw, 430px\" \/>Intenzivno navla\u017eena<\/strong> in pomlajena ko\u017ea<\/h2>\n<p>Odkrij skrivnost <strong>brezhibno navla\u017eene<\/strong> in<strong> mladostne ko\u017ee<\/strong> z na\u0161im vrhunskim vla\u017eilnim serumom za obraz. Ta edinstvena formula je zasnovana za <strong>izjemno vla\u017eenje<\/strong> in <strong>pomlajevanje ko\u017ee<\/strong> ter zagotavlja <strong>opazen anti-age u\u010dinek<\/strong>.<\/p>\n<p><span style=\"font-weight: 400;\">Blagodejni vla\u017eilni serum za nego obraza, vratu in dekolteja z izjemno kombinacijo izbranih sestavin:<\/span><\/p>\n<ul>\n<li style=\"font-weight: 400;\" aria-level=\"1\"><span style=\"font-weight: 400;\"><strong>prepre\u010duje prezgodnje staranje ko\u017ee<\/strong> ter<\/span><\/li>\n<li style=\"font-weight: 400;\" aria-level=\"1\"><span style=\"font-weight: 400;\"><strong>\u0161\u010diti<\/strong>, <strong>obnavlja<\/strong> in <strong>pomirja<\/strong> ob\u010dutljivo ter razdra\u017eeno ko\u017eo.<\/span><\/li>\n<\/ul>\n<p><span style=\"font-weight: 400;\">Sinergija dragocenega<strong> olivnega<\/strong> in <strong>jojobinega<\/strong> olja globinsko vla\u017ei ko\u017eo ter jo ohranja mladostno in sijo\u010do. Jojobino olje vsebuje <strong>naravno obliko vitamina E<\/strong>, ki na ko\u017eo deluje kot <strong>mo\u010dan antioksidant<\/strong> in \u0161\u010diti celice pred \u0161kodljivimi zunanjimi vplivi. <\/span><\/p>\n<p><span style=\"font-weight: 400;\"><strong>Aktivni hidrolizirani extrakt iz rde\u010dih alg<\/strong> (Hydrolyzed Rhodophyceae Extract) nudi <strong>takoj\u0161njo pomiritev<\/strong> razdra\u017eeni in ob\u010dutljivi ko\u017ei, <strong>odpravlja rde\u010dico<\/strong> in<strong> gubice<\/strong> ter skrbi za <strong>zdravo bariero ko\u017ee<\/strong>.<\/span><\/p>\n<p>&nbsp;<\/p>\n<h2><\/h2>\n<h2><\/h2>\n<h2><\/h2>\n<p>&nbsp;<\/p>\n<p>&nbsp;<\/p>\n<p>&nbsp;<\/p>\n<h2><img loading=\"lazy\" decoding=\"async\" class=\" wp-image-86324 alignleft\" src=\"https:\/\/cdn.activeluxe-cosmetics.com\/sl\/wp-content\/uploads\/2024\/07\/17120154\/Izdelek-brez-naslova-30-1-460x575.png\" alt=\"\" width=\"429\" height=\"536\" srcset=\"https:\/\/cdn.activeluxe-cosmetics.com\/sl\/wp-content\/uploads\/2024\/07\/17120154\/Izdelek-brez-naslova-30-1-460x575.png 460w, https:\/\/cdn.activeluxe-cosmetics.com\/sl\/wp-content\/uploads\/2024\/07\/17120154\/Izdelek-brez-naslova-30-1-819x1024.png 819w, https:\/\/cdn.activeluxe-cosmetics.com\/sl\/wp-content\/uploads\/2024\/07\/17120154\/Izdelek-brez-naslova-30-1-768x960.png 768w, https:\/\/cdn.activeluxe-cosmetics.com\/sl\/wp-content\/uploads\/2024\/07\/17120154\/Izdelek-brez-naslova-30-1-600x750.png 600w, https:\/\/cdn.activeluxe-cosmetics.com\/sl\/wp-content\/uploads\/2024\/07\/17120154\/Izdelek-brez-naslova-30-1.png 1080w\" sizes=\"auto, (max-width: 429px) 100vw, 429px\" \/><\/h2>\n<h2>Klju\u010dne <strong>prednosti seruma<\/strong><\/h2>\n<ul>\n<li><strong>Intenzivno Vla\u017eenje<\/strong>: serum globinsko vla\u017ei ko\u017eo, zagotavlja dolgotrajno hidracijo in obnovo vlage. Rezultat je mehka, gladka in pro\u017ena ko\u017ea skozi ves dan.<\/li>\n<li><strong>Pomlajevanje<\/strong>: Obogatena z mo\u010dnimi antioksidanti in naravnimi sestavinami, na\u0161a formula zmanj\u0161uje videz drobnih linij in gub ter spodbuja naravno obnavljanje ko\u017enih celic. Ko\u017ea postane bolj \u010dvrsta, elasti\u010dna in mladostna.<\/li>\n<li><strong>Anti-Age U\u010dinek<\/strong>: serum vsebuje aktivne sestavine, ki delujejo proti staranju in pomagajo zmanj\u0161ati znake staranja. Redna uporaba pripomore k vidno bolj mladostnemu videzu ko\u017ee.<\/li>\n<li><strong>Lahkotna Struktura<\/strong>: Serum ima izjemno lahkotno teksturo, ki se hitro vpije v ko\u017eo, ne da bi pustil masten ob\u010dutek. Idealen je za vse tipe ko\u017ee in se popolnoma prilega tvoji vsakodnevni rutini nege ko\u017ee.<\/li>\n<li><strong>Souporaba drugih kozmeti\u010dnih izdelkov<\/strong>: Lahko ga uporablja\u0161 skupaj s svojo najljub\u0161o kremo za obraz.<\/li>\n<\/ul>\n","protected":false},"excerpt":{"rendered":"<p><span style=\"font-weight: 400;\">Anti-age, vla\u017eilni in pomirjujo\u010di serum za napeto ko\u017eo in obnovljeno ko\u017eno bariero. Za obraz, vrat in dekolte.<\/span><\/p>\n","protected":false},"featured_media":111726,"comment_status":"open","ping_status":"closed","template":"","meta":[],"product_brand":[],"product_cat":[56,81],"product_tag":[],"class_list":{"0":"post-111712","1":"product","2":"type-product","3":"status-publish","4":"has-post-thumbnail","6":"product_cat-posebna-ponudba","7":"product_cat-obraz-in-telo","9":"first","10":"instock","11":"sale","12":"taxable","13":"shipping-taxable","14":"purchasable","15":"product-type-simple"},"bundled_by":[],"bundle_stock_status":"instock","bundle_stock_quantity":21,"bundle_virtual":false,"bundle_layout":"","bundle_add_to_cart_form_location":"","bundle_editable_in_cart":false,"bundle_sold_individually_context":"","bundle_item_grouping":"","bundle_min_size":"","bundle_max_size":"","bundle_price":[],"bundled_items":[],"bundle_sell_ids":[],"acf":[],"yoast_head":"<!-- This site is optimized with the Yoast SEO plugin v26.6 - https:\/\/yoast.com\/wordpress\/plugins\/seo\/ -->\n<title>1+1 GRATIS: Vla\u017eilni anti-age serum za obraz<\/title>\n<meta name=\"description\" content=\"Napredna formula zagotavlja popolno hidracijo ko\u017ee. Krepi za\u0161\u010ditno funkcijo ko\u017ee. Nudi takoj\u0161njo pomiritev razdra\u017eeni in ob\u010dutljivi ko\u017ei. Odpravlja rde\u010dico.\" \/>\n<meta name=\"robots\" content=\"index, follow, max-snippet:-1, max-image-preview:large, max-video-preview:-1\" \/>\n<link rel=\"canonical\" href=\"https:\/\/activeluxe-cosmetics.com\/sl\/izdelek\/vlazilni-anti-age-serum-za-obraz\/\" \/>\n<meta property=\"og:locale\" content=\"sl_SI\" \/>\n<meta property=\"og:type\" content=\"article\" \/>\n<meta property=\"og:title\" content=\"1+1 GRATIS: Vla\u017eilni anti-age serum za obraz\" \/>\n<meta property=\"og:description\" content=\"Napredna formula zagotavlja popolno hidracijo ko\u017ee. Krepi za\u0161\u010ditno funkcijo ko\u017ee. Nudi takoj\u0161njo pomiritev razdra\u017eeni in ob\u010dutljivi ko\u017ei. Odpravlja rde\u010dico.\" \/>\n<meta property=\"og:url\" content=\"https:\/\/activeluxe-cosmetics.com\/sl\/izdelek\/vlazilni-anti-age-serum-za-obraz\/\" \/>\n<meta property=\"og:site_name\" content=\"Active Luxe Cosmetics\" \/>\n<meta property=\"article:modified_time\" content=\"2026-04-14T06:40:58+00:00\" \/>\n<meta property=\"og:image\" content=\"https:\/\/cdn.activeluxe-cosmetics.com\/sl\/wp-content\/uploads\/2026\/03\/20141852\/face-serum-11.jpg\" \/>\n\t<meta property=\"og:image:width\" content=\"1104\" \/>\n\t<meta property=\"og:image:height\" content=\"1326\" \/>\n\t<meta property=\"og:image:type\" content=\"image\/jpeg\" \/>\n<meta name=\"twitter:card\" content=\"summary_large_image\" \/>\n<meta name=\"twitter:label1\" content=\"Est. reading time\" \/>\n\t<meta name=\"twitter:data1\" content=\"2 minuti\" \/>\n<script type=\"application\/ld+json\" class=\"yoast-schema-graph\">{\"@context\":\"https:\/\/schema.org\",\"@graph\":[{\"@type\":\"WebPage\",\"@id\":\"https:\/\/activeluxe-cosmetics.com\/sl\/izdelek\/vlazilni-anti-age-serum-za-obraz\/\",\"url\":\"https:\/\/activeluxe-cosmetics.com\/sl\/izdelek\/vlazilni-anti-age-serum-za-obraz\/\",\"name\":\"1+1 GRATIS: Vla\u017eilni anti-age serum za obraz\",\"isPartOf\":{\"@id\":\"https:\/\/activeluxe-cosmetics.com\/sl\/#website\"},\"primaryImageOfPage\":{\"@id\":\"https:\/\/activeluxe-cosmetics.com\/sl\/izdelek\/vlazilni-anti-age-serum-za-obraz\/#primaryimage\"},\"image\":{\"@id\":\"https:\/\/activeluxe-cosmetics.com\/sl\/izdelek\/vlazilni-anti-age-serum-za-obraz\/#primaryimage\"},\"thumbnailUrl\":\"https:\/\/cdn.activeluxe-cosmetics.com\/sl\/wp-content\/uploads\/2026\/03\/20141852\/face-serum-11.jpg\",\"datePublished\":\"2026-03-20T08:27:19+00:00\",\"dateModified\":\"2026-04-14T06:40:58+00:00\",\"description\":\"Napredna formula zagotavlja popolno hidracijo ko\u017ee. Krepi za\u0161\u010ditno funkcijo ko\u017ee. Nudi takoj\u0161njo pomiritev razdra\u017eeni in ob\u010dutljivi ko\u017ei. Odpravlja rde\u010dico.\",\"breadcrumb\":{\"@id\":\"https:\/\/activeluxe-cosmetics.com\/sl\/izdelek\/vlazilni-anti-age-serum-za-obraz\/#breadcrumb\"},\"inLanguage\":\"sl-SI\",\"potentialAction\":[{\"@type\":\"ReadAction\",\"target\":[\"https:\/\/activeluxe-cosmetics.com\/sl\/izdelek\/vlazilni-anti-age-serum-za-obraz\/\"]}]},{\"@type\":\"ImageObject\",\"inLanguage\":\"sl-SI\",\"@id\":\"https:\/\/activeluxe-cosmetics.com\/sl\/izdelek\/vlazilni-anti-age-serum-za-obraz\/#primaryimage\",\"url\":\"https:\/\/cdn.activeluxe-cosmetics.com\/sl\/wp-content\/uploads\/2026\/03\/20141852\/face-serum-11.jpg\",\"contentUrl\":\"https:\/\/cdn.activeluxe-cosmetics.com\/sl\/wp-content\/uploads\/2026\/03\/20141852\/face-serum-11.jpg\",\"width\":1104,\"height\":1326,\"caption\":\"Active Luxe face serum 1+1\"},{\"@type\":\"BreadcrumbList\",\"@id\":\"https:\/\/activeluxe-cosmetics.com\/sl\/izdelek\/vlazilni-anti-age-serum-za-obraz\/#breadcrumb\",\"itemListElement\":[{\"@type\":\"ListItem\",\"position\":1,\"name\":\"Naslovnica\",\"item\":\"https:\/\/activeluxe-cosmetics.com\/sl\/\"},{\"@type\":\"ListItem\",\"position\":2,\"name\":\"Trgovina\",\"item\":\"https:\/\/activeluxe-cosmetics.com\/sl\/trgovina\/\"},{\"@type\":\"ListItem\",\"position\":3,\"name\":\"1+1 GRATIS: Vla\u017eilni anti age serum za obraz\"}]},{\"@type\":\"WebSite\",\"@id\":\"https:\/\/activeluxe-cosmetics.com\/sl\/#website\",\"url\":\"https:\/\/activeluxe-cosmetics.com\/sl\/\",\"name\":\"Active Luxe Cosmetics\",\"description\":\"\",\"potentialAction\":[{\"@type\":\"SearchAction\",\"target\":{\"@type\":\"EntryPoint\",\"urlTemplate\":\"https:\/\/activeluxe-cosmetics.com\/sl\/?s={search_term_string}\"},\"query-input\":{\"@type\":\"PropertyValueSpecification\",\"valueRequired\":true,\"valueName\":\"search_term_string\"}}],\"inLanguage\":\"sl-SI\"}]}<\/script>\n<!-- \/ Yoast SEO plugin. -->","yoast_head_json":{"title":"1+1 GRATIS: Vla\u017eilni anti-age serum za obraz","description":"Napredna formula zagotavlja popolno hidracijo ko\u017ee. Krepi za\u0161\u010ditno funkcijo ko\u017ee. Nudi takoj\u0161njo pomiritev razdra\u017eeni in ob\u010dutljivi ko\u017ei. Odpravlja rde\u010dico.","robots":{"index":"index","follow":"follow","max-snippet":"max-snippet:-1","max-image-preview":"max-image-preview:large","max-video-preview":"max-video-preview:-1"},"canonical":"https:\/\/activeluxe-cosmetics.com\/sl\/izdelek\/vlazilni-anti-age-serum-za-obraz\/","og_locale":"sl_SI","og_type":"article","og_title":"1+1 GRATIS: Vla\u017eilni anti-age serum za obraz","og_description":"Napredna formula zagotavlja popolno hidracijo ko\u017ee. Krepi za\u0161\u010ditno funkcijo ko\u017ee. Nudi takoj\u0161njo pomiritev razdra\u017eeni in ob\u010dutljivi ko\u017ei. Odpravlja rde\u010dico.","og_url":"https:\/\/activeluxe-cosmetics.com\/sl\/izdelek\/vlazilni-anti-age-serum-za-obraz\/","og_site_name":"Active Luxe Cosmetics","article_modified_time":"2026-04-14T06:40:58+00:00","og_image":[{"width":1104,"height":1326,"url":"https:\/\/cdn.activeluxe-cosmetics.com\/sl\/wp-content\/uploads\/2026\/03\/20141852\/face-serum-11.jpg","type":"image\/jpeg"}],"twitter_card":"summary_large_image","twitter_misc":{"Est. reading time":"2 minuti"},"schema":{"@context":"https:\/\/schema.org","@graph":[{"@type":"WebPage","@id":"https:\/\/activeluxe-cosmetics.com\/sl\/izdelek\/vlazilni-anti-age-serum-za-obraz\/","url":"https:\/\/activeluxe-cosmetics.com\/sl\/izdelek\/vlazilni-anti-age-serum-za-obraz\/","name":"1+1 GRATIS: Vla\u017eilni anti-age serum za obraz","isPartOf":{"@id":"https:\/\/activeluxe-cosmetics.com\/sl\/#website"},"primaryImageOfPage":{"@id":"https:\/\/activeluxe-cosmetics.com\/sl\/izdelek\/vlazilni-anti-age-serum-za-obraz\/#primaryimage"},"image":{"@id":"https:\/\/activeluxe-cosmetics.com\/sl\/izdelek\/vlazilni-anti-age-serum-za-obraz\/#primaryimage"},"thumbnailUrl":"https:\/\/cdn.activeluxe-cosmetics.com\/sl\/wp-content\/uploads\/2026\/03\/20141852\/face-serum-11.jpg","datePublished":"2026-03-20T08:27:19+00:00","dateModified":"2026-04-14T06:40:58+00:00","description":"Napredna formula zagotavlja popolno hidracijo ko\u017ee. Krepi za\u0161\u010ditno funkcijo ko\u017ee. Nudi takoj\u0161njo pomiritev razdra\u017eeni in ob\u010dutljivi ko\u017ei. Odpravlja rde\u010dico.","breadcrumb":{"@id":"https:\/\/activeluxe-cosmetics.com\/sl\/izdelek\/vlazilni-anti-age-serum-za-obraz\/#breadcrumb"},"inLanguage":"sl-SI","potentialAction":[{"@type":"ReadAction","target":["https:\/\/activeluxe-cosmetics.com\/sl\/izdelek\/vlazilni-anti-age-serum-za-obraz\/"]}]},{"@type":"ImageObject","inLanguage":"sl-SI","@id":"https:\/\/activeluxe-cosmetics.com\/sl\/izdelek\/vlazilni-anti-age-serum-za-obraz\/#primaryimage","url":"https:\/\/cdn.activeluxe-cosmetics.com\/sl\/wp-content\/uploads\/2026\/03\/20141852\/face-serum-11.jpg","contentUrl":"https:\/\/cdn.activeluxe-cosmetics.com\/sl\/wp-content\/uploads\/2026\/03\/20141852\/face-serum-11.jpg","width":1104,"height":1326,"caption":"Active Luxe face serum 1+1"},{"@type":"BreadcrumbList","@id":"https:\/\/activeluxe-cosmetics.com\/sl\/izdelek\/vlazilni-anti-age-serum-za-obraz\/#breadcrumb","itemListElement":[{"@type":"ListItem","position":1,"name":"Naslovnica","item":"https:\/\/activeluxe-cosmetics.com\/sl\/"},{"@type":"ListItem","position":2,"name":"Trgovina","item":"https:\/\/activeluxe-cosmetics.com\/sl\/trgovina\/"},{"@type":"ListItem","position":3,"name":"1+1 GRATIS: Vla\u017eilni anti age serum za obraz"}]},{"@type":"WebSite","@id":"https:\/\/activeluxe-cosmetics.com\/sl\/#website","url":"https:\/\/activeluxe-cosmetics.com\/sl\/","name":"Active Luxe Cosmetics","description":"","potentialAction":[{"@type":"SearchAction","target":{"@type":"EntryPoint","urlTemplate":"https:\/\/activeluxe-cosmetics.com\/sl\/?s={search_term_string}"},"query-input":{"@type":"PropertyValueSpecification","valueRequired":true,"valueName":"search_term_string"}}],"inLanguage":"sl-SI"}]}},"_links":{"self":[{"href":"https:\/\/activeluxe-cosmetics.com\/sl\/wp-json\/wp\/v2\/product\/111712","targetHints":{"allow":["GET"]}}],"collection":[{"href":"https:\/\/activeluxe-cosmetics.com\/sl\/wp-json\/wp\/v2\/product"}],"about":[{"href":"https:\/\/activeluxe-cosmetics.com\/sl\/wp-json\/wp\/v2\/types\/product"}],"replies":[{"embeddable":true,"href":"https:\/\/activeluxe-cosmetics.com\/sl\/wp-json\/wp\/v2\/comments?post=111712"}],"wp:featuredmedia":[{"embeddable":true,"href":"https:\/\/activeluxe-cosmetics.com\/sl\/wp-json\/wp\/v2\/media\/111726"}],"wp:attachment":[{"href":"https:\/\/activeluxe-cosmetics.com\/sl\/wp-json\/wp\/v2\/media?parent=111712"}],"wp:term":[{"taxonomy":"product_brand","embeddable":true,"href":"https:\/\/activeluxe-cosmetics.com\/sl\/wp-json\/wp\/v2\/product_brand?post=111712"},{"taxonomy":"product_cat","embeddable":true,"href":"https:\/\/activeluxe-cosmetics.com\/sl\/wp-json\/wp\/v2\/product_cat?post=111712"},{"taxonomy":"product_tag","embeddable":true,"href":"https:\/\/activeluxe-cosmetics.com\/sl\/wp-json\/wp\/v2\/product_tag?post=111712"}],"curies":[{"name":"wp","href":"https:\/\/api.w.org\/{rel}","templated":true}]}}