{"id":110595,"date":"2026-02-16T13:18:08","date_gmt":"2026-02-16T12:18:08","guid":{"rendered":"https:\/\/activeluxe-cosmetics.com\/sl\/?post_type=product&#038;p=110595"},"modified":"2026-04-01T08:56:10","modified_gmt":"2026-04-01T06:56:10","slug":"sampon-in-tonik-za-rast-las-gratis-serum-za-rast-trepalnic-40-dnevni-tretma","status":"publish","type":"product","link":"https:\/\/activeluxe-cosmetics.com\/sl\/izdelek\/sampon-in-tonik-za-rast-las-gratis-serum-za-rast-trepalnic-40-dnevni-tretma\/","title":{"rendered":"\u0160ampon in tonik za rast las + GRATIS serum za rast trepalnic, 40 dnevni tretma"},"content":{"rendered":"<p>&nbsp;<\/p>\n<h2><b><img loading=\"lazy\" decoding=\"async\" class=\" wp-image-100837 alignright\" src=\"https:\/\/cdn.activeluxe-cosmetics.com\/sl\/wp-content\/uploads\/2024\/10\/18141055\/sampon_in_tonik_za_rast_las_active_luxe-460x553.jpg\" alt=\"\u0160ampon in tonik za rast las Active Luxe\" width=\"320\" height=\"385\" srcset=\"https:\/\/cdn.activeluxe-cosmetics.com\/sl\/wp-content\/uploads\/2024\/10\/18141055\/sampon_in_tonik_za_rast_las_active_luxe-460x553.jpg 460w, https:\/\/cdn.activeluxe-cosmetics.com\/sl\/wp-content\/uploads\/2024\/10\/18141055\/sampon_in_tonik_za_rast_las_active_luxe-853x1024.jpg 853w, https:\/\/cdn.activeluxe-cosmetics.com\/sl\/wp-content\/uploads\/2024\/10\/18141055\/sampon_in_tonik_za_rast_las_active_luxe-768x922.jpg 768w, https:\/\/cdn.activeluxe-cosmetics.com\/sl\/wp-content\/uploads\/2024\/10\/18141055\/sampon_in_tonik_za_rast_las_active_luxe-600x721.jpg 600w, https:\/\/cdn.activeluxe-cosmetics.com\/sl\/wp-content\/uploads\/2024\/10\/18141055\/sampon_in_tonik_za_rast_las_active_luxe.jpg 1104w\" sizes=\"auto, (max-width: 320px) 100vw, 320px\" \/><\/b><b>Celostna rutina <\/b>za lase in trepalnice<\/h2>\n<p><strong>Hair SOS rutina<\/strong> zdru\u017euje <strong>dve klini\u010dno testirani formuli<\/strong>, ki delujeta neposredno na lasi\u0161\u010du \u2013 tam, kjer se te\u017eave z lasmi za\u010dnejo. Namenjena je obdobjem pove\u010danega stresa, sezonskega izpadanja, hormonskih sprememb in mehanskih obremenitev. Z redno uporabo podpira <strong>mo\u010dnej\u0161e<\/strong>, <strong>gostej\u0161e<\/strong> in <strong>bolj zdrave<\/strong> lase, paket pa vklju\u010duje tudi serum za rast trepalnic, ki poskrbi za izrazitej\u0161i pogled.<\/p>\n<p><strong>V setu prejme\u0161:<\/strong><\/p>\n<ul>\n<li>Active Luxe \u0161ampon za aktivno rast in proti izpadanju las, 250 ml<\/li>\n<li>Active Luxe tonik za aktivno rast las in proti izpadanju las s trojnim delovanjem, 120 ml<\/li>\n<li>Gratis serum za rast trepalnic, 40 dnevni tretma (1ml) v vrednosti 30,95 eur<\/li>\n<\/ul>\n<p>&nbsp;<\/p>\n<h2><\/h2>\n<h2><\/h2>\n<h2><\/h2>\n<h2><img loading=\"lazy\" decoding=\"async\" class=\" wp-image-100958 alignleft\" src=\"https:\/\/cdn.activeluxe-cosmetics.com\/sl\/wp-content\/uploads\/2024\/10\/22082347\/izpadanje_las_tonik-460x575.png\" alt=\"Active Luxe tonik za rast las\" width=\"320\" height=\"400\" srcset=\"https:\/\/cdn.activeluxe-cosmetics.com\/sl\/wp-content\/uploads\/2024\/10\/22082347\/izpadanje_las_tonik-460x575.png 460w, https:\/\/cdn.activeluxe-cosmetics.com\/sl\/wp-content\/uploads\/2024\/10\/22082347\/izpadanje_las_tonik-819x1024.png 819w, https:\/\/cdn.activeluxe-cosmetics.com\/sl\/wp-content\/uploads\/2024\/10\/22082347\/izpadanje_las_tonik-768x960.png 768w, https:\/\/cdn.activeluxe-cosmetics.com\/sl\/wp-content\/uploads\/2024\/10\/22082347\/izpadanje_las_tonik-600x750.png 600w, https:\/\/cdn.activeluxe-cosmetics.com\/sl\/wp-content\/uploads\/2024\/10\/22082347\/izpadanje_las_tonik.png 1080w\" sizes=\"auto, (max-width: 320px) 100vw, 320px\" \/><\/h2>\n<h2><strong>Intenzivni koncentrat <\/strong>s trojnim delovanjem<\/h2>\n<p>Napredna formula s skrbno izbranimi, klini\u010dno testiranimi sestavinami deluje neposredno proti izpadanju las ter \u017ee v 4 mesecih prina\u0161a <strong>klini\u010dno potrjene rezultate<\/strong>: <strong>do 46 % manj izpadanja<\/strong> in do <strong>121 % ve\u010djo gostoto las<\/strong>, ob enostavnem in ciljnem nanosu za vsakodnevno uporabo.<\/p>\n<p><strong>Biotinoyl \u2013 GHK:<\/strong> Sestavina, ki prodira globoko v lasi\u0161\u010de, spodbuja celi\u010dno presnovo ter obnavlja oslabljene lasne me\u0161i\u010dke \u2013 deluje proti folikularni disfunkciji<\/p>\n<p><strong>Apigenin:<\/strong> Sestavina, ki deluje antioksidantno ter pospe\u0161uje mikrocirkulacijo oz. prekrvavitev lasi\u0161\u010da.<\/p>\n<p><strong>Oleanolna kislina:<\/strong> Nastopa kot mo\u010dan zaviralec encima, ki je odgovoren za pretvorbo hormona testosterona v hormon dihidrotestosteron (DHT), ki je glavni povzro\u010ditelj izpadanja las in ple\u0161avosti.<\/p>\n<h2 style=\"text-align: center; clear: both;\"><\/h2>\n<p><img loading=\"lazy\" decoding=\"async\" class=\"wp-image-98334 alignright\" src=\"https:\/\/cdn.activeluxe-cosmetics.com\/sl\/wp-content\/uploads\/2025\/05\/14123630\/sampon-za-rast-las-460x575.png\" alt=\"\" width=\"321\" height=\"401\" srcset=\"https:\/\/cdn.activeluxe-cosmetics.com\/sl\/wp-content\/uploads\/2025\/05\/14123630\/sampon-za-rast-las-460x575.png 460w, https:\/\/cdn.activeluxe-cosmetics.com\/sl\/wp-content\/uploads\/2025\/05\/14123630\/sampon-za-rast-las-819x1024.png 819w, https:\/\/cdn.activeluxe-cosmetics.com\/sl\/wp-content\/uploads\/2025\/05\/14123630\/sampon-za-rast-las-768x960.png 768w, https:\/\/cdn.activeluxe-cosmetics.com\/sl\/wp-content\/uploads\/2025\/05\/14123630\/sampon-za-rast-las-600x750.png 600w, https:\/\/cdn.activeluxe-cosmetics.com\/sl\/wp-content\/uploads\/2025\/05\/14123630\/sampon-za-rast-las.png 1080w\" sizes=\"auto, (max-width: 321px) 100vw, 321px\" \/><\/p>\n<h2><strong>Pravo\u010dasno ustavi<\/strong> izpadanje las!<\/h2>\n<p>\u010ce so tvoji lasje <strong>suhi<\/strong>, <strong>po\u0161kodovani<\/strong> in <strong>brez sijaja<\/strong>, je Active Luxe \u0161ampon prav tako <strong>prava izbira<\/strong>! Pogosto barvanje las in uporaba elektri\u010dnih naprav lase po\u0161koduje in stanj\u0161a, kar povzro\u010di razcepljene konice, lomljenje in prekomerno izpadanje.<\/p>\n<p>Active Luxe \u0161ampon bo tvoje lase izdatno <strong>negoval in globinsko obnovil!<\/strong><\/p>\n<p>Redna uporaba \u0161ampona:<\/p>\n<ul>\n<li style=\"font-weight: 400;\" aria-level=\"1\"><span style=\"font-weight: 400;\">ohranja vitalnost lasi\u0161\u010da, kar <strong>povrne naravno gostoto las<\/strong>,<\/span><\/li>\n<li style=\"font-weight: 400;\" aria-level=\"1\"><span style=\"font-weight: 400;\">lasje so<strong> \u017ee po prvi uporabi<\/strong> mo\u010dnej\u0161i, polnej\u0161i in bolj zdravi,<\/span><\/li>\n<li style=\"font-weight: 400;\" aria-level=\"1\"><span style=\"font-weight: 400;\">edinstvena klini\u010dno testirana formula <strong>aktivira lasni me\u0161i\u010dek in ga okrepi<\/strong> &#8211; lasna korenina se oja\u010da in zato lasje manj izpadajo.<\/span><\/li>\n<li style=\"font-weight: 400;\" aria-level=\"1\"><span style=\"font-weight: 400;\">v rekordno kratkem \u010dasu prepre\u010di izpadanje las in povzro\u010di r<strong>ast novih, mladih las<\/strong>,<\/span><\/li>\n<li style=\"font-weight: 400;\" aria-level=\"1\"><span style=\"font-weight: 400;\">ob redni uporabi (vsaj 2x tedensko) prina\u0161a <strong>vidne rezulate \u017ee v 6. tednih<\/strong>.<\/span><\/li>\n<\/ul>\n<h2 style=\"text-align: center; clear: both;\"><\/h2>\n<p><img loading=\"lazy\" decoding=\"async\" class=\"wp-image-98337 alignleft\" src=\"https:\/\/cdn.activeluxe-cosmetics.com\/sl\/wp-content\/uploads\/2025\/05\/14123651\/serum-za-rast-trepalnic-katarina-460x575.png\" alt=\"\" width=\"321\" height=\"402\" srcset=\"https:\/\/cdn.activeluxe-cosmetics.com\/sl\/wp-content\/uploads\/2025\/05\/14123651\/serum-za-rast-trepalnic-katarina-460x575.png 460w, https:\/\/cdn.activeluxe-cosmetics.com\/sl\/wp-content\/uploads\/2025\/05\/14123651\/serum-za-rast-trepalnic-katarina-819x1024.png 819w, https:\/\/cdn.activeluxe-cosmetics.com\/sl\/wp-content\/uploads\/2025\/05\/14123651\/serum-za-rast-trepalnic-katarina-768x960.png 768w, https:\/\/cdn.activeluxe-cosmetics.com\/sl\/wp-content\/uploads\/2025\/05\/14123651\/serum-za-rast-trepalnic-katarina-600x750.png 600w, https:\/\/cdn.activeluxe-cosmetics.com\/sl\/wp-content\/uploads\/2025\/05\/14123651\/serum-za-rast-trepalnic-katarina.png 1080w\" sizes=\"auto, (max-width: 321px) 100vw, 321px\" \/><\/p>\n<h2><strong>Serum za rast trepalnic, <\/strong>za 40 dni uporabe<\/h2>\n<p>Za Active Lash serumom za rast trepalnic stojimo \u010disto prave \u017eenske, tak\u0161ne kot si ti \u2013 zato ta edinstvena formula za podalj\u0161evanje naravnih trepalnic resni\u010dno vsebuje le <strong>skrbno izbrane<\/strong>, <strong>preizku\u0161ene<\/strong>, <strong>varne<\/strong> in <strong>u\u010dinkovite sestavine<\/strong>.<\/p>\n<p>Ve\u010d kot<strong> 400.000 zadovoljnih uporabnic<\/strong>\u00a0potrjuje osupljive rezultate\u00a0<strong>\u017ee po 2 tednih<\/strong>\u00a0uporabe seruma. Trepalnice postanejo <strong>dalj\u0161e<\/strong>, <strong>gostej\u0161e<\/strong>, <strong>temnej\u0161e<\/strong> in <strong>bolj privihane<\/strong>. <strong>Tvoj pogled bo postal \u0161e bolj prodoren in zapeljiv<\/strong>.<\/p>\n<ul>\n<li><strong>Do 50 % dalj\u0161e<\/strong>\u00a0in gostej\u0161e trepalnice v 14 dneh<\/li>\n<li><strong>Do 100 % dalj\u0161e<\/strong>\u00a0in gostej\u0161e trepalnice po zaklju\u010denem tretmaju<\/li>\n<li><span data-sheets-root=\"1\" data-sheets-value=\"{&quot;1&quot;:2,&quot;2&quot;:&quot;Do 100 % temnej\u0161e trepalnice&quot;}\" data-sheets-userformat=\"{&quot;2&quot;:14979,&quot;3&quot;:{&quot;1&quot;:0},&quot;4&quot;:{&quot;1&quot;:2,&quot;2&quot;:16777215},&quot;10&quot;:0,&quot;12&quot;:0,&quot;14&quot;:{&quot;1&quot;:2,&quot;2&quot;:0},&quot;15&quot;:&quot;Arial, sans-serif&quot;,&quot;16&quot;:10}\" data-sheets-textstyleruns=\"{&quot;1&quot;:0,&quot;2&quot;:{&quot;2&quot;:{&quot;1&quot;:2,&quot;2&quot;:10027263}}}\uee10{&quot;1&quot;:1}\"><strong>Do 100 % temnej\u0161e<\/strong>\u00a0trepalnice<\/span><\/li>\n<li><span data-sheets-root=\"1\" data-sheets-value=\"{&quot;1&quot;:2,&quot;2&quot;:&quot;Do 73 % bolj privihane trepalnice&quot;}\" data-sheets-userformat=\"{&quot;2&quot;:897,&quot;3&quot;:{&quot;1&quot;:0},&quot;10&quot;:0,&quot;11&quot;:4,&quot;12&quot;:0}\" data-sheets-textstyleruns=\"{&quot;1&quot;:0,&quot;2&quot;:{&quot;2&quot;:{&quot;1&quot;:2,&quot;2&quot;:10027263}}}\uee10{&quot;1&quot;:1}\"><strong>Do 73 % bolj privihane<\/strong>\u00a0trepalnice<\/span><\/li>\n<\/ul>\n<p>&nbsp;<\/p>\n<h2><\/h2>\n<h2><\/h2>\n<h2><\/h2>\n<p>&nbsp;<\/p>\n<h2><strong><img loading=\"lazy\" decoding=\"async\" class=\"wp-image-98336 alignright\" src=\"https:\/\/cdn.activeluxe-cosmetics.com\/sl\/wp-content\/uploads\/2025\/05\/14123642\/serum-za-rast-trepalnic-before-after-460x575.png\" alt=\"\" width=\"322\" height=\"403\" srcset=\"https:\/\/cdn.activeluxe-cosmetics.com\/sl\/wp-content\/uploads\/2025\/05\/14123642\/serum-za-rast-trepalnic-before-after-460x575.png 460w, https:\/\/cdn.activeluxe-cosmetics.com\/sl\/wp-content\/uploads\/2025\/05\/14123642\/serum-za-rast-trepalnic-before-after-819x1024.png 819w, https:\/\/cdn.activeluxe-cosmetics.com\/sl\/wp-content\/uploads\/2025\/05\/14123642\/serum-za-rast-trepalnic-before-after-768x960.png 768w, https:\/\/cdn.activeluxe-cosmetics.com\/sl\/wp-content\/uploads\/2025\/05\/14123642\/serum-za-rast-trepalnic-before-after-600x750.png 600w, https:\/\/cdn.activeluxe-cosmetics.com\/sl\/wp-content\/uploads\/2025\/05\/14123642\/serum-za-rast-trepalnic-before-after.png 1080w\" sizes=\"auto, (max-width: 322px) 100vw, 322px\" \/><\/strong><\/h2>\n<h2><strong>Kako deluje serum<\/strong> za rast trepalnic?<\/h2>\n<p>\u200bStrokovnjaki s podro\u010dja kemije in farmacije so v na\u0161em laboratoriju razvili<strong>\u00a0edinstveno formulo<\/strong>\u00a0z u\u010dinkovino, ki deluje\u00a0<strong>neposredno na dla\u010dni me\u0161i\u010dek trepalnice<\/strong>\u00a0in\u00a0<strong>podalj\u0161uje njeno fazo rasti<\/strong>.<\/p>\n<p>Serum <strong>\u017ee po 2 tednih od za\u010detka uporabe<\/strong> spodbudi\u00a0<strong>vidno rast<\/strong>\u00a0tudi najtanj\u0161ih in redkih trepalnic ter prepre\u010di njihovo izpadanje.\u00a0Maksimalno dol\u017eino trepalnice dose\u017eejo\u00a0<strong>po mesecu dni redne uporabe<\/strong>\u00a0(nanos 1x dnevno).<\/p>\n<p>Active Lash serum je\u00a0<strong>klini\u010dno testiran<\/strong>, zato je primeren tudi za najbolj ob\u010dutljive o\u010di. Izdelek je veganski, popolnoma varen in ne povzro\u010da dra\u017eenja o\u010di. Klini\u010dne raziskave potrjuje neodvisni\u00a0<strong>slovenski oftalmolog<\/strong>,\u00a0<strong>dr. Beltram<\/strong>, ki je potrdil, da je serum za rast trepalnic 100% u\u010dinkovit in varen tudi za ob\u010dutljive o\u010di.<\/p>\n<p>Je\u00a0<strong>edini originalni slovenski serum za rast trepalnic<\/strong>\u00a0na na\u0161em trgu, zato je zajam\u010deno narejen iz preverjenih in varnih sestavin.<\/p>\n<p data-pm-slice=\"1 1 [&quot;blockquote&quot;,{}]\"><em><strong>\u017deli\u0161 prihraniti 20 % brez darila?<\/strong> Oglej si osnovni <a href=\"https:\/\/activeluxe-cosmetics.com\/sl\/izdelek\/hair-sos-routine\/\">Hair SOS paket <strong>TUKAJ<\/strong><\/a>!<\/em><\/p>\n<div style=\"display: flex; align-items: center; gap: 20px; flex-wrap: wrap;\">\n<p style=\"max-width: 360px;\">\n<\/div>\n","protected":false},"excerpt":{"rendered":"<p>Hair SOS rutina za lase in trepalnice: \u0161ampon in tonik proti izpadanju las + serum za rast trepalnic 1 ml GRATIS.<\/p>\n","protected":false},"featured_media":110599,"comment_status":"open","ping_status":"closed","template":"","meta":[],"product_brand":[],"product_cat":[53,54,48],"product_tag":[],"class_list":{"0":"post-110595","1":"product","2":"type-product","3":"status-publish","4":"has-post-thumbnail","6":"product_cat-izdelki-za-nego-las","7":"product_cat-samponi-za-profesionalno-nego-las","8":"product_cat-izdelki-za-nego-trepalnic","10":"first","11":"instock","12":"sale","13":"taxable","14":"shipping-taxable","15":"purchasable","16":"product-type-variable"},"bundled_by":[],"bundle_stock_status":"instock","bundle_stock_quantity":null,"bundle_virtual":false,"bundle_layout":"","bundle_add_to_cart_form_location":"","bundle_editable_in_cart":false,"bundle_sold_individually_context":"","bundle_item_grouping":"","bundle_min_size":"","bundle_max_size":"","bundle_price":[],"bundled_items":[],"bundle_sell_ids":[],"acf":[],"yoast_head":"<!-- This site is optimized with the Yoast SEO plugin v26.6 - https:\/\/yoast.com\/wordpress\/plugins\/seo\/ -->\n<title>\u0160ampon in tonik za rast las + GRATIS serum za rast trepalnic<\/title>\n<meta name=\"description\" content=\"Hair SOS rutina za lase in trepalnice: \u0161ampon + tonik proti izpadanju ter serum za rast trepalnic 1 ml GRATIS. Podpora lasi\u0161\u010du v obdobjih stresa.\" \/>\n<meta name=\"robots\" content=\"index, follow, max-snippet:-1, max-image-preview:large, max-video-preview:-1\" \/>\n<link rel=\"canonical\" href=\"https:\/\/activeluxe-cosmetics.com\/sl\/izdelek\/sampon-in-tonik-za-rast-las-gratis-serum-za-rast-trepalnic-40-dnevni-tretma\/\" \/>\n<meta property=\"og:locale\" content=\"sl_SI\" \/>\n<meta property=\"og:type\" content=\"article\" \/>\n<meta property=\"og:title\" content=\"\u0160ampon in tonik za rast las + GRATIS serum za rast trepalnic\" \/>\n<meta property=\"og:description\" content=\"Hair SOS rutina za lase in trepalnice: \u0161ampon + tonik proti izpadanju ter serum za rast trepalnic 1 ml GRATIS. Podpora lasi\u0161\u010du v obdobjih stresa.\" \/>\n<meta property=\"og:url\" content=\"https:\/\/activeluxe-cosmetics.com\/sl\/izdelek\/sampon-in-tonik-za-rast-las-gratis-serum-za-rast-trepalnic-40-dnevni-tretma\/\" \/>\n<meta property=\"og:site_name\" content=\"Active Luxe Cosmetics\" \/>\n<meta property=\"article:modified_time\" content=\"2026-04-01T06:56:10+00:00\" \/>\n<meta property=\"og:image\" content=\"https:\/\/cdn.activeluxe-cosmetics.com\/sl\/wp-content\/uploads\/2026\/02\/16135937\/Shampoo_NormalTonicLashSerumGratis.jpg\" \/>\n\t<meta property=\"og:image:width\" content=\"1104\" \/>\n\t<meta property=\"og:image:height\" content=\"1326\" \/>\n\t<meta property=\"og:image:type\" content=\"image\/jpeg\" \/>\n<meta name=\"twitter:card\" content=\"summary_large_image\" \/>\n<meta name=\"twitter:label1\" content=\"Est. reading time\" \/>\n\t<meta name=\"twitter:data1\" content=\"5 minut\" \/>\n<script type=\"application\/ld+json\" class=\"yoast-schema-graph\">{\"@context\":\"https:\/\/schema.org\",\"@graph\":[{\"@type\":\"WebPage\",\"@id\":\"https:\/\/activeluxe-cosmetics.com\/sl\/izdelek\/sampon-in-tonik-za-rast-las-gratis-serum-za-rast-trepalnic-40-dnevni-tretma\/\",\"url\":\"https:\/\/activeluxe-cosmetics.com\/sl\/izdelek\/sampon-in-tonik-za-rast-las-gratis-serum-za-rast-trepalnic-40-dnevni-tretma\/\",\"name\":\"\u0160ampon in tonik za rast las + GRATIS serum za rast trepalnic\",\"isPartOf\":{\"@id\":\"https:\/\/activeluxe-cosmetics.com\/sl\/#website\"},\"primaryImageOfPage\":{\"@id\":\"https:\/\/activeluxe-cosmetics.com\/sl\/izdelek\/sampon-in-tonik-za-rast-las-gratis-serum-za-rast-trepalnic-40-dnevni-tretma\/#primaryimage\"},\"image\":{\"@id\":\"https:\/\/activeluxe-cosmetics.com\/sl\/izdelek\/sampon-in-tonik-za-rast-las-gratis-serum-za-rast-trepalnic-40-dnevni-tretma\/#primaryimage\"},\"thumbnailUrl\":\"https:\/\/cdn.activeluxe-cosmetics.com\/sl\/wp-content\/uploads\/2026\/02\/16135937\/Shampoo_NormalTonicLashSerumGratis.jpg\",\"datePublished\":\"2026-02-16T12:18:08+00:00\",\"dateModified\":\"2026-04-01T06:56:10+00:00\",\"description\":\"Hair SOS rutina za lase in trepalnice: \u0161ampon + tonik proti izpadanju ter serum za rast trepalnic 1 ml GRATIS. Podpora lasi\u0161\u010du v obdobjih stresa.\",\"breadcrumb\":{\"@id\":\"https:\/\/activeluxe-cosmetics.com\/sl\/izdelek\/sampon-in-tonik-za-rast-las-gratis-serum-za-rast-trepalnic-40-dnevni-tretma\/#breadcrumb\"},\"inLanguage\":\"sl-SI\",\"potentialAction\":[{\"@type\":\"ReadAction\",\"target\":[\"https:\/\/activeluxe-cosmetics.com\/sl\/izdelek\/sampon-in-tonik-za-rast-las-gratis-serum-za-rast-trepalnic-40-dnevni-tretma\/\"]}]},{\"@type\":\"ImageObject\",\"inLanguage\":\"sl-SI\",\"@id\":\"https:\/\/activeluxe-cosmetics.com\/sl\/izdelek\/sampon-in-tonik-za-rast-las-gratis-serum-za-rast-trepalnic-40-dnevni-tretma\/#primaryimage\",\"url\":\"https:\/\/cdn.activeluxe-cosmetics.com\/sl\/wp-content\/uploads\/2026\/02\/16135937\/Shampoo_NormalTonicLashSerumGratis.jpg\",\"contentUrl\":\"https:\/\/cdn.activeluxe-cosmetics.com\/sl\/wp-content\/uploads\/2026\/02\/16135937\/Shampoo_NormalTonicLashSerumGratis.jpg\",\"width\":1104,\"height\":1326,\"caption\":\"\u0160ampon, tonik in serum za rast trepalnic\"},{\"@type\":\"BreadcrumbList\",\"@id\":\"https:\/\/activeluxe-cosmetics.com\/sl\/izdelek\/sampon-in-tonik-za-rast-las-gratis-serum-za-rast-trepalnic-40-dnevni-tretma\/#breadcrumb\",\"itemListElement\":[{\"@type\":\"ListItem\",\"position\":1,\"name\":\"Naslovnica\",\"item\":\"https:\/\/activeluxe-cosmetics.com\/sl\/\"},{\"@type\":\"ListItem\",\"position\":2,\"name\":\"Trgovina\",\"item\":\"https:\/\/activeluxe-cosmetics.com\/sl\/trgovina\/\"},{\"@type\":\"ListItem\",\"position\":3,\"name\":\"\u0160ampon in tonik za rast las + GRATIS serum za rast trepalnic, 40 dnevni tretma\"}]},{\"@type\":\"WebSite\",\"@id\":\"https:\/\/activeluxe-cosmetics.com\/sl\/#website\",\"url\":\"https:\/\/activeluxe-cosmetics.com\/sl\/\",\"name\":\"Active Luxe Cosmetics\",\"description\":\"\",\"potentialAction\":[{\"@type\":\"SearchAction\",\"target\":{\"@type\":\"EntryPoint\",\"urlTemplate\":\"https:\/\/activeluxe-cosmetics.com\/sl\/?s={search_term_string}\"},\"query-input\":{\"@type\":\"PropertyValueSpecification\",\"valueRequired\":true,\"valueName\":\"search_term_string\"}}],\"inLanguage\":\"sl-SI\"}]}<\/script>\n<!-- \/ Yoast SEO plugin. -->","yoast_head_json":{"title":"\u0160ampon in tonik za rast las + GRATIS serum za rast trepalnic","description":"Hair SOS rutina za lase in trepalnice: \u0161ampon + tonik proti izpadanju ter serum za rast trepalnic 1 ml GRATIS. Podpora lasi\u0161\u010du v obdobjih stresa.","robots":{"index":"index","follow":"follow","max-snippet":"max-snippet:-1","max-image-preview":"max-image-preview:large","max-video-preview":"max-video-preview:-1"},"canonical":"https:\/\/activeluxe-cosmetics.com\/sl\/izdelek\/sampon-in-tonik-za-rast-las-gratis-serum-za-rast-trepalnic-40-dnevni-tretma\/","og_locale":"sl_SI","og_type":"article","og_title":"\u0160ampon in tonik za rast las + GRATIS serum za rast trepalnic","og_description":"Hair SOS rutina za lase in trepalnice: \u0161ampon + tonik proti izpadanju ter serum za rast trepalnic 1 ml GRATIS. Podpora lasi\u0161\u010du v obdobjih stresa.","og_url":"https:\/\/activeluxe-cosmetics.com\/sl\/izdelek\/sampon-in-tonik-za-rast-las-gratis-serum-za-rast-trepalnic-40-dnevni-tretma\/","og_site_name":"Active Luxe Cosmetics","article_modified_time":"2026-04-01T06:56:10+00:00","og_image":[{"width":1104,"height":1326,"url":"https:\/\/cdn.activeluxe-cosmetics.com\/sl\/wp-content\/uploads\/2026\/02\/16135937\/Shampoo_NormalTonicLashSerumGratis.jpg","type":"image\/jpeg"}],"twitter_card":"summary_large_image","twitter_misc":{"Est. reading time":"5 minut"},"schema":{"@context":"https:\/\/schema.org","@graph":[{"@type":"WebPage","@id":"https:\/\/activeluxe-cosmetics.com\/sl\/izdelek\/sampon-in-tonik-za-rast-las-gratis-serum-za-rast-trepalnic-40-dnevni-tretma\/","url":"https:\/\/activeluxe-cosmetics.com\/sl\/izdelek\/sampon-in-tonik-za-rast-las-gratis-serum-za-rast-trepalnic-40-dnevni-tretma\/","name":"\u0160ampon in tonik za rast las + GRATIS serum za rast trepalnic","isPartOf":{"@id":"https:\/\/activeluxe-cosmetics.com\/sl\/#website"},"primaryImageOfPage":{"@id":"https:\/\/activeluxe-cosmetics.com\/sl\/izdelek\/sampon-in-tonik-za-rast-las-gratis-serum-za-rast-trepalnic-40-dnevni-tretma\/#primaryimage"},"image":{"@id":"https:\/\/activeluxe-cosmetics.com\/sl\/izdelek\/sampon-in-tonik-za-rast-las-gratis-serum-za-rast-trepalnic-40-dnevni-tretma\/#primaryimage"},"thumbnailUrl":"https:\/\/cdn.activeluxe-cosmetics.com\/sl\/wp-content\/uploads\/2026\/02\/16135937\/Shampoo_NormalTonicLashSerumGratis.jpg","datePublished":"2026-02-16T12:18:08+00:00","dateModified":"2026-04-01T06:56:10+00:00","description":"Hair SOS rutina za lase in trepalnice: \u0161ampon + tonik proti izpadanju ter serum za rast trepalnic 1 ml GRATIS. Podpora lasi\u0161\u010du v obdobjih stresa.","breadcrumb":{"@id":"https:\/\/activeluxe-cosmetics.com\/sl\/izdelek\/sampon-in-tonik-za-rast-las-gratis-serum-za-rast-trepalnic-40-dnevni-tretma\/#breadcrumb"},"inLanguage":"sl-SI","potentialAction":[{"@type":"ReadAction","target":["https:\/\/activeluxe-cosmetics.com\/sl\/izdelek\/sampon-in-tonik-za-rast-las-gratis-serum-za-rast-trepalnic-40-dnevni-tretma\/"]}]},{"@type":"ImageObject","inLanguage":"sl-SI","@id":"https:\/\/activeluxe-cosmetics.com\/sl\/izdelek\/sampon-in-tonik-za-rast-las-gratis-serum-za-rast-trepalnic-40-dnevni-tretma\/#primaryimage","url":"https:\/\/cdn.activeluxe-cosmetics.com\/sl\/wp-content\/uploads\/2026\/02\/16135937\/Shampoo_NormalTonicLashSerumGratis.jpg","contentUrl":"https:\/\/cdn.activeluxe-cosmetics.com\/sl\/wp-content\/uploads\/2026\/02\/16135937\/Shampoo_NormalTonicLashSerumGratis.jpg","width":1104,"height":1326,"caption":"\u0160ampon, tonik in serum za rast trepalnic"},{"@type":"BreadcrumbList","@id":"https:\/\/activeluxe-cosmetics.com\/sl\/izdelek\/sampon-in-tonik-za-rast-las-gratis-serum-za-rast-trepalnic-40-dnevni-tretma\/#breadcrumb","itemListElement":[{"@type":"ListItem","position":1,"name":"Naslovnica","item":"https:\/\/activeluxe-cosmetics.com\/sl\/"},{"@type":"ListItem","position":2,"name":"Trgovina","item":"https:\/\/activeluxe-cosmetics.com\/sl\/trgovina\/"},{"@type":"ListItem","position":3,"name":"\u0160ampon in tonik za rast las + GRATIS serum za rast trepalnic, 40 dnevni tretma"}]},{"@type":"WebSite","@id":"https:\/\/activeluxe-cosmetics.com\/sl\/#website","url":"https:\/\/activeluxe-cosmetics.com\/sl\/","name":"Active Luxe Cosmetics","description":"","potentialAction":[{"@type":"SearchAction","target":{"@type":"EntryPoint","urlTemplate":"https:\/\/activeluxe-cosmetics.com\/sl\/?s={search_term_string}"},"query-input":{"@type":"PropertyValueSpecification","valueRequired":true,"valueName":"search_term_string"}}],"inLanguage":"sl-SI"}]}},"_links":{"self":[{"href":"https:\/\/activeluxe-cosmetics.com\/sl\/wp-json\/wp\/v2\/product\/110595","targetHints":{"allow":["GET"]}}],"collection":[{"href":"https:\/\/activeluxe-cosmetics.com\/sl\/wp-json\/wp\/v2\/product"}],"about":[{"href":"https:\/\/activeluxe-cosmetics.com\/sl\/wp-json\/wp\/v2\/types\/product"}],"replies":[{"embeddable":true,"href":"https:\/\/activeluxe-cosmetics.com\/sl\/wp-json\/wp\/v2\/comments?post=110595"}],"wp:featuredmedia":[{"embeddable":true,"href":"https:\/\/activeluxe-cosmetics.com\/sl\/wp-json\/wp\/v2\/media\/110599"}],"wp:attachment":[{"href":"https:\/\/activeluxe-cosmetics.com\/sl\/wp-json\/wp\/v2\/media?parent=110595"}],"wp:term":[{"taxonomy":"product_brand","embeddable":true,"href":"https:\/\/activeluxe-cosmetics.com\/sl\/wp-json\/wp\/v2\/product_brand?post=110595"},{"taxonomy":"product_cat","embeddable":true,"href":"https:\/\/activeluxe-cosmetics.com\/sl\/wp-json\/wp\/v2\/product_cat?post=110595"},{"taxonomy":"product_tag","embeddable":true,"href":"https:\/\/activeluxe-cosmetics.com\/sl\/wp-json\/wp\/v2\/product_tag?post=110595"}],"curies":[{"name":"wp","href":"https:\/\/api.w.org\/{rel}","templated":true}]}}