{"id":110183,"date":"2026-02-02T11:09:56","date_gmt":"2026-02-02T10:09:56","guid":{"rendered":"https:\/\/activeluxe-cosmetics.com\/sl\/?post_type=product&#038;p=110183"},"modified":"2026-04-30T11:39:19","modified_gmt":"2026-04-30T09:39:19","slug":"hair-sos-routine","status":"publish","type":"product","link":"https:\/\/activeluxe-cosmetics.com\/sl\/izdelek\/hair-sos-routine\/","title":{"rendered":"HAIR SOS ROUTINE: tonik in \u0161ampon za rast las"},"content":{"rendered":"<h2><strong><img loading=\"lazy\" decoding=\"async\" class=\" wp-image-100837 alignright\" src=\"https:\/\/cdn.activeluxe-cosmetics.com\/sl\/wp-content\/uploads\/2024\/10\/18141055\/sampon_in_tonik_za_rast_las_active_luxe-460x553.jpg\" alt=\"\u0160ampon in tonik za rast las Active Luxe\" width=\"320\" height=\"385\" srcset=\"https:\/\/cdn.activeluxe-cosmetics.com\/sl\/wp-content\/uploads\/2024\/10\/18141055\/sampon_in_tonik_za_rast_las_active_luxe-460x553.jpg 460w, https:\/\/cdn.activeluxe-cosmetics.com\/sl\/wp-content\/uploads\/2024\/10\/18141055\/sampon_in_tonik_za_rast_las_active_luxe-853x1024.jpg 853w, https:\/\/cdn.activeluxe-cosmetics.com\/sl\/wp-content\/uploads\/2024\/10\/18141055\/sampon_in_tonik_za_rast_las_active_luxe-768x922.jpg 768w, https:\/\/cdn.activeluxe-cosmetics.com\/sl\/wp-content\/uploads\/2024\/10\/18141055\/sampon_in_tonik_za_rast_las_active_luxe-600x721.jpg 600w, https:\/\/cdn.activeluxe-cosmetics.com\/sl\/wp-content\/uploads\/2024\/10\/18141055\/sampon_in_tonik_za_rast_las_active_luxe.jpg 1104w\" sizes=\"auto, (max-width: 320px) 100vw, 320px\" \/>Preverjena podpora<\/strong>, ki ji lahko zaupa\u0161<\/h2>\n<p><b>Hair SOS rutina<\/b><span style=\"font-weight: 400;\"> zdru\u017euje <strong>dve klini\u010dno testirani formuli<\/strong>, ki skupaj delujeta tam, kjer se te\u017eave z lasmi za\u010dnejo \u2013 na lasi\u0161\u010du. <\/span><\/p>\n<p><span style=\"font-weight: 400;\">Hair SOS rutina je zasnovana za podporo lasem v obdobjih <strong>pove\u010danega stresa<\/strong>, <strong>sezonskega izpadanja<\/strong>, <strong>hormonskih sprememb<\/strong> ter <strong>mehanskih po\u0161kodb<\/strong> (tesni \u010dopi, pogosto spenjanje).<\/span><\/p>\n<ul>\n<li><span style=\"font-weight: 400;\">Z redno uporabo pomaga ustvariti pogoje za <\/span><b>mo\u010dnej\u0161e, gostej\u0161e in bolj zdrave lase<\/b><span style=\"font-weight: 400;\">.<\/span><\/li>\n<li><span style=\"font-weight: 400;\">Primerna za \u017eenske in mo\u0161ke, ki \u017eelijo <strong>podpreti lasi\u0161\u010de<\/strong> in <strong>zdrav videz las<\/strong> v obdobjih pove\u010danega stresa.<\/span><\/li>\n<\/ul>\n<h3><\/h3>\n<h2><\/h2>\n<p>&nbsp;<\/p>\n<p>&nbsp;<\/p>\n<h2><img loading=\"lazy\" decoding=\"async\" class=\" wp-image-100833 alignleft\" src=\"https:\/\/cdn.activeluxe-cosmetics.com\/sl\/wp-content\/uploads\/2024\/10\/18140917\/sampon_za_rast_las_alc-460x575.png\" alt=\"\u0160ampon za rast las Active Luxe\" width=\"350\" height=\"438\" srcset=\"https:\/\/cdn.activeluxe-cosmetics.com\/sl\/wp-content\/uploads\/2024\/10\/18140917\/sampon_za_rast_las_alc-460x575.png 460w, https:\/\/cdn.activeluxe-cosmetics.com\/sl\/wp-content\/uploads\/2024\/10\/18140917\/sampon_za_rast_las_alc-819x1024.png 819w, https:\/\/cdn.activeluxe-cosmetics.com\/sl\/wp-content\/uploads\/2024\/10\/18140917\/sampon_za_rast_las_alc-768x960.png 768w, https:\/\/cdn.activeluxe-cosmetics.com\/sl\/wp-content\/uploads\/2024\/10\/18140917\/sampon_za_rast_las_alc-600x750.png 600w, https:\/\/cdn.activeluxe-cosmetics.com\/sl\/wp-content\/uploads\/2024\/10\/18140917\/sampon_za_rast_las_alc.png 1080w\" sizes=\"auto, (max-width: 350px) 100vw, 350px\" \/><\/h2>\n<h2><strong>Klini\u010dno podprti<\/strong> rezultati<\/h2>\n<p><em><b>Dokazani u\u010dinki Active Luxe \u0161ampona za aktivno rast in proti izpadanju las:<\/b><\/em><\/p>\n<ul>\n<li><span style=\"font-weight: 400;\">pomaga zmanj\u0161ati izpadanje las<\/span><\/li>\n<li><span style=\"font-weight: 400;\">krepi lasne me\u0161i\u010dke in lasno strukturo<\/span><\/li>\n<li><span style=\"font-weight: 400;\">spodbuja prekrvavitev lasi\u0161\u010da in dovod hranil do korenin<\/span><\/li>\n<li><span style=\"font-weight: 400;\">pomaga upo\u010dasniti oslabitev in staranje lasnih me\u0161i\u010dkov<\/span><\/li>\n<\/ul>\n<p><span style=\"font-weight: 400;\">Ob redni uporabi (2\u20133\u00d7 tedensko) lasje postanejo <\/span><b>mo\u010dnej\u0161i, bolj odporni in vidno bolj polni<\/b><span style=\"font-weight: 400;\">.<\/span><span style=\"font-weight: 400;\"><br \/>\n<\/span><b><\/b><\/p>\n<p><b>Opazno zmanj\u0161anje izpadanja las je lahko vidno \u017ee po 6 tednih uporabe.<\/b><\/p>\n<p>&nbsp;<\/p>\n<h3><\/h3>\n<p>&nbsp;<\/p>\n<p>&nbsp;<\/p>\n<p><em><b><img loading=\"lazy\" decoding=\"async\" class=\" wp-image-110204 alignright\" src=\"https:\/\/cdn.activeluxe-cosmetics.com\/sl\/wp-content\/uploads\/2026\/02\/02203740\/tabela_slo-460x575.jpg\" alt=\"\" width=\"352\" height=\"440\" srcset=\"https:\/\/cdn.activeluxe-cosmetics.com\/sl\/wp-content\/uploads\/2026\/02\/02203740\/tabela_slo-460x575.jpg 460w, https:\/\/cdn.activeluxe-cosmetics.com\/sl\/wp-content\/uploads\/2026\/02\/02203740\/tabela_slo-819x1024.jpg 819w, https:\/\/cdn.activeluxe-cosmetics.com\/sl\/wp-content\/uploads\/2026\/02\/02203740\/tabela_slo-768x960.jpg 768w, https:\/\/cdn.activeluxe-cosmetics.com\/sl\/wp-content\/uploads\/2026\/02\/02203740\/tabela_slo-600x750.jpg 600w, https:\/\/cdn.activeluxe-cosmetics.com\/sl\/wp-content\/uploads\/2026\/02\/02203740\/tabela_slo.jpg 1080w\" sizes=\"auto, (max-width: 352px) 100vw, 352px\" \/><\/b><\/em><\/p>\n<h2><strong>Trojna mo\u010d<\/strong> za vidno manj izpadanja in gostej\u0161e lase<\/h2>\n<p><em><b>Active Luxe tonik za aktivno rast las in proti izpadanju las s trojnim delovanjem<\/b><\/em><\/p>\n<p><span style=\"font-weight: 400;\">Tonik se nana\u0161a neposredno na lasi\u0161\u010de in omogo\u010da ciljno delovanje aktivnih sestavin.<\/span><\/p>\n<p><b>Klini\u010dno potrjeni rezultati aktivnih sestavin:<\/b><\/p>\n<ul>\n<li><b>do 46 % manj izpadanja las<\/b><\/li>\n<li><b>do 121 % ve\u010dja gostota las<\/b><\/li>\n<\/ul>\n<p><span style=\"font-weight: 400;\">Trojno delovanje tonika:<\/span><\/p>\n<ol>\n<li><span style=\"font-weight: 400;\">podpira naravni cikel rasti las<\/span><\/li>\n<li><span style=\"font-weight: 400;\">krepi lase pri korenu in zmanj\u0161uje lomljenje<\/span><\/li>\n<li><span style=\"font-weight: 400;\">izbolj\u0161uje stanje lasi\u0161\u010da ter ustvarja optimalne pogoje za rast<\/span><\/li>\n<\/ol>\n<p><span style=\"font-weight: 400;\">Formula je lahka, nemastna in primerna za vsakodnevno uporabo.<\/span><\/p>\n<p>&nbsp;<\/p>\n<h4 style=\"text-align: center;\"><strong><i>Navedeni rezultati temeljijo na klini\u010dnih testih u\u010dinkovin, uporabljenih v izdelkih, ter ob redni in dosledni uporabi \u0161ampona in tonika.<\/i><\/strong><\/h4>\n<p>&nbsp;<\/p>\n<h2><strong><img loading=\"lazy\" decoding=\"async\" class=\" wp-image-110191 alignleft\" src=\"https:\/\/cdn.activeluxe-cosmetics.com\/sl\/wp-content\/uploads\/2026\/02\/02133157\/Shampoo-Tonic_Iva_Active-Luxe-460x575.png\" alt=\"\" width=\"350\" height=\"437\" srcset=\"https:\/\/cdn.activeluxe-cosmetics.com\/sl\/wp-content\/uploads\/2026\/02\/02133157\/Shampoo-Tonic_Iva_Active-Luxe-460x575.png 460w, https:\/\/cdn.activeluxe-cosmetics.com\/sl\/wp-content\/uploads\/2026\/02\/02133157\/Shampoo-Tonic_Iva_Active-Luxe-819x1024.png 819w, https:\/\/cdn.activeluxe-cosmetics.com\/sl\/wp-content\/uploads\/2026\/02\/02133157\/Shampoo-Tonic_Iva_Active-Luxe-768x960.png 768w, https:\/\/cdn.activeluxe-cosmetics.com\/sl\/wp-content\/uploads\/2026\/02\/02133157\/Shampoo-Tonic_Iva_Active-Luxe-600x750.png 600w, https:\/\/cdn.activeluxe-cosmetics.com\/sl\/wp-content\/uploads\/2026\/02\/02133157\/Shampoo-Tonic_Iva_Active-Luxe.png 1080w\" sizes=\"auto, (max-width: 350px) 100vw, 350px\" \/>Resni\u010dna podpora<\/strong> za resni\u010dne te\u017eave z lasmi<\/h2>\n<p>Hair SOS rutina ni hitra re\u0161itev \u2013 je<strong> ciljna podpora v obdobjih, ko so lasje najbolj obremenjeni<\/strong>:<\/p>\n<ul>\n<li>po zimi in v \u010dasu sezonskega izpadanja<\/li>\n<li>ob stresu in hormonskih spremembah<\/li>\n<li>pri lomljenju las zaradi tesnih pri\u010desk<\/li>\n<li>pri \u0161ibkih, po\u010dasi rasto\u010dih laseh<\/li>\n<\/ul>\n<p><span style=\"font-weight: 400;\">To ni obljuba \u010dude\u017eev, temve\u010d <\/span><b>strokovno zasnovana rutina<\/b><span style=\"font-weight: 400;\">, ki z dosledno uporabo prina\u0161a vidne rezultate.<\/span><\/p>\n<h2><\/h2>\n<h2><\/h2>\n<h2><\/h2>\n<p>&nbsp;<\/p>\n<p style=\"text-align: center;\" data-pm-slice=\"1 1 [&quot;blockquote&quot;,{}]\"><em><strong>I\u0161\u010de\u0161 najve\u010djo vrednost?<\/strong> Na voljo je tudi omejena izdaja z <strong>gratis serumom za trepalnice<\/strong>! Preveri <a href=\"https:\/\/activeluxe-cosmetics.com\/sl\/izdelek\/sampon-in-tonik-za-rast-las-gratis-serum-za-rast-trepalnic-40-dnevni-tretma\/\"><strong>TUKAJ<\/strong><\/a>!<\/em><\/p>\n","protected":false},"excerpt":{"rendered":"<p>Set \u0161ampona in tonika za manj izpadanja in gostej\u0161e lase \u2013 podpora lasi\u0161\u010du pri stresu, sezonskem in hormonskem izpadanju.<\/p>\n","protected":false},"featured_media":110187,"comment_status":"open","ping_status":"closed","template":"","meta":[],"product_brand":[],"product_cat":[53,42,56],"product_tag":[],"class_list":{"0":"post-110183","1":"product","2":"type-product","3":"status-publish","4":"has-post-thumbnail","6":"product_cat-izdelki-za-nego-las","7":"product_cat-nega-za-moske","8":"product_cat-posebna-ponudba","10":"first","11":"instock","12":"sale","13":"taxable","14":"shipping-taxable","15":"purchasable","16":"product-type-variable"},"bundled_by":[],"bundle_stock_status":"instock","bundle_stock_quantity":null,"bundle_virtual":false,"bundle_layout":"","bundle_add_to_cart_form_location":"","bundle_editable_in_cart":false,"bundle_sold_individually_context":"","bundle_item_grouping":"","bundle_min_size":"","bundle_max_size":"","bundle_price":[],"bundled_items":[],"bundle_sell_ids":[],"acf":[],"yoast_head":"<!-- This site is optimized with the Yoast SEO plugin v26.6 - https:\/\/yoast.com\/wordpress\/plugins\/seo\/ -->\n<title>Hair SOS Routine - Active Luxe Cosmetics<\/title>\n<meta name=\"description\" content=\"Hair SOS rutina za manj izpadanja in gostej\u0161e lase. Klini\u010dno podprt \u0161ampon in tonik za podporo lasi\u0161\u010du v obdobjih stresa in sezonskega izpadanja.\" \/>\n<meta name=\"robots\" content=\"index, follow, max-snippet:-1, max-image-preview:large, max-video-preview:-1\" \/>\n<link rel=\"canonical\" href=\"https:\/\/activeluxe-cosmetics.com\/sl\/izdelek\/hair-sos-routine\/\" \/>\n<meta property=\"og:locale\" content=\"sl_SI\" \/>\n<meta property=\"og:type\" content=\"article\" \/>\n<meta property=\"og:title\" content=\"Hair SOS Routine - Active Luxe Cosmetics\" \/>\n<meta property=\"og:description\" content=\"Hair SOS rutina za manj izpadanja in gostej\u0161e lase. Klini\u010dno podprt \u0161ampon in tonik za podporo lasi\u0161\u010du v obdobjih stresa in sezonskega izpadanja.\" \/>\n<meta property=\"og:url\" content=\"https:\/\/activeluxe-cosmetics.com\/sl\/izdelek\/hair-sos-routine\/\" \/>\n<meta property=\"og:site_name\" content=\"Active Luxe Cosmetics\" \/>\n<meta property=\"article:modified_time\" content=\"2026-04-30T09:39:19+00:00\" \/>\n<meta property=\"og:image\" content=\"https:\/\/cdn.activeluxe-cosmetics.com\/sl\/wp-content\/uploads\/2026\/02\/02124746\/Tonik-sampon_Active-Luxe.jpg\" \/>\n\t<meta property=\"og:image:width\" content=\"1104\" \/>\n\t<meta property=\"og:image:height\" content=\"1326\" \/>\n\t<meta property=\"og:image:type\" content=\"image\/jpeg\" \/>\n<meta name=\"twitter:card\" content=\"summary_large_image\" \/>\n<meta name=\"twitter:label1\" content=\"Est. reading time\" \/>\n\t<meta name=\"twitter:data1\" content=\"3 minute\" \/>\n<script type=\"application\/ld+json\" class=\"yoast-schema-graph\">{\"@context\":\"https:\/\/schema.org\",\"@graph\":[{\"@type\":\"WebPage\",\"@id\":\"https:\/\/activeluxe-cosmetics.com\/sl\/izdelek\/hair-sos-routine\/\",\"url\":\"https:\/\/activeluxe-cosmetics.com\/sl\/izdelek\/hair-sos-routine\/\",\"name\":\"Hair SOS Routine - Active Luxe Cosmetics\",\"isPartOf\":{\"@id\":\"https:\/\/activeluxe-cosmetics.com\/sl\/#website\"},\"primaryImageOfPage\":{\"@id\":\"https:\/\/activeluxe-cosmetics.com\/sl\/izdelek\/hair-sos-routine\/#primaryimage\"},\"image\":{\"@id\":\"https:\/\/activeluxe-cosmetics.com\/sl\/izdelek\/hair-sos-routine\/#primaryimage\"},\"thumbnailUrl\":\"https:\/\/cdn.activeluxe-cosmetics.com\/sl\/wp-content\/uploads\/2026\/02\/02124746\/Tonik-sampon_Active-Luxe.jpg\",\"datePublished\":\"2026-02-02T10:09:56+00:00\",\"dateModified\":\"2026-04-30T09:39:19+00:00\",\"description\":\"Hair SOS rutina za manj izpadanja in gostej\u0161e lase. Klini\u010dno podprt \u0161ampon in tonik za podporo lasi\u0161\u010du v obdobjih stresa in sezonskega izpadanja.\",\"breadcrumb\":{\"@id\":\"https:\/\/activeluxe-cosmetics.com\/sl\/izdelek\/hair-sos-routine\/#breadcrumb\"},\"inLanguage\":\"sl-SI\",\"potentialAction\":[{\"@type\":\"ReadAction\",\"target\":[\"https:\/\/activeluxe-cosmetics.com\/sl\/izdelek\/hair-sos-routine\/\"]}]},{\"@type\":\"ImageObject\",\"inLanguage\":\"sl-SI\",\"@id\":\"https:\/\/activeluxe-cosmetics.com\/sl\/izdelek\/hair-sos-routine\/#primaryimage\",\"url\":\"https:\/\/cdn.activeluxe-cosmetics.com\/sl\/wp-content\/uploads\/2026\/02\/02124746\/Tonik-sampon_Active-Luxe.jpg\",\"contentUrl\":\"https:\/\/cdn.activeluxe-cosmetics.com\/sl\/wp-content\/uploads\/2026\/02\/02124746\/Tonik-sampon_Active-Luxe.jpg\",\"width\":1104,\"height\":1326,\"caption\":\"\u0160ampon in tonik za rast las\"},{\"@type\":\"BreadcrumbList\",\"@id\":\"https:\/\/activeluxe-cosmetics.com\/sl\/izdelek\/hair-sos-routine\/#breadcrumb\",\"itemListElement\":[{\"@type\":\"ListItem\",\"position\":1,\"name\":\"Naslovnica\",\"item\":\"https:\/\/activeluxe-cosmetics.com\/sl\/\"},{\"@type\":\"ListItem\",\"position\":2,\"name\":\"Trgovina\",\"item\":\"https:\/\/activeluxe-cosmetics.com\/sl\/trgovina\/\"},{\"@type\":\"ListItem\",\"position\":3,\"name\":\"HAIR SOS ROUTINE: tonik in \u0161ampon za rast las\"}]},{\"@type\":\"WebSite\",\"@id\":\"https:\/\/activeluxe-cosmetics.com\/sl\/#website\",\"url\":\"https:\/\/activeluxe-cosmetics.com\/sl\/\",\"name\":\"Active Luxe Cosmetics\",\"description\":\"\",\"potentialAction\":[{\"@type\":\"SearchAction\",\"target\":{\"@type\":\"EntryPoint\",\"urlTemplate\":\"https:\/\/activeluxe-cosmetics.com\/sl\/?s={search_term_string}\"},\"query-input\":{\"@type\":\"PropertyValueSpecification\",\"valueRequired\":true,\"valueName\":\"search_term_string\"}}],\"inLanguage\":\"sl-SI\"}]}<\/script>\n<!-- \/ Yoast SEO plugin. -->","yoast_head_json":{"title":"Hair SOS Routine - Active Luxe Cosmetics","description":"Hair SOS rutina za manj izpadanja in gostej\u0161e lase. Klini\u010dno podprt \u0161ampon in tonik za podporo lasi\u0161\u010du v obdobjih stresa in sezonskega izpadanja.","robots":{"index":"index","follow":"follow","max-snippet":"max-snippet:-1","max-image-preview":"max-image-preview:large","max-video-preview":"max-video-preview:-1"},"canonical":"https:\/\/activeluxe-cosmetics.com\/sl\/izdelek\/hair-sos-routine\/","og_locale":"sl_SI","og_type":"article","og_title":"Hair SOS Routine - Active Luxe Cosmetics","og_description":"Hair SOS rutina za manj izpadanja in gostej\u0161e lase. Klini\u010dno podprt \u0161ampon in tonik za podporo lasi\u0161\u010du v obdobjih stresa in sezonskega izpadanja.","og_url":"https:\/\/activeluxe-cosmetics.com\/sl\/izdelek\/hair-sos-routine\/","og_site_name":"Active Luxe Cosmetics","article_modified_time":"2026-04-30T09:39:19+00:00","og_image":[{"width":1104,"height":1326,"url":"https:\/\/cdn.activeluxe-cosmetics.com\/sl\/wp-content\/uploads\/2026\/02\/02124746\/Tonik-sampon_Active-Luxe.jpg","type":"image\/jpeg"}],"twitter_card":"summary_large_image","twitter_misc":{"Est. reading time":"3 minute"},"schema":{"@context":"https:\/\/schema.org","@graph":[{"@type":"WebPage","@id":"https:\/\/activeluxe-cosmetics.com\/sl\/izdelek\/hair-sos-routine\/","url":"https:\/\/activeluxe-cosmetics.com\/sl\/izdelek\/hair-sos-routine\/","name":"Hair SOS Routine - Active Luxe Cosmetics","isPartOf":{"@id":"https:\/\/activeluxe-cosmetics.com\/sl\/#website"},"primaryImageOfPage":{"@id":"https:\/\/activeluxe-cosmetics.com\/sl\/izdelek\/hair-sos-routine\/#primaryimage"},"image":{"@id":"https:\/\/activeluxe-cosmetics.com\/sl\/izdelek\/hair-sos-routine\/#primaryimage"},"thumbnailUrl":"https:\/\/cdn.activeluxe-cosmetics.com\/sl\/wp-content\/uploads\/2026\/02\/02124746\/Tonik-sampon_Active-Luxe.jpg","datePublished":"2026-02-02T10:09:56+00:00","dateModified":"2026-04-30T09:39:19+00:00","description":"Hair SOS rutina za manj izpadanja in gostej\u0161e lase. Klini\u010dno podprt \u0161ampon in tonik za podporo lasi\u0161\u010du v obdobjih stresa in sezonskega izpadanja.","breadcrumb":{"@id":"https:\/\/activeluxe-cosmetics.com\/sl\/izdelek\/hair-sos-routine\/#breadcrumb"},"inLanguage":"sl-SI","potentialAction":[{"@type":"ReadAction","target":["https:\/\/activeluxe-cosmetics.com\/sl\/izdelek\/hair-sos-routine\/"]}]},{"@type":"ImageObject","inLanguage":"sl-SI","@id":"https:\/\/activeluxe-cosmetics.com\/sl\/izdelek\/hair-sos-routine\/#primaryimage","url":"https:\/\/cdn.activeluxe-cosmetics.com\/sl\/wp-content\/uploads\/2026\/02\/02124746\/Tonik-sampon_Active-Luxe.jpg","contentUrl":"https:\/\/cdn.activeluxe-cosmetics.com\/sl\/wp-content\/uploads\/2026\/02\/02124746\/Tonik-sampon_Active-Luxe.jpg","width":1104,"height":1326,"caption":"\u0160ampon in tonik za rast las"},{"@type":"BreadcrumbList","@id":"https:\/\/activeluxe-cosmetics.com\/sl\/izdelek\/hair-sos-routine\/#breadcrumb","itemListElement":[{"@type":"ListItem","position":1,"name":"Naslovnica","item":"https:\/\/activeluxe-cosmetics.com\/sl\/"},{"@type":"ListItem","position":2,"name":"Trgovina","item":"https:\/\/activeluxe-cosmetics.com\/sl\/trgovina\/"},{"@type":"ListItem","position":3,"name":"HAIR SOS ROUTINE: tonik in \u0161ampon za rast las"}]},{"@type":"WebSite","@id":"https:\/\/activeluxe-cosmetics.com\/sl\/#website","url":"https:\/\/activeluxe-cosmetics.com\/sl\/","name":"Active Luxe Cosmetics","description":"","potentialAction":[{"@type":"SearchAction","target":{"@type":"EntryPoint","urlTemplate":"https:\/\/activeluxe-cosmetics.com\/sl\/?s={search_term_string}"},"query-input":{"@type":"PropertyValueSpecification","valueRequired":true,"valueName":"search_term_string"}}],"inLanguage":"sl-SI"}]}},"_links":{"self":[{"href":"https:\/\/activeluxe-cosmetics.com\/sl\/wp-json\/wp\/v2\/product\/110183","targetHints":{"allow":["GET"]}}],"collection":[{"href":"https:\/\/activeluxe-cosmetics.com\/sl\/wp-json\/wp\/v2\/product"}],"about":[{"href":"https:\/\/activeluxe-cosmetics.com\/sl\/wp-json\/wp\/v2\/types\/product"}],"replies":[{"embeddable":true,"href":"https:\/\/activeluxe-cosmetics.com\/sl\/wp-json\/wp\/v2\/comments?post=110183"}],"wp:featuredmedia":[{"embeddable":true,"href":"https:\/\/activeluxe-cosmetics.com\/sl\/wp-json\/wp\/v2\/media\/110187"}],"wp:attachment":[{"href":"https:\/\/activeluxe-cosmetics.com\/sl\/wp-json\/wp\/v2\/media?parent=110183"}],"wp:term":[{"taxonomy":"product_brand","embeddable":true,"href":"https:\/\/activeluxe-cosmetics.com\/sl\/wp-json\/wp\/v2\/product_brand?post=110183"},{"taxonomy":"product_cat","embeddable":true,"href":"https:\/\/activeluxe-cosmetics.com\/sl\/wp-json\/wp\/v2\/product_cat?post=110183"},{"taxonomy":"product_tag","embeddable":true,"href":"https:\/\/activeluxe-cosmetics.com\/sl\/wp-json\/wp\/v2\/product_tag?post=110183"}],"curies":[{"name":"wp","href":"https:\/\/api.w.org\/{rel}","templated":true}]}}