{"id":110129,"date":"2026-02-01T14:01:42","date_gmt":"2026-02-01T13:01:42","guid":{"rendered":"https:\/\/activeluxe-cosmetics.com\/sl\/?post_type=product&#038;p=110129"},"modified":"2026-03-31T10:37:23","modified_gmt":"2026-03-31T08:37:23","slug":"led-light-spalna-vreca-za-regeneracijo-telesa","status":"publish","type":"product","link":"https:\/\/activeluxe-cosmetics.com\/sl\/izdelek\/led-light-spalna-vreca-za-regeneracijo-telesa\/","title":{"rendered":"LED Light spalna vre\u010da za regeneracijo telesa"},"content":{"rendered":"<h2><strong><img loading=\"lazy\" decoding=\"async\" class=\" wp-image-103461 alignright\" src=\"https:\/\/cdn.activeluxe-cosmetics.com\/sl\/wp-content\/uploads\/2025\/09\/18223554\/led_light_therapy_sleeping_bag_active_luxe-460x690.jpg\" alt=\"\" width=\"310\" height=\"466\" srcset=\"https:\/\/cdn.activeluxe-cosmetics.com\/sl\/wp-content\/uploads\/2025\/09\/18223554\/led_light_therapy_sleeping_bag_active_luxe-460x690.jpg 460w, https:\/\/cdn.activeluxe-cosmetics.com\/sl\/wp-content\/uploads\/2025\/09\/18223554\/led_light_therapy_sleeping_bag_active_luxe-683x1024.jpg 683w, https:\/\/cdn.activeluxe-cosmetics.com\/sl\/wp-content\/uploads\/2025\/09\/18223554\/led_light_therapy_sleeping_bag_active_luxe-768x1152.jpg 768w, https:\/\/cdn.activeluxe-cosmetics.com\/sl\/wp-content\/uploads\/2025\/09\/18223554\/led_light_therapy_sleeping_bag_active_luxe-600x900.jpg 600w, https:\/\/cdn.activeluxe-cosmetics.com\/sl\/wp-content\/uploads\/2025\/09\/18223554\/led_light_therapy_sleeping_bag_active_luxe.jpg 1024w\" sizes=\"auto, (max-width: 310px) 100vw, 310px\" \/>Celi\u010dna terapija z infrarde\u010do svetlobo:<\/strong> spalna vre\u010da za regeneracijo, zdravje in lepoto celega telesa<\/h2>\n<p>Pozabi na vsakodnevne bole\u010dine, utrujenost in znake staranja.<strong>\u00a0LED spalna vre\u010da<\/strong> je tvoja osebna re\u0161itev za <strong>celostno regeneracijo telesa<\/strong>.<\/p>\n<p>Zasnovana z najsodobnej\u0161o tehnologijo <strong>rde\u010de (660nm)<\/strong> in <strong>bli\u017enje infrarde\u010de svetlobe (850nm)<\/strong>, ti omogo\u010da, da u\u017eiva\u0161 vse koristi profesionalne svetlobne terapije v udobju svojega doma.<\/p>\n<p>Narejena je za tiste, ki od \u017eivljenja pri\u010dakujejo ve\u010d: <strong>ve\u010d zdravja<\/strong>, <strong>ve\u010d vitalnosti<\/strong>, <strong>ve\u010d svobode gibanja.<\/strong><\/p>\n<p><span style=\"font-weight: 400;\">S kar <\/span><b>3600 visoko zmogljivimi LED diodami<\/b><span style=\"font-weight: 400;\"> ti nudi terapevtsko svetlobo, ki <strong>prodira globoko v mi\u0161ice<\/strong>, <strong>sklepe<\/strong> in<strong> tkiva<\/strong>. <\/span><\/p>\n<p><span style=\"font-weight: 400;\">Klini\u010dno dokazana LED tehnologija <strong>aktivira naravne procese v telesu<\/strong>, <strong>pospe\u0161uje obnovo celic<\/strong>, <strong>zmanj\u0161uje vnetja<\/strong> in <strong>spro\u017ei val energije<\/strong>, ki ga \u010duti\u0161 \u0161e dolgo po uporabi.<\/span><\/p>\n<h2 style=\"clear: both;\"><img loading=\"lazy\" decoding=\"async\" class=\" wp-image-103457 alignleft\" src=\"https:\/\/cdn.activeluxe-cosmetics.com\/sl\/wp-content\/uploads\/2025\/09\/18220736\/led_light_therapy_sleeping_bag_activeluxe-460x690.jpg\" alt=\"\" width=\"335\" height=\"503\" srcset=\"https:\/\/cdn.activeluxe-cosmetics.com\/sl\/wp-content\/uploads\/2025\/09\/18220736\/led_light_therapy_sleeping_bag_activeluxe-460x690.jpg 460w, https:\/\/cdn.activeluxe-cosmetics.com\/sl\/wp-content\/uploads\/2025\/09\/18220736\/led_light_therapy_sleeping_bag_activeluxe-683x1024.jpg 683w, https:\/\/cdn.activeluxe-cosmetics.com\/sl\/wp-content\/uploads\/2025\/09\/18220736\/led_light_therapy_sleeping_bag_activeluxe-768x1152.jpg 768w, https:\/\/cdn.activeluxe-cosmetics.com\/sl\/wp-content\/uploads\/2025\/09\/18220736\/led_light_therapy_sleeping_bag_activeluxe-600x900.jpg 600w, https:\/\/cdn.activeluxe-cosmetics.com\/sl\/wp-content\/uploads\/2025\/09\/18220736\/led_light_therapy_sleeping_bag_activeluxe.jpg 1024w\" sizes=\"auto, (max-width: 335px) 100vw, 335px\" \/>Kako deluje <strong>rde\u010da in infrarde\u010da svetloba?<\/strong><\/h2>\n<p>Rde\u010da in infrarde\u010da svetloba imata edinstveno sposobnost, da <strong>prodreta globoko v ko\u017eo,<\/strong> <strong>mi\u0161ice<\/strong>, <strong>sklepe<\/strong> in <strong>celo celi\u010dne strukture<\/strong>, kjer spro\u017eita biolo\u0161ke procese, ki aktivirajo samozdravilne sposobnosti telesa.<\/p>\n<p><strong>Bli\u017enja infrarde\u010da svetloba (850nm) prodre globlje v tkiva kot katerakoli druga svetloba:<\/strong><\/p>\n<ul>\n<li><strong>spodbuja proizvodnjo ATP<\/strong> (adenozin trifosfat) \u2013 glavnega vira energije v telesnih celicah, pove\u010duje prekrvavitev in kisikovo oskrbo tkiv, kar pospe\u0161uje celjenje,<\/li>\n<li><strong>deluje protivnetno,<\/strong><\/li>\n<li>je izjemno <strong>u\u010dinkovita pri laj\u0161anju kroni\u010dnih bole\u010din<\/strong>.<\/li>\n<\/ul>\n<p><strong>Rde\u010da svetloba (660nm):<\/strong><\/p>\n<ul>\n<li><strong>ciljno deluje<\/strong> na ko\u017ene celice in spodbuja naravno proizvodnjo kolagena,<\/li>\n<li><span style=\"color: #555555;\"><strong>zmanj\u0161uje<\/strong> gube, <strong>gladi<\/strong> ko\u017eo in <strong>izbolj\u0161uje<\/strong> njen tonus,<\/span><\/li>\n<li><strong>pomaga<\/strong> pri te\u017eavah, kot so akne, rozacea in luskavica.<\/li>\n<\/ul>\n<h2 style=\"clear: both;\"><strong><img loading=\"lazy\" decoding=\"async\" class=\" wp-image-103462 alignright\" src=\"https:\/\/cdn.activeluxe-cosmetics.com\/sl\/wp-content\/uploads\/2025\/09\/18223607\/led_light_therapy_sleeping_bag-1-460x690.jpg\" alt=\"\" width=\"310\" height=\"465\" srcset=\"https:\/\/cdn.activeluxe-cosmetics.com\/sl\/wp-content\/uploads\/2025\/09\/18223607\/led_light_therapy_sleeping_bag-1-460x690.jpg 460w, https:\/\/cdn.activeluxe-cosmetics.com\/sl\/wp-content\/uploads\/2025\/09\/18223607\/led_light_therapy_sleeping_bag-1-683x1024.jpg 683w, https:\/\/cdn.activeluxe-cosmetics.com\/sl\/wp-content\/uploads\/2025\/09\/18223607\/led_light_therapy_sleeping_bag-1-768x1152.jpg 768w, https:\/\/cdn.activeluxe-cosmetics.com\/sl\/wp-content\/uploads\/2025\/09\/18223607\/led_light_therapy_sleeping_bag-1-600x900.jpg 600w, https:\/\/cdn.activeluxe-cosmetics.com\/sl\/wp-content\/uploads\/2025\/09\/18223607\/led_light_therapy_sleeping_bag-1.jpg 1024w\" sizes=\"auto, (max-width: 310px) 100vw, 310px\" \/>Klju\u010dne prednosti LED spalne vre\u010de, <\/strong>ki spreminjajo \u017eivljenje<\/h2>\n<ul>\n<li><strong>Celostna regeneracija telesa<\/strong>: 3600 LED diod enakomerno osvetli in ogreje tvoje telo. Svetloba prodira v globoka tkiva, kjer spodbuja obnovo celic, spro\u0161\u010da mi\u0161ice, spodbuja prekrvavitev in vra\u010da energijo.<\/li>\n<li><strong>Laj\u0161anje bole\u010din in vnetij<\/strong>: LED spalna vre\u010da je idealna za vse, ki trpijo za bole\u010dinami v hrbtu, kolenih, ramenih ali mi\u0161icah. Terapija zmanj\u0161uje vnetja v telesu in pomaga pri okrevanju po po\u0161kodbah ali operacijah.<\/li>\n<li><strong>Pomlajevanje ko\u017ee: <\/strong>Svetlobna terapija aktivira fibroblaste za tvorbo kolagena in elastina. Ko\u017ea postane bolj napeta, pro\u017ena in enakomerna \u2013 brez uporabe krem, injekcij ali laserjev. Prav tako izbolj\u0161uje tonus ko\u017ee in se u\u010dinkovito bori proti te\u017eavam, kot so akne, rozacea in luskavica.<\/li>\n<li><strong>Ve\u010d energije in bolj\u0161e razpolo\u017eenje<\/strong>: Z ve\u010d ATP v telesu ima\u0161 ve\u010d mo\u010di, manj utrujenosti in jasnej\u0161i fokus. Rde\u010da svetloba spodbuja tudi izlo\u010danje endorfinov, kar izbolj\u0161uje tvoje po\u010dutje.<\/li>\n<\/ul>\n<h2 style=\"clear: both;\"><img loading=\"lazy\" decoding=\"async\" class=\" wp-image-103458 alignleft\" src=\"https:\/\/cdn.activeluxe-cosmetics.com\/sl\/wp-content\/uploads\/2025\/09\/18220946\/led_light_therapy_sleeping_bag_alc-460x690.jpg\" alt=\"\" width=\"310\" height=\"465\" srcset=\"https:\/\/cdn.activeluxe-cosmetics.com\/sl\/wp-content\/uploads\/2025\/09\/18220946\/led_light_therapy_sleeping_bag_alc-460x690.jpg 460w, https:\/\/cdn.activeluxe-cosmetics.com\/sl\/wp-content\/uploads\/2025\/09\/18220946\/led_light_therapy_sleeping_bag_alc-683x1024.jpg 683w, https:\/\/cdn.activeluxe-cosmetics.com\/sl\/wp-content\/uploads\/2025\/09\/18220946\/led_light_therapy_sleeping_bag_alc-768x1152.jpg 768w, https:\/\/cdn.activeluxe-cosmetics.com\/sl\/wp-content\/uploads\/2025\/09\/18220946\/led_light_therapy_sleeping_bag_alc-600x900.jpg 600w, https:\/\/cdn.activeluxe-cosmetics.com\/sl\/wp-content\/uploads\/2025\/09\/18220946\/led_light_therapy_sleeping_bag_alc.jpg 1024w\" sizes=\"auto, (max-width: 310px) 100vw, 310px\" \/>Tehnologija, <strong>ki deluje na celi\u010dni ravni<\/strong><\/h2>\n<p>Led spalna vre\u010da je izdelana <strong>za<\/strong> <strong>vsakodnevno doma\u010do uporabo<\/strong>.<\/p>\n<p><strong>Zlo\u017eljiva zasnova<\/strong>, preprosto <strong>upravljanje z daljincem<\/strong> in <strong>popolna varnost<\/strong> (brez elektromagnetnega sevanja) omogo\u010dajo, da terapijo izvede\u0161 kadarkoli potrebuje\u0161 regeneracijo ali sprostitev.<\/p>\n<p><strong>Tehni\u010dne zna\u010dilnosti:<\/strong><\/p>\n<ul>\n<li><strong>3600 LED diod<\/strong> \u2013 visoka gostota svetlobe<\/li>\n<li>2 valovni dol\u017eini: <strong>660nm<\/strong> in <strong>850nm<\/strong><\/li>\n<li><strong>Popoln nadzor<\/strong> temperature in trajanja terapije<\/li>\n<li><strong>Hitra nastavitev<\/strong> ter <strong>enostavno \u010di\u0161\u010denje<\/strong> in shranjevanje<\/li>\n<li>Zasnovano <strong>brez elektromagnetnega sevanja<\/strong> (EMF free).<\/li>\n<\/ul>\n<p>&nbsp;<\/p>\n<p>&nbsp;<\/p>\n<p>&nbsp;<\/p>\n<p>&nbsp;<\/p>\n<h4><\/h4>\n<h4 style=\"text-align: center;\"><strong>\u201cKot dermatologinjo me LED tehnologija izjemno navdu\u0161uje, saj na neinvaziven na\u010din podpira procese v ko\u017ei, ki so bili dolgo \u010dasa povezani predvsem z invazivnimi posegi. Ta tehnologija z razli\u010dnimi valovnimi dol\u017einami svetlobe spodbuja naravne obnovitvene mehanizme ko\u017ee, kar se odra\u017ea v bolj \u010dvrstem, gladkem in enakomernej\u0161em videzu ter zmanj\u0161anju nepravilnosti. S sodobno LED masko lahko te u\u010dinke danes varno in u\u010dinkovito vklju\u010dimo v doma\u010do nego ko\u017ee, brez bole\u010din in brez okrevanja.\u201d <\/strong><\/h4>\n<p style=\"text-align: center;\">Suzana Hudej, dr. med. spec. dermatovenerolog<\/p>\n<p>&nbsp;<\/p>\n","protected":false},"excerpt":{"rendered":"<p>Inovativna spalna vre\u010da z 3600 LED diodami za celovito regeneracijo, laj\u0161anje bole\u010din in bolj\u0161i spanec.<\/p>\n","protected":false},"featured_media":103454,"comment_status":"open","ping_status":"closed","template":"","meta":[],"product_brand":[],"product_cat":[122],"product_tag":[],"class_list":{"0":"post-110129","1":"product","2":"type-product","3":"status-publish","4":"has-post-thumbnail","6":"product_cat-led-svetlobna-tehnologija","8":"first","9":"instock","10":"sale","11":"taxable","12":"shipping-taxable","13":"purchasable","14":"product-type-simple"},"bundled_by":[],"bundle_stock_status":"instock","bundle_stock_quantity":null,"bundle_virtual":false,"bundle_layout":"","bundle_add_to_cart_form_location":"","bundle_editable_in_cart":false,"bundle_sold_individually_context":"","bundle_item_grouping":"","bundle_min_size":"","bundle_max_size":"","bundle_price":[],"bundled_items":[],"bundle_sell_ids":[],"acf":[],"yoast_head":"<!-- This site is optimized with the Yoast SEO plugin v26.6 - https:\/\/yoast.com\/wordpress\/plugins\/seo\/ -->\n<title>Led Sleeping Bag - Active Luxe Cosmetics<\/title>\n<meta name=\"description\" content=\"LED spalna vre\u010da za doma\u010do rabo z 3600 LED diodami, rde\u010do in infrarde\u010do svetlobo. Pospe\u0161i regeneracijo, laj\u0161a bole\u010dine, zmanj\u0161uje vnetja in pomlajuje ko\u017eo.\" \/>\n<meta name=\"robots\" content=\"index, follow, max-snippet:-1, max-image-preview:large, max-video-preview:-1\" \/>\n<link rel=\"canonical\" href=\"https:\/\/activeluxe-cosmetics.com\/sl\/izdelek\/led-light-spalna-vreca-za-regeneracijo-telesa\/\" \/>\n<meta property=\"og:locale\" content=\"sl_SI\" \/>\n<meta property=\"og:type\" content=\"article\" \/>\n<meta property=\"og:title\" content=\"Led Sleeping Bag - Active Luxe Cosmetics\" \/>\n<meta property=\"og:description\" content=\"LED spalna vre\u010da za doma\u010do rabo z 3600 LED diodami, rde\u010do in infrarde\u010do svetlobo. Pospe\u0161i regeneracijo, laj\u0161a bole\u010dine, zmanj\u0161uje vnetja in pomlajuje ko\u017eo.\" \/>\n<meta property=\"og:url\" content=\"https:\/\/activeluxe-cosmetics.com\/sl\/izdelek\/led-light-spalna-vreca-za-regeneracijo-telesa\/\" \/>\n<meta property=\"og:site_name\" content=\"Active Luxe Cosmetics\" \/>\n<meta property=\"article:modified_time\" content=\"2026-03-31T08:37:23+00:00\" \/>\n<meta property=\"og:image\" content=\"https:\/\/cdn.activeluxe-cosmetics.com\/sl\/wp-content\/uploads\/2025\/09\/18220123\/Led_Light_Therapy_Sleeping_Bag.jpg\" \/>\n\t<meta property=\"og:image:width\" content=\"1104\" \/>\n\t<meta property=\"og:image:height\" content=\"1326\" \/>\n\t<meta property=\"og:image:type\" content=\"image\/jpeg\" \/>\n<meta name=\"twitter:card\" content=\"summary_large_image\" \/>\n<meta name=\"twitter:label1\" content=\"Est. reading time\" \/>\n\t<meta name=\"twitter:data1\" content=\"4 minute\" \/>\n<script type=\"application\/ld+json\" class=\"yoast-schema-graph\">{\"@context\":\"https:\/\/schema.org\",\"@graph\":[{\"@type\":\"WebPage\",\"@id\":\"https:\/\/activeluxe-cosmetics.com\/sl\/izdelek\/led-light-spalna-vreca-za-regeneracijo-telesa\/\",\"url\":\"https:\/\/activeluxe-cosmetics.com\/sl\/izdelek\/led-light-spalna-vreca-za-regeneracijo-telesa\/\",\"name\":\"Led Sleeping Bag - Active Luxe Cosmetics\",\"isPartOf\":{\"@id\":\"https:\/\/activeluxe-cosmetics.com\/sl\/#website\"},\"primaryImageOfPage\":{\"@id\":\"https:\/\/activeluxe-cosmetics.com\/sl\/izdelek\/led-light-spalna-vreca-za-regeneracijo-telesa\/#primaryimage\"},\"image\":{\"@id\":\"https:\/\/activeluxe-cosmetics.com\/sl\/izdelek\/led-light-spalna-vreca-za-regeneracijo-telesa\/#primaryimage\"},\"thumbnailUrl\":\"https:\/\/cdn.activeluxe-cosmetics.com\/sl\/wp-content\/uploads\/2025\/09\/18220123\/Led_Light_Therapy_Sleeping_Bag.jpg\",\"datePublished\":\"2026-02-01T13:01:42+00:00\",\"dateModified\":\"2026-03-31T08:37:23+00:00\",\"description\":\"LED spalna vre\u010da za doma\u010do rabo z 3600 LED diodami, rde\u010do in infrarde\u010do svetlobo. Pospe\u0161i regeneracijo, laj\u0161a bole\u010dine, zmanj\u0161uje vnetja in pomlajuje ko\u017eo.\",\"breadcrumb\":{\"@id\":\"https:\/\/activeluxe-cosmetics.com\/sl\/izdelek\/led-light-spalna-vreca-za-regeneracijo-telesa\/#breadcrumb\"},\"inLanguage\":\"sl-SI\",\"potentialAction\":[{\"@type\":\"ReadAction\",\"target\":[\"https:\/\/activeluxe-cosmetics.com\/sl\/izdelek\/led-light-spalna-vreca-za-regeneracijo-telesa\/\"]}]},{\"@type\":\"ImageObject\",\"inLanguage\":\"sl-SI\",\"@id\":\"https:\/\/activeluxe-cosmetics.com\/sl\/izdelek\/led-light-spalna-vreca-za-regeneracijo-telesa\/#primaryimage\",\"url\":\"https:\/\/cdn.activeluxe-cosmetics.com\/sl\/wp-content\/uploads\/2025\/09\/18220123\/Led_Light_Therapy_Sleeping_Bag.jpg\",\"contentUrl\":\"https:\/\/cdn.activeluxe-cosmetics.com\/sl\/wp-content\/uploads\/2025\/09\/18220123\/Led_Light_Therapy_Sleeping_Bag.jpg\",\"width\":1104,\"height\":1326,\"caption\":\"Active Luxe Led spalna vre\u010da\"},{\"@type\":\"BreadcrumbList\",\"@id\":\"https:\/\/activeluxe-cosmetics.com\/sl\/izdelek\/led-light-spalna-vreca-za-regeneracijo-telesa\/#breadcrumb\",\"itemListElement\":[{\"@type\":\"ListItem\",\"position\":1,\"name\":\"Naslovnica\",\"item\":\"https:\/\/activeluxe-cosmetics.com\/sl\/\"},{\"@type\":\"ListItem\",\"position\":2,\"name\":\"Trgovina\",\"item\":\"https:\/\/activeluxe-cosmetics.com\/sl\/trgovina\/\"},{\"@type\":\"ListItem\",\"position\":3,\"name\":\"LED Light spalna vre\u010da za regeneracijo telesa\"}]},{\"@type\":\"WebSite\",\"@id\":\"https:\/\/activeluxe-cosmetics.com\/sl\/#website\",\"url\":\"https:\/\/activeluxe-cosmetics.com\/sl\/\",\"name\":\"Active Luxe Cosmetics\",\"description\":\"\",\"potentialAction\":[{\"@type\":\"SearchAction\",\"target\":{\"@type\":\"EntryPoint\",\"urlTemplate\":\"https:\/\/activeluxe-cosmetics.com\/sl\/?s={search_term_string}\"},\"query-input\":{\"@type\":\"PropertyValueSpecification\",\"valueRequired\":true,\"valueName\":\"search_term_string\"}}],\"inLanguage\":\"sl-SI\"}]}<\/script>\n<!-- \/ Yoast SEO plugin. -->","yoast_head_json":{"title":"Led Sleeping Bag - Active Luxe Cosmetics","description":"LED spalna vre\u010da za doma\u010do rabo z 3600 LED diodami, rde\u010do in infrarde\u010do svetlobo. Pospe\u0161i regeneracijo, laj\u0161a bole\u010dine, zmanj\u0161uje vnetja in pomlajuje ko\u017eo.","robots":{"index":"index","follow":"follow","max-snippet":"max-snippet:-1","max-image-preview":"max-image-preview:large","max-video-preview":"max-video-preview:-1"},"canonical":"https:\/\/activeluxe-cosmetics.com\/sl\/izdelek\/led-light-spalna-vreca-za-regeneracijo-telesa\/","og_locale":"sl_SI","og_type":"article","og_title":"Led Sleeping Bag - Active Luxe Cosmetics","og_description":"LED spalna vre\u010da za doma\u010do rabo z 3600 LED diodami, rde\u010do in infrarde\u010do svetlobo. Pospe\u0161i regeneracijo, laj\u0161a bole\u010dine, zmanj\u0161uje vnetja in pomlajuje ko\u017eo.","og_url":"https:\/\/activeluxe-cosmetics.com\/sl\/izdelek\/led-light-spalna-vreca-za-regeneracijo-telesa\/","og_site_name":"Active Luxe Cosmetics","article_modified_time":"2026-03-31T08:37:23+00:00","og_image":[{"width":1104,"height":1326,"url":"https:\/\/cdn.activeluxe-cosmetics.com\/sl\/wp-content\/uploads\/2025\/09\/18220123\/Led_Light_Therapy_Sleeping_Bag.jpg","type":"image\/jpeg"}],"twitter_card":"summary_large_image","twitter_misc":{"Est. reading time":"4 minute"},"schema":{"@context":"https:\/\/schema.org","@graph":[{"@type":"WebPage","@id":"https:\/\/activeluxe-cosmetics.com\/sl\/izdelek\/led-light-spalna-vreca-za-regeneracijo-telesa\/","url":"https:\/\/activeluxe-cosmetics.com\/sl\/izdelek\/led-light-spalna-vreca-za-regeneracijo-telesa\/","name":"Led Sleeping Bag - Active Luxe Cosmetics","isPartOf":{"@id":"https:\/\/activeluxe-cosmetics.com\/sl\/#website"},"primaryImageOfPage":{"@id":"https:\/\/activeluxe-cosmetics.com\/sl\/izdelek\/led-light-spalna-vreca-za-regeneracijo-telesa\/#primaryimage"},"image":{"@id":"https:\/\/activeluxe-cosmetics.com\/sl\/izdelek\/led-light-spalna-vreca-za-regeneracijo-telesa\/#primaryimage"},"thumbnailUrl":"https:\/\/cdn.activeluxe-cosmetics.com\/sl\/wp-content\/uploads\/2025\/09\/18220123\/Led_Light_Therapy_Sleeping_Bag.jpg","datePublished":"2026-02-01T13:01:42+00:00","dateModified":"2026-03-31T08:37:23+00:00","description":"LED spalna vre\u010da za doma\u010do rabo z 3600 LED diodami, rde\u010do in infrarde\u010do svetlobo. Pospe\u0161i regeneracijo, laj\u0161a bole\u010dine, zmanj\u0161uje vnetja in pomlajuje ko\u017eo.","breadcrumb":{"@id":"https:\/\/activeluxe-cosmetics.com\/sl\/izdelek\/led-light-spalna-vreca-za-regeneracijo-telesa\/#breadcrumb"},"inLanguage":"sl-SI","potentialAction":[{"@type":"ReadAction","target":["https:\/\/activeluxe-cosmetics.com\/sl\/izdelek\/led-light-spalna-vreca-za-regeneracijo-telesa\/"]}]},{"@type":"ImageObject","inLanguage":"sl-SI","@id":"https:\/\/activeluxe-cosmetics.com\/sl\/izdelek\/led-light-spalna-vreca-za-regeneracijo-telesa\/#primaryimage","url":"https:\/\/cdn.activeluxe-cosmetics.com\/sl\/wp-content\/uploads\/2025\/09\/18220123\/Led_Light_Therapy_Sleeping_Bag.jpg","contentUrl":"https:\/\/cdn.activeluxe-cosmetics.com\/sl\/wp-content\/uploads\/2025\/09\/18220123\/Led_Light_Therapy_Sleeping_Bag.jpg","width":1104,"height":1326,"caption":"Active Luxe Led spalna vre\u010da"},{"@type":"BreadcrumbList","@id":"https:\/\/activeluxe-cosmetics.com\/sl\/izdelek\/led-light-spalna-vreca-za-regeneracijo-telesa\/#breadcrumb","itemListElement":[{"@type":"ListItem","position":1,"name":"Naslovnica","item":"https:\/\/activeluxe-cosmetics.com\/sl\/"},{"@type":"ListItem","position":2,"name":"Trgovina","item":"https:\/\/activeluxe-cosmetics.com\/sl\/trgovina\/"},{"@type":"ListItem","position":3,"name":"LED Light spalna vre\u010da za regeneracijo telesa"}]},{"@type":"WebSite","@id":"https:\/\/activeluxe-cosmetics.com\/sl\/#website","url":"https:\/\/activeluxe-cosmetics.com\/sl\/","name":"Active Luxe Cosmetics","description":"","potentialAction":[{"@type":"SearchAction","target":{"@type":"EntryPoint","urlTemplate":"https:\/\/activeluxe-cosmetics.com\/sl\/?s={search_term_string}"},"query-input":{"@type":"PropertyValueSpecification","valueRequired":true,"valueName":"search_term_string"}}],"inLanguage":"sl-SI"}]}},"_links":{"self":[{"href":"https:\/\/activeluxe-cosmetics.com\/sl\/wp-json\/wp\/v2\/product\/110129","targetHints":{"allow":["GET"]}}],"collection":[{"href":"https:\/\/activeluxe-cosmetics.com\/sl\/wp-json\/wp\/v2\/product"}],"about":[{"href":"https:\/\/activeluxe-cosmetics.com\/sl\/wp-json\/wp\/v2\/types\/product"}],"replies":[{"embeddable":true,"href":"https:\/\/activeluxe-cosmetics.com\/sl\/wp-json\/wp\/v2\/comments?post=110129"}],"wp:featuredmedia":[{"embeddable":true,"href":"https:\/\/activeluxe-cosmetics.com\/sl\/wp-json\/wp\/v2\/media\/103454"}],"wp:attachment":[{"href":"https:\/\/activeluxe-cosmetics.com\/sl\/wp-json\/wp\/v2\/media?parent=110129"}],"wp:term":[{"taxonomy":"product_brand","embeddable":true,"href":"https:\/\/activeluxe-cosmetics.com\/sl\/wp-json\/wp\/v2\/product_brand?post=110129"},{"taxonomy":"product_cat","embeddable":true,"href":"https:\/\/activeluxe-cosmetics.com\/sl\/wp-json\/wp\/v2\/product_cat?post=110129"},{"taxonomy":"product_tag","embeddable":true,"href":"https:\/\/activeluxe-cosmetics.com\/sl\/wp-json\/wp\/v2\/product_tag?post=110129"}],"curies":[{"name":"wp","href":"https:\/\/api.w.org\/{rel}","templated":true}]}}