{"id":110128,"date":"2026-02-01T14:01:29","date_gmt":"2026-02-01T13:01:29","guid":{"rendered":"https:\/\/activeluxe-cosmetics.com\/sl\/?post_type=product&#038;p=110128"},"modified":"2026-03-31T10:41:03","modified_gmt":"2026-03-31T08:41:03","slug":"led-light-pro-kapa-za-lase-in-lasisce","status":"publish","type":"product","link":"https:\/\/activeluxe-cosmetics.com\/sl\/izdelek\/led-light-pro-kapa-za-lase-in-lasisce\/","title":{"rendered":"LED Light kapa za lase in lasi\u0161\u010de PRO"},"content":{"rendered":"<h2><strong><img loading=\"lazy\" decoding=\"async\" class=\" wp-image-103466 alignright\" src=\"https:\/\/cdn.activeluxe-cosmetics.com\/sl\/wp-content\/uploads\/2025\/09\/18225801\/led_light_therapy_cap_pro-1-460x690.jpg\" alt=\"\" width=\"325\" height=\"488\" srcset=\"https:\/\/cdn.activeluxe-cosmetics.com\/sl\/wp-content\/uploads\/2025\/09\/18225801\/led_light_therapy_cap_pro-1-460x690.jpg 460w, https:\/\/cdn.activeluxe-cosmetics.com\/sl\/wp-content\/uploads\/2025\/09\/18225801\/led_light_therapy_cap_pro-1-683x1024.jpg 683w, https:\/\/cdn.activeluxe-cosmetics.com\/sl\/wp-content\/uploads\/2025\/09\/18225801\/led_light_therapy_cap_pro-1-768x1152.jpg 768w, https:\/\/cdn.activeluxe-cosmetics.com\/sl\/wp-content\/uploads\/2025\/09\/18225801\/led_light_therapy_cap_pro-1-600x900.jpg 600w, https:\/\/cdn.activeluxe-cosmetics.com\/sl\/wp-content\/uploads\/2025\/09\/18225801\/led_light_therapy_cap_pro-1.jpg 1024w\" sizes=\"auto, (max-width: 325px) 100vw, 325px\" \/>Profesionalna LED svetlobna terapija<\/strong> v udobju doma<\/h2>\n<p>Active Luxe LED Pro kapa za <strong>svetlobno terapijo z LED tehnologijo<\/strong>, je zasnovana za vse, ki i\u0161\u010dete <strong>u\u010dinkovito<\/strong>, <strong>varno<\/strong> in <strong>neinvazivno re\u0161itev<\/strong> za izpadanje las, te\u017eave z lasi\u0161\u010dem ter ko\u017ene nepravilnosti.<\/p>\n<p><span style=\"font-weight: 400;\"><strong>LED terapija<\/strong>, znana tudi kot <strong>fotobiomodulacija<\/strong>, je znanstveno dokazana metoda, ki uporablja specifi\u010dne valovne dol\u017eine svetlobe za prodiranje v ko\u017eo in lasne me\u0161i\u010dke. Ta svetloba stimulira celice, pove\u010da proizvodnjo kolagena in elastina, izbolj\u0161a cirkulacijo in zmanj\u0161uje vnetja. <\/span><\/p>\n<p><span style=\"font-weight: 400;\"><strong>Infrarde\u010da svetloba (IR)<\/strong> je \u0161e posebej u\u010dinkovita pri izbolj\u0161anju zdravja lasi\u0161\u010da, saj pomaga pri zmanj\u0161evanju vnetij, pomirja dra\u017eenje, pomaga pa lahko tudi pri odpravljanju prhljaja. Rezultat? Zdravje lasi\u0161\u010da se izbolj\u0161a, lasni me\u0161i\u010dki se okrepijo, kar vodi do gostej\u0161ih in mo\u010dnej\u0161ih las.<\/span><\/p>\n<p>Z integriranimi <strong>180 LED diodami<\/strong> in uporabo <strong>petih razli\u010dnih valovnih dol\u017ein svetlobe<\/strong> deluje <strong>celostno<\/strong> \u2013 tako na povr\u0161ini ko\u017ee kot v globini tkiv.<\/p>\n<p>Z redno uporabo Active Luxe Led terapevtske Pro kape spodbudite <strong>naravne regenerativne procese v telesu<\/strong>, <strong>izbolj\u0161ate cirkulacijo<\/strong>, <strong>zmanj\u0161ate vnetja<\/strong> in <strong>spodbudite rast mo\u010dnej\u0161ih, gostej\u0161ih las<\/strong>.<\/p>\n<h2 style=\"clear: both;\"><strong><img loading=\"lazy\" decoding=\"async\" class=\"wp-image-103465 alignleft\" src=\"https:\/\/cdn.activeluxe-cosmetics.com\/sl\/wp-content\/uploads\/2025\/09\/18225759\/led_light_therapy_cap_pro_active_luxe-460x690.jpg\" alt=\"\" width=\"311\" height=\"467\" srcset=\"https:\/\/cdn.activeluxe-cosmetics.com\/sl\/wp-content\/uploads\/2025\/09\/18225759\/led_light_therapy_cap_pro_active_luxe-460x690.jpg 460w, https:\/\/cdn.activeluxe-cosmetics.com\/sl\/wp-content\/uploads\/2025\/09\/18225759\/led_light_therapy_cap_pro_active_luxe-683x1024.jpg 683w, https:\/\/cdn.activeluxe-cosmetics.com\/sl\/wp-content\/uploads\/2025\/09\/18225759\/led_light_therapy_cap_pro_active_luxe-768x1152.jpg 768w, https:\/\/cdn.activeluxe-cosmetics.com\/sl\/wp-content\/uploads\/2025\/09\/18225759\/led_light_therapy_cap_pro_active_luxe-600x900.jpg 600w, https:\/\/cdn.activeluxe-cosmetics.com\/sl\/wp-content\/uploads\/2025\/09\/18225759\/led_light_therapy_cap_pro_active_luxe.jpg 1024w\" sizes=\"auto, (max-width: 311px) 100vw, 311px\" \/>\u0160irok spekter terapevtskih valovnih dol\u017ein<\/strong> za celostno svetlobno terapijo<\/h2>\n<p>Active Luxe Led Pro kapa za rast las in nego lasi\u0161\u010da zdru\u017euje <strong>pet klju\u010dnih valovnih dol\u017ein<\/strong>, ki omogo\u010dajo <strong>ciljno<\/strong> in hkrati <strong>celostno terapijo<\/strong>:<\/p>\n<ul>\n<li><strong>630 nm (oran\u017eno-rde\u010da svetloba)<\/strong> \u2013 izbolj\u0161uje prekrvavitev in oskrbo ko\u017ee s kisikom,<\/li>\n<li><strong>660 nm (rde\u010da svetloba)<\/strong> \u2013 spodbuja aktivnost celic v lasnih me\u0161i\u010dkih in pospe\u0161uje rast las,<\/li>\n<li><strong>780 nm (bli\u017enja infrarde\u010da svetloba)<\/strong> \u2013 deluje protivnetno in izbolj\u0161uje mikrocirkulacijo lasi\u0161\u010da,<\/li>\n<li><strong>850 nm (bli\u017enja IR svetloba)<\/strong> \u2013 prodira globoko v tkiva, spodbuja obnovo in regeneracijo,<\/li>\n<li><strong>940 nm (globoka infrarde\u010da svetloba<\/strong>) \u2013 ima izrazit terapevtski u\u010dinek pri vnetjih in dra\u017eenju lasi\u0161\u010da.<\/li>\n<\/ul>\n<p><strong>Kombinacija petih valovnih<\/strong> dol\u017ein omogo\u010da, da Active Luxe LED Pro kapa za rast las in nego lasi\u0161\u010da deluje tako na <strong>ko\u017ene celice<\/strong>, <strong>lasne me\u0161i\u010dke<\/strong> kot tudi na <strong>globlja tkiva<\/strong>, kar je klju\u010dno za dolgoro\u010dno zdravje in vitalnost.<\/p>\n<h2 style=\"clear: both;\"><strong><img loading=\"lazy\" decoding=\"async\" class=\" wp-image-103463 alignright\" src=\"https:\/\/cdn.activeluxe-cosmetics.com\/sl\/wp-content\/uploads\/2025\/09\/18225755\/led_light_cap_pro_active_luxe-460x690.jpg\" alt=\"\" width=\"310\" height=\"465\" srcset=\"https:\/\/cdn.activeluxe-cosmetics.com\/sl\/wp-content\/uploads\/2025\/09\/18225755\/led_light_cap_pro_active_luxe-460x690.jpg 460w, https:\/\/cdn.activeluxe-cosmetics.com\/sl\/wp-content\/uploads\/2025\/09\/18225755\/led_light_cap_pro_active_luxe-683x1024.jpg 683w, https:\/\/cdn.activeluxe-cosmetics.com\/sl\/wp-content\/uploads\/2025\/09\/18225755\/led_light_cap_pro_active_luxe-768x1152.jpg 768w, https:\/\/cdn.activeluxe-cosmetics.com\/sl\/wp-content\/uploads\/2025\/09\/18225755\/led_light_cap_pro_active_luxe-600x900.jpg 600w, https:\/\/cdn.activeluxe-cosmetics.com\/sl\/wp-content\/uploads\/2025\/09\/18225755\/led_light_cap_pro_active_luxe.jpg 1024w\" sizes=\"auto, (max-width: 310px) 100vw, 310px\" \/>Visoka mo\u010d in natan\u010dna pokritost<\/strong> za hitrej\u0161e rezultate<\/h2>\n<p>Z <strong>mo\u010djo 30 W<\/strong> in kar <strong>180 visoko zmogljivimi LED diodam<\/strong>i Active Luxe Led Pro kapa za rast las in nego lasi\u0161\u010da zagotavlja <strong>izjemno intenzivnost svetlobe<\/strong> in <strong>enakomerno porazdelitev<\/strong> po celotnem lasi\u0161\u010du.<\/p>\n<p>Zakaj je to pomembno?<\/p>\n<ul>\n<li><strong>Ve\u010dja mo\u010d<\/strong> pomeni globlje delovanje in hitrej\u0161e rezultate.<\/li>\n<li><strong>Ve\u010d LED diod<\/strong> pomeni ve\u010djo pokritost in u\u010dinkovitej\u0161o terapijo.<\/li>\n<\/ul>\n<p>V praksi to pomeni:<\/p>\n<ul>\n<li><strong>Hitrej\u0161i terapevtski u\u010dinek<\/strong> \u2013 svetloba prodre globlje in intenzivneje.<\/li>\n<li><strong>Bolj vidni rezultati<\/strong> \u2013 izbolj\u0161ana gostota in kakovost las.<\/li>\n<li><strong>Manj \u010dasa za posamezen tretma<\/strong> \u2013 zaradi ve\u010dje u\u010dinkovitosti.<\/li>\n<\/ul>\n<h2 style=\"clear: both;\"><strong><img loading=\"lazy\" decoding=\"async\" class=\"wp-image-103464 alignleft\" src=\"https:\/\/cdn.activeluxe-cosmetics.com\/sl\/wp-content\/uploads\/2025\/09\/18225757\/led_light_cap_pro-460x690.jpg\" alt=\"\" width=\"311\" height=\"467\" srcset=\"https:\/\/cdn.activeluxe-cosmetics.com\/sl\/wp-content\/uploads\/2025\/09\/18225757\/led_light_cap_pro-460x690.jpg 460w, https:\/\/cdn.activeluxe-cosmetics.com\/sl\/wp-content\/uploads\/2025\/09\/18225757\/led_light_cap_pro-683x1024.jpg 683w, https:\/\/cdn.activeluxe-cosmetics.com\/sl\/wp-content\/uploads\/2025\/09\/18225757\/led_light_cap_pro-768x1152.jpg 768w, https:\/\/cdn.activeluxe-cosmetics.com\/sl\/wp-content\/uploads\/2025\/09\/18225757\/led_light_cap_pro-600x900.jpg 600w, https:\/\/cdn.activeluxe-cosmetics.com\/sl\/wp-content\/uploads\/2025\/09\/18225757\/led_light_cap_pro.jpg 1024w\" sizes=\"auto, (max-width: 311px) 100vw, 311px\" \/>Prilagodljiv na\u010din delovanja<\/strong> za razli\u010dne potrebe<\/h2>\n<p>Ena izmed klju\u010dnih prednosti Active Luxe Led Pro kape za rast las in nego lasi\u0161\u010da je njena <strong>prilagodljivost<\/strong>. Naprava omogo\u010da preklapljanje med razli\u010dnimi svetlobnimi na\u010dini, kar pomeni, da terapijo lahko popolnoma prilagodite:<\/p>\n<ul>\n<li>Za <strong>spodbujanje rasti las<\/strong> izberite rde\u010do ali infrarde\u010do svetlobo.<\/li>\n<li>Pri <strong>ob\u010dutljivem ali razdra\u017eenem lasi\u0161\u010du<\/strong> uporabite 940 nm za pomiritev.<\/li>\n<li>\u010ce \u017eelite <strong>splo\u0161no izbolj\u0161anje ko\u017ee na lasi\u0161\u010du ali laj\u0161anje napetosti<\/strong>, izberite 780 ali 850 nm.<\/li>\n<\/ul>\n<p>Active Luxe Led Pro kapa za rast las in nego lasi\u0161\u010da se zato odli\u010dno obnese tudi v gospodinjstvih z ve\u010d uporabniki ali pri tistih, ki imajo kombinacijo razli\u010dnih te\u017eav \u2013 vse s pomo\u010djo ene same naprave.<\/p>\n<p>Zasnova naprava omogo\u010da <strong>varno<\/strong>, <strong>preprosto<\/strong> in <strong>u\u010dinkovito<\/strong> uporabo kar v udobju doma.<\/p>\n<p><strong>Active Luxe Led Pro kapa za rast las in nego lasi\u0161\u010da<\/strong> je idealna re\u0161itev za vse, ki si \u017eelijo profesionalne svetlobne terapije brez potrebe po dragih obiskih specialistov.<\/p>\n<p>&nbsp;<\/p>\n<p>&nbsp;<\/p>\n<p>&nbsp;<\/p>\n<p>&nbsp;<\/p>\n<h4 style=\"text-align: center;\"><strong>\u201cKot dermatologinjo me LED tehnologija izjemno navdu\u0161uje, saj na neinvaziven na\u010din podpira procese v ko\u017ei, ki so bili dolgo \u010dasa povezani predvsem z invazivnimi posegi. Ta tehnologija z razli\u010dnimi valovnimi dol\u017einami svetlobe spodbuja naravne obnovitvene mehanizme ko\u017ee, kar se odra\u017ea v bolj \u010dvrstem, gladkem in enakomernej\u0161em videzu ter zmanj\u0161anju nepravilnosti. S sodobno LED masko lahko te u\u010dinke danes varno in u\u010dinkovito vklju\u010dimo v doma\u010do nego ko\u017ee, brez bole\u010din in brez okrevanja.\u201d <\/strong><\/h4>\n<p style=\"text-align: center;\">Suzana Hudej, dr. med. spec. dermatovenerolog<\/p>\n<p>&nbsp;<\/p>\n<p>&nbsp;<\/p>\n<p>&nbsp;<\/p>\n","protected":false},"excerpt":{"rendered":"<p>Profesionalna LED kapa z 180 diodami in petimi valovnimi dol\u017einami\u00a0za rast in regeneracijo las ter zdravje lasi\u0161\u010da.<\/p>\n","protected":false},"featured_media":103452,"comment_status":"open","ping_status":"closed","template":"","meta":[],"product_brand":[],"product_cat":[122],"product_tag":[],"class_list":{"0":"post-110128","1":"product","2":"type-product","3":"status-publish","4":"has-post-thumbnail","6":"product_cat-led-svetlobna-tehnologija","8":"first","9":"instock","10":"sale","11":"taxable","12":"shipping-taxable","13":"purchasable","14":"product-type-simple"},"bundled_by":[],"bundle_stock_status":"instock","bundle_stock_quantity":null,"bundle_virtual":false,"bundle_layout":"","bundle_add_to_cart_form_location":"","bundle_editable_in_cart":false,"bundle_sold_individually_context":"","bundle_item_grouping":"","bundle_min_size":"","bundle_max_size":"","bundle_price":[],"bundled_items":[],"bundle_sell_ids":[],"acf":[],"yoast_head":"<!-- This site is optimized with the Yoast SEO plugin v26.6 - https:\/\/yoast.com\/wordpress\/plugins\/seo\/ -->\n<title>LED Cap Pro - Led terapevtska kapa Active Luxe<\/title>\n<meta name=\"description\" content=\"Napredna terapevtska kapa \u2013 profesionalna svetlobna terapija za rast las, zdravo lasi\u0161\u010de, pomlajevanje ko\u017ee in laj\u0161anje bole\u010din kar doma.\" \/>\n<meta name=\"robots\" content=\"index, follow, max-snippet:-1, max-image-preview:large, max-video-preview:-1\" \/>\n<link rel=\"canonical\" href=\"https:\/\/activeluxe-cosmetics.com\/sl\/izdelek\/led-light-pro-kapa-za-lase-in-lasisce\/\" \/>\n<meta property=\"og:locale\" content=\"sl_SI\" \/>\n<meta property=\"og:type\" content=\"article\" \/>\n<meta property=\"og:title\" content=\"LED Cap Pro - Led terapevtska kapa Active Luxe\" \/>\n<meta property=\"og:description\" content=\"Napredna terapevtska kapa \u2013 profesionalna svetlobna terapija za rast las, zdravo lasi\u0161\u010de, pomlajevanje ko\u017ee in laj\u0161anje bole\u010din kar doma.\" \/>\n<meta property=\"og:url\" content=\"https:\/\/activeluxe-cosmetics.com\/sl\/izdelek\/led-light-pro-kapa-za-lase-in-lasisce\/\" \/>\n<meta property=\"og:site_name\" content=\"Active Luxe Cosmetics\" \/>\n<meta property=\"article:modified_time\" content=\"2026-03-31T08:41:03+00:00\" \/>\n<meta property=\"og:image\" content=\"https:\/\/cdn.activeluxe-cosmetics.com\/sl\/wp-content\/uploads\/2025\/09\/18220019\/Led_Light_Therapy_Cap_PRO.jpg\" \/>\n\t<meta property=\"og:image:width\" content=\"1104\" \/>\n\t<meta property=\"og:image:height\" content=\"1326\" \/>\n\t<meta property=\"og:image:type\" content=\"image\/jpeg\" \/>\n<meta name=\"twitter:card\" content=\"summary_large_image\" \/>\n<meta name=\"twitter:label1\" content=\"Est. reading time\" \/>\n\t<meta name=\"twitter:data1\" content=\"5 minut\" \/>\n<script type=\"application\/ld+json\" class=\"yoast-schema-graph\">{\"@context\":\"https:\/\/schema.org\",\"@graph\":[{\"@type\":\"WebPage\",\"@id\":\"https:\/\/activeluxe-cosmetics.com\/sl\/izdelek\/led-light-pro-kapa-za-lase-in-lasisce\/\",\"url\":\"https:\/\/activeluxe-cosmetics.com\/sl\/izdelek\/led-light-pro-kapa-za-lase-in-lasisce\/\",\"name\":\"LED Cap Pro - Led terapevtska kapa Active Luxe\",\"isPartOf\":{\"@id\":\"https:\/\/activeluxe-cosmetics.com\/sl\/#website\"},\"primaryImageOfPage\":{\"@id\":\"https:\/\/activeluxe-cosmetics.com\/sl\/izdelek\/led-light-pro-kapa-za-lase-in-lasisce\/#primaryimage\"},\"image\":{\"@id\":\"https:\/\/activeluxe-cosmetics.com\/sl\/izdelek\/led-light-pro-kapa-za-lase-in-lasisce\/#primaryimage\"},\"thumbnailUrl\":\"https:\/\/cdn.activeluxe-cosmetics.com\/sl\/wp-content\/uploads\/2025\/09\/18220019\/Led_Light_Therapy_Cap_PRO.jpg\",\"datePublished\":\"2026-02-01T13:01:29+00:00\",\"dateModified\":\"2026-03-31T08:41:03+00:00\",\"description\":\"Napredna terapevtska kapa \u2013 profesionalna svetlobna terapija za rast las, zdravo lasi\u0161\u010de, pomlajevanje ko\u017ee in laj\u0161anje bole\u010din kar doma.\",\"breadcrumb\":{\"@id\":\"https:\/\/activeluxe-cosmetics.com\/sl\/izdelek\/led-light-pro-kapa-za-lase-in-lasisce\/#breadcrumb\"},\"inLanguage\":\"sl-SI\",\"potentialAction\":[{\"@type\":\"ReadAction\",\"target\":[\"https:\/\/activeluxe-cosmetics.com\/sl\/izdelek\/led-light-pro-kapa-za-lase-in-lasisce\/\"]}]},{\"@type\":\"ImageObject\",\"inLanguage\":\"sl-SI\",\"@id\":\"https:\/\/activeluxe-cosmetics.com\/sl\/izdelek\/led-light-pro-kapa-za-lase-in-lasisce\/#primaryimage\",\"url\":\"https:\/\/cdn.activeluxe-cosmetics.com\/sl\/wp-content\/uploads\/2025\/09\/18220019\/Led_Light_Therapy_Cap_PRO.jpg\",\"contentUrl\":\"https:\/\/cdn.activeluxe-cosmetics.com\/sl\/wp-content\/uploads\/2025\/09\/18220019\/Led_Light_Therapy_Cap_PRO.jpg\",\"width\":1104,\"height\":1326,\"caption\":\"Active Luxe Led kapa za rast las\"},{\"@type\":\"BreadcrumbList\",\"@id\":\"https:\/\/activeluxe-cosmetics.com\/sl\/izdelek\/led-light-pro-kapa-za-lase-in-lasisce\/#breadcrumb\",\"itemListElement\":[{\"@type\":\"ListItem\",\"position\":1,\"name\":\"Naslovnica\",\"item\":\"https:\/\/activeluxe-cosmetics.com\/sl\/\"},{\"@type\":\"ListItem\",\"position\":2,\"name\":\"Trgovina\",\"item\":\"https:\/\/activeluxe-cosmetics.com\/sl\/trgovina\/\"},{\"@type\":\"ListItem\",\"position\":3,\"name\":\"LED Light kapa za lase in lasi\u0161\u010de PRO\"}]},{\"@type\":\"WebSite\",\"@id\":\"https:\/\/activeluxe-cosmetics.com\/sl\/#website\",\"url\":\"https:\/\/activeluxe-cosmetics.com\/sl\/\",\"name\":\"Active Luxe Cosmetics\",\"description\":\"\",\"potentialAction\":[{\"@type\":\"SearchAction\",\"target\":{\"@type\":\"EntryPoint\",\"urlTemplate\":\"https:\/\/activeluxe-cosmetics.com\/sl\/?s={search_term_string}\"},\"query-input\":{\"@type\":\"PropertyValueSpecification\",\"valueRequired\":true,\"valueName\":\"search_term_string\"}}],\"inLanguage\":\"sl-SI\"}]}<\/script>\n<!-- \/ Yoast SEO plugin. -->","yoast_head_json":{"title":"LED Cap Pro - Led terapevtska kapa Active Luxe","description":"Napredna terapevtska kapa \u2013 profesionalna svetlobna terapija za rast las, zdravo lasi\u0161\u010de, pomlajevanje ko\u017ee in laj\u0161anje bole\u010din kar doma.","robots":{"index":"index","follow":"follow","max-snippet":"max-snippet:-1","max-image-preview":"max-image-preview:large","max-video-preview":"max-video-preview:-1"},"canonical":"https:\/\/activeluxe-cosmetics.com\/sl\/izdelek\/led-light-pro-kapa-za-lase-in-lasisce\/","og_locale":"sl_SI","og_type":"article","og_title":"LED Cap Pro - Led terapevtska kapa Active Luxe","og_description":"Napredna terapevtska kapa \u2013 profesionalna svetlobna terapija za rast las, zdravo lasi\u0161\u010de, pomlajevanje ko\u017ee in laj\u0161anje bole\u010din kar doma.","og_url":"https:\/\/activeluxe-cosmetics.com\/sl\/izdelek\/led-light-pro-kapa-za-lase-in-lasisce\/","og_site_name":"Active Luxe Cosmetics","article_modified_time":"2026-03-31T08:41:03+00:00","og_image":[{"width":1104,"height":1326,"url":"https:\/\/cdn.activeluxe-cosmetics.com\/sl\/wp-content\/uploads\/2025\/09\/18220019\/Led_Light_Therapy_Cap_PRO.jpg","type":"image\/jpeg"}],"twitter_card":"summary_large_image","twitter_misc":{"Est. reading time":"5 minut"},"schema":{"@context":"https:\/\/schema.org","@graph":[{"@type":"WebPage","@id":"https:\/\/activeluxe-cosmetics.com\/sl\/izdelek\/led-light-pro-kapa-za-lase-in-lasisce\/","url":"https:\/\/activeluxe-cosmetics.com\/sl\/izdelek\/led-light-pro-kapa-za-lase-in-lasisce\/","name":"LED Cap Pro - Led terapevtska kapa Active Luxe","isPartOf":{"@id":"https:\/\/activeluxe-cosmetics.com\/sl\/#website"},"primaryImageOfPage":{"@id":"https:\/\/activeluxe-cosmetics.com\/sl\/izdelek\/led-light-pro-kapa-za-lase-in-lasisce\/#primaryimage"},"image":{"@id":"https:\/\/activeluxe-cosmetics.com\/sl\/izdelek\/led-light-pro-kapa-za-lase-in-lasisce\/#primaryimage"},"thumbnailUrl":"https:\/\/cdn.activeluxe-cosmetics.com\/sl\/wp-content\/uploads\/2025\/09\/18220019\/Led_Light_Therapy_Cap_PRO.jpg","datePublished":"2026-02-01T13:01:29+00:00","dateModified":"2026-03-31T08:41:03+00:00","description":"Napredna terapevtska kapa \u2013 profesionalna svetlobna terapija za rast las, zdravo lasi\u0161\u010de, pomlajevanje ko\u017ee in laj\u0161anje bole\u010din kar doma.","breadcrumb":{"@id":"https:\/\/activeluxe-cosmetics.com\/sl\/izdelek\/led-light-pro-kapa-za-lase-in-lasisce\/#breadcrumb"},"inLanguage":"sl-SI","potentialAction":[{"@type":"ReadAction","target":["https:\/\/activeluxe-cosmetics.com\/sl\/izdelek\/led-light-pro-kapa-za-lase-in-lasisce\/"]}]},{"@type":"ImageObject","inLanguage":"sl-SI","@id":"https:\/\/activeluxe-cosmetics.com\/sl\/izdelek\/led-light-pro-kapa-za-lase-in-lasisce\/#primaryimage","url":"https:\/\/cdn.activeluxe-cosmetics.com\/sl\/wp-content\/uploads\/2025\/09\/18220019\/Led_Light_Therapy_Cap_PRO.jpg","contentUrl":"https:\/\/cdn.activeluxe-cosmetics.com\/sl\/wp-content\/uploads\/2025\/09\/18220019\/Led_Light_Therapy_Cap_PRO.jpg","width":1104,"height":1326,"caption":"Active Luxe Led kapa za rast las"},{"@type":"BreadcrumbList","@id":"https:\/\/activeluxe-cosmetics.com\/sl\/izdelek\/led-light-pro-kapa-za-lase-in-lasisce\/#breadcrumb","itemListElement":[{"@type":"ListItem","position":1,"name":"Naslovnica","item":"https:\/\/activeluxe-cosmetics.com\/sl\/"},{"@type":"ListItem","position":2,"name":"Trgovina","item":"https:\/\/activeluxe-cosmetics.com\/sl\/trgovina\/"},{"@type":"ListItem","position":3,"name":"LED Light kapa za lase in lasi\u0161\u010de PRO"}]},{"@type":"WebSite","@id":"https:\/\/activeluxe-cosmetics.com\/sl\/#website","url":"https:\/\/activeluxe-cosmetics.com\/sl\/","name":"Active Luxe Cosmetics","description":"","potentialAction":[{"@type":"SearchAction","target":{"@type":"EntryPoint","urlTemplate":"https:\/\/activeluxe-cosmetics.com\/sl\/?s={search_term_string}"},"query-input":{"@type":"PropertyValueSpecification","valueRequired":true,"valueName":"search_term_string"}}],"inLanguage":"sl-SI"}]}},"_links":{"self":[{"href":"https:\/\/activeluxe-cosmetics.com\/sl\/wp-json\/wp\/v2\/product\/110128","targetHints":{"allow":["GET"]}}],"collection":[{"href":"https:\/\/activeluxe-cosmetics.com\/sl\/wp-json\/wp\/v2\/product"}],"about":[{"href":"https:\/\/activeluxe-cosmetics.com\/sl\/wp-json\/wp\/v2\/types\/product"}],"replies":[{"embeddable":true,"href":"https:\/\/activeluxe-cosmetics.com\/sl\/wp-json\/wp\/v2\/comments?post=110128"}],"wp:featuredmedia":[{"embeddable":true,"href":"https:\/\/activeluxe-cosmetics.com\/sl\/wp-json\/wp\/v2\/media\/103452"}],"wp:attachment":[{"href":"https:\/\/activeluxe-cosmetics.com\/sl\/wp-json\/wp\/v2\/media?parent=110128"}],"wp:term":[{"taxonomy":"product_brand","embeddable":true,"href":"https:\/\/activeluxe-cosmetics.com\/sl\/wp-json\/wp\/v2\/product_brand?post=110128"},{"taxonomy":"product_cat","embeddable":true,"href":"https:\/\/activeluxe-cosmetics.com\/sl\/wp-json\/wp\/v2\/product_cat?post=110128"},{"taxonomy":"product_tag","embeddable":true,"href":"https:\/\/activeluxe-cosmetics.com\/sl\/wp-json\/wp\/v2\/product_tag?post=110128"}],"curies":[{"name":"wp","href":"https:\/\/api.w.org\/{rel}","templated":true}]}}