{"id":110124,"date":"2026-02-01T13:58:04","date_gmt":"2026-02-01T12:58:04","guid":{"rendered":"https:\/\/activeluxe-cosmetics.com\/sl\/?post_type=product&#038;p=110124"},"modified":"2026-04-15T11:52:07","modified_gmt":"2026-04-15T09:52:07","slug":"led-light-maska-za-obraz-vrat-in-dekolte-2","status":"publish","type":"product","link":"https:\/\/activeluxe-cosmetics.com\/sl\/izdelek\/led-light-maska-za-obraz-vrat-in-dekolte-2\/","title":{"rendered":"LED Light maska za obraz, vrat in dekolte"},"content":{"rendered":"<h2><strong><img loading=\"lazy\" decoding=\"async\" class=\" wp-image-103502 alignright\" src=\"https:\/\/cdn.activeluxe-cosmetics.com\/sl\/wp-content\/uploads\/2025\/09\/19144023\/led_light_therapy_face_and_neck_active_luxe-460x690.jpg\" alt=\"\" width=\"310\" height=\"465\" srcset=\"https:\/\/cdn.activeluxe-cosmetics.com\/sl\/wp-content\/uploads\/2025\/09\/19144023\/led_light_therapy_face_and_neck_active_luxe-460x690.jpg 460w, https:\/\/cdn.activeluxe-cosmetics.com\/sl\/wp-content\/uploads\/2025\/09\/19144023\/led_light_therapy_face_and_neck_active_luxe-683x1024.jpg 683w, https:\/\/cdn.activeluxe-cosmetics.com\/sl\/wp-content\/uploads\/2025\/09\/19144023\/led_light_therapy_face_and_neck_active_luxe-768x1152.jpg 768w, https:\/\/cdn.activeluxe-cosmetics.com\/sl\/wp-content\/uploads\/2025\/09\/19144023\/led_light_therapy_face_and_neck_active_luxe-600x900.jpg 600w, https:\/\/cdn.activeluxe-cosmetics.com\/sl\/wp-content\/uploads\/2025\/09\/19144023\/led_light_therapy_face_and_neck_active_luxe.jpg 1024w\" sizes=\"auto, (max-width: 310px) 100vw, 310px\" \/>Premium LED maska za obraz, vrat in dekolte<\/strong> \u2013 celostna nega proti staranju<\/h2>\n<p>Staranje ko\u017ee se ne ka\u017ee le na obrazu. Vrat in dekolte sta prav tako ob\u010dutljiva podro\u010dja, kjer se prvi znaki staranja pojavijo zelo zgodaj.<\/p>\n<p>Ko\u017ea na teh predelih je tanj\u0161a, bolj izpostavljena soncu in mehanskim obremenitvam (gibanje, spanje, obla\u010dila), zato hitreje izgublja elasti\u010dnost, se guba in ka\u017ee pigmentacije.<\/p>\n<p><strong>Active Luxe LED Light Therapy maska<\/strong> je posebej zasnovana za <strong>celostno nego<\/strong> vseh treh klju\u010dnih predelov: <strong>obraza<\/strong>, <strong>vratu<\/strong> in <strong>dekolteja<\/strong>.<\/p>\n<p>S kar <strong>480 LED diodam<\/strong>i in <strong>kombinacijo \u0161tirih terapevtskih valovnih dol\u017ein svetlobe<\/strong> zagotavlja intenzivno, enakomerno in profesionalno nego, ki <strong>pomlajuje<\/strong> in <strong>regenerira<\/strong> ko\u017eo tam, kjer to najbolj potrebujete.<\/p>\n<h2 style=\"clear: both;\"><strong><img loading=\"lazy\" decoding=\"async\" class=\"wp-image-103473 alignleft\" src=\"https:\/\/cdn.activeluxe-cosmetics.com\/sl\/wp-content\/uploads\/2025\/09\/18231303\/led_light_therapy_face_mask_alc-460x690.jpg\" alt=\"\" width=\"310\" height=\"465\" srcset=\"https:\/\/cdn.activeluxe-cosmetics.com\/sl\/wp-content\/uploads\/2025\/09\/18231303\/led_light_therapy_face_mask_alc-460x690.jpg 460w, https:\/\/cdn.activeluxe-cosmetics.com\/sl\/wp-content\/uploads\/2025\/09\/18231303\/led_light_therapy_face_mask_alc-683x1024.jpg 683w, https:\/\/cdn.activeluxe-cosmetics.com\/sl\/wp-content\/uploads\/2025\/09\/18231303\/led_light_therapy_face_mask_alc-768x1152.jpg 768w, https:\/\/cdn.activeluxe-cosmetics.com\/sl\/wp-content\/uploads\/2025\/09\/18231303\/led_light_therapy_face_mask_alc-600x900.jpg 600w, https:\/\/cdn.activeluxe-cosmetics.com\/sl\/wp-content\/uploads\/2025\/09\/18231303\/led_light_therapy_face_mask_alc.jpg 1024w\" sizes=\"auto, (max-width: 310px) 100vw, 310px\" \/>Anti-aging LED maska:<\/strong> kako deluje rde\u010da in IR svetloba na ko\u017eo<\/h2>\n<p>Svetlobna terapija z Active Luxe LED masko za obraz, vrat in dekolte zdru\u017euje <strong>\u0161tiri klju\u010dne spektralne valovne dol\u017eine<\/strong>:<\/p>\n<ul>\n<li><strong>Rde\u010da svetloba (630 nm)<\/strong>: spodbuja proizvodnjo kolagena in elastina, zmanj\u0161uje gube ter izbolj\u0161uje \u010dvrstost ko\u017ee na obrazu, vratu in dekolteju.<\/li>\n<li><strong>Infrarde\u010da svetloba (850 nm)<\/strong>: prodira globoko v tkiva, pospe\u0161uje regeneracijo celic, izbolj\u0161uje mikrocirkulacijo in zmanj\u0161uje vnetja.<\/li>\n<li><strong>Modra svetloba (460 nm):<\/strong> deluje antibakterijsko, zmanj\u0161uje akne in prepre\u010duje zama\u0161itev por.<\/li>\n<li><strong>Rumena svetloba (590 nm)<\/strong>: pomirja ob\u010dutljivo ko\u017eo, zmanj\u0161uje pigmentacije in izbolj\u0161uje enakomernost tena.<\/li>\n<\/ul>\n<p>Ta kombinacija omogo\u010da <strong>celostno LED terapijo obraza, vratu in dekolteja v udobju lastnega doma, <\/strong>prepre\u010duje in zmanj\u0161uje znake staranja ter izbolj\u0161uje splo\u0161no zdravje ko\u017ee.<\/p>\n<h2 style=\"clear: both;\"><strong><img loading=\"lazy\" decoding=\"async\" class=\" wp-image-103504 alignright\" src=\"https:\/\/cdn.activeluxe-cosmetics.com\/sl\/wp-content\/uploads\/2025\/09\/19144135\/led_light_therapy_neck_mask-460x690.jpg\" alt=\"\" width=\"311\" height=\"467\" srcset=\"https:\/\/cdn.activeluxe-cosmetics.com\/sl\/wp-content\/uploads\/2025\/09\/19144135\/led_light_therapy_neck_mask-460x690.jpg 460w, https:\/\/cdn.activeluxe-cosmetics.com\/sl\/wp-content\/uploads\/2025\/09\/19144135\/led_light_therapy_neck_mask-683x1024.jpg 683w, https:\/\/cdn.activeluxe-cosmetics.com\/sl\/wp-content\/uploads\/2025\/09\/19144135\/led_light_therapy_neck_mask-768x1152.jpg 768w, https:\/\/cdn.activeluxe-cosmetics.com\/sl\/wp-content\/uploads\/2025\/09\/19144135\/led_light_therapy_neck_mask-600x900.jpg 600w, https:\/\/cdn.activeluxe-cosmetics.com\/sl\/wp-content\/uploads\/2025\/09\/19144135\/led_light_therapy_neck_mask.jpg 1024w\" sizes=\"auto, (max-width: 311px) 100vw, 311px\" \/>LED terapija za obraz doma<\/strong> \u2013 u\u010dinkovita re\u0161itev za gube, akne in pigmentacijo<\/h2>\n<p>\u010ceprav ve\u010dina ljudi posve\u010da pozornost negi obraza, se znaki staranja pogosto <strong>\u0161e hitreje poka\u017eejo na vratu in dekolteju<\/strong>. Tam je ko\u017ea tanka, manj elasti\u010dna in slab\u0161e za\u0161\u010ditena pred zunanjimi dejavniki, rezultat tega pa so:<\/p>\n<ul>\n<li>gube in pove\u0161ena ko\u017ea na vratu,<\/li>\n<li>nagubana in suha ko\u017ea na dekolteju,<\/li>\n<li>izrazite pigmentacije zaradi son\u010dne izpostavljenosti,<\/li>\n<li>izguba \u010dvrstosti in tonusa ko\u017ee.<\/li>\n<\/ul>\n<p><strong>Active Luxe anti-aging LED maska za obraz, vrat in dekolte<\/strong> ponuja edinstveno prednost \u2013 <strong>celostno pokritost od \u010dela do dekolteja<\/strong>. S tem ne le zmanj\u0161a gube na obrazu, temve\u010d poskrbi tudi za mladosten in negovan videz vratu ter dekolteja, ki sta pogosto klju\u010dna pri ohranjanju harmonije in sve\u017eine celotnega videza<\/p>\n<h2 style=\"clear: both;\"><strong><img loading=\"lazy\" decoding=\"async\" class=\"wp-image-103505 alignleft\" src=\"https:\/\/cdn.activeluxe-cosmetics.com\/sl\/wp-content\/uploads\/2025\/09\/19144205\/led_light_therapy_face_neck-460x690.jpg\" alt=\"\" width=\"310\" height=\"465\" srcset=\"https:\/\/cdn.activeluxe-cosmetics.com\/sl\/wp-content\/uploads\/2025\/09\/19144205\/led_light_therapy_face_neck-460x690.jpg 460w, https:\/\/cdn.activeluxe-cosmetics.com\/sl\/wp-content\/uploads\/2025\/09\/19144205\/led_light_therapy_face_neck-683x1024.jpg 683w, https:\/\/cdn.activeluxe-cosmetics.com\/sl\/wp-content\/uploads\/2025\/09\/19144205\/led_light_therapy_face_neck-768x1152.jpg 768w, https:\/\/cdn.activeluxe-cosmetics.com\/sl\/wp-content\/uploads\/2025\/09\/19144205\/led_light_therapy_face_neck-600x900.jpg 600w, https:\/\/cdn.activeluxe-cosmetics.com\/sl\/wp-content\/uploads\/2025\/09\/19144205\/led_light_therapy_face_neck.jpg 1024w\" sizes=\"auto, (max-width: 310px) 100vw, 310px\" \/>Premium LED maska<\/strong> \u2013 za vsak tip ko\u017ee in vse potrebe<\/h2>\n<p>Ne glede na to, ali se spopadate z gubami, pigmentacijami, aknami ali ob\u010dutljivo ko\u017eo, Active Luxe LED maska za obraz, vrat in dekolte nudi re\u0161itev:<\/p>\n<ul>\n<li><strong>Zmanj\u0161anje gubic in pove\u010danje elasti\u010dnosti<\/strong> \u2013 rde\u010da in infrarde\u010da svetloba aktivirata naravno tvorbo kolagena.<\/li>\n<li><strong>Boj proti aknam in ne\u010disto\u010dam<\/strong> \u2013 modra svetloba uni\u010duje bakterije P. acnes in uravnava sebum.<\/li>\n<li><strong>Izbolj\u0161anje tena ko\u017ee in zmanj\u0161anje pigmentacij<\/strong> \u2013 rumena svetloba pomirja in poenoti polt.<\/li>\n<li><strong>Globinska regeneracija in celjenje ko\u017ee<\/strong> \u2013 kombinacija vseh spektralnih valov pospe\u0161uje obnovo tkiv.<\/li>\n<li><strong>Pomiritev ob\u010dutljive ko\u017ee<\/strong> \u2013 zmanj\u0161uje rde\u010dico, vnetja in dra\u017eenje.<\/li>\n<\/ul>\n<p>Redna uporaba maske (3\u20134 krat tedensko, 10\u201320 minut na seanso) zagotavlja <strong>vidne rezultate \u017ee po nekaj tednih<\/strong>, dolgoro\u010dno pa pripomore k zdravi, sijo\u010di in mladostni ko\u017ei.<\/p>\n<h4><\/h4>\n<h4><\/h4>\n<p>&nbsp;<\/p>\n<p>&nbsp;<\/p>\n<p>&nbsp;<\/p>\n<p>&nbsp;<\/p>\n<h4 style=\"text-align: center;\"><strong>\u201cKot dermatologinjo me LED tehnologija izjemno navdu\u0161uje, saj na neinvaziven na\u010din podpira procese v ko\u017ei, ki so bili dolgo \u010dasa povezani predvsem z invazivnimi posegi. Ta tehnologija z razli\u010dnimi valovnimi dol\u017einami svetlobe spodbuja naravne obnovitvene mehanizme ko\u017ee, kar se odra\u017ea v bolj \u010dvrstem, gladkem in enakomernej\u0161em videzu ter zmanj\u0161anju nepravilnosti. S sodobno LED masko lahko te u\u010dinke danes varno in u\u010dinkovito vklju\u010dimo v doma\u010do nego ko\u017ee, brez bole\u010din in brez okrevanja.\u201d <\/strong><\/h4>\n<p style=\"text-align: center;\">Suzana Hudej, dr. med. spec. dermatovenerolog<\/p>\n<p>&nbsp;<\/p>\n<p>&nbsp;<\/p>\n","protected":false},"excerpt":{"rendered":"<p>Napredna LED maska z 480 LED diodami za pomlajevanje ko\u017ee in zmanj\u0161anje aken &#8211; za obraz, vrat in dekolte.<\/p>\n","protected":false},"featured_media":112548,"comment_status":"open","ping_status":"closed","template":"","meta":[],"product_brand":[],"product_cat":[122],"product_tag":[],"class_list":{"0":"post-110124","1":"product","2":"type-product","3":"status-publish","4":"has-post-thumbnail","6":"product_cat-led-svetlobna-tehnologija","8":"first","9":"instock","10":"sale","11":"taxable","12":"shipping-taxable","13":"purchasable","14":"product-type-simple"},"bundled_by":[],"bundle_stock_status":"instock","bundle_stock_quantity":null,"bundle_virtual":false,"bundle_layout":"","bundle_add_to_cart_form_location":"","bundle_editable_in_cart":false,"bundle_sold_individually_context":"","bundle_item_grouping":"","bundle_min_size":"","bundle_max_size":"","bundle_price":[],"bundled_items":[],"bundle_sell_ids":[],"acf":[],"yoast_head":"<!-- This site is optimized with the Yoast SEO plugin v26.6 - https:\/\/yoast.com\/wordpress\/plugins\/seo\/ -->\n<title>Premium LED maska za obraz, vrat in dekolte - Active Luxe<\/title>\n<meta name=\"description\" content=\"Premium LED maska za obraz, vrat in dekolte z rde\u010do, modro, rumeno in IR svetlobo. Anti-aging terapija doma za mladostno, sijo\u010do in zdravo ko\u017eo.\" \/>\n<meta name=\"robots\" content=\"index, follow, max-snippet:-1, max-image-preview:large, max-video-preview:-1\" \/>\n<link rel=\"canonical\" href=\"https:\/\/activeluxe-cosmetics.com\/sl\/izdelek\/led-light-maska-za-obraz-vrat-in-dekolte-2\/\" \/>\n<meta property=\"og:locale\" content=\"sl_SI\" \/>\n<meta property=\"og:type\" content=\"article\" \/>\n<meta property=\"og:title\" content=\"Premium LED maska za obraz, vrat in dekolte - Active Luxe\" \/>\n<meta property=\"og:description\" content=\"Premium LED maska za obraz, vrat in dekolte z rde\u010do, modro, rumeno in IR svetlobo. Anti-aging terapija doma za mladostno, sijo\u010do in zdravo ko\u017eo.\" \/>\n<meta property=\"og:url\" content=\"https:\/\/activeluxe-cosmetics.com\/sl\/izdelek\/led-light-maska-za-obraz-vrat-in-dekolte-2\/\" \/>\n<meta property=\"og:site_name\" content=\"Active Luxe Cosmetics\" \/>\n<meta property=\"article:modified_time\" content=\"2026-04-15T09:52:07+00:00\" \/>\n<meta property=\"og:image\" content=\"https:\/\/cdn.activeluxe-cosmetics.com\/sl\/wp-content\/uploads\/2026\/02\/15115154\/ELLE_nominacija_LED_maska_za_obrazdekolte.jpg\" \/>\n\t<meta property=\"og:image:width\" content=\"1104\" \/>\n\t<meta property=\"og:image:height\" content=\"1326\" \/>\n\t<meta property=\"og:image:type\" content=\"image\/jpeg\" \/>\n<meta name=\"twitter:card\" content=\"summary_large_image\" \/>\n<meta name=\"twitter:label1\" content=\"Est. reading time\" \/>\n\t<meta name=\"twitter:data1\" content=\"4 minute\" \/>\n<script type=\"application\/ld+json\" class=\"yoast-schema-graph\">{\"@context\":\"https:\/\/schema.org\",\"@graph\":[{\"@type\":\"WebPage\",\"@id\":\"https:\/\/activeluxe-cosmetics.com\/sl\/izdelek\/led-light-maska-za-obraz-vrat-in-dekolte-2\/\",\"url\":\"https:\/\/activeluxe-cosmetics.com\/sl\/izdelek\/led-light-maska-za-obraz-vrat-in-dekolte-2\/\",\"name\":\"Premium LED maska za obraz, vrat in dekolte - Active Luxe\",\"isPartOf\":{\"@id\":\"https:\/\/activeluxe-cosmetics.com\/sl\/#website\"},\"primaryImageOfPage\":{\"@id\":\"https:\/\/activeluxe-cosmetics.com\/sl\/izdelek\/led-light-maska-za-obraz-vrat-in-dekolte-2\/#primaryimage\"},\"image\":{\"@id\":\"https:\/\/activeluxe-cosmetics.com\/sl\/izdelek\/led-light-maska-za-obraz-vrat-in-dekolte-2\/#primaryimage\"},\"thumbnailUrl\":\"https:\/\/cdn.activeluxe-cosmetics.com\/sl\/wp-content\/uploads\/2026\/02\/15115154\/ELLE_nominacija_LED_maska_za_obrazdekolte.jpg\",\"datePublished\":\"2026-02-01T12:58:04+00:00\",\"dateModified\":\"2026-04-15T09:52:07+00:00\",\"description\":\"Premium LED maska za obraz, vrat in dekolte z rde\u010do, modro, rumeno in IR svetlobo. Anti-aging terapija doma za mladostno, sijo\u010do in zdravo ko\u017eo.\",\"breadcrumb\":{\"@id\":\"https:\/\/activeluxe-cosmetics.com\/sl\/izdelek\/led-light-maska-za-obraz-vrat-in-dekolte-2\/#breadcrumb\"},\"inLanguage\":\"sl-SI\",\"potentialAction\":[{\"@type\":\"ReadAction\",\"target\":[\"https:\/\/activeluxe-cosmetics.com\/sl\/izdelek\/led-light-maska-za-obraz-vrat-in-dekolte-2\/\"]}]},{\"@type\":\"ImageObject\",\"inLanguage\":\"sl-SI\",\"@id\":\"https:\/\/activeluxe-cosmetics.com\/sl\/izdelek\/led-light-maska-za-obraz-vrat-in-dekolte-2\/#primaryimage\",\"url\":\"https:\/\/cdn.activeluxe-cosmetics.com\/sl\/wp-content\/uploads\/2026\/02\/15115154\/ELLE_nominacija_LED_maska_za_obrazdekolte.jpg\",\"contentUrl\":\"https:\/\/cdn.activeluxe-cosmetics.com\/sl\/wp-content\/uploads\/2026\/02\/15115154\/ELLE_nominacija_LED_maska_za_obrazdekolte.jpg\",\"width\":1104,\"height\":1326},{\"@type\":\"BreadcrumbList\",\"@id\":\"https:\/\/activeluxe-cosmetics.com\/sl\/izdelek\/led-light-maska-za-obraz-vrat-in-dekolte-2\/#breadcrumb\",\"itemListElement\":[{\"@type\":\"ListItem\",\"position\":1,\"name\":\"Naslovnica\",\"item\":\"https:\/\/activeluxe-cosmetics.com\/sl\/\"},{\"@type\":\"ListItem\",\"position\":2,\"name\":\"Trgovina\",\"item\":\"https:\/\/activeluxe-cosmetics.com\/sl\/trgovina\/\"},{\"@type\":\"ListItem\",\"position\":3,\"name\":\"LED Light maska za obraz, vrat in dekolte\"}]},{\"@type\":\"WebSite\",\"@id\":\"https:\/\/activeluxe-cosmetics.com\/sl\/#website\",\"url\":\"https:\/\/activeluxe-cosmetics.com\/sl\/\",\"name\":\"Active Luxe Cosmetics\",\"description\":\"\",\"potentialAction\":[{\"@type\":\"SearchAction\",\"target\":{\"@type\":\"EntryPoint\",\"urlTemplate\":\"https:\/\/activeluxe-cosmetics.com\/sl\/?s={search_term_string}\"},\"query-input\":{\"@type\":\"PropertyValueSpecification\",\"valueRequired\":true,\"valueName\":\"search_term_string\"}}],\"inLanguage\":\"sl-SI\"}]}<\/script>\n<!-- \/ Yoast SEO plugin. -->","yoast_head_json":{"title":"Premium LED maska za obraz, vrat in dekolte - Active Luxe","description":"Premium LED maska za obraz, vrat in dekolte z rde\u010do, modro, rumeno in IR svetlobo. Anti-aging terapija doma za mladostno, sijo\u010do in zdravo ko\u017eo.","robots":{"index":"index","follow":"follow","max-snippet":"max-snippet:-1","max-image-preview":"max-image-preview:large","max-video-preview":"max-video-preview:-1"},"canonical":"https:\/\/activeluxe-cosmetics.com\/sl\/izdelek\/led-light-maska-za-obraz-vrat-in-dekolte-2\/","og_locale":"sl_SI","og_type":"article","og_title":"Premium LED maska za obraz, vrat in dekolte - Active Luxe","og_description":"Premium LED maska za obraz, vrat in dekolte z rde\u010do, modro, rumeno in IR svetlobo. Anti-aging terapija doma za mladostno, sijo\u010do in zdravo ko\u017eo.","og_url":"https:\/\/activeluxe-cosmetics.com\/sl\/izdelek\/led-light-maska-za-obraz-vrat-in-dekolte-2\/","og_site_name":"Active Luxe Cosmetics","article_modified_time":"2026-04-15T09:52:07+00:00","og_image":[{"width":1104,"height":1326,"url":"https:\/\/cdn.activeluxe-cosmetics.com\/sl\/wp-content\/uploads\/2026\/02\/15115154\/ELLE_nominacija_LED_maska_za_obrazdekolte.jpg","type":"image\/jpeg"}],"twitter_card":"summary_large_image","twitter_misc":{"Est. reading time":"4 minute"},"schema":{"@context":"https:\/\/schema.org","@graph":[{"@type":"WebPage","@id":"https:\/\/activeluxe-cosmetics.com\/sl\/izdelek\/led-light-maska-za-obraz-vrat-in-dekolte-2\/","url":"https:\/\/activeluxe-cosmetics.com\/sl\/izdelek\/led-light-maska-za-obraz-vrat-in-dekolte-2\/","name":"Premium LED maska za obraz, vrat in dekolte - Active Luxe","isPartOf":{"@id":"https:\/\/activeluxe-cosmetics.com\/sl\/#website"},"primaryImageOfPage":{"@id":"https:\/\/activeluxe-cosmetics.com\/sl\/izdelek\/led-light-maska-za-obraz-vrat-in-dekolte-2\/#primaryimage"},"image":{"@id":"https:\/\/activeluxe-cosmetics.com\/sl\/izdelek\/led-light-maska-za-obraz-vrat-in-dekolte-2\/#primaryimage"},"thumbnailUrl":"https:\/\/cdn.activeluxe-cosmetics.com\/sl\/wp-content\/uploads\/2026\/02\/15115154\/ELLE_nominacija_LED_maska_za_obrazdekolte.jpg","datePublished":"2026-02-01T12:58:04+00:00","dateModified":"2026-04-15T09:52:07+00:00","description":"Premium LED maska za obraz, vrat in dekolte z rde\u010do, modro, rumeno in IR svetlobo. Anti-aging terapija doma za mladostno, sijo\u010do in zdravo ko\u017eo.","breadcrumb":{"@id":"https:\/\/activeluxe-cosmetics.com\/sl\/izdelek\/led-light-maska-za-obraz-vrat-in-dekolte-2\/#breadcrumb"},"inLanguage":"sl-SI","potentialAction":[{"@type":"ReadAction","target":["https:\/\/activeluxe-cosmetics.com\/sl\/izdelek\/led-light-maska-za-obraz-vrat-in-dekolte-2\/"]}]},{"@type":"ImageObject","inLanguage":"sl-SI","@id":"https:\/\/activeluxe-cosmetics.com\/sl\/izdelek\/led-light-maska-za-obraz-vrat-in-dekolte-2\/#primaryimage","url":"https:\/\/cdn.activeluxe-cosmetics.com\/sl\/wp-content\/uploads\/2026\/02\/15115154\/ELLE_nominacija_LED_maska_za_obrazdekolte.jpg","contentUrl":"https:\/\/cdn.activeluxe-cosmetics.com\/sl\/wp-content\/uploads\/2026\/02\/15115154\/ELLE_nominacija_LED_maska_za_obrazdekolte.jpg","width":1104,"height":1326},{"@type":"BreadcrumbList","@id":"https:\/\/activeluxe-cosmetics.com\/sl\/izdelek\/led-light-maska-za-obraz-vrat-in-dekolte-2\/#breadcrumb","itemListElement":[{"@type":"ListItem","position":1,"name":"Naslovnica","item":"https:\/\/activeluxe-cosmetics.com\/sl\/"},{"@type":"ListItem","position":2,"name":"Trgovina","item":"https:\/\/activeluxe-cosmetics.com\/sl\/trgovina\/"},{"@type":"ListItem","position":3,"name":"LED Light maska za obraz, vrat in dekolte"}]},{"@type":"WebSite","@id":"https:\/\/activeluxe-cosmetics.com\/sl\/#website","url":"https:\/\/activeluxe-cosmetics.com\/sl\/","name":"Active Luxe Cosmetics","description":"","potentialAction":[{"@type":"SearchAction","target":{"@type":"EntryPoint","urlTemplate":"https:\/\/activeluxe-cosmetics.com\/sl\/?s={search_term_string}"},"query-input":{"@type":"PropertyValueSpecification","valueRequired":true,"valueName":"search_term_string"}}],"inLanguage":"sl-SI"}]}},"_links":{"self":[{"href":"https:\/\/activeluxe-cosmetics.com\/sl\/wp-json\/wp\/v2\/product\/110124","targetHints":{"allow":["GET"]}}],"collection":[{"href":"https:\/\/activeluxe-cosmetics.com\/sl\/wp-json\/wp\/v2\/product"}],"about":[{"href":"https:\/\/activeluxe-cosmetics.com\/sl\/wp-json\/wp\/v2\/types\/product"}],"replies":[{"embeddable":true,"href":"https:\/\/activeluxe-cosmetics.com\/sl\/wp-json\/wp\/v2\/comments?post=110124"}],"wp:featuredmedia":[{"embeddable":true,"href":"https:\/\/activeluxe-cosmetics.com\/sl\/wp-json\/wp\/v2\/media\/112548"}],"wp:attachment":[{"href":"https:\/\/activeluxe-cosmetics.com\/sl\/wp-json\/wp\/v2\/media?parent=110124"}],"wp:term":[{"taxonomy":"product_brand","embeddable":true,"href":"https:\/\/activeluxe-cosmetics.com\/sl\/wp-json\/wp\/v2\/product_brand?post=110124"},{"taxonomy":"product_cat","embeddable":true,"href":"https:\/\/activeluxe-cosmetics.com\/sl\/wp-json\/wp\/v2\/product_cat?post=110124"},{"taxonomy":"product_tag","embeddable":true,"href":"https:\/\/activeluxe-cosmetics.com\/sl\/wp-json\/wp\/v2\/product_tag?post=110124"}],"curies":[{"name":"wp","href":"https:\/\/api.w.org\/{rel}","templated":true}]}}