{"id":105347,"date":"2025-11-11T09:07:29","date_gmt":"2025-11-11T08:07:29","guid":{"rendered":"https:\/\/activeluxe-cosmetics.com\/sl\/?post_type=product&#038;p=105347"},"modified":"2026-03-31T11:59:26","modified_gmt":"2026-03-31T09:59:26","slug":"darilni-set-glow-face-care","status":"publish","type":"product","link":"https:\/\/activeluxe-cosmetics.com\/sl\/izdelek\/darilni-set-glow-face-care\/","title":{"rendered":"Darilni set: Glow Face Care za sijo\u010do in negovano ko\u017eo obraza"},"content":{"rendered":"<h2 data-start=\"94\" data-end=\"160\"><strong><img loading=\"lazy\" decoding=\"async\" class=\"size-medium wp-image-105349 alignright\" src=\"https:\/\/cdn.activeluxe-cosmetics.com\/sl\/wp-content\/uploads\/2025\/11\/11090302\/glow_face_care_gift-460x575.png\" alt=\"\" width=\"460\" height=\"575\" srcset=\"https:\/\/cdn.activeluxe-cosmetics.com\/sl\/wp-content\/uploads\/2025\/11\/11090302\/glow_face_care_gift-460x575.png 460w, https:\/\/cdn.activeluxe-cosmetics.com\/sl\/wp-content\/uploads\/2025\/11\/11090302\/glow_face_care_gift-819x1024.png 819w, https:\/\/cdn.activeluxe-cosmetics.com\/sl\/wp-content\/uploads\/2025\/11\/11090302\/glow_face_care_gift-768x960.png 768w, https:\/\/cdn.activeluxe-cosmetics.com\/sl\/wp-content\/uploads\/2025\/11\/11090302\/glow_face_care_gift-600x750.png 600w, https:\/\/cdn.activeluxe-cosmetics.com\/sl\/wp-content\/uploads\/2025\/11\/11090302\/glow_face_care_gift.png 1080w\" sizes=\"auto, (max-width: 460px) 100vw, 460px\" \/>Darilni set za sijo\u010do in negovano<\/strong> ko\u017eo na obrazu<\/h2>\n<p data-start=\"162\" data-end=\"418\">Podari (ali si privo\u0161\u010di)<strong> popoln mini ritual za nego obraza<\/strong> \u2013 kjerkoli in kadarkoli.<\/p>\n<p data-start=\"162\" data-end=\"418\"><strong data-start=\"246\" data-end=\"276\">Darilni set GLOW FACE CARE<\/strong> je \u010dudovita kombinacija u\u010dinkovitih naravnih sestavin, ne\u017enega \u010di\u0161\u010denja in globinske nege, ki poskrbi za <strong>sve\u017e<\/strong>, <strong>sijo\u010d<\/strong> in <strong>mladosten<\/strong> videz ko\u017ee.<\/p>\n<p data-start=\"420\" data-end=\"438\">V setu te pri\u010daka:<\/p>\n<ul>\n<li data-start=\"440\" data-end=\"606\"><strong data-start=\"443\" data-end=\"485\">Micelarni odstranjevalec li\u010dil, 50 ml: <\/strong>ne\u017eno, a u\u010dinkovito odstrani li\u010dila in ne\u010disto\u010de brez dra\u017eenja ko\u017ee. Formuliran je za vse tipe ko\u017ee \u2013 tudi ob\u010dutljivo.<\/li>\n<li data-start=\"440\" data-end=\"606\"><strong style=\"color: #555555;\" data-start=\"611\" data-end=\"683\">Revitalizing &amp; Anti-age Glow Face Elixir (rosehip &amp; pomegranate oil), 15 ml: <\/strong>bogata me\u0161anica <strong style=\"color: #555555;\" data-start=\"702\" data-end=\"715\">\u0161ipkovega<\/strong><span style=\"color: #555555;\"> in <\/span><strong style=\"color: #555555;\" data-start=\"719\" data-end=\"738\">granatnega olja<\/strong><span style=\"color: #555555;\">, ki deluje antioksidativno, regenerativno in vla\u017eilno. Pomaga zmanj\u0161evati videz drobnih gubic, spodbuja obnovo ko\u017ee ter ji vra\u010da sijaj in pro\u017enost. Brez mastnega ob\u010dutka \u2013 samo sijo\u010da, negovana ko\u017ea.<\/span><\/li>\n<li data-start=\"440\" data-end=\"606\"><strong style=\"color: #555555;\" data-start=\"946\" data-end=\"979\">Mehak kozmeti\u010dni trak za lase: <\/strong>prakti\u010den dodatek za brezskrbno nana\u0161anje kozmetike ali nego ko\u017ee \u2013 doma ali na poti.<\/li>\n<\/ul>\n<p>Set je li\u010dno zapakiran v elegantno darilno vre\u010dko, pripravljen za podarjanje brez dodatnega zavijanja. <strong>Popolna izbira za vse, ki obo\u017eujejo naravno nego, razvajanje in brezhibno ko\u017eo.<\/strong><\/p>\n","protected":false},"excerpt":{"rendered":"<p class=\"sr-only\"><span style=\"color: #555555; font-size: 14.4px;\">Darilni set GLOW FACE CARE vsebuje micelarni odstranjevalec li\u010dil, eliksir za sijo\u010do in mladostno ko\u017eo ter mehak trak za lase \u2013 popoln mini ritual za vsak dan.<\/span><\/p>\n","protected":false},"featured_media":106994,"comment_status":"open","ping_status":"closed","template":"","meta":[],"product_brand":[],"product_cat":[81],"product_tag":[],"class_list":{"0":"post-105347","1":"product","2":"type-product","3":"status-publish","4":"has-post-thumbnail","6":"product_cat-obraz-in-telo","8":"first","9":"instock","10":"sale","11":"taxable","12":"shipping-taxable","13":"purchasable","14":"product-type-simple"},"bundled_by":[],"bundle_stock_status":"instock","bundle_stock_quantity":null,"bundle_virtual":false,"bundle_layout":"","bundle_add_to_cart_form_location":"","bundle_editable_in_cart":false,"bundle_sold_individually_context":"","bundle_item_grouping":"","bundle_min_size":"","bundle_max_size":"","bundle_price":[],"bundled_items":[],"bundle_sell_ids":[],"acf":[],"yoast_head":"<!-- This site is optimized with the Yoast SEO plugin v26.6 - https:\/\/yoast.com\/wordpress\/plugins\/seo\/ -->\n<title>Darilni set Glow Face Care Active Luxe Cosmetics<\/title>\n<meta name=\"description\" content=\"Darilni set GLOW FACE CARE z micelarno vodico, eliksirjem za obraz in kozmeti\u010dnim trakom v elegantni embala\u017ei. Popolno darilo za sijo\u010do, negovano ko\u017eo.\" \/>\n<meta name=\"robots\" content=\"index, follow, max-snippet:-1, max-image-preview:large, max-video-preview:-1\" \/>\n<link rel=\"canonical\" href=\"https:\/\/activeluxe-cosmetics.com\/sl\/izdelek\/darilni-set-glow-face-care\/\" \/>\n<meta property=\"og:locale\" content=\"sl_SI\" \/>\n<meta property=\"og:type\" content=\"article\" \/>\n<meta property=\"og:title\" content=\"Darilni set Glow Face Care Active Luxe Cosmetics\" \/>\n<meta property=\"og:description\" content=\"Darilni set GLOW FACE CARE z micelarno vodico, eliksirjem za obraz in kozmeti\u010dnim trakom v elegantni embala\u017ei. Popolno darilo za sijo\u010do, negovano ko\u017eo.\" \/>\n<meta property=\"og:url\" content=\"https:\/\/activeluxe-cosmetics.com\/sl\/izdelek\/darilni-set-glow-face-care\/\" \/>\n<meta property=\"og:site_name\" content=\"Active Luxe Cosmetics\" \/>\n<meta property=\"article:modified_time\" content=\"2026-03-31T09:59:26+00:00\" \/>\n<meta property=\"og:image\" content=\"https:\/\/cdn.activeluxe-cosmetics.com\/sl\/wp-content\/uploads\/2025\/11\/28142834\/01_1_Set_Micellar_tonic_siva_traka.jpg\" \/>\n\t<meta property=\"og:image:width\" content=\"1104\" \/>\n\t<meta property=\"og:image:height\" content=\"1326\" \/>\n\t<meta property=\"og:image:type\" content=\"image\/jpeg\" \/>\n<meta name=\"twitter:card\" content=\"summary_large_image\" \/>\n<meta name=\"twitter:label1\" content=\"Est. reading time\" \/>\n\t<meta name=\"twitter:data1\" content=\"2 minuti\" \/>\n<script type=\"application\/ld+json\" class=\"yoast-schema-graph\">{\"@context\":\"https:\/\/schema.org\",\"@graph\":[{\"@type\":\"WebPage\",\"@id\":\"https:\/\/activeluxe-cosmetics.com\/sl\/izdelek\/darilni-set-glow-face-care\/\",\"url\":\"https:\/\/activeluxe-cosmetics.com\/sl\/izdelek\/darilni-set-glow-face-care\/\",\"name\":\"Darilni set Glow Face Care Active Luxe Cosmetics\",\"isPartOf\":{\"@id\":\"https:\/\/activeluxe-cosmetics.com\/sl\/#website\"},\"primaryImageOfPage\":{\"@id\":\"https:\/\/activeluxe-cosmetics.com\/sl\/izdelek\/darilni-set-glow-face-care\/#primaryimage\"},\"image\":{\"@id\":\"https:\/\/activeluxe-cosmetics.com\/sl\/izdelek\/darilni-set-glow-face-care\/#primaryimage\"},\"thumbnailUrl\":\"https:\/\/cdn.activeluxe-cosmetics.com\/sl\/wp-content\/uploads\/2025\/11\/28142834\/01_1_Set_Micellar_tonic_siva_traka.jpg\",\"datePublished\":\"2025-11-11T08:07:29+00:00\",\"dateModified\":\"2026-03-31T09:59:26+00:00\",\"description\":\"Darilni set GLOW FACE CARE z micelarno vodico, eliksirjem za obraz in kozmeti\u010dnim trakom v elegantni embala\u017ei. Popolno darilo za sijo\u010do, negovano ko\u017eo.\",\"breadcrumb\":{\"@id\":\"https:\/\/activeluxe-cosmetics.com\/sl\/izdelek\/darilni-set-glow-face-care\/#breadcrumb\"},\"inLanguage\":\"sl-SI\",\"potentialAction\":[{\"@type\":\"ReadAction\",\"target\":[\"https:\/\/activeluxe-cosmetics.com\/sl\/izdelek\/darilni-set-glow-face-care\/\"]}]},{\"@type\":\"ImageObject\",\"inLanguage\":\"sl-SI\",\"@id\":\"https:\/\/activeluxe-cosmetics.com\/sl\/izdelek\/darilni-set-glow-face-care\/#primaryimage\",\"url\":\"https:\/\/cdn.activeluxe-cosmetics.com\/sl\/wp-content\/uploads\/2025\/11\/28142834\/01_1_Set_Micellar_tonic_siva_traka.jpg\",\"contentUrl\":\"https:\/\/cdn.activeluxe-cosmetics.com\/sl\/wp-content\/uploads\/2025\/11\/28142834\/01_1_Set_Micellar_tonic_siva_traka.jpg\",\"width\":1104,\"height\":1326},{\"@type\":\"BreadcrumbList\",\"@id\":\"https:\/\/activeluxe-cosmetics.com\/sl\/izdelek\/darilni-set-glow-face-care\/#breadcrumb\",\"itemListElement\":[{\"@type\":\"ListItem\",\"position\":1,\"name\":\"Naslovnica\",\"item\":\"https:\/\/activeluxe-cosmetics.com\/sl\/\"},{\"@type\":\"ListItem\",\"position\":2,\"name\":\"Trgovina\",\"item\":\"https:\/\/activeluxe-cosmetics.com\/sl\/trgovina\/\"},{\"@type\":\"ListItem\",\"position\":3,\"name\":\"Darilni set: Glow Face Care za sijo\u010do in negovano ko\u017eo obraza\"}]},{\"@type\":\"WebSite\",\"@id\":\"https:\/\/activeluxe-cosmetics.com\/sl\/#website\",\"url\":\"https:\/\/activeluxe-cosmetics.com\/sl\/\",\"name\":\"Active Luxe Cosmetics\",\"description\":\"\",\"potentialAction\":[{\"@type\":\"SearchAction\",\"target\":{\"@type\":\"EntryPoint\",\"urlTemplate\":\"https:\/\/activeluxe-cosmetics.com\/sl\/?s={search_term_string}\"},\"query-input\":{\"@type\":\"PropertyValueSpecification\",\"valueRequired\":true,\"valueName\":\"search_term_string\"}}],\"inLanguage\":\"sl-SI\"}]}<\/script>\n<!-- \/ Yoast SEO plugin. -->","yoast_head_json":{"title":"Darilni set Glow Face Care Active Luxe Cosmetics","description":"Darilni set GLOW FACE CARE z micelarno vodico, eliksirjem za obraz in kozmeti\u010dnim trakom v elegantni embala\u017ei. Popolno darilo za sijo\u010do, negovano ko\u017eo.","robots":{"index":"index","follow":"follow","max-snippet":"max-snippet:-1","max-image-preview":"max-image-preview:large","max-video-preview":"max-video-preview:-1"},"canonical":"https:\/\/activeluxe-cosmetics.com\/sl\/izdelek\/darilni-set-glow-face-care\/","og_locale":"sl_SI","og_type":"article","og_title":"Darilni set Glow Face Care Active Luxe Cosmetics","og_description":"Darilni set GLOW FACE CARE z micelarno vodico, eliksirjem za obraz in kozmeti\u010dnim trakom v elegantni embala\u017ei. Popolno darilo za sijo\u010do, negovano ko\u017eo.","og_url":"https:\/\/activeluxe-cosmetics.com\/sl\/izdelek\/darilni-set-glow-face-care\/","og_site_name":"Active Luxe Cosmetics","article_modified_time":"2026-03-31T09:59:26+00:00","og_image":[{"width":1104,"height":1326,"url":"https:\/\/cdn.activeluxe-cosmetics.com\/sl\/wp-content\/uploads\/2025\/11\/28142834\/01_1_Set_Micellar_tonic_siva_traka.jpg","type":"image\/jpeg"}],"twitter_card":"summary_large_image","twitter_misc":{"Est. reading time":"2 minuti"},"schema":{"@context":"https:\/\/schema.org","@graph":[{"@type":"WebPage","@id":"https:\/\/activeluxe-cosmetics.com\/sl\/izdelek\/darilni-set-glow-face-care\/","url":"https:\/\/activeluxe-cosmetics.com\/sl\/izdelek\/darilni-set-glow-face-care\/","name":"Darilni set Glow Face Care Active Luxe Cosmetics","isPartOf":{"@id":"https:\/\/activeluxe-cosmetics.com\/sl\/#website"},"primaryImageOfPage":{"@id":"https:\/\/activeluxe-cosmetics.com\/sl\/izdelek\/darilni-set-glow-face-care\/#primaryimage"},"image":{"@id":"https:\/\/activeluxe-cosmetics.com\/sl\/izdelek\/darilni-set-glow-face-care\/#primaryimage"},"thumbnailUrl":"https:\/\/cdn.activeluxe-cosmetics.com\/sl\/wp-content\/uploads\/2025\/11\/28142834\/01_1_Set_Micellar_tonic_siva_traka.jpg","datePublished":"2025-11-11T08:07:29+00:00","dateModified":"2026-03-31T09:59:26+00:00","description":"Darilni set GLOW FACE CARE z micelarno vodico, eliksirjem za obraz in kozmeti\u010dnim trakom v elegantni embala\u017ei. Popolno darilo za sijo\u010do, negovano ko\u017eo.","breadcrumb":{"@id":"https:\/\/activeluxe-cosmetics.com\/sl\/izdelek\/darilni-set-glow-face-care\/#breadcrumb"},"inLanguage":"sl-SI","potentialAction":[{"@type":"ReadAction","target":["https:\/\/activeluxe-cosmetics.com\/sl\/izdelek\/darilni-set-glow-face-care\/"]}]},{"@type":"ImageObject","inLanguage":"sl-SI","@id":"https:\/\/activeluxe-cosmetics.com\/sl\/izdelek\/darilni-set-glow-face-care\/#primaryimage","url":"https:\/\/cdn.activeluxe-cosmetics.com\/sl\/wp-content\/uploads\/2025\/11\/28142834\/01_1_Set_Micellar_tonic_siva_traka.jpg","contentUrl":"https:\/\/cdn.activeluxe-cosmetics.com\/sl\/wp-content\/uploads\/2025\/11\/28142834\/01_1_Set_Micellar_tonic_siva_traka.jpg","width":1104,"height":1326},{"@type":"BreadcrumbList","@id":"https:\/\/activeluxe-cosmetics.com\/sl\/izdelek\/darilni-set-glow-face-care\/#breadcrumb","itemListElement":[{"@type":"ListItem","position":1,"name":"Naslovnica","item":"https:\/\/activeluxe-cosmetics.com\/sl\/"},{"@type":"ListItem","position":2,"name":"Trgovina","item":"https:\/\/activeluxe-cosmetics.com\/sl\/trgovina\/"},{"@type":"ListItem","position":3,"name":"Darilni set: Glow Face Care za sijo\u010do in negovano ko\u017eo obraza"}]},{"@type":"WebSite","@id":"https:\/\/activeluxe-cosmetics.com\/sl\/#website","url":"https:\/\/activeluxe-cosmetics.com\/sl\/","name":"Active Luxe Cosmetics","description":"","potentialAction":[{"@type":"SearchAction","target":{"@type":"EntryPoint","urlTemplate":"https:\/\/activeluxe-cosmetics.com\/sl\/?s={search_term_string}"},"query-input":{"@type":"PropertyValueSpecification","valueRequired":true,"valueName":"search_term_string"}}],"inLanguage":"sl-SI"}]}},"_links":{"self":[{"href":"https:\/\/activeluxe-cosmetics.com\/sl\/wp-json\/wp\/v2\/product\/105347","targetHints":{"allow":["GET"]}}],"collection":[{"href":"https:\/\/activeluxe-cosmetics.com\/sl\/wp-json\/wp\/v2\/product"}],"about":[{"href":"https:\/\/activeluxe-cosmetics.com\/sl\/wp-json\/wp\/v2\/types\/product"}],"replies":[{"embeddable":true,"href":"https:\/\/activeluxe-cosmetics.com\/sl\/wp-json\/wp\/v2\/comments?post=105347"}],"wp:featuredmedia":[{"embeddable":true,"href":"https:\/\/activeluxe-cosmetics.com\/sl\/wp-json\/wp\/v2\/media\/106994"}],"wp:attachment":[{"href":"https:\/\/activeluxe-cosmetics.com\/sl\/wp-json\/wp\/v2\/media?parent=105347"}],"wp:term":[{"taxonomy":"product_brand","embeddable":true,"href":"https:\/\/activeluxe-cosmetics.com\/sl\/wp-json\/wp\/v2\/product_brand?post=105347"},{"taxonomy":"product_cat","embeddable":true,"href":"https:\/\/activeluxe-cosmetics.com\/sl\/wp-json\/wp\/v2\/product_cat?post=105347"},{"taxonomy":"product_tag","embeddable":true,"href":"https:\/\/activeluxe-cosmetics.com\/sl\/wp-json\/wp\/v2\/product_tag?post=105347"}],"curies":[{"name":"wp","href":"https:\/\/api.w.org\/{rel}","templated":true}]}}