{"id":80947,"date":"2024-01-29T12:46:46","date_gmt":"2024-01-29T12:46:46","guid":{"rendered":"https:\/\/activeluxe-cosmetics.com\/sl\/?page_id=80947"},"modified":"2024-05-17T12:10:45","modified_gmt":"2024-05-17T10:10:45","slug":"eu-projekti","status":"publish","type":"page","link":"https:\/\/activeluxe-cosmetics.com\/sl\/eu-projekti\/","title":{"rendered":"EU Projekti"},"content":{"rendered":"\n\t<section class=\"section al-page-title-section\" id=\"section_205775212\">\n\t\t<div class=\"bg section-bg fill bg-fill bg-loaded bg-loaded\" >\n\n\t\t\t\n\t\t\t\n\t\t\t\n\n\t\t<\/div>\n\n\t\t\n\n\t\t<div class=\"section-content relative\">\n\t\t\t\n\n<div class=\"row\"  id=\"row-766836947\">\n\n\n\t<div id=\"col-1831909900\" class=\"col small-12 large-12\"  >\n\t\t\t\t<div class=\"col-inner\"  >\n\t\t\t\n\t\t\t\n\n\t<div id=\"text-1776480867\" class=\"text al-p-48\">\n\t\t\n\n<h2>EU projekti<\/h2>\n\n\t\t\n<style>\n#text-1776480867 {\n  text-align: center;\n}\n<\/style>\n\t<\/div>\n\t\n\n\t\t<\/div>\n\t\t\t\t\t<\/div>\n\n\t\n\n<\/div>\n\t<div id=\"text-1840477249\" class=\"text al-p-16\">\n\t\t\n\n<h2 style=\"text-align: center;\"><span style=\"font-size: 170%;\">RAZVOJ LINIJE PERSONALIZIRANE NARAVNE KOZMETIKE<\/span><\/h2>\n\n\t\t\t<\/div>\n\t\n\n\t\t<\/div>\n\n\t\t\n<style>\n#section_205775212 {\n  padding-top: 50px;\n  padding-bottom: 50px;\n}\n<\/style>\n\t<\/section>\n\t\n\t<section class=\"section\" id=\"section_27283204\">\n\t\t<div class=\"bg section-bg fill bg-fill bg-loaded bg-loaded\" >\n\n\t\t\t\n\t\t\t\n\t\t\t\n\n\t\t<\/div>\n\n\t\t\n\n\t\t<div class=\"section-content relative\">\n\t\t\t\n\n<div class=\"row\"  id=\"row-1586688207\">\n\n\n\t<div id=\"col-46221924\" class=\"col small-12 large-12\"  >\n\t\t\t\t<div class=\"col-inner\"  >\n\t\t\t\n\t\t\t\n\n\t<div id=\"text-891858925\" class=\"text al-p-16\">\n\t\t\n\n<p>\u00a0<\/p>\n<p>Projektna ideja temelji na naravnih proizvodih, lokalni izdelavi, skrbi za uporabnika in za okolje, uvaja re\u0161itve snovne in energetske u\u010dinkovitosti v celotnem \u017eivljenjskem ciklu izdelka, posebno pozornost pa namenja razvoju embala\u017ee za ponovno uporabo ter lastnemu modelu recikliranja.<\/p>\n<p>\u00a0<\/p>\n<p>Projekt se izvaja v okviru javnega razpisa \u00bbSPODBUDE ZA RAZISKOVALNO RAZVOJNE PROJEKTE NOO\u00ab, v obdobju od decembra 2022 do novembra 2024. Vrednost projekta: 519.490,40 EUR. Vrednost EU financiranja: 299.989,92 EUR. Nalo\u017ebo financira Evropska unija iz Sklada za okrevanje in odpornost.<\/p>\n\n\t\t\t<\/div>\n\t\n\n\t\t<\/div>\n\t\t\t\t\t<\/div>\n\n\t\n\n<\/div>\n\t<div id=\"stack-2358158279\" class=\"stack stack-row justify-center items-center\">\n\t\t\n\n\t<div class=\"img has-hover x md-x lg-x y md-y lg-y\" id=\"image_1363966331\">\n\t\t\t\t\t\t\t\t<div class=\"img-inner dark\" >\n\t\t\t<img loading=\"lazy\" decoding=\"async\" width=\"1520\" height=\"484\" src=\"https:\/\/cdn.activeluxe-cosmetics.com\/sl\/wp-content\/uploads\/2024\/01\/28145854\/spirit-slovenia-1520x484-1.png\" class=\"attachment-original size-original\" alt=\"\" srcset=\"https:\/\/cdn.activeluxe-cosmetics.com\/sl\/wp-content\/uploads\/2024\/01\/28145854\/spirit-slovenia-1520x484-1.png 1520w, https:\/\/cdn.activeluxe-cosmetics.com\/sl\/wp-content\/uploads\/2024\/01\/28145854\/spirit-slovenia-1520x484-1-460x146.png 460w, https:\/\/cdn.activeluxe-cosmetics.com\/sl\/wp-content\/uploads\/2024\/01\/28145854\/spirit-slovenia-1520x484-1-1024x326.png 1024w, https:\/\/cdn.activeluxe-cosmetics.com\/sl\/wp-content\/uploads\/2024\/01\/28145854\/spirit-slovenia-1520x484-1-768x245.png 768w, https:\/\/cdn.activeluxe-cosmetics.com\/sl\/wp-content\/uploads\/2024\/01\/28145854\/spirit-slovenia-1520x484-1-600x191.png 600w\" sizes=\"auto, (max-width: 1520px) 100vw, 1520px\" \/>\t\t\t\t\t\t\n\t\t\t\t\t<\/div>\n\t\t\t\t\t\t\t\t\n<style>\n#image_1363966331 {\n  width: 100%;\n}\n<\/style>\n\t<\/div>\n\t\n\n\t<div class=\"img has-hover x md-x lg-x y md-y lg-y\" id=\"image_1373931445\">\n\t\t\t\t\t\t\t\t<div class=\"img-inner dark\" style=\"margin:0px 5px 0px 5px;\">\n\t\t\t<img loading=\"lazy\" decoding=\"async\" width=\"802\" height=\"140\" src=\"https:\/\/cdn.activeluxe-cosmetics.com\/sl\/wp-content\/uploads\/2024\/05\/17105800\/republikaSlovenija.png\" class=\"attachment-original size-original\" alt=\"\" srcset=\"https:\/\/cdn.activeluxe-cosmetics.com\/sl\/wp-content\/uploads\/2024\/05\/17105800\/republikaSlovenija.png 802w, https:\/\/cdn.activeluxe-cosmetics.com\/sl\/wp-content\/uploads\/2024\/05\/17105800\/republikaSlovenija-460x80.png 460w, https:\/\/cdn.activeluxe-cosmetics.com\/sl\/wp-content\/uploads\/2024\/05\/17105800\/republikaSlovenija-768x134.png 768w, https:\/\/cdn.activeluxe-cosmetics.com\/sl\/wp-content\/uploads\/2024\/05\/17105800\/republikaSlovenija-600x105.png 600w\" sizes=\"auto, (max-width: 802px) 100vw, 802px\" \/>\t\t\t\t\t\t\n\t\t\t\t\t<\/div>\n\t\t\t\t\t\t\t\t\n<style>\n#image_1373931445 {\n  width: 100%;\n}\n<\/style>\n\t<\/div>\n\t\n\n\t<div class=\"img has-hover x md-x lg-x y md-y lg-y\" id=\"image_1470420130\">\n\t\t\t\t\t\t\t\t<div class=\"img-inner dark\" >\n\t\t\t<img loading=\"lazy\" decoding=\"async\" width=\"1062\" height=\"328\" src=\"https:\/\/cdn.activeluxe-cosmetics.com\/sl\/wp-content\/uploads\/2024\/05\/17105810\/SL-Financira-EU-NextGeneration.svg\" class=\"attachment-original size-original\" alt=\"\" \/>\t\t\t\t\t\t\n\t\t\t\t\t<\/div>\n\t\t\t\t\t\t\t\t\n<style>\n#image_1470420130 {\n  width: 100%;\n}\n<\/style>\n\t<\/div>\n\t\n\n\t<div class=\"img has-hover x md-x lg-x y md-y lg-y\" id=\"image_1264842361\">\n\t\t\t\t\t\t\t\t<div class=\"img-inner dark\" >\n\t\t\t<img loading=\"lazy\" decoding=\"async\" width=\"368\" height=\"66\" src=\"https:\/\/cdn.activeluxe-cosmetics.com\/sl\/wp-content\/uploads\/2024\/05\/17105848\/NOO_SI.svg\" class=\"attachment-original size-original\" alt=\"\" \/>\t\t\t\t\t\t\n\t\t\t\t\t<\/div>\n\t\t\t\t\t\t\t\t\n<style>\n#image_1264842361 {\n  width: 100%;\n}\n<\/style>\n\t<\/div>\n\t\n\n\n\t\t\n<style>\n#stack-2358158279 > * {\n  --stack-gap: 0rem;\n}\n<\/style>\n\t<\/div>\n\t\n\n\t\t<\/div>\n\n\t\t\n<style>\n#section_27283204 {\n  padding-top: 0px;\n  padding-bottom: 0px;\n}\n<\/style>\n\t<\/section>\n\t\n\n","protected":false},"excerpt":{"rendered":"","protected":false},"author":6,"featured_media":0,"parent":0,"menu_order":0,"comment_status":"closed","ping_status":"closed","template":"","meta":{"footnotes":""},"class_list":["post-80947","page","type-page","status-publish","hentry"],"acf":[],"yoast_head":"<!-- This site is optimized with the Yoast SEO plugin v26.6 - https:\/\/yoast.com\/wordpress\/plugins\/seo\/ -->\n<title>EU Projekti - Active Luxe Cosmetics<\/title>\n<meta name=\"robots\" content=\"index, follow, max-snippet:-1, max-image-preview:large, max-video-preview:-1\" \/>\n<link rel=\"canonical\" href=\"https:\/\/activeluxe-cosmetics.com\/sl\/eu-projekti\/\" \/>\n<meta property=\"og:locale\" content=\"sl_SI\" \/>\n<meta property=\"og:type\" content=\"article\" \/>\n<meta property=\"og:title\" content=\"EU Projekti - Active Luxe Cosmetics\" \/>\n<meta property=\"og:url\" content=\"https:\/\/activeluxe-cosmetics.com\/sl\/eu-projekti\/\" \/>\n<meta property=\"og:site_name\" content=\"Active Luxe Cosmetics\" \/>\n<meta property=\"article:modified_time\" content=\"2024-05-17T10:10:45+00:00\" \/>\n<meta name=\"twitter:card\" content=\"summary_large_image\" \/>\n<script type=\"application\/ld+json\" class=\"yoast-schema-graph\">{\"@context\":\"https:\/\/schema.org\",\"@graph\":[{\"@type\":\"WebPage\",\"@id\":\"https:\/\/activeluxe-cosmetics.com\/sl\/eu-projekti\/\",\"url\":\"https:\/\/activeluxe-cosmetics.com\/sl\/eu-projekti\/\",\"name\":\"EU Projekti - Active Luxe Cosmetics\",\"isPartOf\":{\"@id\":\"https:\/\/activeluxe-cosmetics.com\/sl\/#website\"},\"datePublished\":\"2024-01-29T12:46:46+00:00\",\"dateModified\":\"2024-05-17T10:10:45+00:00\",\"breadcrumb\":{\"@id\":\"https:\/\/activeluxe-cosmetics.com\/sl\/eu-projekti\/#breadcrumb\"},\"inLanguage\":\"sl-SI\",\"potentialAction\":[{\"@type\":\"ReadAction\",\"target\":[\"https:\/\/activeluxe-cosmetics.com\/sl\/eu-projekti\/\"]}]},{\"@type\":\"BreadcrumbList\",\"@id\":\"https:\/\/activeluxe-cosmetics.com\/sl\/eu-projekti\/#breadcrumb\",\"itemListElement\":[{\"@type\":\"ListItem\",\"position\":1,\"name\":\"Naslovnica\",\"item\":\"https:\/\/activeluxe-cosmetics.com\/sl\/\"},{\"@type\":\"ListItem\",\"position\":2,\"name\":\"EU Projekti\"}]},{\"@type\":\"WebSite\",\"@id\":\"https:\/\/activeluxe-cosmetics.com\/sl\/#website\",\"url\":\"https:\/\/activeluxe-cosmetics.com\/sl\/\",\"name\":\"Active Luxe Cosmetics\",\"description\":\"\",\"potentialAction\":[{\"@type\":\"SearchAction\",\"target\":{\"@type\":\"EntryPoint\",\"urlTemplate\":\"https:\/\/activeluxe-cosmetics.com\/sl\/?s={search_term_string}\"},\"query-input\":{\"@type\":\"PropertyValueSpecification\",\"valueRequired\":true,\"valueName\":\"search_term_string\"}}],\"inLanguage\":\"sl-SI\"}]}<\/script>\n<!-- \/ Yoast SEO plugin. -->","yoast_head_json":{"title":"EU Projekti - Active Luxe Cosmetics","robots":{"index":"index","follow":"follow","max-snippet":"max-snippet:-1","max-image-preview":"max-image-preview:large","max-video-preview":"max-video-preview:-1"},"canonical":"https:\/\/activeluxe-cosmetics.com\/sl\/eu-projekti\/","og_locale":"sl_SI","og_type":"article","og_title":"EU Projekti - Active Luxe Cosmetics","og_url":"https:\/\/activeluxe-cosmetics.com\/sl\/eu-projekti\/","og_site_name":"Active Luxe Cosmetics","article_modified_time":"2024-05-17T10:10:45+00:00","twitter_card":"summary_large_image","schema":{"@context":"https:\/\/schema.org","@graph":[{"@type":"WebPage","@id":"https:\/\/activeluxe-cosmetics.com\/sl\/eu-projekti\/","url":"https:\/\/activeluxe-cosmetics.com\/sl\/eu-projekti\/","name":"EU Projekti - Active Luxe Cosmetics","isPartOf":{"@id":"https:\/\/activeluxe-cosmetics.com\/sl\/#website"},"datePublished":"2024-01-29T12:46:46+00:00","dateModified":"2024-05-17T10:10:45+00:00","breadcrumb":{"@id":"https:\/\/activeluxe-cosmetics.com\/sl\/eu-projekti\/#breadcrumb"},"inLanguage":"sl-SI","potentialAction":[{"@type":"ReadAction","target":["https:\/\/activeluxe-cosmetics.com\/sl\/eu-projekti\/"]}]},{"@type":"BreadcrumbList","@id":"https:\/\/activeluxe-cosmetics.com\/sl\/eu-projekti\/#breadcrumb","itemListElement":[{"@type":"ListItem","position":1,"name":"Naslovnica","item":"https:\/\/activeluxe-cosmetics.com\/sl\/"},{"@type":"ListItem","position":2,"name":"EU Projekti"}]},{"@type":"WebSite","@id":"https:\/\/activeluxe-cosmetics.com\/sl\/#website","url":"https:\/\/activeluxe-cosmetics.com\/sl\/","name":"Active Luxe Cosmetics","description":"","potentialAction":[{"@type":"SearchAction","target":{"@type":"EntryPoint","urlTemplate":"https:\/\/activeluxe-cosmetics.com\/sl\/?s={search_term_string}"},"query-input":{"@type":"PropertyValueSpecification","valueRequired":true,"valueName":"search_term_string"}}],"inLanguage":"sl-SI"}]}},"_links":{"self":[{"href":"https:\/\/activeluxe-cosmetics.com\/sl\/wp-json\/wp\/v2\/pages\/80947","targetHints":{"allow":["GET"]}}],"collection":[{"href":"https:\/\/activeluxe-cosmetics.com\/sl\/wp-json\/wp\/v2\/pages"}],"about":[{"href":"https:\/\/activeluxe-cosmetics.com\/sl\/wp-json\/wp\/v2\/types\/page"}],"author":[{"embeddable":true,"href":"https:\/\/activeluxe-cosmetics.com\/sl\/wp-json\/wp\/v2\/users\/6"}],"replies":[{"embeddable":true,"href":"https:\/\/activeluxe-cosmetics.com\/sl\/wp-json\/wp\/v2\/comments?post=80947"}],"version-history":[{"count":8,"href":"https:\/\/activeluxe-cosmetics.com\/sl\/wp-json\/wp\/v2\/pages\/80947\/revisions"}],"predecessor-version":[{"id":84126,"href":"https:\/\/activeluxe-cosmetics.com\/sl\/wp-json\/wp\/v2\/pages\/80947\/revisions\/84126"}],"wp:attachment":[{"href":"https:\/\/activeluxe-cosmetics.com\/sl\/wp-json\/wp\/v2\/media?parent=80947"}],"curies":[{"name":"wp","href":"https:\/\/api.w.org\/{rel}","templated":true}]}}