{"id":80941,"date":"2024-01-29T12:43:41","date_gmt":"2024-01-29T12:43:41","guid":{"rendered":"https:\/\/activeluxe-cosmetics.com\/sl\/?page_id=80941"},"modified":"2026-01-07T08:49:14","modified_gmt":"2026-01-07T07:49:14","slug":"cene-in-nacini-placila","status":"publish","type":"page","link":"https:\/\/activeluxe-cosmetics.com\/sl\/cene-in-nacini-placila\/","title":{"rendered":"Cene in na\u010dini pla\u010dila"},"content":{"rendered":"\n\t<section class=\"section al-page-title-section\" id=\"section_1304279471\">\n\t\t<div class=\"bg section-bg fill bg-fill bg-loaded bg-loaded\" >\n\n\t\t\t\n\t\t\t\n\t\t\t\n\n\t\t<\/div>\n\n\t\t\n\n\t\t<div class=\"section-content relative\">\n\t\t\t\n\n<div class=\"row\"  id=\"row-1492303077\">\n\n\n\t<div id=\"col-1336887078\" class=\"col small-12 large-12\"  >\n\t\t\t\t<div class=\"col-inner\"  >\n\t\t\t\n\t\t\t\n\n\t<div id=\"text-4047839107\" class=\"text al-p-48\">\n\t\t\n\n<h2>Cene in na\u010dini pla\u010dila<\/h2>\n\t\t\n<style>\n#text-4047839107 {\n  text-align: center;\n}\n<\/style>\n\t<\/div>\n\t\n\n\t\t<\/div>\n\t\t\t\t\t<\/div>\n\n\t\n\n<\/div>\n\n\t\t<\/div>\n\n\t\t\n<style>\n#section_1304279471 {\n  padding-top: 50px;\n  padding-bottom: 50px;\n}\n<\/style>\n\t<\/section>\n\t\n\t<section class=\"section\" id=\"section_1251805770\">\n\t\t<div class=\"bg section-bg fill bg-fill bg-loaded bg-loaded\" >\n\n\t\t\t\n\t\t\t\n\t\t\t\n\n\t\t<\/div>\n\n\t\t\n\n\t\t<div class=\"section-content relative\">\n\t\t\t\n\n<div class=\"row\"  id=\"row-1715511124\">\n\n\n\t<div id=\"col-1569961763\" class=\"col small-12 large-12\"  >\n\t\t\t\t<div class=\"col-inner\"  >\n\t\t\t\n\t\t\t\n\n\t<div id=\"text-488159089\" class=\"text al-p-16\">\n\t\t\n\n<h1><strong>Cene in pla\u010dila<\/strong><\/h1>\n<p><span style=\"font-weight: 400;\">Spletna cena velja za vse nakupe preko spletne strani in \u017ee vsebuje dolo\u010den popust, ki se lahko spreminja.<\/span><\/p>\n<p><span style=\"font-weight: 400;\">Mo\u017enost pla\u010dil v spletni trgovini:<\/span><\/p>\n<ul>\n<li style=\"font-weight: 400;\" aria-level=\"1\"><b>z gotovino ob prevzemu<\/b><span style=\"font-weight: 400;\">: naro\u010dilo pla\u010date dostavljalcu z gotovino, ko vam le-ta dostavi naro\u010deno blago. Znesek je naveden ob naro\u010dilu v spletni strani (+ po\u0161tnina 4,50). Ne glede na izbran na\u010din pla\u010dila artiklov boste ra\u010dun za nakup artiklov prejeli na va\u0161 e-naslov (v .pdf formatu) takoj po dostavi paketa oziroma v fizi\u010dni obliki takoj po prevzemu paketa,<\/span><\/li>\n<li style=\"font-weight: 400;\" aria-level=\"1\"><b>z nakazilom<\/b><span style=\"font-weight: 400;\"> na ra\u010dun podjetja Medilip d.o.o. (po ponudbi\/predra\u010dunu),<\/span><\/li>\n<li style=\"font-weight: 400;\" aria-level=\"1\"><b>s paypal-om<\/b><\/li>\n<li style=\"font-weight: 400;\" aria-level=\"1\"><b>s kreditnimi karticami.<\/b><\/li>\n<\/ul>\n<p><span style=\"font-weight: 400;\">Veljavna cena izdelka je tista, ki je objavljena na dan naro\u010dila. Stro\u0161ki dostave so 4,50\u20ac.<\/span><\/p>\n<p><b>V primeru enkratnega naro\u010dila nad 59 \u20ac je dostava brezpla\u010dna.<\/b><\/p>\n<p><span style=\"font-weight: 400;\">Ponudba in cene veljajo do odprodaje zalog, oziroma do va\u0161ega pisnega preklica naro\u010dila. Vse cene vsebujejo DDV. Vso blago je obdav\u010deno po 22% dav\u010dni stopnji. Slike so simboli\u010dne in ne odra\u017eajo vedno v celoti dejanskega stanja. Pridr\u017eujemo si pravico do morebitnih sprememb in napak na internetni strani in ostalih oglasih, brez predhodne najave. V primeru, da s kupljenim blagom iz kakr\u0161negakoli razloga niste zadovoljni, nam morate blago vrniti v roku 15 dni od dneva prejema po\u0161iljke v skladu z <\/span><i><span style=\"font-weight: 400;\">Zakonom o varstvu potro\u0161nikov (ZVPot<\/span><\/i><span style=\"font-weight: 400;\">), pri \u010demer vam ni potrebno navajati razloga.<\/span><\/p>\n<h5><b>Varovanje osebnih podatkov<\/b><\/h5>\n<p><span style=\"font-weight: 400;\">Prodajalec se zavezuje k trajnemu varovanju vseh osebnih podatkov uporabnika. Prodajalec za nedolo\u010den \u010das hrani naslednje podatke uporabnikov, ki se prijavijo na spletne novice: ime in priimek, e-po\u0161tni naslov. Prodajalec bo osebne podatke uporabil izklju\u010dno za potrebe po\u0161iljanja spletnih novic. Uporabnikovi podatki v nobenem primeru ne bodo predani nepoobla\u0161\u010denim osebam. Za varovanje osebnih podatkov je odgovoren tudi uporabnik sam, in sicer tako, da poskrbi za varnost svojega uporabni\u0161kega imena in gesla ter ustrezno programsko (protivirusno) za\u0161\u010dito svojega ra\u010dunalnika.<\/span><\/p>\n<h5><b>Prito\u017ebe in spori<\/b><\/h5>\n<p><span style=\"font-weight: 400;\">Prodajalec spo\u0161tuje veljavno zakonodajo o varstvu potro\u0161nikov. Prodajalec se po vseh mo\u010deh trudi izpolnjevati svojo dol\u017enost vzpostaviti u\u010dinkovit sistem obravnavanja prito\u017eb in dolo\u010diti osebo, s katero se, v primeru te\u017eav, kupec lahko pove\u017ee telefonsko ali po elektronski po\u0161ti. Prito\u017eba se odda prek e-po\u0161tnega naslova info@activeluxe-cosmetics.com. Postopek obravnave prito\u017ebe je zaupen. Ponudnik se zaveda, da je bistvena zna\u010dilnost potro\u0161ni\u0161kega spora, vsaj kar zadeva sodno re\u0161evanje, njegova nesorazmernost med ekonomsko vrednostjo zahtevka in stro\u0161ki, ki nastanejo pri re\u0161evanju samega spora. To je tudi glavna ovira, da potro\u0161nik ne spro\u017ei spora pred sodi\u0161\u010dem. Zato si ponudnik prizadeva po svojih najbolj\u0161ih mo\u010deh, da se morebitni spori re\u0161ijo sporazumno.<\/span><\/p>\n<h5><b>Mnenje, predlogi<\/b><\/h5>\n<p><span style=\"font-weight: 400;\">Va\u0161i predlogi in komentarji so dobrodo\u0161li. Pi\u0161ete nam lahko na mail: <\/span><span style=\"font-weight: 400;\">info@activeluxe-cosmetics.com<\/span><\/p>\n<p><span style=\"font-weight: 400;\">Vsakega mnenja smo zelo veseli, za kar se vam iskreno zahvaljujemo!<\/span><\/p>\n\t\t\t<\/div>\n\t\n\n\t\t<\/div>\n\t\t\t\t\t<\/div>\n\n\t\n\n<\/div>\n\n\t\t<\/div>\n\n\t\t\n<style>\n#section_1251805770 {\n  padding-top: 30px;\n  padding-bottom: 30px;\n}\n<\/style>\n\t<\/section>\n\t\n\n","protected":false},"excerpt":{"rendered":"","protected":false},"author":6,"featured_media":0,"parent":0,"menu_order":0,"comment_status":"closed","ping_status":"closed","template":"","meta":{"footnotes":""},"class_list":["post-80941","page","type-page","status-publish","hentry"],"acf":[],"yoast_head":"<!-- This site is optimized with the Yoast SEO plugin v26.6 - https:\/\/yoast.com\/wordpress\/plugins\/seo\/ -->\n<title>Cene in na\u010dini pla\u010dila - Active Luxe Cosmetics<\/title>\n<meta name=\"robots\" content=\"index, follow, max-snippet:-1, max-image-preview:large, max-video-preview:-1\" \/>\n<link rel=\"canonical\" href=\"https:\/\/activeluxe-cosmetics.com\/sl\/cene-in-nacini-placila\/\" \/>\n<meta property=\"og:locale\" content=\"sl_SI\" \/>\n<meta property=\"og:type\" content=\"article\" \/>\n<meta property=\"og:title\" content=\"Cene in na\u010dini pla\u010dila - Active Luxe Cosmetics\" \/>\n<meta property=\"og:url\" content=\"https:\/\/activeluxe-cosmetics.com\/sl\/cene-in-nacini-placila\/\" \/>\n<meta property=\"og:site_name\" content=\"Active Luxe Cosmetics\" \/>\n<meta property=\"article:modified_time\" content=\"2026-01-07T07:49:14+00:00\" \/>\n<meta name=\"twitter:card\" content=\"summary_large_image\" \/>\n<meta name=\"twitter:label1\" content=\"Est. reading time\" \/>\n\t<meta name=\"twitter:data1\" content=\"3 minute\" \/>\n<script type=\"application\/ld+json\" class=\"yoast-schema-graph\">{\"@context\":\"https:\/\/schema.org\",\"@graph\":[{\"@type\":\"WebPage\",\"@id\":\"https:\/\/activeluxe-cosmetics.com\/sl\/cene-in-nacini-placila\/\",\"url\":\"https:\/\/activeluxe-cosmetics.com\/sl\/cene-in-nacini-placila\/\",\"name\":\"Cene in na\u010dini pla\u010dila - Active Luxe Cosmetics\",\"isPartOf\":{\"@id\":\"https:\/\/activeluxe-cosmetics.com\/sl\/#website\"},\"datePublished\":\"2024-01-29T12:43:41+00:00\",\"dateModified\":\"2026-01-07T07:49:14+00:00\",\"breadcrumb\":{\"@id\":\"https:\/\/activeluxe-cosmetics.com\/sl\/cene-in-nacini-placila\/#breadcrumb\"},\"inLanguage\":\"sl-SI\",\"potentialAction\":[{\"@type\":\"ReadAction\",\"target\":[\"https:\/\/activeluxe-cosmetics.com\/sl\/cene-in-nacini-placila\/\"]}]},{\"@type\":\"BreadcrumbList\",\"@id\":\"https:\/\/activeluxe-cosmetics.com\/sl\/cene-in-nacini-placila\/#breadcrumb\",\"itemListElement\":[{\"@type\":\"ListItem\",\"position\":1,\"name\":\"Naslovnica\",\"item\":\"https:\/\/activeluxe-cosmetics.com\/sl\/\"},{\"@type\":\"ListItem\",\"position\":2,\"name\":\"Cene in na\u010dini pla\u010dila\"}]},{\"@type\":\"WebSite\",\"@id\":\"https:\/\/activeluxe-cosmetics.com\/sl\/#website\",\"url\":\"https:\/\/activeluxe-cosmetics.com\/sl\/\",\"name\":\"Active Luxe Cosmetics\",\"description\":\"\",\"potentialAction\":[{\"@type\":\"SearchAction\",\"target\":{\"@type\":\"EntryPoint\",\"urlTemplate\":\"https:\/\/activeluxe-cosmetics.com\/sl\/?s={search_term_string}\"},\"query-input\":{\"@type\":\"PropertyValueSpecification\",\"valueRequired\":true,\"valueName\":\"search_term_string\"}}],\"inLanguage\":\"sl-SI\"}]}<\/script>\n<!-- \/ Yoast SEO plugin. -->","yoast_head_json":{"title":"Cene in na\u010dini pla\u010dila - Active Luxe Cosmetics","robots":{"index":"index","follow":"follow","max-snippet":"max-snippet:-1","max-image-preview":"max-image-preview:large","max-video-preview":"max-video-preview:-1"},"canonical":"https:\/\/activeluxe-cosmetics.com\/sl\/cene-in-nacini-placila\/","og_locale":"sl_SI","og_type":"article","og_title":"Cene in na\u010dini pla\u010dila - Active Luxe Cosmetics","og_url":"https:\/\/activeluxe-cosmetics.com\/sl\/cene-in-nacini-placila\/","og_site_name":"Active Luxe Cosmetics","article_modified_time":"2026-01-07T07:49:14+00:00","twitter_card":"summary_large_image","twitter_misc":{"Est. reading time":"3 minute"},"schema":{"@context":"https:\/\/schema.org","@graph":[{"@type":"WebPage","@id":"https:\/\/activeluxe-cosmetics.com\/sl\/cene-in-nacini-placila\/","url":"https:\/\/activeluxe-cosmetics.com\/sl\/cene-in-nacini-placila\/","name":"Cene in na\u010dini pla\u010dila - Active Luxe Cosmetics","isPartOf":{"@id":"https:\/\/activeluxe-cosmetics.com\/sl\/#website"},"datePublished":"2024-01-29T12:43:41+00:00","dateModified":"2026-01-07T07:49:14+00:00","breadcrumb":{"@id":"https:\/\/activeluxe-cosmetics.com\/sl\/cene-in-nacini-placila\/#breadcrumb"},"inLanguage":"sl-SI","potentialAction":[{"@type":"ReadAction","target":["https:\/\/activeluxe-cosmetics.com\/sl\/cene-in-nacini-placila\/"]}]},{"@type":"BreadcrumbList","@id":"https:\/\/activeluxe-cosmetics.com\/sl\/cene-in-nacini-placila\/#breadcrumb","itemListElement":[{"@type":"ListItem","position":1,"name":"Naslovnica","item":"https:\/\/activeluxe-cosmetics.com\/sl\/"},{"@type":"ListItem","position":2,"name":"Cene in na\u010dini pla\u010dila"}]},{"@type":"WebSite","@id":"https:\/\/activeluxe-cosmetics.com\/sl\/#website","url":"https:\/\/activeluxe-cosmetics.com\/sl\/","name":"Active Luxe Cosmetics","description":"","potentialAction":[{"@type":"SearchAction","target":{"@type":"EntryPoint","urlTemplate":"https:\/\/activeluxe-cosmetics.com\/sl\/?s={search_term_string}"},"query-input":{"@type":"PropertyValueSpecification","valueRequired":true,"valueName":"search_term_string"}}],"inLanguage":"sl-SI"}]}},"_links":{"self":[{"href":"https:\/\/activeluxe-cosmetics.com\/sl\/wp-json\/wp\/v2\/pages\/80941","targetHints":{"allow":["GET"]}}],"collection":[{"href":"https:\/\/activeluxe-cosmetics.com\/sl\/wp-json\/wp\/v2\/pages"}],"about":[{"href":"https:\/\/activeluxe-cosmetics.com\/sl\/wp-json\/wp\/v2\/types\/page"}],"author":[{"embeddable":true,"href":"https:\/\/activeluxe-cosmetics.com\/sl\/wp-json\/wp\/v2\/users\/6"}],"replies":[{"embeddable":true,"href":"https:\/\/activeluxe-cosmetics.com\/sl\/wp-json\/wp\/v2\/comments?post=80941"}],"version-history":[{"count":12,"href":"https:\/\/activeluxe-cosmetics.com\/sl\/wp-json\/wp\/v2\/pages\/80941\/revisions"}],"predecessor-version":[{"id":109283,"href":"https:\/\/activeluxe-cosmetics.com\/sl\/wp-json\/wp\/v2\/pages\/80941\/revisions\/109283"}],"wp:attachment":[{"href":"https:\/\/activeluxe-cosmetics.com\/sl\/wp-json\/wp\/v2\/media?parent=80941"}],"curies":[{"name":"wp","href":"https:\/\/api.w.org\/{rel}","templated":true}]}}