{"id":80938,"date":"2024-01-29T12:42:19","date_gmt":"2024-01-29T12:42:19","guid":{"rendered":"https:\/\/activeluxe-cosmetics.com\/sl\/?page_id=80938"},"modified":"2026-01-07T08:46:00","modified_gmt":"2026-01-07T07:46:00","slug":"podatki-o-dostavi","status":"publish","type":"page","link":"https:\/\/activeluxe-cosmetics.com\/sl\/podatki-o-dostavi\/","title":{"rendered":"Podatki o dostavi"},"content":{"rendered":"\n\t<section class=\"section al-page-title-section\" id=\"section_243990133\">\n\t\t<div class=\"bg section-bg fill bg-fill bg-loaded bg-loaded\" >\n\n\t\t\t\n\t\t\t\n\t\t\t\n\n\t\t<\/div>\n\n\t\t\n\n\t\t<div class=\"section-content relative\">\n\t\t\t\n\n<div class=\"row\"  id=\"row-178197412\">\n\n\n\t<div id=\"col-795752437\" class=\"col small-12 large-12\"  >\n\t\t\t\t<div class=\"col-inner\"  >\n\t\t\t\n\t\t\t\n\n\t<div id=\"text-3850120125\" class=\"text al-p-48\">\n\t\t\n\n<h2>Podatki o dostavi<\/h2>\n\t\t\n<style>\n#text-3850120125 {\n  text-align: center;\n}\n<\/style>\n\t<\/div>\n\t\n\n\t\t<\/div>\n\t\t\t\t\t<\/div>\n\n\t\n\n<\/div>\n\n\t\t<\/div>\n\n\t\t\n<style>\n#section_243990133 {\n  padding-top: 50px;\n  padding-bottom: 50px;\n}\n<\/style>\n\t<\/section>\n\t\n\t<section class=\"section\" id=\"section_741485362\">\n\t\t<div class=\"bg section-bg fill bg-fill bg-loaded bg-loaded\" >\n\n\t\t\t\n\t\t\t\n\t\t\t\n\n\t\t<\/div>\n\n\t\t\n\n\t\t<div class=\"section-content relative\">\n\t\t\t\n\n<div class=\"row\"  id=\"row-674850291\">\n\n\n\t<div id=\"col-165126219\" class=\"col small-12 large-12\"  >\n\t\t\t\t<div class=\"col-inner\"  >\n\t\t\t\n\t\t\t\n\n\t<div id=\"text-3216877538\" class=\"text al-p-16\">\n\t\t\n\n<h5><strong>Na\u010din in stro\u0161ek dostave<\/strong><\/h5>\n<p><span style=\"font-weight: 400;\">Pogodbeni partner za dostavo po\u0161iljk je Po\u0161ta Slovenija, ki ve\u010dino paketov dostavi \u017ee naslednji delovni dan (dostava od 1-3 delovne dni, najkasneje do 5 delovnih dni).<\/span><\/p>\n<p><span style=\"font-weight: 400;\">Stro\u0161ek dostave je enoten za vso Slovenijo in zna\u0161a 4,50 eur za vsa naro\u010dila, ki zna\u0161ajo manj kot 59 \u20ac.<\/span><\/p>\n<p><b>Za spletna naro\u010dila nad 59 \u20ac je dostava brezpla\u010dna.<\/b><\/p>\n<p><span style=\"font-weight: 400;\">Naro\u010deno blago bo odposlano na naslov, ki ste ga navedli ob naro\u010dilu. Dostava se vr\u0161i od ponedeljka do petka v dopoldanskih urah. V nobenem primeru pa spletna trgovina ni odgovorna za prekora\u010den rok dostave. V primeru, da naro\u010denega izdelka ni na zalogi, vas bomo o tem obvestili in vam predstavili ostalo ponudbo ali vam sporo\u010dili dobavni rok za naro\u010den artikel. Vse po\u0161iljke dostavlja Po\u0161ta Slovenija.<\/span><\/p>\n<h5><strong>Prevzemno mesto<\/strong><\/h5>\n<p><span style=\"font-weight: 400;\">Naro\u010dene izdelke lahko po \u017eelji prevzamete tudi v skladi\u0161\u010dnih prostorih podjetja na <\/span><b>Prvomajski 18a, 3000 Celje<\/b><span style=\"font-weight: 400;\">, po predhodnem telefonskem dogovoru.<\/span><\/p>\n<h5><strong>Po\u0161kodbe izdelka<\/strong><\/h5>\n<p><span style=\"font-weight: 400;\">Kupec je dol\u017ean pri prevzemu izdelka pozorno pregledati embala\u017eo in njeno vsebino. V primeru po\u0161kodbe izdelka je kupec dol\u017ean na po\u0161kodbo takoj opozoriti dostavljalca. Kupec je dol\u017ean skupaj s po\u0161tnim delavcem sestaviti uradni zapisnik, posebej pozorno pa izpolniti rubriko o stanju embala\u017ee in izdelka. Kupec bo odstopil po\u0161kodovan izdelek, ki bo skupaj z uradnim zapisnikom na stro\u0161ke Medilip d.o.o. poslan na naslov po\u0161iljatelja. Po prejemu po\u0161kodovanega izdelka bomo v najkraj\u0161em mo\u017enem roku poslali kupcu nov izdelek. V primeru, da kupec opazi po\u0161kodbo po dostavi izdelka, vendar v najve\u010d 30 dneh po dostavi, po\u0161kodbo prijavi na <\/span><span style=\"font-weight: 400;\">info@activeluxe-cosmetics.com,<\/span><span style=\"font-weight: 400;\"> ali tel. \u0161t. <\/span><b>0(3) 548 12 34<\/b><span style=\"font-weight: 400;\">. Pogoj za prijavo po\u0161kodbe izdelka v roku 30 dni po dostavi je shranjena embala\u017ea, na podlagi katere se ugotavlja, kje oz. kako je po\u0161kodba nastala. Za\u017eeleno je tudi, da je po\u0161kodba zabele\u017eena s fotoaparatom in fotografije poslane na naslov <\/span><span style=\"font-weight: 400;\">info@activeluxe-cosmetics.com<\/span><span style=\"font-weight: 400;\">. Vse kasnej\u0161e reklamacije po\u0161kodb izdelka prevozniki upo\u0161tevajo le izjemoma in jih v njihovem imenu tudi na\u0161e podjetje ne more re\u0161iti.<\/span><\/p>\n<h5><strong>Mnenje, predlogi<\/strong><\/h5>\n<p><span style=\"font-weight: 400;\">Va\u0161i predlogi in komentarji so dobrodo\u0161li. Pi\u0161ete nam lahko na mail: <\/span><span style=\"font-weight: 400;\">info@activeluxe-cosmetics.com<\/span><\/p>\n<p><span style=\"font-weight: 400;\">Vsakega mnenja smo zelo veseli, za kar se vam iskreno zahvaljujemo!<\/span><\/p>\n\t\t\t<\/div>\n\t\n\n\t\t<\/div>\n\t\t\t\t\t<\/div>\n\n\t\n\n<\/div>\n\n\t\t<\/div>\n\n\t\t\n<style>\n#section_741485362 {\n  padding-top: 30px;\n  padding-bottom: 30px;\n}\n<\/style>\n\t<\/section>\n\t\n\n","protected":false},"excerpt":{"rendered":"","protected":false},"author":6,"featured_media":0,"parent":0,"menu_order":0,"comment_status":"closed","ping_status":"closed","template":"","meta":{"footnotes":""},"class_list":["post-80938","page","type-page","status-publish","hentry"],"acf":[],"yoast_head":"<!-- This site is optimized with the Yoast SEO plugin v26.6 - https:\/\/yoast.com\/wordpress\/plugins\/seo\/ -->\n<title>Podatki o dostavi - Active Luxe Cosmetics<\/title>\n<meta name=\"robots\" content=\"index, follow, max-snippet:-1, max-image-preview:large, max-video-preview:-1\" \/>\n<link rel=\"canonical\" href=\"https:\/\/activeluxe-cosmetics.com\/sl\/podatki-o-dostavi\/\" \/>\n<meta property=\"og:locale\" content=\"sl_SI\" \/>\n<meta property=\"og:type\" content=\"article\" \/>\n<meta property=\"og:title\" content=\"Podatki o dostavi - Active Luxe Cosmetics\" \/>\n<meta property=\"og:url\" content=\"https:\/\/activeluxe-cosmetics.com\/sl\/podatki-o-dostavi\/\" \/>\n<meta property=\"og:site_name\" content=\"Active Luxe Cosmetics\" \/>\n<meta property=\"article:modified_time\" content=\"2026-01-07T07:46:00+00:00\" \/>\n<meta name=\"twitter:card\" content=\"summary_large_image\" \/>\n<script type=\"application\/ld+json\" class=\"yoast-schema-graph\">{\"@context\":\"https:\/\/schema.org\",\"@graph\":[{\"@type\":\"WebPage\",\"@id\":\"https:\/\/activeluxe-cosmetics.com\/sl\/podatki-o-dostavi\/\",\"url\":\"https:\/\/activeluxe-cosmetics.com\/sl\/podatki-o-dostavi\/\",\"name\":\"Podatki o dostavi - Active Luxe Cosmetics\",\"isPartOf\":{\"@id\":\"https:\/\/activeluxe-cosmetics.com\/sl\/#website\"},\"datePublished\":\"2024-01-29T12:42:19+00:00\",\"dateModified\":\"2026-01-07T07:46:00+00:00\",\"breadcrumb\":{\"@id\":\"https:\/\/activeluxe-cosmetics.com\/sl\/podatki-o-dostavi\/#breadcrumb\"},\"inLanguage\":\"sl-SI\",\"potentialAction\":[{\"@type\":\"ReadAction\",\"target\":[\"https:\/\/activeluxe-cosmetics.com\/sl\/podatki-o-dostavi\/\"]}]},{\"@type\":\"BreadcrumbList\",\"@id\":\"https:\/\/activeluxe-cosmetics.com\/sl\/podatki-o-dostavi\/#breadcrumb\",\"itemListElement\":[{\"@type\":\"ListItem\",\"position\":1,\"name\":\"Naslovnica\",\"item\":\"https:\/\/activeluxe-cosmetics.com\/sl\/\"},{\"@type\":\"ListItem\",\"position\":2,\"name\":\"Podatki o dostavi\"}]},{\"@type\":\"WebSite\",\"@id\":\"https:\/\/activeluxe-cosmetics.com\/sl\/#website\",\"url\":\"https:\/\/activeluxe-cosmetics.com\/sl\/\",\"name\":\"Active Luxe Cosmetics\",\"description\":\"\",\"potentialAction\":[{\"@type\":\"SearchAction\",\"target\":{\"@type\":\"EntryPoint\",\"urlTemplate\":\"https:\/\/activeluxe-cosmetics.com\/sl\/?s={search_term_string}\"},\"query-input\":{\"@type\":\"PropertyValueSpecification\",\"valueRequired\":true,\"valueName\":\"search_term_string\"}}],\"inLanguage\":\"sl-SI\"}]}<\/script>\n<!-- \/ Yoast SEO plugin. -->","yoast_head_json":{"title":"Podatki o dostavi - Active Luxe Cosmetics","robots":{"index":"index","follow":"follow","max-snippet":"max-snippet:-1","max-image-preview":"max-image-preview:large","max-video-preview":"max-video-preview:-1"},"canonical":"https:\/\/activeluxe-cosmetics.com\/sl\/podatki-o-dostavi\/","og_locale":"sl_SI","og_type":"article","og_title":"Podatki o dostavi - Active Luxe Cosmetics","og_url":"https:\/\/activeluxe-cosmetics.com\/sl\/podatki-o-dostavi\/","og_site_name":"Active Luxe Cosmetics","article_modified_time":"2026-01-07T07:46:00+00:00","twitter_card":"summary_large_image","schema":{"@context":"https:\/\/schema.org","@graph":[{"@type":"WebPage","@id":"https:\/\/activeluxe-cosmetics.com\/sl\/podatki-o-dostavi\/","url":"https:\/\/activeluxe-cosmetics.com\/sl\/podatki-o-dostavi\/","name":"Podatki o dostavi - Active Luxe Cosmetics","isPartOf":{"@id":"https:\/\/activeluxe-cosmetics.com\/sl\/#website"},"datePublished":"2024-01-29T12:42:19+00:00","dateModified":"2026-01-07T07:46:00+00:00","breadcrumb":{"@id":"https:\/\/activeluxe-cosmetics.com\/sl\/podatki-o-dostavi\/#breadcrumb"},"inLanguage":"sl-SI","potentialAction":[{"@type":"ReadAction","target":["https:\/\/activeluxe-cosmetics.com\/sl\/podatki-o-dostavi\/"]}]},{"@type":"BreadcrumbList","@id":"https:\/\/activeluxe-cosmetics.com\/sl\/podatki-o-dostavi\/#breadcrumb","itemListElement":[{"@type":"ListItem","position":1,"name":"Naslovnica","item":"https:\/\/activeluxe-cosmetics.com\/sl\/"},{"@type":"ListItem","position":2,"name":"Podatki o dostavi"}]},{"@type":"WebSite","@id":"https:\/\/activeluxe-cosmetics.com\/sl\/#website","url":"https:\/\/activeluxe-cosmetics.com\/sl\/","name":"Active Luxe Cosmetics","description":"","potentialAction":[{"@type":"SearchAction","target":{"@type":"EntryPoint","urlTemplate":"https:\/\/activeluxe-cosmetics.com\/sl\/?s={search_term_string}"},"query-input":{"@type":"PropertyValueSpecification","valueRequired":true,"valueName":"search_term_string"}}],"inLanguage":"sl-SI"}]}},"_links":{"self":[{"href":"https:\/\/activeluxe-cosmetics.com\/sl\/wp-json\/wp\/v2\/pages\/80938","targetHints":{"allow":["GET"]}}],"collection":[{"href":"https:\/\/activeluxe-cosmetics.com\/sl\/wp-json\/wp\/v2\/pages"}],"about":[{"href":"https:\/\/activeluxe-cosmetics.com\/sl\/wp-json\/wp\/v2\/types\/page"}],"author":[{"embeddable":true,"href":"https:\/\/activeluxe-cosmetics.com\/sl\/wp-json\/wp\/v2\/users\/6"}],"replies":[{"embeddable":true,"href":"https:\/\/activeluxe-cosmetics.com\/sl\/wp-json\/wp\/v2\/comments?post=80938"}],"version-history":[{"count":12,"href":"https:\/\/activeluxe-cosmetics.com\/sl\/wp-json\/wp\/v2\/pages\/80938\/revisions"}],"predecessor-version":[{"id":109279,"href":"https:\/\/activeluxe-cosmetics.com\/sl\/wp-json\/wp\/v2\/pages\/80938\/revisions\/109279"}],"wp:attachment":[{"href":"https:\/\/activeluxe-cosmetics.com\/sl\/wp-json\/wp\/v2\/media?parent=80938"}],"curies":[{"name":"wp","href":"https:\/\/api.w.org\/{rel}","templated":true}]}}