{"id":88388,"date":"2026-02-11T15:32:45","date_gmt":"2026-02-11T14:32:45","guid":{"rendered":"https:\/\/activeluxe-cosmetics.com\/rs\/?post_type=product&#038;p=88388"},"modified":"2026-02-11T15:33:52","modified_gmt":"2026-02-11T14:33:52","slug":"hair-sos-routine-tonik-i-sampon-za-rast-kose","status":"publish","type":"product","link":"https:\/\/activeluxe-cosmetics.com\/rs\/izdelek\/hair-sos-routine-tonik-i-sampon-za-rast-kose\/","title":{"rendered":"HAIR SOS ROUTINE: tonik i \u0161ampon za rast kose"},"content":{"rendered":"<h2 data-pm-slice=\"1 1 []\"><strong><img loading=\"lazy\" decoding=\"async\" class=\"size-medium wp-image-83938 alignright\" src=\"https:\/\/activeluxe-cosmetics.com\/rs\/wp-content\/uploads\/2024\/11\/36_2_ShampooNormal-460x553.jpg\" alt=\"\" width=\"460\" height=\"553\" srcset=\"https:\/\/activeluxe-cosmetics.com\/rs\/wp-content\/uploads\/2024\/11\/36_2_ShampooNormal-460x553.jpg 460w, https:\/\/activeluxe-cosmetics.com\/rs\/wp-content\/uploads\/2024\/11\/36_2_ShampooNormal-853x1024.jpg 853w, https:\/\/activeluxe-cosmetics.com\/rs\/wp-content\/uploads\/2024\/11\/36_2_ShampooNormal-768x922.jpg 768w, https:\/\/activeluxe-cosmetics.com\/rs\/wp-content\/uploads\/2024\/11\/36_2_ShampooNormal-600x721.jpg 600w, https:\/\/activeluxe-cosmetics.com\/rs\/wp-content\/uploads\/2024\/11\/36_2_ShampooNormal.jpg 1104w\" sizes=\"auto, (max-width: 460px) 100vw, 460px\" \/>Provereni proizvodi<\/strong> kojima mo\u017ee\u0161 verovati<\/h2>\n<p data-pm-slice=\"1 1 []\"><strong>Hair SOS rutina<\/strong>\u00a0objedinjuje\u00a0<strong>dve klini\u010dki testirane formule<\/strong> koje zajedno deluju tamo gde problemi sa kosom zapo\u010dinju na vlasi\u0161tu.<\/p>\n<p>Hair SOS rutina osmi\u0161ljena je da omogu\u0107i podr\u0161ku kosi u periodu <strong>pove\u0107anog stresa<\/strong>,\u00a0<strong>sezonskog opadanja<\/strong>,\u00a0<strong>hormonskih promena<\/strong> i\u00a0<strong>mehani\u010dkih o\u0161te\u0107enja<\/strong> (poput \u010destog vezivanja kose).<\/p>\n<ul>\n<li>Redovnom upotrebom kosa postaje <strong>ja\u010da<\/strong>, <strong>gu\u0161\u0107a i<\/strong>\u00a0<strong>zdravija<\/strong>.<\/li>\n<li>Pogodna je za \u017eene i mu\u0161karce koji \u017eele omogu\u0107iti <strong>zdrav izgled kose<\/strong> u periodu pove\u0107anog stresa.<\/li>\n<\/ul>\n<h3><\/h3>\n<h2><\/h2>\n<h2><\/h2>\n<p>&nbsp;<\/p>\n<p>&nbsp;<\/p>\n<p>&nbsp;<\/p>\n<p>&nbsp;<\/p>\n<p>&nbsp;<\/p>\n<h2><img loading=\"lazy\" decoding=\"async\" class=\"wp-image-100833 alignleft lazy-load-active\" src=\"https:\/\/cdn.activeluxe-cosmetics.com\/sl\/wp-content\/uploads\/2024\/10\/18140917\/sampon_za_rast_las_alc-460x575.png\" alt=\"\u0160ampon za rast las Active Luxe\" width=\"456\" height=\"571\" data-src=\"https:\/\/cdn.activeluxe-cosmetics.com\/sl\/wp-content\/uploads\/2024\/10\/18140917\/sampon_za_rast_las_alc-460x575.png\" \/><\/h2>\n<h2><strong>Klini\u010dki dokazani<\/strong>\u00a0i merljivi rezultati<\/h2>\n<p class=\"product-title product_title entry-title\"><em><strong>\u0160ampon za aktivni rast i protiv opadanja kose<\/strong><\/em><\/p>\n<p>Formula \u0161ampona formulisana je za redovnu upotrebu i podr\u0161ku vlasi\u0161tu ve\u0107 od prvog koraka rutine.<\/p>\n<p data-start=\"75\" data-end=\"95\"><strong data-start=\"75\" data-end=\"95\">Dokazani rezultati:<\/strong><\/p>\n<ul>\n<li data-start=\"99\" data-end=\"130\">poma\u017ee pri smanjenju opadanje kose<\/li>\n<li data-start=\"99\" data-end=\"130\">ja\u010da folikule dlake i strukturu vlasi<\/li>\n<li data-start=\"99\" data-end=\"130\">potsti\u010de prokrvljenost vlasi\u0161ta i dovod hranjivih materija do korena<\/li>\n<li data-start=\"99\" data-end=\"130\">poma\u017ee pri usporavanju slabljenja i starenje folikula dlake<\/li>\n<\/ul>\n<p data-start=\"301\" data-end=\"390\"><strong data-start=\"301\" data-end=\"390\">Redovnom upotrebom (2\u20133\u00d7 nedeljno) kosa postaje ja\u010da, otpornija i vidljivo punija.<\/strong><\/p>\n<p data-start=\"392\" data-end=\"478\" data-is-last-node=\"\" data-is-only-node=\"\"><strong data-start=\"392\" data-end=\"478\" data-is-last-node=\"\">Primetno smanjenje opadanja kose mo\u017ee biti vidljivo ve\u0107 nakon 6 nedelja redovne upotrebe.<\/strong><\/p>\n<p>&nbsp;<\/p>\n<p>&nbsp;<\/p>\n<p>&nbsp;<\/p>\n<h3><\/h3>\n<h3><\/h3>\n<h3><\/h3>\n<p><em><b><img loading=\"lazy\" decoding=\"async\" class=\"size-medium wp-image-88390 alignright\" src=\"https:\/\/activeluxe-cosmetics.com\/rs\/wp-content\/uploads\/2026\/02\/tabela_rs-460x575.jpg\" alt=\"\" width=\"460\" height=\"575\" srcset=\"https:\/\/activeluxe-cosmetics.com\/rs\/wp-content\/uploads\/2026\/02\/tabela_rs-460x575.jpg 460w, https:\/\/activeluxe-cosmetics.com\/rs\/wp-content\/uploads\/2026\/02\/tabela_rs-819x1024.jpg 819w, https:\/\/activeluxe-cosmetics.com\/rs\/wp-content\/uploads\/2026\/02\/tabela_rs-768x960.jpg 768w, https:\/\/activeluxe-cosmetics.com\/rs\/wp-content\/uploads\/2026\/02\/tabela_rs-600x750.jpg 600w, https:\/\/activeluxe-cosmetics.com\/rs\/wp-content\/uploads\/2026\/02\/tabela_rs.jpg 1080w\" sizes=\"auto, (max-width: 460px) 100vw, 460px\" \/><\/b><\/em><\/p>\n<h2><strong>Trostruka snaga<\/strong>\u00a0za vidljivo manje opadanja i gu\u0161\u0107u kosu<\/h2>\n<p class=\"product-title product_title entry-title\"><em><strong>Tonik za aktivni rast kose sa trostrukim delovanjem<\/strong><\/em><\/p>\n<p>Tonik se nanosi direktno na vlasi\u0161te i omogu\u0107uje ciljano delovanje aktivnih sastojaka.<\/p>\n<p data-start=\"47\" data-end=\"99\"><strong data-start=\"47\" data-end=\"99\">Klini\u010dki potvr\u0111eni rezultati aktivnih sastojaka:<\/strong><\/p>\n<ul>\n<li data-start=\"103\" data-end=\"132\">do 46 % manje opadanja kose<\/li>\n<li data-start=\"103\" data-end=\"132\">do 121 % ve\u0107a gusto\u0107a kose<\/li>\n<\/ul>\n<p data-start=\"47\" data-end=\"79\"><strong data-start=\"47\" data-end=\"79\">Trostruko delovanje tonika:<\/strong><\/p>\n<ul>\n<li data-start=\"83\" data-end=\"120\">podr\u017eava prirodni ciklus rasta kose<\/li>\n<li data-start=\"83\" data-end=\"120\">ja\u010da kosu pri korenu i smanjuje lomljenje<\/li>\n<li data-start=\"83\" data-end=\"120\">pobolj\u0161ava stanje vlasi\u0161ta i stvara optimalne uslove za rast<\/li>\n<\/ul>\n<p>Formula je lagana, nemasna i pogodna za svakodnevnu upotrebu.<\/p>\n<h4><strong>Navedeni rezultati temelje se na klini\u010dkim ispitivanjima aktivnih sastojaka kori\u0161\u0107enih u proizvodima i na redovnoj i upornoj upotrebi \u0161ampona i tonika.<\/strong><\/h4>\n<p>&nbsp;<\/p>\n<p>&nbsp;<\/p>\n<div class=\"flex flex-col text-sm pb-25\">\n<article class=\"text-token-text-primary w-full focus:outline-none [--shadow-height:45px] has-data-writing-block:pointer-events-none has-data-writing-block:-mt-(--shadow-height) has-data-writing-block:pt-(--shadow-height) [&amp;:has([data-writing-block])&gt;*]:pointer-events-auto scroll-mt-[calc(var(--header-height)+min(200px,max(70px,20svh)))]\" dir=\"auto\" tabindex=\"-1\" data-turn-id=\"ccbc859b-2011-4e2b-9c79-cad8abf45670\" data-testid=\"conversation-turn-82\" data-scroll-anchor=\"true\" data-turn=\"assistant\">\n<div class=\"text-base my-auto mx-auto pb-10 [--thread-content-margin:--spacing(4)] @w-sm\/main:[--thread-content-margin:--spacing(6)] @w-lg\/main:[--thread-content-margin:--spacing(16)] px-(--thread-content-margin)\">\n<div class=\"[--thread-content-max-width:40rem] @w-lg\/main:[--thread-content-max-width:48rem] mx-auto max-w-(--thread-content-max-width) flex-1 group\/turn-messages focus-visible:outline-hidden relative flex w-full min-w-0 flex-col agent-turn\" tabindex=\"-1\">\n<div class=\"flex max-w-full flex-col grow\">\n<div class=\"min-h-8 text-message relative flex w-full flex-col items-end gap-2 text-start break-words whitespace-normal [.text-message+&amp;]:mt-1\" dir=\"auto\" data-message-author-role=\"assistant\" data-message-id=\"c1ba1f63-20b9-4169-a062-efe19eec387c\" data-message-model-slug=\"gpt-5-2\">\n<div class=\"flex w-full flex-col gap-1 empty:hidden first:pt-[1px]\">\n<div class=\"markdown prose dark:prose-invert w-full wrap-break-word dark markdown-new-styling\"><\/div>\n<\/div>\n<\/div>\n<\/div>\n<\/div>\n<\/div>\n<\/article>\n<\/div>\n<p>&nbsp;<\/p>\n<p>&nbsp;<\/p>\n<h2><\/h2>\n<h2><strong><img loading=\"lazy\" decoding=\"async\" class=\"wp-image-110191 alignleft lazy-load-active\" src=\"https:\/\/cdn.activeluxe-cosmetics.com\/sl\/wp-content\/uploads\/2026\/02\/02133157\/Shampoo-Tonic_Iva_Active-Luxe-460x575.png\" alt=\"\" width=\"456\" height=\"571\" data-src=\"https:\/\/cdn.activeluxe-cosmetics.com\/sl\/wp-content\/uploads\/2026\/02\/02133157\/Shampoo-Tonic_Iva_Active-Luxe-460x575.png\" \/>Proveren oslonac <\/strong>za stvarne probleme sa kosom<strong><br \/>\n<\/strong><\/h2>\n<p>Hair SOS rutina nije samo brzo re\u0161enje \u2013 ve\u0107 proveren oslonac<strong> u periodima kada je kosa najoptere\u0107enija<\/strong>:<\/p>\n<ul>\n<li>nakon zime i u periodu sezonskog opadanja<\/li>\n<li>kod stresa i hormonskih promena<\/li>\n<li>kod lomljenja kose zbog zategnutih frizura<\/li>\n<li>kod slabe, sporo rastu\u0107e kose<\/li>\n<\/ul>\n<p>Ovo nije obe\u0107anje \u010duda, ve\u0107\u00a0<strong>stru\u010dno osmi\u0161ljena rutina<\/strong> koja uz doslednu upotrebu donosi vidljive rezultate.<\/p>\n<h2><\/h2>\n<h2><\/h2>\n<h2><\/h2>\n<p>&nbsp;<\/p>\n<p>&nbsp;<\/p>\n<p>&nbsp;<\/p>\n","protected":false},"excerpt":{"rendered":"<p>Set \u0161ampona i tonika za manje opadnja i ja\u010du kosu idealna podr\u0161ka kosi kod stresa, sezonskog i hormonskog opadanja.<\/p>\n","protected":false},"featured_media":88391,"comment_status":"open","ping_status":"closed","template":"","meta":[],"product_brand":[],"product_cat":[53,54,56],"product_tag":[],"class_list":{"0":"post-88388","1":"product","2":"type-product","3":"status-publish","4":"has-post-thumbnail","6":"product_cat-kosa","7":"product_cat-samponi","8":"product_cat-posebna-ponudba","10":"first","11":"instock","12":"sale","13":"taxable","14":"shipping-taxable","15":"purchasable","16":"product-type-variable"},"bundled_by":[],"bundle_stock_status":"instock","bundle_stock_quantity":null,"bundle_virtual":false,"bundle_layout":"","bundle_add_to_cart_form_location":"","bundle_editable_in_cart":false,"bundle_sold_individually_context":"","bundle_item_grouping":"","bundle_min_size":"","bundle_max_size":"","bundled_items":[],"acf":[],"yoast_head":"<!-- This site is optimized with the Yoast SEO plugin v26.5 - https:\/\/yoast.com\/wordpress\/plugins\/seo\/ -->\n<title>HAIR SOS ROUTINE: tonik i \u0161ampon za rast kose - Active Luxe Cosmetics<\/title>\n<meta name=\"robots\" content=\"index, follow, max-snippet:-1, max-image-preview:large, max-video-preview:-1\" \/>\n<link rel=\"canonical\" href=\"https:\/\/activeluxe-cosmetics.com\/rs\/izdelek\/hair-sos-routine-tonik-i-sampon-za-rast-kose\/\" \/>\n<meta property=\"og:locale\" content=\"hr_HR\" \/>\n<meta property=\"og:type\" content=\"article\" \/>\n<meta property=\"og:title\" content=\"HAIR SOS ROUTINE: tonik i \u0161ampon za rast kose - Active Luxe Cosmetics\" \/>\n<meta property=\"og:description\" content=\"Set \u0161ampona i tonika za manje opadnja i ja\u010du kosu idealna podr\u0161ka kosi kod stresa, sezonskog i hormonskog opadanja.\" \/>\n<meta property=\"og:url\" content=\"https:\/\/activeluxe-cosmetics.com\/rs\/izdelek\/hair-sos-routine-tonik-i-sampon-za-rast-kose\/\" \/>\n<meta property=\"og:site_name\" content=\"Active Luxe Cosmetics\" \/>\n<meta property=\"article:modified_time\" content=\"2026-02-11T14:33:52+00:00\" \/>\n<meta property=\"og:image\" content=\"https:\/\/activeluxe-cosmetics.com\/rs\/wp-content\/uploads\/2026\/02\/RS_BundleShampooTonic_Claim3.jpg\" \/>\n\t<meta property=\"og:image:width\" content=\"1104\" \/>\n\t<meta property=\"og:image:height\" content=\"1326\" \/>\n\t<meta property=\"og:image:type\" content=\"image\/jpeg\" \/>\n<meta name=\"twitter:card\" content=\"summary_large_image\" \/>\n<meta name=\"twitter:label1\" content=\"Procijenjeno vrijeme \u010ditanja\" \/>\n\t<meta name=\"twitter:data1\" content=\"3 minute\" \/>\n<script type=\"application\/ld+json\" class=\"yoast-schema-graph\">{\"@context\":\"https:\/\/schema.org\",\"@graph\":[{\"@type\":\"WebPage\",\"@id\":\"https:\/\/activeluxe-cosmetics.com\/rs\/izdelek\/hair-sos-routine-tonik-i-sampon-za-rast-kose\/\",\"url\":\"https:\/\/activeluxe-cosmetics.com\/rs\/izdelek\/hair-sos-routine-tonik-i-sampon-za-rast-kose\/\",\"name\":\"HAIR SOS ROUTINE: tonik i \u0161ampon za rast kose - Active Luxe Cosmetics\",\"isPartOf\":{\"@id\":\"https:\/\/activeluxe-cosmetics.com\/rs\/#website\"},\"primaryImageOfPage\":{\"@id\":\"https:\/\/activeluxe-cosmetics.com\/rs\/izdelek\/hair-sos-routine-tonik-i-sampon-za-rast-kose\/#primaryimage\"},\"image\":{\"@id\":\"https:\/\/activeluxe-cosmetics.com\/rs\/izdelek\/hair-sos-routine-tonik-i-sampon-za-rast-kose\/#primaryimage\"},\"thumbnailUrl\":\"https:\/\/activeluxe-cosmetics.com\/rs\/wp-content\/uploads\/2026\/02\/RS_BundleShampooTonic_Claim3.jpg\",\"datePublished\":\"2026-02-11T14:32:45+00:00\",\"dateModified\":\"2026-02-11T14:33:52+00:00\",\"breadcrumb\":{\"@id\":\"https:\/\/activeluxe-cosmetics.com\/rs\/izdelek\/hair-sos-routine-tonik-i-sampon-za-rast-kose\/#breadcrumb\"},\"inLanguage\":\"hr\",\"potentialAction\":[{\"@type\":\"ReadAction\",\"target\":[\"https:\/\/activeluxe-cosmetics.com\/rs\/izdelek\/hair-sos-routine-tonik-i-sampon-za-rast-kose\/\"]}]},{\"@type\":\"ImageObject\",\"inLanguage\":\"hr\",\"@id\":\"https:\/\/activeluxe-cosmetics.com\/rs\/izdelek\/hair-sos-routine-tonik-i-sampon-za-rast-kose\/#primaryimage\",\"url\":\"https:\/\/activeluxe-cosmetics.com\/rs\/wp-content\/uploads\/2026\/02\/RS_BundleShampooTonic_Claim3.jpg\",\"contentUrl\":\"https:\/\/activeluxe-cosmetics.com\/rs\/wp-content\/uploads\/2026\/02\/RS_BundleShampooTonic_Claim3.jpg\",\"width\":1104,\"height\":1326},{\"@type\":\"BreadcrumbList\",\"@id\":\"https:\/\/activeluxe-cosmetics.com\/rs\/izdelek\/hair-sos-routine-tonik-i-sampon-za-rast-kose\/#breadcrumb\",\"itemListElement\":[{\"@type\":\"ListItem\",\"position\":1,\"name\":\"Naslovnica\",\"item\":\"https:\/\/activeluxe-cosmetics.com\/rs\/\"},{\"@type\":\"ListItem\",\"position\":2,\"name\":\"Trgovina\",\"item\":\"https:\/\/activeluxe-cosmetics.com\/rs\/trgovina\/\"},{\"@type\":\"ListItem\",\"position\":3,\"name\":\"HAIR SOS ROUTINE: tonik i \u0161ampon za rast kose\"}]},{\"@type\":\"WebSite\",\"@id\":\"https:\/\/activeluxe-cosmetics.com\/rs\/#website\",\"url\":\"https:\/\/activeluxe-cosmetics.com\/rs\/\",\"name\":\"Active Luxe Cosmetics\",\"description\":\"\",\"potentialAction\":[{\"@type\":\"SearchAction\",\"target\":{\"@type\":\"EntryPoint\",\"urlTemplate\":\"https:\/\/activeluxe-cosmetics.com\/rs\/?s={search_term_string}\"},\"query-input\":{\"@type\":\"PropertyValueSpecification\",\"valueRequired\":true,\"valueName\":\"search_term_string\"}}],\"inLanguage\":\"hr\"}]}<\/script>\n<!-- \/ Yoast SEO plugin. -->","yoast_head_json":{"title":"HAIR SOS ROUTINE: tonik i \u0161ampon za rast kose - Active Luxe Cosmetics","robots":{"index":"index","follow":"follow","max-snippet":"max-snippet:-1","max-image-preview":"max-image-preview:large","max-video-preview":"max-video-preview:-1"},"canonical":"https:\/\/activeluxe-cosmetics.com\/rs\/izdelek\/hair-sos-routine-tonik-i-sampon-za-rast-kose\/","og_locale":"hr_HR","og_type":"article","og_title":"HAIR SOS ROUTINE: tonik i \u0161ampon za rast kose - Active Luxe Cosmetics","og_description":"Set \u0161ampona i tonika za manje opadnja i ja\u010du kosu idealna podr\u0161ka kosi kod stresa, sezonskog i hormonskog opadanja.","og_url":"https:\/\/activeluxe-cosmetics.com\/rs\/izdelek\/hair-sos-routine-tonik-i-sampon-za-rast-kose\/","og_site_name":"Active Luxe Cosmetics","article_modified_time":"2026-02-11T14:33:52+00:00","og_image":[{"width":1104,"height":1326,"url":"https:\/\/activeluxe-cosmetics.com\/rs\/wp-content\/uploads\/2026\/02\/RS_BundleShampooTonic_Claim3.jpg","type":"image\/jpeg"}],"twitter_card":"summary_large_image","twitter_misc":{"Procijenjeno vrijeme \u010ditanja":"3 minute"},"schema":{"@context":"https:\/\/schema.org","@graph":[{"@type":"WebPage","@id":"https:\/\/activeluxe-cosmetics.com\/rs\/izdelek\/hair-sos-routine-tonik-i-sampon-za-rast-kose\/","url":"https:\/\/activeluxe-cosmetics.com\/rs\/izdelek\/hair-sos-routine-tonik-i-sampon-za-rast-kose\/","name":"HAIR SOS ROUTINE: tonik i \u0161ampon za rast kose - Active Luxe Cosmetics","isPartOf":{"@id":"https:\/\/activeluxe-cosmetics.com\/rs\/#website"},"primaryImageOfPage":{"@id":"https:\/\/activeluxe-cosmetics.com\/rs\/izdelek\/hair-sos-routine-tonik-i-sampon-za-rast-kose\/#primaryimage"},"image":{"@id":"https:\/\/activeluxe-cosmetics.com\/rs\/izdelek\/hair-sos-routine-tonik-i-sampon-za-rast-kose\/#primaryimage"},"thumbnailUrl":"https:\/\/activeluxe-cosmetics.com\/rs\/wp-content\/uploads\/2026\/02\/RS_BundleShampooTonic_Claim3.jpg","datePublished":"2026-02-11T14:32:45+00:00","dateModified":"2026-02-11T14:33:52+00:00","breadcrumb":{"@id":"https:\/\/activeluxe-cosmetics.com\/rs\/izdelek\/hair-sos-routine-tonik-i-sampon-za-rast-kose\/#breadcrumb"},"inLanguage":"hr","potentialAction":[{"@type":"ReadAction","target":["https:\/\/activeluxe-cosmetics.com\/rs\/izdelek\/hair-sos-routine-tonik-i-sampon-za-rast-kose\/"]}]},{"@type":"ImageObject","inLanguage":"hr","@id":"https:\/\/activeluxe-cosmetics.com\/rs\/izdelek\/hair-sos-routine-tonik-i-sampon-za-rast-kose\/#primaryimage","url":"https:\/\/activeluxe-cosmetics.com\/rs\/wp-content\/uploads\/2026\/02\/RS_BundleShampooTonic_Claim3.jpg","contentUrl":"https:\/\/activeluxe-cosmetics.com\/rs\/wp-content\/uploads\/2026\/02\/RS_BundleShampooTonic_Claim3.jpg","width":1104,"height":1326},{"@type":"BreadcrumbList","@id":"https:\/\/activeluxe-cosmetics.com\/rs\/izdelek\/hair-sos-routine-tonik-i-sampon-za-rast-kose\/#breadcrumb","itemListElement":[{"@type":"ListItem","position":1,"name":"Naslovnica","item":"https:\/\/activeluxe-cosmetics.com\/rs\/"},{"@type":"ListItem","position":2,"name":"Trgovina","item":"https:\/\/activeluxe-cosmetics.com\/rs\/trgovina\/"},{"@type":"ListItem","position":3,"name":"HAIR SOS ROUTINE: tonik i \u0161ampon za rast kose"}]},{"@type":"WebSite","@id":"https:\/\/activeluxe-cosmetics.com\/rs\/#website","url":"https:\/\/activeluxe-cosmetics.com\/rs\/","name":"Active Luxe Cosmetics","description":"","potentialAction":[{"@type":"SearchAction","target":{"@type":"EntryPoint","urlTemplate":"https:\/\/activeluxe-cosmetics.com\/rs\/?s={search_term_string}"},"query-input":{"@type":"PropertyValueSpecification","valueRequired":true,"valueName":"search_term_string"}}],"inLanguage":"hr"}]}},"_links":{"self":[{"href":"https:\/\/activeluxe-cosmetics.com\/rs\/wp-json\/wp\/v2\/product\/88388","targetHints":{"allow":["GET"]}}],"collection":[{"href":"https:\/\/activeluxe-cosmetics.com\/rs\/wp-json\/wp\/v2\/product"}],"about":[{"href":"https:\/\/activeluxe-cosmetics.com\/rs\/wp-json\/wp\/v2\/types\/product"}],"replies":[{"embeddable":true,"href":"https:\/\/activeluxe-cosmetics.com\/rs\/wp-json\/wp\/v2\/comments?post=88388"}],"wp:featuredmedia":[{"embeddable":true,"href":"https:\/\/activeluxe-cosmetics.com\/rs\/wp-json\/wp\/v2\/media\/88391"}],"wp:attachment":[{"href":"https:\/\/activeluxe-cosmetics.com\/rs\/wp-json\/wp\/v2\/media?parent=88388"}],"wp:term":[{"taxonomy":"product_brand","embeddable":true,"href":"https:\/\/activeluxe-cosmetics.com\/rs\/wp-json\/wp\/v2\/product_brand?post=88388"},{"taxonomy":"product_cat","embeddable":true,"href":"https:\/\/activeluxe-cosmetics.com\/rs\/wp-json\/wp\/v2\/product_cat?post=88388"},{"taxonomy":"product_tag","embeddable":true,"href":"https:\/\/activeluxe-cosmetics.com\/rs\/wp-json\/wp\/v2\/product_tag?post=88388"}],"curies":[{"name":"wp","href":"https:\/\/api.w.org\/{rel}","templated":true}]}}