{"id":86009,"date":"2025-06-12T09:06:18","date_gmt":"2025-06-12T07:06:18","guid":{"rendered":"https:\/\/activeluxe-cosmetics.com\/rs\/?post_type=product&#038;p=86009"},"modified":"2026-01-12T09:56:33","modified_gmt":"2026-01-12T08:56:33","slug":"jogurt-za-posle-suncanja","status":"publish","type":"product","link":"https:\/\/activeluxe-cosmetics.com\/rs\/izdelek\/jogurt-za-posle-suncanja\/","title":{"rendered":"Jogurt za posle sun\u010danja"},"content":{"rendered":"<h2><img loading=\"lazy\" decoding=\"async\" class=\" wp-image-87625 alignright\" src=\"https:\/\/activeluxe-cosmetics.com\/rs\/wp-content\/uploads\/2025\/06\/activeluxe_aftersun_body_jogurt-460x575.png\" alt=\"\" width=\"422\" height=\"528\" srcset=\"https:\/\/activeluxe-cosmetics.com\/rs\/wp-content\/uploads\/2025\/06\/activeluxe_aftersun_body_jogurt-460x575.png 460w, https:\/\/activeluxe-cosmetics.com\/rs\/wp-content\/uploads\/2025\/06\/activeluxe_aftersun_body_jogurt-819x1024.png 819w, https:\/\/activeluxe-cosmetics.com\/rs\/wp-content\/uploads\/2025\/06\/activeluxe_aftersun_body_jogurt-768x960.png 768w, https:\/\/activeluxe-cosmetics.com\/rs\/wp-content\/uploads\/2025\/06\/activeluxe_aftersun_body_jogurt-600x750.png 600w, https:\/\/activeluxe-cosmetics.com\/rs\/wp-content\/uploads\/2025\/06\/activeluxe_aftersun_body_jogurt.png 1080w\" sizes=\"auto, (max-width: 422px) 100vw, 422px\" \/><strong>Hla\u0111enje koje ko\u017ei<\/strong> toliko prija<\/h2>\n<p class=\"\" data-start=\"44\" data-end=\"138\">Kao pravi jogurt, samo bolji i sa jo\u0161 lep\u0161im mirisom vanile, kokosovog ulja i slatke narand\u017ee.<\/p>\n<p class=\"\" data-start=\"140\" data-end=\"351\">Da biste tokom leta odr\u017eali zdravu, preplanulu i blistavu ko\u017eu, potrebna vam je obilna hidratacija. Sunce, morska so i hlor isu\u0161uju ko\u017eu, zato joj je izuzetno va\u017eno pru\u017eiti kvalitetnu negu nakon izlaganja suncu.<\/p>\n<p class=\"\" data-start=\"353\" data-end=\"575\"><strong data-start=\"353\" data-end=\"396\">Active Luxe Premium \u010dokoladna marmelada<\/strong> ili suvo ulje za brzo tamnjenje na suncu obezbe\u0111uju savr\u0161enu bronzanu nijansu ko\u017ee, a uz redovnu upotrebu jogurta produ\u017eavaju preplanulost ko\u017ee i odr\u017eavaju je mekom i hidriranom.<\/p>\n<p class=\"\" data-start=\"577\" data-end=\"666\"><strong data-start=\"577\" data-end=\"610\">Premium After Sun Body Yogurt<\/strong> je sve \u0161to je potrebno tvojoj tamnoj, preplanuloj ko\u017ei:<\/p>\n<ul>\n<li data-start=\"670\" data-end=\"699\">Umiruje ko\u017eu nakon sun\u010danja<\/li>\n<li data-start=\"670\" data-end=\"699\">Hladi ko\u017eu<\/li>\n<li data-start=\"670\" data-end=\"699\">Aloe vera dubinski hidrira ko\u017eu<\/li>\n<li data-start=\"670\" data-end=\"699\">Omek\u0161ava ko\u017eu<\/li>\n<\/ul>\n<h2 style=\"text-align: center; clear: both;\"><\/h2>\n<p>&nbsp;<\/p>\n<h2><span data-sheets-root=\"1\" data-sheets-value=\"{&quot;1&quot;:2,&quot;2&quot;:&quot;Bogata ulja za prekrasan bron\u010dani ten&quot;}\" data-sheets-userformat=\"{&quot;2&quot;:21377,&quot;3&quot;:{&quot;1&quot;:0},&quot;10&quot;:0,&quot;11&quot;:4,&quot;12&quot;:0,&quot;15&quot;:&quot;Arial&quot;,&quot;17&quot;:1}\"><img loading=\"lazy\" decoding=\"async\" class=\"size-medium wp-image-87626 alignleft\" src=\"https:\/\/activeluxe-cosmetics.com\/rs\/wp-content\/uploads\/2025\/06\/after_sun_body_jogurt-460x589.png\" alt=\"\" width=\"460\" height=\"589\" srcset=\"https:\/\/activeluxe-cosmetics.com\/rs\/wp-content\/uploads\/2025\/06\/after_sun_body_jogurt-460x589.png 460w, https:\/\/activeluxe-cosmetics.com\/rs\/wp-content\/uploads\/2025\/06\/after_sun_body_jogurt.png 581w\" sizes=\"auto, (max-width: 460px) 100vw, 460px\" \/><\/span><\/h2>\n<h2><strong>Miris slatke vanile, kokosa i narand\u017ee<\/strong>, koji dugo ostaje na tvojoj ko\u017ei<\/h2>\n<p class=\"\" data-start=\"44\" data-end=\"132\"><strong data-start=\"44\" data-end=\"77\">Premium After Sun Body Yogurt<\/strong> je najbolji izbor za negovanu i tamnu ko\u017eu tokom leta.<\/p>\n<p class=\"\" data-start=\"134\" data-end=\"341\">Izuzetno lagana, pahuljasta tekstura rashla\u0111uju\u0107eg jogurta brzo se upija u ko\u017eu i ne ostavlja masni sloj. Odmah nakon nano\u0161enja jogurta mo\u017eete da se obu\u010dete, a ko\u017ea \u0107e vam jo\u0161 dugo mirisati na savr\u0161eno leto.<\/p>\n<p class=\"\" data-start=\"343\" data-end=\"462\">Miris koji \u0107e o\u010darati i u\u010diniti letnje ve\u010deri nezaboravnim i romanti\u010dnim. Premium jogurt za telo nakon sun\u010danja sadr\u017ei:<\/p>\n<ul>\n<li data-start=\"343\" data-end=\"462\">najbolje ekstrakte aloe vere, koja dokazano hladi i umiruje ko\u017eu, i<\/li>\n<li data-start=\"343\" data-end=\"462\">kokosovo ulje, koje hidrira ko\u017eu i odr\u017eava je mekom i hidriranom.<\/li>\n<\/ul>\n<p class=\"\" data-start=\"605\" data-end=\"854\">Nakon tu\u0161iranja, rashladni jogurt ne\u017eno umasirajte u ko\u017eu. Jogurt se izuzetno brzo upija.<br data-start=\"694\" data-end=\"697\" \/>Ode\u0107u mo\u017eete obu\u0107i odmah bez brige da \u0107e ostaviti mrlje na njoj.<br data-start=\"761\" data-end=\"764\" \/>Za jo\u0161 ve\u0107i efekat hla\u0111enja, jogurt mo\u017eete dr\u017eati u fri\u017eideru. Mo\u017ee se nanositi i na lice.<\/p>\n","protected":false},"excerpt":{"rendered":"<p>Rashla\u0111uje ko\u017eu i zadr\u017eava preplanulost tena.<\/p>\n","protected":false},"featured_media":86022,"comment_status":"open","ping_status":"closed","template":"","meta":[],"product_brand":[],"product_cat":[82],"product_tag":[],"class_list":{"0":"post-86009","1":"product","2":"type-product","3":"status-publish","4":"has-post-thumbnail","6":"product_cat-sunce","8":"first","9":"instock","10":"taxable","11":"shipping-taxable","12":"purchasable","13":"product-type-simple"},"bundled_by":[],"bundle_stock_status":"instock","bundle_stock_quantity":null,"bundle_virtual":false,"bundle_layout":"","bundle_add_to_cart_form_location":"","bundle_editable_in_cart":false,"bundle_sold_individually_context":"","bundle_item_grouping":"","bundle_min_size":"","bundle_max_size":"","bundled_items":[],"acf":[],"yoast_head":"<!-- This site is optimized with the Yoast SEO plugin v26.5 - https:\/\/yoast.com\/wordpress\/plugins\/seo\/ -->\n<title>Jogurt za posle sun\u010danja - Active Luxe Cosmetics<\/title>\n<meta name=\"description\" content=\"Jogurt koji rashla\u0111uje ko\u017eu i zadr\u017eava preplanulost tena idealan je za negu posle sun\u010danja. Hidrira i neguje ko\u017eu dok je istovremeno hladi.\" \/>\n<meta name=\"robots\" content=\"index, follow, max-snippet:-1, max-image-preview:large, max-video-preview:-1\" \/>\n<link rel=\"canonical\" href=\"https:\/\/activeluxe-cosmetics.com\/rs\/izdelek\/jogurt-za-posle-suncanja\/\" \/>\n<meta property=\"og:locale\" content=\"hr_HR\" \/>\n<meta property=\"og:type\" content=\"article\" \/>\n<meta property=\"og:title\" content=\"Jogurt za posle sun\u010danja - Active Luxe Cosmetics\" \/>\n<meta property=\"og:description\" content=\"Jogurt koji rashla\u0111uje ko\u017eu i zadr\u017eava preplanulost tena idealan je za negu posle sun\u010danja. Hidrira i neguje ko\u017eu dok je istovremeno hladi.\" \/>\n<meta property=\"og:url\" content=\"https:\/\/activeluxe-cosmetics.com\/rs\/izdelek\/jogurt-za-posle-suncanja\/\" \/>\n<meta property=\"og:site_name\" content=\"Active Luxe Cosmetics\" \/>\n<meta property=\"article:modified_time\" content=\"2026-01-12T08:56:33+00:00\" \/>\n<meta property=\"og:image\" content=\"https:\/\/activeluxe-cosmetics.com\/rs\/wp-content\/uploads\/2025\/05\/16_jogurt-100-ml-1-460x553-1.jpg\" \/>\n\t<meta property=\"og:image:width\" content=\"460\" \/>\n\t<meta property=\"og:image:height\" content=\"553\" \/>\n\t<meta property=\"og:image:type\" content=\"image\/jpeg\" \/>\n<meta name=\"twitter:card\" content=\"summary_large_image\" \/>\n<meta name=\"twitter:label1\" content=\"Procijenjeno vrijeme \u010ditanja\" \/>\n\t<meta name=\"twitter:data1\" content=\"2 minute\" \/>\n<script type=\"application\/ld+json\" class=\"yoast-schema-graph\">{\"@context\":\"https:\/\/schema.org\",\"@graph\":[{\"@type\":\"WebPage\",\"@id\":\"https:\/\/activeluxe-cosmetics.com\/rs\/izdelek\/jogurt-za-posle-suncanja\/\",\"url\":\"https:\/\/activeluxe-cosmetics.com\/rs\/izdelek\/jogurt-za-posle-suncanja\/\",\"name\":\"Jogurt za posle sun\u010danja - Active Luxe Cosmetics\",\"isPartOf\":{\"@id\":\"https:\/\/activeluxe-cosmetics.com\/rs\/#website\"},\"primaryImageOfPage\":{\"@id\":\"https:\/\/activeluxe-cosmetics.com\/rs\/izdelek\/jogurt-za-posle-suncanja\/#primaryimage\"},\"image\":{\"@id\":\"https:\/\/activeluxe-cosmetics.com\/rs\/izdelek\/jogurt-za-posle-suncanja\/#primaryimage\"},\"thumbnailUrl\":\"https:\/\/activeluxe-cosmetics.com\/rs\/wp-content\/uploads\/2025\/05\/16_jogurt-100-ml-1-460x553-1.jpg\",\"datePublished\":\"2025-06-12T07:06:18+00:00\",\"dateModified\":\"2026-01-12T08:56:33+00:00\",\"description\":\"Jogurt koji rashla\u0111uje ko\u017eu i zadr\u017eava preplanulost tena idealan je za negu posle sun\u010danja. Hidrira i neguje ko\u017eu dok je istovremeno hladi.\",\"breadcrumb\":{\"@id\":\"https:\/\/activeluxe-cosmetics.com\/rs\/izdelek\/jogurt-za-posle-suncanja\/#breadcrumb\"},\"inLanguage\":\"hr\",\"potentialAction\":[{\"@type\":\"ReadAction\",\"target\":[\"https:\/\/activeluxe-cosmetics.com\/rs\/izdelek\/jogurt-za-posle-suncanja\/\"]}]},{\"@type\":\"ImageObject\",\"inLanguage\":\"hr\",\"@id\":\"https:\/\/activeluxe-cosmetics.com\/rs\/izdelek\/jogurt-za-posle-suncanja\/#primaryimage\",\"url\":\"https:\/\/activeluxe-cosmetics.com\/rs\/wp-content\/uploads\/2025\/05\/16_jogurt-100-ml-1-460x553-1.jpg\",\"contentUrl\":\"https:\/\/activeluxe-cosmetics.com\/rs\/wp-content\/uploads\/2025\/05\/16_jogurt-100-ml-1-460x553-1.jpg\",\"width\":460,\"height\":553},{\"@type\":\"BreadcrumbList\",\"@id\":\"https:\/\/activeluxe-cosmetics.com\/rs\/izdelek\/jogurt-za-posle-suncanja\/#breadcrumb\",\"itemListElement\":[{\"@type\":\"ListItem\",\"position\":1,\"name\":\"Naslovnica\",\"item\":\"https:\/\/activeluxe-cosmetics.com\/rs\/\"},{\"@type\":\"ListItem\",\"position\":2,\"name\":\"Trgovina\",\"item\":\"https:\/\/activeluxe-cosmetics.com\/rs\/trgovina\/\"},{\"@type\":\"ListItem\",\"position\":3,\"name\":\"Jogurt za posle sun\u010danja\"}]},{\"@type\":\"WebSite\",\"@id\":\"https:\/\/activeluxe-cosmetics.com\/rs\/#website\",\"url\":\"https:\/\/activeluxe-cosmetics.com\/rs\/\",\"name\":\"Active Luxe Cosmetics\",\"description\":\"\",\"potentialAction\":[{\"@type\":\"SearchAction\",\"target\":{\"@type\":\"EntryPoint\",\"urlTemplate\":\"https:\/\/activeluxe-cosmetics.com\/rs\/?s={search_term_string}\"},\"query-input\":{\"@type\":\"PropertyValueSpecification\",\"valueRequired\":true,\"valueName\":\"search_term_string\"}}],\"inLanguage\":\"hr\"}]}<\/script>\n<!-- \/ Yoast SEO plugin. -->","yoast_head_json":{"title":"Jogurt za posle sun\u010danja - Active Luxe Cosmetics","description":"Jogurt koji rashla\u0111uje ko\u017eu i zadr\u017eava preplanulost tena idealan je za negu posle sun\u010danja. Hidrira i neguje ko\u017eu dok je istovremeno hladi.","robots":{"index":"index","follow":"follow","max-snippet":"max-snippet:-1","max-image-preview":"max-image-preview:large","max-video-preview":"max-video-preview:-1"},"canonical":"https:\/\/activeluxe-cosmetics.com\/rs\/izdelek\/jogurt-za-posle-suncanja\/","og_locale":"hr_HR","og_type":"article","og_title":"Jogurt za posle sun\u010danja - Active Luxe Cosmetics","og_description":"Jogurt koji rashla\u0111uje ko\u017eu i zadr\u017eava preplanulost tena idealan je za negu posle sun\u010danja. Hidrira i neguje ko\u017eu dok je istovremeno hladi.","og_url":"https:\/\/activeluxe-cosmetics.com\/rs\/izdelek\/jogurt-za-posle-suncanja\/","og_site_name":"Active Luxe Cosmetics","article_modified_time":"2026-01-12T08:56:33+00:00","og_image":[{"width":460,"height":553,"url":"https:\/\/activeluxe-cosmetics.com\/rs\/wp-content\/uploads\/2025\/05\/16_jogurt-100-ml-1-460x553-1.jpg","type":"image\/jpeg"}],"twitter_card":"summary_large_image","twitter_misc":{"Procijenjeno vrijeme \u010ditanja":"2 minute"},"schema":{"@context":"https:\/\/schema.org","@graph":[{"@type":"WebPage","@id":"https:\/\/activeluxe-cosmetics.com\/rs\/izdelek\/jogurt-za-posle-suncanja\/","url":"https:\/\/activeluxe-cosmetics.com\/rs\/izdelek\/jogurt-za-posle-suncanja\/","name":"Jogurt za posle sun\u010danja - Active Luxe Cosmetics","isPartOf":{"@id":"https:\/\/activeluxe-cosmetics.com\/rs\/#website"},"primaryImageOfPage":{"@id":"https:\/\/activeluxe-cosmetics.com\/rs\/izdelek\/jogurt-za-posle-suncanja\/#primaryimage"},"image":{"@id":"https:\/\/activeluxe-cosmetics.com\/rs\/izdelek\/jogurt-za-posle-suncanja\/#primaryimage"},"thumbnailUrl":"https:\/\/activeluxe-cosmetics.com\/rs\/wp-content\/uploads\/2025\/05\/16_jogurt-100-ml-1-460x553-1.jpg","datePublished":"2025-06-12T07:06:18+00:00","dateModified":"2026-01-12T08:56:33+00:00","description":"Jogurt koji rashla\u0111uje ko\u017eu i zadr\u017eava preplanulost tena idealan je za negu posle sun\u010danja. Hidrira i neguje ko\u017eu dok je istovremeno hladi.","breadcrumb":{"@id":"https:\/\/activeluxe-cosmetics.com\/rs\/izdelek\/jogurt-za-posle-suncanja\/#breadcrumb"},"inLanguage":"hr","potentialAction":[{"@type":"ReadAction","target":["https:\/\/activeluxe-cosmetics.com\/rs\/izdelek\/jogurt-za-posle-suncanja\/"]}]},{"@type":"ImageObject","inLanguage":"hr","@id":"https:\/\/activeluxe-cosmetics.com\/rs\/izdelek\/jogurt-za-posle-suncanja\/#primaryimage","url":"https:\/\/activeluxe-cosmetics.com\/rs\/wp-content\/uploads\/2025\/05\/16_jogurt-100-ml-1-460x553-1.jpg","contentUrl":"https:\/\/activeluxe-cosmetics.com\/rs\/wp-content\/uploads\/2025\/05\/16_jogurt-100-ml-1-460x553-1.jpg","width":460,"height":553},{"@type":"BreadcrumbList","@id":"https:\/\/activeluxe-cosmetics.com\/rs\/izdelek\/jogurt-za-posle-suncanja\/#breadcrumb","itemListElement":[{"@type":"ListItem","position":1,"name":"Naslovnica","item":"https:\/\/activeluxe-cosmetics.com\/rs\/"},{"@type":"ListItem","position":2,"name":"Trgovina","item":"https:\/\/activeluxe-cosmetics.com\/rs\/trgovina\/"},{"@type":"ListItem","position":3,"name":"Jogurt za posle sun\u010danja"}]},{"@type":"WebSite","@id":"https:\/\/activeluxe-cosmetics.com\/rs\/#website","url":"https:\/\/activeluxe-cosmetics.com\/rs\/","name":"Active Luxe Cosmetics","description":"","potentialAction":[{"@type":"SearchAction","target":{"@type":"EntryPoint","urlTemplate":"https:\/\/activeluxe-cosmetics.com\/rs\/?s={search_term_string}"},"query-input":{"@type":"PropertyValueSpecification","valueRequired":true,"valueName":"search_term_string"}}],"inLanguage":"hr"}]}},"_links":{"self":[{"href":"https:\/\/activeluxe-cosmetics.com\/rs\/wp-json\/wp\/v2\/product\/86009","targetHints":{"allow":["GET"]}}],"collection":[{"href":"https:\/\/activeluxe-cosmetics.com\/rs\/wp-json\/wp\/v2\/product"}],"about":[{"href":"https:\/\/activeluxe-cosmetics.com\/rs\/wp-json\/wp\/v2\/types\/product"}],"replies":[{"embeddable":true,"href":"https:\/\/activeluxe-cosmetics.com\/rs\/wp-json\/wp\/v2\/comments?post=86009"}],"wp:featuredmedia":[{"embeddable":true,"href":"https:\/\/activeluxe-cosmetics.com\/rs\/wp-json\/wp\/v2\/media\/86022"}],"wp:attachment":[{"href":"https:\/\/activeluxe-cosmetics.com\/rs\/wp-json\/wp\/v2\/media?parent=86009"}],"wp:term":[{"taxonomy":"product_brand","embeddable":true,"href":"https:\/\/activeluxe-cosmetics.com\/rs\/wp-json\/wp\/v2\/product_brand?post=86009"},{"taxonomy":"product_cat","embeddable":true,"href":"https:\/\/activeluxe-cosmetics.com\/rs\/wp-json\/wp\/v2\/product_cat?post=86009"},{"taxonomy":"product_tag","embeddable":true,"href":"https:\/\/activeluxe-cosmetics.com\/rs\/wp-json\/wp\/v2\/product_tag?post=86009"}],"curies":[{"name":"wp","href":"https:\/\/api.w.org\/{rel}","templated":true}]}}