{"id":86008,"date":"2025-06-12T08:48:40","date_gmt":"2025-06-12T06:48:40","guid":{"rendered":"https:\/\/activeluxe-cosmetics.com\/rs\/?post_type=product&#038;p=86008"},"modified":"2026-01-12T10:07:32","modified_gmt":"2026-01-12T09:07:32","slug":"torba-za-plazu-its-tan-oclock","status":"publish","type":"product","link":"https:\/\/activeluxe-cosmetics.com\/rs\/izdelek\/torba-za-plazu-its-tan-oclock\/","title":{"rendered":"Torba za pla\u017eu: It\u00b4s tan o\u00b4clock!"},"content":{"rendered":"<h2><img loading=\"lazy\" decoding=\"async\" class=\" wp-image-87632 alignright\" src=\"https:\/\/activeluxe-cosmetics.com\/rs\/wp-content\/uploads\/2025\/06\/beach_bage_stone-460x575.png\" alt=\"\" width=\"356\" height=\"445\" srcset=\"https:\/\/activeluxe-cosmetics.com\/rs\/wp-content\/uploads\/2025\/06\/beach_bage_stone-460x575.png 460w, https:\/\/activeluxe-cosmetics.com\/rs\/wp-content\/uploads\/2025\/06\/beach_bage_stone-819x1024.png 819w, https:\/\/activeluxe-cosmetics.com\/rs\/wp-content\/uploads\/2025\/06\/beach_bage_stone-768x960.png 768w, https:\/\/activeluxe-cosmetics.com\/rs\/wp-content\/uploads\/2025\/06\/beach_bage_stone-600x750.png 600w, https:\/\/activeluxe-cosmetics.com\/rs\/wp-content\/uploads\/2025\/06\/beach_bage_stone.png 1080w\" sizes=\"auto, (max-width: 356px) 100vw, 356px\" \/><strong>Torba za pla\u017eu<\/strong> koja \u0107e kompletirati va\u0161 <strong>letnji outfit<\/strong>!<\/h2>\n<p class=\"\" data-start=\"105\" data-end=\"279\">Leto je vreme kada \u017eeli\u0161 da u\u017eiva\u0161 bez briga \u2013 i za to ti treba prava torba! Torba za pla\u017eu koja spaja stil, prakti\u010dnost i prostranost obavezna je oprema za svaki letnji beg.<\/p>\n<p class=\"\" data-start=\"281\" data-end=\"521\">Na\u0161a torba za pla\u017eu nije samo funkcionalna, ve\u0107 je i pravi modni dodatak. Dostupna je u dve prelepe boje, pa \u0107e\u0161 sigurno prona\u0107i onu svoju omiljenu. Sa modernim dizajnom i simpati\u010dnim natpisom <strong data-start=\"474\" data-end=\"494\">It\u2019s tan o\u2019clock<\/strong>, odmah \u0107e privu\u0107i poglede.<\/p>\n<p class=\"\" data-start=\"523\" data-end=\"650\">U nju mo\u017ee\u0161 bez problema spakovati sve \u2013 pe\u0161kire, knjige, preparate za sun\u010danje, pi\u0107e, telefon i sve ostale letnje potrep\u0161tine.<\/p>\n<p class=\"\" data-start=\"652\" data-end=\"827\">Ne samo da izgleda odli\u010dno, ve\u0107 je i izuzetno kvalitetna. \u010cvrst materijal i jaki \u0161avovi garantuju da \u0107e torba biti tvoj verni pratilac jo\u0161 dugo nakon poslednjeg zalaska sunca.<\/p>\n<h2><\/h2>\n<h2><\/h2>\n<h2><img loading=\"lazy\" decoding=\"async\" class=\"wp-image-93191 size-medium alignleft\" style=\"clear: both;\" src=\"https:\/\/activeluxe-cosmetics.com\/hr\/wp-content\/uploads\/2024\/06\/torba_za_na_plazo-1-460x575.png\" alt=\"\" width=\"460\" height=\"575\" \/><\/h2>\n<h2 class=\"p1\" style=\"clear: right;\">Za\u0161to je <b>na\u0161a torba za pla\u017eu pravi izbor?<\/b><\/h2>\n<ul>\n<li data-start=\"44\" data-end=\"561\">Prostrana i prakti\u010dna \u2013 bez problema u nju stane sve \u0161to ti treba za savr\u0161en dan na pla\u017ei: pe\u0161kiri, knjige, kreme za sun\u010danje, osve\u017eavaju\u0107a pi\u0107a i li\u010dni predmeti.<\/li>\n<li data-start=\"44\" data-end=\"561\">Dodatni unutra\u0161nji d\u017eep \u2013 za lako dostupne sitnice, poput sun\u010danih nao\u010dara, telefona ili klju\u010deva.<\/li>\n<li data-start=\"44\" data-end=\"561\">Zatvaranje na dugme \u2013 jednostavno i sigurno.<\/li>\n<li data-start=\"44\" data-end=\"561\">\u010cvrst, periv materijal \u2013 otporan na pesak, vlagu i morsku so.<\/li>\n<li data-start=\"44\" data-end=\"561\">Moderna peskasta boja sa razigranom letnjom porukom.<\/li>\n<li data-start=\"44\" data-end=\"561\">Vi\u0161enamenska upotreba \u2013 kao torba za pla\u017eu, torba za kupovinu ili saputnik na izletu.\n<p class=\"\" data-start=\"563\" data-end=\"704\">Ovo je torba za koju \u0107e te svi pitati: \u201eVau, gde si je nabavila?\u201c Savr\u0161ena kombinacija suptilnog dizajna i prakti\u010dnosti \u010dini je nezamenjivom.<\/p>\n<p class=\"\" data-start=\"706\" data-end=\"842\">Pripremi se za bezbri\u017eno leto sa na\u0161om prelepom torbom za pla\u017eu i dodaj na\u0161e proizvode za sun\u010danje \u2013 za potpuni u\u017eitak na svakom koraku.<\/p>\n<\/li>\n<\/ul>\n<p><iframe loading=\"lazy\" title=\"Premium Chocolate  Marmalade for deepest and darkest tan\" width=\"1020\" height=\"574\" src=\"https:\/\/www.youtube.com\/embed\/6YeClnkMgXw?feature=oembed&#038;enablejsapi=1&#038;origin=https:\/\/activeluxe-cosmetics.com\" frameborder=\"0\" allow=\"accelerometer; autoplay; clipboard-write; encrypted-media; gyroscope; picture-in-picture; web-share\" referrerpolicy=\"strict-origin-when-cross-origin\" allowfullscreen><\/iframe><\/p>\n","protected":false},"excerpt":{"rendered":"<p>Limited edition: prakti\u010dna torba za pla\u017eu od izdr\u017eljivog materijala. Mo\u017ee se prati u ma\u0161ini.<\/p>\n","protected":false},"featured_media":86023,"comment_status":"open","ping_status":"closed","template":"","meta":[],"product_brand":[],"product_cat":[82],"product_tag":[],"class_list":{"0":"post-86008","1":"product","2":"type-product","3":"status-publish","4":"has-post-thumbnail","6":"product_cat-sunce","8":"first","9":"instock","10":"taxable","11":"shipping-taxable","12":"purchasable","13":"product-type-simple"},"bundled_by":[],"bundle_stock_status":"instock","bundle_stock_quantity":null,"bundle_virtual":false,"bundle_layout":"","bundle_add_to_cart_form_location":"","bundle_editable_in_cart":false,"bundle_sold_individually_context":"","bundle_item_grouping":"","bundle_min_size":"","bundle_max_size":"","bundled_items":[],"acf":[],"yoast_head":"<!-- This site is optimized with the Yoast SEO plugin v26.5 - https:\/\/yoast.com\/wordpress\/plugins\/seo\/ -->\n<title>Torba za pla\u017eu - Active Luxe Cosmetics<\/title>\n<meta name=\"description\" content=\"Prostrana i prakti\u010dna torba za pla\u017eu u modernoj pe\u0161\u010danoj boji. Sa dodatnim unuta\u0161njim d\u017eepom,\u010dvrstim i perivim materijalom,idealna je za pla\u017eu ili kupovinu.\" \/>\n<meta name=\"robots\" content=\"index, follow, max-snippet:-1, max-image-preview:large, max-video-preview:-1\" \/>\n<link rel=\"canonical\" href=\"https:\/\/activeluxe-cosmetics.com\/rs\/izdelek\/torba-za-plazu-its-tan-oclock\/\" \/>\n<meta property=\"og:locale\" content=\"hr_HR\" \/>\n<meta property=\"og:type\" content=\"article\" \/>\n<meta property=\"og:title\" content=\"Torba za pla\u017eu - Active Luxe Cosmetics\" \/>\n<meta property=\"og:description\" content=\"Prostrana i prakti\u010dna torba za pla\u017eu u modernoj pe\u0161\u010danoj boji. Sa dodatnim unuta\u0161njim d\u017eepom,\u010dvrstim i perivim materijalom,idealna je za pla\u017eu ili kupovinu.\" \/>\n<meta property=\"og:url\" content=\"https:\/\/activeluxe-cosmetics.com\/rs\/izdelek\/torba-za-plazu-its-tan-oclock\/\" \/>\n<meta property=\"og:site_name\" content=\"Active Luxe Cosmetics\" \/>\n<meta property=\"article:modified_time\" content=\"2026-01-12T09:07:32+00:00\" \/>\n<meta property=\"og:image\" content=\"https:\/\/activeluxe-cosmetics.com\/rs\/wp-content\/uploads\/2025\/05\/AL_MAJ8223-1-1-768x1152-1.jpg\" \/>\n\t<meta property=\"og:image:width\" content=\"768\" \/>\n\t<meta property=\"og:image:height\" content=\"1152\" \/>\n\t<meta property=\"og:image:type\" content=\"image\/jpeg\" \/>\n<meta name=\"twitter:card\" content=\"summary_large_image\" \/>\n<meta name=\"twitter:label1\" content=\"Procijenjeno vrijeme \u010ditanja\" \/>\n\t<meta name=\"twitter:data1\" content=\"3 minute\" \/>\n<script type=\"application\/ld+json\" class=\"yoast-schema-graph\">{\"@context\":\"https:\/\/schema.org\",\"@graph\":[{\"@type\":\"WebPage\",\"@id\":\"https:\/\/activeluxe-cosmetics.com\/rs\/izdelek\/torba-za-plazu-its-tan-oclock\/\",\"url\":\"https:\/\/activeluxe-cosmetics.com\/rs\/izdelek\/torba-za-plazu-its-tan-oclock\/\",\"name\":\"Torba za pla\u017eu - Active Luxe Cosmetics\",\"isPartOf\":{\"@id\":\"https:\/\/activeluxe-cosmetics.com\/rs\/#website\"},\"primaryImageOfPage\":{\"@id\":\"https:\/\/activeluxe-cosmetics.com\/rs\/izdelek\/torba-za-plazu-its-tan-oclock\/#primaryimage\"},\"image\":{\"@id\":\"https:\/\/activeluxe-cosmetics.com\/rs\/izdelek\/torba-za-plazu-its-tan-oclock\/#primaryimage\"},\"thumbnailUrl\":\"https:\/\/activeluxe-cosmetics.com\/rs\/wp-content\/uploads\/2025\/05\/AL_MAJ8223-1-1-768x1152-1.jpg\",\"datePublished\":\"2025-06-12T06:48:40+00:00\",\"dateModified\":\"2026-01-12T09:07:32+00:00\",\"description\":\"Prostrana i prakti\u010dna torba za pla\u017eu u modernoj pe\u0161\u010danoj boji. Sa dodatnim unuta\u0161njim d\u017eepom,\u010dvrstim i perivim materijalom,idealna je za pla\u017eu ili kupovinu.\",\"breadcrumb\":{\"@id\":\"https:\/\/activeluxe-cosmetics.com\/rs\/izdelek\/torba-za-plazu-its-tan-oclock\/#breadcrumb\"},\"inLanguage\":\"hr\",\"potentialAction\":[{\"@type\":\"ReadAction\",\"target\":[\"https:\/\/activeluxe-cosmetics.com\/rs\/izdelek\/torba-za-plazu-its-tan-oclock\/\"]}]},{\"@type\":\"ImageObject\",\"inLanguage\":\"hr\",\"@id\":\"https:\/\/activeluxe-cosmetics.com\/rs\/izdelek\/torba-za-plazu-its-tan-oclock\/#primaryimage\",\"url\":\"https:\/\/activeluxe-cosmetics.com\/rs\/wp-content\/uploads\/2025\/05\/AL_MAJ8223-1-1-768x1152-1.jpg\",\"contentUrl\":\"https:\/\/activeluxe-cosmetics.com\/rs\/wp-content\/uploads\/2025\/05\/AL_MAJ8223-1-1-768x1152-1.jpg\",\"width\":768,\"height\":1152},{\"@type\":\"BreadcrumbList\",\"@id\":\"https:\/\/activeluxe-cosmetics.com\/rs\/izdelek\/torba-za-plazu-its-tan-oclock\/#breadcrumb\",\"itemListElement\":[{\"@type\":\"ListItem\",\"position\":1,\"name\":\"Naslovnica\",\"item\":\"https:\/\/activeluxe-cosmetics.com\/rs\/\"},{\"@type\":\"ListItem\",\"position\":2,\"name\":\"Trgovina\",\"item\":\"https:\/\/activeluxe-cosmetics.com\/rs\/trgovina\/\"},{\"@type\":\"ListItem\",\"position\":3,\"name\":\"Torba za pla\u017eu: It\u00b4s tan o\u00b4clock!\"}]},{\"@type\":\"WebSite\",\"@id\":\"https:\/\/activeluxe-cosmetics.com\/rs\/#website\",\"url\":\"https:\/\/activeluxe-cosmetics.com\/rs\/\",\"name\":\"Active Luxe Cosmetics\",\"description\":\"\",\"potentialAction\":[{\"@type\":\"SearchAction\",\"target\":{\"@type\":\"EntryPoint\",\"urlTemplate\":\"https:\/\/activeluxe-cosmetics.com\/rs\/?s={search_term_string}\"},\"query-input\":{\"@type\":\"PropertyValueSpecification\",\"valueRequired\":true,\"valueName\":\"search_term_string\"}}],\"inLanguage\":\"hr\"}]}<\/script>\n<!-- \/ Yoast SEO plugin. -->","yoast_head_json":{"title":"Torba za pla\u017eu - Active Luxe Cosmetics","description":"Prostrana i prakti\u010dna torba za pla\u017eu u modernoj pe\u0161\u010danoj boji. Sa dodatnim unuta\u0161njim d\u017eepom,\u010dvrstim i perivim materijalom,idealna je za pla\u017eu ili kupovinu.","robots":{"index":"index","follow":"follow","max-snippet":"max-snippet:-1","max-image-preview":"max-image-preview:large","max-video-preview":"max-video-preview:-1"},"canonical":"https:\/\/activeluxe-cosmetics.com\/rs\/izdelek\/torba-za-plazu-its-tan-oclock\/","og_locale":"hr_HR","og_type":"article","og_title":"Torba za pla\u017eu - Active Luxe Cosmetics","og_description":"Prostrana i prakti\u010dna torba za pla\u017eu u modernoj pe\u0161\u010danoj boji. Sa dodatnim unuta\u0161njim d\u017eepom,\u010dvrstim i perivim materijalom,idealna je za pla\u017eu ili kupovinu.","og_url":"https:\/\/activeluxe-cosmetics.com\/rs\/izdelek\/torba-za-plazu-its-tan-oclock\/","og_site_name":"Active Luxe Cosmetics","article_modified_time":"2026-01-12T09:07:32+00:00","og_image":[{"width":768,"height":1152,"url":"https:\/\/activeluxe-cosmetics.com\/rs\/wp-content\/uploads\/2025\/05\/AL_MAJ8223-1-1-768x1152-1.jpg","type":"image\/jpeg"}],"twitter_card":"summary_large_image","twitter_misc":{"Procijenjeno vrijeme \u010ditanja":"3 minute"},"schema":{"@context":"https:\/\/schema.org","@graph":[{"@type":"WebPage","@id":"https:\/\/activeluxe-cosmetics.com\/rs\/izdelek\/torba-za-plazu-its-tan-oclock\/","url":"https:\/\/activeluxe-cosmetics.com\/rs\/izdelek\/torba-za-plazu-its-tan-oclock\/","name":"Torba za pla\u017eu - Active Luxe Cosmetics","isPartOf":{"@id":"https:\/\/activeluxe-cosmetics.com\/rs\/#website"},"primaryImageOfPage":{"@id":"https:\/\/activeluxe-cosmetics.com\/rs\/izdelek\/torba-za-plazu-its-tan-oclock\/#primaryimage"},"image":{"@id":"https:\/\/activeluxe-cosmetics.com\/rs\/izdelek\/torba-za-plazu-its-tan-oclock\/#primaryimage"},"thumbnailUrl":"https:\/\/activeluxe-cosmetics.com\/rs\/wp-content\/uploads\/2025\/05\/AL_MAJ8223-1-1-768x1152-1.jpg","datePublished":"2025-06-12T06:48:40+00:00","dateModified":"2026-01-12T09:07:32+00:00","description":"Prostrana i prakti\u010dna torba za pla\u017eu u modernoj pe\u0161\u010danoj boji. Sa dodatnim unuta\u0161njim d\u017eepom,\u010dvrstim i perivim materijalom,idealna je za pla\u017eu ili kupovinu.","breadcrumb":{"@id":"https:\/\/activeluxe-cosmetics.com\/rs\/izdelek\/torba-za-plazu-its-tan-oclock\/#breadcrumb"},"inLanguage":"hr","potentialAction":[{"@type":"ReadAction","target":["https:\/\/activeluxe-cosmetics.com\/rs\/izdelek\/torba-za-plazu-its-tan-oclock\/"]}]},{"@type":"ImageObject","inLanguage":"hr","@id":"https:\/\/activeluxe-cosmetics.com\/rs\/izdelek\/torba-za-plazu-its-tan-oclock\/#primaryimage","url":"https:\/\/activeluxe-cosmetics.com\/rs\/wp-content\/uploads\/2025\/05\/AL_MAJ8223-1-1-768x1152-1.jpg","contentUrl":"https:\/\/activeluxe-cosmetics.com\/rs\/wp-content\/uploads\/2025\/05\/AL_MAJ8223-1-1-768x1152-1.jpg","width":768,"height":1152},{"@type":"BreadcrumbList","@id":"https:\/\/activeluxe-cosmetics.com\/rs\/izdelek\/torba-za-plazu-its-tan-oclock\/#breadcrumb","itemListElement":[{"@type":"ListItem","position":1,"name":"Naslovnica","item":"https:\/\/activeluxe-cosmetics.com\/rs\/"},{"@type":"ListItem","position":2,"name":"Trgovina","item":"https:\/\/activeluxe-cosmetics.com\/rs\/trgovina\/"},{"@type":"ListItem","position":3,"name":"Torba za pla\u017eu: It\u00b4s tan o\u00b4clock!"}]},{"@type":"WebSite","@id":"https:\/\/activeluxe-cosmetics.com\/rs\/#website","url":"https:\/\/activeluxe-cosmetics.com\/rs\/","name":"Active Luxe Cosmetics","description":"","potentialAction":[{"@type":"SearchAction","target":{"@type":"EntryPoint","urlTemplate":"https:\/\/activeluxe-cosmetics.com\/rs\/?s={search_term_string}"},"query-input":{"@type":"PropertyValueSpecification","valueRequired":true,"valueName":"search_term_string"}}],"inLanguage":"hr"}]}},"_links":{"self":[{"href":"https:\/\/activeluxe-cosmetics.com\/rs\/wp-json\/wp\/v2\/product\/86008","targetHints":{"allow":["GET"]}}],"collection":[{"href":"https:\/\/activeluxe-cosmetics.com\/rs\/wp-json\/wp\/v2\/product"}],"about":[{"href":"https:\/\/activeluxe-cosmetics.com\/rs\/wp-json\/wp\/v2\/types\/product"}],"replies":[{"embeddable":true,"href":"https:\/\/activeluxe-cosmetics.com\/rs\/wp-json\/wp\/v2\/comments?post=86008"}],"wp:featuredmedia":[{"embeddable":true,"href":"https:\/\/activeluxe-cosmetics.com\/rs\/wp-json\/wp\/v2\/media\/86023"}],"wp:attachment":[{"href":"https:\/\/activeluxe-cosmetics.com\/rs\/wp-json\/wp\/v2\/media?parent=86008"}],"wp:term":[{"taxonomy":"product_brand","embeddable":true,"href":"https:\/\/activeluxe-cosmetics.com\/rs\/wp-json\/wp\/v2\/product_brand?post=86008"},{"taxonomy":"product_cat","embeddable":true,"href":"https:\/\/activeluxe-cosmetics.com\/rs\/wp-json\/wp\/v2\/product_cat?post=86008"},{"taxonomy":"product_tag","embeddable":true,"href":"https:\/\/activeluxe-cosmetics.com\/rs\/wp-json\/wp\/v2\/product_tag?post=86008"}],"curies":[{"name":"wp","href":"https:\/\/api.w.org\/{rel}","templated":true}]}}