{"id":86007,"date":"2025-06-12T08:52:38","date_gmt":"2025-06-12T06:52:38","guid":{"rendered":"https:\/\/activeluxe-cosmetics.com\/rs\/?post_type=product&#038;p=86007"},"modified":"2026-01-12T10:06:14","modified_gmt":"2026-01-12T09:06:14","slug":"torba-za-plazu-fantanstic-summer","status":"publish","type":"product","link":"https:\/\/activeluxe-cosmetics.com\/rs\/izdelek\/torba-za-plazu-fantanstic-summer\/","title":{"rendered":"Torba za pla\u017eu: FanTANstic Summer!"},"content":{"rendered":"<h2><img loading=\"lazy\" decoding=\"async\" class=\"wp-image-93182 alignright\" src=\"https:\/\/activeluxe-cosmetics.com\/hr\/wp-content\/uploads\/2024\/06\/activeluxe_torbazanaplazo-460x575.png\" alt=\"\" width=\"372\" height=\"465\" \/><\/h2>\n<h2><strong>Savr\u0161ena torba za pla\u017eu:<\/strong> stilska, prostrana i spremna za letnje avanture<\/h2>\n<p class=\"\" data-start=\"44\" data-end=\"121\"><strong data-start=\"44\" data-end=\"121\">Leto zove, a tebi treba torba koja \u0107e izdr\u017eati sve tvoje letnje avanture!<\/strong><\/p>\n<p class=\"\" data-start=\"123\" data-end=\"291\">Na\u0161a torba za pla\u017eu dizajnirana je imaju\u0107i u vidu bezbri\u017ene dane pored mora, a istovremeno ostaje verna tvom stilu. Neka tvoj modni izraz bude opu\u0161ten kao i tvoj odmor!<\/p>\n<p class=\"\" data-start=\"293\" data-end=\"428\">Elegantna boja lososa i zabavan natpis <strong data-start=\"332\" data-end=\"354\">FanTANstic Summer!<\/strong> \u010dine je jedinstvenom, dok je njen prakti\u010dan dizajn izuzetno funkcionalan.<\/p>\n<p class=\"\" data-start=\"430\" data-end=\"557\">U nju mo\u017ee\u0161 bez problema spakovati sve \u2013 pe\u0161kire, knjige, preparate za sun\u010danje, pi\u0107e, telefon i sve ostale letnje potrep\u0161tine.<\/p>\n<p class=\"\" data-start=\"559\" data-end=\"734\">Ne samo da izgleda odli\u010dno, ve\u0107 je i izuzetno kvalitetna. \u010cvrst materijal i jaki \u0161avovi garantuju da \u0107e torba biti tvoj verni pratilac jo\u0161 dugo nakon poslednjeg zalaska sunca.<\/p>\n<p>&nbsp;<\/p>\n<p>&nbsp;<\/p>\n<h2><img loading=\"lazy\" decoding=\"async\" class=\"wp-image-93183 alignleft\" src=\"https:\/\/activeluxe-cosmetics.com\/hr\/wp-content\/uploads\/2024\/06\/torbazanaplazo_noemi-460x575.png\" alt=\"\" width=\"466\" height=\"582\" \/><\/h2>\n<h2><b>Tvoja nova najdra\u017ea torba za pla\u017eu: <\/b>gde se moda spaja funkcionalno\u0161\u0107u<\/h2>\n<p class=\"\" data-start=\"44\" data-end=\"83\"><strong data-start=\"44\" data-end=\"83\">\u0160ta ovu torbu \u010dini zaista posebnom?<\/strong><\/p>\n<ul>\n<li data-start=\"44\" data-end=\"83\">Prostrana unutra\u0161njost u koju stane sve \u0161to ti treba za pla\u017eu ili izlet<\/li>\n<li data-start=\"44\" data-end=\"83\">Unutra\u0161nji d\u017eep za klju\u010deve, telefon ili nov\u010danik<\/li>\n<li data-start=\"44\" data-end=\"83\">Zatvaranje na dugme za dodatnu sigurnost<\/li>\n<li data-start=\"44\" data-end=\"83\">Kvalitetan, periv materijal \u2013 otporan na pesak, vodu i letnje ludilo<\/li>\n<li data-start=\"44\" data-end=\"83\">Prelepa boja koja se sla\u017ee sa svakim outfitom<\/li>\n<li data-start=\"44\" data-end=\"83\">Mo\u017ee se koristiti i kao torba za \u0161oping, bazen, piknik ili \u0161etnje<\/li>\n<\/ul>\n<p class=\"\" data-start=\"454\" data-end=\"613\">Pripremi se za leto sa torbom koja je istovremeno prakti\u010dna i neverovatno \u0161armantna. I veruj nam \u2013 pitanje \u201eGde si je kupila?\u201c \u010du\u0107e\u0161 vi\u0161e puta nego \u0161to misli\u0161.<\/p>\n<p>&nbsp;<\/p>\n<p>&nbsp;<\/p>\n<p>&nbsp;<\/p>\n<p><iframe loading=\"lazy\" title=\"Premium Chocolate  Marmalade for deepest and darkest tan\" width=\"1020\" height=\"574\" src=\"https:\/\/www.youtube.com\/embed\/6YeClnkMgXw?feature=oembed&#038;enablejsapi=1&#038;origin=https:\/\/activeluxe-cosmetics.com\" frameborder=\"0\" allow=\"accelerometer; autoplay; clipboard-write; encrypted-media; gyroscope; picture-in-picture; web-share\" referrerpolicy=\"strict-origin-when-cross-origin\" allowfullscreen><\/iframe><\/p>\n","protected":false},"excerpt":{"rendered":"<p>Limited edition: prakti\u010dna torba za pla\u017eu od izdr\u017eljivog materijala. Mo\u017ee se prati u ma\u0161ini.<\/p>\n","protected":false},"featured_media":86027,"comment_status":"open","ping_status":"closed","template":"","meta":[],"product_brand":[],"product_cat":[82],"product_tag":[],"class_list":{"0":"post-86007","1":"product","2":"type-product","3":"status-publish","4":"has-post-thumbnail","6":"product_cat-sunce","8":"first","9":"instock","10":"taxable","11":"shipping-taxable","12":"purchasable","13":"product-type-simple"},"bundled_by":[],"bundle_stock_status":"instock","bundle_stock_quantity":null,"bundle_virtual":false,"bundle_layout":"","bundle_add_to_cart_form_location":"","bundle_editable_in_cart":false,"bundle_sold_individually_context":"","bundle_item_grouping":"","bundle_min_size":"","bundle_max_size":"","bundled_items":[],"acf":[],"yoast_head":"<!-- This site is optimized with the Yoast SEO plugin v26.5 - https:\/\/yoast.com\/wordpress\/plugins\/seo\/ -->\n<title>Torba za pla\u017eu - Active Luxe Cosmetics<\/title>\n<meta name=\"description\" content=\"Limited edition elegantna i prakti\u010dna torba za pla\u017eu. Velika i prakti\u010dna sa dodatnim d\u017eepom. Boja lososa. Izuzetno kvalitetan i periv materijal.\" \/>\n<meta name=\"robots\" content=\"index, follow, max-snippet:-1, max-image-preview:large, max-video-preview:-1\" \/>\n<link rel=\"canonical\" href=\"https:\/\/activeluxe-cosmetics.com\/rs\/izdelek\/torba-za-plazu-fantanstic-summer\/\" \/>\n<meta property=\"og:locale\" content=\"hr_HR\" \/>\n<meta property=\"og:type\" content=\"article\" \/>\n<meta property=\"og:title\" content=\"Torba za pla\u017eu - Active Luxe Cosmetics\" \/>\n<meta property=\"og:description\" content=\"Limited edition elegantna i prakti\u010dna torba za pla\u017eu. Velika i prakti\u010dna sa dodatnim d\u017eepom. Boja lososa. Izuzetno kvalitetan i periv materijal.\" \/>\n<meta property=\"og:url\" content=\"https:\/\/activeluxe-cosmetics.com\/rs\/izdelek\/torba-za-plazu-fantanstic-summer\/\" \/>\n<meta property=\"og:site_name\" content=\"Active Luxe Cosmetics\" \/>\n<meta property=\"article:modified_time\" content=\"2026-01-12T09:06:14+00:00\" \/>\n<meta property=\"og:image\" content=\"https:\/\/activeluxe-cosmetics.com\/rs\/wp-content\/uploads\/2025\/05\/torba_za_na_plazo.png\" \/>\n\t<meta property=\"og:image:width\" content=\"1080\" \/>\n\t<meta property=\"og:image:height\" content=\"1350\" \/>\n\t<meta property=\"og:image:type\" content=\"image\/png\" \/>\n<meta name=\"twitter:card\" content=\"summary_large_image\" \/>\n<meta name=\"twitter:label1\" content=\"Procijenjeno vrijeme \u010ditanja\" \/>\n\t<meta name=\"twitter:data1\" content=\"2 minute\" \/>\n<script type=\"application\/ld+json\" class=\"yoast-schema-graph\">{\"@context\":\"https:\/\/schema.org\",\"@graph\":[{\"@type\":\"WebPage\",\"@id\":\"https:\/\/activeluxe-cosmetics.com\/rs\/izdelek\/torba-za-plazu-fantanstic-summer\/\",\"url\":\"https:\/\/activeluxe-cosmetics.com\/rs\/izdelek\/torba-za-plazu-fantanstic-summer\/\",\"name\":\"Torba za pla\u017eu - Active Luxe Cosmetics\",\"isPartOf\":{\"@id\":\"https:\/\/activeluxe-cosmetics.com\/rs\/#website\"},\"primaryImageOfPage\":{\"@id\":\"https:\/\/activeluxe-cosmetics.com\/rs\/izdelek\/torba-za-plazu-fantanstic-summer\/#primaryimage\"},\"image\":{\"@id\":\"https:\/\/activeluxe-cosmetics.com\/rs\/izdelek\/torba-za-plazu-fantanstic-summer\/#primaryimage\"},\"thumbnailUrl\":\"https:\/\/activeluxe-cosmetics.com\/rs\/wp-content\/uploads\/2025\/05\/torba_za_na_plazo.png\",\"datePublished\":\"2025-06-12T06:52:38+00:00\",\"dateModified\":\"2026-01-12T09:06:14+00:00\",\"description\":\"Limited edition elegantna i prakti\u010dna torba za pla\u017eu. Velika i prakti\u010dna sa dodatnim d\u017eepom. Boja lososa. Izuzetno kvalitetan i periv materijal.\",\"breadcrumb\":{\"@id\":\"https:\/\/activeluxe-cosmetics.com\/rs\/izdelek\/torba-za-plazu-fantanstic-summer\/#breadcrumb\"},\"inLanguage\":\"hr\",\"potentialAction\":[{\"@type\":\"ReadAction\",\"target\":[\"https:\/\/activeluxe-cosmetics.com\/rs\/izdelek\/torba-za-plazu-fantanstic-summer\/\"]}]},{\"@type\":\"ImageObject\",\"inLanguage\":\"hr\",\"@id\":\"https:\/\/activeluxe-cosmetics.com\/rs\/izdelek\/torba-za-plazu-fantanstic-summer\/#primaryimage\",\"url\":\"https:\/\/activeluxe-cosmetics.com\/rs\/wp-content\/uploads\/2025\/05\/torba_za_na_plazo.png\",\"contentUrl\":\"https:\/\/activeluxe-cosmetics.com\/rs\/wp-content\/uploads\/2025\/05\/torba_za_na_plazo.png\",\"width\":1080,\"height\":1350},{\"@type\":\"BreadcrumbList\",\"@id\":\"https:\/\/activeluxe-cosmetics.com\/rs\/izdelek\/torba-za-plazu-fantanstic-summer\/#breadcrumb\",\"itemListElement\":[{\"@type\":\"ListItem\",\"position\":1,\"name\":\"Naslovnica\",\"item\":\"https:\/\/activeluxe-cosmetics.com\/rs\/\"},{\"@type\":\"ListItem\",\"position\":2,\"name\":\"Trgovina\",\"item\":\"https:\/\/activeluxe-cosmetics.com\/rs\/trgovina\/\"},{\"@type\":\"ListItem\",\"position\":3,\"name\":\"Torba za pla\u017eu: FanTANstic Summer!\"}]},{\"@type\":\"WebSite\",\"@id\":\"https:\/\/activeluxe-cosmetics.com\/rs\/#website\",\"url\":\"https:\/\/activeluxe-cosmetics.com\/rs\/\",\"name\":\"Active Luxe Cosmetics\",\"description\":\"\",\"potentialAction\":[{\"@type\":\"SearchAction\",\"target\":{\"@type\":\"EntryPoint\",\"urlTemplate\":\"https:\/\/activeluxe-cosmetics.com\/rs\/?s={search_term_string}\"},\"query-input\":{\"@type\":\"PropertyValueSpecification\",\"valueRequired\":true,\"valueName\":\"search_term_string\"}}],\"inLanguage\":\"hr\"}]}<\/script>\n<!-- \/ Yoast SEO plugin. -->","yoast_head_json":{"title":"Torba za pla\u017eu - Active Luxe Cosmetics","description":"Limited edition elegantna i prakti\u010dna torba za pla\u017eu. Velika i prakti\u010dna sa dodatnim d\u017eepom. Boja lososa. Izuzetno kvalitetan i periv materijal.","robots":{"index":"index","follow":"follow","max-snippet":"max-snippet:-1","max-image-preview":"max-image-preview:large","max-video-preview":"max-video-preview:-1"},"canonical":"https:\/\/activeluxe-cosmetics.com\/rs\/izdelek\/torba-za-plazu-fantanstic-summer\/","og_locale":"hr_HR","og_type":"article","og_title":"Torba za pla\u017eu - Active Luxe Cosmetics","og_description":"Limited edition elegantna i prakti\u010dna torba za pla\u017eu. Velika i prakti\u010dna sa dodatnim d\u017eepom. Boja lososa. Izuzetno kvalitetan i periv materijal.","og_url":"https:\/\/activeluxe-cosmetics.com\/rs\/izdelek\/torba-za-plazu-fantanstic-summer\/","og_site_name":"Active Luxe Cosmetics","article_modified_time":"2026-01-12T09:06:14+00:00","og_image":[{"width":1080,"height":1350,"url":"https:\/\/activeluxe-cosmetics.com\/rs\/wp-content\/uploads\/2025\/05\/torba_za_na_plazo.png","type":"image\/png"}],"twitter_card":"summary_large_image","twitter_misc":{"Procijenjeno vrijeme \u010ditanja":"2 minute"},"schema":{"@context":"https:\/\/schema.org","@graph":[{"@type":"WebPage","@id":"https:\/\/activeluxe-cosmetics.com\/rs\/izdelek\/torba-za-plazu-fantanstic-summer\/","url":"https:\/\/activeluxe-cosmetics.com\/rs\/izdelek\/torba-za-plazu-fantanstic-summer\/","name":"Torba za pla\u017eu - Active Luxe Cosmetics","isPartOf":{"@id":"https:\/\/activeluxe-cosmetics.com\/rs\/#website"},"primaryImageOfPage":{"@id":"https:\/\/activeluxe-cosmetics.com\/rs\/izdelek\/torba-za-plazu-fantanstic-summer\/#primaryimage"},"image":{"@id":"https:\/\/activeluxe-cosmetics.com\/rs\/izdelek\/torba-za-plazu-fantanstic-summer\/#primaryimage"},"thumbnailUrl":"https:\/\/activeluxe-cosmetics.com\/rs\/wp-content\/uploads\/2025\/05\/torba_za_na_plazo.png","datePublished":"2025-06-12T06:52:38+00:00","dateModified":"2026-01-12T09:06:14+00:00","description":"Limited edition elegantna i prakti\u010dna torba za pla\u017eu. Velika i prakti\u010dna sa dodatnim d\u017eepom. Boja lososa. Izuzetno kvalitetan i periv materijal.","breadcrumb":{"@id":"https:\/\/activeluxe-cosmetics.com\/rs\/izdelek\/torba-za-plazu-fantanstic-summer\/#breadcrumb"},"inLanguage":"hr","potentialAction":[{"@type":"ReadAction","target":["https:\/\/activeluxe-cosmetics.com\/rs\/izdelek\/torba-za-plazu-fantanstic-summer\/"]}]},{"@type":"ImageObject","inLanguage":"hr","@id":"https:\/\/activeluxe-cosmetics.com\/rs\/izdelek\/torba-za-plazu-fantanstic-summer\/#primaryimage","url":"https:\/\/activeluxe-cosmetics.com\/rs\/wp-content\/uploads\/2025\/05\/torba_za_na_plazo.png","contentUrl":"https:\/\/activeluxe-cosmetics.com\/rs\/wp-content\/uploads\/2025\/05\/torba_za_na_plazo.png","width":1080,"height":1350},{"@type":"BreadcrumbList","@id":"https:\/\/activeluxe-cosmetics.com\/rs\/izdelek\/torba-za-plazu-fantanstic-summer\/#breadcrumb","itemListElement":[{"@type":"ListItem","position":1,"name":"Naslovnica","item":"https:\/\/activeluxe-cosmetics.com\/rs\/"},{"@type":"ListItem","position":2,"name":"Trgovina","item":"https:\/\/activeluxe-cosmetics.com\/rs\/trgovina\/"},{"@type":"ListItem","position":3,"name":"Torba za pla\u017eu: FanTANstic Summer!"}]},{"@type":"WebSite","@id":"https:\/\/activeluxe-cosmetics.com\/rs\/#website","url":"https:\/\/activeluxe-cosmetics.com\/rs\/","name":"Active Luxe Cosmetics","description":"","potentialAction":[{"@type":"SearchAction","target":{"@type":"EntryPoint","urlTemplate":"https:\/\/activeluxe-cosmetics.com\/rs\/?s={search_term_string}"},"query-input":{"@type":"PropertyValueSpecification","valueRequired":true,"valueName":"search_term_string"}}],"inLanguage":"hr"}]}},"_links":{"self":[{"href":"https:\/\/activeluxe-cosmetics.com\/rs\/wp-json\/wp\/v2\/product\/86007","targetHints":{"allow":["GET"]}}],"collection":[{"href":"https:\/\/activeluxe-cosmetics.com\/rs\/wp-json\/wp\/v2\/product"}],"about":[{"href":"https:\/\/activeluxe-cosmetics.com\/rs\/wp-json\/wp\/v2\/types\/product"}],"replies":[{"embeddable":true,"href":"https:\/\/activeluxe-cosmetics.com\/rs\/wp-json\/wp\/v2\/comments?post=86007"}],"wp:featuredmedia":[{"embeddable":true,"href":"https:\/\/activeluxe-cosmetics.com\/rs\/wp-json\/wp\/v2\/media\/86027"}],"wp:attachment":[{"href":"https:\/\/activeluxe-cosmetics.com\/rs\/wp-json\/wp\/v2\/media?parent=86007"}],"wp:term":[{"taxonomy":"product_brand","embeddable":true,"href":"https:\/\/activeluxe-cosmetics.com\/rs\/wp-json\/wp\/v2\/product_brand?post=86007"},{"taxonomy":"product_cat","embeddable":true,"href":"https:\/\/activeluxe-cosmetics.com\/rs\/wp-json\/wp\/v2\/product_cat?post=86007"},{"taxonomy":"product_tag","embeddable":true,"href":"https:\/\/activeluxe-cosmetics.com\/rs\/wp-json\/wp\/v2\/product_tag?post=86007"}],"curies":[{"name":"wp","href":"https:\/\/api.w.org\/{rel}","templated":true}]}}