{"id":86006,"date":"2025-06-12T09:10:30","date_gmt":"2025-06-12T07:10:30","guid":{"rendered":"https:\/\/activeluxe-cosmetics.com\/rs\/?post_type=product&#038;p=86006"},"modified":"2026-03-31T09:29:33","modified_gmt":"2026-03-31T07:29:33","slug":"hidratantni-anti-age-serum-za-lice","status":"publish","type":"product","link":"https:\/\/activeluxe-cosmetics.com\/rs\/izdelek\/hidratantni-anti-age-serum-za-lice\/","title":{"rendered":"Hidratantni anti age serum za lice"},"content":{"rendered":"<p>&nbsp;<\/p>\r\n\r\n<div class=\"wp-block-columns izdelek-ikone is-layout-flex wp-container-core-columns-is-layout-9d6595d7 wp-block-columns-is-layout-flex\">\r\n<div class=\"wp-block-column is-layout-flow wp-block-column-is-layout-flow\"><\/div>\r\n<\/div>\r\n<div class=\"wp-block-columns\">\r\n<div class=\"wp-block-column\"><img loading=\"lazy\" decoding=\"async\" class=\" wp-image-91351 alignright\" src=\"https:\/\/activeluxe-cosmetics.com\/hr\/wp-content\/uploads\/2024\/07\/serum-za-obraz-460x575.png\" alt=\"\" width=\"435\" height=\"544\" \/>\r\n<h2><strong>Intenzivno hidrirana <\/strong>i podmla\u0111ena ko\u017ea<\/h2>\r\n<p data-start=\"48\" data-end=\"365\"><strong data-start=\"48\" data-end=\"153\">Otkrij tajnu neverovatno hidrirane i mladala\u010dke ko\u017ee sa na\u0161im vrhunskim hidratantnim serumom za lice.<\/strong> Ova jedinstvena formula zasnovana je na principu koji deluje na izuzetnu hidrataciju, pomla\u0111ivanje i anti-age efekat. Blagotvorni serum za negu lica, vrata i dekoltea uz izuzetnu kombinaciju odabranih sastojaka:<\/p>\r\n<ul data-start=\"367\" data-end=\"459\">\r\n<li data-start=\"367\" data-end=\"403\">\r\n<p data-start=\"369\" data-end=\"403\">Usporava ubrzano starenje ko\u017ee i<\/p>\r\n<\/li>\r\n<li data-start=\"404\" data-end=\"459\">\r\n<p data-start=\"406\" data-end=\"459\">\u0160titi, obnavlja i umiruje osetljivu i nadra\u017eenu ko\u017eu.<\/p>\r\n<\/li>\r\n<\/ul>\r\n<p data-start=\"461\" data-end=\"895\" data-is-last-node=\"\" data-is-only-node=\"\">Sinergija dragocenog maslinovog i jojobinog ulja dubinski vla\u017ei ko\u017eu i odr\u017eava je mladom i sve\u017eom. Jojobino ulje sadr\u017ei prirodan oblik vitamina E, koji na ko\u017eu deluje kao mo\u0107an antioksidant i \u0161titi \u0107elije od \u0161tetnih spolja\u0161njih uticaja. Aktivni hidrolizovani ekstrakt iz crvenih algi (Hydrolyzed Rhodophyceae Extract) pru\u017ea neverovatno umirenje nadra\u017eene i osetljive ko\u017ee, smanjuje crvenilo i bore, te brine za zdraviju barijeru ko\u017ee.<\/p>\r\n<br \/>\r\n<h2 style=\"text-align: center; clear: both;\">\u00a0<\/h2>\r\n<img loading=\"lazy\" decoding=\"async\" class=\"wp-image-85739  alignleft\" src=\"https:\/\/activeluxe-cosmetics.com\/hr\/wp-content\/uploads\/2024\/07\/Izdelek-brez-naslova-30-1-600x750-1-460x575.png\" alt=\"\" width=\"435\" height=\"544\" \/>\r\n<h2>Klju\u010dne\u00a0<strong>prednosti seruma<\/strong><\/h2>\r\n<ul>\r\n<li>\r\n<p data-start=\"48\" data-end=\"212\"><strong data-start=\"48\" data-end=\"75\">Intenzivna hidratacija:<\/strong> Serum dubinski vla\u017ei ko\u017eu, ostavlja dugotrajan ose\u0107aj hidratacije i vlage. Rezultat je mekana, glatka i prozra\u010dna ko\u017ea tokom celog dana.<\/p>\r\n<p data-start=\"214\" data-end=\"433\"><strong data-start=\"214\" data-end=\"231\">Pomla\u0111ivanje:<\/strong> Oboga\u0107en mo\u0107nim antioksidantima i prirodnim sastojcima, na\u0161a formula smanjuje vidljivost dubokih linija i bora, te podsti\u010de prirodno obnavljanje ko\u017enih \u0107elija. Ko\u017ea postaje \u010dvr\u0161\u0107a, elasti\u010dnija i mla\u0111a.<\/p>\r\n<p data-start=\"435\" data-end=\"599\"><strong data-start=\"435\" data-end=\"455\">Anti-Age Efekat:<\/strong> Serum sadr\u017ei aktivne sastojke koji deluju protiv starenja i poma\u017eu u smanjenju znakova starenja. Redovna upotreba poma\u017ee ko\u017ei da izgleda mla\u0111e.<\/p>\r\n<p data-start=\"601\" data-end=\"789\"><strong data-start=\"601\" data-end=\"622\">Lagana Struktura:<\/strong> Serum ima izuzetno laganu teksturu, koja se brzo upija u ko\u017eu, a ne ostavlja masni trag. Idealno je za sve tipove ko\u017ee i odli\u010dno se uklapa u tvoju svakodnevnu rutinu.<\/p>\r\n<p data-start=\"791\" data-end=\"877\" data-is-last-node=\"\" data-is-only-node=\"\"><strong data-start=\"791\" data-end=\"833\">Lako se koristi s ostalim proizvodima:<\/strong> Bi\u0107e izvrstan dodatak tvojoj kremi za lice.<\/p>\r\n<\/li>\r\n<\/ul>\r\n\u00a0\r\n<h3 style=\"clear: both; max-width: 820px;\">\u00a0<\/h3>\r\n<div style=\"display: flex; align-items: center; gap: 20px; flex-wrap: wrap;\">\r\n<p style=\"max-width: 360px;\">\u00a0<\/p>\r\n<\/div>\r\n<\/div>\r\n<\/div>\r\n\r\n\r\n","protected":false},"excerpt":{"rendered":"<p>Anti-age, hidratantni, umiruju\u0107i serum za obnovljenu ko\u017enu barijeru. Za lice, vrat i dekolte.<\/p>\n","protected":false},"featured_media":86280,"comment_status":"open","ping_status":"closed","template":"","meta":[],"product_brand":[],"product_cat":[114,101],"product_tag":[],"class_list":{"0":"post-86006","1":"product","2":"type-product","3":"status-publish","4":"has-post-thumbnail","6":"product_cat-lice-i-telo","7":"product_cat-serumi-za-lice","9":"first","10":"instock","11":"taxable","12":"shipping-taxable","13":"purchasable","14":"product-type-simple"},"bundled_by":[],"bundle_stock_status":"instock","bundle_stock_quantity":null,"bundle_virtual":false,"bundle_layout":"","bundle_add_to_cart_form_location":"","bundle_editable_in_cart":false,"bundle_sold_individually_context":"","bundle_item_grouping":"","bundle_min_size":"","bundle_max_size":"","bundled_items":[],"acf":[],"yoast_head":"<!-- This site is optimized with the Yoast SEO plugin v26.5 - https:\/\/yoast.com\/wordpress\/plugins\/seo\/ -->\n<title>Hidratantni anti age serum za lice - Active Luxe Cosmetics<\/title>\n<meta name=\"description\" content=\"Znakovi starenja s vremenom se primete na licu. Ako \u017eelite to smanjiti proverite najbolje sastojke u Active Luxe serumu za lice.\" \/>\n<meta name=\"robots\" content=\"index, follow, max-snippet:-1, max-image-preview:large, max-video-preview:-1\" \/>\n<link rel=\"canonical\" href=\"https:\/\/activeluxe-cosmetics.com\/rs\/izdelek\/hidratantni-anti-age-serum-za-lice\/\" \/>\n<meta property=\"og:locale\" content=\"hr_HR\" \/>\n<meta property=\"og:type\" content=\"article\" \/>\n<meta property=\"og:title\" content=\"Hidratantni anti age serum za lice - Active Luxe Cosmetics\" \/>\n<meta property=\"og:description\" content=\"Znakovi starenja s vremenom se primete na licu. Ako \u017eelite to smanjiti proverite najbolje sastojke u Active Luxe serumu za lice.\" \/>\n<meta property=\"og:url\" content=\"https:\/\/activeluxe-cosmetics.com\/rs\/izdelek\/hidratantni-anti-age-serum-za-lice\/\" \/>\n<meta property=\"og:site_name\" content=\"Active Luxe Cosmetics\" \/>\n<meta property=\"article:modified_time\" content=\"2026-03-31T07:29:33+00:00\" \/>\n<meta property=\"og:image\" content=\"https:\/\/activeluxe-cosmetics.com\/rs\/wp-content\/uploads\/2025\/06\/55-Face-Serum-1.jpg\" \/>\n\t<meta property=\"og:image:width\" content=\"1104\" \/>\n\t<meta property=\"og:image:height\" content=\"1326\" \/>\n\t<meta property=\"og:image:type\" content=\"image\/jpeg\" \/>\n<meta name=\"twitter:card\" content=\"summary_large_image\" \/>\n<meta name=\"twitter:label1\" content=\"Procijenjeno vrijeme \u010ditanja\" \/>\n\t<meta name=\"twitter:data1\" content=\"2 minute\" \/>\n<script type=\"application\/ld+json\" class=\"yoast-schema-graph\">{\"@context\":\"https:\/\/schema.org\",\"@graph\":[{\"@type\":\"WebPage\",\"@id\":\"https:\/\/activeluxe-cosmetics.com\/rs\/izdelek\/hidratantni-anti-age-serum-za-lice\/\",\"url\":\"https:\/\/activeluxe-cosmetics.com\/rs\/izdelek\/hidratantni-anti-age-serum-za-lice\/\",\"name\":\"Hidratantni anti age serum za lice - Active Luxe Cosmetics\",\"isPartOf\":{\"@id\":\"https:\/\/activeluxe-cosmetics.com\/rs\/#website\"},\"primaryImageOfPage\":{\"@id\":\"https:\/\/activeluxe-cosmetics.com\/rs\/izdelek\/hidratantni-anti-age-serum-za-lice\/#primaryimage\"},\"image\":{\"@id\":\"https:\/\/activeluxe-cosmetics.com\/rs\/izdelek\/hidratantni-anti-age-serum-za-lice\/#primaryimage\"},\"thumbnailUrl\":\"https:\/\/activeluxe-cosmetics.com\/rs\/wp-content\/uploads\/2025\/06\/55-Face-Serum-1.jpg\",\"datePublished\":\"2025-06-12T07:10:30+00:00\",\"dateModified\":\"2026-03-31T07:29:33+00:00\",\"description\":\"Znakovi starenja s vremenom se primete na licu. Ako \u017eelite to smanjiti proverite najbolje sastojke u Active Luxe serumu za lice.\",\"breadcrumb\":{\"@id\":\"https:\/\/activeluxe-cosmetics.com\/rs\/izdelek\/hidratantni-anti-age-serum-za-lice\/#breadcrumb\"},\"inLanguage\":\"hr\",\"potentialAction\":[{\"@type\":\"ReadAction\",\"target\":[\"https:\/\/activeluxe-cosmetics.com\/rs\/izdelek\/hidratantni-anti-age-serum-za-lice\/\"]}]},{\"@type\":\"ImageObject\",\"inLanguage\":\"hr\",\"@id\":\"https:\/\/activeluxe-cosmetics.com\/rs\/izdelek\/hidratantni-anti-age-serum-za-lice\/#primaryimage\",\"url\":\"https:\/\/activeluxe-cosmetics.com\/rs\/wp-content\/uploads\/2025\/06\/55-Face-Serum-1.jpg\",\"contentUrl\":\"https:\/\/activeluxe-cosmetics.com\/rs\/wp-content\/uploads\/2025\/06\/55-Face-Serum-1.jpg\",\"width\":1104,\"height\":1326},{\"@type\":\"BreadcrumbList\",\"@id\":\"https:\/\/activeluxe-cosmetics.com\/rs\/izdelek\/hidratantni-anti-age-serum-za-lice\/#breadcrumb\",\"itemListElement\":[{\"@type\":\"ListItem\",\"position\":1,\"name\":\"Naslovnica\",\"item\":\"https:\/\/activeluxe-cosmetics.com\/rs\/\"},{\"@type\":\"ListItem\",\"position\":2,\"name\":\"Trgovina\",\"item\":\"https:\/\/activeluxe-cosmetics.com\/rs\/trgovina\/\"},{\"@type\":\"ListItem\",\"position\":3,\"name\":\"Hidratantni anti age serum za lice\"}]},{\"@type\":\"WebSite\",\"@id\":\"https:\/\/activeluxe-cosmetics.com\/rs\/#website\",\"url\":\"https:\/\/activeluxe-cosmetics.com\/rs\/\",\"name\":\"Active Luxe Cosmetics\",\"description\":\"\",\"potentialAction\":[{\"@type\":\"SearchAction\",\"target\":{\"@type\":\"EntryPoint\",\"urlTemplate\":\"https:\/\/activeluxe-cosmetics.com\/rs\/?s={search_term_string}\"},\"query-input\":{\"@type\":\"PropertyValueSpecification\",\"valueRequired\":true,\"valueName\":\"search_term_string\"}}],\"inLanguage\":\"hr\"}]}<\/script>\n<!-- \/ Yoast SEO plugin. -->","yoast_head_json":{"title":"Hidratantni anti age serum za lice - Active Luxe Cosmetics","description":"Znakovi starenja s vremenom se primete na licu. Ako \u017eelite to smanjiti proverite najbolje sastojke u Active Luxe serumu za lice.","robots":{"index":"index","follow":"follow","max-snippet":"max-snippet:-1","max-image-preview":"max-image-preview:large","max-video-preview":"max-video-preview:-1"},"canonical":"https:\/\/activeluxe-cosmetics.com\/rs\/izdelek\/hidratantni-anti-age-serum-za-lice\/","og_locale":"hr_HR","og_type":"article","og_title":"Hidratantni anti age serum za lice - Active Luxe Cosmetics","og_description":"Znakovi starenja s vremenom se primete na licu. Ako \u017eelite to smanjiti proverite najbolje sastojke u Active Luxe serumu za lice.","og_url":"https:\/\/activeluxe-cosmetics.com\/rs\/izdelek\/hidratantni-anti-age-serum-za-lice\/","og_site_name":"Active Luxe Cosmetics","article_modified_time":"2026-03-31T07:29:33+00:00","og_image":[{"width":1104,"height":1326,"url":"https:\/\/activeluxe-cosmetics.com\/rs\/wp-content\/uploads\/2025\/06\/55-Face-Serum-1.jpg","type":"image\/jpeg"}],"twitter_card":"summary_large_image","twitter_misc":{"Procijenjeno vrijeme \u010ditanja":"2 minute"},"schema":{"@context":"https:\/\/schema.org","@graph":[{"@type":"WebPage","@id":"https:\/\/activeluxe-cosmetics.com\/rs\/izdelek\/hidratantni-anti-age-serum-za-lice\/","url":"https:\/\/activeluxe-cosmetics.com\/rs\/izdelek\/hidratantni-anti-age-serum-za-lice\/","name":"Hidratantni anti age serum za lice - Active Luxe Cosmetics","isPartOf":{"@id":"https:\/\/activeluxe-cosmetics.com\/rs\/#website"},"primaryImageOfPage":{"@id":"https:\/\/activeluxe-cosmetics.com\/rs\/izdelek\/hidratantni-anti-age-serum-za-lice\/#primaryimage"},"image":{"@id":"https:\/\/activeluxe-cosmetics.com\/rs\/izdelek\/hidratantni-anti-age-serum-za-lice\/#primaryimage"},"thumbnailUrl":"https:\/\/activeluxe-cosmetics.com\/rs\/wp-content\/uploads\/2025\/06\/55-Face-Serum-1.jpg","datePublished":"2025-06-12T07:10:30+00:00","dateModified":"2026-03-31T07:29:33+00:00","description":"Znakovi starenja s vremenom se primete na licu. Ako \u017eelite to smanjiti proverite najbolje sastojke u Active Luxe serumu za lice.","breadcrumb":{"@id":"https:\/\/activeluxe-cosmetics.com\/rs\/izdelek\/hidratantni-anti-age-serum-za-lice\/#breadcrumb"},"inLanguage":"hr","potentialAction":[{"@type":"ReadAction","target":["https:\/\/activeluxe-cosmetics.com\/rs\/izdelek\/hidratantni-anti-age-serum-za-lice\/"]}]},{"@type":"ImageObject","inLanguage":"hr","@id":"https:\/\/activeluxe-cosmetics.com\/rs\/izdelek\/hidratantni-anti-age-serum-za-lice\/#primaryimage","url":"https:\/\/activeluxe-cosmetics.com\/rs\/wp-content\/uploads\/2025\/06\/55-Face-Serum-1.jpg","contentUrl":"https:\/\/activeluxe-cosmetics.com\/rs\/wp-content\/uploads\/2025\/06\/55-Face-Serum-1.jpg","width":1104,"height":1326},{"@type":"BreadcrumbList","@id":"https:\/\/activeluxe-cosmetics.com\/rs\/izdelek\/hidratantni-anti-age-serum-za-lice\/#breadcrumb","itemListElement":[{"@type":"ListItem","position":1,"name":"Naslovnica","item":"https:\/\/activeluxe-cosmetics.com\/rs\/"},{"@type":"ListItem","position":2,"name":"Trgovina","item":"https:\/\/activeluxe-cosmetics.com\/rs\/trgovina\/"},{"@type":"ListItem","position":3,"name":"Hidratantni anti age serum za lice"}]},{"@type":"WebSite","@id":"https:\/\/activeluxe-cosmetics.com\/rs\/#website","url":"https:\/\/activeluxe-cosmetics.com\/rs\/","name":"Active Luxe Cosmetics","description":"","potentialAction":[{"@type":"SearchAction","target":{"@type":"EntryPoint","urlTemplate":"https:\/\/activeluxe-cosmetics.com\/rs\/?s={search_term_string}"},"query-input":{"@type":"PropertyValueSpecification","valueRequired":true,"valueName":"search_term_string"}}],"inLanguage":"hr"}]}},"_links":{"self":[{"href":"https:\/\/activeluxe-cosmetics.com\/rs\/wp-json\/wp\/v2\/product\/86006","targetHints":{"allow":["GET"]}}],"collection":[{"href":"https:\/\/activeluxe-cosmetics.com\/rs\/wp-json\/wp\/v2\/product"}],"about":[{"href":"https:\/\/activeluxe-cosmetics.com\/rs\/wp-json\/wp\/v2\/types\/product"}],"replies":[{"embeddable":true,"href":"https:\/\/activeluxe-cosmetics.com\/rs\/wp-json\/wp\/v2\/comments?post=86006"}],"wp:featuredmedia":[{"embeddable":true,"href":"https:\/\/activeluxe-cosmetics.com\/rs\/wp-json\/wp\/v2\/media\/86280"}],"wp:attachment":[{"href":"https:\/\/activeluxe-cosmetics.com\/rs\/wp-json\/wp\/v2\/media?parent=86006"}],"wp:term":[{"taxonomy":"product_brand","embeddable":true,"href":"https:\/\/activeluxe-cosmetics.com\/rs\/wp-json\/wp\/v2\/product_brand?post=86006"},{"taxonomy":"product_cat","embeddable":true,"href":"https:\/\/activeluxe-cosmetics.com\/rs\/wp-json\/wp\/v2\/product_cat?post=86006"},{"taxonomy":"product_tag","embeddable":true,"href":"https:\/\/activeluxe-cosmetics.com\/rs\/wp-json\/wp\/v2\/product_tag?post=86006"}],"curies":[{"name":"wp","href":"https:\/\/api.w.org\/{rel}","templated":true}]}}