{"id":86005,"date":"2025-06-23T10:32:20","date_gmt":"2025-06-23T08:32:20","guid":{"rendered":"https:\/\/activeluxe-cosmetics.com\/rs\/?post_type=product&#038;p=86005"},"modified":"2026-03-31T09:29:16","modified_gmt":"2026-03-31T07:29:16","slug":"peskir-za-kosu-od-100-mikrovlakana","status":"publish","type":"product","link":"https:\/\/activeluxe-cosmetics.com\/rs\/izdelek\/peskir-za-kosu-od-100-mikrovlakana\/","title":{"rendered":"Pe\u0161kir za kosu od 100 % mikrovlakana"},"content":{"rendered":"<p><img loading=\"lazy\" decoding=\"async\" class=\"wp-image-93197 size-medium alignright\" src=\"https:\/\/activeluxe-cosmetics.com\/hr\/wp-content\/uploads\/2025\/04\/RD2_8505-Rok-Dezelak_v2-460x553.jpg\" alt=\"\" width=\"460\" height=\"553\" \/><\/p>\n<h2><span style=\"font-weight: 400;\"><strong>Br\u017ee su\u0161enje <\/strong>koje <\/span><span style=\"font-weight: 400;\">ne o\u0161te\u0107uje t<\/span><span style=\"font-weight: 400;\">voju kosu<\/span><\/h2>\n<p data-start=\"48\" data-end=\"140\"><strong data-start=\"48\" data-end=\"140\">Da li si i ti umorna od dugog su\u0161enja i razbaru\u0161ene kose nakon upotrebe obi\u010dnog pe\u0161kira?<\/strong><\/p>\n<p data-start=\"142\" data-end=\"406\">Predstavljamo ti pe\u0161kir za kosu od 100 % mikrovlakana \u2013 mekan, lagan i izuzetno upijaju\u0107i. Dizajniran je tako da ne\u017eno obuhvati tvoju kosu, brzo upije vi\u0161ak vlage i obezbedi da ti kosa bude suva br\u017ee nego ikada pre \u2013 bez grubog trljanja i nepotrebnog kidanja kose.<\/p>\n<p data-start=\"408\" data-end=\"582\"><strong data-start=\"408\" data-end=\"423\">Mikrovlakna<\/strong> (kombinacija poliestera i poliamida) omogu\u0107avaju da se kosa su\u0161i prirodno i ne\u017eno, a istovremeno spre\u010davaju lomljenje, cepanje vrhova i stati\u010dki elektricitet.<\/p>\n<p data-start=\"584\" data-end=\"686\" data-is-last-node=\"\" data-is-only-node=\"\">Savr\u0161eno re\u0161enje za sve koji brinemo o zdravlju svoje kose, a ipak \u017eelimo brzu rutinu nakon tu\u0161iranja.<\/p>\n<h2 style=\"text-align: center; clear: both;\"><\/h2>\n<p>&nbsp;<\/p>\n<p>&nbsp;<\/p>\n<p><img loading=\"lazy\" decoding=\"async\" class=\"wp-image-93200 alignleft\" src=\"https:\/\/activeluxe-cosmetics.com\/hr\/wp-content\/uploads\/2025\/04\/RD2_8267-Rok-Dezelak_v2-460x553.jpg\" alt=\"\" width=\"433\" height=\"521\" \/><\/p>\n<h2>Tvoj novi <strong>najdra\u017ei beauty saveznik<\/strong><\/h2>\n<p data-start=\"48\" data-end=\"191\">Pe\u0161kir mo\u017ee\u0161 koristiti odmah nakon pranja kose \u2013 sagne\u0161 glavu prema napred, zamota\u0161 kosu u pe\u0161kir, zavije\u0161 i pri\u010dvrsti\u0161 s elastikom i dugmetom.<\/p>\n<p data-start=\"193\" data-end=\"277\">Bez zapetljavanja, bez klizanja, samo savr\u0161eno prilago\u0111avanje i maksimalna udobnost.<\/p>\n<p data-start=\"279\" data-end=\"433\">Mo\u017ee\u0161 ga koristiti i tokom beauty rituala \u2013 kada nanosi\u0161 masku, ulja ili druge proizvode za negu, jednostavno ih zamota\u0161 u pe\u0161kir i nastavi\u0161 s opu\u0161tanjem.<\/p>\n<p data-start=\"435\" data-end=\"524\">Kosa ostaje na mestu, a toplina poma\u017ee da aktivni sastojci bolje prodru u strukturu kose.<\/p>\n<p data-start=\"526\" data-end=\"685\" data-is-last-node=\"\" data-is-only-node=\"\">Pogodan je za sve du\u017eine i vrste kose \u2013 od kratke, kovrd\u017eave do duge i guste. Tako\u0111e je pogodan za decu, jer ima 2 dugmeta kojima se mo\u017ee prilagoditi veli\u010dina.<\/p>\n<p>&nbsp;<\/p>\n<p>&nbsp;<\/p>\n<p>&nbsp;<\/p>\n<p>&nbsp;<\/p>\n<p>&nbsp;<\/p>\n<p>&nbsp;<\/p>\n<p>&nbsp;<\/p>\n<p>&nbsp;<\/p>\n<p><img loading=\"lazy\" decoding=\"async\" class=\"wp-image-93201 size-medium alignright\" src=\"https:\/\/activeluxe-cosmetics.com\/hr\/wp-content\/uploads\/2025\/04\/RD2_8350-Rok-Dezelak_v2-460x553.jpg\" alt=\"\" width=\"460\" height=\"553\" \/><\/p>\n<h2><\/h2>\n<h2><\/h2>\n<h2><b>Ne\u017ean prema kosi, otporan na vlagu &#8211; <\/b>dostupan u 3 boje<\/h2>\n<p data-start=\"48\" data-end=\"109\">Pe\u0161kir je dizajniran s pa\u017enjom prema tvojoj kosi i udobnosti.<\/p>\n<p data-start=\"111\" data-end=\"209\">Pored toga, jednostavan je za odr\u017eavanje \u2013 pere\u0161 ga na 30 \u00b0C, bez izbeljiva\u010da, peglanja i su\u0161enja.<\/p>\n<p data-start=\"211\" data-end=\"329\">Kako bismo ti pru\u017eili jo\u0161 vi\u0161e, dostupan je u tri prelepe boje koje \u0107e upotpuniti tvoju kupatilu i svakodnevnu rutinu.<\/p>\n<p data-start=\"331\" data-end=\"420\">Neka tvoj slede\u0107i beauty trenutak bude jo\u0161 prijatniji \u2013 s pe\u0161kirkom koja voli tvoju kosu.<\/p>\n<p data-start=\"422\" data-end=\"460\" data-is-last-node=\"\" data-is-only-node=\"\">Pe\u0161kir dolazi u simpati\u010dnom pakovanju.<\/p>\n<p>&nbsp;<\/p>\n<h2><\/h2>\n<p>&nbsp;<\/p>\n<p>&nbsp;<\/p>\n<p>&nbsp;<\/p>\n","protected":false},"excerpt":{"rendered":"<p>Pe\u0161kir za kosu koji upija vi\u0161ak vlage, ubrzava su\u0161enje kose bez trljanja i ne o\u0161te\u0107uje kosu.<\/p>\n","protected":false},"featured_media":86261,"comment_status":"open","ping_status":"closed","template":"","meta":[],"product_brand":[],"product_cat":[114,53,82],"product_tag":[],"class_list":{"0":"post-86005","1":"product","2":"type-product","3":"status-publish","4":"has-post-thumbnail","6":"product_cat-lice-i-telo","7":"product_cat-kosa","8":"product_cat-sunce","10":"first","11":"instock","12":"taxable","13":"shipping-taxable","14":"purchasable","15":"product-type-variable"},"bundled_by":[],"bundle_stock_status":"instock","bundle_stock_quantity":null,"bundle_virtual":false,"bundle_layout":"","bundle_add_to_cart_form_location":"","bundle_editable_in_cart":false,"bundle_sold_individually_context":"","bundle_item_grouping":"","bundle_min_size":"","bundle_max_size":"","bundled_items":[],"acf":[],"yoast_head":"<!-- This site is optimized with the Yoast SEO plugin v26.5 - https:\/\/yoast.com\/wordpress\/plugins\/seo\/ -->\n<title>Pe\u0161kir za kosu - Active Luxe Cosmetics<\/title>\n<meta name=\"description\" content=\"Tvoj novi saveznik za ne\u017eno i efikasno su\u0161enje kose. Mekani i super upijaju\u0107 pe\u0161kir koji potpuno upije vi\u0161ak vlage i skra\u0107uje vreme su\u0161enja.\" \/>\n<meta name=\"robots\" content=\"index, follow, max-snippet:-1, max-image-preview:large, max-video-preview:-1\" \/>\n<link rel=\"canonical\" href=\"https:\/\/activeluxe-cosmetics.com\/rs\/izdelek\/peskir-za-kosu-od-100-mikrovlakana\/\" \/>\n<meta property=\"og:locale\" content=\"hr_HR\" \/>\n<meta property=\"og:type\" content=\"article\" \/>\n<meta property=\"og:title\" content=\"Pe\u0161kir za kosu - Active Luxe Cosmetics\" \/>\n<meta property=\"og:description\" content=\"Tvoj novi saveznik za ne\u017eno i efikasno su\u0161enje kose. Mekani i super upijaju\u0107 pe\u0161kir koji potpuno upije vi\u0161ak vlage i skra\u0107uje vreme su\u0161enja.\" \/>\n<meta property=\"og:url\" content=\"https:\/\/activeluxe-cosmetics.com\/rs\/izdelek\/peskir-za-kosu-od-100-mikrovlakana\/\" \/>\n<meta property=\"og:site_name\" content=\"Active Luxe Cosmetics\" \/>\n<meta property=\"article:modified_time\" content=\"2026-03-31T07:29:16+00:00\" \/>\n<meta property=\"og:image\" content=\"https:\/\/activeluxe-cosmetics.com\/rs\/wp-content\/uploads\/2025\/06\/01_RD2_SET-1.jpg\" \/>\n\t<meta property=\"og:image:width\" content=\"1104\" \/>\n\t<meta property=\"og:image:height\" content=\"1326\" \/>\n\t<meta property=\"og:image:type\" content=\"image\/jpeg\" \/>\n<meta name=\"twitter:card\" content=\"summary_large_image\" \/>\n<meta name=\"twitter:label1\" content=\"Procijenjeno vrijeme \u010ditanja\" \/>\n\t<meta name=\"twitter:data1\" content=\"3 minute\" \/>\n<script type=\"application\/ld+json\" class=\"yoast-schema-graph\">{\"@context\":\"https:\/\/schema.org\",\"@graph\":[{\"@type\":\"WebPage\",\"@id\":\"https:\/\/activeluxe-cosmetics.com\/rs\/izdelek\/peskir-za-kosu-od-100-mikrovlakana\/\",\"url\":\"https:\/\/activeluxe-cosmetics.com\/rs\/izdelek\/peskir-za-kosu-od-100-mikrovlakana\/\",\"name\":\"Pe\u0161kir za kosu - Active Luxe Cosmetics\",\"isPartOf\":{\"@id\":\"https:\/\/activeluxe-cosmetics.com\/rs\/#website\"},\"primaryImageOfPage\":{\"@id\":\"https:\/\/activeluxe-cosmetics.com\/rs\/izdelek\/peskir-za-kosu-od-100-mikrovlakana\/#primaryimage\"},\"image\":{\"@id\":\"https:\/\/activeluxe-cosmetics.com\/rs\/izdelek\/peskir-za-kosu-od-100-mikrovlakana\/#primaryimage\"},\"thumbnailUrl\":\"https:\/\/activeluxe-cosmetics.com\/rs\/wp-content\/uploads\/2025\/06\/01_RD2_SET-1.jpg\",\"datePublished\":\"2025-06-23T08:32:20+00:00\",\"dateModified\":\"2026-03-31T07:29:16+00:00\",\"description\":\"Tvoj novi saveznik za ne\u017eno i efikasno su\u0161enje kose. Mekani i super upijaju\u0107 pe\u0161kir koji potpuno upije vi\u0161ak vlage i skra\u0107uje vreme su\u0161enja.\",\"breadcrumb\":{\"@id\":\"https:\/\/activeluxe-cosmetics.com\/rs\/izdelek\/peskir-za-kosu-od-100-mikrovlakana\/#breadcrumb\"},\"inLanguage\":\"hr\",\"potentialAction\":[{\"@type\":\"ReadAction\",\"target\":[\"https:\/\/activeluxe-cosmetics.com\/rs\/izdelek\/peskir-za-kosu-od-100-mikrovlakana\/\"]}]},{\"@type\":\"ImageObject\",\"inLanguage\":\"hr\",\"@id\":\"https:\/\/activeluxe-cosmetics.com\/rs\/izdelek\/peskir-za-kosu-od-100-mikrovlakana\/#primaryimage\",\"url\":\"https:\/\/activeluxe-cosmetics.com\/rs\/wp-content\/uploads\/2025\/06\/01_RD2_SET-1.jpg\",\"contentUrl\":\"https:\/\/activeluxe-cosmetics.com\/rs\/wp-content\/uploads\/2025\/06\/01_RD2_SET-1.jpg\",\"width\":1104,\"height\":1326},{\"@type\":\"BreadcrumbList\",\"@id\":\"https:\/\/activeluxe-cosmetics.com\/rs\/izdelek\/peskir-za-kosu-od-100-mikrovlakana\/#breadcrumb\",\"itemListElement\":[{\"@type\":\"ListItem\",\"position\":1,\"name\":\"Naslovnica\",\"item\":\"https:\/\/activeluxe-cosmetics.com\/rs\/\"},{\"@type\":\"ListItem\",\"position\":2,\"name\":\"Trgovina\",\"item\":\"https:\/\/activeluxe-cosmetics.com\/rs\/trgovina\/\"},{\"@type\":\"ListItem\",\"position\":3,\"name\":\"Pe\u0161kir za kosu od 100 % mikrovlakana\"}]},{\"@type\":\"WebSite\",\"@id\":\"https:\/\/activeluxe-cosmetics.com\/rs\/#website\",\"url\":\"https:\/\/activeluxe-cosmetics.com\/rs\/\",\"name\":\"Active Luxe Cosmetics\",\"description\":\"\",\"potentialAction\":[{\"@type\":\"SearchAction\",\"target\":{\"@type\":\"EntryPoint\",\"urlTemplate\":\"https:\/\/activeluxe-cosmetics.com\/rs\/?s={search_term_string}\"},\"query-input\":{\"@type\":\"PropertyValueSpecification\",\"valueRequired\":true,\"valueName\":\"search_term_string\"}}],\"inLanguage\":\"hr\"}]}<\/script>\n<!-- \/ Yoast SEO plugin. -->","yoast_head_json":{"title":"Pe\u0161kir za kosu - Active Luxe Cosmetics","description":"Tvoj novi saveznik za ne\u017eno i efikasno su\u0161enje kose. Mekani i super upijaju\u0107 pe\u0161kir koji potpuno upije vi\u0161ak vlage i skra\u0107uje vreme su\u0161enja.","robots":{"index":"index","follow":"follow","max-snippet":"max-snippet:-1","max-image-preview":"max-image-preview:large","max-video-preview":"max-video-preview:-1"},"canonical":"https:\/\/activeluxe-cosmetics.com\/rs\/izdelek\/peskir-za-kosu-od-100-mikrovlakana\/","og_locale":"hr_HR","og_type":"article","og_title":"Pe\u0161kir za kosu - Active Luxe Cosmetics","og_description":"Tvoj novi saveznik za ne\u017eno i efikasno su\u0161enje kose. Mekani i super upijaju\u0107 pe\u0161kir koji potpuno upije vi\u0161ak vlage i skra\u0107uje vreme su\u0161enja.","og_url":"https:\/\/activeluxe-cosmetics.com\/rs\/izdelek\/peskir-za-kosu-od-100-mikrovlakana\/","og_site_name":"Active Luxe Cosmetics","article_modified_time":"2026-03-31T07:29:16+00:00","og_image":[{"width":1104,"height":1326,"url":"https:\/\/activeluxe-cosmetics.com\/rs\/wp-content\/uploads\/2025\/06\/01_RD2_SET-1.jpg","type":"image\/jpeg"}],"twitter_card":"summary_large_image","twitter_misc":{"Procijenjeno vrijeme \u010ditanja":"3 minute"},"schema":{"@context":"https:\/\/schema.org","@graph":[{"@type":"WebPage","@id":"https:\/\/activeluxe-cosmetics.com\/rs\/izdelek\/peskir-za-kosu-od-100-mikrovlakana\/","url":"https:\/\/activeluxe-cosmetics.com\/rs\/izdelek\/peskir-za-kosu-od-100-mikrovlakana\/","name":"Pe\u0161kir za kosu - Active Luxe Cosmetics","isPartOf":{"@id":"https:\/\/activeluxe-cosmetics.com\/rs\/#website"},"primaryImageOfPage":{"@id":"https:\/\/activeluxe-cosmetics.com\/rs\/izdelek\/peskir-za-kosu-od-100-mikrovlakana\/#primaryimage"},"image":{"@id":"https:\/\/activeluxe-cosmetics.com\/rs\/izdelek\/peskir-za-kosu-od-100-mikrovlakana\/#primaryimage"},"thumbnailUrl":"https:\/\/activeluxe-cosmetics.com\/rs\/wp-content\/uploads\/2025\/06\/01_RD2_SET-1.jpg","datePublished":"2025-06-23T08:32:20+00:00","dateModified":"2026-03-31T07:29:16+00:00","description":"Tvoj novi saveznik za ne\u017eno i efikasno su\u0161enje kose. Mekani i super upijaju\u0107 pe\u0161kir koji potpuno upije vi\u0161ak vlage i skra\u0107uje vreme su\u0161enja.","breadcrumb":{"@id":"https:\/\/activeluxe-cosmetics.com\/rs\/izdelek\/peskir-za-kosu-od-100-mikrovlakana\/#breadcrumb"},"inLanguage":"hr","potentialAction":[{"@type":"ReadAction","target":["https:\/\/activeluxe-cosmetics.com\/rs\/izdelek\/peskir-za-kosu-od-100-mikrovlakana\/"]}]},{"@type":"ImageObject","inLanguage":"hr","@id":"https:\/\/activeluxe-cosmetics.com\/rs\/izdelek\/peskir-za-kosu-od-100-mikrovlakana\/#primaryimage","url":"https:\/\/activeluxe-cosmetics.com\/rs\/wp-content\/uploads\/2025\/06\/01_RD2_SET-1.jpg","contentUrl":"https:\/\/activeluxe-cosmetics.com\/rs\/wp-content\/uploads\/2025\/06\/01_RD2_SET-1.jpg","width":1104,"height":1326},{"@type":"BreadcrumbList","@id":"https:\/\/activeluxe-cosmetics.com\/rs\/izdelek\/peskir-za-kosu-od-100-mikrovlakana\/#breadcrumb","itemListElement":[{"@type":"ListItem","position":1,"name":"Naslovnica","item":"https:\/\/activeluxe-cosmetics.com\/rs\/"},{"@type":"ListItem","position":2,"name":"Trgovina","item":"https:\/\/activeluxe-cosmetics.com\/rs\/trgovina\/"},{"@type":"ListItem","position":3,"name":"Pe\u0161kir za kosu od 100 % mikrovlakana"}]},{"@type":"WebSite","@id":"https:\/\/activeluxe-cosmetics.com\/rs\/#website","url":"https:\/\/activeluxe-cosmetics.com\/rs\/","name":"Active Luxe Cosmetics","description":"","potentialAction":[{"@type":"SearchAction","target":{"@type":"EntryPoint","urlTemplate":"https:\/\/activeluxe-cosmetics.com\/rs\/?s={search_term_string}"},"query-input":{"@type":"PropertyValueSpecification","valueRequired":true,"valueName":"search_term_string"}}],"inLanguage":"hr"}]}},"_links":{"self":[{"href":"https:\/\/activeluxe-cosmetics.com\/rs\/wp-json\/wp\/v2\/product\/86005","targetHints":{"allow":["GET"]}}],"collection":[{"href":"https:\/\/activeluxe-cosmetics.com\/rs\/wp-json\/wp\/v2\/product"}],"about":[{"href":"https:\/\/activeluxe-cosmetics.com\/rs\/wp-json\/wp\/v2\/types\/product"}],"replies":[{"embeddable":true,"href":"https:\/\/activeluxe-cosmetics.com\/rs\/wp-json\/wp\/v2\/comments?post=86005"}],"wp:featuredmedia":[{"embeddable":true,"href":"https:\/\/activeluxe-cosmetics.com\/rs\/wp-json\/wp\/v2\/media\/86261"}],"wp:attachment":[{"href":"https:\/\/activeluxe-cosmetics.com\/rs\/wp-json\/wp\/v2\/media?parent=86005"}],"wp:term":[{"taxonomy":"product_brand","embeddable":true,"href":"https:\/\/activeluxe-cosmetics.com\/rs\/wp-json\/wp\/v2\/product_brand?post=86005"},{"taxonomy":"product_cat","embeddable":true,"href":"https:\/\/activeluxe-cosmetics.com\/rs\/wp-json\/wp\/v2\/product_cat?post=86005"},{"taxonomy":"product_tag","embeddable":true,"href":"https:\/\/activeluxe-cosmetics.com\/rs\/wp-json\/wp\/v2\/product_tag?post=86005"}],"curies":[{"name":"wp","href":"https:\/\/api.w.org\/{rel}","templated":true}]}}