{"id":83950,"date":"2024-11-06T08:23:08","date_gmt":"2024-11-06T07:23:08","guid":{"rendered":"https:\/\/activeluxe-cosmetics.com\/rs\/?post_type=product&#038;p=83950"},"modified":"2026-01-12T09:52:28","modified_gmt":"2026-01-12T08:52:28","slug":"tonik-za-aktivni-rast-kose-s-trostrukim-delovanjem","status":"publish","type":"product","link":"https:\/\/activeluxe-cosmetics.com\/rs\/izdelek\/tonik-za-aktivni-rast-kose-s-trostrukim-delovanjem\/","title":{"rendered":"Tonik za aktivni rast kose sa trostrukim delovanjem"},"content":{"rendered":"<p><img loading=\"lazy\" decoding=\"async\" class=\" wp-image-88043 alignright\" src=\"https:\/\/activeluxe-cosmetics.com\/hr\/wp-content\/uploads\/2024\/10\/tonic-819x1024-1-460x575.png\" alt=\"\" width=\"384\" height=\"480\" \/><\/p>\n<h2><span data-sheets-root=\"1\" data-sheets-value=\"{&quot;1&quot;:2,&quot;2&quot;:&quot;Ovo je prava stvar za izgubljene zaliske!&quot;}\" data-sheets-userformat=\"{&quot;2&quot;:19201,&quot;3&quot;:{&quot;1&quot;:0},&quot;11&quot;:4,&quot;12&quot;:0,&quot;14&quot;:{&quot;1&quot;:2,&quot;2&quot;:16739585},&quot;17&quot;:1}\">Ovo je prava stvar za <strong>visoke<\/strong> <strong>zaliske<\/strong><\/span><\/h2>\n<p><span data-sheets-root=\"1\" data-sheets-value=\"{&quot;1&quot;:2,&quot;2&quot;:&quot;Active Luxe Hair Tonik klini\u010dki dokazano smanjuje gubitak kose za 46%, a pove\u0107ava gusto\u0107u kose za 121% pomo\u0107u aktivnih patentiranih sastojaka.nn&quot;}\" data-sheets-userformat=\"{&quot;2&quot;:769,&quot;3&quot;:{&quot;1&quot;:0},&quot;11&quot;:4,&quot;12&quot;:0}\" data-sheets-textstyleruns=\"{&quot;1&quot;:0,&quot;2&quot;:{&quot;2&quot;:{&quot;1&quot;:2,&quot;2&quot;:16739585}}}\uee10{&quot;1&quot;:22}\">Active Luxe Hair Tonik klini\u010dki dokazano smanjuje gubitak kose za 46%, a pove\u0107ava gusto\u0107u kose za 121% pomo\u0107u aktivnih patentiranih sastojaka.<br \/>\n<\/span><\/p>\n<ul>\n<li><span data-sheets-root=\"1\" data-sheets-value=\"{&quot;1&quot;:2,&quot;2&quot;:&quot;Zaustavlja gubitak kose i poti\u010de novi ubrzani rast&quot;}\" data-sheets-userformat=\"{&quot;2&quot;:2817,&quot;3&quot;:{&quot;1&quot;:0},&quot;11&quot;:4,&quot;12&quot;:0,&quot;14&quot;:{&quot;1&quot;:2,&quot;2&quot;:16739585}}\">Zaustavlja <strong>gubitak<\/strong> <strong>kose<\/strong> i potsti\u010de novi ubrzani rast<\/span><\/li>\n<li><span data-sheets-root=\"1\" data-sheets-value=\"{&quot;1&quot;:2,&quot;2&quot;:&quot;Ubrzava mikrocirkulaciju vlasi\u0161ta&quot;}\" data-sheets-userformat=\"{&quot;2&quot;:2817,&quot;3&quot;:{&quot;1&quot;:0},&quot;11&quot;:4,&quot;12&quot;:0,&quot;14&quot;:{&quot;1&quot;:2,&quot;2&quot;:16739585}}\">Ubrzava <strong>mikrocirkulaciju<\/strong> vlasi\u0161ta<\/span><\/li>\n<li><span data-sheets-root=\"1\" data-sheets-value=\"{&quot;1&quot;:2,&quot;2&quot;:&quot;Zgu\u0161njava, pove\u0107ava volumen i ja\u010da kosu&quot;}\" data-sheets-userformat=\"{&quot;2&quot;:2817,&quot;3&quot;:{&quot;1&quot;:0},&quot;11&quot;:4,&quot;12&quot;:0,&quot;14&quot;:{&quot;1&quot;:2,&quot;2&quot;:16739585}}\">Zgu\u0161njava, <strong>pove\u0107ava<\/strong> <strong>volumen<\/strong> i ja\u010da kosu<\/span><\/li>\n<li>Zajedno sa \u0161amponom <strong>potsti\u010de\u00a0aktivne folikule<\/strong> dlake<\/li>\n<\/ul>\n<p>Na sve faze rasta dlake uti\u010du razli\u010diti hormoni, a hormon DHT dodatno deluje na ciklus \u0161to uzrokuje tanju i slabiju kosu koja se s vremenom\u00a0 gubi. Aktivni sastojci Active Luxe Hair Tonika <strong>zaustavljaju gubitak kose<\/strong>, <strong>podr\u017eavaju rast nove kose<\/strong>, <strong>ja\u010daju ve\u0107 odraslu kosu<\/strong> i <strong>produljuju ciklus rasta.<\/strong><\/p>\n<h2 style=\"text-align: center; clear: both;\"><\/h2>\n<p><img loading=\"lazy\" decoding=\"async\" class=\" wp-image-88044 alignleft\" src=\"https:\/\/activeluxe-cosmetics.com\/hr\/wp-content\/uploads\/2024\/10\/alc_hair_tonic-819x1024-1-460x575.png\" alt=\"\" width=\"400\" height=\"500\" \/><\/p>\n<h2>Za\u0161to je Active Luxe Hair <strong>Tonik protiv opadanja kose<\/strong> tako efikasan?<\/h2>\n<p>Formula se temelji na pa\u017eljivo odabranim sastojcima koji su nepobedivi u borbi protiv opadanja kose:<\/p>\n<p>&#8211; Biotinoyl \u2013 GHK<br \/>\nProdire duboko u vlasi\u0161te, potsti\u010de stani\u010dni metabolizam i obnavlja oslabljene folikule kose.<\/p>\n<p>&#8211; Apigenin<br \/>\nDeluje antioksidativno i ubrzava mikrocirkulaciju i cirkulaciju vlasi\u0161ta.<\/p>\n<p>&#8211; Oleanolna kiselina<br \/>\nDeluje kao sna\u017eni inhibitor enzima odgovornog za pretvaranje hormona testosterona u hormon dihidrotestosteron (DHT), \u0161to je glavni uzrok gubitka kose i \u0107elavosti.<\/p>\n<ul>\n<li>Jednostavno i ciljano nano\u0161enje<\/li>\n<li>Pogodan za svakodnevnu upotrebu<\/li>\n<li>Trostruko delovanje<\/li>\n<li>Vidljivi rezultati ve\u0107 za 4 meseca<\/li>\n<\/ul>\n<h2 style=\"text-align: center; clear: both;\"><\/h2>\n<h2><strong><img loading=\"lazy\" decoding=\"async\" class=\" wp-image-88045 alignright\" src=\"https:\/\/activeluxe-cosmetics.com\/hr\/wp-content\/uploads\/2024\/10\/hair_linija-819x1024-1-460x575.png\" alt=\"\" width=\"384\" height=\"480\" \/>Spre\u010di opadanje kose<\/strong> na vreme<\/h2>\n<p>Ako se bori\u0161 sa gubitkom kose, <strong>Active Luxe Hair Tonik za rast kose je<\/strong> idealno re\u0161enje koje poma\u017ee i mu\u0161karcima i \u017eenama da postignu gu\u0161\u0107u, zdraviju i lep\u0161u kosu.<\/p>\n<p>Za optimalan rezultat Active Luxe Hair Tonika, najbolje upotrebljavati u kombinaciji sa <strong>Active Luxe Hair \u0161amponom<\/strong> za suvo\/normalno ili masno vlasi\u0161te.<\/p>\n<p>Tonik ne masti kosu. Kreni sa upoterbom \u010dim primeti\u0161 prore\u0111ivanje ili stanjivanje kose iznad \u010dela ili temenu.<\/p>\n<p>Pri stalnoj upotrebi bez prekida (najmanje 2 puta nedeljno) primeti\u0107e\u0161:<\/p>\n<ul>\n<li>smanjeno opadanje kose,<\/li>\n<li>gu\u0161\u0107u, bujniju kosu,<\/li>\n<li>ja\u010di koren i nahranjenu kosu.<\/li>\n<\/ul>\n<div style=\"display: flex; align-items: center; gap: 20px; flex-wrap: wrap;\">\n<p>&nbsp;<\/p>\n<\/div>\n","protected":false},"excerpt":{"rendered":"<p><span data-sheets-root=\"1\" data-sheets-value=\"{&quot;1&quot;:2,&quot;2&quot;:&quot;Za prve vidljive znakove ispadanja kose, smanjuje gubitak kose i pove\u0107ava njenu gusto\u0107u&quot;}\" data-sheets-userformat=\"{&quot;2&quot;:769,&quot;3&quot;:{&quot;1&quot;:0},&quot;11&quot;:4,&quot;12&quot;:0}\" data-sheets-textstyleruns=\"{&quot;1&quot;:0}\uee10{&quot;1&quot;:41,&quot;2&quot;:{&quot;2&quot;:{&quot;1&quot;:2,&quot;2&quot;:16739585}}}\">Sadr\u017ei aktivne patentirane sastojke koji klini\u010dki dokazano smanjuju gubitak kose za 46% i pove\u0107avaju gusto\u0107u kose za 121%<\/span><\/p>\n","protected":false},"featured_media":83951,"comment_status":"open","ping_status":"closed","template":"","meta":[],"product_brand":[],"product_cat":[53],"product_tag":[],"class_list":{"0":"post-83950","1":"product","2":"type-product","3":"status-publish","4":"has-post-thumbnail","6":"product_cat-kosa","8":"first","9":"instock","10":"taxable","11":"shipping-taxable","12":"purchasable","13":"product-type-simple"},"bundled_by":[],"bundle_stock_status":"instock","bundle_stock_quantity":null,"bundle_virtual":false,"bundle_layout":"","bundle_add_to_cart_form_location":"","bundle_editable_in_cart":false,"bundle_sold_individually_context":"","bundle_item_grouping":"","bundle_min_size":"","bundle_max_size":"","bundled_items":[],"acf":[],"yoast_head":"<!-- This site is optimized with the Yoast SEO plugin v26.5 - https:\/\/yoast.com\/wordpress\/plugins\/seo\/ -->\n<title>tonik-za-aktivni-rast-kose-s-trostrukim-delovanjem<\/title>\n<meta name=\"description\" content=\"Active Luxe Hair Tonik klini\u010dki dokazano smanjuje gubitak kose za 46%, a pove\u0107ava gusto\u0107u kose za 121% pomo\u0107u aktivnih patentiranih sastojaka.\" \/>\n<meta name=\"robots\" content=\"index, follow, max-snippet:-1, max-image-preview:large, max-video-preview:-1\" \/>\n<link rel=\"canonical\" href=\"https:\/\/activeluxe-cosmetics.com\/rs\/izdelek\/tonik-za-aktivni-rast-kose-s-trostrukim-delovanjem\/\" \/>\n<meta property=\"og:locale\" content=\"hr_HR\" \/>\n<meta property=\"og:type\" content=\"article\" \/>\n<meta property=\"og:title\" content=\"tonik-za-aktivni-rast-kose-s-trostrukim-delovanjem\" \/>\n<meta property=\"og:description\" content=\"Active Luxe Hair Tonik klini\u010dki dokazano smanjuje gubitak kose za 46%, a pove\u0107ava gusto\u0107u kose za 121% pomo\u0107u aktivnih patentiranih sastojaka.\" \/>\n<meta property=\"og:url\" content=\"https:\/\/activeluxe-cosmetics.com\/rs\/izdelek\/tonik-za-aktivni-rast-kose-s-trostrukim-delovanjem\/\" \/>\n<meta property=\"og:site_name\" content=\"Active Luxe Cosmetics\" \/>\n<meta property=\"article:modified_time\" content=\"2026-01-12T08:52:28+00:00\" \/>\n<meta property=\"og:image\" content=\"https:\/\/activeluxe-cosmetics.com\/rs\/wp-content\/uploads\/2024\/11\/40_Tonic-1.jpg\" \/>\n\t<meta property=\"og:image:width\" content=\"1104\" \/>\n\t<meta property=\"og:image:height\" content=\"1326\" \/>\n\t<meta property=\"og:image:type\" content=\"image\/jpeg\" \/>\n<meta name=\"twitter:card\" content=\"summary_large_image\" \/>\n<meta name=\"twitter:label1\" content=\"Procijenjeno vrijeme \u010ditanja\" \/>\n\t<meta name=\"twitter:data1\" content=\"3 minute\" \/>\n<script type=\"application\/ld+json\" class=\"yoast-schema-graph\">{\"@context\":\"https:\/\/schema.org\",\"@graph\":[{\"@type\":\"WebPage\",\"@id\":\"https:\/\/activeluxe-cosmetics.com\/rs\/izdelek\/tonik-za-aktivni-rast-kose-s-trostrukim-delovanjem\/\",\"url\":\"https:\/\/activeluxe-cosmetics.com\/rs\/izdelek\/tonik-za-aktivni-rast-kose-s-trostrukim-delovanjem\/\",\"name\":\"tonik-za-aktivni-rast-kose-s-trostrukim-delovanjem\",\"isPartOf\":{\"@id\":\"https:\/\/activeluxe-cosmetics.com\/rs\/#website\"},\"primaryImageOfPage\":{\"@id\":\"https:\/\/activeluxe-cosmetics.com\/rs\/izdelek\/tonik-za-aktivni-rast-kose-s-trostrukim-delovanjem\/#primaryimage\"},\"image\":{\"@id\":\"https:\/\/activeluxe-cosmetics.com\/rs\/izdelek\/tonik-za-aktivni-rast-kose-s-trostrukim-delovanjem\/#primaryimage\"},\"thumbnailUrl\":\"https:\/\/activeluxe-cosmetics.com\/rs\/wp-content\/uploads\/2024\/11\/40_Tonic-1.jpg\",\"datePublished\":\"2024-11-06T07:23:08+00:00\",\"dateModified\":\"2026-01-12T08:52:28+00:00\",\"description\":\"Active Luxe Hair Tonik klini\u010dki dokazano smanjuje gubitak kose za 46%, a pove\u0107ava gusto\u0107u kose za 121% pomo\u0107u aktivnih patentiranih sastojaka.\",\"breadcrumb\":{\"@id\":\"https:\/\/activeluxe-cosmetics.com\/rs\/izdelek\/tonik-za-aktivni-rast-kose-s-trostrukim-delovanjem\/#breadcrumb\"},\"inLanguage\":\"hr\",\"potentialAction\":[{\"@type\":\"ReadAction\",\"target\":[\"https:\/\/activeluxe-cosmetics.com\/rs\/izdelek\/tonik-za-aktivni-rast-kose-s-trostrukim-delovanjem\/\"]}]},{\"@type\":\"ImageObject\",\"inLanguage\":\"hr\",\"@id\":\"https:\/\/activeluxe-cosmetics.com\/rs\/izdelek\/tonik-za-aktivni-rast-kose-s-trostrukim-delovanjem\/#primaryimage\",\"url\":\"https:\/\/activeluxe-cosmetics.com\/rs\/wp-content\/uploads\/2024\/11\/40_Tonic-1.jpg\",\"contentUrl\":\"https:\/\/activeluxe-cosmetics.com\/rs\/wp-content\/uploads\/2024\/11\/40_Tonic-1.jpg\",\"width\":1104,\"height\":1326},{\"@type\":\"BreadcrumbList\",\"@id\":\"https:\/\/activeluxe-cosmetics.com\/rs\/izdelek\/tonik-za-aktivni-rast-kose-s-trostrukim-delovanjem\/#breadcrumb\",\"itemListElement\":[{\"@type\":\"ListItem\",\"position\":1,\"name\":\"Naslovnica\",\"item\":\"https:\/\/activeluxe-cosmetics.com\/rs\/\"},{\"@type\":\"ListItem\",\"position\":2,\"name\":\"Trgovina\",\"item\":\"https:\/\/activeluxe-cosmetics.com\/rs\/trgovina\/\"},{\"@type\":\"ListItem\",\"position\":3,\"name\":\"Tonik za aktivni rast kose sa trostrukim delovanjem\"}]},{\"@type\":\"WebSite\",\"@id\":\"https:\/\/activeluxe-cosmetics.com\/rs\/#website\",\"url\":\"https:\/\/activeluxe-cosmetics.com\/rs\/\",\"name\":\"Active Luxe Cosmetics\",\"description\":\"\",\"potentialAction\":[{\"@type\":\"SearchAction\",\"target\":{\"@type\":\"EntryPoint\",\"urlTemplate\":\"https:\/\/activeluxe-cosmetics.com\/rs\/?s={search_term_string}\"},\"query-input\":{\"@type\":\"PropertyValueSpecification\",\"valueRequired\":true,\"valueName\":\"search_term_string\"}}],\"inLanguage\":\"hr\"}]}<\/script>\n<!-- \/ Yoast SEO plugin. -->","yoast_head_json":{"title":"tonik-za-aktivni-rast-kose-s-trostrukim-delovanjem","description":"Active Luxe Hair Tonik klini\u010dki dokazano smanjuje gubitak kose za 46%, a pove\u0107ava gusto\u0107u kose za 121% pomo\u0107u aktivnih patentiranih sastojaka.","robots":{"index":"index","follow":"follow","max-snippet":"max-snippet:-1","max-image-preview":"max-image-preview:large","max-video-preview":"max-video-preview:-1"},"canonical":"https:\/\/activeluxe-cosmetics.com\/rs\/izdelek\/tonik-za-aktivni-rast-kose-s-trostrukim-delovanjem\/","og_locale":"hr_HR","og_type":"article","og_title":"tonik-za-aktivni-rast-kose-s-trostrukim-delovanjem","og_description":"Active Luxe Hair Tonik klini\u010dki dokazano smanjuje gubitak kose za 46%, a pove\u0107ava gusto\u0107u kose za 121% pomo\u0107u aktivnih patentiranih sastojaka.","og_url":"https:\/\/activeluxe-cosmetics.com\/rs\/izdelek\/tonik-za-aktivni-rast-kose-s-trostrukim-delovanjem\/","og_site_name":"Active Luxe Cosmetics","article_modified_time":"2026-01-12T08:52:28+00:00","og_image":[{"width":1104,"height":1326,"url":"https:\/\/activeluxe-cosmetics.com\/rs\/wp-content\/uploads\/2024\/11\/40_Tonic-1.jpg","type":"image\/jpeg"}],"twitter_card":"summary_large_image","twitter_misc":{"Procijenjeno vrijeme \u010ditanja":"3 minute"},"schema":{"@context":"https:\/\/schema.org","@graph":[{"@type":"WebPage","@id":"https:\/\/activeluxe-cosmetics.com\/rs\/izdelek\/tonik-za-aktivni-rast-kose-s-trostrukim-delovanjem\/","url":"https:\/\/activeluxe-cosmetics.com\/rs\/izdelek\/tonik-za-aktivni-rast-kose-s-trostrukim-delovanjem\/","name":"tonik-za-aktivni-rast-kose-s-trostrukim-delovanjem","isPartOf":{"@id":"https:\/\/activeluxe-cosmetics.com\/rs\/#website"},"primaryImageOfPage":{"@id":"https:\/\/activeluxe-cosmetics.com\/rs\/izdelek\/tonik-za-aktivni-rast-kose-s-trostrukim-delovanjem\/#primaryimage"},"image":{"@id":"https:\/\/activeluxe-cosmetics.com\/rs\/izdelek\/tonik-za-aktivni-rast-kose-s-trostrukim-delovanjem\/#primaryimage"},"thumbnailUrl":"https:\/\/activeluxe-cosmetics.com\/rs\/wp-content\/uploads\/2024\/11\/40_Tonic-1.jpg","datePublished":"2024-11-06T07:23:08+00:00","dateModified":"2026-01-12T08:52:28+00:00","description":"Active Luxe Hair Tonik klini\u010dki dokazano smanjuje gubitak kose za 46%, a pove\u0107ava gusto\u0107u kose za 121% pomo\u0107u aktivnih patentiranih sastojaka.","breadcrumb":{"@id":"https:\/\/activeluxe-cosmetics.com\/rs\/izdelek\/tonik-za-aktivni-rast-kose-s-trostrukim-delovanjem\/#breadcrumb"},"inLanguage":"hr","potentialAction":[{"@type":"ReadAction","target":["https:\/\/activeluxe-cosmetics.com\/rs\/izdelek\/tonik-za-aktivni-rast-kose-s-trostrukim-delovanjem\/"]}]},{"@type":"ImageObject","inLanguage":"hr","@id":"https:\/\/activeluxe-cosmetics.com\/rs\/izdelek\/tonik-za-aktivni-rast-kose-s-trostrukim-delovanjem\/#primaryimage","url":"https:\/\/activeluxe-cosmetics.com\/rs\/wp-content\/uploads\/2024\/11\/40_Tonic-1.jpg","contentUrl":"https:\/\/activeluxe-cosmetics.com\/rs\/wp-content\/uploads\/2024\/11\/40_Tonic-1.jpg","width":1104,"height":1326},{"@type":"BreadcrumbList","@id":"https:\/\/activeluxe-cosmetics.com\/rs\/izdelek\/tonik-za-aktivni-rast-kose-s-trostrukim-delovanjem\/#breadcrumb","itemListElement":[{"@type":"ListItem","position":1,"name":"Naslovnica","item":"https:\/\/activeluxe-cosmetics.com\/rs\/"},{"@type":"ListItem","position":2,"name":"Trgovina","item":"https:\/\/activeluxe-cosmetics.com\/rs\/trgovina\/"},{"@type":"ListItem","position":3,"name":"Tonik za aktivni rast kose sa trostrukim delovanjem"}]},{"@type":"WebSite","@id":"https:\/\/activeluxe-cosmetics.com\/rs\/#website","url":"https:\/\/activeluxe-cosmetics.com\/rs\/","name":"Active Luxe Cosmetics","description":"","potentialAction":[{"@type":"SearchAction","target":{"@type":"EntryPoint","urlTemplate":"https:\/\/activeluxe-cosmetics.com\/rs\/?s={search_term_string}"},"query-input":{"@type":"PropertyValueSpecification","valueRequired":true,"valueName":"search_term_string"}}],"inLanguage":"hr"}]}},"_links":{"self":[{"href":"https:\/\/activeluxe-cosmetics.com\/rs\/wp-json\/wp\/v2\/product\/83950","targetHints":{"allow":["GET"]}}],"collection":[{"href":"https:\/\/activeluxe-cosmetics.com\/rs\/wp-json\/wp\/v2\/product"}],"about":[{"href":"https:\/\/activeluxe-cosmetics.com\/rs\/wp-json\/wp\/v2\/types\/product"}],"replies":[{"embeddable":true,"href":"https:\/\/activeluxe-cosmetics.com\/rs\/wp-json\/wp\/v2\/comments?post=83950"}],"wp:featuredmedia":[{"embeddable":true,"href":"https:\/\/activeluxe-cosmetics.com\/rs\/wp-json\/wp\/v2\/media\/83951"}],"wp:attachment":[{"href":"https:\/\/activeluxe-cosmetics.com\/rs\/wp-json\/wp\/v2\/media?parent=83950"}],"wp:term":[{"taxonomy":"product_brand","embeddable":true,"href":"https:\/\/activeluxe-cosmetics.com\/rs\/wp-json\/wp\/v2\/product_brand?post=83950"},{"taxonomy":"product_cat","embeddable":true,"href":"https:\/\/activeluxe-cosmetics.com\/rs\/wp-json\/wp\/v2\/product_cat?post=83950"},{"taxonomy":"product_tag","embeddable":true,"href":"https:\/\/activeluxe-cosmetics.com\/rs\/wp-json\/wp\/v2\/product_tag?post=83950"}],"curies":[{"name":"wp","href":"https:\/\/api.w.org\/{rel}","templated":true}]}}