{"id":83726,"date":"2024-11-06T08:26:44","date_gmt":"2024-11-06T07:26:44","guid":{"rendered":"https:\/\/activeluxe-cosmetics.com\/rs\/?post_type=product&#038;p=83726"},"modified":"2026-01-12T09:51:10","modified_gmt":"2026-01-12T08:51:10","slug":"balzam-protiv-opadanja-kose","status":"publish","type":"product","link":"https:\/\/activeluxe-cosmetics.com\/rs\/izdelek\/balzam-protiv-opadanja-kose\/","title":{"rendered":"Balzam za ja\u010danje i rast kose"},"content":{"rendered":"<h2><span data-sheets-root=\"1\" data-sheets-value=\"{&quot;1&quot;:2,&quot;2&quot;:&quot;Balzam koji \u010dini kosu gu\u0161\u0107om&quot;}\" data-sheets-userformat=\"{&quot;2&quot;:17153,&quot;3&quot;:{&quot;1&quot;:0},&quot;11&quot;:4,&quot;12&quot;:0,&quot;17&quot;:1}\"><img loading=\"lazy\" decoding=\"async\" class=\" wp-image-88082 alignright\" src=\"https:\/\/activeluxe-cosmetics.com\/hr\/wp-content\/uploads\/2024\/10\/activeluxe_conditioner-460x575-1.png\" alt=\"\" width=\"400\" height=\"500\" \/><\/span><\/h2>\n<h2><b>Balzam koji kosi daje volumen<\/b><\/h2>\n<p><span style=\"font-weight: 400;\">Ovaj efikasan balzam ima dve va\u017ene funkcije:<\/span><\/p>\n<ul>\n<li style=\"font-weight: 400;\" aria-level=\"1\"><b>Nega kose, dubinska obnova i za\u0161tita<\/b><b><br \/>\n<\/b><span style=\"font-weight: 400;\">Active Luxe balzam protiv opadanja kose pru\u017ea suvoj kosi potpunu <\/span><b>hidrataciju<\/b><span style=\"font-weight: 400;\"> i zagla\u0111uje je. Nakon upotrebe, kosa je <\/span><b>mek\u0161a na dodir, elasti\u010dnija<\/b><span style=\"font-weight: 400;\"> i <\/span><b>otpornija<\/b><span style=\"font-weight: 400;\"> na svakodnevno \u010de\u0161ljanje i stilizovanje. Kosa se lak\u0161e ra\u0161\u010de\u0161ljava, manje se lomi i ima prekrasan sjaj.<\/span><\/li>\n<li><span data-sheets-root=\"1\" data-sheets-value=\"{&quot;1&quot;:2,&quot;2&quot;:&quot;Balzam koji \u010dini kosu gu\u0161\u0107om&quot;}\" data-sheets-userformat=\"{&quot;2&quot;:17153,&quot;3&quot;:{&quot;1&quot;:0},&quot;11&quot;:4,&quot;12&quot;:0,&quot;17&quot;:1}\"><b>Zajedno s Active Luxe \u0161amponom spre\u010dava opadanje i potsti\u010de rast kose<\/b><b><br \/>\n<\/b><span style=\"font-weight: 400;\">Active Luxe \u0161ampon i balzam \u010dine <\/span><b>savr\u0161eni duo<\/b><span style=\"font-weight: 400;\"> protiv opadanja i rasta kose. \u0160ampon sadr\u017ei inovativnu formulu koja ja\u010da folikule dlake, spre\u010dava njihovo prerano starenje, u\u010dvr\u0161\u0107uje koren i smanjuje opadanje kose. <\/span><b>Balzam<\/b><span style=\"font-weight: 400;\"> dodatno <\/span><b>aktivira<\/b><span style=\"font-weight: 400;\"> i <\/span><b>potpoma\u017ee mikrocirkulaciju<\/b><span style=\"font-weight: 400;\"> vlasi\u0161ta, obezbe\u0111uju\u0107i da kosa iz krvi dobije sve potrebne hranjive materije za br\u017ei rast zdrave i sna\u017ene kose.<\/span><\/span><\/li>\n<\/ul>\n<h2><\/h2>\n<p>&nbsp;<\/p>\n<p>&nbsp;<\/p>\n<p>&nbsp;<\/p>\n<p>&nbsp;<\/p>\n<p>&nbsp;<\/p>\n<h2><img loading=\"lazy\" decoding=\"async\" class=\" wp-image-89574 alignleft\" src=\"https:\/\/cdn.activeluxe-cosmetics.com\/sl\/wp-content\/uploads\/2024\/10\/18160221\/balzam_za_lase-460x575.png\" sizes=\"auto, (max-width: 420px) 100vw, 420px\" srcset=\"https:\/\/cdn.activeluxe-cosmetics.com\/sl\/wp-content\/uploads\/2024\/10\/18160221\/balzam_za_lase-460x575.png 460w, https:\/\/cdn.activeluxe-cosmetics.com\/sl\/wp-content\/uploads\/2024\/10\/18160221\/balzam_za_lase-819x1024.png 819w, https:\/\/cdn.activeluxe-cosmetics.com\/sl\/wp-content\/uploads\/2024\/10\/18160221\/balzam_za_lase-768x960.png 768w, https:\/\/cdn.activeluxe-cosmetics.com\/sl\/wp-content\/uploads\/2024\/10\/18160221\/balzam_za_lase-600x750.png 600w, https:\/\/cdn.activeluxe-cosmetics.com\/sl\/wp-content\/uploads\/2024\/10\/18160221\/balzam_za_lase.png 1080w\" alt=\"\" width=\"400\" height=\"500\" \/><\/h2>\n<h2><\/h2>\n<h2><strong>Za\u0161to je Active Luxe balzam<\/strong> za rast kose tako efikasan?<\/h2>\n<p>Zbog u\u010destalog pranja, \u010de\u0161ljanja, bojanja, peglanja i su\u0161enja, kosa mo\u017ee po\u010deti opadati, gubiti elasti\u010dnost, volumen i snagu. Stanje dodatno pogor\u0161avaju pregrubo trljanje kose pe\u0161kirom, stres, lo\u0161a ishrana i nedovoljna hidratacija organizma. Zato je potrebno <strong>redovno dubinski hraniti<\/strong> i <strong>za\u0161tititi kosu<\/strong>. Nahranjena i zdrava kosa \u0107e br\u017ee rasti.<\/p>\n<p>Redovnom uporabom Active Luxe \u0161ampona i balzama protiv opadanja i rasta kose, kosa \u0107e vidljivo manje opadati i rasti br\u017ee. Posta\u0107e <strong>ja\u010da<\/strong>, <strong>dubinski nahranjena<\/strong>, <strong>glatka<\/strong> i <strong>sjajna<\/strong>.<\/p>\n<p>Uz redovnu upotrebu, <strong>barem 2 puta nedeljno<\/strong>, primeti\u0107ete:<\/p>\n<ul>\n<li>smanjeno opadanje kose,<\/li>\n<li>gu\u0161\u0107u i puniju kosu,<\/li>\n<li>ja\u010de korene i nahranjeniju kosu.<\/li>\n<\/ul>\n<p>&nbsp;<\/p>\n<h2><\/h2>\n<p>&nbsp;<\/p>\n<h2><\/h2>\n<h2><span data-sheets-root=\"1\" data-sheets-value=\"{&quot;1&quot;:2,&quot;2&quot;:&quot;Sprije\u010di ispadanje kose na vrijeme!&quot;}\" data-sheets-userformat=\"{&quot;2&quot;:17153,&quot;3&quot;:{&quot;1&quot;:0},&quot;11&quot;:4,&quot;12&quot;:0,&quot;17&quot;:1}\"><img loading=\"lazy\" decoding=\"async\" class=\" wp-image-88085 alignright\" src=\"https:\/\/activeluxe-cosmetics.com\/hr\/wp-content\/uploads\/2024\/10\/activeluxe_balzam-819x1024-1-460x575.png\" alt=\"\" width=\"400\" height=\"500\" \/><\/span><\/h2>\n<h2>Pravovremeno zaustavite opadanje kose!<\/h2>\n<p>Ako se borite s <strong>\u0107elavo\u0161\u0107u<\/strong> ili prekomernim<strong> opadanjem kose<\/strong>, Active Luxe balzam <strong>u kombinaciji s Active Luxe \u0161amponom protiv opadanja i za rast kose<\/strong> idealno je re\u0161enje koje poma\u017ee \u017eenama i mu\u0161karcima da postignu gu\u0161\u0107u, zdraviju i ja\u010du kosu.<\/p>\n<ul>\n<li>Gu\u0161\u0107a kosa na dodir<\/li>\n<li>Prirodni proteini za ja\u010du kosu<\/li>\n<li>Zgu\u0161njava kosu i daje joj volumen<\/li>\n<li>Spre\u010dava elektricitet kose<\/li>\n<li>Pogodan za sve tipove kose<\/li>\n<\/ul>\n<p>Za optimalne rezultate koristite Active Luxe balzam <strong>zajedno sa Active Luxe \u0161amponom za suvo\/normalno ili masno vlasi\u0161te<\/strong>.<\/p>\n<p>Odli\u010dan <strong>za \u017eene i mu\u0161karce<\/strong>. Klini\u010dki je testiran i pogodan za svakodnevnu upotrebu.<\/p>\n<p>&nbsp;<\/p>\n","protected":false},"excerpt":{"rendered":"<p><span data-sheets-root=\"1\" data-sheets-value=\"{&quot;1&quot;:2,&quot;2&quot;:&quot;Nje\u017ean i u\u010dinkovit, sadr\u017ei inovativnu formulu koja sprje\u010dava ispadanje kose&quot;}\" data-sheets-userformat=\"{&quot;2&quot;:2817,&quot;3&quot;:{&quot;1&quot;:0},&quot;11&quot;:4,&quot;12&quot;:0,&quot;14&quot;:{&quot;1&quot;:3,&quot;3&quot;:1}}\" data-sheets-textstyleruns=\"{&quot;1&quot;:0}\uee10{&quot;1&quot;:27,&quot;2&quot;:{&quot;2&quot;:{&quot;1&quot;:2,&quot;2&quot;:16739585}}}\uee10{&quot;1&quot;:38}\">Ne\u017ean i efikasan, sadr\u017ei inovativnu formulu koja spre\u010dava opadanje kose<\/span><\/p>\n","protected":false},"featured_media":83945,"comment_status":"open","ping_status":"closed","template":"","meta":[],"product_brand":[],"product_cat":[53,59],"product_tag":[],"class_list":{"0":"post-83726","1":"product","2":"type-product","3":"status-publish","4":"has-post-thumbnail","6":"product_cat-kosa","7":"product_cat-regeneratori-maske","9":"first","10":"instock","11":"taxable","12":"shipping-taxable","13":"purchasable","14":"product-type-simple"},"bundled_by":[],"bundle_stock_status":"instock","bundle_stock_quantity":null,"bundle_virtual":false,"bundle_layout":"","bundle_add_to_cart_form_location":"","bundle_editable_in_cart":false,"bundle_sold_individually_context":"","bundle_item_grouping":"","bundle_min_size":"","bundle_max_size":"","bundled_items":[],"acf":[],"yoast_head":"<!-- This site is optimized with the Yoast SEO plugin v26.5 - https:\/\/yoast.com\/wordpress\/plugins\/seo\/ -->\n<title>Balzam za rast kose - Active Luxe Cosmetics<\/title>\n<meta name=\"description\" content=\"Efikasan i ne\u017ean balzam za kosu koji sadr\u017ei Procapil formulu protiv opadanja kose. Sjajana je dopuna Active Luxe \u0161amponu.\" \/>\n<meta name=\"robots\" content=\"index, follow, max-snippet:-1, max-image-preview:large, max-video-preview:-1\" \/>\n<link rel=\"canonical\" href=\"https:\/\/activeluxe-cosmetics.com\/rs\/izdelek\/balzam-protiv-opadanja-kose\/\" \/>\n<meta property=\"og:locale\" content=\"hr_HR\" \/>\n<meta property=\"og:type\" content=\"article\" \/>\n<meta property=\"og:title\" content=\"Balzam za rast kose - Active Luxe Cosmetics\" \/>\n<meta property=\"og:description\" content=\"Efikasan i ne\u017ean balzam za kosu koji sadr\u017ei Procapil formulu protiv opadanja kose. Sjajana je dopuna Active Luxe \u0161amponu.\" \/>\n<meta property=\"og:url\" content=\"https:\/\/activeluxe-cosmetics.com\/rs\/izdelek\/balzam-protiv-opadanja-kose\/\" \/>\n<meta property=\"og:site_name\" content=\"Active Luxe Cosmetics\" \/>\n<meta property=\"article:modified_time\" content=\"2026-01-12T08:51:10+00:00\" \/>\n<meta property=\"og:image\" content=\"https:\/\/activeluxe-cosmetics.com\/rs\/wp-content\/uploads\/2024\/11\/38_Conditioner-1.jpg\" \/>\n\t<meta property=\"og:image:width\" content=\"1104\" \/>\n\t<meta property=\"og:image:height\" content=\"1326\" \/>\n\t<meta property=\"og:image:type\" content=\"image\/jpeg\" \/>\n<meta name=\"twitter:card\" content=\"summary_large_image\" \/>\n<meta name=\"twitter:label1\" content=\"Procijenjeno vrijeme \u010ditanja\" \/>\n\t<meta name=\"twitter:data1\" content=\"3 minute\" \/>\n<script type=\"application\/ld+json\" class=\"yoast-schema-graph\">{\"@context\":\"https:\/\/schema.org\",\"@graph\":[{\"@type\":\"WebPage\",\"@id\":\"https:\/\/activeluxe-cosmetics.com\/rs\/izdelek\/balzam-protiv-opadanja-kose\/\",\"url\":\"https:\/\/activeluxe-cosmetics.com\/rs\/izdelek\/balzam-protiv-opadanja-kose\/\",\"name\":\"Balzam za rast kose - Active Luxe Cosmetics\",\"isPartOf\":{\"@id\":\"https:\/\/activeluxe-cosmetics.com\/rs\/#website\"},\"primaryImageOfPage\":{\"@id\":\"https:\/\/activeluxe-cosmetics.com\/rs\/izdelek\/balzam-protiv-opadanja-kose\/#primaryimage\"},\"image\":{\"@id\":\"https:\/\/activeluxe-cosmetics.com\/rs\/izdelek\/balzam-protiv-opadanja-kose\/#primaryimage\"},\"thumbnailUrl\":\"https:\/\/activeluxe-cosmetics.com\/rs\/wp-content\/uploads\/2024\/11\/38_Conditioner-1.jpg\",\"datePublished\":\"2024-11-06T07:26:44+00:00\",\"dateModified\":\"2026-01-12T08:51:10+00:00\",\"description\":\"Efikasan i ne\u017ean balzam za kosu koji sadr\u017ei Procapil formulu protiv opadanja kose. Sjajana je dopuna Active Luxe \u0161amponu.\",\"breadcrumb\":{\"@id\":\"https:\/\/activeluxe-cosmetics.com\/rs\/izdelek\/balzam-protiv-opadanja-kose\/#breadcrumb\"},\"inLanguage\":\"hr\",\"potentialAction\":[{\"@type\":\"ReadAction\",\"target\":[\"https:\/\/activeluxe-cosmetics.com\/rs\/izdelek\/balzam-protiv-opadanja-kose\/\"]}]},{\"@type\":\"ImageObject\",\"inLanguage\":\"hr\",\"@id\":\"https:\/\/activeluxe-cosmetics.com\/rs\/izdelek\/balzam-protiv-opadanja-kose\/#primaryimage\",\"url\":\"https:\/\/activeluxe-cosmetics.com\/rs\/wp-content\/uploads\/2024\/11\/38_Conditioner-1.jpg\",\"contentUrl\":\"https:\/\/activeluxe-cosmetics.com\/rs\/wp-content\/uploads\/2024\/11\/38_Conditioner-1.jpg\",\"width\":1104,\"height\":1326},{\"@type\":\"BreadcrumbList\",\"@id\":\"https:\/\/activeluxe-cosmetics.com\/rs\/izdelek\/balzam-protiv-opadanja-kose\/#breadcrumb\",\"itemListElement\":[{\"@type\":\"ListItem\",\"position\":1,\"name\":\"Naslovnica\",\"item\":\"https:\/\/activeluxe-cosmetics.com\/rs\/\"},{\"@type\":\"ListItem\",\"position\":2,\"name\":\"Trgovina\",\"item\":\"https:\/\/activeluxe-cosmetics.com\/rs\/trgovina\/\"},{\"@type\":\"ListItem\",\"position\":3,\"name\":\"Balzam za ja\u010danje i rast kose\"}]},{\"@type\":\"WebSite\",\"@id\":\"https:\/\/activeluxe-cosmetics.com\/rs\/#website\",\"url\":\"https:\/\/activeluxe-cosmetics.com\/rs\/\",\"name\":\"Active Luxe Cosmetics\",\"description\":\"\",\"potentialAction\":[{\"@type\":\"SearchAction\",\"target\":{\"@type\":\"EntryPoint\",\"urlTemplate\":\"https:\/\/activeluxe-cosmetics.com\/rs\/?s={search_term_string}\"},\"query-input\":{\"@type\":\"PropertyValueSpecification\",\"valueRequired\":true,\"valueName\":\"search_term_string\"}}],\"inLanguage\":\"hr\"}]}<\/script>\n<!-- \/ Yoast SEO plugin. -->","yoast_head_json":{"title":"Balzam za rast kose - Active Luxe Cosmetics","description":"Efikasan i ne\u017ean balzam za kosu koji sadr\u017ei Procapil formulu protiv opadanja kose. Sjajana je dopuna Active Luxe \u0161amponu.","robots":{"index":"index","follow":"follow","max-snippet":"max-snippet:-1","max-image-preview":"max-image-preview:large","max-video-preview":"max-video-preview:-1"},"canonical":"https:\/\/activeluxe-cosmetics.com\/rs\/izdelek\/balzam-protiv-opadanja-kose\/","og_locale":"hr_HR","og_type":"article","og_title":"Balzam za rast kose - Active Luxe Cosmetics","og_description":"Efikasan i ne\u017ean balzam za kosu koji sadr\u017ei Procapil formulu protiv opadanja kose. Sjajana je dopuna Active Luxe \u0161amponu.","og_url":"https:\/\/activeluxe-cosmetics.com\/rs\/izdelek\/balzam-protiv-opadanja-kose\/","og_site_name":"Active Luxe Cosmetics","article_modified_time":"2026-01-12T08:51:10+00:00","og_image":[{"width":1104,"height":1326,"url":"https:\/\/activeluxe-cosmetics.com\/rs\/wp-content\/uploads\/2024\/11\/38_Conditioner-1.jpg","type":"image\/jpeg"}],"twitter_card":"summary_large_image","twitter_misc":{"Procijenjeno vrijeme \u010ditanja":"3 minute"},"schema":{"@context":"https:\/\/schema.org","@graph":[{"@type":"WebPage","@id":"https:\/\/activeluxe-cosmetics.com\/rs\/izdelek\/balzam-protiv-opadanja-kose\/","url":"https:\/\/activeluxe-cosmetics.com\/rs\/izdelek\/balzam-protiv-opadanja-kose\/","name":"Balzam za rast kose - Active Luxe Cosmetics","isPartOf":{"@id":"https:\/\/activeluxe-cosmetics.com\/rs\/#website"},"primaryImageOfPage":{"@id":"https:\/\/activeluxe-cosmetics.com\/rs\/izdelek\/balzam-protiv-opadanja-kose\/#primaryimage"},"image":{"@id":"https:\/\/activeluxe-cosmetics.com\/rs\/izdelek\/balzam-protiv-opadanja-kose\/#primaryimage"},"thumbnailUrl":"https:\/\/activeluxe-cosmetics.com\/rs\/wp-content\/uploads\/2024\/11\/38_Conditioner-1.jpg","datePublished":"2024-11-06T07:26:44+00:00","dateModified":"2026-01-12T08:51:10+00:00","description":"Efikasan i ne\u017ean balzam za kosu koji sadr\u017ei Procapil formulu protiv opadanja kose. Sjajana je dopuna Active Luxe \u0161amponu.","breadcrumb":{"@id":"https:\/\/activeluxe-cosmetics.com\/rs\/izdelek\/balzam-protiv-opadanja-kose\/#breadcrumb"},"inLanguage":"hr","potentialAction":[{"@type":"ReadAction","target":["https:\/\/activeluxe-cosmetics.com\/rs\/izdelek\/balzam-protiv-opadanja-kose\/"]}]},{"@type":"ImageObject","inLanguage":"hr","@id":"https:\/\/activeluxe-cosmetics.com\/rs\/izdelek\/balzam-protiv-opadanja-kose\/#primaryimage","url":"https:\/\/activeluxe-cosmetics.com\/rs\/wp-content\/uploads\/2024\/11\/38_Conditioner-1.jpg","contentUrl":"https:\/\/activeluxe-cosmetics.com\/rs\/wp-content\/uploads\/2024\/11\/38_Conditioner-1.jpg","width":1104,"height":1326},{"@type":"BreadcrumbList","@id":"https:\/\/activeluxe-cosmetics.com\/rs\/izdelek\/balzam-protiv-opadanja-kose\/#breadcrumb","itemListElement":[{"@type":"ListItem","position":1,"name":"Naslovnica","item":"https:\/\/activeluxe-cosmetics.com\/rs\/"},{"@type":"ListItem","position":2,"name":"Trgovina","item":"https:\/\/activeluxe-cosmetics.com\/rs\/trgovina\/"},{"@type":"ListItem","position":3,"name":"Balzam za ja\u010danje i rast kose"}]},{"@type":"WebSite","@id":"https:\/\/activeluxe-cosmetics.com\/rs\/#website","url":"https:\/\/activeluxe-cosmetics.com\/rs\/","name":"Active Luxe Cosmetics","description":"","potentialAction":[{"@type":"SearchAction","target":{"@type":"EntryPoint","urlTemplate":"https:\/\/activeluxe-cosmetics.com\/rs\/?s={search_term_string}"},"query-input":{"@type":"PropertyValueSpecification","valueRequired":true,"valueName":"search_term_string"}}],"inLanguage":"hr"}]}},"_links":{"self":[{"href":"https:\/\/activeluxe-cosmetics.com\/rs\/wp-json\/wp\/v2\/product\/83726","targetHints":{"allow":["GET"]}}],"collection":[{"href":"https:\/\/activeluxe-cosmetics.com\/rs\/wp-json\/wp\/v2\/product"}],"about":[{"href":"https:\/\/activeluxe-cosmetics.com\/rs\/wp-json\/wp\/v2\/types\/product"}],"replies":[{"embeddable":true,"href":"https:\/\/activeluxe-cosmetics.com\/rs\/wp-json\/wp\/v2\/comments?post=83726"}],"wp:featuredmedia":[{"embeddable":true,"href":"https:\/\/activeluxe-cosmetics.com\/rs\/wp-json\/wp\/v2\/media\/83945"}],"wp:attachment":[{"href":"https:\/\/activeluxe-cosmetics.com\/rs\/wp-json\/wp\/v2\/media?parent=83726"}],"wp:term":[{"taxonomy":"product_brand","embeddable":true,"href":"https:\/\/activeluxe-cosmetics.com\/rs\/wp-json\/wp\/v2\/product_brand?post=83726"},{"taxonomy":"product_cat","embeddable":true,"href":"https:\/\/activeluxe-cosmetics.com\/rs\/wp-json\/wp\/v2\/product_cat?post=83726"},{"taxonomy":"product_tag","embeddable":true,"href":"https:\/\/activeluxe-cosmetics.com\/rs\/wp-json\/wp\/v2\/product_tag?post=83726"}],"curies":[{"name":"wp","href":"https:\/\/api.w.org\/{rel}","templated":true}]}}