{"id":83724,"date":"2024-11-05T15:41:09","date_gmt":"2024-11-05T14:41:09","guid":{"rendered":"https:\/\/activeluxe-cosmetics.com\/rs\/?post_type=product&#038;p=83724"},"modified":"2026-01-12T09:49:54","modified_gmt":"2026-01-12T08:49:54","slug":"sampon-protiv-opadanja-kose","status":"publish","type":"product","link":"https:\/\/activeluxe-cosmetics.com\/rs\/izdelek\/sampon-protiv-opadanja-kose\/","title":{"rendered":"\u0160ampon za aktivni rast i protiv opadanja kose"},"content":{"rendered":"<p><img loading=\"lazy\" decoding=\"async\" class=\" wp-image-88048 alignright\" src=\"https:\/\/activeluxe-cosmetics.com\/hr\/wp-content\/uploads\/2024\/10\/alc_hairshampoo-819x1024-1-460x575.png\" alt=\"\" width=\"387\" height=\"484\" \/><\/p>\n<h2><span data-sheets-root=\"1\" data-sheets-value=\"{&quot;1&quot;:2,&quot;2&quot;:&quot;Smanjeno ispadanje kose kroz 6 tjedana&quot;}\" data-sheets-userformat=\"{&quot;2&quot;:17153,&quot;3&quot;:{&quot;1&quot;:0},&quot;11&quot;:4,&quot;12&quot;:0,&quot;17&quot;:1}\"><strong>Smanjuje opadanje kose<\/strong> za samo 6 nedelja<\/span><\/h2>\n<p id=\"tw-target-text\" class=\"tw-data-text tw-text-large tw-ta\" dir=\"ltr\" data-placeholder=\"Translation\" data-ved=\"2ahUKEwiP1PmCmuyEAxUa_7sIHcJ3BoUQ3ewLegQIBRAU\"><span class=\"Y2IQFc\" lang=\"hr\">Ako ima\u0161 suvu, tanku i ispucalu kosu <strong>bez<\/strong> sjaja koja opada ovo je tvoja prva pomo\u0107. Koncentrovani Active Luxe \u0161ampon protiv opadanja kose sadr\u017ei <strong>revolucionarnu<\/strong> <strong>formulu<\/strong> koja spre\u010dava gubitak kose, ja\u010da aktivne folikule dlake i potsti\u010de cirkulaciju vlasi\u0161ta. <\/span><\/p>\n<p class=\"tw-data-text tw-text-large tw-ta\" dir=\"ltr\" data-placeholder=\"Translation\" data-ved=\"2ahUKEwiP1PmCmuyEAxUa_7sIHcJ3BoUQ3ewLegQIBRAU\"><span class=\"Y2IQFc\" lang=\"hr\">Pru\u017ea izuzetne rezultate i za mu\u0161karce i za \u017eene koji su zabrinuti zbog gubitka kose, stanjivanja kose i \u0107elavosti.<\/span><\/p>\n<ul>\n<li><span data-sheets-root=\"1\" data-sheets-value=\"{&quot;1&quot;:2,&quot;2&quot;:&quot;Djeluje protiv folikularne disfunkcije - o\u017eivljava folikule dlake od prvog dana kori\u0161tenja,&quot;}\" data-sheets-userformat=\"{&quot;2&quot;:2817,&quot;3&quot;:{&quot;1&quot;:0},&quot;11&quot;:4,&quot;12&quot;:0,&quot;14&quot;:{&quot;1&quot;:2,&quot;2&quot;:16739585}}\">Deluje protiv <strong>folikularne<\/strong> <strong>disfunkcije<\/strong> &#8211; o\u017eivljava folikule dlake od prvog dana kori\u0161\u0107enja,<\/span><\/li>\n<li><span data-sheets-root=\"1\" data-sheets-value=\"{&quot;1&quot;:2,&quot;2&quot;:&quot;Poti\u010de prokrvljenost vlasi\u0161ta te korjenu dlake, odnosno folikulama kose, donosi vi\u0161e hranjivih tvari,&quot;}\" data-sheets-userformat=\"{&quot;2&quot;:2817,&quot;3&quot;:{&quot;1&quot;:0},&quot;11&quot;:4,&quot;12&quot;:0,&quot;14&quot;:{&quot;1&quot;:2,&quot;2&quot;:16739585}}\">Podsti\u010de <strong>prokrvljenost<\/strong> <strong>vlasi\u0161ta<\/strong> \u010dime korenu dlake, donosi vi\u0161e <strong>hranjivih<\/strong> materija,<\/span><\/li>\n<li><span data-sheets-root=\"1\" data-sheets-value=\"{&quot;1&quot;:2,&quot;2&quot;:&quot;Usporava starenje i odumiranje folikula dlake,&quot;}\" data-sheets-userformat=\"{&quot;2&quot;:2817,&quot;3&quot;:{&quot;1&quot;:0},&quot;11&quot;:4,&quot;12&quot;:0,&quot;14&quot;:{&quot;1&quot;:2,&quot;2&quot;:16739585}}\"><strong>Usporava<\/strong> <strong>starenje<\/strong> i odumiranje folikula dlake,<\/span><\/li>\n<li><span data-sheets-root=\"1\" data-sheets-value=\"{&quot;1&quot;:2,&quot;2&quot;:&quot;Vidljivo ja\u010da korijen kose i strukturu kose.&quot;}\" data-sheets-userformat=\"{&quot;2&quot;:2817,&quot;3&quot;:{&quot;1&quot;:0},&quot;11&quot;:4,&quot;12&quot;:0,&quot;14&quot;:{&quot;1&quot;:2,&quot;2&quot;:16739585}}\">Vidljivo <strong>ja\u010da korien<\/strong> kose i <strong>strukturu<\/strong> kose.<\/span><\/li>\n<\/ul>\n<h2 style=\"text-align: center; clear: both;\"><\/h2>\n<h2><img loading=\"lazy\" decoding=\"async\" class=\" wp-image-88047 alignleft\" src=\"https:\/\/activeluxe-cosmetics.com\/hr\/wp-content\/uploads\/2024\/10\/alc_hairgrowthshampoo-819x1024-1-460x575.png\" alt=\"\" width=\"387\" height=\"484\" \/><strong>Za\u0161to je Active Luxe Hair \u0161ampon<\/strong> protiv opadanja kose tako efikasan?<\/h2>\n<p>Ako je tvoja kosa suva, ispucala i bez sjaja, Active Luxe Hair \u0161ampon je pravi izbor! \u010cesto bojanje kose i uporaba elektri\u010dnih ure\u0111aja tvoju kosu o\u0161te\u0107uje i stanjuje, a rezultat su ispucali vrhovi, lomljenje i prekomerno opadanje kose.<\/p>\n<p>Active Luxe Hair \u0161ampon \u0107e tvoju kosu <strong>bogato negovati i dubinski obnoviti!<\/strong><\/p>\n<ul>\n<li>\u010duva vitalnost vlasi\u0161ta \u010dime se kosi vra\u0107a prirodna gusto\u0107a,<\/li>\n<li>kosa je ve\u0107 nakon prve upotrebe ja\u010da, punija i zdravija,<\/li>\n<li>jedinstvena klini\u010dki ispitana formula aktivira folikul dlake i ja\u010da je &#8211; koren dlake je oja\u010dan i samim tim kosa manje opada,<\/li>\n<li>u rekordno kratkom vremenu spre\u010dava gubitak kose i potsti\u010de rast nove, mlade kose,<\/li>\n<li>uz redovnu upotrebu (barem 2 puta nedeljno) daje vidljive rezultate ve\u0107 nakon 6 nedelja.<\/li>\n<\/ul>\n<p><img loading=\"lazy\" decoding=\"async\" class=\"wp-image-80714 alignright\" src=\"https:\/\/activeluxe-cosmetics.com\/hr\/wp-content\/uploads\/2024\/01\/Group-393-8-460x589.jpg\" alt=\"\" width=\"387\" height=\"496\" srcset=\"https:\/\/activeluxe-cosmetics.com\/rs\/wp-content\/uploads\/2024\/01\/Group-393-8-460x589.jpg 460w, https:\/\/activeluxe-cosmetics.com\/rs\/wp-content\/uploads\/2024\/01\/Group-393-8.jpg 581w\" sizes=\"auto, (max-width: 387px) 100vw, 387px\" \/><\/p>\n<h2><strong>Spre\u010di opadanje kose<\/strong> na vreme!<\/h2>\n<p>Ako se bori\u0161 sa \u0107elavo\u0161\u0107u ili prekomernim opadanjem kose, <strong>Active Luxe Hair Tonik za rast kose<\/strong> idealno je re\u0161enje koje poma\u017ee i mu\u0161karcima i \u017eenama da postignu gu\u0161\u0107u, zdraviju i lep\u0161u kosu.<\/p>\n<p>Za optimalan rezultat Active Luxe Hair Tonika, koristi ga u kombinaciji s <strong>Active Luxe Hair \u0161amponom<\/strong> za suvo\/normalno ili masno vlasi\u0161te.<\/p>\n<p>Tonik ne masti kosu. Po\u010dni sa upotrebom \u010dim primeti\u0161 prore\u0111ivanje ili stanjivanje kose iznad \u010dela i na vrhu vlasi\u0161ta.<\/p>\n<p>Pri stalnoj, upotrebi bez pauze (najmanje 2 puta nedeljno) primijeti\u0107e\u0161:<\/p>\n<ul>\n<li>smanjeno opadanje kose,<\/li>\n<li>gu\u0161\u0107u, bujniju kosu,<\/li>\n<li>ja\u010di koren i nahranjeniju kosu.<\/li>\n<\/ul>\n<div style=\"display: flex; align-items: center; gap: 20px; flex-wrap: wrap;\">\n<p>&nbsp;<\/p>\n<\/div>\n<h3 style=\"clear: both; max-width: 820px;\"><span data-sheets-root=\"1\" data-sheets-value=\"{&quot;1&quot;:2,&quot;2&quot;:&quot;Pogodno za \u017eene i mu\u0161karce. Klini\u010dki je ispitan i prikladan za svakodnevnu uporabu.n&quot;}\" data-sheets-userformat=\"{&quot;2&quot;:769,&quot;3&quot;:{&quot;1&quot;:0},&quot;11&quot;:4,&quot;12&quot;:0}\" data-sheets-textstyleruns=\"{&quot;1&quot;:0}\uee10{&quot;1&quot;:28,&quot;2&quot;:{&quot;2&quot;:{&quot;1&quot;:2,&quot;2&quot;:16739585}}}\">\u00a0<\/span><\/h3>\n<div style=\"display: flex; align-items: center; gap: 20px; flex-wrap: wrap;\">\n<p style=\"max-width: 360px;\">\n<\/div>\n","protected":false},"excerpt":{"rendered":"<p>\u0160ampon protiv opadanja i br\u017ei rast kose. Vidljivi rezultati za samo 6 nedelja.<\/p>\n","protected":false},"featured_media":83933,"comment_status":"open","ping_status":"closed","template":"","meta":[],"product_brand":[],"product_cat":[53,54],"product_tag":[],"class_list":{"0":"post-83724","1":"product","2":"type-product","3":"status-publish","4":"has-post-thumbnail","6":"product_cat-kosa","7":"product_cat-samponi","9":"first","10":"instock","11":"taxable","12":"shipping-taxable","13":"purchasable","14":"product-type-variable"},"bundled_by":[],"bundle_stock_status":"instock","bundle_stock_quantity":null,"bundle_virtual":false,"bundle_layout":"","bundle_add_to_cart_form_location":"","bundle_editable_in_cart":false,"bundle_sold_individually_context":"","bundle_item_grouping":"","bundle_min_size":"","bundle_max_size":"","bundled_items":[],"acf":[],"yoast_head":"<!-- This site is optimized with the Yoast SEO plugin v26.5 - https:\/\/yoast.com\/wordpress\/plugins\/seo\/ -->\n<title>\u0160ampon protiv opadanja kose - Active Luxe Cosmetics<\/title>\n<meta name=\"description\" content=\"Najbolji \u0161ampon protiv opadanja kose Active Luxe Ponovni rast kose ve\u0107 za 6 nedelja \u2705 Ja\u010da aktivne folikule kose i stimuli\u0161e cirkulaciju temena.\" \/>\n<meta name=\"robots\" content=\"index, follow, max-snippet:-1, max-image-preview:large, max-video-preview:-1\" \/>\n<link rel=\"canonical\" href=\"https:\/\/activeluxe-cosmetics.com\/rs\/izdelek\/sampon-protiv-opadanja-kose\/\" \/>\n<meta property=\"og:locale\" content=\"hr_HR\" \/>\n<meta property=\"og:type\" content=\"article\" \/>\n<meta property=\"og:title\" content=\"\u0160ampon protiv opadanja kose - Active Luxe Cosmetics\" \/>\n<meta property=\"og:description\" content=\"Najbolji \u0161ampon protiv opadanja kose Active Luxe Ponovni rast kose ve\u0107 za 6 nedelja \u2705 Ja\u010da aktivne folikule kose i stimuli\u0161e cirkulaciju temena.\" \/>\n<meta property=\"og:url\" content=\"https:\/\/activeluxe-cosmetics.com\/rs\/izdelek\/sampon-protiv-opadanja-kose\/\" \/>\n<meta property=\"og:site_name\" content=\"Active Luxe Cosmetics\" \/>\n<meta property=\"article:modified_time\" content=\"2026-01-12T08:49:54+00:00\" \/>\n<meta property=\"og:image\" content=\"https:\/\/activeluxe-cosmetics.com\/rs\/wp-content\/uploads\/2024\/11\/36_ShampooNormal-1.jpg\" \/>\n\t<meta property=\"og:image:width\" content=\"1104\" \/>\n\t<meta property=\"og:image:height\" content=\"1326\" \/>\n\t<meta property=\"og:image:type\" content=\"image\/jpeg\" \/>\n<meta name=\"twitter:card\" content=\"summary_large_image\" \/>\n<meta name=\"twitter:label1\" content=\"Procijenjeno vrijeme \u010ditanja\" \/>\n\t<meta name=\"twitter:data1\" content=\"3 minute\" \/>\n<script type=\"application\/ld+json\" class=\"yoast-schema-graph\">{\"@context\":\"https:\/\/schema.org\",\"@graph\":[{\"@type\":\"WebPage\",\"@id\":\"https:\/\/activeluxe-cosmetics.com\/rs\/izdelek\/sampon-protiv-opadanja-kose\/\",\"url\":\"https:\/\/activeluxe-cosmetics.com\/rs\/izdelek\/sampon-protiv-opadanja-kose\/\",\"name\":\"\u0160ampon protiv opadanja kose - Active Luxe Cosmetics\",\"isPartOf\":{\"@id\":\"https:\/\/activeluxe-cosmetics.com\/rs\/#website\"},\"primaryImageOfPage\":{\"@id\":\"https:\/\/activeluxe-cosmetics.com\/rs\/izdelek\/sampon-protiv-opadanja-kose\/#primaryimage\"},\"image\":{\"@id\":\"https:\/\/activeluxe-cosmetics.com\/rs\/izdelek\/sampon-protiv-opadanja-kose\/#primaryimage\"},\"thumbnailUrl\":\"https:\/\/activeluxe-cosmetics.com\/rs\/wp-content\/uploads\/2024\/11\/36_ShampooNormal-1.jpg\",\"datePublished\":\"2024-11-05T14:41:09+00:00\",\"dateModified\":\"2026-01-12T08:49:54+00:00\",\"description\":\"Najbolji \u0161ampon protiv opadanja kose Active Luxe Ponovni rast kose ve\u0107 za 6 nedelja \u2705 Ja\u010da aktivne folikule kose i stimuli\u0161e cirkulaciju temena.\",\"breadcrumb\":{\"@id\":\"https:\/\/activeluxe-cosmetics.com\/rs\/izdelek\/sampon-protiv-opadanja-kose\/#breadcrumb\"},\"inLanguage\":\"hr\",\"potentialAction\":[{\"@type\":\"ReadAction\",\"target\":[\"https:\/\/activeluxe-cosmetics.com\/rs\/izdelek\/sampon-protiv-opadanja-kose\/\"]}]},{\"@type\":\"ImageObject\",\"inLanguage\":\"hr\",\"@id\":\"https:\/\/activeluxe-cosmetics.com\/rs\/izdelek\/sampon-protiv-opadanja-kose\/#primaryimage\",\"url\":\"https:\/\/activeluxe-cosmetics.com\/rs\/wp-content\/uploads\/2024\/11\/36_ShampooNormal-1.jpg\",\"contentUrl\":\"https:\/\/activeluxe-cosmetics.com\/rs\/wp-content\/uploads\/2024\/11\/36_ShampooNormal-1.jpg\",\"width\":1104,\"height\":1326},{\"@type\":\"BreadcrumbList\",\"@id\":\"https:\/\/activeluxe-cosmetics.com\/rs\/izdelek\/sampon-protiv-opadanja-kose\/#breadcrumb\",\"itemListElement\":[{\"@type\":\"ListItem\",\"position\":1,\"name\":\"Naslovnica\",\"item\":\"https:\/\/activeluxe-cosmetics.com\/rs\/\"},{\"@type\":\"ListItem\",\"position\":2,\"name\":\"Trgovina\",\"item\":\"https:\/\/activeluxe-cosmetics.com\/rs\/trgovina\/\"},{\"@type\":\"ListItem\",\"position\":3,\"name\":\"\u0160ampon za aktivni rast i protiv opadanja kose\"}]},{\"@type\":\"WebSite\",\"@id\":\"https:\/\/activeluxe-cosmetics.com\/rs\/#website\",\"url\":\"https:\/\/activeluxe-cosmetics.com\/rs\/\",\"name\":\"Active Luxe Cosmetics\",\"description\":\"\",\"potentialAction\":[{\"@type\":\"SearchAction\",\"target\":{\"@type\":\"EntryPoint\",\"urlTemplate\":\"https:\/\/activeluxe-cosmetics.com\/rs\/?s={search_term_string}\"},\"query-input\":{\"@type\":\"PropertyValueSpecification\",\"valueRequired\":true,\"valueName\":\"search_term_string\"}}],\"inLanguage\":\"hr\"}]}<\/script>\n<!-- \/ Yoast SEO plugin. -->","yoast_head_json":{"title":"\u0160ampon protiv opadanja kose - Active Luxe Cosmetics","description":"Najbolji \u0161ampon protiv opadanja kose Active Luxe Ponovni rast kose ve\u0107 za 6 nedelja \u2705 Ja\u010da aktivne folikule kose i stimuli\u0161e cirkulaciju temena.","robots":{"index":"index","follow":"follow","max-snippet":"max-snippet:-1","max-image-preview":"max-image-preview:large","max-video-preview":"max-video-preview:-1"},"canonical":"https:\/\/activeluxe-cosmetics.com\/rs\/izdelek\/sampon-protiv-opadanja-kose\/","og_locale":"hr_HR","og_type":"article","og_title":"\u0160ampon protiv opadanja kose - Active Luxe Cosmetics","og_description":"Najbolji \u0161ampon protiv opadanja kose Active Luxe Ponovni rast kose ve\u0107 za 6 nedelja \u2705 Ja\u010da aktivne folikule kose i stimuli\u0161e cirkulaciju temena.","og_url":"https:\/\/activeluxe-cosmetics.com\/rs\/izdelek\/sampon-protiv-opadanja-kose\/","og_site_name":"Active Luxe Cosmetics","article_modified_time":"2026-01-12T08:49:54+00:00","og_image":[{"width":1104,"height":1326,"url":"https:\/\/activeluxe-cosmetics.com\/rs\/wp-content\/uploads\/2024\/11\/36_ShampooNormal-1.jpg","type":"image\/jpeg"}],"twitter_card":"summary_large_image","twitter_misc":{"Procijenjeno vrijeme \u010ditanja":"3 minute"},"schema":{"@context":"https:\/\/schema.org","@graph":[{"@type":"WebPage","@id":"https:\/\/activeluxe-cosmetics.com\/rs\/izdelek\/sampon-protiv-opadanja-kose\/","url":"https:\/\/activeluxe-cosmetics.com\/rs\/izdelek\/sampon-protiv-opadanja-kose\/","name":"\u0160ampon protiv opadanja kose - Active Luxe Cosmetics","isPartOf":{"@id":"https:\/\/activeluxe-cosmetics.com\/rs\/#website"},"primaryImageOfPage":{"@id":"https:\/\/activeluxe-cosmetics.com\/rs\/izdelek\/sampon-protiv-opadanja-kose\/#primaryimage"},"image":{"@id":"https:\/\/activeluxe-cosmetics.com\/rs\/izdelek\/sampon-protiv-opadanja-kose\/#primaryimage"},"thumbnailUrl":"https:\/\/activeluxe-cosmetics.com\/rs\/wp-content\/uploads\/2024\/11\/36_ShampooNormal-1.jpg","datePublished":"2024-11-05T14:41:09+00:00","dateModified":"2026-01-12T08:49:54+00:00","description":"Najbolji \u0161ampon protiv opadanja kose Active Luxe Ponovni rast kose ve\u0107 za 6 nedelja \u2705 Ja\u010da aktivne folikule kose i stimuli\u0161e cirkulaciju temena.","breadcrumb":{"@id":"https:\/\/activeluxe-cosmetics.com\/rs\/izdelek\/sampon-protiv-opadanja-kose\/#breadcrumb"},"inLanguage":"hr","potentialAction":[{"@type":"ReadAction","target":["https:\/\/activeluxe-cosmetics.com\/rs\/izdelek\/sampon-protiv-opadanja-kose\/"]}]},{"@type":"ImageObject","inLanguage":"hr","@id":"https:\/\/activeluxe-cosmetics.com\/rs\/izdelek\/sampon-protiv-opadanja-kose\/#primaryimage","url":"https:\/\/activeluxe-cosmetics.com\/rs\/wp-content\/uploads\/2024\/11\/36_ShampooNormal-1.jpg","contentUrl":"https:\/\/activeluxe-cosmetics.com\/rs\/wp-content\/uploads\/2024\/11\/36_ShampooNormal-1.jpg","width":1104,"height":1326},{"@type":"BreadcrumbList","@id":"https:\/\/activeluxe-cosmetics.com\/rs\/izdelek\/sampon-protiv-opadanja-kose\/#breadcrumb","itemListElement":[{"@type":"ListItem","position":1,"name":"Naslovnica","item":"https:\/\/activeluxe-cosmetics.com\/rs\/"},{"@type":"ListItem","position":2,"name":"Trgovina","item":"https:\/\/activeluxe-cosmetics.com\/rs\/trgovina\/"},{"@type":"ListItem","position":3,"name":"\u0160ampon za aktivni rast i protiv opadanja kose"}]},{"@type":"WebSite","@id":"https:\/\/activeluxe-cosmetics.com\/rs\/#website","url":"https:\/\/activeluxe-cosmetics.com\/rs\/","name":"Active Luxe Cosmetics","description":"","potentialAction":[{"@type":"SearchAction","target":{"@type":"EntryPoint","urlTemplate":"https:\/\/activeluxe-cosmetics.com\/rs\/?s={search_term_string}"},"query-input":{"@type":"PropertyValueSpecification","valueRequired":true,"valueName":"search_term_string"}}],"inLanguage":"hr"}]}},"_links":{"self":[{"href":"https:\/\/activeluxe-cosmetics.com\/rs\/wp-json\/wp\/v2\/product\/83724","targetHints":{"allow":["GET"]}}],"collection":[{"href":"https:\/\/activeluxe-cosmetics.com\/rs\/wp-json\/wp\/v2\/product"}],"about":[{"href":"https:\/\/activeluxe-cosmetics.com\/rs\/wp-json\/wp\/v2\/types\/product"}],"replies":[{"embeddable":true,"href":"https:\/\/activeluxe-cosmetics.com\/rs\/wp-json\/wp\/v2\/comments?post=83724"}],"wp:featuredmedia":[{"embeddable":true,"href":"https:\/\/activeluxe-cosmetics.com\/rs\/wp-json\/wp\/v2\/media\/83933"}],"wp:attachment":[{"href":"https:\/\/activeluxe-cosmetics.com\/rs\/wp-json\/wp\/v2\/media?parent=83724"}],"wp:term":[{"taxonomy":"product_brand","embeddable":true,"href":"https:\/\/activeluxe-cosmetics.com\/rs\/wp-json\/wp\/v2\/product_brand?post=83724"},{"taxonomy":"product_cat","embeddable":true,"href":"https:\/\/activeluxe-cosmetics.com\/rs\/wp-json\/wp\/v2\/product_cat?post=83724"},{"taxonomy":"product_tag","embeddable":true,"href":"https:\/\/activeluxe-cosmetics.com\/rs\/wp-json\/wp\/v2\/product_tag?post=83724"}],"curies":[{"name":"wp","href":"https:\/\/api.w.org\/{rel}","templated":true}]}}